{"id":23168,"date":"2025-04-10T09:58:12","date_gmt":"2025-04-10T09:58:12","guid":{"rendered":"https:\/\/tajkertesz.com\/?post_type=product&#038;p=23168"},"modified":"2025-04-10T09:58:15","modified_gmt":"2025-04-10T09:58:15","slug":"weigela-florida-pink-princess-rozsalonc","status":"publish","type":"product","link":"https:\/\/tajkertesz.com\/en_US\/product\/weigela-florida-pink-princess-rozsalonc\/","title":{"rendered":"Weigela florida &#8216;Pink Princess&#8217; \u2013 R\u00f3zsalonc"},"content":{"rendered":"<h1>Weigela florida &#8216;Pink Princess&#8217; \u2013 R\u00f3zsalonc<\/h1>\n<p>A Weigela florida &#8216;Pink Princess&#8217; \u2013 R\u00f3zsalonc egy kompakt, gazdagon vir\u00e1gz\u00f3, r\u00f3zsasz\u00edn vir\u00e1g\u00fa r\u00f3zsalonc, ami k\u00f6nnyen gondozhat\u00f3, kisebb kertekbe vagy ak\u00e1r teraszra is j\u00f3 alternat\u00edva. Ha valami sz\u00e9p, sz\u00ednes, de nem t\u00fal nagy d\u00edszcserj\u00e9t keres\u00fcnk, ez t\u00f6k\u00e9letes v\u00e1laszt\u00e1s lehet.<\/p>\n<h2>Weigela florida &#8216;Pink Princess&#8217; jellemz\u0151i:<\/h2>\n<ul>\n<li class=\"\" data-start=\"350\" data-end=\"435\">\n<p class=\"\" data-start=\"352\" data-end=\"435\"><strong data-start=\"352\" data-end=\"364\">Magass\u00e1g<\/strong>: kb. <strong data-start=\"370\" data-end=\"385\">1\u20131,5 m\u00e9ter<\/strong> \u2013 teh\u00e1t alacsonyabb, mint sok m\u00e1s r\u00f3zsalonc fajta<\/p>\n<\/li>\n<li class=\"\" data-start=\"436\" data-end=\"481\">\n<p class=\"\" data-start=\"438\" data-end=\"481\"><strong data-start=\"438\" data-end=\"451\">Sz\u00e9less\u00e9g<\/strong>: hasonl\u00f3, kb. <strong data-start=\"466\" data-end=\"481\">1\u20131,2 m\u00e9ter<\/strong><\/p>\n<\/li>\n<li class=\"\" data-start=\"482\" data-end=\"538\">\n<p class=\"\" data-start=\"484\" data-end=\"538\"><strong data-start=\"484\" data-end=\"493\">Forma<\/strong>: sz\u00e9p, kompakt bokrosod\u00e1s\u00fa, s\u0171r\u0171 \u00e1grendszer\u0171<\/p>\n<\/li>\n<li class=\"\" data-start=\"539\" data-end=\"611\">\n<p class=\"\" data-start=\"541\" data-end=\"611\"><strong data-start=\"541\" data-end=\"554\">N\u00f6veked\u00e9s<\/strong>: lassabb vagy k\u00f6zepes n\u00f6veked\u00e9s\u0171 \u2013 j\u00f3l kord\u00e1ban tarthat\u00f3<\/p>\n<\/li>\n<li class=\"\" data-start=\"639\" data-end=\"721\">\n<p class=\"\" data-start=\"641\" data-end=\"721\"><strong data-start=\"641\" data-end=\"656\">Vir\u00e1g sz\u00edne<\/strong>: <strong data-start=\"658\" data-end=\"689\">vil\u00e1gos vagy k\u00f6z\u00e9pr\u00f3zsasz\u00edn<\/strong>, cs\u0151 alak\u00fa, harangszer\u0171 vir\u00e1gok<\/p>\n<\/li>\n<li class=\"\" data-start=\"722\" data-end=\"812\">\n<p class=\"\" data-start=\"724\" data-end=\"812\"><strong data-start=\"724\" data-end=\"742\">Vir\u00e1gz\u00e1s ideje<\/strong>: <strong data-start=\"744\" data-end=\"760\">m\u00e1jus\u2013j\u00fanius<\/strong>, gyakran \u00fajravir\u00e1gzik augusztus v\u00e9g\u00e9n\u2013szeptemberben<\/p>\n<\/li>\n<li class=\"\" data-start=\"813\" data-end=\"900\">\n<p class=\"\" data-start=\"815\" data-end=\"900\"><strong data-start=\"815\" data-end=\"837\">Vir\u00e1gelhelyezked\u00e9s<\/strong>: a hajt\u00e1sok v\u00e9g\u00e9n csoportosan, nagyon l\u00e1tv\u00e1nyosan jelennek meg<\/p>\n<\/li>\n<li class=\"\" data-start=\"901\" data-end=\"963\">\n<p class=\"\" data-start=\"903\" data-end=\"963\"><strong data-start=\"903\" data-end=\"915\">Bevonzza<\/strong>: m\u00e9heket, lepk\u00e9ket \u2013 kiv\u00e1l\u00f3 beporz\u00f3bar\u00e1t n\u00f6v\u00e9ny<\/p>\n<\/li>\n<\/ul>\n<p>&nbsp;<\/p>\n<h3>A r\u00f3zsalonc gondoz\u00e1sa:<\/h3>\n<ul data-start=\"1199\" data-end=\"1485\">\n<li class=\"\" data-start=\"1199\" data-end=\"1286\">\n<p class=\"\" data-start=\"1201\" data-end=\"1286\"><strong data-start=\"1201\" data-end=\"1214\">F\u00e9nyig\u00e9ny<\/strong>: <strong data-start=\"1216\" data-end=\"1259\">napos helyen vir\u00e1gzik a legszebben<\/strong>, de f\u00e9l\u00e1rny\u00e9kot is elvisel, ebben az esetben sz\u00e1m\u00edtani kell a kevesebb vir\u00e1gra.<\/p>\n<\/li>\n<li class=\"\" data-start=\"1287\" data-end=\"1355\">\n<p class=\"\" data-start=\"1289\" data-end=\"1355\"><strong data-start=\"1289\" data-end=\"1303\">Talajig\u00e9ny<\/strong>:Laza szerkezet\u0171, j\u00f3 v\u00edz\u00e1tereszt\u0151 k\u00e9pess\u00e9g\u0171, t\u00e1panyagban- \u00e9s humuszban gazdag, enyh\u00e9n savany\u00fa, vagy semleges talaj ide\u00e1lis a sz\u00e1m\u00e1ra<\/p>\n<\/li>\n<li class=\"\" data-start=\"1356\" data-end=\"1412\">\n<p class=\"\" data-start=\"1358\" data-end=\"1412\"><strong data-start=\"1358\" data-end=\"1370\">V\u00edzig\u00e9ny<\/strong>: V\u00edzig\u00e9nye nagy, rendszeres \u00f6nt\u00f6z\u00e9s mellett fejl\u0151dik megfelel\u0151en.<\/p>\n<\/li>\n<li class=\"\" data-start=\"1413\" data-end=\"1485\">\n<p class=\"\" data-start=\"1415\" data-end=\"1485\"><strong data-start=\"1415\" data-end=\"1429\">T\u00e9l\u00e1ll\u00f3s\u00e1g<\/strong>: j\u00f3l t\u0171ri a telet, <strong data-start=\"1449\" data-end=\"1470\">teljesen fagyt\u0171r\u0151<\/strong> Magyarorsz\u00e1gon<\/p>\n<\/li>\n<\/ul>\n<p>&nbsp;<\/p>\n<p><b>K\u00e9szlet\u00fcnk napi szinten v\u00e1ltozik, ez\u00e9rt k\u00e9rj\u00fck, \u00e9rdekl\u0151dj\u00f6n szem\u00e9lyesen, telefonon vagy email-en.<br \/>\nA v\u00e1ltoztat\u00e1s jog\u00e1t fenntartjuk!<\/b><b>\u00a0<\/b><\/p>\n<p><a href=\"https:\/\/tajkertesz.com\/\">https:\/\/tajkertesz.com\/<\/a><\/p>\n<p><a href=\"https:\/\/www.facebook.com\/tajkertesz\/\">https:\/\/www.facebook.com\/tajkertesz\/<\/a><\/p>\n<p>Kisz\u00e1ll\u00edt\u00e1s: 200cm-ig \u00e9s 40 kg-ig a sz\u00e1ll\u00edt\u00e1s fut\u00e1rszolg\u00e1lattal t\u00f6rt\u00e9nik.<\/p>\n<p>Szem\u00e9lyes \u00e1tv\u00e9tel nyitvatart\u00e1si id\u0151ben a 17. ker\u00fclet Bakancsos utca 7. sz\u00e1m alatti Kert\u00e9szeti \u00e1rud\u00e1nkban.<\/p>\n<p>Kert\u00e9p\u00edt\u0151k \u00e9s viszontelad\u00f3k regisztr\u00e1l\u00e1s ut\u00e1n egyedi kedvezm\u00e9nnyel v\u00e1s\u00e1rolhatnak kert\u00e9szeti kis-\u00e9s nagykeresked\u00e9s\u00fcnkben.<\/p>\n<p><strong>Az \u00e1rak egy darab term\u00e9kre vonatkoznak.<\/strong><\/p>\n<p><strong>J\u00f3 tudni!<\/strong><\/p>\n<p>K\u00e9pek-elt\u00e9r\u00e9sek:<\/p>\n<p>A n\u00f6v\u00e9nyekr\u0151l felt\u00f6lt\u00f6tt k\u00e9pek illusztr\u00e1ci\u00f3k. N\u00f6v\u00e9nyekn\u00e9l el\u0151fordulhatnak minim\u00e1lis elt\u00e9r\u00e9sek a k\u00e9peken szerepl\u0151 n\u00f6v\u00e9nyek \u00e9s az \u00e1tvett n\u00f6v\u00e9nyek k\u00f6z\u00f6tt, mivel minden n\u00f6v\u00e9ny egyedi.<\/p>\n<h4>N\u00f6v\u00e9nyek sz\u00e1ll\u00edt\u00e1sa:<\/h4>\n<p>A megrendelt n\u00f6v\u00e9nyeket igyeksz\u00fcnk a lehet\u0151 legbiztons\u00e1gosabban egyes\u00e9vel csomagolni, azonban a sz\u00e1ll\u00edt\u00e1s sor\u00e1n m\u00e9g ennek ellen\u00e9re is\u00a0bek\u00f6vetkezhetnek apr\u00f3bb s\u00e9r\u00fcl\u00e9sek (lev\u00e9l- vagy vir\u00e1ghull\u00e1s).<br \/>\nN\u00f6v\u00e9ny rendel\u00e9s eset\u00e9n k\u00e9rj\u00fck a k\u00e9zbes\u00edt\u00e9st k\u00f6vet\u0151en a lehet\u0151 leghamarabb bonts\u00e1k ki a csomagot.<\/p>\n<p>Abban az esetben, ha a megrendelt n\u00f6v\u00e9ny\u00a0a sz\u00e1ll\u00edt\u00e1st k\u00f6vet\u0151en\u00a0nem megfelel\u0151 gondoz\u00e1sban r\u00e9szes\u00fcl \u00e9s ebb\u0151l kifoly\u00f3lag\u00a0k\u00e1rosodik,\u00a0elpusztul, felel\u0151ss\u00e9get sajnos nem tudunk v\u00e1llalni.<\/p>\n<p>V\u00e1s\u00e1rl\u00e1st\u00f3l val\u00f3 el\u00e1ll\u00e1s \u00e9l\u0151 n\u00f6v\u00e9ny v\u00e1s\u00e1rl\u00e1sa eset\u00e9n:<\/p>\n<p>Az \u00e1ltal\u00e1nos 14 napos el\u00e1ll\u00e1s lehet\u0151s\u00e9ge \u00e9l\u0151 n\u00f6v\u00e9nyekre nem vonatkozik. V\u00e1s\u00e1rl\u00e1st\u00f3l val\u00f3 el\u00e1ll\u00e1sra, visszak\u00fcld\u00e9sre nincs lehet\u0151s\u00e9g.\u00a0(17\/1999. (II. 5.) Korm. rendelet 5c pontja)<\/p>\n<p><strong>K\u00e9rj\u00fck fentiek figyelembev\u00e9tel\u00e9t n\u00f6v\u00e9ny rendel\u00e9se sor\u00e1n!<\/strong><\/p>","protected":false},"excerpt":{"rendered":"<p>A n\u00f6v\u00e9ny m\u00e9rete: 30\/40 cm magas, 3 literes kont\u00e9nerben.<\/p>","protected":false},"featured_media":23169,"template":"","meta":{"_et_pb_use_builder":"","_et_pb_old_content":"","_et_gb_content_width":""},"product_brand":[],"product_cat":[27],"product_tag":[73,427,1428,694,5781],"class_list":{"0":"post-23168","1":"product","2":"type-product","3":"status-publish","4":"has-post-thumbnail","6":"product_cat-cserjek","7":"product_tag-cserje","8":"product_tag-rozsalonc","9":"product_tag-viragzo","10":"product_tag-weigela","11":"product_tag-weigela-florida-pink-princess","13":"first","14":"instock","15":"shipping-taxable","16":"purchasable","17":"product-type-simple"},"yoast_head":"<!-- This site is optimized with the Yoast SEO plugin v27.4 - https:\/\/yoast.com\/product\/yoast-seo-wordpress\/ -->\n<title>Weigela florida &#039;Pink Princess&#039; \u2013 R\u00f3zsalonc - T\u00e1jkert\u00e9sz<\/title>\n<meta name=\"description\" content=\"A Weigela florida &#039;Pink Princess&#039; \u2013 R\u00f3zsalonc egy kompakt, gazdagon vir\u00e1gz\u00f3, r\u00f3zsasz\u00edn vir\u00e1g\u00fa r\u00f3zsalonc, ami k\u00f6nnyen gondozhat\u00f3\" \/>\n<meta name=\"robots\" content=\"index, follow, max-snippet:-1, max-image-preview:large, max-video-preview:-1\" \/>\n<link rel=\"canonical\" href=\"https:\/\/tajkertesz.com\/en_US\/product\/weigela-florida-pink-princess-rozsalonc\/\" \/>\n<meta property=\"og:locale\" content=\"en_US\" \/>\n<meta property=\"og:type\" content=\"article\" \/>\n<meta property=\"og:title\" content=\"Weigela florida &#039;Pink Princess&#039; \u2013 R\u00f3zsalonc - T\u00e1jkert\u00e9sz\" \/>\n<meta property=\"og:description\" content=\"A Weigela florida &#039;Pink Princess&#039; \u2013 R\u00f3zsalonc egy kompakt, gazdagon vir\u00e1gz\u00f3, r\u00f3zsasz\u00edn vir\u00e1g\u00fa r\u00f3zsalonc, ami k\u00f6nnyen gondozhat\u00f3\" \/>\n<meta property=\"og:url\" content=\"https:\/\/tajkertesz.com\/en_US\/product\/weigela-florida-pink-princess-rozsalonc\/\" \/>\n<meta property=\"og:site_name\" content=\"T\u00e1jkert\u00e9sz\" \/>\n<meta property=\"article:publisher\" content=\"https:\/\/www.facebook.com\/Tajkertesz\/\" \/>\n<meta property=\"article:modified_time\" content=\"2025-04-10T09:58:15+00:00\" \/>\n<meta property=\"og:image\" content=\"https:\/\/tajkertesz.com\/wp-content\/uploads\/2025\/04\/weigela-florida-Pink-Princess-1.jpg\" \/>\n\t<meta property=\"og:image:width\" content=\"800\" \/>\n\t<meta property=\"og:image:height\" content=\"532\" \/>\n\t<meta property=\"og:image:type\" content=\"image\/jpeg\" \/>\n<meta name=\"twitter:card\" content=\"summary_large_image\" \/>\n<meta name=\"twitter:label1\" content=\"Est. reading time\" \/>\n\t<meta name=\"twitter:data1\" content=\"3 minutes\" \/>\n<script type=\"application\/ld+json\" class=\"yoast-schema-graph\">{\"@context\":\"https:\\\/\\\/schema.org\",\"@graph\":[{\"@type\":\"WebPage\",\"@id\":\"https:\\\/\\\/tajkertesz.com\\\/termek\\\/weigela-florida-pink-princess-rozsalonc\\\/\",\"url\":\"https:\\\/\\\/tajkertesz.com\\\/termek\\\/weigela-florida-pink-princess-rozsalonc\\\/\",\"name\":\"Weigela florida 'Pink Princess' \u2013 R\u00f3zsalonc - T\u00e1jkert\u00e9sz\",\"isPartOf\":{\"@id\":\"https:\\\/\\\/tajkertesz.com\\\/#website\"},\"primaryImageOfPage\":{\"@id\":\"https:\\\/\\\/tajkertesz.com\\\/termek\\\/weigela-florida-pink-princess-rozsalonc\\\/#primaryimage\"},\"image\":{\"@id\":\"https:\\\/\\\/tajkertesz.com\\\/termek\\\/weigela-florida-pink-princess-rozsalonc\\\/#primaryimage\"},\"thumbnailUrl\":\"https:\\\/\\\/tajkertesz.com\\\/wp-content\\\/uploads\\\/2025\\\/04\\\/weigela-florida-Pink-Princess-1.jpg\",\"datePublished\":\"2025-04-10T09:58:12+00:00\",\"dateModified\":\"2025-04-10T09:58:15+00:00\",\"description\":\"A Weigela florida 'Pink Princess' \u2013 R\u00f3zsalonc egy kompakt, gazdagon vir\u00e1gz\u00f3, r\u00f3zsasz\u00edn vir\u00e1g\u00fa r\u00f3zsalonc, ami k\u00f6nnyen gondozhat\u00f3\",\"breadcrumb\":{\"@id\":\"https:\\\/\\\/tajkertesz.com\\\/termek\\\/weigela-florida-pink-princess-rozsalonc\\\/#breadcrumb\"},\"inLanguage\":\"en-US\",\"potentialAction\":[{\"@type\":\"ReadAction\",\"target\":[\"https:\\\/\\\/tajkertesz.com\\\/termek\\\/weigela-florida-pink-princess-rozsalonc\\\/\"]}]},{\"@type\":\"ImageObject\",\"inLanguage\":\"en-US\",\"@id\":\"https:\\\/\\\/tajkertesz.com\\\/termek\\\/weigela-florida-pink-princess-rozsalonc\\\/#primaryimage\",\"url\":\"https:\\\/\\\/tajkertesz.com\\\/wp-content\\\/uploads\\\/2025\\\/04\\\/weigela-florida-Pink-Princess-1.jpg\",\"contentUrl\":\"https:\\\/\\\/tajkertesz.com\\\/wp-content\\\/uploads\\\/2025\\\/04\\\/weigela-florida-Pink-Princess-1.jpg\",\"width\":800,\"height\":532,\"caption\":\"Weigela florida 'Pink Princess' \u2013 R\u00f3zsalonc\"},{\"@type\":\"BreadcrumbList\",\"@id\":\"https:\\\/\\\/tajkertesz.com\\\/termek\\\/weigela-florida-pink-princess-rozsalonc\\\/#breadcrumb\",\"itemListElement\":[{\"@type\":\"ListItem\",\"position\":1,\"name\":\"Home\",\"item\":\"https:\\\/\\\/tajkertesz.com\\\/\"},{\"@type\":\"ListItem\",\"position\":2,\"name\":\"Kezd\u0151lap\",\"item\":\"https:\\\/\\\/tajkertesz.com\\\/\"},{\"@type\":\"ListItem\",\"position\":3,\"name\":\"Weigela florida &#8216;Pink Princess&#8217; \u2013 R\u00f3zsalonc\"}]},{\"@type\":\"WebSite\",\"@id\":\"https:\\\/\\\/tajkertesz.com\\\/#website\",\"url\":\"https:\\\/\\\/tajkertesz.com\\\/\",\"name\":\"T\u00e1j-Kert\u00e9sz 84 Kft.\",\"description\":\"Kert\u00e9szeti kis- \u00e9s nagykeresked\u00e9s, D\u00edszn\u00f6v\u00e9ny web\u00e1ruh\u00e1z orsz\u00e1gos h\u00e1zhozsz\u00e1ll\u00edt\u00e1ssal!\",\"publisher\":{\"@id\":\"https:\\\/\\\/tajkertesz.com\\\/#organization\"},\"potentialAction\":[{\"@type\":\"SearchAction\",\"target\":{\"@type\":\"EntryPoint\",\"urlTemplate\":\"https:\\\/\\\/tajkertesz.com\\\/?s={search_term_string}\"},\"query-input\":{\"@type\":\"PropertyValueSpecification\",\"valueRequired\":true,\"valueName\":\"search_term_string\"}}],\"inLanguage\":\"en-US\"},{\"@type\":\"Organization\",\"@id\":\"https:\\\/\\\/tajkertesz.com\\\/#organization\",\"name\":\"T\u00e1j-Kert\u00e9sz 84 Kft.\",\"url\":\"https:\\\/\\\/tajkertesz.com\\\/\",\"logo\":{\"@type\":\"ImageObject\",\"inLanguage\":\"en-US\",\"@id\":\"https:\\\/\\\/tajkertesz.com\\\/#\\\/schema\\\/logo\\\/image\\\/\",\"url\":\"https:\\\/\\\/tajkertesz.com\\\/wp-content\\\/uploads\\\/2018\\\/02\\\/logo-2-e1518678052539.png\",\"contentUrl\":\"https:\\\/\\\/tajkertesz.com\\\/wp-content\\\/uploads\\\/2018\\\/02\\\/logo-2-e1518678052539.png\",\"width\":81,\"height\":140,\"caption\":\"T\u00e1j-Kert\u00e9sz 84 Kft.\"},\"image\":{\"@id\":\"https:\\\/\\\/tajkertesz.com\\\/#\\\/schema\\\/logo\\\/image\\\/\"},\"sameAs\":[\"https:\\\/\\\/www.facebook.com\\\/Tajkertesz\\\/\"]}]}<\/script>\n<!-- \/ Yoast SEO plugin. -->","yoast_head_json":{"title":"Weigela florida 'Pink Princess' \u2013 R\u00f3zsalonc - T\u00e1jkert\u00e9sz","description":"A Weigela florida 'Pink Princess' \u2013 R\u00f3zsalonc egy kompakt, gazdagon vir\u00e1gz\u00f3, r\u00f3zsasz\u00edn vir\u00e1g\u00fa r\u00f3zsalonc, ami k\u00f6nnyen gondozhat\u00f3","robots":{"index":"index","follow":"follow","max-snippet":"max-snippet:-1","max-image-preview":"max-image-preview:large","max-video-preview":"max-video-preview:-1"},"canonical":"https:\/\/tajkertesz.com\/en_US\/product\/weigela-florida-pink-princess-rozsalonc\/","og_locale":"en_US","og_type":"article","og_title":"Weigela florida 'Pink Princess' \u2013 R\u00f3zsalonc - T\u00e1jkert\u00e9sz","og_description":"A Weigela florida 'Pink Princess' \u2013 R\u00f3zsalonc egy kompakt, gazdagon vir\u00e1gz\u00f3, r\u00f3zsasz\u00edn vir\u00e1g\u00fa r\u00f3zsalonc, ami k\u00f6nnyen gondozhat\u00f3","og_url":"https:\/\/tajkertesz.com\/en_US\/product\/weigela-florida-pink-princess-rozsalonc\/","og_site_name":"T\u00e1jkert\u00e9sz","article_publisher":"https:\/\/www.facebook.com\/Tajkertesz\/","article_modified_time":"2025-04-10T09:58:15+00:00","og_image":[{"width":800,"height":532,"url":"https:\/\/tajkertesz.com\/wp-content\/uploads\/2025\/04\/weigela-florida-Pink-Princess-1.jpg","type":"image\/jpeg"}],"twitter_card":"summary_large_image","twitter_misc":{"Est. reading time":"3 minutes"},"schema":{"@context":"https:\/\/schema.org","@graph":[{"@type":"WebPage","@id":"https:\/\/tajkertesz.com\/termek\/weigela-florida-pink-princess-rozsalonc\/","url":"https:\/\/tajkertesz.com\/termek\/weigela-florida-pink-princess-rozsalonc\/","name":"Weigela florida 'Pink Princess' \u2013 R\u00f3zsalonc - T\u00e1jkert\u00e9sz","isPartOf":{"@id":"https:\/\/tajkertesz.com\/#website"},"primaryImageOfPage":{"@id":"https:\/\/tajkertesz.com\/termek\/weigela-florida-pink-princess-rozsalonc\/#primaryimage"},"image":{"@id":"https:\/\/tajkertesz.com\/termek\/weigela-florida-pink-princess-rozsalonc\/#primaryimage"},"thumbnailUrl":"https:\/\/tajkertesz.com\/wp-content\/uploads\/2025\/04\/weigela-florida-Pink-Princess-1.jpg","datePublished":"2025-04-10T09:58:12+00:00","dateModified":"2025-04-10T09:58:15+00:00","description":"A Weigela florida 'Pink Princess' \u2013 R\u00f3zsalonc egy kompakt, gazdagon vir\u00e1gz\u00f3, r\u00f3zsasz\u00edn vir\u00e1g\u00fa r\u00f3zsalonc, ami k\u00f6nnyen gondozhat\u00f3","breadcrumb":{"@id":"https:\/\/tajkertesz.com\/termek\/weigela-florida-pink-princess-rozsalonc\/#breadcrumb"},"inLanguage":"en-US","potentialAction":[{"@type":"ReadAction","target":["https:\/\/tajkertesz.com\/termek\/weigela-florida-pink-princess-rozsalonc\/"]}]},{"@type":"ImageObject","inLanguage":"en-US","@id":"https:\/\/tajkertesz.com\/termek\/weigela-florida-pink-princess-rozsalonc\/#primaryimage","url":"https:\/\/tajkertesz.com\/wp-content\/uploads\/2025\/04\/weigela-florida-Pink-Princess-1.jpg","contentUrl":"https:\/\/tajkertesz.com\/wp-content\/uploads\/2025\/04\/weigela-florida-Pink-Princess-1.jpg","width":800,"height":532,"caption":"Weigela florida 'Pink Princess' \u2013 R\u00f3zsalonc"},{"@type":"BreadcrumbList","@id":"https:\/\/tajkertesz.com\/termek\/weigela-florida-pink-princess-rozsalonc\/#breadcrumb","itemListElement":[{"@type":"ListItem","position":1,"name":"Home","item":"https:\/\/tajkertesz.com\/"},{"@type":"ListItem","position":2,"name":"Kezd\u0151lap","item":"https:\/\/tajkertesz.com\/"},{"@type":"ListItem","position":3,"name":"Weigela florida &#8216;Pink Princess&#8217; \u2013 R\u00f3zsalonc"}]},{"@type":"WebSite","@id":"https:\/\/tajkertesz.com\/#website","url":"https:\/\/tajkertesz.com\/","name":"T\u00e1j-Kert\u00e9sz 84 Kft.","description":"Kert\u00e9szeti kis- \u00e9s nagykeresked\u00e9s, D\u00edszn\u00f6v\u00e9ny web\u00e1ruh\u00e1z orsz\u00e1gos h\u00e1zhozsz\u00e1ll\u00edt\u00e1ssal!","publisher":{"@id":"https:\/\/tajkertesz.com\/#organization"},"potentialAction":[{"@type":"SearchAction","target":{"@type":"EntryPoint","urlTemplate":"https:\/\/tajkertesz.com\/?s={search_term_string}"},"query-input":{"@type":"PropertyValueSpecification","valueRequired":true,"valueName":"search_term_string"}}],"inLanguage":"en-US"},{"@type":"Organization","@id":"https:\/\/tajkertesz.com\/#organization","name":"T\u00e1j-Kert\u00e9sz 84 Kft.","url":"https:\/\/tajkertesz.com\/","logo":{"@type":"ImageObject","inLanguage":"en-US","@id":"https:\/\/tajkertesz.com\/#\/schema\/logo\/image\/","url":"https:\/\/tajkertesz.com\/wp-content\/uploads\/2018\/02\/logo-2-e1518678052539.png","contentUrl":"https:\/\/tajkertesz.com\/wp-content\/uploads\/2018\/02\/logo-2-e1518678052539.png","width":81,"height":140,"caption":"T\u00e1j-Kert\u00e9sz 84 Kft."},"image":{"@id":"https:\/\/tajkertesz.com\/#\/schema\/logo\/image\/"},"sameAs":["https:\/\/www.facebook.com\/Tajkertesz\/"]}]}},"_links":{"self":[{"href":"https:\/\/tajkertesz.com\/en_US\/wp-json\/wp\/v2\/product\/23168","targetHints":{"allow":["GET"]}}],"collection":[{"href":"https:\/\/tajkertesz.com\/en_US\/wp-json\/wp\/v2\/product"}],"about":[{"href":"https:\/\/tajkertesz.com\/en_US\/wp-json\/wp\/v2\/types\/product"}],"wp:featuredmedia":[{"embeddable":true,"href":"https:\/\/tajkertesz.com\/en_US\/wp-json\/wp\/v2\/media\/23169"}],"wp:attachment":[{"href":"https:\/\/tajkertesz.com\/en_US\/wp-json\/wp\/v2\/media?parent=23168"}],"wp:term":[{"taxonomy":"product_brand","embeddable":true,"href":"https:\/\/tajkertesz.com\/en_US\/wp-json\/wp\/v2\/product_brand?post=23168"},{"taxonomy":"product_cat","embeddable":true,"href":"https:\/\/tajkertesz.com\/en_US\/wp-json\/wp\/v2\/product_cat?post=23168"},{"taxonomy":"product_tag","embeddable":true,"href":"https:\/\/tajkertesz.com\/en_US\/wp-json\/wp\/v2\/product_tag?post=23168"}],"curies":[{"name":"wp","href":"https:\/\/api.w.org\/{rel}","templated":true}]}}