{"id":23171,"date":"2025-04-10T13:09:43","date_gmt":"2025-04-10T13:09:43","guid":{"rendered":"https:\/\/tajkertesz.com\/?post_type=product&#038;p=23171"},"modified":"2026-02-21T07:41:38","modified_gmt":"2026-02-21T07:41:38","slug":"vinca-major-nagy-meteng","status":"publish","type":"product","link":"https:\/\/tajkertesz.com\/en_US\/product\/vinca-major-nagy-meteng\/","title":{"rendered":"Vinca major &#8211; Nagy met\u00e9ng"},"content":{"rendered":"<h1>Vinca major &#8211; Nagy met\u00e9ng<\/h1>\n<p>A Vinca major &#8211; nagy met\u00e9ng egy strapab\u00edr\u00f3, gyorsan terjed\u0151 talajtakar\u00f3 n\u00f6v\u00e9ny, amely kiv\u00e1l\u00f3an alkalmas \u00e1rny\u00e9kos vagy f\u00e9l\u00e1rny\u00e9kos helyek be\u00fcltet\u00e9s\u00e9re. Sokoldal\u00fa, kev\u00e9s gondoz\u00e1st ig\u00e9nyel, \u00e9s k\u00f6zben sz\u00e9p lila vir\u00e1gokkal d\u00edsz\u00edt.<\/p>\n<h2>Vinca major jellemz\u0151i:<\/h2>\n<ul>\n<li class=\"\" data-start=\"322\" data-end=\"423\">\n<p class=\"\" data-start=\"324\" data-end=\"423\"><strong data-start=\"324\" data-end=\"333\">T\u00edpus<\/strong>: \u00f6r\u00f6kz\u00f6ld, talajtakar\u00f3 \u00e9vel\u0151 (enyhe teleken val\u00f3ban z\u00f6ld marad),<\/p>\n<\/li>\n<li class=\"\" data-start=\"424\" data-end=\"456\">\n<p class=\"\" data-start=\"426\" data-end=\"456\"><strong data-start=\"426\" data-end=\"438\">Magass\u00e1ga <\/strong>\u00a0kb. <strong data-start=\"444\" data-end=\"456\">20\u201330 cm<\/strong><\/p>\n<\/li>\n<li class=\"\" data-start=\"457\" data-end=\"572\">\n<p class=\"\" data-start=\"459\" data-end=\"572\"><strong data-start=\"459\" data-end=\"471\">Terjed\u00e9s<\/strong>: k\u00fasz\u00f3 hajt\u00e1saival <strong data-start=\"491\" data-end=\"509\">gyorsan terjed<\/strong>, ak\u00e1r 1-2 m\u00e9terre is elny\u00falhat, legy\u00f6kerezik a hajt\u00e1scsom\u00f3kn\u00e1l<\/p>\n<\/li>\n<li class=\"\" data-start=\"573\" data-end=\"678\">\n<p class=\"\" data-start=\"575\" data-end=\"678\"><strong data-start=\"575\" data-end=\"588\">N\u00f6veked\u00e9s<\/strong>: <strong data-start=\"590\" data-end=\"606\">nagyon gyors<\/strong> \u2013 ez\u00e9rt kiv\u00e1l\u00f3 talajtakar\u00f3, de figyelni kell, mert <strong data-start=\"658\" data-end=\"669\">invaz\u00edv<\/strong> is lehet<\/p>\n<\/li>\n<li class=\"\" data-start=\"706\" data-end=\"796\">\n<p class=\"\" data-start=\"708\" data-end=\"796\"><b>Vir\u00e1ga<\/b> leggyakrabban <strong data-start=\"739\" data-end=\"763\">ibolya-k\u00e9k vagy lila \u00f6t szirm\u00fa, csillag alak\u00fa<\/strong><\/p>\n<\/li>\n<\/ul>\n<h3>Nagy met\u00e9ng gondoz\u00e1sa<\/h3>\n<ul data-start=\"1185\" data-end=\"1531\">\n<li class=\"\" data-start=\"1185\" data-end=\"1291\">\n<p class=\"\" data-start=\"1187\" data-end=\"1291\"><strong data-start=\"1187\" data-end=\"1200\">F\u00e9nyig\u00e9ny<\/strong>: <strong data-start=\"1202\" data-end=\"1222\">f\u00e9l\u00e1rny\u00e9k\u2013\u00e1rny\u00e9k<\/strong> az ide\u00e1lis, de elviseli a napot is (viszont ott jobban kell \u00f6nt\u00f6zni)<\/p>\n<\/li>\n<li class=\"\" data-start=\"1292\" data-end=\"1363\">\n<p class=\"\" data-start=\"1294\" data-end=\"1363\"><strong data-start=\"1294\" data-end=\"1303\">Talaj<\/strong>: humuszos, j\u00f3 v\u00edz\u00e1tereszt\u0151, de nem t\u00fal sz\u00e1raz talajt kedvel<\/p>\n<\/li>\n<li class=\"\" data-start=\"1364\" data-end=\"1433\">\n<p class=\"\" data-start=\"1366\" data-end=\"1433\"><strong data-start=\"1366\" data-end=\"1378\">V\u00edzig\u00e9ny<\/strong>: m\u00e9rs\u00e9kelt \u2013 sz\u00e1razs\u00e1gt\u0171r\u0151, ha m\u00e1r j\u00f3l begy\u00f6keresedett<\/p>\n<\/li>\n<li class=\"\" data-start=\"1434\" data-end=\"1531\">\n<p class=\"\" data-start=\"1436\" data-end=\"1531\"><strong data-start=\"1436\" data-end=\"1450\">T\u00e9l\u00e1ll\u00f3s\u00e1g<\/strong>: <strong data-start=\"1452\" data-end=\"1478\">t\u00e9l\u00e1ll\u00f3 Magyarorsz\u00e1gon<\/strong>, de kem\u00e9ny fagyok eset\u00e9n a hajt\u00e1sok visszafagyhatnak<\/p>\n<\/li>\n<\/ul>\n<p>&nbsp;<\/p>\n<p><b>K\u00e9szlet\u00fcnk napi szinten v\u00e1ltozik, ez\u00e9rt k\u00e9rj\u00fck, \u00e9rdekl\u0151dj\u00f6n szem\u00e9lyesen, telefonon vagy email-en.<br \/>\nA v\u00e1ltoztat\u00e1s jog\u00e1t fenntartjuk!<\/b><b>\u00a0<\/b><\/p>\n<p><a href=\"https:\/\/tajkertesz.com\/\">https:\/\/tajkertesz.com\/<\/a><\/p>\n<p><a href=\"https:\/\/www.facebook.com\/tajkertesz\/\">https:\/\/www.facebook.com\/tajkertesz\/<\/a><\/p>\n<p>Kisz\u00e1ll\u00edt\u00e1s: 200cm-ig \u00e9s 40 kg-ig a sz\u00e1ll\u00edt\u00e1s fut\u00e1rszolg\u00e1lattal t\u00f6rt\u00e9nik.<\/p>\n<p>Szem\u00e9lyes \u00e1tv\u00e9tel nyitvatart\u00e1si id\u0151ben a 17. ker\u00fclet Bakancsos utca 7. sz\u00e1m alatti Kert\u00e9szeti \u00e1rud\u00e1nkban.<\/p>\n<p>Kert\u00e9p\u00edt\u0151k \u00e9s viszontelad\u00f3k regisztr\u00e1l\u00e1s ut\u00e1n egyedi kedvezm\u00e9nnyel v\u00e1s\u00e1rolhatnak kert\u00e9szeti kis-\u00e9s nagykeresked\u00e9s\u00fcnkben.<\/p>\n<p><strong>Az \u00e1rak egy darab term\u00e9kre vonatkoznak.<\/strong><\/p>\n<p><strong>J\u00f3 tudni!<\/strong><\/p>\n<p>K\u00e9pek-elt\u00e9r\u00e9sek:<\/p>\n<p>A n\u00f6v\u00e9nyekr\u0151l felt\u00f6lt\u00f6tt k\u00e9pek illusztr\u00e1ci\u00f3k. N\u00f6v\u00e9nyekn\u00e9l el\u0151fordulhatnak minim\u00e1lis elt\u00e9r\u00e9sek a k\u00e9peken szerepl\u0151 n\u00f6v\u00e9nyek \u00e9s az \u00e1tvett n\u00f6v\u00e9nyek k\u00f6z\u00f6tt, mivel minden n\u00f6v\u00e9ny egyedi.<\/p>\n<h4>N\u00f6v\u00e9nyek sz\u00e1ll\u00edt\u00e1sa:<\/h4>\n<p>A megrendelt n\u00f6v\u00e9nyeket igyeksz\u00fcnk a lehet\u0151 legbiztons\u00e1gosabban egyes\u00e9vel csomagolni, azonban a sz\u00e1ll\u00edt\u00e1s sor\u00e1n m\u00e9g ennek ellen\u00e9re is\u00a0bek\u00f6vetkezhetnek apr\u00f3bb s\u00e9r\u00fcl\u00e9sek (lev\u00e9l- vagy vir\u00e1ghull\u00e1s).<br \/>\nN\u00f6v\u00e9ny rendel\u00e9s eset\u00e9n k\u00e9rj\u00fck a k\u00e9zbes\u00edt\u00e9st k\u00f6vet\u0151en a lehet\u0151 leghamarabb bonts\u00e1k ki a csomagot.<\/p>\n<p>Abban az esetben, ha a megrendelt n\u00f6v\u00e9ny\u00a0a sz\u00e1ll\u00edt\u00e1st k\u00f6vet\u0151en\u00a0nem megfelel\u0151 gondoz\u00e1sban r\u00e9szes\u00fcl \u00e9s ebb\u0151l kifoly\u00f3lag\u00a0k\u00e1rosodik,\u00a0elpusztul, felel\u0151ss\u00e9get sajnos nem tudunk v\u00e1llalni.<\/p>\n<p>V\u00e1s\u00e1rl\u00e1st\u00f3l val\u00f3 el\u00e1ll\u00e1s \u00e9l\u0151 n\u00f6v\u00e9ny v\u00e1s\u00e1rl\u00e1sa eset\u00e9n:<\/p>\n<p>Az \u00e1ltal\u00e1nos 14 napos el\u00e1ll\u00e1s lehet\u0151s\u00e9ge \u00e9l\u0151 n\u00f6v\u00e9nyekre nem vonatkozik. V\u00e1s\u00e1rl\u00e1st\u00f3l val\u00f3 el\u00e1ll\u00e1sra, visszak\u00fcld\u00e9sre nincs lehet\u0151s\u00e9g.\u00a0(17\/1999. (II. 5.) Korm. rendelet 5c pontja)<\/p>\n<p><strong>K\u00e9rj\u00fck fentiek figyelembev\u00e9tel\u00e9t n\u00f6v\u00e9ny rendel\u00e9se sor\u00e1n!<\/strong><\/p>","protected":false},"excerpt":{"rendered":"<p>9&#215;9 cm kont\u00e9nerben<\/p>","protected":false},"featured_media":23174,"template":"","meta":{"_et_pb_use_builder":"","_et_pb_old_content":"","_et_gb_content_width":""},"product_brand":[],"product_cat":[433],"product_tag":[],"class_list":{"0":"post-23171","1":"product","2":"type-product","3":"status-publish","4":"has-post-thumbnail","6":"product_cat-evelo-novenyek","8":"first","9":"instock","10":"shipping-taxable","11":"purchasable","12":"product-type-simple"},"yoast_head":"<!-- This site is optimized with the Yoast SEO plugin v27.3 - https:\/\/yoast.com\/product\/yoast-seo-wordpress\/ -->\n<title>Vinca major - Nagy met\u00e9ng - T\u00e1jkert\u00e9sz<\/title>\n<meta name=\"description\" content=\"A Vinca major - nagy met\u00e9ng egy strapab\u00edr\u00f3, gyorsan terjed\u0151 talajtakar\u00f3 n\u00f6v\u00e9ny, amely kiv\u00e1l\u00f3an alkalmas \u00e1rny\u00e9kos vagy f\u00e9l\u00e1rny\u00e9kos helyek be\u00fcltet\u00e9s\u00e9re.\" \/>\n<meta name=\"robots\" content=\"index, follow, max-snippet:-1, max-image-preview:large, max-video-preview:-1\" \/>\n<link rel=\"canonical\" href=\"https:\/\/tajkertesz.com\/en_US\/product\/vinca-major-nagy-meteng\/\" \/>\n<meta property=\"og:locale\" content=\"en_US\" \/>\n<meta property=\"og:type\" content=\"article\" \/>\n<meta property=\"og:title\" content=\"Vinca major - Nagy met\u00e9ng - T\u00e1jkert\u00e9sz\" \/>\n<meta property=\"og:description\" content=\"A Vinca major - nagy met\u00e9ng egy strapab\u00edr\u00f3, gyorsan terjed\u0151 talajtakar\u00f3 n\u00f6v\u00e9ny, amely kiv\u00e1l\u00f3an alkalmas \u00e1rny\u00e9kos vagy f\u00e9l\u00e1rny\u00e9kos helyek be\u00fcltet\u00e9s\u00e9re.\" \/>\n<meta property=\"og:url\" content=\"https:\/\/tajkertesz.com\/en_US\/product\/vinca-major-nagy-meteng\/\" \/>\n<meta property=\"og:site_name\" content=\"T\u00e1jkert\u00e9sz\" \/>\n<meta property=\"article:publisher\" content=\"https:\/\/www.facebook.com\/Tajkertesz\/\" \/>\n<meta property=\"article:modified_time\" content=\"2026-02-21T07:41:38+00:00\" \/>\n<meta property=\"og:image\" content=\"https:\/\/tajkertesz.com\/wp-content\/uploads\/2025\/04\/Vinca-major.jpg\" \/>\n\t<meta property=\"og:image:width\" content=\"1413\" \/>\n\t<meta property=\"og:image:height\" content=\"1413\" \/>\n\t<meta property=\"og:image:type\" content=\"image\/jpeg\" \/>\n<meta name=\"twitter:card\" content=\"summary_large_image\" \/>\n<meta name=\"twitter:label1\" content=\"Est. reading time\" \/>\n\t<meta name=\"twitter:data1\" content=\"2 minutes\" \/>\n<script type=\"application\/ld+json\" class=\"yoast-schema-graph\">{\"@context\":\"https:\\\/\\\/schema.org\",\"@graph\":[{\"@type\":\"WebPage\",\"@id\":\"https:\\\/\\\/tajkertesz.com\\\/termek\\\/vinca-major-nagy-meteng\\\/\",\"url\":\"https:\\\/\\\/tajkertesz.com\\\/termek\\\/vinca-major-nagy-meteng\\\/\",\"name\":\"Vinca major - Nagy met\u00e9ng - T\u00e1jkert\u00e9sz\",\"isPartOf\":{\"@id\":\"https:\\\/\\\/tajkertesz.com\\\/#website\"},\"primaryImageOfPage\":{\"@id\":\"https:\\\/\\\/tajkertesz.com\\\/termek\\\/vinca-major-nagy-meteng\\\/#primaryimage\"},\"image\":{\"@id\":\"https:\\\/\\\/tajkertesz.com\\\/termek\\\/vinca-major-nagy-meteng\\\/#primaryimage\"},\"thumbnailUrl\":\"https:\\\/\\\/tajkertesz.com\\\/wp-content\\\/uploads\\\/2025\\\/04\\\/Vinca-major.jpg\",\"datePublished\":\"2025-04-10T13:09:43+00:00\",\"dateModified\":\"2026-02-21T07:41:38+00:00\",\"description\":\"A Vinca major - nagy met\u00e9ng egy strapab\u00edr\u00f3, gyorsan terjed\u0151 talajtakar\u00f3 n\u00f6v\u00e9ny, amely kiv\u00e1l\u00f3an alkalmas \u00e1rny\u00e9kos vagy f\u00e9l\u00e1rny\u00e9kos helyek be\u00fcltet\u00e9s\u00e9re.\",\"breadcrumb\":{\"@id\":\"https:\\\/\\\/tajkertesz.com\\\/termek\\\/vinca-major-nagy-meteng\\\/#breadcrumb\"},\"inLanguage\":\"en-US\",\"potentialAction\":[{\"@type\":\"ReadAction\",\"target\":[\"https:\\\/\\\/tajkertesz.com\\\/termek\\\/vinca-major-nagy-meteng\\\/\"]}]},{\"@type\":\"ImageObject\",\"inLanguage\":\"en-US\",\"@id\":\"https:\\\/\\\/tajkertesz.com\\\/termek\\\/vinca-major-nagy-meteng\\\/#primaryimage\",\"url\":\"https:\\\/\\\/tajkertesz.com\\\/wp-content\\\/uploads\\\/2025\\\/04\\\/Vinca-major.jpg\",\"contentUrl\":\"https:\\\/\\\/tajkertesz.com\\\/wp-content\\\/uploads\\\/2025\\\/04\\\/Vinca-major.jpg\",\"width\":1413,\"height\":1413,\"caption\":\"Vinca major - Nagy met\u00e9ng\"},{\"@type\":\"BreadcrumbList\",\"@id\":\"https:\\\/\\\/tajkertesz.com\\\/termek\\\/vinca-major-nagy-meteng\\\/#breadcrumb\",\"itemListElement\":[{\"@type\":\"ListItem\",\"position\":1,\"name\":\"Home\",\"item\":\"https:\\\/\\\/tajkertesz.com\\\/\"},{\"@type\":\"ListItem\",\"position\":2,\"name\":\"Kezd\u0151lap\",\"item\":\"https:\\\/\\\/tajkertesz.com\\\/\"},{\"@type\":\"ListItem\",\"position\":3,\"name\":\"Vinca major &#8211; Nagy met\u00e9ng\"}]},{\"@type\":\"WebSite\",\"@id\":\"https:\\\/\\\/tajkertesz.com\\\/#website\",\"url\":\"https:\\\/\\\/tajkertesz.com\\\/\",\"name\":\"T\u00e1j-Kert\u00e9sz 84 Kft.\",\"description\":\"Kert\u00e9szeti kis- \u00e9s nagykeresked\u00e9s, D\u00edszn\u00f6v\u00e9ny web\u00e1ruh\u00e1z orsz\u00e1gos h\u00e1zhozsz\u00e1ll\u00edt\u00e1ssal!\",\"publisher\":{\"@id\":\"https:\\\/\\\/tajkertesz.com\\\/#organization\"},\"potentialAction\":[{\"@type\":\"SearchAction\",\"target\":{\"@type\":\"EntryPoint\",\"urlTemplate\":\"https:\\\/\\\/tajkertesz.com\\\/?s={search_term_string}\"},\"query-input\":{\"@type\":\"PropertyValueSpecification\",\"valueRequired\":true,\"valueName\":\"search_term_string\"}}],\"inLanguage\":\"en-US\"},{\"@type\":\"Organization\",\"@id\":\"https:\\\/\\\/tajkertesz.com\\\/#organization\",\"name\":\"T\u00e1j-Kert\u00e9sz 84 Kft.\",\"url\":\"https:\\\/\\\/tajkertesz.com\\\/\",\"logo\":{\"@type\":\"ImageObject\",\"inLanguage\":\"en-US\",\"@id\":\"https:\\\/\\\/tajkertesz.com\\\/#\\\/schema\\\/logo\\\/image\\\/\",\"url\":\"https:\\\/\\\/tajkertesz.com\\\/wp-content\\\/uploads\\\/2018\\\/02\\\/logo-2-e1518678052539.png\",\"contentUrl\":\"https:\\\/\\\/tajkertesz.com\\\/wp-content\\\/uploads\\\/2018\\\/02\\\/logo-2-e1518678052539.png\",\"width\":81,\"height\":140,\"caption\":\"T\u00e1j-Kert\u00e9sz 84 Kft.\"},\"image\":{\"@id\":\"https:\\\/\\\/tajkertesz.com\\\/#\\\/schema\\\/logo\\\/image\\\/\"},\"sameAs\":[\"https:\\\/\\\/www.facebook.com\\\/Tajkertesz\\\/\"]}]}<\/script>\n<!-- \/ Yoast SEO plugin. -->","yoast_head_json":{"title":"Vinca major - Nagy met\u00e9ng - T\u00e1jkert\u00e9sz","description":"A Vinca major - nagy met\u00e9ng egy strapab\u00edr\u00f3, gyorsan terjed\u0151 talajtakar\u00f3 n\u00f6v\u00e9ny, amely kiv\u00e1l\u00f3an alkalmas \u00e1rny\u00e9kos vagy f\u00e9l\u00e1rny\u00e9kos helyek be\u00fcltet\u00e9s\u00e9re.","robots":{"index":"index","follow":"follow","max-snippet":"max-snippet:-1","max-image-preview":"max-image-preview:large","max-video-preview":"max-video-preview:-1"},"canonical":"https:\/\/tajkertesz.com\/en_US\/product\/vinca-major-nagy-meteng\/","og_locale":"en_US","og_type":"article","og_title":"Vinca major - Nagy met\u00e9ng - T\u00e1jkert\u00e9sz","og_description":"A Vinca major - nagy met\u00e9ng egy strapab\u00edr\u00f3, gyorsan terjed\u0151 talajtakar\u00f3 n\u00f6v\u00e9ny, amely kiv\u00e1l\u00f3an alkalmas \u00e1rny\u00e9kos vagy f\u00e9l\u00e1rny\u00e9kos helyek be\u00fcltet\u00e9s\u00e9re.","og_url":"https:\/\/tajkertesz.com\/en_US\/product\/vinca-major-nagy-meteng\/","og_site_name":"T\u00e1jkert\u00e9sz","article_publisher":"https:\/\/www.facebook.com\/Tajkertesz\/","article_modified_time":"2026-02-21T07:41:38+00:00","og_image":[{"width":1413,"height":1413,"url":"https:\/\/tajkertesz.com\/wp-content\/uploads\/2025\/04\/Vinca-major.jpg","type":"image\/jpeg"}],"twitter_card":"summary_large_image","twitter_misc":{"Est. reading time":"2 minutes"},"schema":{"@context":"https:\/\/schema.org","@graph":[{"@type":"WebPage","@id":"https:\/\/tajkertesz.com\/termek\/vinca-major-nagy-meteng\/","url":"https:\/\/tajkertesz.com\/termek\/vinca-major-nagy-meteng\/","name":"Vinca major - Nagy met\u00e9ng - T\u00e1jkert\u00e9sz","isPartOf":{"@id":"https:\/\/tajkertesz.com\/#website"},"primaryImageOfPage":{"@id":"https:\/\/tajkertesz.com\/termek\/vinca-major-nagy-meteng\/#primaryimage"},"image":{"@id":"https:\/\/tajkertesz.com\/termek\/vinca-major-nagy-meteng\/#primaryimage"},"thumbnailUrl":"https:\/\/tajkertesz.com\/wp-content\/uploads\/2025\/04\/Vinca-major.jpg","datePublished":"2025-04-10T13:09:43+00:00","dateModified":"2026-02-21T07:41:38+00:00","description":"A Vinca major - nagy met\u00e9ng egy strapab\u00edr\u00f3, gyorsan terjed\u0151 talajtakar\u00f3 n\u00f6v\u00e9ny, amely kiv\u00e1l\u00f3an alkalmas \u00e1rny\u00e9kos vagy f\u00e9l\u00e1rny\u00e9kos helyek be\u00fcltet\u00e9s\u00e9re.","breadcrumb":{"@id":"https:\/\/tajkertesz.com\/termek\/vinca-major-nagy-meteng\/#breadcrumb"},"inLanguage":"en-US","potentialAction":[{"@type":"ReadAction","target":["https:\/\/tajkertesz.com\/termek\/vinca-major-nagy-meteng\/"]}]},{"@type":"ImageObject","inLanguage":"en-US","@id":"https:\/\/tajkertesz.com\/termek\/vinca-major-nagy-meteng\/#primaryimage","url":"https:\/\/tajkertesz.com\/wp-content\/uploads\/2025\/04\/Vinca-major.jpg","contentUrl":"https:\/\/tajkertesz.com\/wp-content\/uploads\/2025\/04\/Vinca-major.jpg","width":1413,"height":1413,"caption":"Vinca major - Nagy met\u00e9ng"},{"@type":"BreadcrumbList","@id":"https:\/\/tajkertesz.com\/termek\/vinca-major-nagy-meteng\/#breadcrumb","itemListElement":[{"@type":"ListItem","position":1,"name":"Home","item":"https:\/\/tajkertesz.com\/"},{"@type":"ListItem","position":2,"name":"Kezd\u0151lap","item":"https:\/\/tajkertesz.com\/"},{"@type":"ListItem","position":3,"name":"Vinca major &#8211; Nagy met\u00e9ng"}]},{"@type":"WebSite","@id":"https:\/\/tajkertesz.com\/#website","url":"https:\/\/tajkertesz.com\/","name":"T\u00e1j-Kert\u00e9sz 84 Kft.","description":"Kert\u00e9szeti kis- \u00e9s nagykeresked\u00e9s, D\u00edszn\u00f6v\u00e9ny web\u00e1ruh\u00e1z orsz\u00e1gos h\u00e1zhozsz\u00e1ll\u00edt\u00e1ssal!","publisher":{"@id":"https:\/\/tajkertesz.com\/#organization"},"potentialAction":[{"@type":"SearchAction","target":{"@type":"EntryPoint","urlTemplate":"https:\/\/tajkertesz.com\/?s={search_term_string}"},"query-input":{"@type":"PropertyValueSpecification","valueRequired":true,"valueName":"search_term_string"}}],"inLanguage":"en-US"},{"@type":"Organization","@id":"https:\/\/tajkertesz.com\/#organization","name":"T\u00e1j-Kert\u00e9sz 84 Kft.","url":"https:\/\/tajkertesz.com\/","logo":{"@type":"ImageObject","inLanguage":"en-US","@id":"https:\/\/tajkertesz.com\/#\/schema\/logo\/image\/","url":"https:\/\/tajkertesz.com\/wp-content\/uploads\/2018\/02\/logo-2-e1518678052539.png","contentUrl":"https:\/\/tajkertesz.com\/wp-content\/uploads\/2018\/02\/logo-2-e1518678052539.png","width":81,"height":140,"caption":"T\u00e1j-Kert\u00e9sz 84 Kft."},"image":{"@id":"https:\/\/tajkertesz.com\/#\/schema\/logo\/image\/"},"sameAs":["https:\/\/www.facebook.com\/Tajkertesz\/"]}]}},"_links":{"self":[{"href":"https:\/\/tajkertesz.com\/en_US\/wp-json\/wp\/v2\/product\/23171","targetHints":{"allow":["GET"]}}],"collection":[{"href":"https:\/\/tajkertesz.com\/en_US\/wp-json\/wp\/v2\/product"}],"about":[{"href":"https:\/\/tajkertesz.com\/en_US\/wp-json\/wp\/v2\/types\/product"}],"wp:featuredmedia":[{"embeddable":true,"href":"https:\/\/tajkertesz.com\/en_US\/wp-json\/wp\/v2\/media\/23174"}],"wp:attachment":[{"href":"https:\/\/tajkertesz.com\/en_US\/wp-json\/wp\/v2\/media?parent=23171"}],"wp:term":[{"taxonomy":"product_brand","embeddable":true,"href":"https:\/\/tajkertesz.com\/en_US\/wp-json\/wp\/v2\/product_brand?post=23171"},{"taxonomy":"product_cat","embeddable":true,"href":"https:\/\/tajkertesz.com\/en_US\/wp-json\/wp\/v2\/product_cat?post=23171"},{"taxonomy":"product_tag","embeddable":true,"href":"https:\/\/tajkertesz.com\/en_US\/wp-json\/wp\/v2\/product_tag?post=23171"}],"curies":[{"name":"wp","href":"https:\/\/api.w.org\/{rel}","templated":true}]}}