{"id":23199,"date":"2025-04-13T09:00:22","date_gmt":"2025-04-13T09:00:22","guid":{"rendered":"https:\/\/tajkertesz.com\/?post_type=product&#038;p=23199"},"modified":"2026-02-27T14:19:38","modified_gmt":"2026-02-27T14:19:38","slug":"pistacia-vera-peters-porzo-pisztacia","status":"publish","type":"product","link":"https:\/\/tajkertesz.com\/en_US\/product\/pistacia-vera-peters-porzo-pisztacia\/","title":{"rendered":"Pistacia vera &#8216;Peters&#8217; &#8211; Porz\u00f3 piszt\u00e1cia"},"content":{"rendered":"<h1>Pistacia vera &#8216;Peters&#8217; &#8211; Porz\u00f3 piszt\u00e1cia<\/h1>\n<p>A Pistacia vera &#8216;Peters&#8217; &#8211; Porz\u00f3 piszt\u00e1cia fajta leggyakrabban haszn\u00e1lt <strong data-start=\"103\" data-end=\"128\">h\u00edmivar\u00fa <\/strong>p\u00e1rja. B\u00e1r nem terem fogyaszthat\u00f3 di\u00f3t, kulcsfontoss\u00e1g\u00fa szerepe van a term\u00e9shoz\u00e1sban, mivel n\u00e9lk\u00fcle a n\u0151ivar\u00fa &#8216;Kerman&#8217; fa <strong data-start=\"251\" data-end=\"272\">nem hozna term\u00e9st<\/strong>.<\/p>\n<h2>Pistacia vera &#8216;Peters&#8217; jellemz\u0151i:<\/h2>\n<ul>\n<li class=\"\" data-start=\"974\" data-end=\"1055\">\n<p class=\"\" data-start=\"976\" data-end=\"1055\">A &#8216;Peters&#8217; vir\u00e1gz\u00e1si ideje megegyezik <strong data-start=\"997\" data-end=\"1031\">\u00a0&#8216;Kerman&#8217;-nel<\/strong>, ez\u00e9rt ide\u00e1lis beporz\u00f3.<\/p>\n<\/li>\n<li class=\"\" data-start=\"1056\" data-end=\"1178\">\n<p class=\"\" data-start=\"1058\" data-end=\"1178\">Egyetlen &#8216;Peters&#8217; fa kb. <strong data-start=\"1083\" data-end=\"1124\">8\u201310 &#8216;Kerman&#8217; f\u00e1t is k\u00e9pes megporozni<\/strong> \u2013 teh\u00e1t ha csak 1\u20132 &#8216;Kerman&#8217;-t \u00fcltet\u00fcnk, el\u00e9g egy porz\u00f3.<\/p>\n<\/li>\n<li class=\"\" data-start=\"1179\" data-end=\"1284\">\n<p class=\"\" data-start=\"1181\" data-end=\"1284\">Fontos: <strong data-start=\"1189\" data-end=\"1227\">a sz\u00e9lj\u00e1r\u00e1st figyelembe kell venni<\/strong>, amikor \u00fcltetj\u00fck \u2013 a porz\u00f3 fa legyen &#8222;sz\u00e9l fel\u0151li oldalon&#8221;.<\/p>\n<\/li>\n<li data-start=\"1179\" data-end=\"1284\">A &#8216;Peters&#8217; <strong data-start=\"1333\" data-end=\"1349\">nem hoz di\u00f3t<\/strong> (vagy csak term\u00e9ketlen, \u00e9rt\u00e9ktelen magokat), teh\u00e1t csak akkor \u00e9rdemes \u00fcltetni, ha van n\u0151ivar\u00fa fa is mellette.<\/li>\n<\/ul>\n<h3>A Peters piszt\u00e1cia gondoz\u00e1sa:<\/h3>\n<ul>\n<li class=\"\" data-start=\"323\" data-end=\"381\">\n<p class=\"\" data-start=\"325\" data-end=\"381\"><strong data-start=\"325\" data-end=\"340\">Sok napf\u00e9ny<\/strong> \u2013 Legal\u00e1bb napi 6\u20138 \u00f3ra teljes naps\u00fct\u00e9s.<\/p>\n<\/li>\n<li class=\"\" data-start=\"382\" data-end=\"472\">\n<p class=\"\" data-start=\"384\" data-end=\"472\"><strong data-start=\"384\" data-end=\"406\">Meleg, sz\u00e1raz ny\u00e1r<\/strong> \u2013 Hasonl\u00f3 a mediterr\u00e1n vagy kontinent\u00e1lis, sz\u00e1raz ny\u00e1ri kl\u00edm\u00e1hoz.<\/p>\n<\/li>\n<li class=\"\" data-start=\"473\" data-end=\"580\">\n<p class=\"\" data-start=\"475\" data-end=\"580\"><strong data-start=\"475\" data-end=\"501\">J\u00f3 v\u00edzelvezet\u00e9s\u0171 talaj<\/strong> \u2013 Homokos vagy k\u00f6ves v\u00e1lyogtalaj ide\u00e1lis, a pang\u00f3 v\u00edz gy\u00f6k\u00e9rrothad\u00e1st okozhat.<\/p>\n<\/li>\n<li class=\"\" data-start=\"581\" data-end=\"718\">\n<p class=\"\" data-start=\"583\" data-end=\"718\"><strong data-start=\"583\" data-end=\"600\">M\u00e9rs\u00e9kelt t\u00e9l<\/strong> \u2013 A &#8216;Peters&#8217; kb. \u201315 \u00b0C-ig viseli a hideget, de az er\u0151sebb fagyokat (\u201320 \u00b0C alatt) m\u00e1r nem b\u00edrja j\u00f3l, f\u0151leg fiatalon.<\/p>\n<\/li>\n<\/ul>\n<p>&nbsp;<\/p>\n<p><b>K\u00e9szlet\u00fcnk napi szinten v\u00e1ltozik, ez\u00e9rt k\u00e9rj\u00fck, \u00e9rdekl\u0151dj\u00f6n szem\u00e9lyesen, telefonon vagy email-en.<br \/>\nA v\u00e1ltoztat\u00e1s jog\u00e1t fenntartjuk!<\/b><b>\u00a0<\/b><\/p>\n<p><a href=\"https:\/\/tajkertesz.com\/\">https:\/\/tajkertesz.com\/<\/a><\/p>\n<p><a href=\"https:\/\/www.facebook.com\/tajkertesz\/\">https:\/\/www.facebook.com\/tajkertesz\/<\/a><\/p>\n<p>Kisz\u00e1ll\u00edt\u00e1s: 200cm-ig \u00e9s 40 kg-ig a sz\u00e1ll\u00edt\u00e1s fut\u00e1rszolg\u00e1lattal t\u00f6rt\u00e9nik.<\/p>\n<p>Szem\u00e9lyes \u00e1tv\u00e9tel nyitvatart\u00e1si id\u0151ben a 17. ker\u00fclet Bakancsos utca 7. sz\u00e1m alatti Kert\u00e9szeti \u00e1rud\u00e1nkban.<\/p>\n<p>Kert\u00e9p\u00edt\u0151k \u00e9s viszontelad\u00f3k regisztr\u00e1l\u00e1s ut\u00e1n egyedi kedvezm\u00e9nnyel v\u00e1s\u00e1rolhatnak kert\u00e9szeti kis-\u00e9s nagykeresked\u00e9s\u00fcnkben.<\/p>\n<p><strong>Az \u00e1rak egy darab term\u00e9kre vonatkoznak.<\/strong><\/p>\n<p><strong>J\u00f3 tudni!<\/strong><\/p>\n<p>K\u00e9pek-elt\u00e9r\u00e9sek:<\/p>\n<p>A n\u00f6v\u00e9nyekr\u0151l felt\u00f6lt\u00f6tt k\u00e9pek illusztr\u00e1ci\u00f3k. N\u00f6v\u00e9nyekn\u00e9l el\u0151fordulhatnak minim\u00e1lis elt\u00e9r\u00e9sek a k\u00e9peken szerepl\u0151 n\u00f6v\u00e9nyek \u00e9s az \u00e1tvett n\u00f6v\u00e9nyek k\u00f6z\u00f6tt, mivel minden n\u00f6v\u00e9ny egyedi.<\/p>\n<h4>N\u00f6v\u00e9nyek sz\u00e1ll\u00edt\u00e1sa:<\/h4>\n<p>A megrendelt n\u00f6v\u00e9nyeket igyeksz\u00fcnk a lehet\u0151 legbiztons\u00e1gosabban egyes\u00e9vel csomagolni, azonban a sz\u00e1ll\u00edt\u00e1s sor\u00e1n m\u00e9g ennek ellen\u00e9re is\u00a0bek\u00f6vetkezhetnek apr\u00f3bb s\u00e9r\u00fcl\u00e9sek (lev\u00e9l- vagy vir\u00e1ghull\u00e1s).<br \/>\nN\u00f6v\u00e9ny rendel\u00e9s eset\u00e9n k\u00e9rj\u00fck a k\u00e9zbes\u00edt\u00e9st k\u00f6vet\u0151en a lehet\u0151 leghamarabb bonts\u00e1k ki a csomagot.<\/p>\n<p>Abban az esetben, ha a megrendelt n\u00f6v\u00e9ny\u00a0a sz\u00e1ll\u00edt\u00e1st k\u00f6vet\u0151en\u00a0nem megfelel\u0151 gondoz\u00e1sban r\u00e9szes\u00fcl \u00e9s ebb\u0151l kifoly\u00f3lag\u00a0k\u00e1rosodik,\u00a0elpusztul, felel\u0151ss\u00e9get sajnos nem tudunk v\u00e1llalni.<\/p>\n<p>V\u00e1s\u00e1rl\u00e1st\u00f3l val\u00f3 el\u00e1ll\u00e1s \u00e9l\u0151 n\u00f6v\u00e9ny v\u00e1s\u00e1rl\u00e1sa eset\u00e9n:<\/p>\n<p>Az \u00e1ltal\u00e1nos 14 napos el\u00e1ll\u00e1s lehet\u0151s\u00e9ge \u00e9l\u0151 n\u00f6v\u00e9nyekre nem vonatkozik. V\u00e1s\u00e1rl\u00e1st\u00f3l val\u00f3 el\u00e1ll\u00e1sra, visszak\u00fcld\u00e9sre nincs lehet\u0151s\u00e9g.\u00a0(17\/1999. (II. 5.) Korm. rendelet 5c pontja)<\/p>\n<p><strong>K\u00e9rj\u00fck fentiek figyelembev\u00e9tel\u00e9t n\u00f6v\u00e9ny rendel\u00e9se sor\u00e1n!<\/strong><\/p>","protected":false},"excerpt":{"rendered":"<p>Pistacia vera &#8216;Peters&#8217; &#8211; Porz\u00f3 piszt\u00e1cia A Pistacia vera &#8216;Peters&#8217; &#8211; Porz\u00f3 piszt\u00e1cia fajta leggyakrabban haszn\u00e1lt h\u00edmivar\u00fa p\u00e1rja. B\u00e1r nem terem fogyaszthat\u00f3 di\u00f3t, kulcsfontoss\u00e1g\u00fa szerepe van a term\u00e9shoz\u00e1sban, mivel n\u00e9lk\u00fcle a n\u0151ivar\u00fa &#8216;Kerman&#8217; fa nem hozna term\u00e9st. Pistacia vera &#8216;Peters&#8217; jellemz\u0151i: A &#8216;Peters&#8217; vir\u00e1gz\u00e1si ideje megegyezik \u00a0&#8216;Kerman&#8217;-nel, ez\u00e9rt ide\u00e1lis beporz\u00f3. Egyetlen &#8216;Peters&#8217; fa kb. 8\u201310 [&hellip;]<\/p>\n","protected":false},"featured_media":23198,"template":"","meta":{"_et_pb_use_builder":"","_et_pb_old_content":"","_et_gb_content_width":""},"product_brand":[],"product_cat":[29,517],"product_tag":[5785,5783,5786],"class_list":{"0":"post-23199","1":"product","2":"type-product","3":"status-publish","4":"has-post-thumbnail","6":"product_cat-gyumolcsfak-gyumolcstermo-novenyek","7":"product_cat-palmak-citrusok-es-mediterran-novenyek","8":"product_tag-pistacia-vera-peters-porzo-pisztacia","9":"product_tag-pisztacia","10":"product_tag-porzo-pisztacia","11":"product_shipping_class-nehez-meretes-csomagok","13":"first","14":"instock","15":"shipping-taxable","16":"purchasable","17":"product-type-simple"},"yoast_head":"<!-- This site is optimized with the Yoast SEO plugin v27.4 - https:\/\/yoast.com\/product\/yoast-seo-wordpress\/ -->\n<title>Pistacia vera &#039;Peters&#039; - Porz\u00f3 piszt\u00e1cia - T\u00e1jkert\u00e9sz<\/title>\n<meta name=\"description\" content=\"A Pistacia vera &#039;Peters&#039; - Porz\u00f3 piszt\u00e1cia fajta leggyakrabban haszn\u00e1lt h\u00edmivar\u00fa p\u00e1rja. B\u00e1r nem terem fogyaszthat\u00f3 di\u00f3t, kulcsfontoss\u00e1g\u00fa szerepe van\" \/>\n<meta name=\"robots\" content=\"index, follow, max-snippet:-1, max-image-preview:large, max-video-preview:-1\" \/>\n<link rel=\"canonical\" href=\"https:\/\/tajkertesz.com\/en_US\/product\/pistacia-vera-peters-porzo-pisztacia\/\" \/>\n<meta property=\"og:locale\" content=\"en_US\" \/>\n<meta property=\"og:type\" content=\"article\" \/>\n<meta property=\"og:title\" content=\"Pistacia vera &#039;Peters&#039; - Porz\u00f3 piszt\u00e1cia - T\u00e1jkert\u00e9sz\" \/>\n<meta property=\"og:description\" content=\"A Pistacia vera &#039;Peters&#039; - Porz\u00f3 piszt\u00e1cia fajta leggyakrabban haszn\u00e1lt h\u00edmivar\u00fa p\u00e1rja. B\u00e1r nem terem fogyaszthat\u00f3 di\u00f3t, kulcsfontoss\u00e1g\u00fa szerepe van\" \/>\n<meta property=\"og:url\" content=\"https:\/\/tajkertesz.com\/en_US\/product\/pistacia-vera-peters-porzo-pisztacia\/\" \/>\n<meta property=\"og:site_name\" content=\"T\u00e1jkert\u00e9sz\" \/>\n<meta property=\"article:publisher\" content=\"https:\/\/www.facebook.com\/Tajkertesz\/\" \/>\n<meta property=\"article:modified_time\" content=\"2026-02-27T14:19:38+00:00\" \/>\n<meta property=\"og:image\" content=\"https:\/\/tajkertesz.com\/wp-content\/uploads\/2025\/04\/Pisztacia.jpg\" \/>\n\t<meta property=\"og:image:width\" content=\"1153\" \/>\n\t<meta property=\"og:image:height\" content=\"2048\" \/>\n\t<meta property=\"og:image:type\" content=\"image\/jpeg\" \/>\n<meta name=\"twitter:card\" content=\"summary_large_image\" \/>\n<meta name=\"twitter:label1\" content=\"Est. reading time\" \/>\n\t<meta name=\"twitter:data1\" content=\"3 minutes\" \/>\n<script type=\"application\/ld+json\" class=\"yoast-schema-graph\">{\"@context\":\"https:\\\/\\\/schema.org\",\"@graph\":[{\"@type\":\"WebPage\",\"@id\":\"https:\\\/\\\/tajkertesz.com\\\/termek\\\/pistacia-vera-peters-porzo-pisztacia\\\/\",\"url\":\"https:\\\/\\\/tajkertesz.com\\\/termek\\\/pistacia-vera-peters-porzo-pisztacia\\\/\",\"name\":\"Pistacia vera 'Peters' - Porz\u00f3 piszt\u00e1cia - T\u00e1jkert\u00e9sz\",\"isPartOf\":{\"@id\":\"https:\\\/\\\/tajkertesz.com\\\/#website\"},\"primaryImageOfPage\":{\"@id\":\"https:\\\/\\\/tajkertesz.com\\\/termek\\\/pistacia-vera-peters-porzo-pisztacia\\\/#primaryimage\"},\"image\":{\"@id\":\"https:\\\/\\\/tajkertesz.com\\\/termek\\\/pistacia-vera-peters-porzo-pisztacia\\\/#primaryimage\"},\"thumbnailUrl\":\"https:\\\/\\\/tajkertesz.com\\\/wp-content\\\/uploads\\\/2025\\\/04\\\/Pisztacia.jpg\",\"datePublished\":\"2025-04-13T09:00:22+00:00\",\"dateModified\":\"2026-02-27T14:19:38+00:00\",\"description\":\"A Pistacia vera 'Peters' - Porz\u00f3 piszt\u00e1cia fajta leggyakrabban haszn\u00e1lt h\u00edmivar\u00fa p\u00e1rja. B\u00e1r nem terem fogyaszthat\u00f3 di\u00f3t, kulcsfontoss\u00e1g\u00fa szerepe van\",\"breadcrumb\":{\"@id\":\"https:\\\/\\\/tajkertesz.com\\\/termek\\\/pistacia-vera-peters-porzo-pisztacia\\\/#breadcrumb\"},\"inLanguage\":\"en-US\",\"potentialAction\":[{\"@type\":\"ReadAction\",\"target\":[\"https:\\\/\\\/tajkertesz.com\\\/termek\\\/pistacia-vera-peters-porzo-pisztacia\\\/\"]}]},{\"@type\":\"ImageObject\",\"inLanguage\":\"en-US\",\"@id\":\"https:\\\/\\\/tajkertesz.com\\\/termek\\\/pistacia-vera-peters-porzo-pisztacia\\\/#primaryimage\",\"url\":\"https:\\\/\\\/tajkertesz.com\\\/wp-content\\\/uploads\\\/2025\\\/04\\\/Pisztacia.jpg\",\"contentUrl\":\"https:\\\/\\\/tajkertesz.com\\\/wp-content\\\/uploads\\\/2025\\\/04\\\/Pisztacia.jpg\",\"width\":1153,\"height\":2048,\"caption\":\"Pistacia vera - piszt\u00e1cia\"},{\"@type\":\"BreadcrumbList\",\"@id\":\"https:\\\/\\\/tajkertesz.com\\\/termek\\\/pistacia-vera-peters-porzo-pisztacia\\\/#breadcrumb\",\"itemListElement\":[{\"@type\":\"ListItem\",\"position\":1,\"name\":\"Home\",\"item\":\"https:\\\/\\\/tajkertesz.com\\\/\"},{\"@type\":\"ListItem\",\"position\":2,\"name\":\"Kezd\u0151lap\",\"item\":\"https:\\\/\\\/tajkertesz.com\\\/\"},{\"@type\":\"ListItem\",\"position\":3,\"name\":\"Pistacia vera &#8216;Peters&#8217; &#8211; Porz\u00f3 piszt\u00e1cia\"}]},{\"@type\":\"WebSite\",\"@id\":\"https:\\\/\\\/tajkertesz.com\\\/#website\",\"url\":\"https:\\\/\\\/tajkertesz.com\\\/\",\"name\":\"T\u00e1j-Kert\u00e9sz 84 Kft.\",\"description\":\"Kert\u00e9szeti kis- \u00e9s nagykeresked\u00e9s, D\u00edszn\u00f6v\u00e9ny web\u00e1ruh\u00e1z orsz\u00e1gos h\u00e1zhozsz\u00e1ll\u00edt\u00e1ssal!\",\"publisher\":{\"@id\":\"https:\\\/\\\/tajkertesz.com\\\/#organization\"},\"potentialAction\":[{\"@type\":\"SearchAction\",\"target\":{\"@type\":\"EntryPoint\",\"urlTemplate\":\"https:\\\/\\\/tajkertesz.com\\\/?s={search_term_string}\"},\"query-input\":{\"@type\":\"PropertyValueSpecification\",\"valueRequired\":true,\"valueName\":\"search_term_string\"}}],\"inLanguage\":\"en-US\"},{\"@type\":\"Organization\",\"@id\":\"https:\\\/\\\/tajkertesz.com\\\/#organization\",\"name\":\"T\u00e1j-Kert\u00e9sz 84 Kft.\",\"url\":\"https:\\\/\\\/tajkertesz.com\\\/\",\"logo\":{\"@type\":\"ImageObject\",\"inLanguage\":\"en-US\",\"@id\":\"https:\\\/\\\/tajkertesz.com\\\/#\\\/schema\\\/logo\\\/image\\\/\",\"url\":\"https:\\\/\\\/tajkertesz.com\\\/wp-content\\\/uploads\\\/2018\\\/02\\\/logo-2-e1518678052539.png\",\"contentUrl\":\"https:\\\/\\\/tajkertesz.com\\\/wp-content\\\/uploads\\\/2018\\\/02\\\/logo-2-e1518678052539.png\",\"width\":81,\"height\":140,\"caption\":\"T\u00e1j-Kert\u00e9sz 84 Kft.\"},\"image\":{\"@id\":\"https:\\\/\\\/tajkertesz.com\\\/#\\\/schema\\\/logo\\\/image\\\/\"},\"sameAs\":[\"https:\\\/\\\/www.facebook.com\\\/Tajkertesz\\\/\"]}]}<\/script>\n<!-- \/ Yoast SEO plugin. -->","yoast_head_json":{"title":"Pistacia vera 'Peters' - Porz\u00f3 piszt\u00e1cia - T\u00e1jkert\u00e9sz","description":"A Pistacia vera 'Peters' - Porz\u00f3 piszt\u00e1cia fajta leggyakrabban haszn\u00e1lt h\u00edmivar\u00fa p\u00e1rja. B\u00e1r nem terem fogyaszthat\u00f3 di\u00f3t, kulcsfontoss\u00e1g\u00fa szerepe van","robots":{"index":"index","follow":"follow","max-snippet":"max-snippet:-1","max-image-preview":"max-image-preview:large","max-video-preview":"max-video-preview:-1"},"canonical":"https:\/\/tajkertesz.com\/en_US\/product\/pistacia-vera-peters-porzo-pisztacia\/","og_locale":"en_US","og_type":"article","og_title":"Pistacia vera 'Peters' - Porz\u00f3 piszt\u00e1cia - T\u00e1jkert\u00e9sz","og_description":"A Pistacia vera 'Peters' - Porz\u00f3 piszt\u00e1cia fajta leggyakrabban haszn\u00e1lt h\u00edmivar\u00fa p\u00e1rja. B\u00e1r nem terem fogyaszthat\u00f3 di\u00f3t, kulcsfontoss\u00e1g\u00fa szerepe van","og_url":"https:\/\/tajkertesz.com\/en_US\/product\/pistacia-vera-peters-porzo-pisztacia\/","og_site_name":"T\u00e1jkert\u00e9sz","article_publisher":"https:\/\/www.facebook.com\/Tajkertesz\/","article_modified_time":"2026-02-27T14:19:38+00:00","og_image":[{"width":1153,"height":2048,"url":"https:\/\/tajkertesz.com\/wp-content\/uploads\/2025\/04\/Pisztacia.jpg","type":"image\/jpeg"}],"twitter_card":"summary_large_image","twitter_misc":{"Est. reading time":"3 minutes"},"schema":{"@context":"https:\/\/schema.org","@graph":[{"@type":"WebPage","@id":"https:\/\/tajkertesz.com\/termek\/pistacia-vera-peters-porzo-pisztacia\/","url":"https:\/\/tajkertesz.com\/termek\/pistacia-vera-peters-porzo-pisztacia\/","name":"Pistacia vera 'Peters' - Porz\u00f3 piszt\u00e1cia - T\u00e1jkert\u00e9sz","isPartOf":{"@id":"https:\/\/tajkertesz.com\/#website"},"primaryImageOfPage":{"@id":"https:\/\/tajkertesz.com\/termek\/pistacia-vera-peters-porzo-pisztacia\/#primaryimage"},"image":{"@id":"https:\/\/tajkertesz.com\/termek\/pistacia-vera-peters-porzo-pisztacia\/#primaryimage"},"thumbnailUrl":"https:\/\/tajkertesz.com\/wp-content\/uploads\/2025\/04\/Pisztacia.jpg","datePublished":"2025-04-13T09:00:22+00:00","dateModified":"2026-02-27T14:19:38+00:00","description":"A Pistacia vera 'Peters' - Porz\u00f3 piszt\u00e1cia fajta leggyakrabban haszn\u00e1lt h\u00edmivar\u00fa p\u00e1rja. B\u00e1r nem terem fogyaszthat\u00f3 di\u00f3t, kulcsfontoss\u00e1g\u00fa szerepe van","breadcrumb":{"@id":"https:\/\/tajkertesz.com\/termek\/pistacia-vera-peters-porzo-pisztacia\/#breadcrumb"},"inLanguage":"en-US","potentialAction":[{"@type":"ReadAction","target":["https:\/\/tajkertesz.com\/termek\/pistacia-vera-peters-porzo-pisztacia\/"]}]},{"@type":"ImageObject","inLanguage":"en-US","@id":"https:\/\/tajkertesz.com\/termek\/pistacia-vera-peters-porzo-pisztacia\/#primaryimage","url":"https:\/\/tajkertesz.com\/wp-content\/uploads\/2025\/04\/Pisztacia.jpg","contentUrl":"https:\/\/tajkertesz.com\/wp-content\/uploads\/2025\/04\/Pisztacia.jpg","width":1153,"height":2048,"caption":"Pistacia vera - piszt\u00e1cia"},{"@type":"BreadcrumbList","@id":"https:\/\/tajkertesz.com\/termek\/pistacia-vera-peters-porzo-pisztacia\/#breadcrumb","itemListElement":[{"@type":"ListItem","position":1,"name":"Home","item":"https:\/\/tajkertesz.com\/"},{"@type":"ListItem","position":2,"name":"Kezd\u0151lap","item":"https:\/\/tajkertesz.com\/"},{"@type":"ListItem","position":3,"name":"Pistacia vera &#8216;Peters&#8217; &#8211; Porz\u00f3 piszt\u00e1cia"}]},{"@type":"WebSite","@id":"https:\/\/tajkertesz.com\/#website","url":"https:\/\/tajkertesz.com\/","name":"T\u00e1j-Kert\u00e9sz 84 Kft.","description":"Kert\u00e9szeti kis- \u00e9s nagykeresked\u00e9s, D\u00edszn\u00f6v\u00e9ny web\u00e1ruh\u00e1z orsz\u00e1gos h\u00e1zhozsz\u00e1ll\u00edt\u00e1ssal!","publisher":{"@id":"https:\/\/tajkertesz.com\/#organization"},"potentialAction":[{"@type":"SearchAction","target":{"@type":"EntryPoint","urlTemplate":"https:\/\/tajkertesz.com\/?s={search_term_string}"},"query-input":{"@type":"PropertyValueSpecification","valueRequired":true,"valueName":"search_term_string"}}],"inLanguage":"en-US"},{"@type":"Organization","@id":"https:\/\/tajkertesz.com\/#organization","name":"T\u00e1j-Kert\u00e9sz 84 Kft.","url":"https:\/\/tajkertesz.com\/","logo":{"@type":"ImageObject","inLanguage":"en-US","@id":"https:\/\/tajkertesz.com\/#\/schema\/logo\/image\/","url":"https:\/\/tajkertesz.com\/wp-content\/uploads\/2018\/02\/logo-2-e1518678052539.png","contentUrl":"https:\/\/tajkertesz.com\/wp-content\/uploads\/2018\/02\/logo-2-e1518678052539.png","width":81,"height":140,"caption":"T\u00e1j-Kert\u00e9sz 84 Kft."},"image":{"@id":"https:\/\/tajkertesz.com\/#\/schema\/logo\/image\/"},"sameAs":["https:\/\/www.facebook.com\/Tajkertesz\/"]}]}},"_links":{"self":[{"href":"https:\/\/tajkertesz.com\/en_US\/wp-json\/wp\/v2\/product\/23199","targetHints":{"allow":["GET"]}}],"collection":[{"href":"https:\/\/tajkertesz.com\/en_US\/wp-json\/wp\/v2\/product"}],"about":[{"href":"https:\/\/tajkertesz.com\/en_US\/wp-json\/wp\/v2\/types\/product"}],"wp:featuredmedia":[{"embeddable":true,"href":"https:\/\/tajkertesz.com\/en_US\/wp-json\/wp\/v2\/media\/23198"}],"wp:attachment":[{"href":"https:\/\/tajkertesz.com\/en_US\/wp-json\/wp\/v2\/media?parent=23199"}],"wp:term":[{"taxonomy":"product_brand","embeddable":true,"href":"https:\/\/tajkertesz.com\/en_US\/wp-json\/wp\/v2\/product_brand?post=23199"},{"taxonomy":"product_cat","embeddable":true,"href":"https:\/\/tajkertesz.com\/en_US\/wp-json\/wp\/v2\/product_cat?post=23199"},{"taxonomy":"product_tag","embeddable":true,"href":"https:\/\/tajkertesz.com\/en_US\/wp-json\/wp\/v2\/product_tag?post=23199"}],"curies":[{"name":"wp","href":"https:\/\/api.w.org\/{rel}","templated":true}]}}