{"id":2332,"date":"2020-10-27T14:56:13","date_gmt":"2020-10-27T14:56:13","guid":{"rendered":"https:\/\/tajkertesz.com\/?post_type=product&#038;p=2332"},"modified":"2026-03-17T14:23:30","modified_gmt":"2026-03-17T14:23:30","slug":"cupressocyparis-leylandii-leylandi-ciprus-4","status":"publish","type":"product","link":"https:\/\/tajkertesz.com\/en_US\/product\/cupressocyparis-leylandii-leylandi-ciprus-4\/","title":{"rendered":"Cupressocyparis leylandii &#8211; Leylandi ciprus"},"content":{"rendered":"<h1>Cupressocyparis leylandii &#8211; Leylandi ciprus<\/h1>\n<p data-start=\"462\" data-end=\"752\">A Cupressocyparis leylandii &#8211; Leylandi ciprus\u00a0rendk\u00edv\u00fcl gyors n\u00f6veked\u00e9s\u0171 \u00f6r\u00f6kz\u00f6ld n\u00f6v\u00e9ny, amely ide\u00e1lis v\u00e1laszt\u00e1s s\u00f6v\u00e9ny kialak\u00edt\u00e1s\u00e1hoz. S\u0171r\u0171 \u00e1grendszer\u00e9nek k\u00f6sz\u00f6nhet\u0151en kiv\u00e1l\u00f3an alkalmas bel\u00e1t\u00e1sg\u00e1tl\u00f3 z\u00f6ldfal l\u00e9trehoz\u00e1s\u00e1ra, \u00edgy biztos\u00edtja a kert intimit\u00e1s\u00e1t eg\u00e9sz \u00e9vben.<\/p>\n<p data-start=\"754\" data-end=\"973\">A leylandi ciprus \u00e9vente ak\u00e1r 60\u2013100 cm-t is n\u00f6vekedhet megfelel\u0151 k\u00f6r\u00fclm\u00e9nyek k\u00f6z\u00f6tt, ez\u00e9rt az egyik leggyorsabb megold\u00e1s, ha r\u00f6vid id\u0151 alatt szeretne magas s\u00f6v\u00e9nyt. Lombozata friss z\u00f6ld sz\u00edn\u0171, amely t\u00e9len is megmarad.<\/p>\n<h2 data-section-id=\"rdboy7\" data-start=\"975\" data-end=\"997\">\ud83c\udf3f Cupressocyparis leylandii jellemz\u0151i:<\/h2>\n<ul data-start=\"998\" data-end=\"1246\">\n<li data-section-id=\"1yvuyhe\" data-start=\"998\" data-end=\"1046\">\n<p data-start=\"1000\" data-end=\"1046\">Magass\u00e1g: 10\u201320 m (metsz\u00e9ssel szab\u00e1lyozhat\u00f3)<\/p>\n<\/li>\n<li data-section-id=\"18xgnf8\" data-start=\"1047\" data-end=\"1090\">\n<p data-start=\"1049\" data-end=\"1090\">N\u00f6veked\u00e9s: nagyon gyors (\u00e9vi 60\u2013100 cm)<\/p>\n<\/li>\n<li data-section-id=\"1i30lam\" data-start=\"1091\" data-end=\"1115\">\n<p data-start=\"1093\" data-end=\"1115\">Lomb: \u00f6r\u00f6kz\u00f6ld, s\u0171r\u0171<\/p>\n<\/li>\n<li data-section-id=\"11ar7kj\" data-start=\"1116\" data-end=\"1150\">\n<p data-start=\"1118\" data-end=\"1150\">F\u00e9nyig\u00e9ny: napos \u2013 f\u00e9l\u00e1rny\u00e9kos<\/p>\n<\/li>\n<li data-section-id=\"16zm0oa\" data-start=\"1151\" data-end=\"1209\">\n<p data-start=\"1153\" data-end=\"1209\">Talajig\u00e9ny: j\u00f3 v\u00edzelvezet\u00e9s\u0171, t\u00e1panyagban gazdag talaj<\/p>\n<\/li>\n<li data-section-id=\"p5wg4b\" data-start=\"1210\" data-end=\"1246\">\n<p data-start=\"1212\" data-end=\"1246\">T\u00e9l\u00e1ll\u00f3s\u00e1g: j\u00f3 fagyt\u0171r\u0151 k\u00e9pess\u00e9g<\/p>\n<\/li>\n<\/ul>\n<h3 data-section-id=\"1q3asrl\" data-start=\"1248\" data-end=\"1275\">\ud83c\udf31 \u00dcltet\u00e9s \u00e9s gondoz\u00e1s:<\/h3>\n<p data-start=\"1276\" data-end=\"1516\">A <em data-start=\"1278\" data-end=\"1305\">Cupressocyparis leylandii<\/em> napos vagy f\u00e9l\u00e1rny\u00e9kos helyen fejl\u0151dik a legjobban. S\u00f6v\u00e9ny eset\u00e9n aj\u00e1nlott \u00fcltet\u00e9si t\u00e1vols\u00e1g 60\u2013100 cm. A gyors n\u00f6veked\u00e9s miatt \u00e9vente 1\u20132 alkalommal metszeni sz\u00fcks\u00e9ges a k\u00edv\u00e1nt forma \u00e9s s\u0171r\u0171s\u00e9g fenntart\u00e1s\u00e1hoz.<\/p>\n<p data-start=\"1518\" data-end=\"1611\">Rendszeres \u00f6nt\u00f6z\u00e9st ig\u00e9nyel a telep\u00edt\u00e9st k\u00f6vet\u0151 id\u0151szakban, k\u00e9s\u0151bb m\u00e9rs\u00e9kelten sz\u00e1razs\u00e1gt\u0171r\u0151.<\/p>\n<h4><strong>\ud83d\udd04 K\u00e9szletinform\u00e1ci\u00f3<\/strong><\/h4>\n<p><strong>K\u00e9szlet\u00fcnk napi szinten v\u00e1ltozik, \u00edgy a webshopban szerepl<\/strong><strong>\u0151<\/strong><strong>\u00a0term\u00e9kek el\u00e9rhet<\/strong><strong>\u0151<\/strong><strong>s\u00e9ge nem garant\u00e1lt.<br \/>\n\ud83d\udcde A megrendel\u00e9s el<\/strong><strong>\u0151<\/strong><strong>tt k\u00e9rj\u00fck, \u00e9rdekl<\/strong><strong>\u0151<\/strong><strong>dj\u00f6n szem\u00e9lyesen, telefonon vagy e-mailben!<\/strong><\/p>\n<h4><strong>\u27a1\ufe0f Kapcsolat:<\/strong><\/h4>\n<ul>\n<li><strong>Weboldal:\u00a0<\/strong><a href=\"https:\/\/tajkertesz.com\/\"><strong>tajkertesz.com<\/strong><\/a><\/li>\n<li><strong>Facebook:\u00a0<\/strong><a href=\"https:\/\/www.facebook.com\/tajkertesz\/\"><strong>facebook.com\/tajkertesz<\/strong><\/a><\/li>\n<li><strong>Telefonsz\u00e1m, e-mail: +36\/20-319-3770\u00a0<\/strong><a href=\"mailto:tajkerteszaruda@gmail.com\"><strong>tajkerteszaruda@gmail.com<\/strong><\/a><\/li>\n<\/ul>\n<h4><strong>\ud83d\ude9a Sz\u00e1ll\u00edt\u00e1si inform\u00e1ci\u00f3k<\/strong><\/h4>\n<p><strong>A megrendelt n\u00f6v\u00e9nyek kisz\u00e1ll\u00edt\u00e1sa az al\u00e1bbi felt\u00e9telek mellett t\u00f6rt\u00e9nik:<\/strong><\/p>\n<h4><strong>\ud83d\udce6 Fut\u00e1rszolg\u00e1latos sz\u00e1ll\u00edt\u00e1s<\/strong><\/h4>\n<ul>\n<li><strong>Maxim\u00e1lis m\u00e9ret: 200 cm (hossz\u00fas\u00e1g)<\/strong><\/li>\n<li><strong>Maxim\u00e1lis s\u00faly: 40 kg<\/strong><\/li>\n<li><strong>Az enn\u00e9l kisebb \u00e9s k\u00f6nnyebb csomagokat fut\u00e1rszolg\u00e1lattal k\u00e9zbes\u00edtj\u00fck a lehet<\/strong><strong>\u0151<\/strong><strong>\u00a0legbiztons\u00e1gosabb csomagol\u00e1sban.<\/strong><\/li>\n<\/ul>\n<h4><strong>\ud83d\udefb Szem\u00e9lyes \u00e1tv\u00e9tel<\/strong><\/h4>\n<ul>\n<li><strong>1173 Budapest, Bakancsos utca 7. sz\u00e1m alatt nyitvatart\u00e1si id<\/strong><strong>\u0151<\/strong><strong>ben szem\u00e9lyesen \u00e1tvehet<\/strong><strong>\u0151<\/strong><strong>\u00a0kert\u00e9szeti \u00e1rud\u00e1nkban.<\/strong><\/li>\n<li><strong>K\u00f6lts\u00e9ghat\u00e9kony megold\u00e1s nagyobb, t\u00f6r\u00e9kenyebb vagy t\u00falm\u00e9retes n\u00f6v\u00e9nyek eset\u00e9n.<\/strong><\/li>\n<\/ul>\n<h4><strong>\ud83d\udcde Nagy m\u00e9ret<\/strong><strong>\u0171<\/strong><strong>\u00a0vagy s\u00faly\u00fa n\u00f6v\u00e9nyek eset\u00e9n<\/strong><\/h4>\n<p><strong>Ha a term\u00e9k:<\/strong><\/p>\n<ul>\n<li><strong>meghaladja a 200 cm hossz\u00fas\u00e1got vagy<\/strong><\/li>\n<li><strong>meghaladja a 40 kg s\u00falyt,<\/strong><\/li>\n<\/ul>\n<p><strong>akkor szem\u00e9lyes \u00e1tv\u00e9tellel vagy egyedi, el<\/strong><strong>\u0151<\/strong><strong>re egyeztetett sz\u00e1ll\u00edt\u00e1si felt\u00e9telek mellett t\u00f6rt\u00e9nik.<br \/>\nK\u00e9rj\u00fck, ilyen esetben rendel\u00e9s el<\/strong><strong>\u0151<\/strong><strong>tt vegye fel vel\u00fcnk a kapcsolatot, hogy a lehet<\/strong><strong>\u0151<\/strong><strong>\u00a0legmegfelel<\/strong><strong>\u0151<\/strong><strong>bb sz\u00e1ll\u00edt\u00e1si megold\u00e1st k\u00edn\u00e1lhassuk.<\/strong><\/p>\n<p><strong>\ud83d\udd14 Fontos: A n\u00f6v\u00e9nyeket minden esetben igyeksz\u00fcnk gondosan, egyes\u00e9vel csomagolni, azonban a sz\u00e1ll\u00edt\u00e1s sor\u00e1n kisebb eszt\u00e9tikai s\u00e9r\u00fcl\u00e9sek el<\/strong><strong>\u0151<\/strong><strong>fordulhatnak (pl. lev\u00e9lhull\u00e1s). Ez nem min<\/strong><strong>\u0151<\/strong><strong>s\u00fcl hib\u00e1s teljes\u00edt\u00e9snek.<\/strong><\/p>\n<h4><strong>\ud83d\udcf7 Fontos tudni a k\u00e9pekr<\/strong><strong>\u0151<\/strong><strong>l<\/strong><\/h4>\n<p><strong>A webshopban szerepl<\/strong><strong>\u0151<\/strong><strong>\u00a0k\u00e9pek illusztr\u00e1ci\u00f3k, a n\u00f6v\u00e9nyek term\u00e9szet\u00fckn\u00e9l fogva egyediek, \u00edgy m\u00e9retben, alakban \u00e9s sz\u00ednben minim\u00e1lis elt\u00e9r\u00e9sek el<\/strong><strong>\u0151<\/strong><strong>fordulhatnak a k\u00e9pen l\u00e1that\u00f3 \u00e9s a val\u00f3s p\u00e9ld\u00e1nyok k\u00f6z\u00f6tt.<\/strong><\/p>\n<h4><strong>\ud83e\uddfe \u00c1rak \u00e9s el\u00e1ll\u00e1si jog<\/strong><\/h4>\n<ul>\n<li><strong>Az \u00e1rak egy darab\u00a0n\u00f6v\u00e9nyre vonatkoznak.<\/strong><\/li>\n<li><strong>\u00c9l<\/strong><strong>\u0151<\/strong><strong>\u00a0n\u00f6v\u00e9nyek rendel\u00e9se eset\u00e9n a 14 napos el\u00e1ll\u00e1s joga nem \u00e9rv\u00e9nyes\u00edthet<\/strong><strong>\u0151<\/strong><strong>, mivel azok romland\u00f3, biol\u00f3giailag \u00e9l<\/strong><strong>\u0151<\/strong><strong>\u00a0term\u00e9keknek min<\/strong><strong>\u0151<\/strong><strong>s\u00fclnek.<br \/>\n\ud83d\udd12 (17\/1999. (II. 5.) Korm. rendelet 5. \u00a7 c) pontja alapj\u00e1n)<\/strong><\/li>\n<\/ul>\n<h4><strong>\ud83d\udce6 K\u00e9zbes\u00edt\u00e9s ut\u00e1ni teend<\/strong><strong>\u0151<\/strong><strong>k<\/strong><\/h4>\n<p><strong>A k\u00e9zbes\u00edt\u00e9st k\u00f6vet<\/strong><strong>\u0151<\/strong><strong>en a csomagot azonnal bontsuk ki, \u00e9s a n\u00f6v\u00e9nyt helyezz\u00fck el megfelel<\/strong><strong>\u0151<\/strong><strong>\u00a0k\u00f6rnyezetben.<br \/>\nFontos: ha a n\u00f6v\u00e9ny nem r\u00e9szes\u00fcl megfelel<\/strong><strong>\u0151<\/strong><strong>\u00a0gondoz\u00e1sban \u00e9s ennek k\u00f6vetkezt\u00e9ben k\u00e1rosodik vagy elpusztul, felel<\/strong><strong>\u0151<\/strong><strong>ss\u00e9get nem tudunk v\u00e1llalni.<\/strong><\/p>","protected":false},"excerpt":{"rendered":"<p data-start=\"272\" data-end=\"410\">A <em data-start=\"274\" data-end=\"301\">Cupressocyparis leylandii<\/em> az egyik legn\u00e9pszer\u0171bb gyors n\u00f6veked\u00e9s\u0171 \u00f6r\u00f6kz\u00f6ld s\u00f6v\u00e9nyn\u00f6v\u00e9ny, amely s\u0171r\u0171, z\u00e1rt falat k\u00e9pez r\u00f6vid id\u0151 alatt.<\/p>\n<p data-start=\"272\" data-end=\"410\">M\u00e9rete: 200\/250 cm magas, 25 literes kont\u00e9nerben.<\/p>\n<p data-start=\"272\" data-end=\"410\">M\u00c9RETE MIATT FUT\u00c1RSZOLG\u00c1LATTAL NEM SZ\u00c1LL\u00cdTHAT\u00d3!<\/p>","protected":false},"featured_media":12389,"template":"","meta":{"_et_pb_use_builder":"","_et_pb_old_content":"","_et_gb_content_width":""},"product_brand":[],"product_cat":[5166],"product_tag":[759,761,760,528,762,763],"class_list":{"0":"post-2332","1":"product","2":"type-product","3":"status-publish","4":"has-post-thumbnail","6":"product_cat-leylandii-ciprus","7":"product_tag-cupressocyparis-leylandii","8":"product_tag-lejlandi","9":"product_tag-leylandi-ciprus","10":"product_tag-soveny","11":"product_tag-sovenynek","12":"product_tag-sovenynoveny","14":"first","15":"instock","16":"shipping-taxable","17":"purchasable","18":"product-type-simple"},"yoast_head":"<!-- This site is optimized with the Yoast SEO plugin v27.5 - https:\/\/yoast.com\/product\/yoast-seo-wordpress\/ -->\n<title>Cupressocyparis leylandii - Leylandi ciprus - T\u00e1jkert\u00e9sz<\/title>\n<meta name=\"description\" content=\"A Cupressocyparis leylandii ,Leylandi ciprus az egyik legn\u00e9pszer\u0171bb s\u00f6v\u00e9nynek val\u00f3 \u00f6r\u00f6kz\u00f6ld , mely a leggyorsabban is n\u00f6vekszik.\u00a0\" \/>\n<meta name=\"robots\" content=\"index, follow, max-snippet:-1, max-image-preview:large, max-video-preview:-1\" \/>\n<link rel=\"canonical\" href=\"https:\/\/tajkertesz.com\/en_US\/product\/cupressocyparis-leylandii-leylandi-ciprus-4\/\" \/>\n<meta property=\"og:locale\" content=\"en_US\" \/>\n<meta property=\"og:type\" content=\"article\" \/>\n<meta property=\"og:title\" content=\"Cupressocyparis leylandii - Leylandi ciprus - T\u00e1jkert\u00e9sz\" \/>\n<meta property=\"og:description\" content=\"A Cupressocyparis leylandii ,Leylandi ciprus az egyik legn\u00e9pszer\u0171bb s\u00f6v\u00e9nynek val\u00f3 \u00f6r\u00f6kz\u00f6ld , mely a leggyorsabban is n\u00f6vekszik.\u00a0\" \/>\n<meta property=\"og:url\" content=\"https:\/\/tajkertesz.com\/en_US\/product\/cupressocyparis-leylandii-leylandi-ciprus-4\/\" \/>\n<meta property=\"og:site_name\" content=\"T\u00e1jkert\u00e9sz\" \/>\n<meta property=\"article:publisher\" content=\"https:\/\/www.facebook.com\/Tajkertesz\/\" \/>\n<meta property=\"article:modified_time\" content=\"2026-03-17T14:23:30+00:00\" \/>\n<meta property=\"og:image\" content=\"https:\/\/tajkertesz.com\/wp-content\/uploads\/2020\/10\/20220211_162902-scaled.jpg\" \/>\n\t<meta property=\"og:image:width\" content=\"1920\" \/>\n\t<meta property=\"og:image:height\" content=\"1132\" \/>\n\t<meta property=\"og:image:type\" content=\"image\/jpeg\" \/>\n<meta name=\"twitter:card\" content=\"summary_large_image\" \/>\n<meta name=\"twitter:label1\" content=\"Est. reading time\" \/>\n\t<meta name=\"twitter:data1\" content=\"3 minutes\" \/>\n<script type=\"application\/ld+json\" class=\"yoast-schema-graph\">{\"@context\":\"https:\\\/\\\/schema.org\",\"@graph\":[{\"@type\":\"WebPage\",\"@id\":\"https:\\\/\\\/tajkertesz.com\\\/termek\\\/cupressocyparis-leylandii-leylandi-ciprus-4\\\/\",\"url\":\"https:\\\/\\\/tajkertesz.com\\\/termek\\\/cupressocyparis-leylandii-leylandi-ciprus-4\\\/\",\"name\":\"Cupressocyparis leylandii - Leylandi ciprus - T\u00e1jkert\u00e9sz\",\"isPartOf\":{\"@id\":\"https:\\\/\\\/tajkertesz.com\\\/#website\"},\"primaryImageOfPage\":{\"@id\":\"https:\\\/\\\/tajkertesz.com\\\/termek\\\/cupressocyparis-leylandii-leylandi-ciprus-4\\\/#primaryimage\"},\"image\":{\"@id\":\"https:\\\/\\\/tajkertesz.com\\\/termek\\\/cupressocyparis-leylandii-leylandi-ciprus-4\\\/#primaryimage\"},\"thumbnailUrl\":\"https:\\\/\\\/tajkertesz.com\\\/wp-content\\\/uploads\\\/2020\\\/10\\\/20220211_162902-scaled.jpg\",\"datePublished\":\"2020-10-27T14:56:13+00:00\",\"dateModified\":\"2026-03-17T14:23:30+00:00\",\"description\":\"A Cupressocyparis leylandii ,Leylandi ciprus az egyik legn\u00e9pszer\u0171bb s\u00f6v\u00e9nynek val\u00f3 \u00f6r\u00f6kz\u00f6ld , mely a leggyorsabban is n\u00f6vekszik.\u00a0\",\"breadcrumb\":{\"@id\":\"https:\\\/\\\/tajkertesz.com\\\/termek\\\/cupressocyparis-leylandii-leylandi-ciprus-4\\\/#breadcrumb\"},\"inLanguage\":\"en-US\",\"potentialAction\":[{\"@type\":\"ReadAction\",\"target\":[\"https:\\\/\\\/tajkertesz.com\\\/termek\\\/cupressocyparis-leylandii-leylandi-ciprus-4\\\/\"]}]},{\"@type\":\"ImageObject\",\"inLanguage\":\"en-US\",\"@id\":\"https:\\\/\\\/tajkertesz.com\\\/termek\\\/cupressocyparis-leylandii-leylandi-ciprus-4\\\/#primaryimage\",\"url\":\"https:\\\/\\\/tajkertesz.com\\\/wp-content\\\/uploads\\\/2020\\\/10\\\/20220211_162902-scaled.jpg\",\"contentUrl\":\"https:\\\/\\\/tajkertesz.com\\\/wp-content\\\/uploads\\\/2020\\\/10\\\/20220211_162902-scaled.jpg\",\"width\":1920,\"height\":1132,\"caption\":\"Cupressocyparis leylandii - Leylandi ciprus\"},{\"@type\":\"BreadcrumbList\",\"@id\":\"https:\\\/\\\/tajkertesz.com\\\/termek\\\/cupressocyparis-leylandii-leylandi-ciprus-4\\\/#breadcrumb\",\"itemListElement\":[{\"@type\":\"ListItem\",\"position\":1,\"name\":\"Home\",\"item\":\"https:\\\/\\\/tajkertesz.com\\\/\"},{\"@type\":\"ListItem\",\"position\":2,\"name\":\"Kezd\u0151lap\",\"item\":\"https:\\\/\\\/tajkertesz.com\\\/\"},{\"@type\":\"ListItem\",\"position\":3,\"name\":\"Cupressocyparis leylandii &#8211; Leylandi ciprus\"}]},{\"@type\":\"WebSite\",\"@id\":\"https:\\\/\\\/tajkertesz.com\\\/#website\",\"url\":\"https:\\\/\\\/tajkertesz.com\\\/\",\"name\":\"T\u00e1j-Kert\u00e9sz 84 Kft.\",\"description\":\"Kert\u00e9szeti kis- \u00e9s nagykeresked\u00e9s, D\u00edszn\u00f6v\u00e9ny web\u00e1ruh\u00e1z orsz\u00e1gos h\u00e1zhozsz\u00e1ll\u00edt\u00e1ssal!\",\"publisher\":{\"@id\":\"https:\\\/\\\/tajkertesz.com\\\/#organization\"},\"potentialAction\":[{\"@type\":\"SearchAction\",\"target\":{\"@type\":\"EntryPoint\",\"urlTemplate\":\"https:\\\/\\\/tajkertesz.com\\\/?s={search_term_string}\"},\"query-input\":{\"@type\":\"PropertyValueSpecification\",\"valueRequired\":true,\"valueName\":\"search_term_string\"}}],\"inLanguage\":\"en-US\"},{\"@type\":\"Organization\",\"@id\":\"https:\\\/\\\/tajkertesz.com\\\/#organization\",\"name\":\"T\u00e1j-Kert\u00e9sz 84 Kft.\",\"url\":\"https:\\\/\\\/tajkertesz.com\\\/\",\"logo\":{\"@type\":\"ImageObject\",\"inLanguage\":\"en-US\",\"@id\":\"https:\\\/\\\/tajkertesz.com\\\/#\\\/schema\\\/logo\\\/image\\\/\",\"url\":\"https:\\\/\\\/tajkertesz.com\\\/wp-content\\\/uploads\\\/2018\\\/02\\\/logo-2-e1518678052539.png\",\"contentUrl\":\"https:\\\/\\\/tajkertesz.com\\\/wp-content\\\/uploads\\\/2018\\\/02\\\/logo-2-e1518678052539.png\",\"width\":81,\"height\":140,\"caption\":\"T\u00e1j-Kert\u00e9sz 84 Kft.\"},\"image\":{\"@id\":\"https:\\\/\\\/tajkertesz.com\\\/#\\\/schema\\\/logo\\\/image\\\/\"},\"sameAs\":[\"https:\\\/\\\/www.facebook.com\\\/Tajkertesz\\\/\"]}]}<\/script>\n<!-- \/ Yoast SEO plugin. -->","yoast_head_json":{"title":"Cupressocyparis leylandii - Leylandi ciprus - T\u00e1jkert\u00e9sz","description":"A Cupressocyparis leylandii ,Leylandi ciprus az egyik legn\u00e9pszer\u0171bb s\u00f6v\u00e9nynek val\u00f3 \u00f6r\u00f6kz\u00f6ld , mely a leggyorsabban is n\u00f6vekszik.\u00a0","robots":{"index":"index","follow":"follow","max-snippet":"max-snippet:-1","max-image-preview":"max-image-preview:large","max-video-preview":"max-video-preview:-1"},"canonical":"https:\/\/tajkertesz.com\/en_US\/product\/cupressocyparis-leylandii-leylandi-ciprus-4\/","og_locale":"en_US","og_type":"article","og_title":"Cupressocyparis leylandii - Leylandi ciprus - T\u00e1jkert\u00e9sz","og_description":"A Cupressocyparis leylandii ,Leylandi ciprus az egyik legn\u00e9pszer\u0171bb s\u00f6v\u00e9nynek val\u00f3 \u00f6r\u00f6kz\u00f6ld , mely a leggyorsabban is n\u00f6vekszik.\u00a0","og_url":"https:\/\/tajkertesz.com\/en_US\/product\/cupressocyparis-leylandii-leylandi-ciprus-4\/","og_site_name":"T\u00e1jkert\u00e9sz","article_publisher":"https:\/\/www.facebook.com\/Tajkertesz\/","article_modified_time":"2026-03-17T14:23:30+00:00","og_image":[{"width":1920,"height":1132,"url":"https:\/\/tajkertesz.com\/wp-content\/uploads\/2020\/10\/20220211_162902-scaled.jpg","type":"image\/jpeg"}],"twitter_card":"summary_large_image","twitter_misc":{"Est. reading time":"3 minutes"},"schema":{"@context":"https:\/\/schema.org","@graph":[{"@type":"WebPage","@id":"https:\/\/tajkertesz.com\/termek\/cupressocyparis-leylandii-leylandi-ciprus-4\/","url":"https:\/\/tajkertesz.com\/termek\/cupressocyparis-leylandii-leylandi-ciprus-4\/","name":"Cupressocyparis leylandii - Leylandi ciprus - T\u00e1jkert\u00e9sz","isPartOf":{"@id":"https:\/\/tajkertesz.com\/#website"},"primaryImageOfPage":{"@id":"https:\/\/tajkertesz.com\/termek\/cupressocyparis-leylandii-leylandi-ciprus-4\/#primaryimage"},"image":{"@id":"https:\/\/tajkertesz.com\/termek\/cupressocyparis-leylandii-leylandi-ciprus-4\/#primaryimage"},"thumbnailUrl":"https:\/\/tajkertesz.com\/wp-content\/uploads\/2020\/10\/20220211_162902-scaled.jpg","datePublished":"2020-10-27T14:56:13+00:00","dateModified":"2026-03-17T14:23:30+00:00","description":"A Cupressocyparis leylandii ,Leylandi ciprus az egyik legn\u00e9pszer\u0171bb s\u00f6v\u00e9nynek val\u00f3 \u00f6r\u00f6kz\u00f6ld , mely a leggyorsabban is n\u00f6vekszik.\u00a0","breadcrumb":{"@id":"https:\/\/tajkertesz.com\/termek\/cupressocyparis-leylandii-leylandi-ciprus-4\/#breadcrumb"},"inLanguage":"en-US","potentialAction":[{"@type":"ReadAction","target":["https:\/\/tajkertesz.com\/termek\/cupressocyparis-leylandii-leylandi-ciprus-4\/"]}]},{"@type":"ImageObject","inLanguage":"en-US","@id":"https:\/\/tajkertesz.com\/termek\/cupressocyparis-leylandii-leylandi-ciprus-4\/#primaryimage","url":"https:\/\/tajkertesz.com\/wp-content\/uploads\/2020\/10\/20220211_162902-scaled.jpg","contentUrl":"https:\/\/tajkertesz.com\/wp-content\/uploads\/2020\/10\/20220211_162902-scaled.jpg","width":1920,"height":1132,"caption":"Cupressocyparis leylandii - Leylandi ciprus"},{"@type":"BreadcrumbList","@id":"https:\/\/tajkertesz.com\/termek\/cupressocyparis-leylandii-leylandi-ciprus-4\/#breadcrumb","itemListElement":[{"@type":"ListItem","position":1,"name":"Home","item":"https:\/\/tajkertesz.com\/"},{"@type":"ListItem","position":2,"name":"Kezd\u0151lap","item":"https:\/\/tajkertesz.com\/"},{"@type":"ListItem","position":3,"name":"Cupressocyparis leylandii &#8211; Leylandi ciprus"}]},{"@type":"WebSite","@id":"https:\/\/tajkertesz.com\/#website","url":"https:\/\/tajkertesz.com\/","name":"T\u00e1j-Kert\u00e9sz 84 Kft.","description":"Kert\u00e9szeti kis- \u00e9s nagykeresked\u00e9s, D\u00edszn\u00f6v\u00e9ny web\u00e1ruh\u00e1z orsz\u00e1gos h\u00e1zhozsz\u00e1ll\u00edt\u00e1ssal!","publisher":{"@id":"https:\/\/tajkertesz.com\/#organization"},"potentialAction":[{"@type":"SearchAction","target":{"@type":"EntryPoint","urlTemplate":"https:\/\/tajkertesz.com\/?s={search_term_string}"},"query-input":{"@type":"PropertyValueSpecification","valueRequired":true,"valueName":"search_term_string"}}],"inLanguage":"en-US"},{"@type":"Organization","@id":"https:\/\/tajkertesz.com\/#organization","name":"T\u00e1j-Kert\u00e9sz 84 Kft.","url":"https:\/\/tajkertesz.com\/","logo":{"@type":"ImageObject","inLanguage":"en-US","@id":"https:\/\/tajkertesz.com\/#\/schema\/logo\/image\/","url":"https:\/\/tajkertesz.com\/wp-content\/uploads\/2018\/02\/logo-2-e1518678052539.png","contentUrl":"https:\/\/tajkertesz.com\/wp-content\/uploads\/2018\/02\/logo-2-e1518678052539.png","width":81,"height":140,"caption":"T\u00e1j-Kert\u00e9sz 84 Kft."},"image":{"@id":"https:\/\/tajkertesz.com\/#\/schema\/logo\/image\/"},"sameAs":["https:\/\/www.facebook.com\/Tajkertesz\/"]}]}},"_links":{"self":[{"href":"https:\/\/tajkertesz.com\/en_US\/wp-json\/wp\/v2\/product\/2332","targetHints":{"allow":["GET"]}}],"collection":[{"href":"https:\/\/tajkertesz.com\/en_US\/wp-json\/wp\/v2\/product"}],"about":[{"href":"https:\/\/tajkertesz.com\/en_US\/wp-json\/wp\/v2\/types\/product"}],"wp:featuredmedia":[{"embeddable":true,"href":"https:\/\/tajkertesz.com\/en_US\/wp-json\/wp\/v2\/media\/12389"}],"wp:attachment":[{"href":"https:\/\/tajkertesz.com\/en_US\/wp-json\/wp\/v2\/media?parent=2332"}],"wp:term":[{"taxonomy":"product_brand","embeddable":true,"href":"https:\/\/tajkertesz.com\/en_US\/wp-json\/wp\/v2\/product_brand?post=2332"},{"taxonomy":"product_cat","embeddable":true,"href":"https:\/\/tajkertesz.com\/en_US\/wp-json\/wp\/v2\/product_cat?post=2332"},{"taxonomy":"product_tag","embeddable":true,"href":"https:\/\/tajkertesz.com\/en_US\/wp-json\/wp\/v2\/product_tag?post=2332"}],"curies":[{"name":"wp","href":"https:\/\/api.w.org\/{rel}","templated":true}]}}