{"id":23365,"date":"2025-05-06T06:34:36","date_gmt":"2025-05-06T06:34:36","guid":{"rendered":"https:\/\/tajkertesz.com\/?post_type=product&#038;p=23365"},"modified":"2025-10-11T13:29:34","modified_gmt":"2025-10-11T13:29:34","slug":"danuba-asco-tengeri-alga-lombtragya-02l","status":"publish","type":"product","link":"https:\/\/tajkertesz.com\/en_US\/product\/danuba-asco-tengeri-alga-lombtragya-02l\/","title":{"rendered":"Danuba Asco tengeri alga lombtr\u00e1gya 0,2L."},"content":{"rendered":"<h1>Danuba Asco tengeri alga lombtr\u00e1gya 0,2L.<\/h1>\n<p>Danuba Asco tengeri alga lombtr\u00e1gya 0,2L.<\/p>\n<p><b>D\u00f3zis:\u00a0<\/b>15-20 kg\/hekt\u00e1r vagy egy m\u00e9r\u0151kan\u00e1llal \u00fcltet\u0151 g\u00f6dr\u00f6nk\u00e9nt.<\/p>\n<div class=\"elementor-element elementor-element-857caab elementor-widget elementor-widget-heading\" data-id=\"857caab\" data-element_type=\"widget\" data-widget_type=\"heading.default\">\n<h2 class=\"elementor-widget-container\">Mi\u00e9rt ezt v\u00e1lasszam az alga lombtr\u00e1gy\u00e1t?<\/h2>\n<\/div>\n<div class=\"elementor-element elementor-element-94ccfe8 elementor-widget elementor-widget-jet-listing-dynamic-field\" data-id=\"94ccfe8\" data-element_type=\"widget\" data-widget_type=\"jet-listing-dynamic-field.default\">\n<div class=\"elementor-widget-container\">\n<div class=\"jet-listing jet-listing-dynamic-field display-inline\">\n<div class=\"jet-listing-dynamic-field__inline-wrap\">\n<div class=\"jet-listing-dynamic-field__content\">\n<ol class=\"wp-block-list\">\n<li>\u00c9rdemes megn\u00e9zni, hogy mi a term\u00e9k alga koncentr\u00e1ci\u00f3ja. Ha az k\u00f6zel\u00edt a 20%-hoz, akkor magas hat\u00f3anyagtartalm\u00fa term\u00e9kr\u0151l besz\u00e9l\u00fcnk. \u00dcgyelj\u00fcnk arra, hogy ne t\u00e9vesszen meg minket az alga koncentr\u00e1tum kifejez\u00e9s, mert az nem azonos az alga tartalommal. Az Asco alga term\u00e9k hat\u00f3anyagtartalma olyan magas, hogy m\u00e1r kr\u00e9mes \u00e1llag\u00fa, de tov\u00e1bbra is 100% v\u00edzold\u00e9kony.<\/li>\n<li>Nem mindegy az sem, hogy mely algafajt tartalmazza a k\u00e9sz\u00edtm\u00e9ny. Ha Ascophyllum nodosum t\u00edpus\u00fa alg\u00e1b\u00f3l k\u00e9sz\u00fclt term\u00e9ket v\u00e1s\u00e1rolunk, akkor az ink\u00e1bb az intenz\u00edv n\u00f6veked\u00e9st \u00e9s fejl\u0151d\u00e9t t\u00e1mogatja. Az Ecklonia maxima (Kelpak) pedig a gy\u00f6keresed\u00e9st \u00e9s a vir\u00e1gz\u00e1st els\u0151sorban.<\/li>\n<li>\u00c9rdemesebb\u00a0tiszta, tov\u00e1bbi adal\u00e9kokt\u00f3l mentes alga\u00a0term\u00e9ket v\u00e1s\u00e1rolni, mert az nagyobb val\u00f3sz\u00edn\u0171s\u00e9g szerint bio, \u00e9s nem cs\u00f6kkenti a term\u00e9k hat\u00f3anyagtartalm\u00e1t olcs\u00f3bb t\u00e1pelemekkel.<\/li>\n<\/ol>\n<div class=\"page\" title=\"Page 8\">\n<div class=\"layoutArea\">\n<div class=\"column\">\n<h3><strong>Ta\u0301rola\u0301sa<\/strong><\/h3>\n<p>5-30 Celsius ko\u0308zo\u0308tt eredeti csomagola\u0301sban legala\u0301bb 36 ho\u0301napig mego\u030brzi a szavatossa\u0301ga\u0301t. Felbonta\u0301s uta\u0301n mihamarabb kijuttatando\u0301, de szorosan visszaza\u0301rva e\u0301s hu\u030btve ta\u0301rolva 6 ho\u0301napig mino\u030bse\u0301gromla\u0301s ne\u0301lku\u0308l felhaszna\u0301lhato\u0301.<\/p>\n<\/div>\n<\/div>\n<\/div>\n<h3><strong>Alga biostimul\u00e1ns &#8211; mib\u0151l k\u00e9sz\u00fcl?<\/strong><\/h3>\n<div class=\"page\" title=\"Page 8\">\n<div class=\"layoutArea\">\n<div class=\"column\">\n<p>A terme\u0301kben Ascophyllum nodo- sum tengeri alga tala\u0301lhato\u0301. Ezt az alga\u0301t a legtiszta\u0301bb francia tenger- parton, Penmarchban takari\u0301tja\u0301k be. Csak e\u0301rett, e\u0301s nem elo\u0308regedett alga\u0301t gyu\u030bjtenek be ke\u0301zzel, hogy mego\u030brizze\u0301k az alga mezo\u030b e\u0301pse\u0301ge\u0301t! A gya\u0301rto\u0301 az alga\u0301t tiszti\u0301tja e\u0301s sza\u0301- ri\u0301tja. Ezt ko\u0308veto\u030ben hidegen, nagy nyoma\u0301ssal \u201erobbantja\u201d fel az alga sejteket, e\u0301s nyeri ki belo\u030ble a hasz- nos hato\u0301anyagokat.<\/p>\n<p>A ke\u0301peken az Asco Alga alap- anyaga, az Ascophyllum nodosum alga tala\u0301lhato\u0301 apa\u0301ly ideje\u0301n, mikor a tenger visszavonul, e\u0301s sza\u0301razon hagyja az alga\u0301t.<\/p>\n<\/div>\n<\/div>\n<\/div>\n<h3><strong><img decoding=\"async\" class=\"emoji\" role=\"img\" draggable=\"false\" src=\"https:\/\/s.w.org\/images\/core\/emoji\/15.0.3\/svg\/1f1eb-1f1f7.svg\" alt=\"\ud83c\uddeb\ud83c\uddf7\" \/>A Danuba Asco tengeri alga lombtr\u00e1gya sz\u00e1rmaz\u00e1sa<\/strong><\/h3>\n<p class=\"ql-align-justify\">Az Asco Alga Franciaorsz\u00e1g \u00e9szak-nyugati partj\u00e1n\u00e1l ker\u00fcl betakar\u00edt\u00e1sra, ahol rendk\u00edv\u00fcl tiszta a tenger, mert nincs ipari aktivit\u00e1s a k\u00f6rny\u00e9ken. Fontos hogy a tenger vize tiszta legyen, ahol az alga terem, mert az alg\u00e1k koncentr\u00e1lj\u00e1k magukba a tengerb\u0151l felvehet\u0151 anyagokat.<\/p>\n<p class=\"ql-align-justify\">Az Asco Alga gy\u00e1rt\u00e1sa sor\u00e1n semmilyen vegyszert nem sem ker\u00fcl a term\u00e9kbe, mivel azt tiszt\u00edt\u00e1s, \u00e9s k\u00edm\u00e9letes sz\u00e1r\u00edt\u00e1s ut\u00e1n nagy nyom\u00e1ssal pr\u00e9selik. \u00cdgy kinyerve bel\u0151le a sok hasznos komponenst. Ez a pr\u00e9sel\u00e9s k\u00e9pes a sejteket is felnyitni, \u00edgy az azokban tal\u00e1lhat\u00f3 hasznos molekul\u00e1k is beker\u00fclnek a k\u00e9sz term\u00e9kbe.<\/p>\n<h3><b>\u2728 Tov\u00e1bbi inform\u00e1ci\u00f3 a Danuba Asco tengeri alga lombtr\u00e1gya 0,2L term\u00e9k haszn\u00e1lat\u00e1r\u00f3l:<\/b><\/h3>\n<p>\ud83c\udf21\ufe0f\u00a0<strong>Kijuttat\u00e1s\u00a0<\/strong>sor\u00e1n ker\u00fclj\u00fck a magas h\u0151m\u00e9rs\u00e9kleten (25 fok felett) \u00e9s magas UV sug\u00e1rz\u00e1si \u00e9rt\u00e9kek melletti kijuttat\u00e1st, mivel az fokozza a perzsel\u00e9s vesz\u00e9ly\u00e9t! Ez\u00e9rt ide\u00e1lis a k\u00e9s\u0151 d\u00e9lut\u00e1n \u00e9s a kora reggel k\u00f6z\u00f6tti id\u0151szak.<\/p>\n<p><strong>D\u00f3zis<\/strong>: 2 dl Asco Alga-t 10 liter v\u00edzben kell feloldani, 2%-os koncentr\u00e1ci\u00f3ban aj\u00e1nlott kijutttani. Nagyobb d\u00f3zis nem aj\u00e1nlott, hisz az perzselhet. Az Asco Alga sz\u00e1raz h\u0171v\u00f6s helyen a szavatoss\u00e1g\u00e1t 3 \u00e9vig meg\u0151rzi. A term\u00e9k nagyon s\u0171r\u0171, gyakorlatilag alga kr\u00e9m, de kiv\u00e1l\u00f3an old\u00f3dik. Az Asco Alga haszn\u00e1lata nagyobb n\u00f6veked\u00e9st, nagyobb term\u00e9st eredm\u00e9nyez. Ezt pedig a gy\u00fcm\u00f6lcs m\u00e9ret n\u00f6vel\u00e9s\u00e9re lehet felhaszn\u00e1lni. Mi azt javasoljuk, hogy mikor m\u00e1r megjelentek a kis gy\u00fcm\u00f6lcs\u00f6k, akkor haszn\u00e1ljuk a term\u00e9ket 2-4 hetente.<\/p>\n<div>A Danuba Asco tengeri Alga lombtr\u00e1gya 1L. <strong>felbont\u00e1s ut\u00e1n 6<\/strong><b>\u00a0h\u00f3napig<\/b>\u00a0m\u00e9g\u00a0<strong>felhaszn\u00e1lhat\u00f3<\/strong>, ha &#8211; ki\u00f6nt\u00e9s ut\u00e1n azonnal j\u00f3l visszaz\u00e1rjuk, valamint k\u00f6zvetlen nappf\u00e9nyt\u0151l v\u00e9dett, sz\u00e1raz, \u00e9s h\u0171v\u00f6s helyen t\u00e1roljuk (a felbont\u00e1s ut\u00e1ni h\u0171t\u00e9s fontos).<\/div>\n<div><\/div>\n<div><\/div>\n<\/div>\n<\/div>\n<div>\n<p style=\"line-height: 18.0pt; background: white; margin: 0cm 0cm 15.0pt 0cm;\"><b><span style=\"font-family: 'Ubuntu',sans-serif; color: black;\">K\u00e9szlet\u00fcnk napi szinten v\u00e1ltozik, ez\u00e9rt k\u00e9rj\u00fck, \u00e9rdekl\u0151dj\u00f6n szem\u00e9lyesen, telefonon vagy email-en.<br \/>\nA v\u00e1ltoztat\u00e1s jog\u00e1t fenntartjuk!\u00a0<\/span><\/b><\/p>\n<p><a href=\"https:\/\/tajkertesz.com\/\">https:\/\/tajkertesz.com\/<\/a><\/p>\n<p><a href=\"https:\/\/www.facebook.com\/tajkertesz\/\">https:\/\/www.facebook.com\/tajkertesz\/<\/a><\/p>\n<p>Kisz\u00e1ll\u00edt\u00e1s: 200cm-ig \u00e9s 40 kg-ig a sz\u00e1ll\u00edt\u00e1s fut\u00e1rszolg\u00e1lattal t\u00f6rt\u00e9nik.<\/p>\n<p>Szem\u00e9lyes \u00e1tv\u00e9tel nyitvatart\u00e1si id\u0151ben a 17. ker\u00fclet Bakancsos utca 7. sz\u00e1m alatti Kert\u00e9szeti \u00e1rud\u00e1nkban.<\/p>\n<p><b><u>Kert\u00e9p\u00edt\u0151k \u00e9s viszontelad\u00f3k regisztr\u00e1l\u00e1s ut\u00e1n egyedi kedvezm\u00e9nnyel v\u00e1s\u00e1rolhatnak kert\u00e9szeti kis-\u00e9s nagykeresked\u00e9s\u00fcnkben.<\/u><\/b><\/p>\n<p>A logisztikai c\u00e9ggel t\u00f6rt\u00e9n\u0151 sz\u00e1ll\u00edt\u00e1s eset\u00e9n a partnereink\u00a0esetleges a\u00a0cs\u00fasz\u00e1sai\u00e9rt nem v\u00e1llalunk felel\u0151ss\u00e9get!<\/p>\n<p><strong>Az \u00e1rak egy darab term\u00e9kre vonatkoznak.<\/strong><\/p>\n<\/div>\n<\/div>\n<\/div>\n<\/div>","protected":false},"excerpt":{"rendered":"<div><strong>Figyelem! Az 0,2 L-es flakon deform\u00e1l\u00f3dhat! Ez a term\u00e9k min\u0151s\u00e9g\u00e9t nem befoly\u00e1solja!<\/strong><\/div>\n<p><b>D\u00f3zis:<\/b>\u00a02 dl\/10 liter permetl\u00e9<\/p>\n<p><b>Mire j\u00f3 az Asco Alga term\u00e9k\u00fcnk?<\/b><\/p>\n<ol>\n<li>A min\u0151s\u00e9gi alga term\u00e9kek k\u00e9pesek seg\u00edteni a n\u00f6v\u00e9nynek az al\u00e1bbiak eset\u00e9n: asz\u00e1ly, h\u0151stressz, v\u00e1g\u00e1si s\u00e9r\u00fcl\u00e9s, t\u00e1panyaghi\u00e1ny, megterm\u00e9keny\u00fcl\u00e9s, sz\u00ednesed\u00e9s, beltartalom \u00e9s t\u00e1rolhat\u00f3s\u00e1g jav\u00edt\u00e1sa<\/li>\n<li>A tengeri alg\u00e1k rendk\u00edv\u00fcl neh\u00e9z k\u00f6r\u00fclm\u00e9nyek k\u00f6z\u00f6tt k\u00e9nytelenek feln\u0151ni, hiszen az ap\u00e1ly-dag\u00e1ly miatt hol v\u00edzben vannak, hol a tengerparton, hideg meleg \u00e1ramlatok v\u00e1ltakoznak k\u00f6r\u00fcl\u00f6tte, folyamatosan puszt\u00edtj\u00e1k \u0151ket a tengeri \u00e1llatok<\/li>\n<li>Ilyen k\u00f6r\u00fclm\u00e9nyek k\u00f6z\u00f6tt, ha alkalmas a k\u00f6rnyezet, akkor nagyon gyorsan kell n\u0151ni\u00fck<\/li>\n<li>Az alg\u00e1kban k\u00f6zel 100 f\u00e9le hasznos bioakt\u00edv alkot\u00f3elem van, melyek abban seg\u00edtenek, hogy berobbanjon a n\u00f6v\u00e9ny<\/li>\n<\/ol>\n<div class=\"page\" title=\"Page 8\">\n<div class=\"layoutArea\">\n<div class=\"column\">\n<p><strong>Hogyan hat?<\/strong><\/p>\n<p>Az alga\u0301t ma\u0301r az o\u0301korban (Egyiptomiak e\u0301s Ro\u0301maiak) is haszna\u0301lta\u0301k a tengerpartokon, a no\u0308ve\u0301nyek tra\u0301gya\u0301za\u0301sa\u0301ra. Ha az Asco Alga\u0301t ra\u0301permetezzu\u0308k a no\u0308ve\u0301nyeink leveleire, akkor abba pa\u0301r o\u0301ra alatt felsz\u00edvo\u0301dik, e\u0301s to\u0308bb he\u0301ten a\u0301t ta\u0301pla\u0301lja azt.<\/p>\n<\/div>\n<\/div>\n<\/div>\n<p>&nbsp;<\/p>\n<div class=\"page\" title=\"Page 8\">\n<div class=\"layoutArea\">\n<div class=\"column\">\n<p><strong>Hogyan kell kijuttatni?<\/strong><\/p>\n<p>A terme\u0301ket 1-2%-os koncentra\u0301cio\u0301ban kell beoldani, vagyis 10L permetle\u0301be 1-2dl Asco Alga szu\u0308kse\u0301ges. A kezele\u0301st 2-3 hetente e\u0301rdemes megisme\u0301telni.<\/p>\n<\/div>\n<\/div>\n<\/div>","protected":false},"featured_media":22485,"template":"","meta":{"_et_pb_use_builder":"","_et_pb_old_content":"","_et_gb_content_width":""},"product_brand":[],"product_cat":[5639],"product_tag":[5659,5640,5658,5657,5660],"class_list":{"0":"post-23365","1":"product","2":"type-product","3":"status-publish","4":"has-post-thumbnail","6":"product_cat-danuba-garden-termekek","7":"product_tag-asco-alga","8":"product_tag-danuba","9":"product_tag-danubagarden","10":"product_tag-szerves","11":"product_tag-tengeri-alga-krem","13":"first","14":"instock","15":"shipping-taxable","16":"purchasable","17":"product-type-simple"},"yoast_head":"<!-- This site is optimized with the Yoast SEO plugin v27.4 - https:\/\/yoast.com\/product\/yoast-seo-wordpress\/ -->\n<title>Danuba Asco tengeri alga lombtr\u00e1gya 0,2L. - T\u00e1jkert\u00e9sz<\/title>\n<meta name=\"description\" content=\"Danuba Asco tengeri alga lombtr\u00e1gya 0,2L. Legjobb a term\u00e9ket egy kan\u00e1llal a n\u00f6v\u00e9ny gy\u00f6kere al\u00e1 tenni, kicsit \u00f6sszekeverve a talajjal m\u00e9g jobb hat\u00e1st \u00e9rhet\u00fcn\" \/>\n<meta name=\"robots\" content=\"index, follow, max-snippet:-1, max-image-preview:large, max-video-preview:-1\" \/>\n<link rel=\"canonical\" href=\"https:\/\/tajkertesz.com\/en_US\/product\/danuba-asco-tengeri-alga-lombtragya-02l\/\" \/>\n<meta property=\"og:locale\" content=\"en_US\" \/>\n<meta property=\"og:type\" content=\"article\" \/>\n<meta property=\"og:title\" content=\"Danuba Asco tengeri alga lombtr\u00e1gya 0,2L. - T\u00e1jkert\u00e9sz\" \/>\n<meta property=\"og:description\" content=\"Danuba Asco tengeri alga lombtr\u00e1gya 0,2L. Legjobb a term\u00e9ket egy kan\u00e1llal a n\u00f6v\u00e9ny gy\u00f6kere al\u00e1 tenni, kicsit \u00f6sszekeverve a talajjal m\u00e9g jobb hat\u00e1st \u00e9rhet\u00fcn\" \/>\n<meta property=\"og:url\" content=\"https:\/\/tajkertesz.com\/en_US\/product\/danuba-asco-tengeri-alga-lombtragya-02l\/\" \/>\n<meta property=\"og:site_name\" content=\"T\u00e1jkert\u00e9sz\" \/>\n<meta property=\"article:publisher\" content=\"https:\/\/www.facebook.com\/Tajkertesz\/\" \/>\n<meta property=\"article:modified_time\" content=\"2025-10-11T13:29:34+00:00\" \/>\n<meta property=\"og:image\" content=\"https:\/\/tajkertesz.com\/wp-content\/uploads\/2025\/02\/Asco_Alga_hengeres_uj_1L.webp\" \/>\n\t<meta property=\"og:image:width\" content=\"1600\" \/>\n\t<meta property=\"og:image:height\" content=\"1600\" \/>\n\t<meta property=\"og:image:type\" content=\"image\/webp\" \/>\n<meta name=\"twitter:card\" content=\"summary_large_image\" \/>\n<meta name=\"twitter:label1\" content=\"Est. reading time\" \/>\n\t<meta name=\"twitter:data1\" content=\"4 minutes\" \/>\n<script type=\"application\/ld+json\" class=\"yoast-schema-graph\">{\"@context\":\"https:\\\/\\\/schema.org\",\"@graph\":[{\"@type\":\"WebPage\",\"@id\":\"https:\\\/\\\/tajkertesz.com\\\/termek\\\/danuba-asco-tengeri-alga-lombtragya-02l\\\/\",\"url\":\"https:\\\/\\\/tajkertesz.com\\\/termek\\\/danuba-asco-tengeri-alga-lombtragya-02l\\\/\",\"name\":\"Danuba Asco tengeri alga lombtr\u00e1gya 0,2L. - T\u00e1jkert\u00e9sz\",\"isPartOf\":{\"@id\":\"https:\\\/\\\/tajkertesz.com\\\/#website\"},\"primaryImageOfPage\":{\"@id\":\"https:\\\/\\\/tajkertesz.com\\\/termek\\\/danuba-asco-tengeri-alga-lombtragya-02l\\\/#primaryimage\"},\"image\":{\"@id\":\"https:\\\/\\\/tajkertesz.com\\\/termek\\\/danuba-asco-tengeri-alga-lombtragya-02l\\\/#primaryimage\"},\"thumbnailUrl\":\"https:\\\/\\\/tajkertesz.com\\\/wp-content\\\/uploads\\\/2025\\\/02\\\/Asco_Alga_hengeres_uj_1L.webp\",\"datePublished\":\"2025-05-06T06:34:36+00:00\",\"dateModified\":\"2025-10-11T13:29:34+00:00\",\"description\":\"Danuba Asco tengeri alga lombtr\u00e1gya 0,2L. Legjobb a term\u00e9ket egy kan\u00e1llal a n\u00f6v\u00e9ny gy\u00f6kere al\u00e1 tenni, kicsit \u00f6sszekeverve a talajjal m\u00e9g jobb hat\u00e1st \u00e9rhet\u00fcn\",\"breadcrumb\":{\"@id\":\"https:\\\/\\\/tajkertesz.com\\\/termek\\\/danuba-asco-tengeri-alga-lombtragya-02l\\\/#breadcrumb\"},\"inLanguage\":\"en-US\",\"potentialAction\":[{\"@type\":\"ReadAction\",\"target\":[\"https:\\\/\\\/tajkertesz.com\\\/termek\\\/danuba-asco-tengeri-alga-lombtragya-02l\\\/\"]}]},{\"@type\":\"ImageObject\",\"inLanguage\":\"en-US\",\"@id\":\"https:\\\/\\\/tajkertesz.com\\\/termek\\\/danuba-asco-tengeri-alga-lombtragya-02l\\\/#primaryimage\",\"url\":\"https:\\\/\\\/tajkertesz.com\\\/wp-content\\\/uploads\\\/2025\\\/02\\\/Asco_Alga_hengeres_uj_1L.webp\",\"contentUrl\":\"https:\\\/\\\/tajkertesz.com\\\/wp-content\\\/uploads\\\/2025\\\/02\\\/Asco_Alga_hengeres_uj_1L.webp\",\"width\":1600,\"height\":1600,\"caption\":\"Danuba Asco tengeri Alga lombtr\u00e1gya 1L.\"},{\"@type\":\"BreadcrumbList\",\"@id\":\"https:\\\/\\\/tajkertesz.com\\\/termek\\\/danuba-asco-tengeri-alga-lombtragya-02l\\\/#breadcrumb\",\"itemListElement\":[{\"@type\":\"ListItem\",\"position\":1,\"name\":\"Home\",\"item\":\"https:\\\/\\\/tajkertesz.com\\\/\"},{\"@type\":\"ListItem\",\"position\":2,\"name\":\"Kezd\u0151lap\",\"item\":\"https:\\\/\\\/tajkertesz.com\\\/\"},{\"@type\":\"ListItem\",\"position\":3,\"name\":\"Danuba Asco tengeri alga lombtr\u00e1gya 0,2L.\"}]},{\"@type\":\"WebSite\",\"@id\":\"https:\\\/\\\/tajkertesz.com\\\/#website\",\"url\":\"https:\\\/\\\/tajkertesz.com\\\/\",\"name\":\"T\u00e1j-Kert\u00e9sz 84 Kft.\",\"description\":\"Kert\u00e9szeti kis- \u00e9s nagykeresked\u00e9s, D\u00edszn\u00f6v\u00e9ny web\u00e1ruh\u00e1z orsz\u00e1gos h\u00e1zhozsz\u00e1ll\u00edt\u00e1ssal!\",\"publisher\":{\"@id\":\"https:\\\/\\\/tajkertesz.com\\\/#organization\"},\"potentialAction\":[{\"@type\":\"SearchAction\",\"target\":{\"@type\":\"EntryPoint\",\"urlTemplate\":\"https:\\\/\\\/tajkertesz.com\\\/?s={search_term_string}\"},\"query-input\":{\"@type\":\"PropertyValueSpecification\",\"valueRequired\":true,\"valueName\":\"search_term_string\"}}],\"inLanguage\":\"en-US\"},{\"@type\":\"Organization\",\"@id\":\"https:\\\/\\\/tajkertesz.com\\\/#organization\",\"name\":\"T\u00e1j-Kert\u00e9sz 84 Kft.\",\"url\":\"https:\\\/\\\/tajkertesz.com\\\/\",\"logo\":{\"@type\":\"ImageObject\",\"inLanguage\":\"en-US\",\"@id\":\"https:\\\/\\\/tajkertesz.com\\\/#\\\/schema\\\/logo\\\/image\\\/\",\"url\":\"https:\\\/\\\/tajkertesz.com\\\/wp-content\\\/uploads\\\/2018\\\/02\\\/logo-2-e1518678052539.png\",\"contentUrl\":\"https:\\\/\\\/tajkertesz.com\\\/wp-content\\\/uploads\\\/2018\\\/02\\\/logo-2-e1518678052539.png\",\"width\":81,\"height\":140,\"caption\":\"T\u00e1j-Kert\u00e9sz 84 Kft.\"},\"image\":{\"@id\":\"https:\\\/\\\/tajkertesz.com\\\/#\\\/schema\\\/logo\\\/image\\\/\"},\"sameAs\":[\"https:\\\/\\\/www.facebook.com\\\/Tajkertesz\\\/\"]}]}<\/script>\n<!-- \/ Yoast SEO plugin. -->","yoast_head_json":{"title":"Danuba Asco tengeri alga lombtr\u00e1gya 0,2L. - T\u00e1jkert\u00e9sz","description":"Danuba Asco tengeri alga lombtr\u00e1gya 0,2L. Legjobb a term\u00e9ket egy kan\u00e1llal a n\u00f6v\u00e9ny gy\u00f6kere al\u00e1 tenni, kicsit \u00f6sszekeverve a talajjal m\u00e9g jobb hat\u00e1st \u00e9rhet\u00fcn","robots":{"index":"index","follow":"follow","max-snippet":"max-snippet:-1","max-image-preview":"max-image-preview:large","max-video-preview":"max-video-preview:-1"},"canonical":"https:\/\/tajkertesz.com\/en_US\/product\/danuba-asco-tengeri-alga-lombtragya-02l\/","og_locale":"en_US","og_type":"article","og_title":"Danuba Asco tengeri alga lombtr\u00e1gya 0,2L. - T\u00e1jkert\u00e9sz","og_description":"Danuba Asco tengeri alga lombtr\u00e1gya 0,2L. Legjobb a term\u00e9ket egy kan\u00e1llal a n\u00f6v\u00e9ny gy\u00f6kere al\u00e1 tenni, kicsit \u00f6sszekeverve a talajjal m\u00e9g jobb hat\u00e1st \u00e9rhet\u00fcn","og_url":"https:\/\/tajkertesz.com\/en_US\/product\/danuba-asco-tengeri-alga-lombtragya-02l\/","og_site_name":"T\u00e1jkert\u00e9sz","article_publisher":"https:\/\/www.facebook.com\/Tajkertesz\/","article_modified_time":"2025-10-11T13:29:34+00:00","og_image":[{"width":1600,"height":1600,"url":"https:\/\/tajkertesz.com\/wp-content\/uploads\/2025\/02\/Asco_Alga_hengeres_uj_1L.webp","type":"image\/webp"}],"twitter_card":"summary_large_image","twitter_misc":{"Est. reading time":"4 minutes"},"schema":{"@context":"https:\/\/schema.org","@graph":[{"@type":"WebPage","@id":"https:\/\/tajkertesz.com\/termek\/danuba-asco-tengeri-alga-lombtragya-02l\/","url":"https:\/\/tajkertesz.com\/termek\/danuba-asco-tengeri-alga-lombtragya-02l\/","name":"Danuba Asco tengeri alga lombtr\u00e1gya 0,2L. - T\u00e1jkert\u00e9sz","isPartOf":{"@id":"https:\/\/tajkertesz.com\/#website"},"primaryImageOfPage":{"@id":"https:\/\/tajkertesz.com\/termek\/danuba-asco-tengeri-alga-lombtragya-02l\/#primaryimage"},"image":{"@id":"https:\/\/tajkertesz.com\/termek\/danuba-asco-tengeri-alga-lombtragya-02l\/#primaryimage"},"thumbnailUrl":"https:\/\/tajkertesz.com\/wp-content\/uploads\/2025\/02\/Asco_Alga_hengeres_uj_1L.webp","datePublished":"2025-05-06T06:34:36+00:00","dateModified":"2025-10-11T13:29:34+00:00","description":"Danuba Asco tengeri alga lombtr\u00e1gya 0,2L. Legjobb a term\u00e9ket egy kan\u00e1llal a n\u00f6v\u00e9ny gy\u00f6kere al\u00e1 tenni, kicsit \u00f6sszekeverve a talajjal m\u00e9g jobb hat\u00e1st \u00e9rhet\u00fcn","breadcrumb":{"@id":"https:\/\/tajkertesz.com\/termek\/danuba-asco-tengeri-alga-lombtragya-02l\/#breadcrumb"},"inLanguage":"en-US","potentialAction":[{"@type":"ReadAction","target":["https:\/\/tajkertesz.com\/termek\/danuba-asco-tengeri-alga-lombtragya-02l\/"]}]},{"@type":"ImageObject","inLanguage":"en-US","@id":"https:\/\/tajkertesz.com\/termek\/danuba-asco-tengeri-alga-lombtragya-02l\/#primaryimage","url":"https:\/\/tajkertesz.com\/wp-content\/uploads\/2025\/02\/Asco_Alga_hengeres_uj_1L.webp","contentUrl":"https:\/\/tajkertesz.com\/wp-content\/uploads\/2025\/02\/Asco_Alga_hengeres_uj_1L.webp","width":1600,"height":1600,"caption":"Danuba Asco tengeri Alga lombtr\u00e1gya 1L."},{"@type":"BreadcrumbList","@id":"https:\/\/tajkertesz.com\/termek\/danuba-asco-tengeri-alga-lombtragya-02l\/#breadcrumb","itemListElement":[{"@type":"ListItem","position":1,"name":"Home","item":"https:\/\/tajkertesz.com\/"},{"@type":"ListItem","position":2,"name":"Kezd\u0151lap","item":"https:\/\/tajkertesz.com\/"},{"@type":"ListItem","position":3,"name":"Danuba Asco tengeri alga lombtr\u00e1gya 0,2L."}]},{"@type":"WebSite","@id":"https:\/\/tajkertesz.com\/#website","url":"https:\/\/tajkertesz.com\/","name":"T\u00e1j-Kert\u00e9sz 84 Kft.","description":"Kert\u00e9szeti kis- \u00e9s nagykeresked\u00e9s, D\u00edszn\u00f6v\u00e9ny web\u00e1ruh\u00e1z orsz\u00e1gos h\u00e1zhozsz\u00e1ll\u00edt\u00e1ssal!","publisher":{"@id":"https:\/\/tajkertesz.com\/#organization"},"potentialAction":[{"@type":"SearchAction","target":{"@type":"EntryPoint","urlTemplate":"https:\/\/tajkertesz.com\/?s={search_term_string}"},"query-input":{"@type":"PropertyValueSpecification","valueRequired":true,"valueName":"search_term_string"}}],"inLanguage":"en-US"},{"@type":"Organization","@id":"https:\/\/tajkertesz.com\/#organization","name":"T\u00e1j-Kert\u00e9sz 84 Kft.","url":"https:\/\/tajkertesz.com\/","logo":{"@type":"ImageObject","inLanguage":"en-US","@id":"https:\/\/tajkertesz.com\/#\/schema\/logo\/image\/","url":"https:\/\/tajkertesz.com\/wp-content\/uploads\/2018\/02\/logo-2-e1518678052539.png","contentUrl":"https:\/\/tajkertesz.com\/wp-content\/uploads\/2018\/02\/logo-2-e1518678052539.png","width":81,"height":140,"caption":"T\u00e1j-Kert\u00e9sz 84 Kft."},"image":{"@id":"https:\/\/tajkertesz.com\/#\/schema\/logo\/image\/"},"sameAs":["https:\/\/www.facebook.com\/Tajkertesz\/"]}]}},"_links":{"self":[{"href":"https:\/\/tajkertesz.com\/en_US\/wp-json\/wp\/v2\/product\/23365","targetHints":{"allow":["GET"]}}],"collection":[{"href":"https:\/\/tajkertesz.com\/en_US\/wp-json\/wp\/v2\/product"}],"about":[{"href":"https:\/\/tajkertesz.com\/en_US\/wp-json\/wp\/v2\/types\/product"}],"wp:featuredmedia":[{"embeddable":true,"href":"https:\/\/tajkertesz.com\/en_US\/wp-json\/wp\/v2\/media\/22485"}],"wp:attachment":[{"href":"https:\/\/tajkertesz.com\/en_US\/wp-json\/wp\/v2\/media?parent=23365"}],"wp:term":[{"taxonomy":"product_brand","embeddable":true,"href":"https:\/\/tajkertesz.com\/en_US\/wp-json\/wp\/v2\/product_brand?post=23365"},{"taxonomy":"product_cat","embeddable":true,"href":"https:\/\/tajkertesz.com\/en_US\/wp-json\/wp\/v2\/product_cat?post=23365"},{"taxonomy":"product_tag","embeddable":true,"href":"https:\/\/tajkertesz.com\/en_US\/wp-json\/wp\/v2\/product_tag?post=23365"}],"curies":[{"name":"wp","href":"https:\/\/api.w.org\/{rel}","templated":true}]}}