{"id":2347,"date":"2020-10-28T12:57:17","date_gmt":"2020-10-28T12:57:17","guid":{"rendered":"https:\/\/tajkertesz.com\/?post_type=product&#038;p=2347"},"modified":"2026-03-09T11:51:02","modified_gmt":"2026-03-09T11:51:02","slug":"ribes-grossularia-hinnomaki-piros-egres","status":"publish","type":"product","link":"https:\/\/tajkertesz.com\/en_US\/product\/ribes-grossularia-hinnomaki-piros-egres\/","title":{"rendered":"Ribes uva-crispa &#8222;Hinnomaki Red&#8221;- Piros Egres"},"content":{"rendered":"<p><strong>Ribes uva-crispa &#8222;Hinnomaki Red&#8221;- Piros Egres<\/strong><\/p>\n<p>50-150 cm magas , s\u0171r\u0171 \u00e1grendszer\u0171 lombhullat\u00f3 cserje. Kerekded levelei \u00e9s t\u00fcsk\u00e9s vessz\u0151i vannak. \u00c1prilisi vir\u00e1gz\u00e1sa ut\u00e1n hozza kerek 8-15mm nagys\u00e1g\u00fa term\u00e9seit.\u00a0 A lil\u00e1s-piros term\u00e9se ny\u00e1r k\u00f6zep\u00e9re \u00e9rik meg. \u00a0Frissen fogyaszthat\u00f3 ,de az \u00e9lelmiszeriparban magas pektintartalma miatt m\u00e1s gy\u00fcm\u00f6lcsdzsemekhez adagolj\u00e1k szil\u00e1rd\u00edt\u00f3anyagk\u00e9nt vagy bef\u0151zik.<\/p>\n<p>Jelen term\u00e9k\u00fcnk 2 literes kont\u00e9nerben kaphat\u00f3 \u00e9s kb. 30\/40 cm magas.<\/p>\n<p style=\"line-height: 18.0pt; background: white; margin: 0cm 0cm 15.0pt 0cm;\"><b><span style=\"font-family: 'Ubuntu',serif; color: black;\">K\u00e9szlet\u00fcnk napi szinten v\u00e1ltozik, ez\u00e9rt k\u00e9rj\u00fck, \u00e9rdekl\u0151dj\u00f6n szem\u00e9lyesen, telefonon vagy email-en.<br \/>\nA v\u00e1ltoztat\u00e1s jog\u00e1t fenntartjuk!\u00a0<\/span><\/b><\/p>\n<p><a href=\"https:\/\/tajkertesz.com\/\">https:\/\/tajkertesz.com\/<\/a><\/p>\n<p><a href=\"https:\/\/hu.wikipedia.org\/wiki\/Egres_(n%C3%B6v%C3%A9nyfaj)\">https:\/\/hu.wikipedia.org\/wiki\/Egres_(n%C3%B6v%C3%A9nyfaj)<\/a><\/p>\n<p><span style=\"color: #ffffff;\">Az egres 50-150\u00a0centim\u00e9ter magas, a magass\u00e1g\u00e1n\u00e1l t\u00f6bbnyire sz\u00e9lesebb, s\u0171r\u0171 \u00e1grendszer\u0171, lombhullat\u00f3\u00a0<a style=\"color: #ffffff;\" title=\"Cserje\" href=\"https:\/\/hu.wikipedia.org\/wiki\/Cserje\">cserje<\/a>. T\u00fcsk\u00e9s vessz\u0151i kiss\u00e9 sz\u0151r\u00f6sek vagy kopaszak, halv\u00e1ny sz\u00fcrk\u00e9sbarna sz\u00edn\u0171ek, hossz\u00e1ban bar\u00e1zd\u00e1ltak. Az 1-2\u00a0centim\u00e9ter hossz\u00fa merev t\u00f6visek k\u00f6zvetlen\u00fcl a levelek (sz\u00e1rcsom\u00f3k) alatt erednek a sz\u00e1ron kettes\u00e9vel vagy h\u00e1rmas\u00e1val. Egyes v\u00e1ltozatokn\u00e1l a sz\u00e1rk\u00f6z\u00f6k\u00f6n is tal\u00e1lhat\u00f3ak r\u00f6videbb t\u00fcsk\u00e9k. A levelek kerekded vagy sz\u00edv alak\u00faak, tomp\u00e1n 3 vagy 5\u00a0kar\u00e9josak, sz\u00e9less\u00e9g\u00fck 2-5\u00a0centim\u00e9ter. \u00c9le a kar\u00e9jok cs\u00facs\u00e1n m\u00e9lyen, szab\u00e1lytalanul csipk\u00e9zett, oldal\u00e1n \u00e9p. Fels\u0151 fel\u00fclet\u00fck lehet kopasz vagy sz\u0151r\u00f6s, fon\u00e1kjuk az erekn\u00e9l sz\u0151r\u00f6z\u00f6tt. A lev\u00e9lny\u00e9l hossza nagyj\u00e1b\u00f3l megegyezik a lemez\u00e9vel, elsz\u00f3rtan sz\u0151r\u00f6s. \u0150sszel s\u00e1rg\u00e1sra sz\u00ednez\u0151dik.<\/span><\/p>\n<p><span style=\"color: #ffffff;\">\u00c1prilisban vir\u00e1gzik. Az 1-3\u00a0vir\u00e1gb\u00f3l \u00e1ll\u00f3 f\u00fcrt\u00f6k a sz\u00e1rcsom\u00f3kb\u00f3l ered\u0151 r\u00f6vidke hajt\u00e1sok cs\u00facs\u00e1n n\u0151nek. A vir\u00e1gok kicsik, nem felt\u0171n\u0151ek. A kocs\u00e1ny \u00e9s a harang alak\u00fa vacok sz\u0151r\u00f6s vagy mirigysz\u0151r\u00f6s. A cs\u00e9szelevelek visszahajl\u00f3ak, k\u00edv\u00fcl z\u00f6ldek, bel\u00fcl piszkos b\u00edborv\u00f6r\u00f6sek. A feh\u00e9r, fel\u00e1ll\u00f3 szirmok csak fele-harmada olyan hossz\u00faak, mint a cs\u00e9szelevelek. A vil\u00e1gos-z\u00f6ldes porz\u00f3k kil\u00f3gnak a cs\u00e9szecs\u0151b\u0151l. A bibe r\u00f6videbb, mint a porz\u00f3k, k\u00e9tkar\u00e9j\u00fa, \u00e9retten ragad\u00f3s. Illata kellemetlen, a\u00a0<a style=\"color: #ffffff;\" title=\"S\u00f3skaborbolya\" href=\"https:\/\/hu.wikipedia.org\/wiki\/S%C3%B3skaborbolya\">s\u00f3skaborboly\u00e1ra<\/a>\u00a0eml\u00e9keztet. Az \u00f6nmegporz\u00e1st \u00fagy ker\u00fcli el, hogy a bib\u00e9k el\u0151bb \u00e9rnek a porz\u00f3kn\u00e1l.<\/span><\/p>\n<p><span style=\"color: #ffffff;\">A term\u00e9s 8-15\u00a0millim\u00e9ter hossz\u00fa, g\u00f6mb\u00f6ly\u0171 vagy ov\u00e1lis, t\u00f6bb\u00e9-kev\u00e9sb\u00e9 v\u00f6r\u00f6ssel futtatott z\u00f6ldes vagy s\u00e1rg\u00e1s, l\u00e9d\u00fas \u00e1lbogy\u00f3. Fel\u00fclete lehet csupasz vagy sz\u0151r\u00f6s-molyhos. Benne tal\u00e1lhat\u00f3 a 40-50\u00a0darab 2-3,5\u00a0millim\u00e9teres, feket\u00e9s-barna, szab\u00e1lytalanul toj\u00e1sdad mag. A vadon term\u0151 egres is ehet\u0151, h\u00e9ja savany\u00fa lehet, de h\u00fasa \u00e9des-savanyk\u00e1s.<\/span><\/p>\n<p>&nbsp;<\/p>\n<p>&nbsp;<\/p>","protected":false},"excerpt":{"rendered":"<p>A Ribes uva-crispa &#8222;Hinnomaki Red&#8221;- Piros Egres 50-150 cm magas , s\u0171r\u0171 \u00e1grendszer\u0171 lombhullat\u00f3 cserje. Kerekded levelei \u00e9s t\u00fcsk\u00e9s vessz\u0151i vannak. \u00c1prilisi vir\u00e1gz\u00e1sa ut\u00e1n hozza kerek 8-15mm nagys\u00e1g\u00fa term\u00e9seit.\u00a0 A lil\u00e1s-piros term\u00e9se ny\u00e1r k\u00f6zep\u00e9re \u00e9rik meg. \u00a0Frissen fogyaszthat\u00f3 ,de az \u00e9lelmiszeriparban magas pektintartalma miatt m\u00e1s gy\u00fcm\u00f6lcsdzsemekhez adagolj\u00e1k szil\u00e1rd\u00edt\u00f3anyagk\u00e9nt vagy bef\u0151zik.<\/p>","protected":false},"featured_media":2351,"template":"","meta":{"_et_pb_use_builder":"","_et_pb_old_content":"","_et_gb_content_width":""},"product_brand":[],"product_cat":[8083],"product_tag":[773,775,774,772],"class_list":{"0":"post-2347","1":"product","2":"type-product","3":"status-publish","4":"has-post-thumbnail","6":"product_cat-egres-gyumolcstermok","7":"product_tag-egres","8":"product_tag-koszmete","9":"product_tag-piros-egres","10":"product_tag-ribes-grossularia-hinnomaki-piros","12":"first","13":"outofstock","14":"shipping-taxable","15":"product-type-simple"},"yoast_head":"<!-- This site is optimized with the Yoast SEO plugin v27.3 - https:\/\/yoast.com\/product\/yoast-seo-wordpress\/ -->\n<title>Ribes uva-crispa &quot;Hinnomaki Red&quot;- Piros Egres - T\u00e1jkert\u00e9sz<\/title>\n<meta name=\"description\" content=\"A Ribes grossularia \u2019Hinnomaki Piros\u2019 , Egres 50-150 cm magas , s\u0171r\u0171 \u00e1grendszer\u0171 cserje. A lil\u00e1s-piros term\u00e9se ny\u00e1r k\u00f6zep\u00e9re \u00e9rik meg.\" \/>\n<meta name=\"robots\" content=\"index, follow, max-snippet:-1, max-image-preview:large, max-video-preview:-1\" \/>\n<link rel=\"canonical\" href=\"https:\/\/tajkertesz.com\/en_US\/product\/ribes-grossularia-hinnomaki-piros-egres\/\" \/>\n<meta property=\"og:locale\" content=\"en_US\" \/>\n<meta property=\"og:type\" content=\"article\" \/>\n<meta property=\"og:title\" content=\"Ribes uva-crispa &quot;Hinnomaki Red&quot;- Piros Egres - T\u00e1jkert\u00e9sz\" \/>\n<meta property=\"og:description\" content=\"A Ribes grossularia \u2019Hinnomaki Piros\u2019 , Egres 50-150 cm magas , s\u0171r\u0171 \u00e1grendszer\u0171 cserje. A lil\u00e1s-piros term\u00e9se ny\u00e1r k\u00f6zep\u00e9re \u00e9rik meg.\" \/>\n<meta property=\"og:url\" content=\"https:\/\/tajkertesz.com\/en_US\/product\/ribes-grossularia-hinnomaki-piros-egres\/\" \/>\n<meta property=\"og:site_name\" content=\"T\u00e1jkert\u00e9sz\" \/>\n<meta property=\"article:publisher\" content=\"https:\/\/www.facebook.com\/Tajkertesz\/\" \/>\n<meta property=\"article:modified_time\" content=\"2026-03-09T11:51:02+00:00\" \/>\n<meta property=\"og:image\" content=\"https:\/\/tajkertesz.com\/wp-content\/uploads\/2020\/10\/ribes-hinnomaki-piros.jpg\" \/>\n\t<meta property=\"og:image:width\" content=\"304\" \/>\n\t<meta property=\"og:image:height\" content=\"315\" \/>\n\t<meta property=\"og:image:type\" content=\"image\/jpeg\" \/>\n<meta name=\"twitter:card\" content=\"summary_large_image\" \/>\n<meta name=\"twitter:label1\" content=\"Est. reading time\" \/>\n\t<meta name=\"twitter:data1\" content=\"2 minutes\" \/>\n<script type=\"application\/ld+json\" class=\"yoast-schema-graph\">{\"@context\":\"https:\\\/\\\/schema.org\",\"@graph\":[{\"@type\":\"WebPage\",\"@id\":\"https:\\\/\\\/tajkertesz.com\\\/termek\\\/ribes-grossularia-hinnomaki-piros-egres\\\/\",\"url\":\"https:\\\/\\\/tajkertesz.com\\\/termek\\\/ribes-grossularia-hinnomaki-piros-egres\\\/\",\"name\":\"Ribes uva-crispa \\\"Hinnomaki Red\\\"- Piros Egres - T\u00e1jkert\u00e9sz\",\"isPartOf\":{\"@id\":\"https:\\\/\\\/tajkertesz.com\\\/#website\"},\"primaryImageOfPage\":{\"@id\":\"https:\\\/\\\/tajkertesz.com\\\/termek\\\/ribes-grossularia-hinnomaki-piros-egres\\\/#primaryimage\"},\"image\":{\"@id\":\"https:\\\/\\\/tajkertesz.com\\\/termek\\\/ribes-grossularia-hinnomaki-piros-egres\\\/#primaryimage\"},\"thumbnailUrl\":\"https:\\\/\\\/tajkertesz.com\\\/wp-content\\\/uploads\\\/2020\\\/10\\\/ribes-hinnomaki-piros.jpg\",\"datePublished\":\"2020-10-28T12:57:17+00:00\",\"dateModified\":\"2026-03-09T11:51:02+00:00\",\"description\":\"A Ribes grossularia \u2019Hinnomaki Piros\u2019 , Egres 50-150 cm magas , s\u0171r\u0171 \u00e1grendszer\u0171 cserje. A lil\u00e1s-piros term\u00e9se ny\u00e1r k\u00f6zep\u00e9re \u00e9rik meg.\",\"breadcrumb\":{\"@id\":\"https:\\\/\\\/tajkertesz.com\\\/termek\\\/ribes-grossularia-hinnomaki-piros-egres\\\/#breadcrumb\"},\"inLanguage\":\"en-US\",\"potentialAction\":[{\"@type\":\"ReadAction\",\"target\":[\"https:\\\/\\\/tajkertesz.com\\\/termek\\\/ribes-grossularia-hinnomaki-piros-egres\\\/\"]}]},{\"@type\":\"ImageObject\",\"inLanguage\":\"en-US\",\"@id\":\"https:\\\/\\\/tajkertesz.com\\\/termek\\\/ribes-grossularia-hinnomaki-piros-egres\\\/#primaryimage\",\"url\":\"https:\\\/\\\/tajkertesz.com\\\/wp-content\\\/uploads\\\/2020\\\/10\\\/ribes-hinnomaki-piros.jpg\",\"contentUrl\":\"https:\\\/\\\/tajkertesz.com\\\/wp-content\\\/uploads\\\/2020\\\/10\\\/ribes-hinnomaki-piros.jpg\",\"width\":304,\"height\":315,\"caption\":\"Ribes uva-crispa 'Hinnomaki Red' - Piros Egres\"},{\"@type\":\"BreadcrumbList\",\"@id\":\"https:\\\/\\\/tajkertesz.com\\\/termek\\\/ribes-grossularia-hinnomaki-piros-egres\\\/#breadcrumb\",\"itemListElement\":[{\"@type\":\"ListItem\",\"position\":1,\"name\":\"Home\",\"item\":\"https:\\\/\\\/tajkertesz.com\\\/\"},{\"@type\":\"ListItem\",\"position\":2,\"name\":\"Kezd\u0151lap\",\"item\":\"https:\\\/\\\/tajkertesz.com\\\/\"},{\"@type\":\"ListItem\",\"position\":3,\"name\":\"Ribes uva-crispa &#8222;Hinnomaki Red&#8221;- Piros Egres\"}]},{\"@type\":\"WebSite\",\"@id\":\"https:\\\/\\\/tajkertesz.com\\\/#website\",\"url\":\"https:\\\/\\\/tajkertesz.com\\\/\",\"name\":\"T\u00e1j-Kert\u00e9sz 84 Kft.\",\"description\":\"Kert\u00e9szeti kis- \u00e9s nagykeresked\u00e9s, D\u00edszn\u00f6v\u00e9ny web\u00e1ruh\u00e1z orsz\u00e1gos h\u00e1zhozsz\u00e1ll\u00edt\u00e1ssal!\",\"publisher\":{\"@id\":\"https:\\\/\\\/tajkertesz.com\\\/#organization\"},\"potentialAction\":[{\"@type\":\"SearchAction\",\"target\":{\"@type\":\"EntryPoint\",\"urlTemplate\":\"https:\\\/\\\/tajkertesz.com\\\/?s={search_term_string}\"},\"query-input\":{\"@type\":\"PropertyValueSpecification\",\"valueRequired\":true,\"valueName\":\"search_term_string\"}}],\"inLanguage\":\"en-US\"},{\"@type\":\"Organization\",\"@id\":\"https:\\\/\\\/tajkertesz.com\\\/#organization\",\"name\":\"T\u00e1j-Kert\u00e9sz 84 Kft.\",\"url\":\"https:\\\/\\\/tajkertesz.com\\\/\",\"logo\":{\"@type\":\"ImageObject\",\"inLanguage\":\"en-US\",\"@id\":\"https:\\\/\\\/tajkertesz.com\\\/#\\\/schema\\\/logo\\\/image\\\/\",\"url\":\"https:\\\/\\\/tajkertesz.com\\\/wp-content\\\/uploads\\\/2018\\\/02\\\/logo-2-e1518678052539.png\",\"contentUrl\":\"https:\\\/\\\/tajkertesz.com\\\/wp-content\\\/uploads\\\/2018\\\/02\\\/logo-2-e1518678052539.png\",\"width\":81,\"height\":140,\"caption\":\"T\u00e1j-Kert\u00e9sz 84 Kft.\"},\"image\":{\"@id\":\"https:\\\/\\\/tajkertesz.com\\\/#\\\/schema\\\/logo\\\/image\\\/\"},\"sameAs\":[\"https:\\\/\\\/www.facebook.com\\\/Tajkertesz\\\/\"]}]}<\/script>\n<!-- \/ Yoast SEO plugin. -->","yoast_head_json":{"title":"Ribes uva-crispa \"Hinnomaki Red\"- Piros Egres - T\u00e1jkert\u00e9sz","description":"A Ribes grossularia \u2019Hinnomaki Piros\u2019 , Egres 50-150 cm magas , s\u0171r\u0171 \u00e1grendszer\u0171 cserje. A lil\u00e1s-piros term\u00e9se ny\u00e1r k\u00f6zep\u00e9re \u00e9rik meg.","robots":{"index":"index","follow":"follow","max-snippet":"max-snippet:-1","max-image-preview":"max-image-preview:large","max-video-preview":"max-video-preview:-1"},"canonical":"https:\/\/tajkertesz.com\/en_US\/product\/ribes-grossularia-hinnomaki-piros-egres\/","og_locale":"en_US","og_type":"article","og_title":"Ribes uva-crispa \"Hinnomaki Red\"- Piros Egres - T\u00e1jkert\u00e9sz","og_description":"A Ribes grossularia \u2019Hinnomaki Piros\u2019 , Egres 50-150 cm magas , s\u0171r\u0171 \u00e1grendszer\u0171 cserje. A lil\u00e1s-piros term\u00e9se ny\u00e1r k\u00f6zep\u00e9re \u00e9rik meg.","og_url":"https:\/\/tajkertesz.com\/en_US\/product\/ribes-grossularia-hinnomaki-piros-egres\/","og_site_name":"T\u00e1jkert\u00e9sz","article_publisher":"https:\/\/www.facebook.com\/Tajkertesz\/","article_modified_time":"2026-03-09T11:51:02+00:00","og_image":[{"width":304,"height":315,"url":"https:\/\/tajkertesz.com\/wp-content\/uploads\/2020\/10\/ribes-hinnomaki-piros.jpg","type":"image\/jpeg"}],"twitter_card":"summary_large_image","twitter_misc":{"Est. reading time":"2 minutes"},"schema":{"@context":"https:\/\/schema.org","@graph":[{"@type":"WebPage","@id":"https:\/\/tajkertesz.com\/termek\/ribes-grossularia-hinnomaki-piros-egres\/","url":"https:\/\/tajkertesz.com\/termek\/ribes-grossularia-hinnomaki-piros-egres\/","name":"Ribes uva-crispa \"Hinnomaki Red\"- Piros Egres - T\u00e1jkert\u00e9sz","isPartOf":{"@id":"https:\/\/tajkertesz.com\/#website"},"primaryImageOfPage":{"@id":"https:\/\/tajkertesz.com\/termek\/ribes-grossularia-hinnomaki-piros-egres\/#primaryimage"},"image":{"@id":"https:\/\/tajkertesz.com\/termek\/ribes-grossularia-hinnomaki-piros-egres\/#primaryimage"},"thumbnailUrl":"https:\/\/tajkertesz.com\/wp-content\/uploads\/2020\/10\/ribes-hinnomaki-piros.jpg","datePublished":"2020-10-28T12:57:17+00:00","dateModified":"2026-03-09T11:51:02+00:00","description":"A Ribes grossularia \u2019Hinnomaki Piros\u2019 , Egres 50-150 cm magas , s\u0171r\u0171 \u00e1grendszer\u0171 cserje. A lil\u00e1s-piros term\u00e9se ny\u00e1r k\u00f6zep\u00e9re \u00e9rik meg.","breadcrumb":{"@id":"https:\/\/tajkertesz.com\/termek\/ribes-grossularia-hinnomaki-piros-egres\/#breadcrumb"},"inLanguage":"en-US","potentialAction":[{"@type":"ReadAction","target":["https:\/\/tajkertesz.com\/termek\/ribes-grossularia-hinnomaki-piros-egres\/"]}]},{"@type":"ImageObject","inLanguage":"en-US","@id":"https:\/\/tajkertesz.com\/termek\/ribes-grossularia-hinnomaki-piros-egres\/#primaryimage","url":"https:\/\/tajkertesz.com\/wp-content\/uploads\/2020\/10\/ribes-hinnomaki-piros.jpg","contentUrl":"https:\/\/tajkertesz.com\/wp-content\/uploads\/2020\/10\/ribes-hinnomaki-piros.jpg","width":304,"height":315,"caption":"Ribes uva-crispa 'Hinnomaki Red' - Piros Egres"},{"@type":"BreadcrumbList","@id":"https:\/\/tajkertesz.com\/termek\/ribes-grossularia-hinnomaki-piros-egres\/#breadcrumb","itemListElement":[{"@type":"ListItem","position":1,"name":"Home","item":"https:\/\/tajkertesz.com\/"},{"@type":"ListItem","position":2,"name":"Kezd\u0151lap","item":"https:\/\/tajkertesz.com\/"},{"@type":"ListItem","position":3,"name":"Ribes uva-crispa &#8222;Hinnomaki Red&#8221;- Piros Egres"}]},{"@type":"WebSite","@id":"https:\/\/tajkertesz.com\/#website","url":"https:\/\/tajkertesz.com\/","name":"T\u00e1j-Kert\u00e9sz 84 Kft.","description":"Kert\u00e9szeti kis- \u00e9s nagykeresked\u00e9s, D\u00edszn\u00f6v\u00e9ny web\u00e1ruh\u00e1z orsz\u00e1gos h\u00e1zhozsz\u00e1ll\u00edt\u00e1ssal!","publisher":{"@id":"https:\/\/tajkertesz.com\/#organization"},"potentialAction":[{"@type":"SearchAction","target":{"@type":"EntryPoint","urlTemplate":"https:\/\/tajkertesz.com\/?s={search_term_string}"},"query-input":{"@type":"PropertyValueSpecification","valueRequired":true,"valueName":"search_term_string"}}],"inLanguage":"en-US"},{"@type":"Organization","@id":"https:\/\/tajkertesz.com\/#organization","name":"T\u00e1j-Kert\u00e9sz 84 Kft.","url":"https:\/\/tajkertesz.com\/","logo":{"@type":"ImageObject","inLanguage":"en-US","@id":"https:\/\/tajkertesz.com\/#\/schema\/logo\/image\/","url":"https:\/\/tajkertesz.com\/wp-content\/uploads\/2018\/02\/logo-2-e1518678052539.png","contentUrl":"https:\/\/tajkertesz.com\/wp-content\/uploads\/2018\/02\/logo-2-e1518678052539.png","width":81,"height":140,"caption":"T\u00e1j-Kert\u00e9sz 84 Kft."},"image":{"@id":"https:\/\/tajkertesz.com\/#\/schema\/logo\/image\/"},"sameAs":["https:\/\/www.facebook.com\/Tajkertesz\/"]}]}},"_links":{"self":[{"href":"https:\/\/tajkertesz.com\/en_US\/wp-json\/wp\/v2\/product\/2347","targetHints":{"allow":["GET"]}}],"collection":[{"href":"https:\/\/tajkertesz.com\/en_US\/wp-json\/wp\/v2\/product"}],"about":[{"href":"https:\/\/tajkertesz.com\/en_US\/wp-json\/wp\/v2\/types\/product"}],"wp:featuredmedia":[{"embeddable":true,"href":"https:\/\/tajkertesz.com\/en_US\/wp-json\/wp\/v2\/media\/2351"}],"wp:attachment":[{"href":"https:\/\/tajkertesz.com\/en_US\/wp-json\/wp\/v2\/media?parent=2347"}],"wp:term":[{"taxonomy":"product_brand","embeddable":true,"href":"https:\/\/tajkertesz.com\/en_US\/wp-json\/wp\/v2\/product_brand?post=2347"},{"taxonomy":"product_cat","embeddable":true,"href":"https:\/\/tajkertesz.com\/en_US\/wp-json\/wp\/v2\/product_cat?post=2347"},{"taxonomy":"product_tag","embeddable":true,"href":"https:\/\/tajkertesz.com\/en_US\/wp-json\/wp\/v2\/product_tag?post=2347"}],"curies":[{"name":"wp","href":"https:\/\/api.w.org\/{rel}","templated":true}]}}