{"id":23472,"date":"2025-05-20T09:01:34","date_gmt":"2025-05-20T09:01:34","guid":{"rendered":"https:\/\/tajkertesz.com\/?post_type=product&#038;p=23472"},"modified":"2025-05-20T09:01:44","modified_gmt":"2025-05-20T09:01:44","slug":"albizia-julibrissin-selyemakac","status":"publish","type":"product","link":"https:\/\/tajkertesz.com\/en_US\/product\/albizia-julibrissin-selyemakac\/","title":{"rendered":"Albizia julibrissin &#8211; Selyemak\u00e1c"},"content":{"rendered":"<h1>Albizia julibrissin &#8211; Selyemak\u00e1c<\/h1>\n<p class=\"\" data-start=\"2096\" data-end=\"2136\">Az Albizia julibrissin &#8211; Selyemak\u00e1c egy lombuhhal\u00f3 fa, mely a pillang\u00f3vir\u00e1g\u00faak csal\u00e1dj\u00e1ba tartozik. Tr\u00f3pusi, mediterr\u00e1n jelleg\u0171 kertekbe ide\u00e1lis v\u00e1laszt\u00e1s lehet.<\/p>\n<h2>Albizia julibrissin jellemz\u0151i:<\/h2>\n<p class=\"\" data-start=\"665\" data-end=\"738\">A selyemak\u00e1c 5\u20138 m\u00e9ter magasra n\u0151, lombkoron\u00e1ja sz\u00e9lesen sz\u00e9tter\u00fcl\u0151, erny\u0151szer\u0171. K\u00e9tszeresen sz\u00e1rnyalt, finoman csipkeszer\u0171, vil\u00e1gosz\u00f6ld levelei vannak, amelyek este \u00e9s h\u0171v\u00f6s id\u0151ben \u00f6sszehajlanak (mint a mim\u00f3z\u00e1n\u00e1l). J\u00faniust\u00f3l augusztusig vir\u00e1gzik, r\u00f3zsasz\u00edn, feh\u00e9rrel kevert, selyemszer\u0171 porz\u00f3k alkotj\u00e1k a vir\u00e1got \u2013 rendk\u00edv\u00fcl mutat\u00f3s, \u00e9s illatos.\u00a0 Term\u00e9se h\u00fcvelyterm\u00e9s (8\u201315 cm hossz\u00fa), benne lapos magok, amelyek t\u00f6bb \u00e9ven \u00e1t is f\u00e1n maradhatnak.<\/p>\n<h3 data-start=\"665\" data-end=\"738\">A selyemak\u00e1c gondoz\u00e1sa:<\/h3>\n<p class=\"\" data-start=\"1274\" data-end=\"1379\">Az Albizia julibrissin a napos helyeket kedveli. Laza, j\u00f3 v\u00edz\u00e1tereszt\u0151, t\u00e1panyagd\u00fas talaj ide\u00e1lissz\u00e1m\u00e1ra de a\u00a0 meszes talajt is elviseli. K\u00f6zepes v\u00edzig\u00e9ny\u0171 fa el\u00e9g\u00a0 j\u00f3l t\u0171ri a sz\u00e1razabb id\u0151szakokat is, de \u00fcltet\u00e9s ut\u00e1n rendszeres \u00f6nt\u00f6z\u00e9st ig\u00e9nyel. Az Albizia julibrissin <strong data-start=\"1607\" data-end=\"1620\">-15 \u00b0C-ig<\/strong> viszonylag fagyt\u0171r\u0151. A fiatal p\u00e9ld\u00e1nyokat az els\u0151 2\u20133 \u00e9vben c\u00e9lszer\u0171 t\u00e9lire takarni.<\/p>\n<h4 data-start=\"1274\" data-end=\"1379\"><strong>A n\u00f6v\u00e9ny jelenlegi m\u00e9rete:20\/30 cm magas, 3 literes kont\u00e9nerben.<\/strong><\/h4>\n<p><b>K\u00e9szlet\u00fcnk napi szinten v\u00e1ltozik, ez\u00e9rt k\u00e9rj\u00fck, \u00e9rdekl\u0151dj\u00f6n szem\u00e9lyesen, telefonon vagy email-en.<br \/>\nA v\u00e1ltoztat\u00e1s jog\u00e1t fenntartjuk!<\/b><b>\u00a0<\/b><\/p>\n<p><a href=\"https:\/\/tajkertesz.com\/\">https:\/\/tajkertesz.com\/<\/a><\/p>\n<p><a href=\"https:\/\/www.facebook.com\/tajkertesz\/\">https:\/\/www.facebook.com\/tajkertesz\/<\/a><\/p>\n<p>Kisz\u00e1ll\u00edt\u00e1s: 200cm-ig \u00e9s 40 kg-ig a sz\u00e1ll\u00edt\u00e1s fut\u00e1rszolg\u00e1lattal t\u00f6rt\u00e9nik.<\/p>\n<p>Szem\u00e9lyes \u00e1tv\u00e9tel nyitvatart\u00e1si id\u0151ben a 17. ker\u00fclet Bakancsos utca 7. sz\u00e1m alatti Kert\u00e9szeti \u00e1rud\u00e1nkban.<\/p>\n<p>Kert\u00e9p\u00edt\u0151k \u00e9s viszontelad\u00f3k regisztr\u00e1l\u00e1s ut\u00e1n egyedi kedvezm\u00e9nnyel v\u00e1s\u00e1rolhatnak kert\u00e9szeti kis-\u00e9s nagykeresked\u00e9s\u00fcnkben.<\/p>\n<p><strong>Az \u00e1rak egy darab term\u00e9kre vonatkoznak.<\/strong><\/p>\n<p><strong>J\u00f3 tudni!<\/strong><\/p>\n<p>K\u00e9pek-elt\u00e9r\u00e9sek:<\/p>\n<p>A n\u00f6v\u00e9nyekr\u0151l felt\u00f6lt\u00f6tt k\u00e9pek illusztr\u00e1ci\u00f3k. N\u00f6v\u00e9nyekn\u00e9l el\u0151fordulhatnak minim\u00e1lis elt\u00e9r\u00e9sek a k\u00e9peken szerepl\u0151 n\u00f6v\u00e9nyek \u00e9s az \u00e1tvett n\u00f6v\u00e9nyek k\u00f6z\u00f6tt, mivel minden n\u00f6v\u00e9ny egyedi.<\/p>\n<h4>N\u00f6v\u00e9nyek sz\u00e1ll\u00edt\u00e1sa:<\/h4>\n<p>A megrendelt n\u00f6v\u00e9nyeket igyeksz\u00fcnk a lehet\u0151 legbiztons\u00e1gosabban egyes\u00e9vel csomagolni, azonban a sz\u00e1ll\u00edt\u00e1s sor\u00e1n m\u00e9g ennek ellen\u00e9re is\u00a0bek\u00f6vetkezhetnek apr\u00f3bb s\u00e9r\u00fcl\u00e9sek (lev\u00e9l- vagy vir\u00e1ghull\u00e1s).<br \/>\nN\u00f6v\u00e9ny rendel\u00e9s eset\u00e9n k\u00e9rj\u00fck a k\u00e9zbes\u00edt\u00e9st k\u00f6vet\u0151en a lehet\u0151 leghamarabb bonts\u00e1k ki a csomagot.<\/p>\n<p>Abban az esetben, ha a megrendelt n\u00f6v\u00e9ny\u00a0a sz\u00e1ll\u00edt\u00e1st k\u00f6vet\u0151en\u00a0nem megfelel\u0151 gondoz\u00e1sban r\u00e9szes\u00fcl \u00e9s ebb\u0151l kifoly\u00f3lag\u00a0k\u00e1rosodik,\u00a0elpusztul, felel\u0151ss\u00e9get sajnos nem tudunk v\u00e1llalni.<\/p>\n<p>V\u00e1s\u00e1rl\u00e1st\u00f3l val\u00f3 el\u00e1ll\u00e1s \u00e9l\u0151 n\u00f6v\u00e9ny v\u00e1s\u00e1rl\u00e1sa eset\u00e9n:<\/p>\n<p>Az \u00e1ltal\u00e1nos 14 napos el\u00e1ll\u00e1s lehet\u0151s\u00e9ge \u00e9l\u0151 n\u00f6v\u00e9nyekre nem vonatkozik. V\u00e1s\u00e1rl\u00e1st\u00f3l val\u00f3 el\u00e1ll\u00e1sra, visszak\u00fcld\u00e9sre nincs lehet\u0151s\u00e9g.\u00a0(17\/1999. (II. 5.) Korm. rendelet 5c pontja)<\/p>\n<p><strong>K\u00e9rj\u00fck fentiek figyelembev\u00e9tel\u00e9t n\u00f6v\u00e9ny rendel\u00e9se sor\u00e1n!<\/strong><\/p>","protected":false},"excerpt":{"rendered":"<h4 data-start=\"1274\" data-end=\"1379\"><strong>A n\u00f6v\u00e9ny jelenlegi m\u00e9rete: 20\/30 cm magas, 3 literes kont\u00e9nerben.<\/strong><\/h4>\n<h4><b>K\u00e9szlet\u00fcnk napi szinten v\u00e1ltozik, ez\u00e9rt k\u00e9rj\u00fck, \u00e9rdekl\u0151dj\u00f6n szem\u00e9lyesen, telefonon vagy email-en.<br \/>\nA v\u00e1ltoztat\u00e1s jog\u00e1t fenntartjuk!<\/b><b>\u00a0<\/b><\/h4>","protected":false},"featured_media":23473,"template":"","meta":{"_et_pb_use_builder":"","_et_pb_old_content":"","_et_gb_content_width":""},"product_brand":[],"product_cat":[28],"product_tag":[5798,189,33,53],"class_list":{"0":"post-23472","1":"product","2":"type-product","3":"status-publish","4":"has-post-thumbnail","6":"product_cat-diszfak","7":"product_tag-albizia","8":"product_tag-albizia-julibrissin","9":"product_tag-diszfa","10":"product_tag-selyemakac","12":"first","13":"instock","14":"shipping-taxable","15":"purchasable","16":"product-type-simple"},"yoast_head":"<!-- This site is optimized with the Yoast SEO plugin v27.3 - https:\/\/yoast.com\/product\/yoast-seo-wordpress\/ -->\n<title>Albizia julibrissin - Selyemak\u00e1c - T\u00e1jkert\u00e9sz<\/title>\n<meta name=\"description\" content=\"Az Albizia julibrissin - Selyemak\u00e1c egy lombuhhal\u00f3 fa, mely a pillang\u00f3vir\u00e1g\u00faak csal\u00e1dj\u00e1ba tartozik. Tr\u00f3pusi, mediterr\u00e1n jelleg\u0171 kertekbe ide\u00e1lis.\" \/>\n<meta name=\"robots\" content=\"index, follow, max-snippet:-1, max-image-preview:large, max-video-preview:-1\" \/>\n<link rel=\"canonical\" href=\"https:\/\/tajkertesz.com\/en_US\/product\/albizia-julibrissin-selyemakac\/\" \/>\n<meta property=\"og:locale\" content=\"en_US\" \/>\n<meta property=\"og:type\" content=\"article\" \/>\n<meta property=\"og:title\" content=\"Albizia julibrissin - Selyemak\u00e1c - T\u00e1jkert\u00e9sz\" \/>\n<meta property=\"og:description\" content=\"Az Albizia julibrissin - Selyemak\u00e1c egy lombuhhal\u00f3 fa, mely a pillang\u00f3vir\u00e1g\u00faak csal\u00e1dj\u00e1ba tartozik. Tr\u00f3pusi, mediterr\u00e1n jelleg\u0171 kertekbe ide\u00e1lis.\" \/>\n<meta property=\"og:url\" content=\"https:\/\/tajkertesz.com\/en_US\/product\/albizia-julibrissin-selyemakac\/\" \/>\n<meta property=\"og:site_name\" content=\"T\u00e1jkert\u00e9sz\" \/>\n<meta property=\"article:publisher\" content=\"https:\/\/www.facebook.com\/Tajkertesz\/\" \/>\n<meta property=\"article:modified_time\" content=\"2025-05-20T09:01:44+00:00\" \/>\n<meta property=\"og:image\" content=\"https:\/\/tajkertesz.com\/wp-content\/uploads\/2025\/05\/20250520_093547-scaled.jpg\" \/>\n\t<meta property=\"og:image:width\" content=\"1920\" \/>\n\t<meta property=\"og:image:height\" content=\"2560\" \/>\n\t<meta property=\"og:image:type\" content=\"image\/jpeg\" \/>\n<meta name=\"twitter:card\" content=\"summary_large_image\" \/>\n<meta name=\"twitter:label1\" content=\"Est. reading time\" \/>\n\t<meta name=\"twitter:data1\" content=\"2 minutes\" \/>\n<script type=\"application\/ld+json\" class=\"yoast-schema-graph\">{\"@context\":\"https:\\\/\\\/schema.org\",\"@graph\":[{\"@type\":\"WebPage\",\"@id\":\"https:\\\/\\\/tajkertesz.com\\\/termek\\\/albizia-julibrissin-selyemakac\\\/\",\"url\":\"https:\\\/\\\/tajkertesz.com\\\/termek\\\/albizia-julibrissin-selyemakac\\\/\",\"name\":\"Albizia julibrissin - Selyemak\u00e1c - T\u00e1jkert\u00e9sz\",\"isPartOf\":{\"@id\":\"https:\\\/\\\/tajkertesz.com\\\/#website\"},\"primaryImageOfPage\":{\"@id\":\"https:\\\/\\\/tajkertesz.com\\\/termek\\\/albizia-julibrissin-selyemakac\\\/#primaryimage\"},\"image\":{\"@id\":\"https:\\\/\\\/tajkertesz.com\\\/termek\\\/albizia-julibrissin-selyemakac\\\/#primaryimage\"},\"thumbnailUrl\":\"https:\\\/\\\/tajkertesz.com\\\/wp-content\\\/uploads\\\/2025\\\/05\\\/20250520_093547-scaled.jpg\",\"datePublished\":\"2025-05-20T09:01:34+00:00\",\"dateModified\":\"2025-05-20T09:01:44+00:00\",\"description\":\"Az Albizia julibrissin - Selyemak\u00e1c egy lombuhhal\u00f3 fa, mely a pillang\u00f3vir\u00e1g\u00faak csal\u00e1dj\u00e1ba tartozik. Tr\u00f3pusi, mediterr\u00e1n jelleg\u0171 kertekbe ide\u00e1lis.\",\"breadcrumb\":{\"@id\":\"https:\\\/\\\/tajkertesz.com\\\/termek\\\/albizia-julibrissin-selyemakac\\\/#breadcrumb\"},\"inLanguage\":\"en-US\",\"potentialAction\":[{\"@type\":\"ReadAction\",\"target\":[\"https:\\\/\\\/tajkertesz.com\\\/termek\\\/albizia-julibrissin-selyemakac\\\/\"]}]},{\"@type\":\"ImageObject\",\"inLanguage\":\"en-US\",\"@id\":\"https:\\\/\\\/tajkertesz.com\\\/termek\\\/albizia-julibrissin-selyemakac\\\/#primaryimage\",\"url\":\"https:\\\/\\\/tajkertesz.com\\\/wp-content\\\/uploads\\\/2025\\\/05\\\/20250520_093547-scaled.jpg\",\"contentUrl\":\"https:\\\/\\\/tajkertesz.com\\\/wp-content\\\/uploads\\\/2025\\\/05\\\/20250520_093547-scaled.jpg\",\"width\":1920,\"height\":2560,\"caption\":\"Albizia julibrissin - Selyemak\u00e1c\"},{\"@type\":\"BreadcrumbList\",\"@id\":\"https:\\\/\\\/tajkertesz.com\\\/termek\\\/albizia-julibrissin-selyemakac\\\/#breadcrumb\",\"itemListElement\":[{\"@type\":\"ListItem\",\"position\":1,\"name\":\"Home\",\"item\":\"https:\\\/\\\/tajkertesz.com\\\/\"},{\"@type\":\"ListItem\",\"position\":2,\"name\":\"Kezd\u0151lap\",\"item\":\"https:\\\/\\\/tajkertesz.com\\\/\"},{\"@type\":\"ListItem\",\"position\":3,\"name\":\"Albizia julibrissin &#8211; Selyemak\u00e1c\"}]},{\"@type\":\"WebSite\",\"@id\":\"https:\\\/\\\/tajkertesz.com\\\/#website\",\"url\":\"https:\\\/\\\/tajkertesz.com\\\/\",\"name\":\"T\u00e1j-Kert\u00e9sz 84 Kft.\",\"description\":\"Kert\u00e9szeti kis- \u00e9s nagykeresked\u00e9s, D\u00edszn\u00f6v\u00e9ny web\u00e1ruh\u00e1z orsz\u00e1gos h\u00e1zhozsz\u00e1ll\u00edt\u00e1ssal!\",\"publisher\":{\"@id\":\"https:\\\/\\\/tajkertesz.com\\\/#organization\"},\"potentialAction\":[{\"@type\":\"SearchAction\",\"target\":{\"@type\":\"EntryPoint\",\"urlTemplate\":\"https:\\\/\\\/tajkertesz.com\\\/?s={search_term_string}\"},\"query-input\":{\"@type\":\"PropertyValueSpecification\",\"valueRequired\":true,\"valueName\":\"search_term_string\"}}],\"inLanguage\":\"en-US\"},{\"@type\":\"Organization\",\"@id\":\"https:\\\/\\\/tajkertesz.com\\\/#organization\",\"name\":\"T\u00e1j-Kert\u00e9sz 84 Kft.\",\"url\":\"https:\\\/\\\/tajkertesz.com\\\/\",\"logo\":{\"@type\":\"ImageObject\",\"inLanguage\":\"en-US\",\"@id\":\"https:\\\/\\\/tajkertesz.com\\\/#\\\/schema\\\/logo\\\/image\\\/\",\"url\":\"https:\\\/\\\/tajkertesz.com\\\/wp-content\\\/uploads\\\/2018\\\/02\\\/logo-2-e1518678052539.png\",\"contentUrl\":\"https:\\\/\\\/tajkertesz.com\\\/wp-content\\\/uploads\\\/2018\\\/02\\\/logo-2-e1518678052539.png\",\"width\":81,\"height\":140,\"caption\":\"T\u00e1j-Kert\u00e9sz 84 Kft.\"},\"image\":{\"@id\":\"https:\\\/\\\/tajkertesz.com\\\/#\\\/schema\\\/logo\\\/image\\\/\"},\"sameAs\":[\"https:\\\/\\\/www.facebook.com\\\/Tajkertesz\\\/\"]}]}<\/script>\n<!-- \/ Yoast SEO plugin. -->","yoast_head_json":{"title":"Albizia julibrissin - Selyemak\u00e1c - T\u00e1jkert\u00e9sz","description":"Az Albizia julibrissin - Selyemak\u00e1c egy lombuhhal\u00f3 fa, mely a pillang\u00f3vir\u00e1g\u00faak csal\u00e1dj\u00e1ba tartozik. Tr\u00f3pusi, mediterr\u00e1n jelleg\u0171 kertekbe ide\u00e1lis.","robots":{"index":"index","follow":"follow","max-snippet":"max-snippet:-1","max-image-preview":"max-image-preview:large","max-video-preview":"max-video-preview:-1"},"canonical":"https:\/\/tajkertesz.com\/en_US\/product\/albizia-julibrissin-selyemakac\/","og_locale":"en_US","og_type":"article","og_title":"Albizia julibrissin - Selyemak\u00e1c - T\u00e1jkert\u00e9sz","og_description":"Az Albizia julibrissin - Selyemak\u00e1c egy lombuhhal\u00f3 fa, mely a pillang\u00f3vir\u00e1g\u00faak csal\u00e1dj\u00e1ba tartozik. Tr\u00f3pusi, mediterr\u00e1n jelleg\u0171 kertekbe ide\u00e1lis.","og_url":"https:\/\/tajkertesz.com\/en_US\/product\/albizia-julibrissin-selyemakac\/","og_site_name":"T\u00e1jkert\u00e9sz","article_publisher":"https:\/\/www.facebook.com\/Tajkertesz\/","article_modified_time":"2025-05-20T09:01:44+00:00","og_image":[{"width":1920,"height":2560,"url":"https:\/\/tajkertesz.com\/wp-content\/uploads\/2025\/05\/20250520_093547-scaled.jpg","type":"image\/jpeg"}],"twitter_card":"summary_large_image","twitter_misc":{"Est. reading time":"2 minutes"},"schema":{"@context":"https:\/\/schema.org","@graph":[{"@type":"WebPage","@id":"https:\/\/tajkertesz.com\/termek\/albizia-julibrissin-selyemakac\/","url":"https:\/\/tajkertesz.com\/termek\/albizia-julibrissin-selyemakac\/","name":"Albizia julibrissin - Selyemak\u00e1c - T\u00e1jkert\u00e9sz","isPartOf":{"@id":"https:\/\/tajkertesz.com\/#website"},"primaryImageOfPage":{"@id":"https:\/\/tajkertesz.com\/termek\/albizia-julibrissin-selyemakac\/#primaryimage"},"image":{"@id":"https:\/\/tajkertesz.com\/termek\/albizia-julibrissin-selyemakac\/#primaryimage"},"thumbnailUrl":"https:\/\/tajkertesz.com\/wp-content\/uploads\/2025\/05\/20250520_093547-scaled.jpg","datePublished":"2025-05-20T09:01:34+00:00","dateModified":"2025-05-20T09:01:44+00:00","description":"Az Albizia julibrissin - Selyemak\u00e1c egy lombuhhal\u00f3 fa, mely a pillang\u00f3vir\u00e1g\u00faak csal\u00e1dj\u00e1ba tartozik. Tr\u00f3pusi, mediterr\u00e1n jelleg\u0171 kertekbe ide\u00e1lis.","breadcrumb":{"@id":"https:\/\/tajkertesz.com\/termek\/albizia-julibrissin-selyemakac\/#breadcrumb"},"inLanguage":"en-US","potentialAction":[{"@type":"ReadAction","target":["https:\/\/tajkertesz.com\/termek\/albizia-julibrissin-selyemakac\/"]}]},{"@type":"ImageObject","inLanguage":"en-US","@id":"https:\/\/tajkertesz.com\/termek\/albizia-julibrissin-selyemakac\/#primaryimage","url":"https:\/\/tajkertesz.com\/wp-content\/uploads\/2025\/05\/20250520_093547-scaled.jpg","contentUrl":"https:\/\/tajkertesz.com\/wp-content\/uploads\/2025\/05\/20250520_093547-scaled.jpg","width":1920,"height":2560,"caption":"Albizia julibrissin - Selyemak\u00e1c"},{"@type":"BreadcrumbList","@id":"https:\/\/tajkertesz.com\/termek\/albizia-julibrissin-selyemakac\/#breadcrumb","itemListElement":[{"@type":"ListItem","position":1,"name":"Home","item":"https:\/\/tajkertesz.com\/"},{"@type":"ListItem","position":2,"name":"Kezd\u0151lap","item":"https:\/\/tajkertesz.com\/"},{"@type":"ListItem","position":3,"name":"Albizia julibrissin &#8211; Selyemak\u00e1c"}]},{"@type":"WebSite","@id":"https:\/\/tajkertesz.com\/#website","url":"https:\/\/tajkertesz.com\/","name":"T\u00e1j-Kert\u00e9sz 84 Kft.","description":"Kert\u00e9szeti kis- \u00e9s nagykeresked\u00e9s, D\u00edszn\u00f6v\u00e9ny web\u00e1ruh\u00e1z orsz\u00e1gos h\u00e1zhozsz\u00e1ll\u00edt\u00e1ssal!","publisher":{"@id":"https:\/\/tajkertesz.com\/#organization"},"potentialAction":[{"@type":"SearchAction","target":{"@type":"EntryPoint","urlTemplate":"https:\/\/tajkertesz.com\/?s={search_term_string}"},"query-input":{"@type":"PropertyValueSpecification","valueRequired":true,"valueName":"search_term_string"}}],"inLanguage":"en-US"},{"@type":"Organization","@id":"https:\/\/tajkertesz.com\/#organization","name":"T\u00e1j-Kert\u00e9sz 84 Kft.","url":"https:\/\/tajkertesz.com\/","logo":{"@type":"ImageObject","inLanguage":"en-US","@id":"https:\/\/tajkertesz.com\/#\/schema\/logo\/image\/","url":"https:\/\/tajkertesz.com\/wp-content\/uploads\/2018\/02\/logo-2-e1518678052539.png","contentUrl":"https:\/\/tajkertesz.com\/wp-content\/uploads\/2018\/02\/logo-2-e1518678052539.png","width":81,"height":140,"caption":"T\u00e1j-Kert\u00e9sz 84 Kft."},"image":{"@id":"https:\/\/tajkertesz.com\/#\/schema\/logo\/image\/"},"sameAs":["https:\/\/www.facebook.com\/Tajkertesz\/"]}]}},"_links":{"self":[{"href":"https:\/\/tajkertesz.com\/en_US\/wp-json\/wp\/v2\/product\/23472","targetHints":{"allow":["GET"]}}],"collection":[{"href":"https:\/\/tajkertesz.com\/en_US\/wp-json\/wp\/v2\/product"}],"about":[{"href":"https:\/\/tajkertesz.com\/en_US\/wp-json\/wp\/v2\/types\/product"}],"wp:featuredmedia":[{"embeddable":true,"href":"https:\/\/tajkertesz.com\/en_US\/wp-json\/wp\/v2\/media\/23473"}],"wp:attachment":[{"href":"https:\/\/tajkertesz.com\/en_US\/wp-json\/wp\/v2\/media?parent=23472"}],"wp:term":[{"taxonomy":"product_brand","embeddable":true,"href":"https:\/\/tajkertesz.com\/en_US\/wp-json\/wp\/v2\/product_brand?post=23472"},{"taxonomy":"product_cat","embeddable":true,"href":"https:\/\/tajkertesz.com\/en_US\/wp-json\/wp\/v2\/product_cat?post=23472"},{"taxonomy":"product_tag","embeddable":true,"href":"https:\/\/tajkertesz.com\/en_US\/wp-json\/wp\/v2\/product_tag?post=23472"}],"curies":[{"name":"wp","href":"https:\/\/api.w.org\/{rel}","templated":true}]}}