{"id":23484,"date":"2025-05-20T13:08:03","date_gmt":"2025-05-20T13:08:03","guid":{"rendered":"https:\/\/tajkertesz.com\/?post_type=product&#038;p=23484"},"modified":"2025-05-20T13:22:25","modified_gmt":"2025-05-20T13:22:25","slug":"buddleja-davidii-royal-red-biborpiros-nyariorgona-2","status":"publish","type":"product","link":"https:\/\/tajkertesz.com\/en_US\/product\/buddleja-davidii-royal-red-biborpiros-nyariorgona-2\/","title":{"rendered":"Buddleja davidii &#8216;Royal Red&#8217; &#8211; B\u00edborpiros ny\u00e1riorgona"},"content":{"rendered":"<h1 class=\"LC20lb DKV0Md\">Buddleja davidii &#8216;Royal Red&#8217; &#8211; B\u00edborpiros ny\u00e1riorgona<\/h1>\n<p class=\"LC20lb DKV0Md\">Buddleja davidii &#8216;Royal Red&#8217; &#8211; B\u00edborpiros ny\u00e1riorgonafel\u00e1ll\u00f3 sz\u00e1r\u00fa gyorsan n\u00f6v\u0151 cserje,mely ide\u00e1lis v\u00e1laszt\u00e1s lehet akkor, ha viszonylag r\u00f6vid id\u0151n bel\u00fcl szeretn\u00e9nk vir\u00e1gz\u00f3 t\u00e1jat a kertbe.<\/p>\n<p class=\"LC20lb DKV0Md\">Az egy szezon alatt ak\u00e1r 1,5-2 m-t is n\u00f6v\u0151, bug\u00e1s vir\u00e1gokkal d\u00edsz\u00edt\u0151 d\u00edszn\u00f6v\u00e9ny n\u00e9pszer\u0171s\u00e9g\u00e9t annak is k\u00f6sz\u00f6nheti, hogy akkor ad vir\u00e1gd\u00edszt, amikor a legt\u00f6bb cserje m\u00e1r elvir\u00e1gzott. Vir\u00e1gz\u00e1sa j\u00faliust\u00f3l okt\u00f3berig is eltarthat \u00e9s igazi pillang\u00f3csalogat\u00f3 d\u00fas bokorr\u00e1 fejl\u0151dik, ha elegend\u0151 napf\u00e9nyt kap \u00e9s tavasszal mindig megfelel\u0151en visszametssz\u00fck.<\/p>\n<p class=\"LC20lb DKV0Md\">Nevel\u00e9se viszonylag egyszer\u0171 \u00e9s a hossz\u00fa hajt\u00e1sok v\u00e9g\u00e9n b\u00f3kol\u00f3 ak\u00e1r 30 cm-t is el\u00e9r\u0151 apr\u00f3 vir\u00e1gokb\u00f3l \u00e1ll\u00f3 sz\u00e1mtalan f\u00fcrtvir\u00e1gzata megkap\u00f3 l\u00e1tv\u00e1nyt ny\u00fajt.<br \/>\nL\u00e1ndzsa alak\u00fa hossz\u00fa levelei sz\u00f3rt \u00e1ll\u00e1s\u00faak, keskenyek, sz\u00edn\u00fck m\u00e9regz\u00f6ld.<\/p>\n<h4><strong>A n\u00f6v\u00e9ny jelenlegi m\u00e9rete: 30\/50 cm magas, 2 literes kont\u00e9nerben.<\/strong><\/h4>\n<p style=\"line-height: 18.0pt; background: white; margin: 0cm 0cm 15.0pt 0cm;\"><b><span style=\"font-family: 'Ubuntu',sans-serif; color: black;\">K\u00e9szlet\u00fcnk napi szinten v\u00e1ltozik, ez\u00e9rt k\u00e9rj\u00fck, \u00e9rdekl\u0151dj\u00f6n szem\u00e9lyesen, telefonon vagy email-en.<br \/>\nA v\u00e1ltoztat\u00e1s jog\u00e1t fenntartjuk!\u00a0<\/span><\/b><\/p>\n<p><a href=\"https:\/\/tajkertesz.com\/\">https:\/\/tajkertesz.com\/<\/a><\/p>\n<p><a href=\"https:\/\/www.facebook.com\/tajkertesz\/\">https:\/\/www.facebook.com\/tajkertesz\/<\/a><\/p>\n<p>Kisz\u00e1ll\u00edt\u00e1s: 200cm-ig \u00e9s 40 kg-ig a sz\u00e1ll\u00edt\u00e1s fut\u00e1rszolg\u00e1lattal t\u00f6rt\u00e9nik.<\/p>\n<p>Szem\u00e9lyes \u00e1tv\u00e9tel nyitvatart\u00e1si id\u0151ben a 17. ker\u00fclet Bakancsos utca 7. sz\u00e1m alatti Kert\u00e9szeti \u00e1rud\u00e1nkban.<\/p>\n<p><b><u>Kert\u00e9p\u00edt\u0151k \u00e9s viszontelad\u00f3k regisztr\u00e1l\u00e1s ut\u00e1n egyedi kedvezm\u00e9nnyel v\u00e1s\u00e1rolhatnak kert\u00e9szeti kis-\u00e9s nagykeresked\u00e9s\u00fcnkben.<\/u><\/b><\/p>\n<p>A logisztikai c\u00e9ggel t\u00f6rt\u00e9n\u0151 sz\u00e1ll\u00edt\u00e1s eset\u00e9n a partnereink\u00a0esetleges a\u00a0cs\u00fasz\u00e1sai\u00e9rt nem v\u00e1llalunk felel\u0151ss\u00e9get!<\/p>\n<p>&nbsp;<\/p>\n<p><strong>Az \u00e1rak egy darab term\u00e9kre vonatkoznak.<\/strong><\/p>\n<p>&nbsp;<\/p>\n<p><strong>J\u00f3 tudni!<\/strong><\/p>\n<p>K\u00e9pek-elt\u00e9r\u00e9sek:<\/p>\n<p>A n\u00f6v\u00e9nyekr\u0151l felt\u00f6lt\u00f6tt k\u00e9pek illusztr\u00e1ci\u00f3k. N\u00f6v\u00e9nyekn\u00e9l el\u0151fordulhatnak minim\u00e1lis elt\u00e9r\u00e9sek a k\u00e9peken szerepl\u0151 n\u00f6v\u00e9nyek \u00e9s az \u00e1tvett n\u00f6v\u00e9nyek k\u00f6z\u00f6tt, mivel minden n\u00f6v\u00e9ny egyedi.<\/p>\n<p>N\u00f6v\u00e9nyek sz\u00e1ll\u00edt\u00e1sa:<\/p>\n<p>A megrendelt n\u00f6v\u00e9nyeket igyeksz\u00fcnk a lehet\u0151 legbiztons\u00e1gosabban egyes\u00e9vel csomagolni, azonban a sz\u00e1ll\u00edt\u00e1s sor\u00e1n m\u00e9g ennek ellen\u00e9re is\u00a0bek\u00f6vetkezhetnek apr\u00f3bb s\u00e9r\u00fcl\u00e9sek (lev\u00e9l- vagy vir\u00e1ghull\u00e1s).<br \/>\nN\u00f6v\u00e9ny rendel\u00e9s eset\u00e9n k\u00e9rj\u00fck a k\u00e9zbes\u00edt\u00e9st k\u00f6vet\u0151en a lehet\u0151 leghamarabb bonts\u00e1k ki a csomagot.<\/p>\n<p>&nbsp;<\/p>\n<p>Abban az esetben, ha a megrendelt n\u00f6v\u00e9ny\u00a0a sz\u00e1ll\u00edt\u00e1st k\u00f6vet\u0151en\u00a0nem megfelel\u0151 gondoz\u00e1sban r\u00e9szes\u00fcl \u00e9s ebb\u0151l kifoly\u00f3lag\u00a0k\u00e1rosodik,\u00a0elpusztul, felel\u0151ss\u00e9get sajnos nem tudunk v\u00e1llalni.<\/p>\n<p>V\u00e1s\u00e1rl\u00e1st\u00f3l val\u00f3 el\u00e1ll\u00e1s \u00e9l\u0151 n\u00f6v\u00e9ny v\u00e1s\u00e1rl\u00e1sa eset\u00e9n:<\/p>\n<p>Az \u00e1ltal\u00e1nos 14 napos el\u00e1ll\u00e1s lehet\u0151s\u00e9ge \u00e9l\u0151 n\u00f6v\u00e9nyekre nem vonatkozik. V\u00e1s\u00e1rl\u00e1st\u00f3l val\u00f3 el\u00e1ll\u00e1sra, visszak\u00fcld\u00e9sre nincs lehet\u0151s\u00e9g.\u00a0(17\/1999. (II. 5.) Korm. rendelet 5c pontja)<\/p>\n<p>&nbsp;<\/p>\n<p><strong>K\u00e9rj\u00fck fentiek figyelembev\u00e9tel\u00e9t n\u00f6v\u00e9ny rendel\u00e9se sor\u00e1n!<\/strong><\/p>\n<p>&nbsp;<\/p>","protected":false},"excerpt":{"rendered":"<h4><strong>A n\u00f6v\u00e9ny jelenlegi m\u00e9rete: 30\/50 cm magas, 2 literes kont\u00e9nerben.<\/strong><\/h4>\n<h4 style=\"line-height: 18.0pt; background: white; margin: 0cm 0cm 15.0pt 0cm;\"><b><span style=\"font-family: 'Ubuntu',sans-serif; color: black;\">K\u00e9szlet\u00fcnk napi szinten v\u00e1ltozik, ez\u00e9rt k\u00e9rj\u00fck, \u00e9rdekl\u0151dj\u00f6n szem\u00e9lyesen, telefonon vagy email-en.<br \/>\nA v\u00e1ltoztat\u00e1s jog\u00e1t fenntartjuk!\u00a0<\/span><\/b><\/h4>","protected":false},"featured_media":13252,"template":"","meta":{"_et_pb_use_builder":"","_et_pb_old_content":"","_et_gb_content_width":""},"product_brand":[],"product_cat":[27,3785],"product_tag":[3835,73,54,181,180,3836],"class_list":{"0":"post-23484","1":"product","2":"type-product","3":"status-publish","4":"has-post-thumbnail","6":"product_cat-cserjek","7":"product_cat-uj-termekek","8":"product_tag-buddleja","9":"product_tag-cserje","10":"product_tag-disznoveny","11":"product_tag-nyari-orgona","12":"product_tag-orgona","13":"product_tag-royal-red","15":"first","16":"instock","17":"shipping-taxable","18":"purchasable","19":"product-type-simple"},"yoast_head":"<!-- This site is optimized with the Yoast SEO plugin v27.3 - https:\/\/yoast.com\/product\/yoast-seo-wordpress\/ -->\n<title>Buddleja davidii &#039;Royal Red&#039; - B\u00edborpiros ny\u00e1riorgona - T\u00e1jkert\u00e9sz<\/title>\n<meta name=\"description\" content=\"Buddleja davidii &#039;Royal Red&#039;- B\u00edborpiros ny\u00e1riorgona fel\u00e1ll\u00f3 sz\u00e1r\u00fa gyorsan n\u00f6v\u0151 cserje,mely ide\u00e1lis v\u00e1laszt\u00e1s lehet akkor, ha viszonylag\" \/>\n<meta name=\"robots\" content=\"index, follow, max-snippet:-1, max-image-preview:large, max-video-preview:-1\" \/>\n<link rel=\"canonical\" href=\"https:\/\/tajkertesz.com\/en_US\/product\/buddleja-davidii-royal-red-biborpiros-nyariorgona-2\/\" \/>\n<meta property=\"og:locale\" content=\"en_US\" \/>\n<meta property=\"og:type\" content=\"article\" \/>\n<meta property=\"og:title\" content=\"Buddleja davidii &#039;Royal Red&#039; - B\u00edborpiros ny\u00e1riorgona - T\u00e1jkert\u00e9sz\" \/>\n<meta property=\"og:description\" content=\"Buddleja davidii &#039;Royal Red&#039;- B\u00edborpiros ny\u00e1riorgona fel\u00e1ll\u00f3 sz\u00e1r\u00fa gyorsan n\u00f6v\u0151 cserje,mely ide\u00e1lis v\u00e1laszt\u00e1s lehet akkor, ha viszonylag\" \/>\n<meta property=\"og:url\" content=\"https:\/\/tajkertesz.com\/en_US\/product\/buddleja-davidii-royal-red-biborpiros-nyariorgona-2\/\" \/>\n<meta property=\"og:site_name\" content=\"T\u00e1jkert\u00e9sz\" \/>\n<meta property=\"article:publisher\" content=\"https:\/\/www.facebook.com\/Tajkertesz\/\" \/>\n<meta property=\"article:modified_time\" content=\"2025-05-20T13:22:25+00:00\" \/>\n<meta property=\"og:image\" content=\"https:\/\/tajkertesz.com\/wp-content\/uploads\/2021\/05\/Buddleia-royal-red.jpg\" \/>\n\t<meta property=\"og:image:width\" content=\"898\" \/>\n\t<meta property=\"og:image:height\" content=\"898\" \/>\n\t<meta property=\"og:image:type\" content=\"image\/jpeg\" \/>\n<meta name=\"twitter:card\" content=\"summary_large_image\" \/>\n<meta name=\"twitter:label1\" content=\"Est. reading time\" \/>\n\t<meta name=\"twitter:data1\" content=\"2 minutes\" \/>\n<script type=\"application\/ld+json\" class=\"yoast-schema-graph\">{\"@context\":\"https:\\\/\\\/schema.org\",\"@graph\":[{\"@type\":\"WebPage\",\"@id\":\"https:\\\/\\\/tajkertesz.com\\\/termek\\\/buddleja-davidii-royal-red-biborpiros-nyariorgona-2\\\/\",\"url\":\"https:\\\/\\\/tajkertesz.com\\\/termek\\\/buddleja-davidii-royal-red-biborpiros-nyariorgona-2\\\/\",\"name\":\"Buddleja davidii 'Royal Red' - B\u00edborpiros ny\u00e1riorgona - T\u00e1jkert\u00e9sz\",\"isPartOf\":{\"@id\":\"https:\\\/\\\/tajkertesz.com\\\/#website\"},\"primaryImageOfPage\":{\"@id\":\"https:\\\/\\\/tajkertesz.com\\\/termek\\\/buddleja-davidii-royal-red-biborpiros-nyariorgona-2\\\/#primaryimage\"},\"image\":{\"@id\":\"https:\\\/\\\/tajkertesz.com\\\/termek\\\/buddleja-davidii-royal-red-biborpiros-nyariorgona-2\\\/#primaryimage\"},\"thumbnailUrl\":\"https:\\\/\\\/tajkertesz.com\\\/wp-content\\\/uploads\\\/2021\\\/05\\\/Buddleia-royal-red.jpg\",\"datePublished\":\"2025-05-20T13:08:03+00:00\",\"dateModified\":\"2025-05-20T13:22:25+00:00\",\"description\":\"Buddleja davidii 'Royal Red'- B\u00edborpiros ny\u00e1riorgona fel\u00e1ll\u00f3 sz\u00e1r\u00fa gyorsan n\u00f6v\u0151 cserje,mely ide\u00e1lis v\u00e1laszt\u00e1s lehet akkor, ha viszonylag\",\"breadcrumb\":{\"@id\":\"https:\\\/\\\/tajkertesz.com\\\/termek\\\/buddleja-davidii-royal-red-biborpiros-nyariorgona-2\\\/#breadcrumb\"},\"inLanguage\":\"en-US\",\"potentialAction\":[{\"@type\":\"ReadAction\",\"target\":[\"https:\\\/\\\/tajkertesz.com\\\/termek\\\/buddleja-davidii-royal-red-biborpiros-nyariorgona-2\\\/\"]}]},{\"@type\":\"ImageObject\",\"inLanguage\":\"en-US\",\"@id\":\"https:\\\/\\\/tajkertesz.com\\\/termek\\\/buddleja-davidii-royal-red-biborpiros-nyariorgona-2\\\/#primaryimage\",\"url\":\"https:\\\/\\\/tajkertesz.com\\\/wp-content\\\/uploads\\\/2021\\\/05\\\/Buddleia-royal-red.jpg\",\"contentUrl\":\"https:\\\/\\\/tajkertesz.com\\\/wp-content\\\/uploads\\\/2021\\\/05\\\/Buddleia-royal-red.jpg\",\"width\":898,\"height\":898,\"caption\":\"Buddleja davidii 'Royal Red'- B\u00edborpiros ny\u00e1riorgona\"},{\"@type\":\"BreadcrumbList\",\"@id\":\"https:\\\/\\\/tajkertesz.com\\\/termek\\\/buddleja-davidii-royal-red-biborpiros-nyariorgona-2\\\/#breadcrumb\",\"itemListElement\":[{\"@type\":\"ListItem\",\"position\":1,\"name\":\"Home\",\"item\":\"https:\\\/\\\/tajkertesz.com\\\/\"},{\"@type\":\"ListItem\",\"position\":2,\"name\":\"Kezd\u0151lap\",\"item\":\"https:\\\/\\\/tajkertesz.com\\\/\"},{\"@type\":\"ListItem\",\"position\":3,\"name\":\"Buddleja davidii &#8216;Royal Red&#8217; &#8211; B\u00edborpiros ny\u00e1riorgona\"}]},{\"@type\":\"WebSite\",\"@id\":\"https:\\\/\\\/tajkertesz.com\\\/#website\",\"url\":\"https:\\\/\\\/tajkertesz.com\\\/\",\"name\":\"T\u00e1j-Kert\u00e9sz 84 Kft.\",\"description\":\"Kert\u00e9szeti kis- \u00e9s nagykeresked\u00e9s, D\u00edszn\u00f6v\u00e9ny web\u00e1ruh\u00e1z orsz\u00e1gos h\u00e1zhozsz\u00e1ll\u00edt\u00e1ssal!\",\"publisher\":{\"@id\":\"https:\\\/\\\/tajkertesz.com\\\/#organization\"},\"potentialAction\":[{\"@type\":\"SearchAction\",\"target\":{\"@type\":\"EntryPoint\",\"urlTemplate\":\"https:\\\/\\\/tajkertesz.com\\\/?s={search_term_string}\"},\"query-input\":{\"@type\":\"PropertyValueSpecification\",\"valueRequired\":true,\"valueName\":\"search_term_string\"}}],\"inLanguage\":\"en-US\"},{\"@type\":\"Organization\",\"@id\":\"https:\\\/\\\/tajkertesz.com\\\/#organization\",\"name\":\"T\u00e1j-Kert\u00e9sz 84 Kft.\",\"url\":\"https:\\\/\\\/tajkertesz.com\\\/\",\"logo\":{\"@type\":\"ImageObject\",\"inLanguage\":\"en-US\",\"@id\":\"https:\\\/\\\/tajkertesz.com\\\/#\\\/schema\\\/logo\\\/image\\\/\",\"url\":\"https:\\\/\\\/tajkertesz.com\\\/wp-content\\\/uploads\\\/2018\\\/02\\\/logo-2-e1518678052539.png\",\"contentUrl\":\"https:\\\/\\\/tajkertesz.com\\\/wp-content\\\/uploads\\\/2018\\\/02\\\/logo-2-e1518678052539.png\",\"width\":81,\"height\":140,\"caption\":\"T\u00e1j-Kert\u00e9sz 84 Kft.\"},\"image\":{\"@id\":\"https:\\\/\\\/tajkertesz.com\\\/#\\\/schema\\\/logo\\\/image\\\/\"},\"sameAs\":[\"https:\\\/\\\/www.facebook.com\\\/Tajkertesz\\\/\"]}]}<\/script>\n<!-- \/ Yoast SEO plugin. -->","yoast_head_json":{"title":"Buddleja davidii 'Royal Red' - B\u00edborpiros ny\u00e1riorgona - T\u00e1jkert\u00e9sz","description":"Buddleja davidii 'Royal Red'- B\u00edborpiros ny\u00e1riorgona fel\u00e1ll\u00f3 sz\u00e1r\u00fa gyorsan n\u00f6v\u0151 cserje,mely ide\u00e1lis v\u00e1laszt\u00e1s lehet akkor, ha viszonylag","robots":{"index":"index","follow":"follow","max-snippet":"max-snippet:-1","max-image-preview":"max-image-preview:large","max-video-preview":"max-video-preview:-1"},"canonical":"https:\/\/tajkertesz.com\/en_US\/product\/buddleja-davidii-royal-red-biborpiros-nyariorgona-2\/","og_locale":"en_US","og_type":"article","og_title":"Buddleja davidii 'Royal Red' - B\u00edborpiros ny\u00e1riorgona - T\u00e1jkert\u00e9sz","og_description":"Buddleja davidii 'Royal Red'- B\u00edborpiros ny\u00e1riorgona fel\u00e1ll\u00f3 sz\u00e1r\u00fa gyorsan n\u00f6v\u0151 cserje,mely ide\u00e1lis v\u00e1laszt\u00e1s lehet akkor, ha viszonylag","og_url":"https:\/\/tajkertesz.com\/en_US\/product\/buddleja-davidii-royal-red-biborpiros-nyariorgona-2\/","og_site_name":"T\u00e1jkert\u00e9sz","article_publisher":"https:\/\/www.facebook.com\/Tajkertesz\/","article_modified_time":"2025-05-20T13:22:25+00:00","og_image":[{"width":898,"height":898,"url":"https:\/\/tajkertesz.com\/wp-content\/uploads\/2021\/05\/Buddleia-royal-red.jpg","type":"image\/jpeg"}],"twitter_card":"summary_large_image","twitter_misc":{"Est. reading time":"2 minutes"},"schema":{"@context":"https:\/\/schema.org","@graph":[{"@type":"WebPage","@id":"https:\/\/tajkertesz.com\/termek\/buddleja-davidii-royal-red-biborpiros-nyariorgona-2\/","url":"https:\/\/tajkertesz.com\/termek\/buddleja-davidii-royal-red-biborpiros-nyariorgona-2\/","name":"Buddleja davidii 'Royal Red' - B\u00edborpiros ny\u00e1riorgona - T\u00e1jkert\u00e9sz","isPartOf":{"@id":"https:\/\/tajkertesz.com\/#website"},"primaryImageOfPage":{"@id":"https:\/\/tajkertesz.com\/termek\/buddleja-davidii-royal-red-biborpiros-nyariorgona-2\/#primaryimage"},"image":{"@id":"https:\/\/tajkertesz.com\/termek\/buddleja-davidii-royal-red-biborpiros-nyariorgona-2\/#primaryimage"},"thumbnailUrl":"https:\/\/tajkertesz.com\/wp-content\/uploads\/2021\/05\/Buddleia-royal-red.jpg","datePublished":"2025-05-20T13:08:03+00:00","dateModified":"2025-05-20T13:22:25+00:00","description":"Buddleja davidii 'Royal Red'- B\u00edborpiros ny\u00e1riorgona fel\u00e1ll\u00f3 sz\u00e1r\u00fa gyorsan n\u00f6v\u0151 cserje,mely ide\u00e1lis v\u00e1laszt\u00e1s lehet akkor, ha viszonylag","breadcrumb":{"@id":"https:\/\/tajkertesz.com\/termek\/buddleja-davidii-royal-red-biborpiros-nyariorgona-2\/#breadcrumb"},"inLanguage":"en-US","potentialAction":[{"@type":"ReadAction","target":["https:\/\/tajkertesz.com\/termek\/buddleja-davidii-royal-red-biborpiros-nyariorgona-2\/"]}]},{"@type":"ImageObject","inLanguage":"en-US","@id":"https:\/\/tajkertesz.com\/termek\/buddleja-davidii-royal-red-biborpiros-nyariorgona-2\/#primaryimage","url":"https:\/\/tajkertesz.com\/wp-content\/uploads\/2021\/05\/Buddleia-royal-red.jpg","contentUrl":"https:\/\/tajkertesz.com\/wp-content\/uploads\/2021\/05\/Buddleia-royal-red.jpg","width":898,"height":898,"caption":"Buddleja davidii 'Royal Red'- B\u00edborpiros ny\u00e1riorgona"},{"@type":"BreadcrumbList","@id":"https:\/\/tajkertesz.com\/termek\/buddleja-davidii-royal-red-biborpiros-nyariorgona-2\/#breadcrumb","itemListElement":[{"@type":"ListItem","position":1,"name":"Home","item":"https:\/\/tajkertesz.com\/"},{"@type":"ListItem","position":2,"name":"Kezd\u0151lap","item":"https:\/\/tajkertesz.com\/"},{"@type":"ListItem","position":3,"name":"Buddleja davidii &#8216;Royal Red&#8217; &#8211; B\u00edborpiros ny\u00e1riorgona"}]},{"@type":"WebSite","@id":"https:\/\/tajkertesz.com\/#website","url":"https:\/\/tajkertesz.com\/","name":"T\u00e1j-Kert\u00e9sz 84 Kft.","description":"Kert\u00e9szeti kis- \u00e9s nagykeresked\u00e9s, D\u00edszn\u00f6v\u00e9ny web\u00e1ruh\u00e1z orsz\u00e1gos h\u00e1zhozsz\u00e1ll\u00edt\u00e1ssal!","publisher":{"@id":"https:\/\/tajkertesz.com\/#organization"},"potentialAction":[{"@type":"SearchAction","target":{"@type":"EntryPoint","urlTemplate":"https:\/\/tajkertesz.com\/?s={search_term_string}"},"query-input":{"@type":"PropertyValueSpecification","valueRequired":true,"valueName":"search_term_string"}}],"inLanguage":"en-US"},{"@type":"Organization","@id":"https:\/\/tajkertesz.com\/#organization","name":"T\u00e1j-Kert\u00e9sz 84 Kft.","url":"https:\/\/tajkertesz.com\/","logo":{"@type":"ImageObject","inLanguage":"en-US","@id":"https:\/\/tajkertesz.com\/#\/schema\/logo\/image\/","url":"https:\/\/tajkertesz.com\/wp-content\/uploads\/2018\/02\/logo-2-e1518678052539.png","contentUrl":"https:\/\/tajkertesz.com\/wp-content\/uploads\/2018\/02\/logo-2-e1518678052539.png","width":81,"height":140,"caption":"T\u00e1j-Kert\u00e9sz 84 Kft."},"image":{"@id":"https:\/\/tajkertesz.com\/#\/schema\/logo\/image\/"},"sameAs":["https:\/\/www.facebook.com\/Tajkertesz\/"]}]}},"_links":{"self":[{"href":"https:\/\/tajkertesz.com\/en_US\/wp-json\/wp\/v2\/product\/23484","targetHints":{"allow":["GET"]}}],"collection":[{"href":"https:\/\/tajkertesz.com\/en_US\/wp-json\/wp\/v2\/product"}],"about":[{"href":"https:\/\/tajkertesz.com\/en_US\/wp-json\/wp\/v2\/types\/product"}],"wp:featuredmedia":[{"embeddable":true,"href":"https:\/\/tajkertesz.com\/en_US\/wp-json\/wp\/v2\/media\/13252"}],"wp:attachment":[{"href":"https:\/\/tajkertesz.com\/en_US\/wp-json\/wp\/v2\/media?parent=23484"}],"wp:term":[{"taxonomy":"product_brand","embeddable":true,"href":"https:\/\/tajkertesz.com\/en_US\/wp-json\/wp\/v2\/product_brand?post=23484"},{"taxonomy":"product_cat","embeddable":true,"href":"https:\/\/tajkertesz.com\/en_US\/wp-json\/wp\/v2\/product_cat?post=23484"},{"taxonomy":"product_tag","embeddable":true,"href":"https:\/\/tajkertesz.com\/en_US\/wp-json\/wp\/v2\/product_tag?post=23484"}],"curies":[{"name":"wp","href":"https:\/\/api.w.org\/{rel}","templated":true}]}}