{"id":23507,"date":"2025-05-21T11:05:43","date_gmt":"2025-05-21T11:05:43","guid":{"rendered":"https:\/\/tajkertesz.com\/?post_type=product&#038;p=23507"},"modified":"2026-03-31T10:04:06","modified_gmt":"2026-03-31T10:04:06","slug":"calycanthus-raulstonii-hartlage-wine-illatos-fuszercserje","status":"publish","type":"product","link":"https:\/\/tajkertesz.com\/en_US\/product\/calycanthus-raulstonii-hartlage-wine-illatos-fuszercserje\/","title":{"rendered":"Calycanthus raulstonii &#8216;Hartlage Wine&#8217; &#8211; Illatos f\u0171szercserje"},"content":{"rendered":"<h1>Calycanthus raulstonii &#8216;Hartlage Wine&#8217; &#8211; Illatos f\u0171szercserje<\/h1>\n<p>A\u00a0 Calycanthus raulstonii &#8216;Hartlage Wine&#8217; &#8211; Illatos f\u0171szercserje egy hibrid fajta, amely a <em data-start=\"416\" data-end=\"438\">Calycanthus floridus<\/em> \u00e9s a <em data-start=\"467\" data-end=\"494\">Sinocalycanthus chinensis<\/em>\u00a0 keresztez\u00e9s\u00e9b\u0151l j\u00f6tt l\u00e9tre. A hibridet Richard Hartlage nemes\u00edtette a 1990-es \u00e9vekben az \u00c9szak-Karolinai \u00c1llami Egyetemen.<\/p>\n<h2>Calycanthus raulstonii &#8216;Hartlage Wine&#8217; jellemz\u0151i:<\/h2>\n<p>Az illatos f\u0171szercserje 2-3 m\u00e9ter magas, 1,5-2,5 m\u00e9ter sz\u00e9les, k\u00f6zepesen gyors n\u00f6veked\u00e9s\u0171, bokros habitus\u00fa lombhullat\u00f3 cserje. Levele fah\u00e9j illat\u00fa, z\u00f6ld, ov\u00e1lis alak\u00fa, mely \u0151sszel vonz\u00f3 vajass\u00e1rg\u00e1v\u00e1 v\u00e1ltozik.<\/p>\n<p>Vir\u00e1ga nagy m\u00e9ret\u0171 (ak\u00e1r 7\u201310 cm), s\u00f6t\u00e9t borv\u00f6r\u00f6s-b\u00edbor sz\u00edn\u0171, enyh\u00e9n illatosak.<\/p>\n<p>K\u00e9s\u0151 tavaszt\u00f3l (m\u00e1jus) ny\u00e1r elej\u00e9ig vir\u00e1gzik, alkalmank\u00e9nt m\u00e1sodvir\u00e1gz\u00e1sra \u0151sszel lehet sz\u00e1m\u00edtani.<\/p>\n<h3>Illatos f\u0171szercserje gondoz\u00e1sa<\/h3>\n<p class=\"\" data-start=\"1206\" data-end=\"1278\">Napos vagy f\u00e9l\u00e1rny\u00e9kos helyre \u00fcltess\u00fck.<b> A\u00a0 j<\/b>\u00f3 v\u00edz\u00e1tereszt\u0151, humuszban gazdag, k\u00f6zepesen nedves talajt kedveli.<\/p>\n<p class=\"\" data-start=\"1206\" data-end=\"1278\">Semleges vagy enyh\u00e9n savany\u00fa talaj ide\u00e1lis sz\u00e1m\u00e1ra.<\/p>\n<p data-start=\"1206\" data-end=\"1278\">Vir\u00e1gz\u00e1s ut\u00e1n \u00e9rdemes visszav\u00e1gni.<\/p>\n<h4 data-start=\"1206\" data-end=\"1278\"><strong>A n\u00f6v\u00e9ny jelenlegi m\u00e9rete: 30\/40 cm magas, 3 literes kont\u00e9nerben.<\/strong><\/h4>\n<p><b>K\u00e9szlet\u00fcnk napi szinten v\u00e1ltozik, ez\u00e9rt k\u00e9rj\u00fck, \u00e9rdekl\u0151dj\u00f6n szem\u00e9lyesen, telefonon vagy email-en.<br \/>\nA v\u00e1ltoztat\u00e1s jog\u00e1t fenntartjuk!<\/b><b>\u00a0<\/b><\/p>\n<p><a href=\"https:\/\/tajkertesz.com\/\">https:\/\/tajkertesz.com\/<\/a><\/p>\n<p><a href=\"https:\/\/www.facebook.com\/tajkertesz\/\">https:\/\/www.facebook.com\/tajkertesz\/<\/a><\/p>\n<p>Kisz\u00e1ll\u00edt\u00e1s: 200cm-ig \u00e9s 40 kg-ig a sz\u00e1ll\u00edt\u00e1s fut\u00e1rszolg\u00e1lattal t\u00f6rt\u00e9nik.<\/p>\n<p>Szem\u00e9lyes \u00e1tv\u00e9tel nyitvatart\u00e1si id\u0151ben a 17. ker\u00fclet Bakancsos utca 7. sz\u00e1m alatti Kert\u00e9szeti \u00e1rud\u00e1nkban.<\/p>\n<p>Kert\u00e9p\u00edt\u0151k \u00e9s viszontelad\u00f3k regisztr\u00e1l\u00e1s ut\u00e1n egyedi kedvezm\u00e9nnyel v\u00e1s\u00e1rolhatnak kert\u00e9szeti kis-\u00e9s nagykeresked\u00e9s\u00fcnkben.<\/p>\n<p><strong>Az \u00e1rak egy darab term\u00e9kre vonatkoznak.<\/strong><\/p>\n<p><strong>J\u00f3 tudni!<\/strong><\/p>\n<p>K\u00e9pek-elt\u00e9r\u00e9sek:<\/p>\n<p>A n\u00f6v\u00e9nyekr\u0151l felt\u00f6lt\u00f6tt k\u00e9pek illusztr\u00e1ci\u00f3k. N\u00f6v\u00e9nyekn\u00e9l el\u0151fordulhatnak minim\u00e1lis elt\u00e9r\u00e9sek a k\u00e9peken szerepl\u0151 n\u00f6v\u00e9nyek \u00e9s az \u00e1tvett n\u00f6v\u00e9nyek k\u00f6z\u00f6tt, mivel minden n\u00f6v\u00e9ny egyedi.<\/p>\n<h4>N\u00f6v\u00e9nyek sz\u00e1ll\u00edt\u00e1sa:<\/h4>\n<p>A megrendelt n\u00f6v\u00e9nyeket igyeksz\u00fcnk a lehet\u0151 legbiztons\u00e1gosabban egyes\u00e9vel csomagolni, azonban a sz\u00e1ll\u00edt\u00e1s sor\u00e1n m\u00e9g ennek ellen\u00e9re is\u00a0bek\u00f6vetkezhetnek apr\u00f3bb s\u00e9r\u00fcl\u00e9sek (lev\u00e9l- vagy vir\u00e1ghull\u00e1s).<br \/>\nN\u00f6v\u00e9ny rendel\u00e9s eset\u00e9n k\u00e9rj\u00fck a k\u00e9zbes\u00edt\u00e9st k\u00f6vet\u0151en a lehet\u0151 leghamarabb bonts\u00e1k ki a csomagot.<\/p>\n<p>Abban az esetben, ha a megrendelt n\u00f6v\u00e9ny\u00a0a sz\u00e1ll\u00edt\u00e1st k\u00f6vet\u0151en\u00a0nem megfelel\u0151 gondoz\u00e1sban r\u00e9szes\u00fcl \u00e9s ebb\u0151l kifoly\u00f3lag\u00a0k\u00e1rosodik,\u00a0elpusztul, felel\u0151ss\u00e9get sajnos nem tudunk v\u00e1llalni.<\/p>\n<p>V\u00e1s\u00e1rl\u00e1st\u00f3l val\u00f3 el\u00e1ll\u00e1s \u00e9l\u0151 n\u00f6v\u00e9ny v\u00e1s\u00e1rl\u00e1sa eset\u00e9n:<\/p>\n<p>Az \u00e1ltal\u00e1nos 14 napos el\u00e1ll\u00e1s lehet\u0151s\u00e9ge \u00e9l\u0151 n\u00f6v\u00e9nyekre nem vonatkozik. V\u00e1s\u00e1rl\u00e1st\u00f3l val\u00f3 el\u00e1ll\u00e1sra, visszak\u00fcld\u00e9sre nincs lehet\u0151s\u00e9g.\u00a0(17\/1999. (II. 5.) Korm. rendelet 5c pontja)<\/p>\n<p><strong>K\u00e9rj\u00fck fentiek figyelembev\u00e9tel\u00e9t n\u00f6v\u00e9ny rendel\u00e9se sor\u00e1n!<\/strong><\/p>","protected":false},"excerpt":{"rendered":"<h4 data-start=\"1206\" data-end=\"1278\"><strong>A n\u00f6v\u00e9ny jelenlegi m\u00e9rete: 30\/40 cm magas, 3 literes kont\u00e9nerben.<\/strong><\/h4>\n<p><b>K\u00e9szlet\u00fcnk napi szinten v\u00e1ltozik, ez\u00e9rt k\u00e9rj\u00fck, \u00e9rdekl\u0151dj\u00f6n szem\u00e9lyesen, telefonon vagy email-en.<br \/>\nA v\u00e1ltoztat\u00e1s jog\u00e1t fenntartjuk!<\/b><b>\u00a0<\/b><\/p>","protected":false},"featured_media":23508,"template":"","meta":{"_et_pb_use_builder":"","_et_pb_old_content":"","_et_gb_content_width":""},"product_brand":[],"product_cat":[27],"product_tag":[5804,73,5805],"class_list":{"0":"post-23507","1":"product","2":"type-product","3":"status-publish","4":"has-post-thumbnail","6":"product_cat-cserjek","7":"product_tag-calycanthus","8":"product_tag-cserje","9":"product_tag-illatos-fuszercserje","11":"first","12":"instock","13":"shipping-taxable","14":"purchasable","15":"product-type-simple"},"yoast_head":"<!-- This site is optimized with the Yoast SEO plugin v27.4 - https:\/\/yoast.com\/product\/yoast-seo-wordpress\/ -->\n<title>Calycanthus raulstonii &#039;Hartlage Wine&#039; - Illatos f\u0171szercserje - T\u00e1jkert\u00e9sz<\/title>\n<meta name=\"description\" content=\"A\u00a0 Calycanthus x raulstonii &#039;Hartlage Wine&#039; - Illatos f\u0171szercserje egy hibrid fajta, amely a Calycanthus floridus \u00e9s a Sinocalycanthus chinensis\u00a0\" \/>\n<meta name=\"robots\" content=\"index, follow, max-snippet:-1, max-image-preview:large, max-video-preview:-1\" \/>\n<link rel=\"canonical\" href=\"https:\/\/tajkertesz.com\/en_US\/product\/calycanthus-raulstonii-hartlage-wine-illatos-fuszercserje\/\" \/>\n<meta property=\"og:locale\" content=\"en_US\" \/>\n<meta property=\"og:type\" content=\"article\" \/>\n<meta property=\"og:title\" content=\"Calycanthus raulstonii &#039;Hartlage Wine&#039; - Illatos f\u0171szercserje - T\u00e1jkert\u00e9sz\" \/>\n<meta property=\"og:description\" content=\"A\u00a0 Calycanthus x raulstonii &#039;Hartlage Wine&#039; - Illatos f\u0171szercserje egy hibrid fajta, amely a Calycanthus floridus \u00e9s a Sinocalycanthus chinensis\u00a0\" \/>\n<meta property=\"og:url\" content=\"https:\/\/tajkertesz.com\/en_US\/product\/calycanthus-raulstonii-hartlage-wine-illatos-fuszercserje\/\" \/>\n<meta property=\"og:site_name\" content=\"T\u00e1jkert\u00e9sz\" \/>\n<meta property=\"article:publisher\" content=\"https:\/\/www.facebook.com\/Tajkertesz\/\" \/>\n<meta property=\"article:modified_time\" content=\"2026-03-31T10:04:06+00:00\" \/>\n<meta property=\"og:image\" content=\"https:\/\/tajkertesz.com\/wp-content\/uploads\/2025\/05\/20250520_094942-scaled.jpg\" \/>\n\t<meta property=\"og:image:width\" content=\"1920\" \/>\n\t<meta property=\"og:image:height\" content=\"2560\" \/>\n\t<meta property=\"og:image:type\" content=\"image\/jpeg\" \/>\n<meta name=\"twitter:card\" content=\"summary_large_image\" \/>\n<meta name=\"twitter:label1\" content=\"Est. reading time\" \/>\n\t<meta name=\"twitter:data1\" content=\"2 minutes\" \/>\n<script type=\"application\/ld+json\" class=\"yoast-schema-graph\">{\"@context\":\"https:\\\/\\\/schema.org\",\"@graph\":[{\"@type\":\"WebPage\",\"@id\":\"https:\\\/\\\/tajkertesz.com\\\/termek\\\/calycanthus-raulstonii-hartlage-wine-illatos-fuszercserje\\\/\",\"url\":\"https:\\\/\\\/tajkertesz.com\\\/termek\\\/calycanthus-raulstonii-hartlage-wine-illatos-fuszercserje\\\/\",\"name\":\"Calycanthus raulstonii 'Hartlage Wine' - Illatos f\u0171szercserje - T\u00e1jkert\u00e9sz\",\"isPartOf\":{\"@id\":\"https:\\\/\\\/tajkertesz.com\\\/#website\"},\"primaryImageOfPage\":{\"@id\":\"https:\\\/\\\/tajkertesz.com\\\/termek\\\/calycanthus-raulstonii-hartlage-wine-illatos-fuszercserje\\\/#primaryimage\"},\"image\":{\"@id\":\"https:\\\/\\\/tajkertesz.com\\\/termek\\\/calycanthus-raulstonii-hartlage-wine-illatos-fuszercserje\\\/#primaryimage\"},\"thumbnailUrl\":\"https:\\\/\\\/tajkertesz.com\\\/wp-content\\\/uploads\\\/2025\\\/05\\\/20250520_094942-scaled.jpg\",\"datePublished\":\"2025-05-21T11:05:43+00:00\",\"dateModified\":\"2026-03-31T10:04:06+00:00\",\"description\":\"A\u00a0 Calycanthus x raulstonii 'Hartlage Wine' - Illatos f\u0171szercserje egy hibrid fajta, amely a Calycanthus floridus \u00e9s a Sinocalycanthus chinensis\u00a0\",\"breadcrumb\":{\"@id\":\"https:\\\/\\\/tajkertesz.com\\\/termek\\\/calycanthus-raulstonii-hartlage-wine-illatos-fuszercserje\\\/#breadcrumb\"},\"inLanguage\":\"en-US\",\"potentialAction\":[{\"@type\":\"ReadAction\",\"target\":[\"https:\\\/\\\/tajkertesz.com\\\/termek\\\/calycanthus-raulstonii-hartlage-wine-illatos-fuszercserje\\\/\"]}]},{\"@type\":\"ImageObject\",\"inLanguage\":\"en-US\",\"@id\":\"https:\\\/\\\/tajkertesz.com\\\/termek\\\/calycanthus-raulstonii-hartlage-wine-illatos-fuszercserje\\\/#primaryimage\",\"url\":\"https:\\\/\\\/tajkertesz.com\\\/wp-content\\\/uploads\\\/2025\\\/05\\\/20250520_094942-scaled.jpg\",\"contentUrl\":\"https:\\\/\\\/tajkertesz.com\\\/wp-content\\\/uploads\\\/2025\\\/05\\\/20250520_094942-scaled.jpg\",\"width\":1920,\"height\":2560,\"caption\":\"Calycanthus raulstonii 'Hartlage Wine' - Illatos f\u0171szercserje\"},{\"@type\":\"BreadcrumbList\",\"@id\":\"https:\\\/\\\/tajkertesz.com\\\/termek\\\/calycanthus-raulstonii-hartlage-wine-illatos-fuszercserje\\\/#breadcrumb\",\"itemListElement\":[{\"@type\":\"ListItem\",\"position\":1,\"name\":\"Home\",\"item\":\"https:\\\/\\\/tajkertesz.com\\\/\"},{\"@type\":\"ListItem\",\"position\":2,\"name\":\"Kezd\u0151lap\",\"item\":\"https:\\\/\\\/tajkertesz.com\\\/\"},{\"@type\":\"ListItem\",\"position\":3,\"name\":\"Calycanthus raulstonii &#8216;Hartlage Wine&#8217; &#8211; Illatos f\u0171szercserje\"}]},{\"@type\":\"WebSite\",\"@id\":\"https:\\\/\\\/tajkertesz.com\\\/#website\",\"url\":\"https:\\\/\\\/tajkertesz.com\\\/\",\"name\":\"T\u00e1j-Kert\u00e9sz 84 Kft.\",\"description\":\"Kert\u00e9szeti kis- \u00e9s nagykeresked\u00e9s, D\u00edszn\u00f6v\u00e9ny web\u00e1ruh\u00e1z orsz\u00e1gos h\u00e1zhozsz\u00e1ll\u00edt\u00e1ssal!\",\"publisher\":{\"@id\":\"https:\\\/\\\/tajkertesz.com\\\/#organization\"},\"potentialAction\":[{\"@type\":\"SearchAction\",\"target\":{\"@type\":\"EntryPoint\",\"urlTemplate\":\"https:\\\/\\\/tajkertesz.com\\\/?s={search_term_string}\"},\"query-input\":{\"@type\":\"PropertyValueSpecification\",\"valueRequired\":true,\"valueName\":\"search_term_string\"}}],\"inLanguage\":\"en-US\"},{\"@type\":\"Organization\",\"@id\":\"https:\\\/\\\/tajkertesz.com\\\/#organization\",\"name\":\"T\u00e1j-Kert\u00e9sz 84 Kft.\",\"url\":\"https:\\\/\\\/tajkertesz.com\\\/\",\"logo\":{\"@type\":\"ImageObject\",\"inLanguage\":\"en-US\",\"@id\":\"https:\\\/\\\/tajkertesz.com\\\/#\\\/schema\\\/logo\\\/image\\\/\",\"url\":\"https:\\\/\\\/tajkertesz.com\\\/wp-content\\\/uploads\\\/2018\\\/02\\\/logo-2-e1518678052539.png\",\"contentUrl\":\"https:\\\/\\\/tajkertesz.com\\\/wp-content\\\/uploads\\\/2018\\\/02\\\/logo-2-e1518678052539.png\",\"width\":81,\"height\":140,\"caption\":\"T\u00e1j-Kert\u00e9sz 84 Kft.\"},\"image\":{\"@id\":\"https:\\\/\\\/tajkertesz.com\\\/#\\\/schema\\\/logo\\\/image\\\/\"},\"sameAs\":[\"https:\\\/\\\/www.facebook.com\\\/Tajkertesz\\\/\"]}]}<\/script>\n<!-- \/ Yoast SEO plugin. -->","yoast_head_json":{"title":"Calycanthus raulstonii 'Hartlage Wine' - Illatos f\u0171szercserje - T\u00e1jkert\u00e9sz","description":"A\u00a0 Calycanthus x raulstonii 'Hartlage Wine' - Illatos f\u0171szercserje egy hibrid fajta, amely a Calycanthus floridus \u00e9s a Sinocalycanthus chinensis\u00a0","robots":{"index":"index","follow":"follow","max-snippet":"max-snippet:-1","max-image-preview":"max-image-preview:large","max-video-preview":"max-video-preview:-1"},"canonical":"https:\/\/tajkertesz.com\/en_US\/product\/calycanthus-raulstonii-hartlage-wine-illatos-fuszercserje\/","og_locale":"en_US","og_type":"article","og_title":"Calycanthus raulstonii 'Hartlage Wine' - Illatos f\u0171szercserje - T\u00e1jkert\u00e9sz","og_description":"A\u00a0 Calycanthus x raulstonii 'Hartlage Wine' - Illatos f\u0171szercserje egy hibrid fajta, amely a Calycanthus floridus \u00e9s a Sinocalycanthus chinensis\u00a0","og_url":"https:\/\/tajkertesz.com\/en_US\/product\/calycanthus-raulstonii-hartlage-wine-illatos-fuszercserje\/","og_site_name":"T\u00e1jkert\u00e9sz","article_publisher":"https:\/\/www.facebook.com\/Tajkertesz\/","article_modified_time":"2026-03-31T10:04:06+00:00","og_image":[{"width":1920,"height":2560,"url":"https:\/\/tajkertesz.com\/wp-content\/uploads\/2025\/05\/20250520_094942-scaled.jpg","type":"image\/jpeg"}],"twitter_card":"summary_large_image","twitter_misc":{"Est. reading time":"2 minutes"},"schema":{"@context":"https:\/\/schema.org","@graph":[{"@type":"WebPage","@id":"https:\/\/tajkertesz.com\/termek\/calycanthus-raulstonii-hartlage-wine-illatos-fuszercserje\/","url":"https:\/\/tajkertesz.com\/termek\/calycanthus-raulstonii-hartlage-wine-illatos-fuszercserje\/","name":"Calycanthus raulstonii 'Hartlage Wine' - Illatos f\u0171szercserje - T\u00e1jkert\u00e9sz","isPartOf":{"@id":"https:\/\/tajkertesz.com\/#website"},"primaryImageOfPage":{"@id":"https:\/\/tajkertesz.com\/termek\/calycanthus-raulstonii-hartlage-wine-illatos-fuszercserje\/#primaryimage"},"image":{"@id":"https:\/\/tajkertesz.com\/termek\/calycanthus-raulstonii-hartlage-wine-illatos-fuszercserje\/#primaryimage"},"thumbnailUrl":"https:\/\/tajkertesz.com\/wp-content\/uploads\/2025\/05\/20250520_094942-scaled.jpg","datePublished":"2025-05-21T11:05:43+00:00","dateModified":"2026-03-31T10:04:06+00:00","description":"A\u00a0 Calycanthus x raulstonii 'Hartlage Wine' - Illatos f\u0171szercserje egy hibrid fajta, amely a Calycanthus floridus \u00e9s a Sinocalycanthus chinensis\u00a0","breadcrumb":{"@id":"https:\/\/tajkertesz.com\/termek\/calycanthus-raulstonii-hartlage-wine-illatos-fuszercserje\/#breadcrumb"},"inLanguage":"en-US","potentialAction":[{"@type":"ReadAction","target":["https:\/\/tajkertesz.com\/termek\/calycanthus-raulstonii-hartlage-wine-illatos-fuszercserje\/"]}]},{"@type":"ImageObject","inLanguage":"en-US","@id":"https:\/\/tajkertesz.com\/termek\/calycanthus-raulstonii-hartlage-wine-illatos-fuszercserje\/#primaryimage","url":"https:\/\/tajkertesz.com\/wp-content\/uploads\/2025\/05\/20250520_094942-scaled.jpg","contentUrl":"https:\/\/tajkertesz.com\/wp-content\/uploads\/2025\/05\/20250520_094942-scaled.jpg","width":1920,"height":2560,"caption":"Calycanthus raulstonii 'Hartlage Wine' - Illatos f\u0171szercserje"},{"@type":"BreadcrumbList","@id":"https:\/\/tajkertesz.com\/termek\/calycanthus-raulstonii-hartlage-wine-illatos-fuszercserje\/#breadcrumb","itemListElement":[{"@type":"ListItem","position":1,"name":"Home","item":"https:\/\/tajkertesz.com\/"},{"@type":"ListItem","position":2,"name":"Kezd\u0151lap","item":"https:\/\/tajkertesz.com\/"},{"@type":"ListItem","position":3,"name":"Calycanthus raulstonii &#8216;Hartlage Wine&#8217; &#8211; Illatos f\u0171szercserje"}]},{"@type":"WebSite","@id":"https:\/\/tajkertesz.com\/#website","url":"https:\/\/tajkertesz.com\/","name":"T\u00e1j-Kert\u00e9sz 84 Kft.","description":"Kert\u00e9szeti kis- \u00e9s nagykeresked\u00e9s, D\u00edszn\u00f6v\u00e9ny web\u00e1ruh\u00e1z orsz\u00e1gos h\u00e1zhozsz\u00e1ll\u00edt\u00e1ssal!","publisher":{"@id":"https:\/\/tajkertesz.com\/#organization"},"potentialAction":[{"@type":"SearchAction","target":{"@type":"EntryPoint","urlTemplate":"https:\/\/tajkertesz.com\/?s={search_term_string}"},"query-input":{"@type":"PropertyValueSpecification","valueRequired":true,"valueName":"search_term_string"}}],"inLanguage":"en-US"},{"@type":"Organization","@id":"https:\/\/tajkertesz.com\/#organization","name":"T\u00e1j-Kert\u00e9sz 84 Kft.","url":"https:\/\/tajkertesz.com\/","logo":{"@type":"ImageObject","inLanguage":"en-US","@id":"https:\/\/tajkertesz.com\/#\/schema\/logo\/image\/","url":"https:\/\/tajkertesz.com\/wp-content\/uploads\/2018\/02\/logo-2-e1518678052539.png","contentUrl":"https:\/\/tajkertesz.com\/wp-content\/uploads\/2018\/02\/logo-2-e1518678052539.png","width":81,"height":140,"caption":"T\u00e1j-Kert\u00e9sz 84 Kft."},"image":{"@id":"https:\/\/tajkertesz.com\/#\/schema\/logo\/image\/"},"sameAs":["https:\/\/www.facebook.com\/Tajkertesz\/"]}]}},"_links":{"self":[{"href":"https:\/\/tajkertesz.com\/en_US\/wp-json\/wp\/v2\/product\/23507","targetHints":{"allow":["GET"]}}],"collection":[{"href":"https:\/\/tajkertesz.com\/en_US\/wp-json\/wp\/v2\/product"}],"about":[{"href":"https:\/\/tajkertesz.com\/en_US\/wp-json\/wp\/v2\/types\/product"}],"wp:featuredmedia":[{"embeddable":true,"href":"https:\/\/tajkertesz.com\/en_US\/wp-json\/wp\/v2\/media\/23508"}],"wp:attachment":[{"href":"https:\/\/tajkertesz.com\/en_US\/wp-json\/wp\/v2\/media?parent=23507"}],"wp:term":[{"taxonomy":"product_brand","embeddable":true,"href":"https:\/\/tajkertesz.com\/en_US\/wp-json\/wp\/v2\/product_brand?post=23507"},{"taxonomy":"product_cat","embeddable":true,"href":"https:\/\/tajkertesz.com\/en_US\/wp-json\/wp\/v2\/product_cat?post=23507"},{"taxonomy":"product_tag","embeddable":true,"href":"https:\/\/tajkertesz.com\/en_US\/wp-json\/wp\/v2\/product_tag?post=23507"}],"curies":[{"name":"wp","href":"https:\/\/api.w.org\/{rel}","templated":true}]}}