{"id":2352,"date":"2020-10-28T13:43:04","date_gmt":"2020-10-28T13:43:04","guid":{"rendered":"https:\/\/tajkertesz.com\/?post_type=product&#038;p=2352"},"modified":"2024-07-23T09:15:16","modified_gmt":"2024-07-23T09:15:16","slug":"juniperus-squamata-blue-star-himalajai-torpe-boroka","status":"publish","type":"product","link":"https:\/\/tajkertesz.com\/en_US\/product\/juniperus-squamata-blue-star-himalajai-torpe-boroka\/","title":{"rendered":"Juniperus squamata &#8216;Blue Star&#8217; , Himal\u00e1jai t\u00f6rpe bor\u00f3ka"},"content":{"rendered":"<p>Juniperus squamata &#8216;Blue Star&#8217; , Himal\u00e1jai t\u00f6rpe bor\u00f3ka<\/p>\n<p>A Juniperus squamata &#8216;Blue Star&#8217; , Himal\u00e1jai t\u00f6rpe bor\u00f3ka\u00a0 az egyik legszebb, leg\u00e9rt\u00e9kesebb t\u00f6rpe bor\u00f3ka fajta.<\/p>\n<p>Kertekben szerte a vil\u00e1gon \u00fcltetik.\u00a0Legfeljebb 20-40 cm magas, lap\u00edtott f\u00e9lg\u00f6mb alak\u00fa, t\u00f6m\u00f6tt bokr\u00fa t\u00f6rpefeny\u0151.<\/p>\n<p>T\u0171levelei felt\u0171n\u0151en sz\u00e9p k\u00e9kessz\u00fcrk\u00e9k. Lass\u00fa n\u00f6veked\u00e9s\u0171.<\/p>\n<p>Szoliterk\u00e9nt \u00fcltess\u00fck sziklakertbe, r\u00e9zs\u0171re.<\/p>\n<p>Jelen term\u00e9k\u00fcnk 2 literes kont\u00e9nerben kaphat\u00f3<\/p>\n<p style=\"line-height: 18.0pt; background: white; margin: 0cm 0cm 15.0pt 0cm;\"><span style=\"font-family: 'Ubuntu',serif; color: black;\">El\u00e9rhet\u0151 t\u00f6bbf\u00e9le m\u00e9retben \u00e9s \u00e1rban.<\/span><\/p>\n<p style=\"line-height: 18.0pt; background: white; margin: 0cm 0cm 15.0pt 0cm;\"><b><span style=\"font-family: 'Ubuntu',serif; color: black;\">K\u00e9szlet\u00fcnk napi szinten v\u00e1ltozik, ez\u00e9rt k\u00e9rj\u00fck, \u00e9rdekl\u0151dj\u00f6n szem\u00e9lyesen, telefonon vagy email-en.<br \/>\nA v\u00e1ltoztat\u00e1s jog\u00e1t fenntartjuk!\u00a0<\/span><\/b><\/p>\n<p><a href=\"https:\/\/tajkertesz.com\/\">https:\/\/tajkertesz.com\/<\/a><\/p>\n<p><a href=\"https:\/\/hu.wikipedia.org\/wiki\/T%C3%B6rpe_bor%C3%B3ka\">https:\/\/hu.wikipedia.org\/wiki\/T%C3%B6rpe_bor%C3%B3ka<\/a><\/p>\n<h6><span style=\"color: #ffffff;\"><span id=\"El\u0151fordul\u00e1sa\" class=\"mw-headline\">El\u0151fordul\u00e1sa<\/span><span class=\"mw-editsection\"><span class=\"mw-editsection-bracket\">[<\/span><a style=\"color: #ffffff;\" title=\"Szakasz szerkeszt\u00e9se: El\u0151fordul\u00e1sa\" href=\"https:\/\/hu.wikipedia.org\/w\/index.php?title=T%C3%B6rpe_bor%C3%B3ka&amp;action=edit&amp;section=1\">szerkeszt\u00e9s<\/a><span class=\"mw-editsection-bracket\">]<\/span><\/span><\/span><\/h6>\n<h6><span style=\"color: #ffffff;\">A\u00a0<a style=\"color: #ffffff;\" title=\"Himal\u00e1ja\" href=\"https:\/\/hu.wikipedia.org\/wiki\/Himal%C3%A1ja\">Himal\u00e1ja<\/a>\u00a0\u00e9szaknyugati r\u00e9sz\u00e9t\u0151l\u00a0<a style=\"color: #ffffff;\" title=\"K\u00edna\" href=\"https:\/\/hu.wikipedia.org\/wiki\/K%C3%ADna\">K\u00edna<\/a>\u00a0\u00e9szaki \u00e9s nyugati ter\u00fcleteiig honos. A\u00a0<a class=\"new\" style=\"color: #ffffff;\" title=\"Magashegys\u00e9g (a lap nem l\u00e9tezik)\" href=\"https:\/\/hu.wikipedia.org\/w\/index.php?title=Magashegys%C3%A9g&amp;action=edit&amp;redlink=1\">magashegys\u00e9gekben<\/a>\u00a04000\u00a0m magasra is felhatolhat.<\/span><\/h6>\n<h6><span style=\"color: #ffffff;\"><span id=\"Megjelen.C3.A9se.2C_fel.C3.A9p.C3.ADt.C3.A9se\"><\/span><span id=\"Megjelen\u00e9se,_fel\u00e9p\u00edt\u00e9se\" class=\"mw-headline\">Megjelen\u00e9se, fel\u00e9p\u00edt\u00e9se<\/span><span class=\"mw-editsection\"><span class=\"mw-editsection-bracket\">[<\/span><a style=\"color: #ffffff;\" title=\"Szakasz szerkeszt\u00e9se: Megjelen\u00e9se, fel\u00e9p\u00edt\u00e9se\" href=\"https:\/\/hu.wikipedia.org\/w\/index.php?title=T%C3%B6rpe_bor%C3%B3ka&amp;action=edit&amp;section=2\">szerkeszt\u00e9s<\/a><span class=\"mw-editsection-bracket\">]<\/span><\/span><\/span><\/h6>\n<h6><span style=\"color: #ffffff;\">Term\u0151hely\u00e9t\u0151l f\u00fcgg\u0151en k\u00fasz\u00f3 bokor vagy legfeljebb 10\u00a0m magas kis fa. Sz\u00fcrk\u00e9sbarna k\u00e9rge szalagokban lev\u00e1lik. \u00c1gv\u00e9gei b\u00f3kolnak: a talajon k\u00fasznak vagy lecs\u00fcngenek.<\/span><\/h6>\n<h6><span style=\"color: #ffffff;\">H\u00e1rmas\u00e1val n\u00f6v\u0151, 3\u20135\u00a0mm hossz\u00fa, sz\u00far\u00f3s t\u0171leveleinek sz\u00edne feh\u00e9resen hamvas, a fon\u00e1kuk z\u00f6ld. 4\u20138\u00a0mm \u00e1tm\u00e9r\u0151j\u0171, ov\u00e1lis tobozbogy\u00f3i feket\u00e9sek.<\/span><\/h6>\n<h6><span style=\"color: #ffffff;\"><span id=\".C3.89letm.C3.B3dja.2C_term.C5.91helye\"><\/span><span id=\"\u00c9letm\u00f3dja,_term\u0151helye\" class=\"mw-headline\">\u00c9letm\u00f3dja, term\u0151helye<\/span><span class=\"mw-editsection\"><span class=\"mw-editsection-bracket\">[<\/span><a style=\"color: #ffffff;\" title=\"Szakasz szerkeszt\u00e9se: \u00c9letm\u00f3dja, term\u0151helye\" href=\"https:\/\/hu.wikipedia.org\/w\/index.php?title=T%C3%B6rpe_bor%C3%B3ka&amp;action=edit&amp;section=3\">szerkeszt\u00e9s<\/a><span class=\"mw-editsection-bracket\">]<\/span><\/span><\/span><\/h6>\n<h6><span style=\"color: #ffffff;\"><a style=\"color: #ffffff;\" title=\"A n\u00f6v\u00e9nyek nemis\u00e9ge\" href=\"https:\/\/hu.wikipedia.org\/wiki\/A_n%C3%B6v%C3%A9nyek_nemis%C3%A9ge\">K\u00e9tlaki<\/a>\u00a0n\u00f6v\u00e9ny. Szinte b\u00e1rmilyen talajon meg\u00e9l; magashegyi fajk\u00e9nt a hideget \u00e9s a sz\u00e1razs\u00e1got is j\u00f3l t\u0171ri, de igaz\u00e1n sz\u00e9pen csak p\u00e1r\u00e1s, ny\u00e1ron csapad\u00e9kos helyeken fejl\u0151dik.<\/span><\/h6>\n<h6><span style=\"color: #ffffff;\">Elsz\u00e1radt t\u0171levelei sok\u00e1ig a n\u00f6v\u00e9nyen maradnak.<\/span><\/h6>\n<h6><span style=\"color: #ffffff;\"><span id=\"Alfajok.2C_v.C3.A1ltozatok\"><\/span><span id=\"Alfajok,_v\u00e1ltozatok\" class=\"mw-headline\">Alfajok, v\u00e1ltozatok<\/span><span class=\"mw-editsection\"><span class=\"mw-editsection-bracket\">[<\/span><a style=\"color: #ffffff;\" title=\"Szakasz szerkeszt\u00e9se: Alfajok, v\u00e1ltozatok\" href=\"https:\/\/hu.wikipedia.org\/w\/index.php?title=T%C3%B6rpe_bor%C3%B3ka&amp;action=edit&amp;section=4\">szerkeszt\u00e9s<\/a><span class=\"mw-editsection-bracket\">]<\/span><\/span><\/span><\/h6>\n<p><span style=\"color: #ffffff;\">Az alapfaj Magyarorsz\u00e1gon alig ismert (J\u00f3zsa).<\/span><\/p>\n<h6><span style=\"color: #ffffff;\"><i>J. squamata<\/i>\u00a0&#8216;Meyeri&#8217; \u2014 a legismertebb (\u0151si k\u00ednai) kert\u00e9szeti v\u00e1ltozat. A 20. sz\u00e1zad elej\u00e9n ker\u00fclt \u00e1t K\u00edn\u00e1b\u00f3l Eur\u00f3p\u00e1ba; 1914 \u00f3ta jegyzik. Fel\u00e1ll\u00f3 \u00e1gv\u00e9g\u0171, szab\u00e1lytalan bokra 2\u20134\u00a0m magasra n\u0151. Fiatalon koron\u00e1ja k\u00fapos, lombja s\u0171r\u0171, s\u00f6t\u00e9t ac\u00e9lk\u00e9k \u00e9s sz\u00fcrk\u00e9sk\u00e9k k\u00f6z\u00f6tt v\u00e1ltoz\u00f3. Id\u0151sebb kor\u00e1ban szab\u00e1lytalanul el\u00e1gazik, \u00e9s az alja kiritkul. V\u00f6r\u00f6sesbarna k\u00e9rge rostos, pap\u00edrszer\u0171 cs\u00edkokban v\u00e1lik le. \u00c1gair\u00f3l a t\u00f6rpehajt\u00e1sok s\u0171r\u0171n lecs\u00fcngenek. S\u0171r\u0171n, hegyessz\u00f6gben el\u00e1ll\u00f3, 8\u00a0mm hossz\u00fa t\u0171levelei sz\u00far\u00f3sak; a t\u00f6rzs fel\u0151li oldalukat k\u00e9kesz\u00f6ld cs\u00edk d\u00edsz\u00edti. Ny\u00e1ron c\u00e9lszer\u0171 \u00f6nt\u00f6zni. Metszeni m\u00e1jus v\u00e9g\u00e9n c\u00e9lszer\u0171. F\u0151leg fiatal kor\u00e1ban sz\u00e9p, mivel az id\u0151sebb p\u00e9ld\u00e1nyok az el\u00f6regedett, v\u00f6r\u00f6ses t\u0171levelek miatt (k\u00fcl\u00f6n\u00f6sen sz\u00e1raz k\u00f6rnyezetben) pusztul\u00f3 benyom\u00e1st keltenek. Ez megifj\u00edt\u00e1ssal (alapos visszametsz\u00e9ssel) megel\u0151zhet\u0151.<\/span><\/h6>\n<h6><span style=\"color: #ffffff;\"><i>J. squamata<\/i>\u00a0&#8216;Blue Star&#8217; \u2014 a &#8216;Meyeri&#8217; kult\u00farv\u00e1ltozat mut\u00e1ci\u00f3jak\u00e9nt j\u00f6tt l\u00e9tre. Lassan n\u00f6v\u0151, elhever\u0151 fajta. Kis termet\u0171, 1\u00a0m-n\u00e9l kifejletten is alig magasabb, \u00e9s sz\u00e9less\u00e9ge sem t\u00f6bb 1,5\u00a0m-n\u00e9l. Ac\u00e9lk\u00e9k bokra szab\u00e1lytalan f\u00e9lg\u00f6mb alak\u00fa, t\u00f6m\u00f6tt. Apr\u00f3, hirtelen kihegyesed\u0151, sz\u00far\u00f3s t\u0171levelei k\u00e9kesz\u00f6ldek, a fon\u00e1kuk hamvask\u00e9k. Semleges vagy enyh\u00e9n savany\u00fa talajon sz\u00e9pen fejl\u0151dik. P\u00e1r\u00e1s leveg\u0151re van sz\u00fcks\u00e9ge, a tart\u00f3s sz\u00e1razs\u00e1got nem t\u0171ri.<\/span><\/h6>\n<h6><span style=\"color: #ffffff;\"><i>J. squamata<\/i>\u00a0&#8216;Blue Carpet&#8217; \u2014<\/span><\/h6>\n","protected":false},"excerpt":{"rendered":"<p>A Juniperus squamata &#8216;Blue Star&#8217; , Himal\u00e1jai t\u00f6rpe bor\u00f3ka\u00a0 az egyik legszebb, leg\u00e9rt\u00e9kesebb t\u00f6rpe bor\u00f3ka fajta.<\/p>\n<p>Kertekben szerte a vil\u00e1gon \u00fcltetik.\u00a0Legfeljebb 20-40 cm magas, lap\u00edtott f\u00e9lg\u00f6mb alak\u00fa, t\u00f6m\u00f6tt bokr\u00fa t\u00f6rpefeny\u0151.<\/p>\n<p>T\u0171levelei felt\u0171n\u0151en sz\u00e9p k\u00e9kessz\u00fcrk\u00e9k. Lass\u00fa n\u00f6veked\u00e9s\u0171.<\/p>\n<p>Szoliterk\u00e9nt \u00fcltess\u00fck sziklakertbe, r\u00e9zs\u0171re.<\/p>","protected":false},"featured_media":10080,"template":"","meta":{"_et_pb_use_builder":"","_et_pb_old_content":"","_et_gb_content_width":""},"product_brand":[],"product_cat":[26],"product_tag":[780,778,777,781,776,779],"class_list":{"0":"post-2352","1":"product","2":"type-product","3":"status-publish","4":"has-post-thumbnail","6":"product_cat-orokzold-novenyek","7":"product_tag-blue-star","8":"product_tag-himalajai","9":"product_tag-himalajai-torpe-boroka","10":"product_tag-juniperus-blue-star","11":"product_tag-juniperus-squamata-blue-star","12":"product_tag-torpe-boroka","14":"first","15":"outofstock","16":"shipping-taxable","17":"product-type-simple"},"yoast_head":"<!-- This site is optimized with the Yoast SEO plugin v27.3 - https:\/\/yoast.com\/product\/yoast-seo-wordpress\/ -->\n<title>Juniperus squamata &#039;Blue Star&#039; , Himal\u00e1jai t\u00f6rpe bor\u00f3ka - T\u00e1jkert\u00e9sz<\/title>\n<meta name=\"description\" content=\"A Juniperus squamata &#039;Blue Star&#039; , Himal\u00e1jai t\u00f6rpe bor\u00f3ka\u00a0 az egyik legszebb, leg\u00e9rt\u00e9kesebb t\u00f6rpe bor\u00f3ka fajta.\u00a0\" \/>\n<meta name=\"robots\" content=\"index, follow, max-snippet:-1, max-image-preview:large, max-video-preview:-1\" \/>\n<link rel=\"canonical\" href=\"https:\/\/tajkertesz.com\/en_US\/product\/juniperus-squamata-blue-star-himalajai-torpe-boroka\/\" \/>\n<meta property=\"og:locale\" content=\"en_US\" \/>\n<meta property=\"og:type\" content=\"article\" \/>\n<meta property=\"og:title\" content=\"Juniperus squamata &#039;Blue Star&#039; , Himal\u00e1jai t\u00f6rpe bor\u00f3ka - T\u00e1jkert\u00e9sz\" \/>\n<meta property=\"og:description\" content=\"A Juniperus squamata &#039;Blue Star&#039; , Himal\u00e1jai t\u00f6rpe bor\u00f3ka\u00a0 az egyik legszebb, leg\u00e9rt\u00e9kesebb t\u00f6rpe bor\u00f3ka fajta.\u00a0\" \/>\n<meta property=\"og:url\" content=\"https:\/\/tajkertesz.com\/en_US\/product\/juniperus-squamata-blue-star-himalajai-torpe-boroka\/\" \/>\n<meta property=\"og:site_name\" content=\"T\u00e1jkert\u00e9sz\" \/>\n<meta property=\"article:publisher\" content=\"https:\/\/www.facebook.com\/Tajkertesz\/\" \/>\n<meta property=\"article:modified_time\" content=\"2024-07-23T09:15:16+00:00\" \/>\n<meta property=\"og:image\" content=\"https:\/\/tajkertesz.com\/wp-content\/uploads\/2020\/10\/IMG_20211006_103736.jpg\" \/>\n\t<meta property=\"og:image:width\" content=\"658\" \/>\n\t<meta property=\"og:image:height\" content=\"600\" \/>\n\t<meta property=\"og:image:type\" content=\"image\/jpeg\" \/>\n<meta name=\"twitter:card\" content=\"summary_large_image\" \/>\n<meta name=\"twitter:label1\" content=\"Est. reading time\" \/>\n\t<meta name=\"twitter:data1\" content=\"2 minutes\" \/>\n<script type=\"application\/ld+json\" class=\"yoast-schema-graph\">{\"@context\":\"https:\\\/\\\/schema.org\",\"@graph\":[{\"@type\":\"WebPage\",\"@id\":\"https:\\\/\\\/tajkertesz.com\\\/termek\\\/juniperus-squamata-blue-star-himalajai-torpe-boroka\\\/\",\"url\":\"https:\\\/\\\/tajkertesz.com\\\/termek\\\/juniperus-squamata-blue-star-himalajai-torpe-boroka\\\/\",\"name\":\"Juniperus squamata 'Blue Star' , Himal\u00e1jai t\u00f6rpe bor\u00f3ka - T\u00e1jkert\u00e9sz\",\"isPartOf\":{\"@id\":\"https:\\\/\\\/tajkertesz.com\\\/#website\"},\"primaryImageOfPage\":{\"@id\":\"https:\\\/\\\/tajkertesz.com\\\/termek\\\/juniperus-squamata-blue-star-himalajai-torpe-boroka\\\/#primaryimage\"},\"image\":{\"@id\":\"https:\\\/\\\/tajkertesz.com\\\/termek\\\/juniperus-squamata-blue-star-himalajai-torpe-boroka\\\/#primaryimage\"},\"thumbnailUrl\":\"https:\\\/\\\/tajkertesz.com\\\/wp-content\\\/uploads\\\/2020\\\/10\\\/IMG_20211006_103736.jpg\",\"datePublished\":\"2020-10-28T13:43:04+00:00\",\"dateModified\":\"2024-07-23T09:15:16+00:00\",\"description\":\"A Juniperus squamata 'Blue Star' , Himal\u00e1jai t\u00f6rpe bor\u00f3ka\u00a0 az egyik legszebb, leg\u00e9rt\u00e9kesebb t\u00f6rpe bor\u00f3ka fajta.\u00a0\",\"breadcrumb\":{\"@id\":\"https:\\\/\\\/tajkertesz.com\\\/termek\\\/juniperus-squamata-blue-star-himalajai-torpe-boroka\\\/#breadcrumb\"},\"inLanguage\":\"en-US\",\"potentialAction\":[{\"@type\":\"ReadAction\",\"target\":[\"https:\\\/\\\/tajkertesz.com\\\/termek\\\/juniperus-squamata-blue-star-himalajai-torpe-boroka\\\/\"]}]},{\"@type\":\"ImageObject\",\"inLanguage\":\"en-US\",\"@id\":\"https:\\\/\\\/tajkertesz.com\\\/termek\\\/juniperus-squamata-blue-star-himalajai-torpe-boroka\\\/#primaryimage\",\"url\":\"https:\\\/\\\/tajkertesz.com\\\/wp-content\\\/uploads\\\/2020\\\/10\\\/IMG_20211006_103736.jpg\",\"contentUrl\":\"https:\\\/\\\/tajkertesz.com\\\/wp-content\\\/uploads\\\/2020\\\/10\\\/IMG_20211006_103736.jpg\",\"width\":658,\"height\":600,\"caption\":\"hdr\"},{\"@type\":\"BreadcrumbList\",\"@id\":\"https:\\\/\\\/tajkertesz.com\\\/termek\\\/juniperus-squamata-blue-star-himalajai-torpe-boroka\\\/#breadcrumb\",\"itemListElement\":[{\"@type\":\"ListItem\",\"position\":1,\"name\":\"Home\",\"item\":\"https:\\\/\\\/tajkertesz.com\\\/\"},{\"@type\":\"ListItem\",\"position\":2,\"name\":\"Kezd\u0151lap\",\"item\":\"https:\\\/\\\/tajkertesz.com\\\/\"},{\"@type\":\"ListItem\",\"position\":3,\"name\":\"Juniperus squamata &#8216;Blue Star&#8217; , Himal\u00e1jai t\u00f6rpe bor\u00f3ka\"}]},{\"@type\":\"WebSite\",\"@id\":\"https:\\\/\\\/tajkertesz.com\\\/#website\",\"url\":\"https:\\\/\\\/tajkertesz.com\\\/\",\"name\":\"T\u00e1j-Kert\u00e9sz 84 Kft.\",\"description\":\"Kert\u00e9szeti kis- \u00e9s nagykeresked\u00e9s, D\u00edszn\u00f6v\u00e9ny web\u00e1ruh\u00e1z orsz\u00e1gos h\u00e1zhozsz\u00e1ll\u00edt\u00e1ssal!\",\"publisher\":{\"@id\":\"https:\\\/\\\/tajkertesz.com\\\/#organization\"},\"potentialAction\":[{\"@type\":\"SearchAction\",\"target\":{\"@type\":\"EntryPoint\",\"urlTemplate\":\"https:\\\/\\\/tajkertesz.com\\\/?s={search_term_string}\"},\"query-input\":{\"@type\":\"PropertyValueSpecification\",\"valueRequired\":true,\"valueName\":\"search_term_string\"}}],\"inLanguage\":\"en-US\"},{\"@type\":\"Organization\",\"@id\":\"https:\\\/\\\/tajkertesz.com\\\/#organization\",\"name\":\"T\u00e1j-Kert\u00e9sz 84 Kft.\",\"url\":\"https:\\\/\\\/tajkertesz.com\\\/\",\"logo\":{\"@type\":\"ImageObject\",\"inLanguage\":\"en-US\",\"@id\":\"https:\\\/\\\/tajkertesz.com\\\/#\\\/schema\\\/logo\\\/image\\\/\",\"url\":\"https:\\\/\\\/tajkertesz.com\\\/wp-content\\\/uploads\\\/2018\\\/02\\\/logo-2-e1518678052539.png\",\"contentUrl\":\"https:\\\/\\\/tajkertesz.com\\\/wp-content\\\/uploads\\\/2018\\\/02\\\/logo-2-e1518678052539.png\",\"width\":81,\"height\":140,\"caption\":\"T\u00e1j-Kert\u00e9sz 84 Kft.\"},\"image\":{\"@id\":\"https:\\\/\\\/tajkertesz.com\\\/#\\\/schema\\\/logo\\\/image\\\/\"},\"sameAs\":[\"https:\\\/\\\/www.facebook.com\\\/Tajkertesz\\\/\"]}]}<\/script>\n<!-- \/ Yoast SEO plugin. -->","yoast_head_json":{"title":"Juniperus squamata 'Blue Star' , Himal\u00e1jai t\u00f6rpe bor\u00f3ka - T\u00e1jkert\u00e9sz","description":"A Juniperus squamata 'Blue Star' , Himal\u00e1jai t\u00f6rpe bor\u00f3ka\u00a0 az egyik legszebb, leg\u00e9rt\u00e9kesebb t\u00f6rpe bor\u00f3ka fajta.\u00a0","robots":{"index":"index","follow":"follow","max-snippet":"max-snippet:-1","max-image-preview":"max-image-preview:large","max-video-preview":"max-video-preview:-1"},"canonical":"https:\/\/tajkertesz.com\/en_US\/product\/juniperus-squamata-blue-star-himalajai-torpe-boroka\/","og_locale":"en_US","og_type":"article","og_title":"Juniperus squamata 'Blue Star' , Himal\u00e1jai t\u00f6rpe bor\u00f3ka - T\u00e1jkert\u00e9sz","og_description":"A Juniperus squamata 'Blue Star' , Himal\u00e1jai t\u00f6rpe bor\u00f3ka\u00a0 az egyik legszebb, leg\u00e9rt\u00e9kesebb t\u00f6rpe bor\u00f3ka fajta.\u00a0","og_url":"https:\/\/tajkertesz.com\/en_US\/product\/juniperus-squamata-blue-star-himalajai-torpe-boroka\/","og_site_name":"T\u00e1jkert\u00e9sz","article_publisher":"https:\/\/www.facebook.com\/Tajkertesz\/","article_modified_time":"2024-07-23T09:15:16+00:00","og_image":[{"width":658,"height":600,"url":"https:\/\/tajkertesz.com\/wp-content\/uploads\/2020\/10\/IMG_20211006_103736.jpg","type":"image\/jpeg"}],"twitter_card":"summary_large_image","twitter_misc":{"Est. reading time":"2 minutes"},"schema":{"@context":"https:\/\/schema.org","@graph":[{"@type":"WebPage","@id":"https:\/\/tajkertesz.com\/termek\/juniperus-squamata-blue-star-himalajai-torpe-boroka\/","url":"https:\/\/tajkertesz.com\/termek\/juniperus-squamata-blue-star-himalajai-torpe-boroka\/","name":"Juniperus squamata 'Blue Star' , Himal\u00e1jai t\u00f6rpe bor\u00f3ka - T\u00e1jkert\u00e9sz","isPartOf":{"@id":"https:\/\/tajkertesz.com\/#website"},"primaryImageOfPage":{"@id":"https:\/\/tajkertesz.com\/termek\/juniperus-squamata-blue-star-himalajai-torpe-boroka\/#primaryimage"},"image":{"@id":"https:\/\/tajkertesz.com\/termek\/juniperus-squamata-blue-star-himalajai-torpe-boroka\/#primaryimage"},"thumbnailUrl":"https:\/\/tajkertesz.com\/wp-content\/uploads\/2020\/10\/IMG_20211006_103736.jpg","datePublished":"2020-10-28T13:43:04+00:00","dateModified":"2024-07-23T09:15:16+00:00","description":"A Juniperus squamata 'Blue Star' , Himal\u00e1jai t\u00f6rpe bor\u00f3ka\u00a0 az egyik legszebb, leg\u00e9rt\u00e9kesebb t\u00f6rpe bor\u00f3ka fajta.\u00a0","breadcrumb":{"@id":"https:\/\/tajkertesz.com\/termek\/juniperus-squamata-blue-star-himalajai-torpe-boroka\/#breadcrumb"},"inLanguage":"en-US","potentialAction":[{"@type":"ReadAction","target":["https:\/\/tajkertesz.com\/termek\/juniperus-squamata-blue-star-himalajai-torpe-boroka\/"]}]},{"@type":"ImageObject","inLanguage":"en-US","@id":"https:\/\/tajkertesz.com\/termek\/juniperus-squamata-blue-star-himalajai-torpe-boroka\/#primaryimage","url":"https:\/\/tajkertesz.com\/wp-content\/uploads\/2020\/10\/IMG_20211006_103736.jpg","contentUrl":"https:\/\/tajkertesz.com\/wp-content\/uploads\/2020\/10\/IMG_20211006_103736.jpg","width":658,"height":600,"caption":"hdr"},{"@type":"BreadcrumbList","@id":"https:\/\/tajkertesz.com\/termek\/juniperus-squamata-blue-star-himalajai-torpe-boroka\/#breadcrumb","itemListElement":[{"@type":"ListItem","position":1,"name":"Home","item":"https:\/\/tajkertesz.com\/"},{"@type":"ListItem","position":2,"name":"Kezd\u0151lap","item":"https:\/\/tajkertesz.com\/"},{"@type":"ListItem","position":3,"name":"Juniperus squamata &#8216;Blue Star&#8217; , Himal\u00e1jai t\u00f6rpe bor\u00f3ka"}]},{"@type":"WebSite","@id":"https:\/\/tajkertesz.com\/#website","url":"https:\/\/tajkertesz.com\/","name":"T\u00e1j-Kert\u00e9sz 84 Kft.","description":"Kert\u00e9szeti kis- \u00e9s nagykeresked\u00e9s, D\u00edszn\u00f6v\u00e9ny web\u00e1ruh\u00e1z orsz\u00e1gos h\u00e1zhozsz\u00e1ll\u00edt\u00e1ssal!","publisher":{"@id":"https:\/\/tajkertesz.com\/#organization"},"potentialAction":[{"@type":"SearchAction","target":{"@type":"EntryPoint","urlTemplate":"https:\/\/tajkertesz.com\/?s={search_term_string}"},"query-input":{"@type":"PropertyValueSpecification","valueRequired":true,"valueName":"search_term_string"}}],"inLanguage":"en-US"},{"@type":"Organization","@id":"https:\/\/tajkertesz.com\/#organization","name":"T\u00e1j-Kert\u00e9sz 84 Kft.","url":"https:\/\/tajkertesz.com\/","logo":{"@type":"ImageObject","inLanguage":"en-US","@id":"https:\/\/tajkertesz.com\/#\/schema\/logo\/image\/","url":"https:\/\/tajkertesz.com\/wp-content\/uploads\/2018\/02\/logo-2-e1518678052539.png","contentUrl":"https:\/\/tajkertesz.com\/wp-content\/uploads\/2018\/02\/logo-2-e1518678052539.png","width":81,"height":140,"caption":"T\u00e1j-Kert\u00e9sz 84 Kft."},"image":{"@id":"https:\/\/tajkertesz.com\/#\/schema\/logo\/image\/"},"sameAs":["https:\/\/www.facebook.com\/Tajkertesz\/"]}]}},"_links":{"self":[{"href":"https:\/\/tajkertesz.com\/en_US\/wp-json\/wp\/v2\/product\/2352","targetHints":{"allow":["GET"]}}],"collection":[{"href":"https:\/\/tajkertesz.com\/en_US\/wp-json\/wp\/v2\/product"}],"about":[{"href":"https:\/\/tajkertesz.com\/en_US\/wp-json\/wp\/v2\/types\/product"}],"wp:featuredmedia":[{"embeddable":true,"href":"https:\/\/tajkertesz.com\/en_US\/wp-json\/wp\/v2\/media\/10080"}],"wp:attachment":[{"href":"https:\/\/tajkertesz.com\/en_US\/wp-json\/wp\/v2\/media?parent=2352"}],"wp:term":[{"taxonomy":"product_brand","embeddable":true,"href":"https:\/\/tajkertesz.com\/en_US\/wp-json\/wp\/v2\/product_brand?post=2352"},{"taxonomy":"product_cat","embeddable":true,"href":"https:\/\/tajkertesz.com\/en_US\/wp-json\/wp\/v2\/product_cat?post=2352"},{"taxonomy":"product_tag","embeddable":true,"href":"https:\/\/tajkertesz.com\/en_US\/wp-json\/wp\/v2\/product_tag?post=2352"}],"curies":[{"name":"wp","href":"https:\/\/api.w.org\/{rel}","templated":true}]}}