{"id":23538,"date":"2025-05-23T07:03:19","date_gmt":"2025-05-23T07:03:19","guid":{"rendered":"https:\/\/tajkertesz.com\/?post_type=product&#038;p=23538"},"modified":"2025-10-24T09:45:06","modified_gmt":"2025-10-24T09:45:06","slug":"fiskars-impulzus-esozteto","status":"publish","type":"product","link":"https:\/\/tajkertesz.com\/en_US\/product\/fiskars-impulzus-esozteto\/","title":{"rendered":"Fiskars Impulzus es\u0151ztet\u0151"},"content":{"rendered":"<h1>Fiskars Impulzus es\u0151ztet\u0151<\/h1>\n<p>Fiskars Impulzus es\u0151ztet\u0151:<\/p>\n<ul class=\"overview__detail-list normal black\">\n<li>Impulzus es\u0151ztet\u0151 nagy m\u00e9ret\u0171, 500 n\u00e9gyzetm\u00e9tern\u00e9l nagyobb fel\u00fcletek \u00f6nt\u00f6z\u00e9s\u00e9hez<\/li>\n<li>A nyit\u00f3-\/z\u00e1r\u00f3szelep lehet\u0151v\u00e9 teszi az ir\u00e1ny megad\u00e1s\u00e1t \u00e9s a be\u00e1ll\u00edt\u00e1s elv\u00e9gz\u00e9s\u00e9t, an\u00e9lk\u00fcl, hogy \u00d6n vizes lenne<\/li>\n<li>\u00a0\u00f6nt\u00f6z\u00e9si ter\u00fclet 26- m sz\u00e9less\u00e9gig \u00e1ll\u00edthat\u00f3<\/li>\n<li>360\u00b0 forg\u00e1ssz\u00f6g a r\u00e9szk\u00f6r\u00f6k c\u00e9lir\u00e1nyos \u00f6nt\u00f6z\u00e9s\u00e9hez<\/li>\n<li>Egyedi be\u00e1ll\u00edt\u00e1s az er\u0151s v\u00edzsug\u00e1rt\u00f3l a finom permetig<\/li>\n<li>Tart\u00f3s s\u00e1rgar\u00e9zb\u0151l \u00e9s cinkb\u0151l k\u00e9sz\u00fclt f\u00e9mfej<\/li>\n<li>Univerz\u00e1lis m\u00e9ret &#8211; gyorscsatlakoz\u00f3 m\u00e1s m\u00e1rk\u00e1kkal is kompatibilis<\/li>\n<\/ul>\n<p class=\"no-margin\" data-ui-name=\"ads.description-text.product-details.p\">A pulz\u00e1l\u00f3 sprinklerrel ell\u00e1tott Fiskars impulzusos es\u0151ztet\u0151 nagy, 500 n\u00e9gyzetm\u00e9tern\u00e9l nagyobb kertfel\u00fcletek \u00f6nt\u00f6z\u00e9s\u00e9re alkalmas. Az innovat\u00edv nyit\u00f3-\/z\u00e1r\u00f3szelep lehet\u0151v\u00e9 teszi az es\u0151ztet\u0151 \u00e9s az ir\u00e1ny be\u00e1ll\u00edt\u00e1s\u00e1t, an\u00e9lk\u00fcl, hogy \u00d6n vizes lenne.<\/p>\n<h3>Es\u0151ztet\u0151 meg\u00e1ll\u00edt\u00f3 funkci\u00f3val<\/h3>\n<p>Az innovat\u00edv nyit\u00f3-\/z\u00e1r\u00f3szelep lehet\u0151v\u00e9 teszi, hogy a vizet k\u00f6zvetlen\u00fcl a k\u00f6zponti egys\u00e9gn\u00e9l z\u00e1rjuk el. Az ir\u00e1ny be\u00e1ll\u00edt\u00e1s\u00e1hoz \u00e9s az egy\u00e9b be\u00e1ll\u00edt\u00e1sok elv\u00e9gz\u00e9s\u00e9hez \u00edgy nem kell folyamatosan a csaphoz szaladg\u00e1lni, \u00e9s vizesek sem lesz\u00fcnk.<\/p>\n<h3>K\u00f6res\u0151ztet\u0151 a c\u00e9lzott locsol\u00e1s\u00e9rt<\/h3>\n<p>Az \u00f6nt\u00f6z\u00e9si fel\u00fclet nagyon egyszer\u0171en be\u00e1ll\u00edthat\u00f3 26 m\u00e9ter \u00e1tm\u00e9r\u0151re. Egy forg\u00f3gomb seg\u00edts\u00e9g\u00e9vel eld\u00f6nthet\u0151, hogy az es\u0151ztet\u0151 360\u00b0-ban forogjon, vagy csak egy r\u00e9szk\u00f6rt \u00f6nt\u00f6zz\u00f6n-e. Ezzel megakad\u00e1lyozhat\u00f3, hogy a szomsz\u00e9dos telkek vagy a ter\u00fclet melletti j\u00e1rd\u00e1k ne legyenek v\u00e9letlen\u00fcl vizesek. \u00cdgy csak azokat a ter\u00fcleteket \u00f6nt\u00f6zi meg a kertben, amelyeket val\u00f3ban meg kell \u00f6nt\u00f6zni, ami egy\u00fattal v\u00edztakar\u00e9kos megold\u00e1s is. Emellett k\u00fcl\u00f6nf\u00e9le sug\u00e1rt\u00edpusok k\u00f6z\u00fcl v\u00e1laszthat: az er\u0151s v\u00edzsug\u00e1rt\u00f3l kezdve a finom permetig.<\/p>\n<h3>Tart\u00f3s f\u00e9mfej \u00e9s t\u00fcske a f\u00f6ldbe sz\u00far\u00e1shoz<\/h3>\n<p>A s\u00e1rgar\u00e9zb\u0151l \u00e9s cinkb\u0151l k\u00e9sz\u00fclt sprinklerfej k\u00fcl\u00f6n\u00f6sen hossz\u00fa \u00e9lettartam\u00fa. Tart\u00f3s, f\u00f6ldbe sz\u00farhat\u00f3 t\u00fcske a talajba r\u00f6gz\u00edt\u00e9shez, amely a impulzus sprinklernek rendk\u00edv\u00fcli stabilit\u00e1st ad.<\/p>\n<p>&nbsp;<\/p>\n<div class=\"table-container-wrapper\">\n<h2>M\u0171szaki adatok<\/h2>\n<div class=\"table-container table-0 table-unstyled\">\n<table class=\"c-datalist c-datalist--33\">\n<thead>\n<tr>\n<th class=\"h5\">Term\u00e9kjellemz\u0151k<\/th>\n<\/tr>\n<\/thead>\n<tbody>\n<tr>\n<th scope=\"row\">Locsol\u00f3rendszerek:<\/th>\n<td data-label=\"Locsol\u00f3rendszerek\">Impulzus locsol\u00f3<\/td>\n<\/tr>\n<\/tbody>\n<\/table>\n<\/div>\n<\/div>\n<div class=\"table-container table-1 table-unstyled\">\n<table class=\"c-datalist c-datalist--33\">\n<thead>\n<tr>\n<th class=\"h5\">M\u00e9retek \u00e9s t\u00f6meg (nett\u00f3)<\/th>\n<\/tr>\n<\/thead>\n<tbody>\n<tr>\n<th scope=\"row\">T\u00f6meg:<\/th>\n<td data-label=\"T\u00f6meg\">480\u00a0g<\/td>\n<\/tr>\n<tr>\n<th scope=\"row\">Magass\u00e1g:<\/th>\n<td data-label=\"Magass\u00e1g\">35,5\u00a0cm<\/td>\n<\/tr>\n<tr>\n<th scope=\"row\">Sz\u00e9less\u00e9g:<\/th>\n<td data-label=\"Sz\u00e9less\u00e9g\">11,2\u00a0cm<\/td>\n<\/tr>\n<tr>\n<th scope=\"row\">M\u00e9lys\u00e9g:<\/th>\n<td data-label=\"M\u00e9lys\u00e9g\">18,5\u00a0cm<\/td>\n<\/tr>\n<\/tbody>\n<\/table>\n<p><a href=\"https:\/\/tajkertesz.com\/\">https:\/\/tajkertesz.com\/<\/a><\/p>\n<p><a href=\"https:\/\/www.facebook.com\/tajkertesz\/\">https:\/\/www.facebook.com\/tajkertesz\/<\/a><\/p>\n<p>&nbsp;<\/p>\n<h4><strong>\ud83d\udd04 K\u00e9szletinform\u00e1ci\u00f3<\/strong><\/h4>\n<p><strong>K\u00e9szlet\u00fcnk napi szinten v\u00e1ltozik, \u00edgy a webshopban szerepl<\/strong><strong>\u0151<\/strong><strong>\u00a0term\u00e9kek el\u00e9rhet<\/strong><strong>\u0151<\/strong><strong>s\u00e9ge nem garant\u00e1lt.<br \/>\n\ud83d\udcde A megrendel\u00e9s el<\/strong><strong>\u0151<\/strong><strong>tt k\u00e9rj\u00fck, \u00e9rdekl<\/strong><strong>\u0151<\/strong><strong>dj\u00f6n szem\u00e9lyesen, telefonon vagy e-mailben!<\/strong><\/p>\n<h4><strong>\u27a1\ufe0f Kapcsolat:<\/strong><\/h4>\n<ul>\n<li><strong>Weboldal:\u00a0<\/strong><a href=\"https:\/\/tajkertesz.com\/\"><strong>tajkertesz.com<\/strong><\/a><\/li>\n<li><strong>Facebook:\u00a0<\/strong><a href=\"https:\/\/www.facebook.com\/tajkertesz\/\"><strong>facebook.com\/tajkertesz<\/strong><\/a><\/li>\n<li><strong>Telefonsz\u00e1m, e-mail: +36\/20-319-3770\u00a0<\/strong><a href=\"mailto:tajkerteszaruda@gmail.com\"><strong>tajkerteszaruda@gmail.com<\/strong><\/a><\/li>\n<\/ul>\n<h4><strong>\ud83d\ude9a Sz\u00e1ll\u00edt\u00e1si inform\u00e1ci\u00f3k<\/strong><\/h4>\n<p><strong>A megrendelt n\u00f6v\u00e9nyek kisz\u00e1ll\u00edt\u00e1sa az al\u00e1bbi felt\u00e9telek mellett t\u00f6rt\u00e9nik:<\/strong><\/p>\n<h4><strong>\ud83d\udce6 Fut\u00e1rszolg\u00e1latos sz\u00e1ll\u00edt\u00e1s<\/strong><\/h4>\n<ul>\n<li><strong>Maxim\u00e1lis m\u00e9ret: 200 cm (hossz\u00fas\u00e1g)<\/strong><\/li>\n<li><strong>Maxim\u00e1lis s\u00faly: 40 kg<\/strong><\/li>\n<li><strong>Az enn\u00e9l kisebb \u00e9s k\u00f6nnyebb csomagokat fut\u00e1rszolg\u00e1lattal k\u00e9zbes\u00edtj\u00fck a lehet<\/strong><strong>\u0151<\/strong><strong>\u00a0legbiztons\u00e1gosabb csomagol\u00e1sban.<\/strong><\/li>\n<\/ul>\n<h4><strong>\ud83d\udefb Szem\u00e9lyes \u00e1tv\u00e9tel<\/strong><\/h4>\n<ul>\n<li><strong>1173 Budapest, Bakancsos utca 7. sz\u00e1m alatt nyitvatart\u00e1si id<\/strong><strong>\u0151<\/strong><strong>ben szem\u00e9lyesen \u00e1tvehet<\/strong><strong>\u0151<\/strong><strong>\u00a0kert\u00e9szeti \u00e1rud\u00e1nkban.<\/strong><\/li>\n<li><strong>K\u00f6lts\u00e9ghat\u00e9kony megold\u00e1s nagyobb, t\u00f6r\u00e9kenyebb vagy t\u00falm\u00e9retes n\u00f6v\u00e9nyek eset\u00e9n.<\/strong><\/li>\n<\/ul>\n<h4><strong>\ud83d\udcde Nagy m\u00e9ret<\/strong><strong>\u0171<\/strong><strong>\u00a0vagy s\u00faly\u00fa n\u00f6v\u00e9nyek eset\u00e9n<\/strong><\/h4>\n<p><strong>Ha a term\u00e9k:<\/strong><\/p>\n<ul>\n<li><strong>meghaladja a 200 cm hossz\u00fas\u00e1got vagy<\/strong><\/li>\n<li><strong>meghaladja a 40 kg s\u00falyt,<\/strong><\/li>\n<\/ul>\n<p><strong>akkor szem\u00e9lyes \u00e1tv\u00e9tellel vagy egyedi, el<\/strong><strong>\u0151<\/strong><strong>re egyeztetett sz\u00e1ll\u00edt\u00e1si felt\u00e9telek mellett t\u00f6rt\u00e9nik.<br \/>\nK\u00e9rj\u00fck, ilyen esetben rendel\u00e9s el<\/strong><strong>\u0151<\/strong><strong>tt vegye fel vel\u00fcnk a kapcsolatot, hogy a lehet<\/strong><strong>\u0151<\/strong><strong>\u00a0legmegfelel<\/strong><strong>\u0151<\/strong><strong>bb sz\u00e1ll\u00edt\u00e1si megold\u00e1st k\u00edn\u00e1lhassuk.<\/strong><\/p>\n<p><strong>\ud83d\udd14 Fontos: A n\u00f6v\u00e9nyeket minden esetben igyeksz\u00fcnk gondosan, egyes\u00e9vel csomagolni, azonban a sz\u00e1ll\u00edt\u00e1s sor\u00e1n kisebb eszt\u00e9tikai s\u00e9r\u00fcl\u00e9sek el<\/strong><strong>\u0151<\/strong><strong>fordulhatnak (pl. lev\u00e9lhull\u00e1s). Ez nem min<\/strong><strong>\u0151<\/strong><strong>s\u00fcl hib\u00e1s teljes\u00edt\u00e9snek.<\/strong><\/p>\n<h4><strong>\ud83d\udcf7 Fontos tudni a k\u00e9pekr<\/strong><strong>\u0151<\/strong><strong>l<\/strong><\/h4>\n<p><strong>A webshopban szerepl<\/strong><strong>\u0151<\/strong><strong>\u00a0k\u00e9pek illusztr\u00e1ci\u00f3k, a n\u00f6v\u00e9nyek term\u00e9szet\u00fckn\u00e9l fogva egyediek, \u00edgy m\u00e9retben, alakban \u00e9s sz\u00ednben minim\u00e1lis elt\u00e9r\u00e9sek el<\/strong><strong>\u0151<\/strong><strong>fordulhatnak a k\u00e9pen l\u00e1that\u00f3 \u00e9s a val\u00f3s p\u00e9ld\u00e1nyok k\u00f6z\u00f6tt.<\/strong><\/p>\n<h4><strong>\ud83e\uddfe \u00c1rak \u00e9s el\u00e1ll\u00e1si jog<\/strong><\/h4>\n<ul>\n<li><strong>Az \u00e1rak egy darab\u00a0n\u00f6v\u00e9nyre vonatkoznak.<\/strong><\/li>\n<li><strong>\u00c9l<\/strong><strong>\u0151<\/strong><strong>\u00a0n\u00f6v\u00e9nyek rendel\u00e9se eset\u00e9n a 14 napos el\u00e1ll\u00e1s joga nem \u00e9rv\u00e9nyes\u00edthet<\/strong><strong>\u0151<\/strong><strong>, mivel azok romland\u00f3, biol\u00f3giailag \u00e9l<\/strong><strong>\u0151<\/strong><strong>\u00a0term\u00e9keknek min<\/strong><strong>\u0151<\/strong><strong>s\u00fclnek.<br \/>\n\ud83d\udd12 (17\/1999. (II. 5.) Korm. rendelet 5. \u00a7 c) pontja alapj\u00e1n)<\/strong><\/li>\n<\/ul>\n<h4><strong>\ud83d\udce6 K\u00e9zbes\u00edt\u00e9s ut\u00e1ni teend<\/strong><strong>\u0151<\/strong><strong>k<\/strong><\/h4>\n<p><strong>A k\u00e9zbes\u00edt\u00e9st k\u00f6vet<\/strong><strong>\u0151<\/strong><strong>en a csomagot azonnal bontsuk ki, \u00e9s a n\u00f6v\u00e9nyt helyezz\u00fck el megfelel<\/strong><strong>\u0151<\/strong><strong>\u00a0k\u00f6rnyezetben.<br \/>\nFontos: ha a n\u00f6v\u00e9ny nem r\u00e9szes\u00fcl megfelel<\/strong><strong>\u0151<\/strong><strong>\u00a0gondoz\u00e1sban \u00e9s ennek k\u00f6vetkezt\u00e9ben k\u00e1rosodik vagy elpusztul, felel<\/strong><strong>\u0151<\/strong><strong>ss\u00e9get nem tudunk v\u00e1llalni.<\/strong><\/p>\n<\/div>","protected":false},"excerpt":{"rendered":"<p>Fiskars Impulzus es\u0151ztet\u0151<\/p>","protected":false},"featured_media":23539,"template":"","meta":{"_et_pb_use_builder":"","_et_pb_old_content":"","_et_gb_content_width":""},"product_brand":[5811],"product_cat":[4726],"product_tag":[7338,116,7339,4728,5812],"class_list":{"0":"post-23538","1":"product","2":"type-product","3":"status-publish","4":"has-post-thumbnail","6":"product_brand-fiskars","7":"product_cat-fiskars-ontozestechnika","8":"product_tag-esozteto","9":"product_tag-fiskars","10":"product_tag-novenyapolas","11":"product_tag-ontozes","12":"product_tag-sprinkler","14":"first","15":"instock","16":"shipping-taxable","17":"purchasable","18":"product-type-simple"},"yoast_head":"<!-- This site is optimized with the Yoast SEO plugin v27.5 - https:\/\/yoast.com\/product\/yoast-seo-wordpress\/ -->\n<title>Fiskars Impulzus es\u0151ztet\u0151 - T\u00e1jkert\u00e9sz<\/title>\n<meta name=\"description\" content=\"Fiskars Impulzus es\u0151ztet\u0151.................................................................................................\" \/>\n<meta name=\"robots\" content=\"index, follow, max-snippet:-1, max-image-preview:large, max-video-preview:-1\" \/>\n<link rel=\"canonical\" href=\"https:\/\/tajkertesz.com\/en_US\/product\/fiskars-impulzus-esozteto\/\" \/>\n<meta property=\"og:locale\" content=\"en_US\" \/>\n<meta property=\"og:type\" content=\"article\" \/>\n<meta property=\"og:title\" content=\"Fiskars Impulzus es\u0151ztet\u0151 - T\u00e1jkert\u00e9sz\" \/>\n<meta property=\"og:description\" content=\"Fiskars Impulzus es\u0151ztet\u0151.................................................................................................\" \/>\n<meta property=\"og:url\" content=\"https:\/\/tajkertesz.com\/en_US\/product\/fiskars-impulzus-esozteto\/\" \/>\n<meta property=\"og:site_name\" content=\"T\u00e1jkert\u00e9sz\" \/>\n<meta property=\"article:publisher\" content=\"https:\/\/www.facebook.com\/Tajkertesz\/\" \/>\n<meta property=\"article:modified_time\" content=\"2025-10-24T09:45:06+00:00\" \/>\n<meta property=\"og:image\" content=\"https:\/\/tajkertesz.com\/wp-content\/uploads\/2025\/05\/Fiskars-sprinkler.jpg\" \/>\n\t<meta property=\"og:image:width\" content=\"1000\" \/>\n\t<meta property=\"og:image:height\" content=\"1000\" \/>\n\t<meta property=\"og:image:type\" content=\"image\/jpeg\" \/>\n<meta name=\"twitter:card\" content=\"summary_large_image\" \/>\n<meta name=\"twitter:label1\" content=\"Est. reading time\" \/>\n\t<meta name=\"twitter:data1\" content=\"4 minutes\" \/>\n<script type=\"application\/ld+json\" class=\"yoast-schema-graph\">{\"@context\":\"https:\\\/\\\/schema.org\",\"@graph\":[{\"@type\":\"WebPage\",\"@id\":\"https:\\\/\\\/tajkertesz.com\\\/termek\\\/fiskars-impulzus-esozteto\\\/\",\"url\":\"https:\\\/\\\/tajkertesz.com\\\/termek\\\/fiskars-impulzus-esozteto\\\/\",\"name\":\"Fiskars Impulzus es\u0151ztet\u0151 - T\u00e1jkert\u00e9sz\",\"isPartOf\":{\"@id\":\"https:\\\/\\\/tajkertesz.com\\\/#website\"},\"primaryImageOfPage\":{\"@id\":\"https:\\\/\\\/tajkertesz.com\\\/termek\\\/fiskars-impulzus-esozteto\\\/#primaryimage\"},\"image\":{\"@id\":\"https:\\\/\\\/tajkertesz.com\\\/termek\\\/fiskars-impulzus-esozteto\\\/#primaryimage\"},\"thumbnailUrl\":\"https:\\\/\\\/tajkertesz.com\\\/wp-content\\\/uploads\\\/2025\\\/05\\\/Fiskars-sprinkler.jpg\",\"datePublished\":\"2025-05-23T07:03:19+00:00\",\"dateModified\":\"2025-10-24T09:45:06+00:00\",\"description\":\"Fiskars Impulzus es\u0151ztet\u0151.................................................................................................\",\"breadcrumb\":{\"@id\":\"https:\\\/\\\/tajkertesz.com\\\/termek\\\/fiskars-impulzus-esozteto\\\/#breadcrumb\"},\"inLanguage\":\"en-US\",\"potentialAction\":[{\"@type\":\"ReadAction\",\"target\":[\"https:\\\/\\\/tajkertesz.com\\\/termek\\\/fiskars-impulzus-esozteto\\\/\"]}]},{\"@type\":\"ImageObject\",\"inLanguage\":\"en-US\",\"@id\":\"https:\\\/\\\/tajkertesz.com\\\/termek\\\/fiskars-impulzus-esozteto\\\/#primaryimage\",\"url\":\"https:\\\/\\\/tajkertesz.com\\\/wp-content\\\/uploads\\\/2025\\\/05\\\/Fiskars-sprinkler.jpg\",\"contentUrl\":\"https:\\\/\\\/tajkertesz.com\\\/wp-content\\\/uploads\\\/2025\\\/05\\\/Fiskars-sprinkler.jpg\",\"width\":1000,\"height\":1000,\"caption\":\"charset=Ascii\"},{\"@type\":\"BreadcrumbList\",\"@id\":\"https:\\\/\\\/tajkertesz.com\\\/termek\\\/fiskars-impulzus-esozteto\\\/#breadcrumb\",\"itemListElement\":[{\"@type\":\"ListItem\",\"position\":1,\"name\":\"Home\",\"item\":\"https:\\\/\\\/tajkertesz.com\\\/\"},{\"@type\":\"ListItem\",\"position\":2,\"name\":\"Kezd\u0151lap\",\"item\":\"https:\\\/\\\/tajkertesz.com\\\/\"},{\"@type\":\"ListItem\",\"position\":3,\"name\":\"Fiskars Impulzus es\u0151ztet\u0151\"}]},{\"@type\":\"WebSite\",\"@id\":\"https:\\\/\\\/tajkertesz.com\\\/#website\",\"url\":\"https:\\\/\\\/tajkertesz.com\\\/\",\"name\":\"T\u00e1j-Kert\u00e9sz 84 Kft.\",\"description\":\"Kert\u00e9szeti kis- \u00e9s nagykeresked\u00e9s, D\u00edszn\u00f6v\u00e9ny web\u00e1ruh\u00e1z orsz\u00e1gos h\u00e1zhozsz\u00e1ll\u00edt\u00e1ssal!\",\"publisher\":{\"@id\":\"https:\\\/\\\/tajkertesz.com\\\/#organization\"},\"potentialAction\":[{\"@type\":\"SearchAction\",\"target\":{\"@type\":\"EntryPoint\",\"urlTemplate\":\"https:\\\/\\\/tajkertesz.com\\\/?s={search_term_string}\"},\"query-input\":{\"@type\":\"PropertyValueSpecification\",\"valueRequired\":true,\"valueName\":\"search_term_string\"}}],\"inLanguage\":\"en-US\"},{\"@type\":\"Organization\",\"@id\":\"https:\\\/\\\/tajkertesz.com\\\/#organization\",\"name\":\"T\u00e1j-Kert\u00e9sz 84 Kft.\",\"url\":\"https:\\\/\\\/tajkertesz.com\\\/\",\"logo\":{\"@type\":\"ImageObject\",\"inLanguage\":\"en-US\",\"@id\":\"https:\\\/\\\/tajkertesz.com\\\/#\\\/schema\\\/logo\\\/image\\\/\",\"url\":\"https:\\\/\\\/tajkertesz.com\\\/wp-content\\\/uploads\\\/2018\\\/02\\\/logo-2-e1518678052539.png\",\"contentUrl\":\"https:\\\/\\\/tajkertesz.com\\\/wp-content\\\/uploads\\\/2018\\\/02\\\/logo-2-e1518678052539.png\",\"width\":81,\"height\":140,\"caption\":\"T\u00e1j-Kert\u00e9sz 84 Kft.\"},\"image\":{\"@id\":\"https:\\\/\\\/tajkertesz.com\\\/#\\\/schema\\\/logo\\\/image\\\/\"},\"sameAs\":[\"https:\\\/\\\/www.facebook.com\\\/Tajkertesz\\\/\"]}]}<\/script>\n<!-- \/ Yoast SEO plugin. -->","yoast_head_json":{"title":"Fiskars Impulzus es\u0151ztet\u0151 - T\u00e1jkert\u00e9sz","description":"Fiskars Impulzus es\u0151ztet\u0151.................................................................................................","robots":{"index":"index","follow":"follow","max-snippet":"max-snippet:-1","max-image-preview":"max-image-preview:large","max-video-preview":"max-video-preview:-1"},"canonical":"https:\/\/tajkertesz.com\/en_US\/product\/fiskars-impulzus-esozteto\/","og_locale":"en_US","og_type":"article","og_title":"Fiskars Impulzus es\u0151ztet\u0151 - T\u00e1jkert\u00e9sz","og_description":"Fiskars Impulzus es\u0151ztet\u0151.................................................................................................","og_url":"https:\/\/tajkertesz.com\/en_US\/product\/fiskars-impulzus-esozteto\/","og_site_name":"T\u00e1jkert\u00e9sz","article_publisher":"https:\/\/www.facebook.com\/Tajkertesz\/","article_modified_time":"2025-10-24T09:45:06+00:00","og_image":[{"width":1000,"height":1000,"url":"https:\/\/tajkertesz.com\/wp-content\/uploads\/2025\/05\/Fiskars-sprinkler.jpg","type":"image\/jpeg"}],"twitter_card":"summary_large_image","twitter_misc":{"Est. reading time":"4 minutes"},"schema":{"@context":"https:\/\/schema.org","@graph":[{"@type":"WebPage","@id":"https:\/\/tajkertesz.com\/termek\/fiskars-impulzus-esozteto\/","url":"https:\/\/tajkertesz.com\/termek\/fiskars-impulzus-esozteto\/","name":"Fiskars Impulzus es\u0151ztet\u0151 - T\u00e1jkert\u00e9sz","isPartOf":{"@id":"https:\/\/tajkertesz.com\/#website"},"primaryImageOfPage":{"@id":"https:\/\/tajkertesz.com\/termek\/fiskars-impulzus-esozteto\/#primaryimage"},"image":{"@id":"https:\/\/tajkertesz.com\/termek\/fiskars-impulzus-esozteto\/#primaryimage"},"thumbnailUrl":"https:\/\/tajkertesz.com\/wp-content\/uploads\/2025\/05\/Fiskars-sprinkler.jpg","datePublished":"2025-05-23T07:03:19+00:00","dateModified":"2025-10-24T09:45:06+00:00","description":"Fiskars Impulzus es\u0151ztet\u0151.................................................................................................","breadcrumb":{"@id":"https:\/\/tajkertesz.com\/termek\/fiskars-impulzus-esozteto\/#breadcrumb"},"inLanguage":"en-US","potentialAction":[{"@type":"ReadAction","target":["https:\/\/tajkertesz.com\/termek\/fiskars-impulzus-esozteto\/"]}]},{"@type":"ImageObject","inLanguage":"en-US","@id":"https:\/\/tajkertesz.com\/termek\/fiskars-impulzus-esozteto\/#primaryimage","url":"https:\/\/tajkertesz.com\/wp-content\/uploads\/2025\/05\/Fiskars-sprinkler.jpg","contentUrl":"https:\/\/tajkertesz.com\/wp-content\/uploads\/2025\/05\/Fiskars-sprinkler.jpg","width":1000,"height":1000,"caption":"charset=Ascii"},{"@type":"BreadcrumbList","@id":"https:\/\/tajkertesz.com\/termek\/fiskars-impulzus-esozteto\/#breadcrumb","itemListElement":[{"@type":"ListItem","position":1,"name":"Home","item":"https:\/\/tajkertesz.com\/"},{"@type":"ListItem","position":2,"name":"Kezd\u0151lap","item":"https:\/\/tajkertesz.com\/"},{"@type":"ListItem","position":3,"name":"Fiskars Impulzus es\u0151ztet\u0151"}]},{"@type":"WebSite","@id":"https:\/\/tajkertesz.com\/#website","url":"https:\/\/tajkertesz.com\/","name":"T\u00e1j-Kert\u00e9sz 84 Kft.","description":"Kert\u00e9szeti kis- \u00e9s nagykeresked\u00e9s, D\u00edszn\u00f6v\u00e9ny web\u00e1ruh\u00e1z orsz\u00e1gos h\u00e1zhozsz\u00e1ll\u00edt\u00e1ssal!","publisher":{"@id":"https:\/\/tajkertesz.com\/#organization"},"potentialAction":[{"@type":"SearchAction","target":{"@type":"EntryPoint","urlTemplate":"https:\/\/tajkertesz.com\/?s={search_term_string}"},"query-input":{"@type":"PropertyValueSpecification","valueRequired":true,"valueName":"search_term_string"}}],"inLanguage":"en-US"},{"@type":"Organization","@id":"https:\/\/tajkertesz.com\/#organization","name":"T\u00e1j-Kert\u00e9sz 84 Kft.","url":"https:\/\/tajkertesz.com\/","logo":{"@type":"ImageObject","inLanguage":"en-US","@id":"https:\/\/tajkertesz.com\/#\/schema\/logo\/image\/","url":"https:\/\/tajkertesz.com\/wp-content\/uploads\/2018\/02\/logo-2-e1518678052539.png","contentUrl":"https:\/\/tajkertesz.com\/wp-content\/uploads\/2018\/02\/logo-2-e1518678052539.png","width":81,"height":140,"caption":"T\u00e1j-Kert\u00e9sz 84 Kft."},"image":{"@id":"https:\/\/tajkertesz.com\/#\/schema\/logo\/image\/"},"sameAs":["https:\/\/www.facebook.com\/Tajkertesz\/"]}]}},"_links":{"self":[{"href":"https:\/\/tajkertesz.com\/en_US\/wp-json\/wp\/v2\/product\/23538","targetHints":{"allow":["GET"]}}],"collection":[{"href":"https:\/\/tajkertesz.com\/en_US\/wp-json\/wp\/v2\/product"}],"about":[{"href":"https:\/\/tajkertesz.com\/en_US\/wp-json\/wp\/v2\/types\/product"}],"wp:featuredmedia":[{"embeddable":true,"href":"https:\/\/tajkertesz.com\/en_US\/wp-json\/wp\/v2\/media\/23539"}],"wp:attachment":[{"href":"https:\/\/tajkertesz.com\/en_US\/wp-json\/wp\/v2\/media?parent=23538"}],"wp:term":[{"taxonomy":"product_brand","embeddable":true,"href":"https:\/\/tajkertesz.com\/en_US\/wp-json\/wp\/v2\/product_brand?post=23538"},{"taxonomy":"product_cat","embeddable":true,"href":"https:\/\/tajkertesz.com\/en_US\/wp-json\/wp\/v2\/product_cat?post=23538"},{"taxonomy":"product_tag","embeddable":true,"href":"https:\/\/tajkertesz.com\/en_US\/wp-json\/wp\/v2\/product_tag?post=23538"}],"curies":[{"name":"wp","href":"https:\/\/api.w.org\/{rel}","templated":true}]}}