{"id":2356,"date":"2024-10-09T12:00:19","date_gmt":"2024-10-09T12:00:19","guid":{"rendered":"https:\/\/tajkertesz.com\/?post_type=product&#038;p=2356"},"modified":"2026-02-24T13:31:44","modified_gmt":"2026-02-24T13:31:44","slug":"juniperus-squamata-blue-star-himalajai-torpe-boroka-2","status":"publish","type":"product","link":"https:\/\/tajkertesz.com\/en_US\/product\/juniperus-squamata-blue-star-himalajai-torpe-boroka-2\/","title":{"rendered":"Juniperus squamata &#8216;Blue Star&#8217; &#8211; Himal\u00e1jai t\u00f6rpe bor\u00f3ka"},"content":{"rendered":"<h1>Juniperus squamata &#8216;Blue Star&#8217; &#8211; Himal\u00e1jai t\u00f6rpe bor\u00f3ka<\/h1>\n<p>&nbsp;<\/p>\n<p aria-live=\"polite\" aria-atomic=\"true\"><span class=\"\">A Juniperus squamata &#8216;Blue Star&#8217; &#8211; Himal\u00e1jai t\u00f6rpe bor\u00f3ka<\/span><span class=\"\">\u00a0egy\u00a0kis\u00a0m\u00e9ret\u0171,\u00a0terjed\u0151\u00a0hajt\u00e1s\u00fa\u00a0\u00f6r\u00f6kz\u00f6ld\u00a0cserje,\u00a0amely\u00a0k\u00fcl\u00f6nleges\u00a0k\u00e9k\u00a0sz\u00edn\u0171\u00a0levelei\u00a0miatt\u00a0n\u00e9pszer\u0171.\u00a0Ez\u00a0a\u00a0v\u00e1ltozat\u00a0lassan\u00a0n\u00f6vekszik,\u00a0\u00e9s\u00a0v\u00e9g\u00fcl\u00a0el\u00e9rheti\u00a0a\u00a060-80\u00a0cm-es\u00a0magass\u00e1got.\u00a0Sz\u00fcrk\u00e9sz\u00f6ld\u00a0sz\u00edn\u0171\u00a0hajt\u00e1sai\u00a0miatt\u00a0k\u00fcl\u00f6nleges\u00a0l\u00e1tv\u00e1nyt\u00a0ny\u00fajt\u00a0a\u00a0kertben\u00a0vagy\u00a0a\u00a0sziklakertben.<\/span><\/p>\n<h2 aria-live=\"polite\" aria-atomic=\"true\"><span class=\"\">A\u00a0<strong>Juniperus\u00a0squamata\u00a0&#8216;Blue\u00a0Star&#8217;<\/strong> gondoz\u00e1sa<\/span><\/h2>\n<ol class=\"relative list-outside marker:text-foreground-750 dark:marker:text-foreground-600 flex flex-col ms-5 marker:normal-nums marker:text-sm-strong\" start=\"1\">\n<li class=\"ps-2\">\n<p aria-live=\"polite\" aria-atomic=\"true\"><span class=\"\"><strong>F\u00e9ny<\/strong>: \u00dcltess\u00fck napos helyre\u00a0 napf\u00e9ny seg\u00edt meg\u0151rizni gy\u00f6ny\u00f6r\u0171 k\u00e9k sz\u00edn\u00e9t.<\/span><\/p>\n<\/li>\n<li class=\"ps-2\">\n<p aria-live=\"polite\" aria-atomic=\"true\"><span class=\"\"><strong>Talaj<\/strong>: Laza, j\u00f3 v\u00edz\u00e1tereszt\u0151, enyh\u00e9n savas vagy semleges talajra van sz\u00fcks\u00e9ge. Ker\u00fclj\u00fck a k\u00f6t\u00f6tt talajokat.<\/span><\/p>\n<\/li>\n<li class=\"ps-2\">\n<p aria-live=\"polite\" aria-atomic=\"true\"><span class=\"\"><strong>\u00d6nt\u00f6z\u00e9s<\/strong>: Az els\u0151 \u00e9vben rendszeres \u00f6nt\u00f6z\u00e9st ig\u00e9nyel a megfelel\u0151 gy\u00f6keresed\u00e9shez. Ezt k\u00f6vet\u0151en sz\u00e1razs\u00e1gt\u0171r\u0151, de hosszabb sz\u00e1raz id\u0151szakokban is biztos\u00edtsuk a megfelel\u0151 v\u00edzell\u00e1t\u00e1st.<\/span><\/p>\n<\/li>\n<li class=\"ps-2\">\n<p aria-live=\"polite\" aria-atomic=\"true\"><span class=\"\"><strong>T\u00e1panyag<\/strong>: Tavasszal \u00e9s \u0151sszel \u00e9rdemes p\u00f3tolni a t\u00e1panyagokat, egy kis komposzttal, szerves tr\u00e1gy\u00e1val vagy ak\u00e1r m\u0171tr\u00e1gy\u00e1val a n\u00f6veked\u00e9s serkent\u00e9s\u00e9hez.<\/span><\/p>\n<\/li>\n<li class=\"ps-2\">\n<p aria-live=\"polite\" aria-atomic=\"true\"><span class=\"\"><strong>Metsz\u00e9s<\/strong>: Nem ig\u00e9nyel metsz\u00e9st, de ha sz\u00fcks\u00e9ges, ny\u00e1r v\u00e9g\u00e9n vagy tavasszal a legide\u00e1lisabb.<\/span><\/p>\n<\/li>\n<li class=\"ps-2\">\n<p aria-live=\"polite\" aria-atomic=\"true\"><span class=\"\"><strong>T\u00e9l<\/strong>: Hidegt\u0171r\u0151, de a fiatal n\u00f6v\u00e9nyeket az els\u0151 \u00e9vekben t\u00e9lire takarni \u00e9rdemes a kem\u00e9ny fagyok ellen.<\/span><\/p>\n<\/li>\n<\/ol>\n<p>&nbsp;<\/p>\n<h3 aria-live=\"polite\" aria-atomic=\"true\"><span class=\"\">A\u00a0<strong>Himal\u00e1jai t\u00f6rpe bor\u00f3ka<\/strong>\u00a0\u00fcltet\u00e9se<\/span><\/h3>\n<p aria-live=\"polite\" aria-atomic=\"true\"><span class=\"\">\u00a0K\u00e9s\u0151 \u0151sz vagy kora tavasz a legjobb id\u0151szak az \u00fcltet\u00e9sre.<\/span><\/p>\n<p aria-live=\"polite\" aria-atomic=\"true\"><span class=\"\">V\u00e1lasszunk egy napos vagy f\u00e9l\u00e1rny\u00e9kos helyet, ahol a talaj kell\u0151en laza, j\u00f3 v\u00edzelvezet\u00e9s\u0171 \u00e9s enyh\u00e9n savas vagy semleges.<\/span><\/p>\n<p aria-live=\"polite\" aria-atomic=\"true\"><span class=\"\">\u00c1ssunk\u00a0 g\u00f6dr\u00f6t, amely legal\u00e1bb k\u00e9tszer olyan sz\u00e9les \u00e9s m\u00e9ly, mint a n\u00f6v\u00e9ny gy\u00f6k\u00e9rlabd\u00e1ja. Laz\u00edtsuk meg a g\u00f6d\u00f6r alj\u00e1t \u00e9s oldalait, hogy a gy\u00f6kerek k\u00f6nnyebben terjedhessenek.<\/span><\/p>\n<p aria-live=\"polite\" aria-atomic=\"true\"><span class=\"\">Helyezz\u00fck a n\u00f6v\u00e9nyt a g\u00f6d\u00f6rbe \u00fagy, hogy a gy\u00f6k\u00e9rlabda felsz\u00edne egy szintben legyen a talajjal. T\u00f6lts\u00fck vissza a f\u00f6ldet a g\u00f6d\u00f6rbe \u00e9s \u00f3vatosan t\u00f6m\u00f6r\u00edts\u00fck meg, hogy a gy\u00f6kerek j\u00f3l \u00e9rintkezzenek a talajjal.<\/span><\/p>\n<p aria-live=\"polite\" aria-atomic=\"true\"><span class=\"\">\u00a0Alaposan \u00f6nt\u00f6zz\u00fck meg az \u00fcltetett n\u00f6v\u00e9nyt, hogy a f\u00f6ld j\u00f3l \u00e1tnedvesedjen \u00e9s a gy\u00f6kerek k\u00f6nnyen meger\u0151s\u00f6djenek.<\/span><\/p>\n<p aria-live=\"polite\" aria-atomic=\"true\"><span class=\"\">Sz\u00f3rjunk egy r\u00e9teg mulcsot a n\u00f6v\u00e9ny k\u00f6r\u00e9, hogy meg\u0151rizz\u00fck a talaj nedvess\u00e9g\u00e9t \u00e9s cs\u00f6kkents\u00fck a gyomok n\u00f6veked\u00e9s\u00e9t.<\/span><\/p>\n<h4 aria-live=\"polite\" aria-atomic=\"true\">Jelen term\u00e9k\u00fcnk 15\/20 cm magas \u00e9s 2 literes kont\u00e9nerben kaphat\u00f3.<\/h4>\n<p>A k\u00e9p csak illusztr\u00e1ci\u00f3, az \u00e9vszaknak megfelel\u0151 \u00e1llapotban sz\u00e1ll\u00edtjuk n\u00f6v\u00e9nyeinket!<\/p>\n<p style=\"line-height: 18.0pt; background: white; margin: 0cm 0cm 15.0pt 0cm;\"><b><span style=\"font-family: 'Ubuntu',sans-serif; color: black;\">K\u00e9szlet\u00fcnk napi szinten v\u00e1ltozik, ez\u00e9rt k\u00e9rj\u00fck, \u00e9rdekl\u0151dj\u00f6n szem\u00e9lyesen, telefonon vagy email-en.<br \/>\nA v\u00e1ltoztat\u00e1s jog\u00e1t fenntartjuk!\u00a0<\/span><\/b><\/p>\n<p><a href=\"https:\/\/tajkertesz.com\/\">https:\/\/tajkertesz.com\/<\/a><\/p>\n<p><a href=\"https:\/\/www.facebook.com\/tajkertesz\/\">https:\/\/www.facebook.com\/tajkertesz\/<\/a><\/p>\n<p>Kisz\u00e1ll\u00edt\u00e1s: 200cm-ig \u00e9s 40 kg-ig a sz\u00e1ll\u00edt\u00e1s fut\u00e1rszolg\u00e1lattal t\u00f6rt\u00e9nik.<\/p>\n<p>Szem\u00e9lyes \u00e1tv\u00e9tel nyitvatart\u00e1si id\u0151ben a 17. ker\u00fclet Bakancsos utca 7. sz\u00e1m alatti Kert\u00e9szeti \u00e1rud\u00e1nkban.<\/p>\n<p>Kert\u00e9p\u00edt\u0151k \u00e9s viszontelad\u00f3k regisztr\u00e1l\u00e1s ut\u00e1n egyedi kedvezm\u00e9nnyel v\u00e1s\u00e1rolhatnak kert\u00e9szeti kis-\u00e9s nagykeresked\u00e9s\u00fcnkben.<\/p>\n<p>A logisztikai c\u00e9ggel t\u00f6rt\u00e9n\u0151 sz\u00e1ll\u00edt\u00e1s eset\u00e9n a partnereink esetleges a cs\u00fasz\u00e1sai\u00e9rt nem v\u00e1llalunk felel\u0151ss\u00e9get!<\/p>","protected":false},"excerpt":{"rendered":"<p>A Juniperus squamata &#8216;Blue Star&#8217; , Himal\u00e1jai t\u00f6rpe bor\u00f3ka\u00a0 az egyik legszebb, leg\u00e9rt\u00e9kesebb t\u00f6rpe bor\u00f3ka fajta.<\/p>\n<p>Kertekben szerte a vil\u00e1gon \u00fcltetik.\u00a0Legfeljebb 20-40 cm magas, lap\u00edtott f\u00e9lg\u00f6mb alak\u00fa, t\u00f6m\u00f6tt bokr\u00fa t\u00f6rpefeny\u0151.<\/p>\n<p>T\u0171levelei felt\u0171n\u0151en sz\u00e9p k\u00e9kessz\u00fcrk\u00e9k. Lass\u00fa n\u00f6veked\u00e9s\u0171.<\/p>\n<p>Szoliterk\u00e9nt \u00fcltess\u00fck sziklakertbe, r\u00e9zs\u0171re.<\/p>","protected":false},"featured_media":21300,"template":"","meta":{"_et_pb_use_builder":"","_et_pb_old_content":"","_et_gb_content_width":""},"product_brand":[],"product_cat":[26],"product_tag":[780,777,781,776,779],"class_list":{"0":"post-2356","1":"product","2":"type-product","3":"status-publish","4":"has-post-thumbnail","6":"product_cat-orokzold-novenyek","7":"product_tag-blue-star","8":"product_tag-himalajai-torpe-boroka","9":"product_tag-juniperus-blue-star","10":"product_tag-juniperus-squamata-blue-star","11":"product_tag-torpe-boroka","13":"first","14":"instock","15":"shipping-taxable","16":"purchasable","17":"product-type-simple"},"yoast_head":"<!-- This site is optimized with the Yoast SEO plugin v27.3 - https:\/\/yoast.com\/product\/yoast-seo-wordpress\/ -->\n<title>Juniperus squamata &#039;Blue Star&#039; - Himal\u00e1jai t\u00f6rpe bor\u00f3ka - T\u00e1jkert\u00e9sz<\/title>\n<meta name=\"description\" content=\"A\u00a0Juniperus squamata &#039;Blue Star&#039; - Himal\u00e1jai t\u00f6rpe bor\u00f3ka\u00a0egy\u00a0kis\u00a0m\u00e9ret\u0171,\u00a0terjed\u0151\u00a0hajt\u00e1s\u00fa\u00a0\u00f6r\u00f6kz\u00f6ld\u00a0cserje,\u00a0amely\u00a0k\u00fcl\u00f6nleges\u00a0k\u00e9k\u00a0sz\u00edn\u0171\u00a0levelei\u00a0miatt\u00a0n\u00e9pszer\u0171\" \/>\n<meta name=\"robots\" content=\"index, follow, max-snippet:-1, max-image-preview:large, max-video-preview:-1\" \/>\n<link rel=\"canonical\" href=\"https:\/\/tajkertesz.com\/en_US\/product\/juniperus-squamata-blue-star-himalajai-torpe-boroka-2\/\" \/>\n<meta property=\"og:locale\" content=\"en_US\" \/>\n<meta property=\"og:type\" content=\"article\" \/>\n<meta property=\"og:title\" content=\"Juniperus squamata &#039;Blue Star&#039; - Himal\u00e1jai t\u00f6rpe bor\u00f3ka - T\u00e1jkert\u00e9sz\" \/>\n<meta property=\"og:description\" content=\"A\u00a0Juniperus squamata &#039;Blue Star&#039; - Himal\u00e1jai t\u00f6rpe bor\u00f3ka\u00a0egy\u00a0kis\u00a0m\u00e9ret\u0171,\u00a0terjed\u0151\u00a0hajt\u00e1s\u00fa\u00a0\u00f6r\u00f6kz\u00f6ld\u00a0cserje,\u00a0amely\u00a0k\u00fcl\u00f6nleges\u00a0k\u00e9k\u00a0sz\u00edn\u0171\u00a0levelei\u00a0miatt\u00a0n\u00e9pszer\u0171\" \/>\n<meta property=\"og:url\" content=\"https:\/\/tajkertesz.com\/en_US\/product\/juniperus-squamata-blue-star-himalajai-torpe-boroka-2\/\" \/>\n<meta property=\"og:site_name\" content=\"T\u00e1jkert\u00e9sz\" \/>\n<meta property=\"article:publisher\" content=\"https:\/\/www.facebook.com\/Tajkertesz\/\" \/>\n<meta property=\"article:modified_time\" content=\"2026-02-24T13:31:44+00:00\" \/>\n<meta property=\"og:image\" content=\"https:\/\/tajkertesz.com\/wp-content\/uploads\/2020\/10\/20241009_082906-scaled.jpg\" \/>\n\t<meta property=\"og:image:width\" content=\"1920\" \/>\n\t<meta property=\"og:image:height\" content=\"2560\" \/>\n\t<meta property=\"og:image:type\" content=\"image\/jpeg\" \/>\n<meta name=\"twitter:card\" content=\"summary_large_image\" \/>\n<meta name=\"twitter:label1\" content=\"Est. reading time\" \/>\n\t<meta name=\"twitter:data1\" content=\"3 minutes\" \/>\n<script type=\"application\/ld+json\" class=\"yoast-schema-graph\">{\"@context\":\"https:\\\/\\\/schema.org\",\"@graph\":[{\"@type\":\"WebPage\",\"@id\":\"https:\\\/\\\/tajkertesz.com\\\/termek\\\/juniperus-squamata-blue-star-himalajai-torpe-boroka-2\\\/\",\"url\":\"https:\\\/\\\/tajkertesz.com\\\/termek\\\/juniperus-squamata-blue-star-himalajai-torpe-boroka-2\\\/\",\"name\":\"Juniperus squamata 'Blue Star' - Himal\u00e1jai t\u00f6rpe bor\u00f3ka - T\u00e1jkert\u00e9sz\",\"isPartOf\":{\"@id\":\"https:\\\/\\\/tajkertesz.com\\\/#website\"},\"primaryImageOfPage\":{\"@id\":\"https:\\\/\\\/tajkertesz.com\\\/termek\\\/juniperus-squamata-blue-star-himalajai-torpe-boroka-2\\\/#primaryimage\"},\"image\":{\"@id\":\"https:\\\/\\\/tajkertesz.com\\\/termek\\\/juniperus-squamata-blue-star-himalajai-torpe-boroka-2\\\/#primaryimage\"},\"thumbnailUrl\":\"https:\\\/\\\/tajkertesz.com\\\/wp-content\\\/uploads\\\/2020\\\/10\\\/20241009_082906-scaled.jpg\",\"datePublished\":\"2024-10-09T12:00:19+00:00\",\"dateModified\":\"2026-02-24T13:31:44+00:00\",\"description\":\"A\u00a0Juniperus squamata 'Blue Star' - Himal\u00e1jai t\u00f6rpe bor\u00f3ka\u00a0egy\u00a0kis\u00a0m\u00e9ret\u0171,\u00a0terjed\u0151\u00a0hajt\u00e1s\u00fa\u00a0\u00f6r\u00f6kz\u00f6ld\u00a0cserje,\u00a0amely\u00a0k\u00fcl\u00f6nleges\u00a0k\u00e9k\u00a0sz\u00edn\u0171\u00a0levelei\u00a0miatt\u00a0n\u00e9pszer\u0171\",\"breadcrumb\":{\"@id\":\"https:\\\/\\\/tajkertesz.com\\\/termek\\\/juniperus-squamata-blue-star-himalajai-torpe-boroka-2\\\/#breadcrumb\"},\"inLanguage\":\"en-US\",\"potentialAction\":[{\"@type\":\"ReadAction\",\"target\":[\"https:\\\/\\\/tajkertesz.com\\\/termek\\\/juniperus-squamata-blue-star-himalajai-torpe-boroka-2\\\/\"]}]},{\"@type\":\"ImageObject\",\"inLanguage\":\"en-US\",\"@id\":\"https:\\\/\\\/tajkertesz.com\\\/termek\\\/juniperus-squamata-blue-star-himalajai-torpe-boroka-2\\\/#primaryimage\",\"url\":\"https:\\\/\\\/tajkertesz.com\\\/wp-content\\\/uploads\\\/2020\\\/10\\\/20241009_082906-scaled.jpg\",\"contentUrl\":\"https:\\\/\\\/tajkertesz.com\\\/wp-content\\\/uploads\\\/2020\\\/10\\\/20241009_082906-scaled.jpg\",\"width\":1920,\"height\":2560,\"caption\":\"Juniperus sqamata 'Blue Star'- Himal\u00e1jai t\u00f6rpe bor\u00f3ka\"},{\"@type\":\"BreadcrumbList\",\"@id\":\"https:\\\/\\\/tajkertesz.com\\\/termek\\\/juniperus-squamata-blue-star-himalajai-torpe-boroka-2\\\/#breadcrumb\",\"itemListElement\":[{\"@type\":\"ListItem\",\"position\":1,\"name\":\"Home\",\"item\":\"https:\\\/\\\/tajkertesz.com\\\/\"},{\"@type\":\"ListItem\",\"position\":2,\"name\":\"Kezd\u0151lap\",\"item\":\"https:\\\/\\\/tajkertesz.com\\\/\"},{\"@type\":\"ListItem\",\"position\":3,\"name\":\"Juniperus squamata &#8216;Blue Star&#8217; &#8211; Himal\u00e1jai t\u00f6rpe bor\u00f3ka\"}]},{\"@type\":\"WebSite\",\"@id\":\"https:\\\/\\\/tajkertesz.com\\\/#website\",\"url\":\"https:\\\/\\\/tajkertesz.com\\\/\",\"name\":\"T\u00e1j-Kert\u00e9sz 84 Kft.\",\"description\":\"Kert\u00e9szeti kis- \u00e9s nagykeresked\u00e9s, D\u00edszn\u00f6v\u00e9ny web\u00e1ruh\u00e1z orsz\u00e1gos h\u00e1zhozsz\u00e1ll\u00edt\u00e1ssal!\",\"publisher\":{\"@id\":\"https:\\\/\\\/tajkertesz.com\\\/#organization\"},\"potentialAction\":[{\"@type\":\"SearchAction\",\"target\":{\"@type\":\"EntryPoint\",\"urlTemplate\":\"https:\\\/\\\/tajkertesz.com\\\/?s={search_term_string}\"},\"query-input\":{\"@type\":\"PropertyValueSpecification\",\"valueRequired\":true,\"valueName\":\"search_term_string\"}}],\"inLanguage\":\"en-US\"},{\"@type\":\"Organization\",\"@id\":\"https:\\\/\\\/tajkertesz.com\\\/#organization\",\"name\":\"T\u00e1j-Kert\u00e9sz 84 Kft.\",\"url\":\"https:\\\/\\\/tajkertesz.com\\\/\",\"logo\":{\"@type\":\"ImageObject\",\"inLanguage\":\"en-US\",\"@id\":\"https:\\\/\\\/tajkertesz.com\\\/#\\\/schema\\\/logo\\\/image\\\/\",\"url\":\"https:\\\/\\\/tajkertesz.com\\\/wp-content\\\/uploads\\\/2018\\\/02\\\/logo-2-e1518678052539.png\",\"contentUrl\":\"https:\\\/\\\/tajkertesz.com\\\/wp-content\\\/uploads\\\/2018\\\/02\\\/logo-2-e1518678052539.png\",\"width\":81,\"height\":140,\"caption\":\"T\u00e1j-Kert\u00e9sz 84 Kft.\"},\"image\":{\"@id\":\"https:\\\/\\\/tajkertesz.com\\\/#\\\/schema\\\/logo\\\/image\\\/\"},\"sameAs\":[\"https:\\\/\\\/www.facebook.com\\\/Tajkertesz\\\/\"]}]}<\/script>\n<!-- \/ Yoast SEO plugin. -->","yoast_head_json":{"title":"Juniperus squamata 'Blue Star' - Himal\u00e1jai t\u00f6rpe bor\u00f3ka - T\u00e1jkert\u00e9sz","description":"A\u00a0Juniperus squamata 'Blue Star' - Himal\u00e1jai t\u00f6rpe bor\u00f3ka\u00a0egy\u00a0kis\u00a0m\u00e9ret\u0171,\u00a0terjed\u0151\u00a0hajt\u00e1s\u00fa\u00a0\u00f6r\u00f6kz\u00f6ld\u00a0cserje,\u00a0amely\u00a0k\u00fcl\u00f6nleges\u00a0k\u00e9k\u00a0sz\u00edn\u0171\u00a0levelei\u00a0miatt\u00a0n\u00e9pszer\u0171","robots":{"index":"index","follow":"follow","max-snippet":"max-snippet:-1","max-image-preview":"max-image-preview:large","max-video-preview":"max-video-preview:-1"},"canonical":"https:\/\/tajkertesz.com\/en_US\/product\/juniperus-squamata-blue-star-himalajai-torpe-boroka-2\/","og_locale":"en_US","og_type":"article","og_title":"Juniperus squamata 'Blue Star' - Himal\u00e1jai t\u00f6rpe bor\u00f3ka - T\u00e1jkert\u00e9sz","og_description":"A\u00a0Juniperus squamata 'Blue Star' - Himal\u00e1jai t\u00f6rpe bor\u00f3ka\u00a0egy\u00a0kis\u00a0m\u00e9ret\u0171,\u00a0terjed\u0151\u00a0hajt\u00e1s\u00fa\u00a0\u00f6r\u00f6kz\u00f6ld\u00a0cserje,\u00a0amely\u00a0k\u00fcl\u00f6nleges\u00a0k\u00e9k\u00a0sz\u00edn\u0171\u00a0levelei\u00a0miatt\u00a0n\u00e9pszer\u0171","og_url":"https:\/\/tajkertesz.com\/en_US\/product\/juniperus-squamata-blue-star-himalajai-torpe-boroka-2\/","og_site_name":"T\u00e1jkert\u00e9sz","article_publisher":"https:\/\/www.facebook.com\/Tajkertesz\/","article_modified_time":"2026-02-24T13:31:44+00:00","og_image":[{"width":1920,"height":2560,"url":"https:\/\/tajkertesz.com\/wp-content\/uploads\/2020\/10\/20241009_082906-scaled.jpg","type":"image\/jpeg"}],"twitter_card":"summary_large_image","twitter_misc":{"Est. reading time":"3 minutes"},"schema":{"@context":"https:\/\/schema.org","@graph":[{"@type":"WebPage","@id":"https:\/\/tajkertesz.com\/termek\/juniperus-squamata-blue-star-himalajai-torpe-boroka-2\/","url":"https:\/\/tajkertesz.com\/termek\/juniperus-squamata-blue-star-himalajai-torpe-boroka-2\/","name":"Juniperus squamata 'Blue Star' - Himal\u00e1jai t\u00f6rpe bor\u00f3ka - T\u00e1jkert\u00e9sz","isPartOf":{"@id":"https:\/\/tajkertesz.com\/#website"},"primaryImageOfPage":{"@id":"https:\/\/tajkertesz.com\/termek\/juniperus-squamata-blue-star-himalajai-torpe-boroka-2\/#primaryimage"},"image":{"@id":"https:\/\/tajkertesz.com\/termek\/juniperus-squamata-blue-star-himalajai-torpe-boroka-2\/#primaryimage"},"thumbnailUrl":"https:\/\/tajkertesz.com\/wp-content\/uploads\/2020\/10\/20241009_082906-scaled.jpg","datePublished":"2024-10-09T12:00:19+00:00","dateModified":"2026-02-24T13:31:44+00:00","description":"A\u00a0Juniperus squamata 'Blue Star' - Himal\u00e1jai t\u00f6rpe bor\u00f3ka\u00a0egy\u00a0kis\u00a0m\u00e9ret\u0171,\u00a0terjed\u0151\u00a0hajt\u00e1s\u00fa\u00a0\u00f6r\u00f6kz\u00f6ld\u00a0cserje,\u00a0amely\u00a0k\u00fcl\u00f6nleges\u00a0k\u00e9k\u00a0sz\u00edn\u0171\u00a0levelei\u00a0miatt\u00a0n\u00e9pszer\u0171","breadcrumb":{"@id":"https:\/\/tajkertesz.com\/termek\/juniperus-squamata-blue-star-himalajai-torpe-boroka-2\/#breadcrumb"},"inLanguage":"en-US","potentialAction":[{"@type":"ReadAction","target":["https:\/\/tajkertesz.com\/termek\/juniperus-squamata-blue-star-himalajai-torpe-boroka-2\/"]}]},{"@type":"ImageObject","inLanguage":"en-US","@id":"https:\/\/tajkertesz.com\/termek\/juniperus-squamata-blue-star-himalajai-torpe-boroka-2\/#primaryimage","url":"https:\/\/tajkertesz.com\/wp-content\/uploads\/2020\/10\/20241009_082906-scaled.jpg","contentUrl":"https:\/\/tajkertesz.com\/wp-content\/uploads\/2020\/10\/20241009_082906-scaled.jpg","width":1920,"height":2560,"caption":"Juniperus sqamata 'Blue Star'- Himal\u00e1jai t\u00f6rpe bor\u00f3ka"},{"@type":"BreadcrumbList","@id":"https:\/\/tajkertesz.com\/termek\/juniperus-squamata-blue-star-himalajai-torpe-boroka-2\/#breadcrumb","itemListElement":[{"@type":"ListItem","position":1,"name":"Home","item":"https:\/\/tajkertesz.com\/"},{"@type":"ListItem","position":2,"name":"Kezd\u0151lap","item":"https:\/\/tajkertesz.com\/"},{"@type":"ListItem","position":3,"name":"Juniperus squamata &#8216;Blue Star&#8217; &#8211; Himal\u00e1jai t\u00f6rpe bor\u00f3ka"}]},{"@type":"WebSite","@id":"https:\/\/tajkertesz.com\/#website","url":"https:\/\/tajkertesz.com\/","name":"T\u00e1j-Kert\u00e9sz 84 Kft.","description":"Kert\u00e9szeti kis- \u00e9s nagykeresked\u00e9s, D\u00edszn\u00f6v\u00e9ny web\u00e1ruh\u00e1z orsz\u00e1gos h\u00e1zhozsz\u00e1ll\u00edt\u00e1ssal!","publisher":{"@id":"https:\/\/tajkertesz.com\/#organization"},"potentialAction":[{"@type":"SearchAction","target":{"@type":"EntryPoint","urlTemplate":"https:\/\/tajkertesz.com\/?s={search_term_string}"},"query-input":{"@type":"PropertyValueSpecification","valueRequired":true,"valueName":"search_term_string"}}],"inLanguage":"en-US"},{"@type":"Organization","@id":"https:\/\/tajkertesz.com\/#organization","name":"T\u00e1j-Kert\u00e9sz 84 Kft.","url":"https:\/\/tajkertesz.com\/","logo":{"@type":"ImageObject","inLanguage":"en-US","@id":"https:\/\/tajkertesz.com\/#\/schema\/logo\/image\/","url":"https:\/\/tajkertesz.com\/wp-content\/uploads\/2018\/02\/logo-2-e1518678052539.png","contentUrl":"https:\/\/tajkertesz.com\/wp-content\/uploads\/2018\/02\/logo-2-e1518678052539.png","width":81,"height":140,"caption":"T\u00e1j-Kert\u00e9sz 84 Kft."},"image":{"@id":"https:\/\/tajkertesz.com\/#\/schema\/logo\/image\/"},"sameAs":["https:\/\/www.facebook.com\/Tajkertesz\/"]}]}},"_links":{"self":[{"href":"https:\/\/tajkertesz.com\/en_US\/wp-json\/wp\/v2\/product\/2356","targetHints":{"allow":["GET"]}}],"collection":[{"href":"https:\/\/tajkertesz.com\/en_US\/wp-json\/wp\/v2\/product"}],"about":[{"href":"https:\/\/tajkertesz.com\/en_US\/wp-json\/wp\/v2\/types\/product"}],"wp:featuredmedia":[{"embeddable":true,"href":"https:\/\/tajkertesz.com\/en_US\/wp-json\/wp\/v2\/media\/21300"}],"wp:attachment":[{"href":"https:\/\/tajkertesz.com\/en_US\/wp-json\/wp\/v2\/media?parent=2356"}],"wp:term":[{"taxonomy":"product_brand","embeddable":true,"href":"https:\/\/tajkertesz.com\/en_US\/wp-json\/wp\/v2\/product_brand?post=2356"},{"taxonomy":"product_cat","embeddable":true,"href":"https:\/\/tajkertesz.com\/en_US\/wp-json\/wp\/v2\/product_cat?post=2356"},{"taxonomy":"product_tag","embeddable":true,"href":"https:\/\/tajkertesz.com\/en_US\/wp-json\/wp\/v2\/product_tag?post=2356"}],"curies":[{"name":"wp","href":"https:\/\/api.w.org\/{rel}","templated":true}]}}