{"id":23639,"date":"2025-06-04T08:28:13","date_gmt":"2025-06-04T08:28:13","guid":{"rendered":"https:\/\/tajkertesz.com\/?post_type=product&#038;p=23639"},"modified":"2026-02-24T15:15:21","modified_gmt":"2026-02-24T15:15:21","slug":"ensete-ventricosum-maurelii-abesszin-banan","status":"publish","type":"product","link":"https:\/\/tajkertesz.com\/en_US\/product\/ensete-ventricosum-maurelii-abesszin-banan\/","title":{"rendered":"Ensete ventricosum &#8216;Maurelii&#8217; &#8211; Abesszin ban\u00e1n"},"content":{"rendered":"<h1>Ensete ventricosum &#8216;Maurelii&#8217; &#8211; Abesszin ban\u00e1n<\/h1>\n<p>Ensete ventricosum &#8216;Maurelii&#8217; &#8211; Abesszin ban\u00e1n egy leny\u0171g\u00f6z\u0151, nagym\u00e9ret\u0171 d\u00edszban\u00e1n fajta, amelyet k\u00fcl\u00f6n\u00f6sen a <strong data-start=\"740\" data-end=\"776\">m\u00e9lybord\u00f3, b\u00edborba hajl\u00f3 levelei<\/strong> tesznek k\u00fcl\u00f6nlegess\u00e9. B\u00e1r tr\u00f3pusi n\u00f6v\u00e9ny, ny\u00e1ron j\u00f3l \u00e9rzi mag\u00e1t kertben, teraszon vagy nagyobb d\u00e9zs\u00e1ban \u2013 igazi f\u00f3kuszpontja lehet b\u00e1rmilyen kompoz\u00edci\u00f3nak.<\/p>\n<h2>Ensete ventricosum &#8216;Maurelii&#8217; jellemz\u0151i<\/h2>\n<ul>\n<li data-start=\"959\" data-end=\"1069\">\n<p data-start=\"961\" data-end=\"1069\">\ud83c\udf43 <strong data-start=\"964\" data-end=\"988\">Sz\u00ednpomp\u00e1s lombozat:<\/strong> Nagy m\u00e9ret\u0171 levelei z\u00f6ldek, bord\u00f3s \u00e1rnyalattal \u2013 k\u00fcl\u00f6n\u00f6sen napf\u00e9nyben l\u00e1tv\u00e1nyos.<\/p>\n<\/li>\n<li data-start=\"1070\" data-end=\"1124\">\n<p data-start=\"1072\" data-end=\"1124\">\ud83c\udf1e <strong data-start=\"1075\" data-end=\"1092\">Melegig\u00e9nyes:<\/strong> Napf\u00e9nyes, meleg helyet kedvel.<\/p>\n<\/li>\n<li data-start=\"1125\" data-end=\"1218\">\n<p data-start=\"1127\" data-end=\"1218\">\ud83d\udccf <strong data-start=\"1130\" data-end=\"1150\">Gyors n\u00f6veked\u00e9s:<\/strong> Kedvez\u0151 k\u00f6r\u00fclm\u00e9nyek k\u00f6z\u00f6tt 2\u20133 m\u00e9teresre is megn\u0151 egy szezon alatt.<\/p>\n<\/li>\n<li data-start=\"1219\" data-end=\"1280\">\n<p data-start=\"1221\" data-end=\"1280\">\ud83e\udeb4 <strong data-start=\"1224\" data-end=\"1250\">Cser\u00e9pben is tarthat\u00f3:<\/strong> Ide\u00e1lis d\u00e9zs\u00e1s n\u00f6v\u00e9nyk\u00e9nt is.<\/p>\n<\/li>\n<li data-start=\"1281\" data-end=\"1345\">\n<p data-start=\"1283\" data-end=\"1345\">\ud83c\udf21\ufe0f <strong data-start=\"1287\" data-end=\"1304\">Nem fagyt\u0171r\u0151:<\/strong> Teleltet\u00e9st ig\u00e9nyel \u2013 fagymentes helyen.<\/p>\n<\/li>\n<\/ul>\n<h3>Az abesszin ban\u00e1n gondoz\u00e1sa:<\/h3>\n<p data-start=\"1375\" data-end=\"1387\">\u2600\ufe0f F\u00e9ny: Im\u00e1dja a <strong data-start=\"1397\" data-end=\"1422\">napos, vil\u00e1gos helyet<\/strong>, de melegebb ny\u00e1ri napokon f\u00e9l\u00e1rny\u00e9kban is tarthat\u00f3.<\/p>\n<p data-start=\"1477\" data-end=\"1492\">\ud83d\udca7 \u00d6nt\u00f6z\u00e9s: <strong data-start=\"1493\" data-end=\"1513\">B\u0151s\u00e9ges \u00f6nt\u00f6z\u00e9st<\/strong> ig\u00e9nyel, k\u00fcl\u00f6n\u00f6sen a ny\u00e1ri melegben. Fontos, hogy ne sz\u00e1radjon ki, de a pang\u00f3 vizet ker\u00fclni kell.<\/p>\n<p data-start=\"1613\" data-end=\"1629\">\ud83c\udf31 T\u00e1panyag: Tavaszt\u00f3l \u0151szig <strong data-start=\"1646\" data-end=\"1675\">k\u00e9thetente t\u00e1poldatozhat\u00f3<\/strong> magas nitrog\u00e9ntartalm\u00fa n\u00f6v\u00e9nyt\u00e1ppal.<\/p>\n<p data-start=\"1714\" data-end=\"1732\">\u2744\ufe0f Teleltet\u00e9s: Mivel <strong data-start=\"1739\" data-end=\"1754\">nem t\u00e9l\u00e1ll\u00f3<\/strong>, \u0151sszel be kell vinni <strong data-start=\"1777\" data-end=\"1807\">fagymentes, vil\u00e1gos helyre<\/strong>. A lombozat visszah\u00faz\u00f3dhat, ez term\u00e9szetes. Tavasszal \u00fajra kihajt.<\/p>\n<p data-start=\"1714\" data-end=\"1732\">\n<h4 data-start=\"1714\" data-end=\"1732\"><strong>A n\u00f6v\u00e9ny jelenlegi m\u00e9rete: 50-60 cm magas, 15 cm cser\u00e9pben.<\/strong><\/h4>\n<p>&nbsp;<\/p>\n<p><b>K\u00e9szlet\u00fcnk napi szinten v\u00e1ltozik, ez\u00e9rt k\u00e9rj\u00fck, \u00e9rdekl\u0151dj\u00f6n szem\u00e9lyesen, telefonon vagy email-en.<br \/>\nA v\u00e1ltoztat\u00e1s jog\u00e1t fenntartjuk!<\/b><b>\u00a0<\/b><\/p>\n<p><a href=\"https:\/\/tajkertesz.com\/\">https:\/\/tajkertesz.com\/<\/a><\/p>\n<p><a href=\"https:\/\/www.facebook.com\/tajkertesz\/\">https:\/\/www.facebook.com\/tajkertesz\/<\/a><\/p>\n<p>Kisz\u00e1ll\u00edt\u00e1s: 200cm-ig \u00e9s 40 kg-ig a sz\u00e1ll\u00edt\u00e1s fut\u00e1rszolg\u00e1lattal t\u00f6rt\u00e9nik.<\/p>\n<p>Szem\u00e9lyes \u00e1tv\u00e9tel nyitvatart\u00e1si id\u0151ben a 17. ker\u00fclet Bakancsos utca 7. sz\u00e1m alatti Kert\u00e9szeti \u00e1rud\u00e1nkban.<\/p>\n<p>Kert\u00e9p\u00edt\u0151k \u00e9s viszontelad\u00f3k regisztr\u00e1l\u00e1s ut\u00e1n egyedi kedvezm\u00e9nnyel v\u00e1s\u00e1rolhatnak kert\u00e9szeti kis-\u00e9s nagykeresked\u00e9s\u00fcnkben.<\/p>\n<p><strong>Az \u00e1rak egy darab term\u00e9kre vonatkoznak.<\/strong><\/p>\n<p><strong>J\u00f3 tudni!<\/strong><\/p>\n<p>K\u00e9pek-elt\u00e9r\u00e9sek:<\/p>\n<p>A n\u00f6v\u00e9nyekr\u0151l felt\u00f6lt\u00f6tt k\u00e9pek illusztr\u00e1ci\u00f3k. N\u00f6v\u00e9nyekn\u00e9l el\u0151fordulhatnak minim\u00e1lis elt\u00e9r\u00e9sek a k\u00e9peken szerepl\u0151 n\u00f6v\u00e9nyek \u00e9s az \u00e1tvett n\u00f6v\u00e9nyek k\u00f6z\u00f6tt, mivel minden n\u00f6v\u00e9ny egyedi.<\/p>\n<h4>N\u00f6v\u00e9nyek sz\u00e1ll\u00edt\u00e1sa:<\/h4>\n<p>A megrendelt n\u00f6v\u00e9nyeket igyeksz\u00fcnk a lehet\u0151 legbiztons\u00e1gosabban egyes\u00e9vel csomagolni, azonban a sz\u00e1ll\u00edt\u00e1s sor\u00e1n m\u00e9g ennek ellen\u00e9re is\u00a0bek\u00f6vetkezhetnek apr\u00f3bb s\u00e9r\u00fcl\u00e9sek (lev\u00e9l- vagy vir\u00e1ghull\u00e1s).<br \/>\nN\u00f6v\u00e9ny rendel\u00e9s eset\u00e9n k\u00e9rj\u00fck a k\u00e9zbes\u00edt\u00e9st k\u00f6vet\u0151en a lehet\u0151 leghamarabb bonts\u00e1k ki a csomagot.<\/p>\n<p>Abban az esetben, ha a megrendelt n\u00f6v\u00e9ny\u00a0a sz\u00e1ll\u00edt\u00e1st k\u00f6vet\u0151en\u00a0nem megfelel\u0151 gondoz\u00e1sban r\u00e9szes\u00fcl \u00e9s ebb\u0151l kifoly\u00f3lag\u00a0k\u00e1rosodik,\u00a0elpusztul, felel\u0151ss\u00e9get sajnos nem tudunk v\u00e1llalni.<\/p>\n<p>V\u00e1s\u00e1rl\u00e1st\u00f3l val\u00f3 el\u00e1ll\u00e1s \u00e9l\u0151 n\u00f6v\u00e9ny v\u00e1s\u00e1rl\u00e1sa eset\u00e9n:<\/p>\n<p>Az \u00e1ltal\u00e1nos 14 napos el\u00e1ll\u00e1s lehet\u0151s\u00e9ge \u00e9l\u0151 n\u00f6v\u00e9nyekre nem vonatkozik. V\u00e1s\u00e1rl\u00e1st\u00f3l val\u00f3 el\u00e1ll\u00e1sra, visszak\u00fcld\u00e9sre nincs lehet\u0151s\u00e9g.\u00a0(17\/1999. (II. 5.) Korm. rendelet 5c pontja)<\/p>\n<p><strong>K\u00e9rj\u00fck fentiek figyelembev\u00e9tel\u00e9t n\u00f6v\u00e9ny rendel\u00e9se sor\u00e1n!<\/strong><\/p>","protected":false},"excerpt":{"rendered":"<h4 data-start=\"1714\" data-end=\"1732\"><strong>A n\u00f6v\u00e9ny jelenlegi m\u00e9rete: 50-60 cm magas, 15 cm cser\u00e9pben.<\/strong><\/h4>\n<p><b>K\u00e9szlet\u00fcnk napi szinten v\u00e1ltozik, ez\u00e9rt k\u00e9rj\u00fck, \u00e9rdekl\u0151dj\u00f6n szem\u00e9lyesen, telefonon vagy email-en.<br \/>\nA v\u00e1ltoztat\u00e1s jog\u00e1t fenntartjuk!<\/b><b>\u00a0<\/b><\/p>\n<h4><span style=\"color: #ff0000;\"><strong>Sz\u00e1ll\u00edt\u00e1s fut\u00e1rszolg\u00e1lattal 200 cm-ig, \u00e9s 40 kg-ig lehets\u00e9ges. E felett szem\u00e9lyes \u00e1tv\u00e9tellel vagy egyeztetett sz\u00e1ll\u00edt\u00e1si felt\u00e9tellel lehet.<\/strong><\/span><\/h4>","protected":false},"featured_media":23640,"template":"","meta":{"_et_pb_use_builder":"","_et_pb_old_content":"","_et_gb_content_width":""},"product_brand":[],"product_cat":[517],"product_tag":[5823,5825,5824,5826],"class_list":{"0":"post-23639","1":"product","2":"type-product","3":"status-publish","4":"has-post-thumbnail","6":"product_cat-palmak-citrusok-es-mediterran-novenyek","7":"product_tag-diszbanan","8":"product_tag-ensete-ventricosum","9":"product_tag-musa-maurelli","10":"product_tag-voros-levelu-banan","12":"first","13":"instock","14":"shipping-taxable","15":"product-type-simple"},"yoast_head":"<!-- This site is optimized with the Yoast SEO plugin v27.5 - https:\/\/yoast.com\/product\/yoast-seo-wordpress\/ -->\n<title>Ensete ventricosum &#039;Maurelii&#039; - Abesszin ban\u00e1n - T\u00e1jkert\u00e9sz<\/title>\n<meta name=\"description\" content=\"Fedezd fel a Ensete ventricosum &#039;Maurelii&#039; - Abesszin ban\u00e1nt! K\u00fcl\u00f6nleges, gyors n\u00f6veked\u00e9s\u0171, tr\u00f3pusi hangulat\u00fa n\u00f6v\u00e9ny, ide\u00e1lis teraszra vagy kertbe.\" \/>\n<meta name=\"robots\" content=\"index, follow, max-snippet:-1, max-image-preview:large, max-video-preview:-1\" \/>\n<link rel=\"canonical\" href=\"https:\/\/tajkertesz.com\/en_US\/product\/ensete-ventricosum-maurelii-abesszin-banan\/\" \/>\n<meta property=\"og:locale\" content=\"en_US\" \/>\n<meta property=\"og:type\" content=\"article\" \/>\n<meta property=\"og:title\" content=\"Ensete ventricosum &#039;Maurelii&#039; - Abesszin ban\u00e1n - T\u00e1jkert\u00e9sz\" \/>\n<meta property=\"og:description\" content=\"Fedezd fel a Ensete ventricosum &#039;Maurelii&#039; - Abesszin ban\u00e1nt! K\u00fcl\u00f6nleges, gyors n\u00f6veked\u00e9s\u0171, tr\u00f3pusi hangulat\u00fa n\u00f6v\u00e9ny, ide\u00e1lis teraszra vagy kertbe.\" \/>\n<meta property=\"og:url\" content=\"https:\/\/tajkertesz.com\/en_US\/product\/ensete-ventricosum-maurelii-abesszin-banan\/\" \/>\n<meta property=\"og:site_name\" content=\"T\u00e1jkert\u00e9sz\" \/>\n<meta property=\"article:publisher\" content=\"https:\/\/www.facebook.com\/Tajkertesz\/\" \/>\n<meta property=\"article:modified_time\" content=\"2026-02-24T15:15:21+00:00\" \/>\n<meta property=\"og:image\" content=\"https:\/\/tajkertesz.com\/wp-content\/uploads\/2025\/06\/Ensete-ventricosum-Maurelii.jpg\" \/>\n\t<meta property=\"og:image:width\" content=\"1080\" \/>\n\t<meta property=\"og:image:height\" content=\"1080\" \/>\n\t<meta property=\"og:image:type\" content=\"image\/jpeg\" \/>\n<meta name=\"twitter:card\" content=\"summary_large_image\" \/>\n<meta name=\"twitter:label1\" content=\"Est. reading time\" \/>\n\t<meta name=\"twitter:data1\" content=\"3 minutes\" \/>\n<script type=\"application\/ld+json\" class=\"yoast-schema-graph\">{\"@context\":\"https:\\\/\\\/schema.org\",\"@graph\":[{\"@type\":\"WebPage\",\"@id\":\"https:\\\/\\\/tajkertesz.com\\\/termek\\\/ensete-ventricosum-maurelii-abesszin-banan\\\/\",\"url\":\"https:\\\/\\\/tajkertesz.com\\\/termek\\\/ensete-ventricosum-maurelii-abesszin-banan\\\/\",\"name\":\"Ensete ventricosum 'Maurelii' - Abesszin ban\u00e1n - T\u00e1jkert\u00e9sz\",\"isPartOf\":{\"@id\":\"https:\\\/\\\/tajkertesz.com\\\/#website\"},\"primaryImageOfPage\":{\"@id\":\"https:\\\/\\\/tajkertesz.com\\\/termek\\\/ensete-ventricosum-maurelii-abesszin-banan\\\/#primaryimage\"},\"image\":{\"@id\":\"https:\\\/\\\/tajkertesz.com\\\/termek\\\/ensete-ventricosum-maurelii-abesszin-banan\\\/#primaryimage\"},\"thumbnailUrl\":\"https:\\\/\\\/tajkertesz.com\\\/wp-content\\\/uploads\\\/2025\\\/06\\\/Ensete-ventricosum-Maurelii.jpg\",\"datePublished\":\"2025-06-04T08:28:13+00:00\",\"dateModified\":\"2026-02-24T15:15:21+00:00\",\"description\":\"Fedezd fel a Ensete ventricosum 'Maurelii' - Abesszin ban\u00e1nt! K\u00fcl\u00f6nleges, gyors n\u00f6veked\u00e9s\u0171, tr\u00f3pusi hangulat\u00fa n\u00f6v\u00e9ny, ide\u00e1lis teraszra vagy kertbe.\",\"breadcrumb\":{\"@id\":\"https:\\\/\\\/tajkertesz.com\\\/termek\\\/ensete-ventricosum-maurelii-abesszin-banan\\\/#breadcrumb\"},\"inLanguage\":\"en-US\",\"potentialAction\":[{\"@type\":\"ReadAction\",\"target\":[\"https:\\\/\\\/tajkertesz.com\\\/termek\\\/ensete-ventricosum-maurelii-abesszin-banan\\\/\"]}]},{\"@type\":\"ImageObject\",\"inLanguage\":\"en-US\",\"@id\":\"https:\\\/\\\/tajkertesz.com\\\/termek\\\/ensete-ventricosum-maurelii-abesszin-banan\\\/#primaryimage\",\"url\":\"https:\\\/\\\/tajkertesz.com\\\/wp-content\\\/uploads\\\/2025\\\/06\\\/Ensete-ventricosum-Maurelii.jpg\",\"contentUrl\":\"https:\\\/\\\/tajkertesz.com\\\/wp-content\\\/uploads\\\/2025\\\/06\\\/Ensete-ventricosum-Maurelii.jpg\",\"width\":1080,\"height\":1080,\"caption\":\"Ensete ventricosum 'Maurelii' - Abesszin ban\u00e1n\"},{\"@type\":\"BreadcrumbList\",\"@id\":\"https:\\\/\\\/tajkertesz.com\\\/termek\\\/ensete-ventricosum-maurelii-abesszin-banan\\\/#breadcrumb\",\"itemListElement\":[{\"@type\":\"ListItem\",\"position\":1,\"name\":\"Home\",\"item\":\"https:\\\/\\\/tajkertesz.com\\\/\"},{\"@type\":\"ListItem\",\"position\":2,\"name\":\"Kezd\u0151lap\",\"item\":\"https:\\\/\\\/tajkertesz.com\\\/\"},{\"@type\":\"ListItem\",\"position\":3,\"name\":\"Ensete ventricosum &#8216;Maurelii&#8217; &#8211; Abesszin ban\u00e1n\"}]},{\"@type\":\"WebSite\",\"@id\":\"https:\\\/\\\/tajkertesz.com\\\/#website\",\"url\":\"https:\\\/\\\/tajkertesz.com\\\/\",\"name\":\"T\u00e1j-Kert\u00e9sz 84 Kft.\",\"description\":\"Kert\u00e9szeti kis- \u00e9s nagykeresked\u00e9s, D\u00edszn\u00f6v\u00e9ny web\u00e1ruh\u00e1z orsz\u00e1gos h\u00e1zhozsz\u00e1ll\u00edt\u00e1ssal!\",\"publisher\":{\"@id\":\"https:\\\/\\\/tajkertesz.com\\\/#organization\"},\"potentialAction\":[{\"@type\":\"SearchAction\",\"target\":{\"@type\":\"EntryPoint\",\"urlTemplate\":\"https:\\\/\\\/tajkertesz.com\\\/?s={search_term_string}\"},\"query-input\":{\"@type\":\"PropertyValueSpecification\",\"valueRequired\":true,\"valueName\":\"search_term_string\"}}],\"inLanguage\":\"en-US\"},{\"@type\":\"Organization\",\"@id\":\"https:\\\/\\\/tajkertesz.com\\\/#organization\",\"name\":\"T\u00e1j-Kert\u00e9sz 84 Kft.\",\"url\":\"https:\\\/\\\/tajkertesz.com\\\/\",\"logo\":{\"@type\":\"ImageObject\",\"inLanguage\":\"en-US\",\"@id\":\"https:\\\/\\\/tajkertesz.com\\\/#\\\/schema\\\/logo\\\/image\\\/\",\"url\":\"https:\\\/\\\/tajkertesz.com\\\/wp-content\\\/uploads\\\/2018\\\/02\\\/logo-2-e1518678052539.png\",\"contentUrl\":\"https:\\\/\\\/tajkertesz.com\\\/wp-content\\\/uploads\\\/2018\\\/02\\\/logo-2-e1518678052539.png\",\"width\":81,\"height\":140,\"caption\":\"T\u00e1j-Kert\u00e9sz 84 Kft.\"},\"image\":{\"@id\":\"https:\\\/\\\/tajkertesz.com\\\/#\\\/schema\\\/logo\\\/image\\\/\"},\"sameAs\":[\"https:\\\/\\\/www.facebook.com\\\/Tajkertesz\\\/\"]}]}<\/script>\n<!-- \/ Yoast SEO plugin. -->","yoast_head_json":{"title":"Ensete ventricosum 'Maurelii' - Abesszin ban\u00e1n - T\u00e1jkert\u00e9sz","description":"Fedezd fel a Ensete ventricosum 'Maurelii' - Abesszin ban\u00e1nt! K\u00fcl\u00f6nleges, gyors n\u00f6veked\u00e9s\u0171, tr\u00f3pusi hangulat\u00fa n\u00f6v\u00e9ny, ide\u00e1lis teraszra vagy kertbe.","robots":{"index":"index","follow":"follow","max-snippet":"max-snippet:-1","max-image-preview":"max-image-preview:large","max-video-preview":"max-video-preview:-1"},"canonical":"https:\/\/tajkertesz.com\/en_US\/product\/ensete-ventricosum-maurelii-abesszin-banan\/","og_locale":"en_US","og_type":"article","og_title":"Ensete ventricosum 'Maurelii' - Abesszin ban\u00e1n - T\u00e1jkert\u00e9sz","og_description":"Fedezd fel a Ensete ventricosum 'Maurelii' - Abesszin ban\u00e1nt! K\u00fcl\u00f6nleges, gyors n\u00f6veked\u00e9s\u0171, tr\u00f3pusi hangulat\u00fa n\u00f6v\u00e9ny, ide\u00e1lis teraszra vagy kertbe.","og_url":"https:\/\/tajkertesz.com\/en_US\/product\/ensete-ventricosum-maurelii-abesszin-banan\/","og_site_name":"T\u00e1jkert\u00e9sz","article_publisher":"https:\/\/www.facebook.com\/Tajkertesz\/","article_modified_time":"2026-02-24T15:15:21+00:00","og_image":[{"width":1080,"height":1080,"url":"https:\/\/tajkertesz.com\/wp-content\/uploads\/2025\/06\/Ensete-ventricosum-Maurelii.jpg","type":"image\/jpeg"}],"twitter_card":"summary_large_image","twitter_misc":{"Est. reading time":"3 minutes"},"schema":{"@context":"https:\/\/schema.org","@graph":[{"@type":"WebPage","@id":"https:\/\/tajkertesz.com\/termek\/ensete-ventricosum-maurelii-abesszin-banan\/","url":"https:\/\/tajkertesz.com\/termek\/ensete-ventricosum-maurelii-abesszin-banan\/","name":"Ensete ventricosum 'Maurelii' - Abesszin ban\u00e1n - T\u00e1jkert\u00e9sz","isPartOf":{"@id":"https:\/\/tajkertesz.com\/#website"},"primaryImageOfPage":{"@id":"https:\/\/tajkertesz.com\/termek\/ensete-ventricosum-maurelii-abesszin-banan\/#primaryimage"},"image":{"@id":"https:\/\/tajkertesz.com\/termek\/ensete-ventricosum-maurelii-abesszin-banan\/#primaryimage"},"thumbnailUrl":"https:\/\/tajkertesz.com\/wp-content\/uploads\/2025\/06\/Ensete-ventricosum-Maurelii.jpg","datePublished":"2025-06-04T08:28:13+00:00","dateModified":"2026-02-24T15:15:21+00:00","description":"Fedezd fel a Ensete ventricosum 'Maurelii' - Abesszin ban\u00e1nt! K\u00fcl\u00f6nleges, gyors n\u00f6veked\u00e9s\u0171, tr\u00f3pusi hangulat\u00fa n\u00f6v\u00e9ny, ide\u00e1lis teraszra vagy kertbe.","breadcrumb":{"@id":"https:\/\/tajkertesz.com\/termek\/ensete-ventricosum-maurelii-abesszin-banan\/#breadcrumb"},"inLanguage":"en-US","potentialAction":[{"@type":"ReadAction","target":["https:\/\/tajkertesz.com\/termek\/ensete-ventricosum-maurelii-abesszin-banan\/"]}]},{"@type":"ImageObject","inLanguage":"en-US","@id":"https:\/\/tajkertesz.com\/termek\/ensete-ventricosum-maurelii-abesszin-banan\/#primaryimage","url":"https:\/\/tajkertesz.com\/wp-content\/uploads\/2025\/06\/Ensete-ventricosum-Maurelii.jpg","contentUrl":"https:\/\/tajkertesz.com\/wp-content\/uploads\/2025\/06\/Ensete-ventricosum-Maurelii.jpg","width":1080,"height":1080,"caption":"Ensete ventricosum 'Maurelii' - Abesszin ban\u00e1n"},{"@type":"BreadcrumbList","@id":"https:\/\/tajkertesz.com\/termek\/ensete-ventricosum-maurelii-abesszin-banan\/#breadcrumb","itemListElement":[{"@type":"ListItem","position":1,"name":"Home","item":"https:\/\/tajkertesz.com\/"},{"@type":"ListItem","position":2,"name":"Kezd\u0151lap","item":"https:\/\/tajkertesz.com\/"},{"@type":"ListItem","position":3,"name":"Ensete ventricosum &#8216;Maurelii&#8217; &#8211; Abesszin ban\u00e1n"}]},{"@type":"WebSite","@id":"https:\/\/tajkertesz.com\/#website","url":"https:\/\/tajkertesz.com\/","name":"T\u00e1j-Kert\u00e9sz 84 Kft.","description":"Kert\u00e9szeti kis- \u00e9s nagykeresked\u00e9s, D\u00edszn\u00f6v\u00e9ny web\u00e1ruh\u00e1z orsz\u00e1gos h\u00e1zhozsz\u00e1ll\u00edt\u00e1ssal!","publisher":{"@id":"https:\/\/tajkertesz.com\/#organization"},"potentialAction":[{"@type":"SearchAction","target":{"@type":"EntryPoint","urlTemplate":"https:\/\/tajkertesz.com\/?s={search_term_string}"},"query-input":{"@type":"PropertyValueSpecification","valueRequired":true,"valueName":"search_term_string"}}],"inLanguage":"en-US"},{"@type":"Organization","@id":"https:\/\/tajkertesz.com\/#organization","name":"T\u00e1j-Kert\u00e9sz 84 Kft.","url":"https:\/\/tajkertesz.com\/","logo":{"@type":"ImageObject","inLanguage":"en-US","@id":"https:\/\/tajkertesz.com\/#\/schema\/logo\/image\/","url":"https:\/\/tajkertesz.com\/wp-content\/uploads\/2018\/02\/logo-2-e1518678052539.png","contentUrl":"https:\/\/tajkertesz.com\/wp-content\/uploads\/2018\/02\/logo-2-e1518678052539.png","width":81,"height":140,"caption":"T\u00e1j-Kert\u00e9sz 84 Kft."},"image":{"@id":"https:\/\/tajkertesz.com\/#\/schema\/logo\/image\/"},"sameAs":["https:\/\/www.facebook.com\/Tajkertesz\/"]}]}},"_links":{"self":[{"href":"https:\/\/tajkertesz.com\/en_US\/wp-json\/wp\/v2\/product\/23639","targetHints":{"allow":["GET"]}}],"collection":[{"href":"https:\/\/tajkertesz.com\/en_US\/wp-json\/wp\/v2\/product"}],"about":[{"href":"https:\/\/tajkertesz.com\/en_US\/wp-json\/wp\/v2\/types\/product"}],"wp:featuredmedia":[{"embeddable":true,"href":"https:\/\/tajkertesz.com\/en_US\/wp-json\/wp\/v2\/media\/23640"}],"wp:attachment":[{"href":"https:\/\/tajkertesz.com\/en_US\/wp-json\/wp\/v2\/media?parent=23639"}],"wp:term":[{"taxonomy":"product_brand","embeddable":true,"href":"https:\/\/tajkertesz.com\/en_US\/wp-json\/wp\/v2\/product_brand?post=23639"},{"taxonomy":"product_cat","embeddable":true,"href":"https:\/\/tajkertesz.com\/en_US\/wp-json\/wp\/v2\/product_cat?post=23639"},{"taxonomy":"product_tag","embeddable":true,"href":"https:\/\/tajkertesz.com\/en_US\/wp-json\/wp\/v2\/product_tag?post=23639"}],"curies":[{"name":"wp","href":"https:\/\/api.w.org\/{rel}","templated":true}]}}