{"id":23643,"date":"2025-06-04T09:25:30","date_gmt":"2025-06-04T09:25:30","guid":{"rendered":"https:\/\/tajkertesz.com\/?post_type=product&#038;p=23643"},"modified":"2025-09-16T12:19:37","modified_gmt":"2025-09-16T12:19:37","slug":"musa-sikkimensis-ever-red-fagyturo-voros-levelu-diszbanan","status":"publish","type":"product","link":"https:\/\/tajkertesz.com\/en_US\/product\/musa-sikkimensis-ever-red-fagyturo-voros-levelu-diszbanan\/","title":{"rendered":"Musa sikkimensis &#8216;Ever Red&#8217; &#8211; T\u00e9l\u00e1ll\u00f3 ban\u00e1n"},"content":{"rendered":"<h1>Musa sikkimensis &#8216;Ever Red&#8217; &#8211; T\u00e9l\u00e1ll\u00f3 ban\u00e1n<\/h1>\n<p data-start=\"664\" data-end=\"965\">A Musa sikkimensis &#8216;Ever Red&#8217; &#8211; T\u00e9l\u00e1ll\u00f3 ban\u00e1n\u00a0egy Indi\u00e1b\u00f3l sz\u00e1rmaz\u00f3 d\u00edszban\u00e1n fajta, amely a <strong data-start=\"743\" data-end=\"780\">k\u00fcl\u00f6nlegesen sz\u00ednezett leveleivel<\/strong> \u00e9s <strong data-start=\"784\" data-end=\"805\">j\u00f3 hidegt\u0171r\u00e9s\u00e9vel<\/strong> h\u00f3d\u00edt. A levelek fon\u00e1kja \u00e9s sz\u00e1rny\u00e9llel fut\u00f3 erezete <strong data-start=\"859\" data-end=\"872\">m\u00e9lyv\u00f6r\u00f6s<\/strong>, a fels\u0151 lev\u00e9lfel\u00fclet pedig gyakran enyh\u00e9n bronzos \u00e1rnyalat\u00fa \u2013 leny\u0171g\u00f6z\u0151 l\u00e1tv\u00e1ny napf\u00e9nyben!<\/p>\n<p data-start=\"967\" data-end=\"1073\">Ez a fajta nemcsak l\u00e1tv\u00e1nyos, hanem <strong data-start=\"1003\" data-end=\"1029\">meglep\u0151en ellen\u00e1ll\u00f3 is<\/strong>, \u00edgy b\u00e1tran nevelhet\u0151 a hazai kertekben is.<\/p>\n<h2>Musa sikkimensis &#8216;Ever Red&#8217; jellemz\u0151i<\/h2>\n<ul>\n<li data-start=\"1108\" data-end=\"1186\">\n<p data-start=\"1110\" data-end=\"1186\">\ud83c\udf42 <strong data-start=\"1113\" data-end=\"1131\">Levelek sz\u00edne:<\/strong> z\u00f6ldes-bronzos fel\u00fclet, bord\u00f3 fon\u00e1k \u2013 igazi egzotikum!<\/p>\n<\/li>\n<li data-start=\"1187\" data-end=\"1257\">\n<p data-start=\"1189\" data-end=\"1257\">\u2744\ufe0f <strong data-start=\"1192\" data-end=\"1206\">Fagyt\u0171r\u00e9s:<\/strong> -5 \u00b0C k\u00f6r\u00fclig b\u00edrja, gy\u00f6k\u00e9rr\u0151l \u00fajrahajt, ha v\u00e9dj\u00fck<\/p>\n<\/li>\n<li data-start=\"1258\" data-end=\"1350\">\n<p data-start=\"1260\" data-end=\"1350\">\ud83c\udf3f <strong data-start=\"1263\" data-end=\"1283\">Gyors n\u00f6veked\u00e9s:<\/strong> ide\u00e1lis k\u00f6r\u00fclm\u00e9nyek k\u00f6z\u00f6tt egy szezon alatt 2\u20133 m magasra is megn\u0151<\/p>\n<\/li>\n<li data-start=\"1351\" data-end=\"1395\">\n<p data-start=\"1353\" data-end=\"1395\">\ud83e\udeb4 <strong data-start=\"1356\" data-end=\"1395\">Tarthat\u00f3 d\u00e9zs\u00e1ban vagy szabadf\u00f6ld\u00f6n<\/strong><\/p>\n<\/li>\n<li data-start=\"1396\" data-end=\"1432\">\n<p data-start=\"1398\" data-end=\"1432\">\ud83c\udf1e <strong data-start=\"1401\" data-end=\"1432\">Napos, meleg fekv\u00e9st kedvel<\/strong><\/p>\n<\/li>\n<\/ul>\n<h2>Musa sikkimensis gondoz\u00e1sa<\/h2>\n<p data-start=\"1462\" data-end=\"1489\">\ud83c\udfe1 Helyig\u00e9ny \u00e9s \u00fcltet\u00e9s: Szabadf\u00f6ldbe \u00fcltetve v\u00e1lassz napos, sz\u00e9lv\u00e9dett helyet. J\u00f3l \u00e9rzi mag\u00e1t <strong data-start=\"1560\" data-end=\"1608\">t\u00e1panyagban gazdag, j\u00f3 v\u00edz\u00e1tereszt\u0151 talajban<\/strong>.<\/p>\n<p data-start=\"1611\" data-end=\"1625\">\ud83d\udca6 \u00d6nt\u00f6z\u00e9s: <strong data-start=\"1626\" data-end=\"1649\">Rendszeres \u00f6nt\u00f6z\u00e9st<\/strong> ig\u00e9nyel \u2013 f\u0151leg ny\u00e1ron. A levelek permetez\u00e9se is j\u00f3t\u00e9kony hat\u00e1s\u00fa.<\/p>\n<p data-start=\"1717\" data-end=\"1736\">\ud83c\udf31 T\u00e1poldatoz\u00e1s: Tavaszt\u00f3l k\u00e9s\u0151 ny\u00e1rig <strong data-start=\"1759\" data-end=\"1773\">k\u00e9thetente<\/strong> \u00e9rdemes t\u00e1poldatozni \u2013 ban\u00e1noknak val\u00f3 lombtr\u00e1gy\u00e1val.<\/p>\n<p data-start=\"1829\" data-end=\"1847\">\ud83d\udee1\ufe0f Teleltet\u00e9s: Fagyt\u0171r\u0151, de v\u00e9delem aj\u00e1nlott: <strong data-start=\"1879\" data-end=\"1936\">a gy\u00f6k\u00e9rz\u00f3n\u00e1t takard szalm\u00e1val, avarral vagy mulccsal<\/strong>. Cser\u00e9pben tartva <strong data-start=\"1955\" data-end=\"1989\">fagymentes helyen teleltetend\u0151<\/strong>.<\/p>\n<h4 data-start=\"1829\" data-end=\"1847\"><strong>A n\u00f6v\u00e9ny jelenlegi m\u00e9rete: 50-60 cm magas, 15 cm-es cser\u00e9pben.<\/strong><\/h4>\n<p><b>K\u00e9szlet\u00fcnk napi szinten v\u00e1ltozik, ez\u00e9rt k\u00e9rj\u00fck, \u00e9rdekl\u0151dj\u00f6n szem\u00e9lyesen, telefonon vagy email-en.<br \/>\nA v\u00e1ltoztat\u00e1s jog\u00e1t fenntartjuk!<\/b><b>\u00a0<\/b><\/p>\n<p><a href=\"https:\/\/tajkertesz.com\/\">https:\/\/tajkertesz.com\/<\/a><\/p>\n<p><a href=\"https:\/\/www.facebook.com\/tajkertesz\/\">https:\/\/www.facebook.com\/tajkertesz\/<\/a><\/p>\n<p>Kisz\u00e1ll\u00edt\u00e1s: 200cm-ig \u00e9s 40 kg-ig a sz\u00e1ll\u00edt\u00e1s fut\u00e1rszolg\u00e1lattal t\u00f6rt\u00e9nik.<\/p>\n<p>Szem\u00e9lyes \u00e1tv\u00e9tel nyitvatart\u00e1si id\u0151ben a 17. ker\u00fclet Bakancsos utca 7. sz\u00e1m alatti Kert\u00e9szeti \u00e1rud\u00e1nkban.<\/p>\n<p>Kert\u00e9p\u00edt\u0151k \u00e9s viszontelad\u00f3k regisztr\u00e1l\u00e1s ut\u00e1n egyedi kedvezm\u00e9nnyel v\u00e1s\u00e1rolhatnak kert\u00e9szeti kis-\u00e9s nagykeresked\u00e9s\u00fcnkben.<\/p>\n<p><strong>Az \u00e1rak egy darab term\u00e9kre vonatkoznak.<\/strong><\/p>\n<p><strong>J\u00f3 tudni!<\/strong><\/p>\n<p>K\u00e9pek-elt\u00e9r\u00e9sek:<\/p>\n<p>A n\u00f6v\u00e9nyekr\u0151l felt\u00f6lt\u00f6tt k\u00e9pek illusztr\u00e1ci\u00f3k. N\u00f6v\u00e9nyekn\u00e9l el\u0151fordulhatnak minim\u00e1lis elt\u00e9r\u00e9sek a k\u00e9peken szerepl\u0151 n\u00f6v\u00e9nyek \u00e9s az \u00e1tvett n\u00f6v\u00e9nyek k\u00f6z\u00f6tt, mivel minden n\u00f6v\u00e9ny egyedi.<\/p>\n<h4>N\u00f6v\u00e9nyek sz\u00e1ll\u00edt\u00e1sa:<\/h4>\n<p>A megrendelt n\u00f6v\u00e9nyeket igyeksz\u00fcnk a lehet\u0151 legbiztons\u00e1gosabban egyes\u00e9vel csomagolni, azonban a sz\u00e1ll\u00edt\u00e1s sor\u00e1n m\u00e9g ennek ellen\u00e9re is\u00a0bek\u00f6vetkezhetnek apr\u00f3bb s\u00e9r\u00fcl\u00e9sek (lev\u00e9l- vagy vir\u00e1ghull\u00e1s).<br \/>\nN\u00f6v\u00e9ny rendel\u00e9s eset\u00e9n k\u00e9rj\u00fck a k\u00e9zbes\u00edt\u00e9st k\u00f6vet\u0151en a lehet\u0151 leghamarabb bonts\u00e1k ki a csomagot.<\/p>\n<p>Abban az esetben, ha a megrendelt n\u00f6v\u00e9ny\u00a0a sz\u00e1ll\u00edt\u00e1st k\u00f6vet\u0151en\u00a0nem megfelel\u0151 gondoz\u00e1sban r\u00e9szes\u00fcl \u00e9s ebb\u0151l kifoly\u00f3lag\u00a0k\u00e1rosodik,\u00a0elpusztul, felel\u0151ss\u00e9get sajnos nem tudunk v\u00e1llalni.<\/p>\n<p>V\u00e1s\u00e1rl\u00e1st\u00f3l val\u00f3 el\u00e1ll\u00e1s \u00e9l\u0151 n\u00f6v\u00e9ny v\u00e1s\u00e1rl\u00e1sa eset\u00e9n:<\/p>\n<p>Az \u00e1ltal\u00e1nos 14 napos el\u00e1ll\u00e1s lehet\u0151s\u00e9ge \u00e9l\u0151 n\u00f6v\u00e9nyekre nem vonatkozik. V\u00e1s\u00e1rl\u00e1st\u00f3l val\u00f3 el\u00e1ll\u00e1sra, visszak\u00fcld\u00e9sre nincs lehet\u0151s\u00e9g.\u00a0(17\/1999. (II. 5.) Korm. rendelet 5c pontja)<\/p>\n<p><strong>K\u00e9rj\u00fck fentiek figyelembev\u00e9tel\u00e9t n\u00f6v\u00e9ny rendel\u00e9se sor\u00e1n!<\/strong><\/p>","protected":false},"excerpt":{"rendered":"<h4 data-start=\"1829\" data-end=\"1847\"><strong>A n\u00f6v\u00e9ny jelenlegi m\u00e9rete: 50-60 cm magas, 15 cm-es cser\u00e9pben.<\/strong><\/h4>\n<p><b>K\u00e9szlet\u00fcnk napi szinten v\u00e1ltozik, ez\u00e9rt k\u00e9rj\u00fck, \u00e9rdekl\u0151dj\u00f6n szem\u00e9lyesen, telefonon vagy email-en.<br \/>\nA v\u00e1ltoztat\u00e1s jog\u00e1t fenntartjuk!<\/b><b>\u00a0<\/b><\/p>\n<p><span style=\"color: #ff0000;\"><strong>Sz\u00e1ll\u00edt\u00e1s fut\u00e1rszolg\u00e1lattal 200 cm-ig, \u00e9s 40 kg-ig lehets\u00e9ges. E felett szem\u00e9lyes \u00e1tv\u00e9tellel vagy egyeztetett sz\u00e1ll\u00edt\u00e1si felt\u00e9tellel lehet.<\/strong><\/span><\/p>","protected":false},"featured_media":23644,"template":"","meta":{"_et_pb_use_builder":"","_et_pb_old_content":"","_et_gb_content_width":""},"product_brand":[],"product_cat":[517],"product_tag":[5821,5827,5828,5077,5829],"class_list":{"0":"post-23643","1":"product","2":"type-product","3":"status-publish","4":"has-post-thumbnail","6":"product_cat-palmak-citrusok-es-mediterran-novenyek","7":"product_tag-fagyturo-banan","8":"product_tag-musa-sikkimensis","9":"product_tag-musa-sikkimensis-ever-red","10":"product_tag-telallo-banan","11":"product_tag-voros-bananfa","13":"first","14":"outofstock","15":"shipping-taxable","16":"product-type-simple"},"yoast_head":"<!-- This site is optimized with the Yoast SEO plugin v27.4 - https:\/\/yoast.com\/product\/yoast-seo-wordpress\/ -->\n<title>Musa sikkimensis &#039;Ever Red&#039; - T\u00e9l\u00e1ll\u00f3 ban\u00e1n - T\u00e1jkert\u00e9sz<\/title>\n<meta name=\"description\" content=\"A Musa sikkimensis &#039;Ever Red&#039; - T\u00e9l\u00e1ll\u00f3 ban\u00e1n k\u00fcl\u00f6nleges, v\u00f6r\u00f6s level\u0171, fagyt\u0171r\u0151 d\u00edszban\u00e1n. Tr\u00f3pusi hat\u00e1s\u00fa, gyorsan n\u00f6v\u0151 n\u00f6v\u00e9ny \u2013 ide\u00e1lis kertbe, teraszra.\" \/>\n<meta name=\"robots\" content=\"index, follow, max-snippet:-1, max-image-preview:large, max-video-preview:-1\" \/>\n<link rel=\"canonical\" href=\"https:\/\/tajkertesz.com\/en_US\/product\/musa-sikkimensis-ever-red-fagyturo-voros-levelu-diszbanan\/\" \/>\n<meta property=\"og:locale\" content=\"en_US\" \/>\n<meta property=\"og:type\" content=\"article\" \/>\n<meta property=\"og:title\" content=\"Musa sikkimensis &#039;Ever Red&#039; - T\u00e9l\u00e1ll\u00f3 ban\u00e1n - T\u00e1jkert\u00e9sz\" \/>\n<meta property=\"og:description\" content=\"A Musa sikkimensis &#039;Ever Red&#039; - T\u00e9l\u00e1ll\u00f3 ban\u00e1n k\u00fcl\u00f6nleges, v\u00f6r\u00f6s level\u0171, fagyt\u0171r\u0151 d\u00edszban\u00e1n. Tr\u00f3pusi hat\u00e1s\u00fa, gyorsan n\u00f6v\u0151 n\u00f6v\u00e9ny \u2013 ide\u00e1lis kertbe, teraszra.\" \/>\n<meta property=\"og:url\" content=\"https:\/\/tajkertesz.com\/en_US\/product\/musa-sikkimensis-ever-red-fagyturo-voros-levelu-diszbanan\/\" \/>\n<meta property=\"og:site_name\" content=\"T\u00e1jkert\u00e9sz\" \/>\n<meta property=\"article:publisher\" content=\"https:\/\/www.facebook.com\/Tajkertesz\/\" \/>\n<meta property=\"article:modified_time\" content=\"2025-09-16T12:19:37+00:00\" \/>\n<meta property=\"og:image\" content=\"https:\/\/tajkertesz.com\/wp-content\/uploads\/2025\/06\/20250604_110334-scaled.jpg\" \/>\n\t<meta property=\"og:image:width\" content=\"1920\" \/>\n\t<meta property=\"og:image:height\" content=\"2560\" \/>\n\t<meta property=\"og:image:type\" content=\"image\/jpeg\" \/>\n<meta name=\"twitter:card\" content=\"summary_large_image\" \/>\n<meta name=\"twitter:label1\" content=\"Est. reading time\" \/>\n\t<meta name=\"twitter:data1\" content=\"3 minutes\" \/>\n<script type=\"application\/ld+json\" class=\"yoast-schema-graph\">{\"@context\":\"https:\\\/\\\/schema.org\",\"@graph\":[{\"@type\":\"WebPage\",\"@id\":\"https:\\\/\\\/tajkertesz.com\\\/termek\\\/musa-sikkimensis-ever-red-fagyturo-voros-levelu-diszbanan\\\/\",\"url\":\"https:\\\/\\\/tajkertesz.com\\\/termek\\\/musa-sikkimensis-ever-red-fagyturo-voros-levelu-diszbanan\\\/\",\"name\":\"Musa sikkimensis 'Ever Red' - T\u00e9l\u00e1ll\u00f3 ban\u00e1n - T\u00e1jkert\u00e9sz\",\"isPartOf\":{\"@id\":\"https:\\\/\\\/tajkertesz.com\\\/#website\"},\"primaryImageOfPage\":{\"@id\":\"https:\\\/\\\/tajkertesz.com\\\/termek\\\/musa-sikkimensis-ever-red-fagyturo-voros-levelu-diszbanan\\\/#primaryimage\"},\"image\":{\"@id\":\"https:\\\/\\\/tajkertesz.com\\\/termek\\\/musa-sikkimensis-ever-red-fagyturo-voros-levelu-diszbanan\\\/#primaryimage\"},\"thumbnailUrl\":\"https:\\\/\\\/tajkertesz.com\\\/wp-content\\\/uploads\\\/2025\\\/06\\\/20250604_110334-scaled.jpg\",\"datePublished\":\"2025-06-04T09:25:30+00:00\",\"dateModified\":\"2025-09-16T12:19:37+00:00\",\"description\":\"A Musa sikkimensis 'Ever Red' - T\u00e9l\u00e1ll\u00f3 ban\u00e1n k\u00fcl\u00f6nleges, v\u00f6r\u00f6s level\u0171, fagyt\u0171r\u0151 d\u00edszban\u00e1n. Tr\u00f3pusi hat\u00e1s\u00fa, gyorsan n\u00f6v\u0151 n\u00f6v\u00e9ny \u2013 ide\u00e1lis kertbe, teraszra.\",\"breadcrumb\":{\"@id\":\"https:\\\/\\\/tajkertesz.com\\\/termek\\\/musa-sikkimensis-ever-red-fagyturo-voros-levelu-diszbanan\\\/#breadcrumb\"},\"inLanguage\":\"en-US\",\"potentialAction\":[{\"@type\":\"ReadAction\",\"target\":[\"https:\\\/\\\/tajkertesz.com\\\/termek\\\/musa-sikkimensis-ever-red-fagyturo-voros-levelu-diszbanan\\\/\"]}]},{\"@type\":\"ImageObject\",\"inLanguage\":\"en-US\",\"@id\":\"https:\\\/\\\/tajkertesz.com\\\/termek\\\/musa-sikkimensis-ever-red-fagyturo-voros-levelu-diszbanan\\\/#primaryimage\",\"url\":\"https:\\\/\\\/tajkertesz.com\\\/wp-content\\\/uploads\\\/2025\\\/06\\\/20250604_110334-scaled.jpg\",\"contentUrl\":\"https:\\\/\\\/tajkertesz.com\\\/wp-content\\\/uploads\\\/2025\\\/06\\\/20250604_110334-scaled.jpg\",\"width\":1920,\"height\":2560,\"caption\":\"Musa sikkimensis 'Ever Red' - T\u00e9l\u00e1ll\u00f3 ban\u00e1n\"},{\"@type\":\"BreadcrumbList\",\"@id\":\"https:\\\/\\\/tajkertesz.com\\\/termek\\\/musa-sikkimensis-ever-red-fagyturo-voros-levelu-diszbanan\\\/#breadcrumb\",\"itemListElement\":[{\"@type\":\"ListItem\",\"position\":1,\"name\":\"Home\",\"item\":\"https:\\\/\\\/tajkertesz.com\\\/\"},{\"@type\":\"ListItem\",\"position\":2,\"name\":\"Kezd\u0151lap\",\"item\":\"https:\\\/\\\/tajkertesz.com\\\/\"},{\"@type\":\"ListItem\",\"position\":3,\"name\":\"Musa sikkimensis &#8216;Ever Red&#8217; &#8211; T\u00e9l\u00e1ll\u00f3 ban\u00e1n\"}]},{\"@type\":\"WebSite\",\"@id\":\"https:\\\/\\\/tajkertesz.com\\\/#website\",\"url\":\"https:\\\/\\\/tajkertesz.com\\\/\",\"name\":\"T\u00e1j-Kert\u00e9sz 84 Kft.\",\"description\":\"Kert\u00e9szeti kis- \u00e9s nagykeresked\u00e9s, D\u00edszn\u00f6v\u00e9ny web\u00e1ruh\u00e1z orsz\u00e1gos h\u00e1zhozsz\u00e1ll\u00edt\u00e1ssal!\",\"publisher\":{\"@id\":\"https:\\\/\\\/tajkertesz.com\\\/#organization\"},\"potentialAction\":[{\"@type\":\"SearchAction\",\"target\":{\"@type\":\"EntryPoint\",\"urlTemplate\":\"https:\\\/\\\/tajkertesz.com\\\/?s={search_term_string}\"},\"query-input\":{\"@type\":\"PropertyValueSpecification\",\"valueRequired\":true,\"valueName\":\"search_term_string\"}}],\"inLanguage\":\"en-US\"},{\"@type\":\"Organization\",\"@id\":\"https:\\\/\\\/tajkertesz.com\\\/#organization\",\"name\":\"T\u00e1j-Kert\u00e9sz 84 Kft.\",\"url\":\"https:\\\/\\\/tajkertesz.com\\\/\",\"logo\":{\"@type\":\"ImageObject\",\"inLanguage\":\"en-US\",\"@id\":\"https:\\\/\\\/tajkertesz.com\\\/#\\\/schema\\\/logo\\\/image\\\/\",\"url\":\"https:\\\/\\\/tajkertesz.com\\\/wp-content\\\/uploads\\\/2018\\\/02\\\/logo-2-e1518678052539.png\",\"contentUrl\":\"https:\\\/\\\/tajkertesz.com\\\/wp-content\\\/uploads\\\/2018\\\/02\\\/logo-2-e1518678052539.png\",\"width\":81,\"height\":140,\"caption\":\"T\u00e1j-Kert\u00e9sz 84 Kft.\"},\"image\":{\"@id\":\"https:\\\/\\\/tajkertesz.com\\\/#\\\/schema\\\/logo\\\/image\\\/\"},\"sameAs\":[\"https:\\\/\\\/www.facebook.com\\\/Tajkertesz\\\/\"]}]}<\/script>\n<!-- \/ Yoast SEO plugin. -->","yoast_head_json":{"title":"Musa sikkimensis 'Ever Red' - T\u00e9l\u00e1ll\u00f3 ban\u00e1n - T\u00e1jkert\u00e9sz","description":"A Musa sikkimensis 'Ever Red' - T\u00e9l\u00e1ll\u00f3 ban\u00e1n k\u00fcl\u00f6nleges, v\u00f6r\u00f6s level\u0171, fagyt\u0171r\u0151 d\u00edszban\u00e1n. Tr\u00f3pusi hat\u00e1s\u00fa, gyorsan n\u00f6v\u0151 n\u00f6v\u00e9ny \u2013 ide\u00e1lis kertbe, teraszra.","robots":{"index":"index","follow":"follow","max-snippet":"max-snippet:-1","max-image-preview":"max-image-preview:large","max-video-preview":"max-video-preview:-1"},"canonical":"https:\/\/tajkertesz.com\/en_US\/product\/musa-sikkimensis-ever-red-fagyturo-voros-levelu-diszbanan\/","og_locale":"en_US","og_type":"article","og_title":"Musa sikkimensis 'Ever Red' - T\u00e9l\u00e1ll\u00f3 ban\u00e1n - T\u00e1jkert\u00e9sz","og_description":"A Musa sikkimensis 'Ever Red' - T\u00e9l\u00e1ll\u00f3 ban\u00e1n k\u00fcl\u00f6nleges, v\u00f6r\u00f6s level\u0171, fagyt\u0171r\u0151 d\u00edszban\u00e1n. Tr\u00f3pusi hat\u00e1s\u00fa, gyorsan n\u00f6v\u0151 n\u00f6v\u00e9ny \u2013 ide\u00e1lis kertbe, teraszra.","og_url":"https:\/\/tajkertesz.com\/en_US\/product\/musa-sikkimensis-ever-red-fagyturo-voros-levelu-diszbanan\/","og_site_name":"T\u00e1jkert\u00e9sz","article_publisher":"https:\/\/www.facebook.com\/Tajkertesz\/","article_modified_time":"2025-09-16T12:19:37+00:00","og_image":[{"width":1920,"height":2560,"url":"https:\/\/tajkertesz.com\/wp-content\/uploads\/2025\/06\/20250604_110334-scaled.jpg","type":"image\/jpeg"}],"twitter_card":"summary_large_image","twitter_misc":{"Est. reading time":"3 minutes"},"schema":{"@context":"https:\/\/schema.org","@graph":[{"@type":"WebPage","@id":"https:\/\/tajkertesz.com\/termek\/musa-sikkimensis-ever-red-fagyturo-voros-levelu-diszbanan\/","url":"https:\/\/tajkertesz.com\/termek\/musa-sikkimensis-ever-red-fagyturo-voros-levelu-diszbanan\/","name":"Musa sikkimensis 'Ever Red' - T\u00e9l\u00e1ll\u00f3 ban\u00e1n - T\u00e1jkert\u00e9sz","isPartOf":{"@id":"https:\/\/tajkertesz.com\/#website"},"primaryImageOfPage":{"@id":"https:\/\/tajkertesz.com\/termek\/musa-sikkimensis-ever-red-fagyturo-voros-levelu-diszbanan\/#primaryimage"},"image":{"@id":"https:\/\/tajkertesz.com\/termek\/musa-sikkimensis-ever-red-fagyturo-voros-levelu-diszbanan\/#primaryimage"},"thumbnailUrl":"https:\/\/tajkertesz.com\/wp-content\/uploads\/2025\/06\/20250604_110334-scaled.jpg","datePublished":"2025-06-04T09:25:30+00:00","dateModified":"2025-09-16T12:19:37+00:00","description":"A Musa sikkimensis 'Ever Red' - T\u00e9l\u00e1ll\u00f3 ban\u00e1n k\u00fcl\u00f6nleges, v\u00f6r\u00f6s level\u0171, fagyt\u0171r\u0151 d\u00edszban\u00e1n. Tr\u00f3pusi hat\u00e1s\u00fa, gyorsan n\u00f6v\u0151 n\u00f6v\u00e9ny \u2013 ide\u00e1lis kertbe, teraszra.","breadcrumb":{"@id":"https:\/\/tajkertesz.com\/termek\/musa-sikkimensis-ever-red-fagyturo-voros-levelu-diszbanan\/#breadcrumb"},"inLanguage":"en-US","potentialAction":[{"@type":"ReadAction","target":["https:\/\/tajkertesz.com\/termek\/musa-sikkimensis-ever-red-fagyturo-voros-levelu-diszbanan\/"]}]},{"@type":"ImageObject","inLanguage":"en-US","@id":"https:\/\/tajkertesz.com\/termek\/musa-sikkimensis-ever-red-fagyturo-voros-levelu-diszbanan\/#primaryimage","url":"https:\/\/tajkertesz.com\/wp-content\/uploads\/2025\/06\/20250604_110334-scaled.jpg","contentUrl":"https:\/\/tajkertesz.com\/wp-content\/uploads\/2025\/06\/20250604_110334-scaled.jpg","width":1920,"height":2560,"caption":"Musa sikkimensis 'Ever Red' - T\u00e9l\u00e1ll\u00f3 ban\u00e1n"},{"@type":"BreadcrumbList","@id":"https:\/\/tajkertesz.com\/termek\/musa-sikkimensis-ever-red-fagyturo-voros-levelu-diszbanan\/#breadcrumb","itemListElement":[{"@type":"ListItem","position":1,"name":"Home","item":"https:\/\/tajkertesz.com\/"},{"@type":"ListItem","position":2,"name":"Kezd\u0151lap","item":"https:\/\/tajkertesz.com\/"},{"@type":"ListItem","position":3,"name":"Musa sikkimensis &#8216;Ever Red&#8217; &#8211; T\u00e9l\u00e1ll\u00f3 ban\u00e1n"}]},{"@type":"WebSite","@id":"https:\/\/tajkertesz.com\/#website","url":"https:\/\/tajkertesz.com\/","name":"T\u00e1j-Kert\u00e9sz 84 Kft.","description":"Kert\u00e9szeti kis- \u00e9s nagykeresked\u00e9s, D\u00edszn\u00f6v\u00e9ny web\u00e1ruh\u00e1z orsz\u00e1gos h\u00e1zhozsz\u00e1ll\u00edt\u00e1ssal!","publisher":{"@id":"https:\/\/tajkertesz.com\/#organization"},"potentialAction":[{"@type":"SearchAction","target":{"@type":"EntryPoint","urlTemplate":"https:\/\/tajkertesz.com\/?s={search_term_string}"},"query-input":{"@type":"PropertyValueSpecification","valueRequired":true,"valueName":"search_term_string"}}],"inLanguage":"en-US"},{"@type":"Organization","@id":"https:\/\/tajkertesz.com\/#organization","name":"T\u00e1j-Kert\u00e9sz 84 Kft.","url":"https:\/\/tajkertesz.com\/","logo":{"@type":"ImageObject","inLanguage":"en-US","@id":"https:\/\/tajkertesz.com\/#\/schema\/logo\/image\/","url":"https:\/\/tajkertesz.com\/wp-content\/uploads\/2018\/02\/logo-2-e1518678052539.png","contentUrl":"https:\/\/tajkertesz.com\/wp-content\/uploads\/2018\/02\/logo-2-e1518678052539.png","width":81,"height":140,"caption":"T\u00e1j-Kert\u00e9sz 84 Kft."},"image":{"@id":"https:\/\/tajkertesz.com\/#\/schema\/logo\/image\/"},"sameAs":["https:\/\/www.facebook.com\/Tajkertesz\/"]}]}},"_links":{"self":[{"href":"https:\/\/tajkertesz.com\/en_US\/wp-json\/wp\/v2\/product\/23643","targetHints":{"allow":["GET"]}}],"collection":[{"href":"https:\/\/tajkertesz.com\/en_US\/wp-json\/wp\/v2\/product"}],"about":[{"href":"https:\/\/tajkertesz.com\/en_US\/wp-json\/wp\/v2\/types\/product"}],"wp:featuredmedia":[{"embeddable":true,"href":"https:\/\/tajkertesz.com\/en_US\/wp-json\/wp\/v2\/media\/23644"}],"wp:attachment":[{"href":"https:\/\/tajkertesz.com\/en_US\/wp-json\/wp\/v2\/media?parent=23643"}],"wp:term":[{"taxonomy":"product_brand","embeddable":true,"href":"https:\/\/tajkertesz.com\/en_US\/wp-json\/wp\/v2\/product_brand?post=23643"},{"taxonomy":"product_cat","embeddable":true,"href":"https:\/\/tajkertesz.com\/en_US\/wp-json\/wp\/v2\/product_cat?post=23643"},{"taxonomy":"product_tag","embeddable":true,"href":"https:\/\/tajkertesz.com\/en_US\/wp-json\/wp\/v2\/product_tag?post=23643"}],"curies":[{"name":"wp","href":"https:\/\/api.w.org\/{rel}","templated":true}]}}