{"id":23654,"date":"2025-06-04T12:49:37","date_gmt":"2025-06-04T12:49:37","guid":{"rendered":"https:\/\/tajkertesz.com\/?post_type=product&#038;p=23654"},"modified":"2026-02-21T07:57:11","modified_gmt":"2026-02-21T07:57:11","slug":"clematis-armandii-orokzold-illatos-viragu-iszalag","status":"publish","type":"product","link":"https:\/\/tajkertesz.com\/en_US\/product\/clematis-armandii-orokzold-illatos-viragu-iszalag\/","title":{"rendered":"Clematis armandii &#8211; \u00d6r\u00f6kz\u00f6ld iszalag"},"content":{"rendered":"<h1>Clematis armandii &#8211; \u00d6r\u00f6kz\u00f6ld iszalag<\/h1>\n<p>A <em data-start=\"760\" data-end=\"779\">Clematis armandii<\/em> -\u00d6r\u00f6kz\u00f6ld iszalag egy<strong data-start=\"784\" data-end=\"822\">, gyorsan n\u00f6v\u0151 k\u00fasz\u00f3n\u00f6v\u00e9ny<\/strong>, amely K\u00edna hegyvid\u00e9keir\u0151l sz\u00e1rmazik.<\/p>\n<h2>Clematis armandii &#8211; \u00d6r\u00f6kz\u00f6ld iszalag jellemz\u0151i<\/h2>\n<p>Lombja hossz\u00fak\u00e1s, b\u0151rszer\u0171, s\u00f6t\u00e9tz\u00f6ld sz\u00edn\u0171 \u2013 <strong data-start=\"1058\" data-end=\"1084\">eg\u00e9sz \u00e9vben z\u00f6ld marad<\/strong>, \u00edgy t\u00e9len is takar, ami ritkas\u00e1g a k\u00fasz\u00f3n\u00f6v\u00e9nyek k\u00f6z\u00f6tt.<\/p>\n<p>M\u00e1r <strong data-start=\"865\" data-end=\"953\">kora tavasszal \u2013 ak\u00e1r m\u00e1rciusban \u2013 megjelennek illatos, csillag alak\u00fa, feh\u00e9r vir\u00e1gai<\/strong>, amelyek gy\u00f6ny\u00f6r\u0171en mutatnak pergol\u00e1n, falon, ker\u00edt\u00e9sen.<\/p>\n<p data-start=\"1149\" data-end=\"1167\">F\u0151bb jellemz\u0151i:<\/p>\n<ul data-start=\"1169\" data-end=\"1457\">\n<li data-start=\"1169\" data-end=\"1228\">\n<p data-start=\"1171\" data-end=\"1228\">\ud83c\udf3f <strong data-start=\"1174\" data-end=\"1192\">\u00d6r\u00f6kz\u00f6ld lomb:<\/strong> eg\u00e9sz \u00e9vben z\u00f6ld, dekorat\u00edv levelek<\/p>\n<\/li>\n<li data-start=\"1229\" data-end=\"1294\">\n<p data-start=\"1231\" data-end=\"1294\">\ud83c\udf38 <strong data-start=\"1234\" data-end=\"1261\">Illatos, feh\u00e9r vir\u00e1gz\u00e1s<\/strong> kora tavasszal (m\u00e1rcius-\u00e1prilis)<\/p>\n<\/li>\n<li data-start=\"1295\" data-end=\"1352\">\n<p data-start=\"1297\" data-end=\"1352\">\u2b06\ufe0f <strong data-start=\"1300\" data-end=\"1320\">Gyors n\u00f6veked\u00e9s:<\/strong> \u00e9vente ak\u00e1r 2\u20133 m\u00e9tert is n\u0151het<\/p>\n<\/li>\n<li data-start=\"1353\" data-end=\"1397\">\n<p data-start=\"1355\" data-end=\"1397\">\ud83e\uddf1 <strong data-start=\"1358\" data-end=\"1397\">Futtathat\u00f3 falra, r\u00e1csra, pergol\u00e1ra<\/strong><\/p>\n<\/li>\n<li data-start=\"1398\" data-end=\"1457\">\n<p data-start=\"1400\" data-end=\"1457\">\u2744\ufe0f <strong data-start=\"1403\" data-end=\"1428\">Enyhe teleken t\u00e9l\u00e1ll\u00f3<\/strong> \u2013 v\u00e9dett fekv\u00e9sben j\u00f3l b\u00edrja<\/p>\n<\/li>\n<\/ul>\n<h3>\u00d6r\u00f6kz\u00f6ld iszalag gondoz\u00e1sa<\/h3>\n<p data-start=\"1487\" data-end=\"1504\">\u2600\ufe0f F\u00e9nyig\u00e9ny: Vil\u00e1gos, napos vagy f\u00e9l\u00e1rny\u00e9kos helyet kedvel. A gy\u00f6k\u00e9rz\u00f3n\u00e1j\u00e1t \u00e9rdemes <strong data-start=\"1576\" data-end=\"1597\">\u00e1rny\u00e9kban tartani<\/strong> (pl. talajtakar\u00f3val).<\/p>\n<p data-start=\"1621\" data-end=\"1634\">\ud83c\udf31 Talaj: Laza szerkezet\u0171, j\u00f3 v\u00edzelvezet\u00e9s\u0171, t\u00e1panyagd\u00fas talajt ig\u00e9nyel. Fontos a j\u00f3 v\u00edzelvezet\u00e9s!<\/p>\n<p data-start=\"1725\" data-end=\"1740\">\ud83d\udca7 \u00d6nt\u00f6z\u00e9s: Ny\u00e1ron rendszeres \u00f6nt\u00f6z\u00e9st ig\u00e9nyel, de a pang\u00f3 vizet nem szereti.<\/p>\n<p data-start=\"1808\" data-end=\"1823\">\u2702\ufe0f Metsz\u00e9s: Vir\u00e1gz\u00e1s ut\u00e1n enyh\u00e9n visszametszhet\u0151 \u2013 csak az el\u00f6regedett hajt\u00e1sokat t\u00e1vol\u00edtsd el.<\/p>\n<p data-start=\"1909\" data-end=\"1927\">\u2744\ufe0f T\u00e9l\u00e1ll\u00f3s\u00e1g: -10 \u00b0C-ig fagyt\u0171r\u0151, <strong data-start=\"1948\" data-end=\"1968\">v\u00e9dett fekv\u00e9sben<\/strong> teleltethet\u0151 szabadf\u00f6ldben is. Hidegebb \u00e9ghajlaton d\u00e9zs\u00e1ban aj\u00e1nlott \u00e9s teleltetni kell.<\/p>\n<h4 data-start=\"1909\" data-end=\"1927\"><strong>A n\u00f6v\u00e9ny jelenlegi m\u00e9rete: 130-150 cm magas, 5 literes kont\u00e9nerben.<\/strong><\/h4>\n<p><b>K\u00e9szlet\u00fcnk napi szinten v\u00e1ltozik, ez\u00e9rt k\u00e9rj\u00fck, \u00e9rdekl\u0151dj\u00f6n szem\u00e9lyesen, telefonon vagy email-en.<br \/>\nA v\u00e1ltoztat\u00e1s jog\u00e1t fenntartjuk!<\/b><b>\u00a0<\/b><\/p>\n<p><a href=\"https:\/\/tajkertesz.com\/\">https:\/\/tajkertesz.com\/<\/a><\/p>\n<p><a href=\"https:\/\/www.facebook.com\/tajkertesz\/\">https:\/\/www.facebook.com\/tajkertesz\/<\/a><\/p>\n<p>Kisz\u00e1ll\u00edt\u00e1s: 200cm-ig \u00e9s 40 kg-ig a sz\u00e1ll\u00edt\u00e1s fut\u00e1rszolg\u00e1lattal t\u00f6rt\u00e9nik.<\/p>\n<p>Szem\u00e9lyes \u00e1tv\u00e9tel nyitvatart\u00e1si id\u0151ben a 17. ker\u00fclet Bakancsos utca 7. sz\u00e1m alatti Kert\u00e9szeti \u00e1rud\u00e1nkban.<\/p>\n<p>Kert\u00e9p\u00edt\u0151k \u00e9s viszontelad\u00f3k regisztr\u00e1l\u00e1s ut\u00e1n egyedi kedvezm\u00e9nnyel v\u00e1s\u00e1rolhatnak kert\u00e9szeti kis-\u00e9s nagykeresked\u00e9s\u00fcnkben.<\/p>\n<p><strong>Az \u00e1rak egy darab term\u00e9kre vonatkoznak.<\/strong><\/p>\n<p><strong>J\u00f3 tudni!<\/strong><\/p>\n<p>K\u00e9pek-elt\u00e9r\u00e9sek:<\/p>\n<p>A n\u00f6v\u00e9nyekr\u0151l felt\u00f6lt\u00f6tt k\u00e9pek illusztr\u00e1ci\u00f3k. N\u00f6v\u00e9nyekn\u00e9l el\u0151fordulhatnak minim\u00e1lis elt\u00e9r\u00e9sek a k\u00e9peken szerepl\u0151 n\u00f6v\u00e9nyek \u00e9s az \u00e1tvett n\u00f6v\u00e9nyek k\u00f6z\u00f6tt, mivel minden n\u00f6v\u00e9ny egyedi.<\/p>\n<h4>N\u00f6v\u00e9nyek sz\u00e1ll\u00edt\u00e1sa:<\/h4>\n<p>A megrendelt n\u00f6v\u00e9nyeket igyeksz\u00fcnk a lehet\u0151 legbiztons\u00e1gosabban egyes\u00e9vel csomagolni, azonban a sz\u00e1ll\u00edt\u00e1s sor\u00e1n m\u00e9g ennek ellen\u00e9re is\u00a0bek\u00f6vetkezhetnek apr\u00f3bb s\u00e9r\u00fcl\u00e9sek (lev\u00e9l- vagy vir\u00e1ghull\u00e1s).<br \/>\nN\u00f6v\u00e9ny rendel\u00e9s eset\u00e9n k\u00e9rj\u00fck a k\u00e9zbes\u00edt\u00e9st k\u00f6vet\u0151en a lehet\u0151 leghamarabb bonts\u00e1k ki a csomagot.<\/p>\n<p>Abban az esetben, ha a megrendelt n\u00f6v\u00e9ny\u00a0a sz\u00e1ll\u00edt\u00e1st k\u00f6vet\u0151en\u00a0nem megfelel\u0151 gondoz\u00e1sban r\u00e9szes\u00fcl \u00e9s ebb\u0151l kifoly\u00f3lag\u00a0k\u00e1rosodik,\u00a0elpusztul, felel\u0151ss\u00e9get sajnos nem tudunk v\u00e1llalni.<\/p>\n<p>V\u00e1s\u00e1rl\u00e1st\u00f3l val\u00f3 el\u00e1ll\u00e1s \u00e9l\u0151 n\u00f6v\u00e9ny v\u00e1s\u00e1rl\u00e1sa eset\u00e9n:<\/p>\n<p>Az \u00e1ltal\u00e1nos 14 napos el\u00e1ll\u00e1s lehet\u0151s\u00e9ge \u00e9l\u0151 n\u00f6v\u00e9nyekre nem vonatkozik. V\u00e1s\u00e1rl\u00e1st\u00f3l val\u00f3 el\u00e1ll\u00e1sra, visszak\u00fcld\u00e9sre nincs lehet\u0151s\u00e9g.\u00a0(17\/1999. (II. 5.) Korm. rendelet 5c pontja)<\/p>\n<p><strong>K\u00e9rj\u00fck fentiek figyelembev\u00e9tel\u00e9t n\u00f6v\u00e9ny rendel\u00e9se sor\u00e1n!<\/strong><\/p>","protected":false},"excerpt":{"rendered":"<h4 data-start=\"1909\" data-end=\"1927\"><strong>A n\u00f6v\u00e9ny jelenlegi m\u00e9rete: 130-150 cm magas, 5 literes kont\u00e9nerben.<\/strong><\/h4>\n<p><b>K\u00e9szlet\u00fcnk napi szinten v\u00e1ltozik, ez\u00e9rt k\u00e9rj\u00fck, \u00e9rdekl\u0151dj\u00f6n szem\u00e9lyesen, telefonon vagy email-en.<br \/>\nA v\u00e1ltoztat\u00e1s jog\u00e1t fenntartjuk!<\/b><b>\u00a0<\/b><\/p>\n<h4><span style=\"color: #ff0000;\"><strong>Sz\u00e1ll\u00edt\u00e1s fut\u00e1rszolg\u00e1lattal 200 cm-ig, \u00e9s 40 kg-ig lehets\u00e9ges. E felett szem\u00e9lyes \u00e1tv\u00e9tellel vagy egyeztetett sz\u00e1ll\u00edt\u00e1si felt\u00e9tellel lehet.<\/strong><\/span><\/h4>","protected":false},"featured_media":23657,"template":"","meta":{"_et_pb_use_builder":"","_et_pb_old_content":"","_et_gb_content_width":""},"product_brand":[],"product_cat":[3995],"product_tag":[5839,5841,5748,5842,5840],"class_list":{"0":"post-23654","1":"product","2":"type-product","3":"status-publish","4":"has-post-thumbnail","6":"product_cat-futonovenyek","7":"product_tag-clematis-armandii","8":"product_tag-illatos-viragu-klematisz","9":"product_tag-kuszonoveny","10":"product_tag-kuszonoveny-erkelyre","11":"product_tag-orokzold-iszalag","13":"first","14":"outofstock","15":"shipping-taxable","16":"purchasable","17":"product-type-simple"},"yoast_head":"<!-- This site is optimized with the Yoast SEO plugin v27.3 - https:\/\/yoast.com\/product\/yoast-seo-wordpress\/ -->\n<title>Clematis armandii - \u00d6r\u00f6kz\u00f6ld iszalag - T\u00e1jkert\u00e9sz<\/title>\n<meta name=\"description\" content=\"A Clematis armandii \u00f6r\u00f6kz\u00f6ld iszalag m\u00e1r kora tavasszal illatos, feh\u00e9r vir\u00e1gokkal d\u00edsz\u00edt. Falra, pergol\u00e1ra futtathat\u00f3, t\u00e9l\u00e1ll\u00f3 v\u00e9dett helyen.\" \/>\n<meta name=\"robots\" content=\"index, follow, max-snippet:-1, max-image-preview:large, max-video-preview:-1\" \/>\n<link rel=\"canonical\" href=\"https:\/\/tajkertesz.com\/en_US\/product\/clematis-armandii-orokzold-illatos-viragu-iszalag\/\" \/>\n<meta property=\"og:locale\" content=\"en_US\" \/>\n<meta property=\"og:type\" content=\"article\" \/>\n<meta property=\"og:title\" content=\"Clematis armandii - \u00d6r\u00f6kz\u00f6ld iszalag - T\u00e1jkert\u00e9sz\" \/>\n<meta property=\"og:description\" content=\"A Clematis armandii \u00f6r\u00f6kz\u00f6ld iszalag m\u00e1r kora tavasszal illatos, feh\u00e9r vir\u00e1gokkal d\u00edsz\u00edt. Falra, pergol\u00e1ra futtathat\u00f3, t\u00e9l\u00e1ll\u00f3 v\u00e9dett helyen.\" \/>\n<meta property=\"og:url\" content=\"https:\/\/tajkertesz.com\/en_US\/product\/clematis-armandii-orokzold-illatos-viragu-iszalag\/\" \/>\n<meta property=\"og:site_name\" content=\"T\u00e1jkert\u00e9sz\" \/>\n<meta property=\"article:publisher\" content=\"https:\/\/www.facebook.com\/Tajkertesz\/\" \/>\n<meta property=\"article:modified_time\" content=\"2026-02-21T07:57:11+00:00\" \/>\n<meta property=\"og:image\" content=\"https:\/\/tajkertesz.com\/wp-content\/uploads\/2025\/06\/clematis-armandii-7993-p.jpg\" \/>\n\t<meta property=\"og:image:width\" content=\"1200\" \/>\n\t<meta property=\"og:image:height\" content=\"1201\" \/>\n\t<meta property=\"og:image:type\" content=\"image\/jpeg\" \/>\n<meta name=\"twitter:card\" content=\"summary_large_image\" \/>\n<meta name=\"twitter:label1\" content=\"Est. reading time\" \/>\n\t<meta name=\"twitter:data1\" content=\"3 minutes\" \/>\n<script type=\"application\/ld+json\" class=\"yoast-schema-graph\">{\"@context\":\"https:\\\/\\\/schema.org\",\"@graph\":[{\"@type\":\"WebPage\",\"@id\":\"https:\\\/\\\/tajkertesz.com\\\/termek\\\/clematis-armandii-orokzold-illatos-viragu-iszalag\\\/\",\"url\":\"https:\\\/\\\/tajkertesz.com\\\/termek\\\/clematis-armandii-orokzold-illatos-viragu-iszalag\\\/\",\"name\":\"Clematis armandii - \u00d6r\u00f6kz\u00f6ld iszalag - T\u00e1jkert\u00e9sz\",\"isPartOf\":{\"@id\":\"https:\\\/\\\/tajkertesz.com\\\/#website\"},\"primaryImageOfPage\":{\"@id\":\"https:\\\/\\\/tajkertesz.com\\\/termek\\\/clematis-armandii-orokzold-illatos-viragu-iszalag\\\/#primaryimage\"},\"image\":{\"@id\":\"https:\\\/\\\/tajkertesz.com\\\/termek\\\/clematis-armandii-orokzold-illatos-viragu-iszalag\\\/#primaryimage\"},\"thumbnailUrl\":\"https:\\\/\\\/tajkertesz.com\\\/wp-content\\\/uploads\\\/2025\\\/06\\\/clematis-armandii-7993-p.jpg\",\"datePublished\":\"2025-06-04T12:49:37+00:00\",\"dateModified\":\"2026-02-21T07:57:11+00:00\",\"description\":\"A Clematis armandii \u00f6r\u00f6kz\u00f6ld iszalag m\u00e1r kora tavasszal illatos, feh\u00e9r vir\u00e1gokkal d\u00edsz\u00edt. Falra, pergol\u00e1ra futtathat\u00f3, t\u00e9l\u00e1ll\u00f3 v\u00e9dett helyen.\",\"breadcrumb\":{\"@id\":\"https:\\\/\\\/tajkertesz.com\\\/termek\\\/clematis-armandii-orokzold-illatos-viragu-iszalag\\\/#breadcrumb\"},\"inLanguage\":\"en-US\",\"potentialAction\":[{\"@type\":\"ReadAction\",\"target\":[\"https:\\\/\\\/tajkertesz.com\\\/termek\\\/clematis-armandii-orokzold-illatos-viragu-iszalag\\\/\"]}]},{\"@type\":\"ImageObject\",\"inLanguage\":\"en-US\",\"@id\":\"https:\\\/\\\/tajkertesz.com\\\/termek\\\/clematis-armandii-orokzold-illatos-viragu-iszalag\\\/#primaryimage\",\"url\":\"https:\\\/\\\/tajkertesz.com\\\/wp-content\\\/uploads\\\/2025\\\/06\\\/clematis-armandii-7993-p.jpg\",\"contentUrl\":\"https:\\\/\\\/tajkertesz.com\\\/wp-content\\\/uploads\\\/2025\\\/06\\\/clematis-armandii-7993-p.jpg\",\"width\":1200,\"height\":1201,\"caption\":\"Clematis armandii - \u00d6r\u00f6kz\u00f6ld iszalag\"},{\"@type\":\"BreadcrumbList\",\"@id\":\"https:\\\/\\\/tajkertesz.com\\\/termek\\\/clematis-armandii-orokzold-illatos-viragu-iszalag\\\/#breadcrumb\",\"itemListElement\":[{\"@type\":\"ListItem\",\"position\":1,\"name\":\"Home\",\"item\":\"https:\\\/\\\/tajkertesz.com\\\/\"},{\"@type\":\"ListItem\",\"position\":2,\"name\":\"Kezd\u0151lap\",\"item\":\"https:\\\/\\\/tajkertesz.com\\\/\"},{\"@type\":\"ListItem\",\"position\":3,\"name\":\"Clematis armandii &#8211; \u00d6r\u00f6kz\u00f6ld iszalag\"}]},{\"@type\":\"WebSite\",\"@id\":\"https:\\\/\\\/tajkertesz.com\\\/#website\",\"url\":\"https:\\\/\\\/tajkertesz.com\\\/\",\"name\":\"T\u00e1j-Kert\u00e9sz 84 Kft.\",\"description\":\"Kert\u00e9szeti kis- \u00e9s nagykeresked\u00e9s, D\u00edszn\u00f6v\u00e9ny web\u00e1ruh\u00e1z orsz\u00e1gos h\u00e1zhozsz\u00e1ll\u00edt\u00e1ssal!\",\"publisher\":{\"@id\":\"https:\\\/\\\/tajkertesz.com\\\/#organization\"},\"potentialAction\":[{\"@type\":\"SearchAction\",\"target\":{\"@type\":\"EntryPoint\",\"urlTemplate\":\"https:\\\/\\\/tajkertesz.com\\\/?s={search_term_string}\"},\"query-input\":{\"@type\":\"PropertyValueSpecification\",\"valueRequired\":true,\"valueName\":\"search_term_string\"}}],\"inLanguage\":\"en-US\"},{\"@type\":\"Organization\",\"@id\":\"https:\\\/\\\/tajkertesz.com\\\/#organization\",\"name\":\"T\u00e1j-Kert\u00e9sz 84 Kft.\",\"url\":\"https:\\\/\\\/tajkertesz.com\\\/\",\"logo\":{\"@type\":\"ImageObject\",\"inLanguage\":\"en-US\",\"@id\":\"https:\\\/\\\/tajkertesz.com\\\/#\\\/schema\\\/logo\\\/image\\\/\",\"url\":\"https:\\\/\\\/tajkertesz.com\\\/wp-content\\\/uploads\\\/2018\\\/02\\\/logo-2-e1518678052539.png\",\"contentUrl\":\"https:\\\/\\\/tajkertesz.com\\\/wp-content\\\/uploads\\\/2018\\\/02\\\/logo-2-e1518678052539.png\",\"width\":81,\"height\":140,\"caption\":\"T\u00e1j-Kert\u00e9sz 84 Kft.\"},\"image\":{\"@id\":\"https:\\\/\\\/tajkertesz.com\\\/#\\\/schema\\\/logo\\\/image\\\/\"},\"sameAs\":[\"https:\\\/\\\/www.facebook.com\\\/Tajkertesz\\\/\"]}]}<\/script>\n<!-- \/ Yoast SEO plugin. -->","yoast_head_json":{"title":"Clematis armandii - \u00d6r\u00f6kz\u00f6ld iszalag - T\u00e1jkert\u00e9sz","description":"A Clematis armandii \u00f6r\u00f6kz\u00f6ld iszalag m\u00e1r kora tavasszal illatos, feh\u00e9r vir\u00e1gokkal d\u00edsz\u00edt. Falra, pergol\u00e1ra futtathat\u00f3, t\u00e9l\u00e1ll\u00f3 v\u00e9dett helyen.","robots":{"index":"index","follow":"follow","max-snippet":"max-snippet:-1","max-image-preview":"max-image-preview:large","max-video-preview":"max-video-preview:-1"},"canonical":"https:\/\/tajkertesz.com\/en_US\/product\/clematis-armandii-orokzold-illatos-viragu-iszalag\/","og_locale":"en_US","og_type":"article","og_title":"Clematis armandii - \u00d6r\u00f6kz\u00f6ld iszalag - T\u00e1jkert\u00e9sz","og_description":"A Clematis armandii \u00f6r\u00f6kz\u00f6ld iszalag m\u00e1r kora tavasszal illatos, feh\u00e9r vir\u00e1gokkal d\u00edsz\u00edt. Falra, pergol\u00e1ra futtathat\u00f3, t\u00e9l\u00e1ll\u00f3 v\u00e9dett helyen.","og_url":"https:\/\/tajkertesz.com\/en_US\/product\/clematis-armandii-orokzold-illatos-viragu-iszalag\/","og_site_name":"T\u00e1jkert\u00e9sz","article_publisher":"https:\/\/www.facebook.com\/Tajkertesz\/","article_modified_time":"2026-02-21T07:57:11+00:00","og_image":[{"width":1200,"height":1201,"url":"https:\/\/tajkertesz.com\/wp-content\/uploads\/2025\/06\/clematis-armandii-7993-p.jpg","type":"image\/jpeg"}],"twitter_card":"summary_large_image","twitter_misc":{"Est. reading time":"3 minutes"},"schema":{"@context":"https:\/\/schema.org","@graph":[{"@type":"WebPage","@id":"https:\/\/tajkertesz.com\/termek\/clematis-armandii-orokzold-illatos-viragu-iszalag\/","url":"https:\/\/tajkertesz.com\/termek\/clematis-armandii-orokzold-illatos-viragu-iszalag\/","name":"Clematis armandii - \u00d6r\u00f6kz\u00f6ld iszalag - T\u00e1jkert\u00e9sz","isPartOf":{"@id":"https:\/\/tajkertesz.com\/#website"},"primaryImageOfPage":{"@id":"https:\/\/tajkertesz.com\/termek\/clematis-armandii-orokzold-illatos-viragu-iszalag\/#primaryimage"},"image":{"@id":"https:\/\/tajkertesz.com\/termek\/clematis-armandii-orokzold-illatos-viragu-iszalag\/#primaryimage"},"thumbnailUrl":"https:\/\/tajkertesz.com\/wp-content\/uploads\/2025\/06\/clematis-armandii-7993-p.jpg","datePublished":"2025-06-04T12:49:37+00:00","dateModified":"2026-02-21T07:57:11+00:00","description":"A Clematis armandii \u00f6r\u00f6kz\u00f6ld iszalag m\u00e1r kora tavasszal illatos, feh\u00e9r vir\u00e1gokkal d\u00edsz\u00edt. Falra, pergol\u00e1ra futtathat\u00f3, t\u00e9l\u00e1ll\u00f3 v\u00e9dett helyen.","breadcrumb":{"@id":"https:\/\/tajkertesz.com\/termek\/clematis-armandii-orokzold-illatos-viragu-iszalag\/#breadcrumb"},"inLanguage":"en-US","potentialAction":[{"@type":"ReadAction","target":["https:\/\/tajkertesz.com\/termek\/clematis-armandii-orokzold-illatos-viragu-iszalag\/"]}]},{"@type":"ImageObject","inLanguage":"en-US","@id":"https:\/\/tajkertesz.com\/termek\/clematis-armandii-orokzold-illatos-viragu-iszalag\/#primaryimage","url":"https:\/\/tajkertesz.com\/wp-content\/uploads\/2025\/06\/clematis-armandii-7993-p.jpg","contentUrl":"https:\/\/tajkertesz.com\/wp-content\/uploads\/2025\/06\/clematis-armandii-7993-p.jpg","width":1200,"height":1201,"caption":"Clematis armandii - \u00d6r\u00f6kz\u00f6ld iszalag"},{"@type":"BreadcrumbList","@id":"https:\/\/tajkertesz.com\/termek\/clematis-armandii-orokzold-illatos-viragu-iszalag\/#breadcrumb","itemListElement":[{"@type":"ListItem","position":1,"name":"Home","item":"https:\/\/tajkertesz.com\/"},{"@type":"ListItem","position":2,"name":"Kezd\u0151lap","item":"https:\/\/tajkertesz.com\/"},{"@type":"ListItem","position":3,"name":"Clematis armandii &#8211; \u00d6r\u00f6kz\u00f6ld iszalag"}]},{"@type":"WebSite","@id":"https:\/\/tajkertesz.com\/#website","url":"https:\/\/tajkertesz.com\/","name":"T\u00e1j-Kert\u00e9sz 84 Kft.","description":"Kert\u00e9szeti kis- \u00e9s nagykeresked\u00e9s, D\u00edszn\u00f6v\u00e9ny web\u00e1ruh\u00e1z orsz\u00e1gos h\u00e1zhozsz\u00e1ll\u00edt\u00e1ssal!","publisher":{"@id":"https:\/\/tajkertesz.com\/#organization"},"potentialAction":[{"@type":"SearchAction","target":{"@type":"EntryPoint","urlTemplate":"https:\/\/tajkertesz.com\/?s={search_term_string}"},"query-input":{"@type":"PropertyValueSpecification","valueRequired":true,"valueName":"search_term_string"}}],"inLanguage":"en-US"},{"@type":"Organization","@id":"https:\/\/tajkertesz.com\/#organization","name":"T\u00e1j-Kert\u00e9sz 84 Kft.","url":"https:\/\/tajkertesz.com\/","logo":{"@type":"ImageObject","inLanguage":"en-US","@id":"https:\/\/tajkertesz.com\/#\/schema\/logo\/image\/","url":"https:\/\/tajkertesz.com\/wp-content\/uploads\/2018\/02\/logo-2-e1518678052539.png","contentUrl":"https:\/\/tajkertesz.com\/wp-content\/uploads\/2018\/02\/logo-2-e1518678052539.png","width":81,"height":140,"caption":"T\u00e1j-Kert\u00e9sz 84 Kft."},"image":{"@id":"https:\/\/tajkertesz.com\/#\/schema\/logo\/image\/"},"sameAs":["https:\/\/www.facebook.com\/Tajkertesz\/"]}]}},"_links":{"self":[{"href":"https:\/\/tajkertesz.com\/en_US\/wp-json\/wp\/v2\/product\/23654","targetHints":{"allow":["GET"]}}],"collection":[{"href":"https:\/\/tajkertesz.com\/en_US\/wp-json\/wp\/v2\/product"}],"about":[{"href":"https:\/\/tajkertesz.com\/en_US\/wp-json\/wp\/v2\/types\/product"}],"wp:featuredmedia":[{"embeddable":true,"href":"https:\/\/tajkertesz.com\/en_US\/wp-json\/wp\/v2\/media\/23657"}],"wp:attachment":[{"href":"https:\/\/tajkertesz.com\/en_US\/wp-json\/wp\/v2\/media?parent=23654"}],"wp:term":[{"taxonomy":"product_brand","embeddable":true,"href":"https:\/\/tajkertesz.com\/en_US\/wp-json\/wp\/v2\/product_brand?post=23654"},{"taxonomy":"product_cat","embeddable":true,"href":"https:\/\/tajkertesz.com\/en_US\/wp-json\/wp\/v2\/product_cat?post=23654"},{"taxonomy":"product_tag","embeddable":true,"href":"https:\/\/tajkertesz.com\/en_US\/wp-json\/wp\/v2\/product_tag?post=23654"}],"curies":[{"name":"wp","href":"https:\/\/api.w.org\/{rel}","templated":true}]}}