{"id":23674,"date":"2025-06-05T12:52:38","date_gmt":"2025-06-05T12:52:38","guid":{"rendered":"https:\/\/tajkertesz.com\/?post_type=product&#038;p=23674"},"modified":"2026-02-21T09:23:45","modified_gmt":"2026-02-21T09:23:45","slug":"trachelospermum-jasminoides-csillagjazmin","status":"publish","type":"product","link":"https:\/\/tajkertesz.com\/en_US\/product\/trachelospermum-jasminoides-csillagjazmin\/","title":{"rendered":"Trachelospermum jasminoides &#8211; Csillagj\u00e1zmin"},"content":{"rendered":"<h1>Trachelospermum jasminoides &#8211; Csillagj\u00e1zmin<\/h1>\n<p>A Trachelospermum jasminoides &#8211; Csillagj\u00e1zmin egy illatos vir\u00e1g\u00fa, \u00f6r\u00f6kz\u00f6ld k\u00fasz\u00f3n\u00f6v\u00e9ny, mely ide\u00e1lis falra, pergol\u00e1ra vagy d\u00e9zs\u00e1ba is. A Trachelospermum jasminoides ny\u00e1ron hosszan vir\u00e1gzik, vir\u00e1gai er\u0151sen illatosak. Meleg, napos fekv\u00e9sben fejl\u0151dik a legszebben.<\/p>\n<p data-start=\"776\" data-end=\"1069\">A <strong data-start=\"778\" data-end=\"809\">Trachelospermum jasminoides<\/strong>, m\u00e1s n\u00e9ven <strong data-start=\"821\" data-end=\"838\">\u00e1zsiai j\u00e1zmin<\/strong> vagy <strong data-start=\"844\" data-end=\"860\">j\u00e1zminmet\u00e9ng<\/strong>, egy \u00f6r\u00f6kz\u00f6ld, illatos vir\u00e1g\u00fa k\u00fasz\u00f3n\u00f6v\u00e9ny, amely mediterr\u00e1n hangulatot \u00e1raszt a kertben vagy teraszon. Ny\u00e1ron csillag alak\u00fa, feh\u00e9r vir\u00e1gokat hoz, melyek intenz\u00edv, \u00e9des illatot \u00e1rasztanak \u2013 k\u00fcl\u00f6n\u00f6sen estefel\u00e9.<\/p>\n<h2>Trachelospermum jasminoides jellemz\u0151i<\/h2>\n<ul data-start=\"1091\" data-end=\"1524\">\n<li data-start=\"1091\" data-end=\"1151\">\n<p data-start=\"1093\" data-end=\"1151\"><strong data-start=\"1093\" data-end=\"1107\">N\u00f6veked\u00e9s:<\/strong> k\u00fasz\u00f3n\u00f6v\u00e9ny, ak\u00e1r 4\u20136 m\u00e9teres magass\u00e1gig is<\/p>\n<\/li>\n<li data-start=\"1152\" data-end=\"1189\">\n<p data-start=\"1154\" data-end=\"1189\"><strong data-start=\"1154\" data-end=\"1167\">Vir\u00e1gz\u00e1s:<\/strong> j\u00faniust\u00f3l augusztusig<\/p>\n<\/li>\n<li data-start=\"1190\" data-end=\"1239\">\n<p data-start=\"1192\" data-end=\"1239\"><strong data-start=\"1192\" data-end=\"1202\">Vir\u00e1g:<\/strong> feh\u00e9r, csillag alak\u00fa, er\u0151sen illatos<\/p>\n<\/li>\n<li data-start=\"1240\" data-end=\"1331\">\n<p data-start=\"1242\" data-end=\"1331\"><strong data-start=\"1242\" data-end=\"1255\">Lombozat:<\/strong> f\u00e9nyes, b\u0151rszer\u0171, s\u00f6t\u00e9tz\u00f6ld levelek (\u0151sszel bord\u00f3s \u00e1rnyalatot vehetnek fel)<\/p>\n<\/li>\n<\/ul>\n<h3>Csillagj\u00e1zmin gondoz\u00e1sa<\/h3>\n<ul data-start=\"1091\" data-end=\"1524\">\n<li data-start=\"1332\" data-end=\"1385\">\n<p data-start=\"1334\" data-end=\"1385\"><strong data-start=\"1334\" data-end=\"1348\">F\u00e9nyig\u00e9ny:<\/strong> napos vagy f\u00e9l\u00e1rny\u00e9kos helyet kedvel<\/p>\n<\/li>\n<li data-start=\"1386\" data-end=\"1460\">\n<p data-start=\"1388\" data-end=\"1460\"><strong data-start=\"1388\" data-end=\"1398\">Talaj:<\/strong> j\u00f3 v\u00edz\u00e1tereszt\u0151, humuszban gazdag, enyh\u00e9n savas vagy semleges<\/p>\n<\/li>\n<li data-start=\"1461\" data-end=\"1524\">\n<p data-start=\"1463\" data-end=\"1524\"><strong data-start=\"1463\" data-end=\"1478\">T\u00e9l\u00e1ll\u00f3s\u00e1g:<\/strong> -8\/-10 \u00b0C-ig fagyt\u0171r\u0151, v\u00e9dett fekv\u00e9s aj\u00e1nlott<\/p>\n<\/li>\n<li data-start=\"1567\" data-end=\"1606\">\n<p data-start=\"1569\" data-end=\"1606\">Pergol\u00e1ra, falra vagy r\u00e1csra futtatva<\/p>\n<\/li>\n<li data-start=\"1607\" data-end=\"1645\">\n<p data-start=\"1609\" data-end=\"1645\">D\u00e9zs\u00e1s n\u00f6v\u00e9nyk\u00e9nt teraszra, erk\u00e9lyre<\/p>\n<\/li>\n<li data-start=\"1646\" data-end=\"1675\">\n<p data-start=\"1648\" data-end=\"1675\">Mediterr\u00e1n st\u00edlus\u00fa kertekbe<\/p>\n<\/li>\n<li data-start=\"1676\" data-end=\"1734\">\n<p data-start=\"1678\" data-end=\"1734\">Napos udvarok, bej\u00e1ratok mell\u00e9, ahol az illat \u00e9rv\u00e9nyes\u00fcl<\/p>\n<\/li>\n<li data-start=\"1676\" data-end=\"1734\"><b>K\u00e9szlet\u00fcnk napi szinten v\u00e1ltozik, ez\u00e9rt k\u00e9rj\u00fck, \u00e9rdekl\u0151dj\u00f6n szem\u00e9lyesen, telefonon vagy email-en.<br \/>\nA v\u00e1ltoztat\u00e1s jog\u00e1t fenntartjuk!<\/b><\/li>\n<li data-start=\"1676\" data-end=\"1734\"><\/li>\n<li data-start=\"1676\" data-end=\"1734\"><b>\u00a0<\/b><a href=\"https:\/\/tajkertesz.com\/\">https:\/\/tajkertesz.com\/<\/a><a href=\"https:\/\/www.facebook.com\/tajkertesz\/\">https:\/\/www.facebook.com\/tajkertesz\/<\/a>\n<p>Kisz\u00e1ll\u00edt\u00e1s: 200cm-ig \u00e9s 40 kg-ig a sz\u00e1ll\u00edt\u00e1s fut\u00e1rszolg\u00e1lattal t\u00f6rt\u00e9nik.<\/p>\n<p>Szem\u00e9lyes \u00e1tv\u00e9tel nyitvatart\u00e1si id\u0151ben a 17. ker\u00fclet Bakancsos utca 7. sz\u00e1m alatti Kert\u00e9szeti \u00e1rud\u00e1nkban.<\/p>\n<p>Kert\u00e9p\u00edt\u0151k \u00e9s viszontelad\u00f3k regisztr\u00e1l\u00e1s ut\u00e1n egyedi kedvezm\u00e9nnyel v\u00e1s\u00e1rolhatnak kert\u00e9szeti kis-\u00e9s nagykeresked\u00e9s\u00fcnkben.<\/p>\n<p><strong>Az \u00e1rak egy darab term\u00e9kre vonatkoznak.<\/strong><\/p>\n<p><strong>J\u00f3 tudni!<\/strong><\/p>\n<p>K\u00e9pek-elt\u00e9r\u00e9sek:<\/p>\n<p>A n\u00f6v\u00e9nyekr\u0151l felt\u00f6lt\u00f6tt k\u00e9pek illusztr\u00e1ci\u00f3k. N\u00f6v\u00e9nyekn\u00e9l el\u0151fordulhatnak minim\u00e1lis elt\u00e9r\u00e9sek a k\u00e9peken szerepl\u0151 n\u00f6v\u00e9nyek \u00e9s az \u00e1tvett n\u00f6v\u00e9nyek k\u00f6z\u00f6tt, mivel minden n\u00f6v\u00e9ny egyedi.<\/p>\n<h4>N\u00f6v\u00e9nyek sz\u00e1ll\u00edt\u00e1sa:<\/h4>\n<p>A megrendelt n\u00f6v\u00e9nyeket igyeksz\u00fcnk a lehet\u0151 legbiztons\u00e1gosabban egyes\u00e9vel csomagolni, azonban a sz\u00e1ll\u00edt\u00e1s sor\u00e1n m\u00e9g ennek ellen\u00e9re is\u00a0bek\u00f6vetkezhetnek apr\u00f3bb s\u00e9r\u00fcl\u00e9sek (lev\u00e9l- vagy vir\u00e1ghull\u00e1s).<br \/>\nN\u00f6v\u00e9ny rendel\u00e9s eset\u00e9n k\u00e9rj\u00fck a k\u00e9zbes\u00edt\u00e9st k\u00f6vet\u0151en a lehet\u0151 leghamarabb bonts\u00e1k ki a csomagot.<\/p>\n<p>Abban az esetben, ha a megrendelt n\u00f6v\u00e9ny\u00a0a sz\u00e1ll\u00edt\u00e1st k\u00f6vet\u0151en\u00a0nem megfelel\u0151 gondoz\u00e1sban r\u00e9szes\u00fcl \u00e9s ebb\u0151l kifoly\u00f3lag\u00a0k\u00e1rosodik,\u00a0elpusztul, felel\u0151ss\u00e9get sajnos nem tudunk v\u00e1llalni.<\/p>\n<p>V\u00e1s\u00e1rl\u00e1st\u00f3l val\u00f3 el\u00e1ll\u00e1s \u00e9l\u0151 n\u00f6v\u00e9ny v\u00e1s\u00e1rl\u00e1sa eset\u00e9n:<\/p>\n<p>Az \u00e1ltal\u00e1nos 14 napos el\u00e1ll\u00e1s lehet\u0151s\u00e9ge \u00e9l\u0151 n\u00f6v\u00e9nyekre nem vonatkozik. V\u00e1s\u00e1rl\u00e1st\u00f3l val\u00f3 el\u00e1ll\u00e1sra, visszak\u00fcld\u00e9sre nincs lehet\u0151s\u00e9g.\u00a0(17\/1999. (II. 5.) Korm. rendelet 5c pontja)<\/p>\n<p><strong>K\u00e9rj\u00fck fentiek figyelembev\u00e9tel\u00e9t n\u00f6v\u00e9ny rendel\u00e9se sor\u00e1n!<\/strong><\/li>\n<\/ul>","protected":false},"excerpt":{"rendered":"<p>M\u00e9rete: 30\/40 cm magas, 2 literes kont\u00e9nerben.<\/p>\n<p><b>K\u00e9szlet\u00fcnk napi szinten v\u00e1ltozik, ez\u00e9rt k\u00e9rj\u00fck, \u00e9rdekl\u0151dj\u00f6n szem\u00e9lyesen, telefonon vagy email-en.<br \/>\nA v\u00e1ltoztat\u00e1s jog\u00e1t fenntartjuk!<\/b><b>\u00a0<\/b><\/p>\n<p><strong><span style=\"color: #ff0000;\">Sz\u00e1ll\u00edt\u00e1s fut\u00e1rszolg\u00e1lattal 200 cm-ig, \u00e9s 40 kg-ig lehets\u00e9ges. E felett szem\u00e9lyes \u00e1tv\u00e9tellel vagy egyeztetett sz\u00e1ll\u00edt\u00e1si felt\u00e9tellel lehet.<\/span><\/strong><\/p>","protected":false},"featured_media":23675,"template":"","meta":{"_et_pb_use_builder":"","_et_pb_old_content":"","_et_gb_content_width":""},"product_brand":[],"product_cat":[3995],"product_tag":[5855,5854,5748,5852,5853],"class_list":{"0":"post-23674","1":"product","2":"type-product","3":"status-publish","4":"has-post-thumbnail","6":"product_cat-futonovenyek","7":"product_tag-csillagazmin","8":"product_tag-illatos-futonoveny","9":"product_tag-kuszonoveny","10":"product_tag-orokzold-kuszonoveny","11":"product_tag-trachelospermum","13":"first","14":"instock","15":"shipping-taxable","16":"purchasable","17":"product-type-simple"},"yoast_head":"<!-- This site is optimized with the Yoast SEO plugin v27.4 - https:\/\/yoast.com\/product\/yoast-seo-wordpress\/ -->\n<title>Trachelospermum jasminoides - Csillagj\u00e1zmin - T\u00e1jkert\u00e9sz<\/title>\n<meta name=\"description\" content=\"A Trachelospermum jasminoides - Csillagj\u00e1zmin ny\u00e1ron hosszan vir\u00e1gzik, vir\u00e1gai er\u0151sen illatosak. Meleg, napos fekv\u00e9sben fejl\u0151dik a legszebben.\" \/>\n<meta name=\"robots\" content=\"index, follow, max-snippet:-1, max-image-preview:large, max-video-preview:-1\" \/>\n<link rel=\"canonical\" href=\"https:\/\/tajkertesz.com\/en_US\/product\/trachelospermum-jasminoides-csillagjazmin\/\" \/>\n<meta property=\"og:locale\" content=\"en_US\" \/>\n<meta property=\"og:type\" content=\"article\" \/>\n<meta property=\"og:title\" content=\"Trachelospermum jasminoides - Csillagj\u00e1zmin - T\u00e1jkert\u00e9sz\" \/>\n<meta property=\"og:description\" content=\"A Trachelospermum jasminoides - Csillagj\u00e1zmin ny\u00e1ron hosszan vir\u00e1gzik, vir\u00e1gai er\u0151sen illatosak. Meleg, napos fekv\u00e9sben fejl\u0151dik a legszebben.\" \/>\n<meta property=\"og:url\" content=\"https:\/\/tajkertesz.com\/en_US\/product\/trachelospermum-jasminoides-csillagjazmin\/\" \/>\n<meta property=\"og:site_name\" content=\"T\u00e1jkert\u00e9sz\" \/>\n<meta property=\"article:publisher\" content=\"https:\/\/www.facebook.com\/Tajkertesz\/\" \/>\n<meta property=\"article:modified_time\" content=\"2026-02-21T09:23:45+00:00\" \/>\n<meta property=\"og:image\" content=\"https:\/\/tajkertesz.com\/wp-content\/uploads\/2025\/06\/Trachelospermum_jasminoides1pizzodisevo.jpg\" \/>\n\t<meta property=\"og:image:width\" content=\"1017\" \/>\n\t<meta property=\"og:image:height\" content=\"1055\" \/>\n\t<meta property=\"og:image:type\" content=\"image\/jpeg\" \/>\n<meta name=\"twitter:card\" content=\"summary_large_image\" \/>\n<meta name=\"twitter:label1\" content=\"Est. reading time\" \/>\n\t<meta name=\"twitter:data1\" content=\"2 minutes\" \/>\n<script type=\"application\/ld+json\" class=\"yoast-schema-graph\">{\"@context\":\"https:\\\/\\\/schema.org\",\"@graph\":[{\"@type\":\"WebPage\",\"@id\":\"https:\\\/\\\/tajkertesz.com\\\/termek\\\/trachelospermum-jasminoides-csillagjazmin\\\/\",\"url\":\"https:\\\/\\\/tajkertesz.com\\\/termek\\\/trachelospermum-jasminoides-csillagjazmin\\\/\",\"name\":\"Trachelospermum jasminoides - Csillagj\u00e1zmin - T\u00e1jkert\u00e9sz\",\"isPartOf\":{\"@id\":\"https:\\\/\\\/tajkertesz.com\\\/#website\"},\"primaryImageOfPage\":{\"@id\":\"https:\\\/\\\/tajkertesz.com\\\/termek\\\/trachelospermum-jasminoides-csillagjazmin\\\/#primaryimage\"},\"image\":{\"@id\":\"https:\\\/\\\/tajkertesz.com\\\/termek\\\/trachelospermum-jasminoides-csillagjazmin\\\/#primaryimage\"},\"thumbnailUrl\":\"https:\\\/\\\/tajkertesz.com\\\/wp-content\\\/uploads\\\/2025\\\/06\\\/Trachelospermum_jasminoides1pizzodisevo.jpg\",\"datePublished\":\"2025-06-05T12:52:38+00:00\",\"dateModified\":\"2026-02-21T09:23:45+00:00\",\"description\":\"A Trachelospermum jasminoides - Csillagj\u00e1zmin ny\u00e1ron hosszan vir\u00e1gzik, vir\u00e1gai er\u0151sen illatosak. Meleg, napos fekv\u00e9sben fejl\u0151dik a legszebben.\",\"breadcrumb\":{\"@id\":\"https:\\\/\\\/tajkertesz.com\\\/termek\\\/trachelospermum-jasminoides-csillagjazmin\\\/#breadcrumb\"},\"inLanguage\":\"en-US\",\"potentialAction\":[{\"@type\":\"ReadAction\",\"target\":[\"https:\\\/\\\/tajkertesz.com\\\/termek\\\/trachelospermum-jasminoides-csillagjazmin\\\/\"]}]},{\"@type\":\"ImageObject\",\"inLanguage\":\"en-US\",\"@id\":\"https:\\\/\\\/tajkertesz.com\\\/termek\\\/trachelospermum-jasminoides-csillagjazmin\\\/#primaryimage\",\"url\":\"https:\\\/\\\/tajkertesz.com\\\/wp-content\\\/uploads\\\/2025\\\/06\\\/Trachelospermum_jasminoides1pizzodisevo.jpg\",\"contentUrl\":\"https:\\\/\\\/tajkertesz.com\\\/wp-content\\\/uploads\\\/2025\\\/06\\\/Trachelospermum_jasminoides1pizzodisevo.jpg\",\"width\":1017,\"height\":1055,\"caption\":\"Trachelospermum jasminoides - Csillagj\u00e1zmin\"},{\"@type\":\"BreadcrumbList\",\"@id\":\"https:\\\/\\\/tajkertesz.com\\\/termek\\\/trachelospermum-jasminoides-csillagjazmin\\\/#breadcrumb\",\"itemListElement\":[{\"@type\":\"ListItem\",\"position\":1,\"name\":\"Home\",\"item\":\"https:\\\/\\\/tajkertesz.com\\\/\"},{\"@type\":\"ListItem\",\"position\":2,\"name\":\"Kezd\u0151lap\",\"item\":\"https:\\\/\\\/tajkertesz.com\\\/\"},{\"@type\":\"ListItem\",\"position\":3,\"name\":\"Trachelospermum jasminoides &#8211; Csillagj\u00e1zmin\"}]},{\"@type\":\"WebSite\",\"@id\":\"https:\\\/\\\/tajkertesz.com\\\/#website\",\"url\":\"https:\\\/\\\/tajkertesz.com\\\/\",\"name\":\"T\u00e1j-Kert\u00e9sz 84 Kft.\",\"description\":\"Kert\u00e9szeti kis- \u00e9s nagykeresked\u00e9s, D\u00edszn\u00f6v\u00e9ny web\u00e1ruh\u00e1z orsz\u00e1gos h\u00e1zhozsz\u00e1ll\u00edt\u00e1ssal!\",\"publisher\":{\"@id\":\"https:\\\/\\\/tajkertesz.com\\\/#organization\"},\"potentialAction\":[{\"@type\":\"SearchAction\",\"target\":{\"@type\":\"EntryPoint\",\"urlTemplate\":\"https:\\\/\\\/tajkertesz.com\\\/?s={search_term_string}\"},\"query-input\":{\"@type\":\"PropertyValueSpecification\",\"valueRequired\":true,\"valueName\":\"search_term_string\"}}],\"inLanguage\":\"en-US\"},{\"@type\":\"Organization\",\"@id\":\"https:\\\/\\\/tajkertesz.com\\\/#organization\",\"name\":\"T\u00e1j-Kert\u00e9sz 84 Kft.\",\"url\":\"https:\\\/\\\/tajkertesz.com\\\/\",\"logo\":{\"@type\":\"ImageObject\",\"inLanguage\":\"en-US\",\"@id\":\"https:\\\/\\\/tajkertesz.com\\\/#\\\/schema\\\/logo\\\/image\\\/\",\"url\":\"https:\\\/\\\/tajkertesz.com\\\/wp-content\\\/uploads\\\/2018\\\/02\\\/logo-2-e1518678052539.png\",\"contentUrl\":\"https:\\\/\\\/tajkertesz.com\\\/wp-content\\\/uploads\\\/2018\\\/02\\\/logo-2-e1518678052539.png\",\"width\":81,\"height\":140,\"caption\":\"T\u00e1j-Kert\u00e9sz 84 Kft.\"},\"image\":{\"@id\":\"https:\\\/\\\/tajkertesz.com\\\/#\\\/schema\\\/logo\\\/image\\\/\"},\"sameAs\":[\"https:\\\/\\\/www.facebook.com\\\/Tajkertesz\\\/\"]}]}<\/script>\n<!-- \/ Yoast SEO plugin. -->","yoast_head_json":{"title":"Trachelospermum jasminoides - Csillagj\u00e1zmin - T\u00e1jkert\u00e9sz","description":"A Trachelospermum jasminoides - Csillagj\u00e1zmin ny\u00e1ron hosszan vir\u00e1gzik, vir\u00e1gai er\u0151sen illatosak. Meleg, napos fekv\u00e9sben fejl\u0151dik a legszebben.","robots":{"index":"index","follow":"follow","max-snippet":"max-snippet:-1","max-image-preview":"max-image-preview:large","max-video-preview":"max-video-preview:-1"},"canonical":"https:\/\/tajkertesz.com\/en_US\/product\/trachelospermum-jasminoides-csillagjazmin\/","og_locale":"en_US","og_type":"article","og_title":"Trachelospermum jasminoides - Csillagj\u00e1zmin - T\u00e1jkert\u00e9sz","og_description":"A Trachelospermum jasminoides - Csillagj\u00e1zmin ny\u00e1ron hosszan vir\u00e1gzik, vir\u00e1gai er\u0151sen illatosak. Meleg, napos fekv\u00e9sben fejl\u0151dik a legszebben.","og_url":"https:\/\/tajkertesz.com\/en_US\/product\/trachelospermum-jasminoides-csillagjazmin\/","og_site_name":"T\u00e1jkert\u00e9sz","article_publisher":"https:\/\/www.facebook.com\/Tajkertesz\/","article_modified_time":"2026-02-21T09:23:45+00:00","og_image":[{"width":1017,"height":1055,"url":"https:\/\/tajkertesz.com\/wp-content\/uploads\/2025\/06\/Trachelospermum_jasminoides1pizzodisevo.jpg","type":"image\/jpeg"}],"twitter_card":"summary_large_image","twitter_misc":{"Est. reading time":"2 minutes"},"schema":{"@context":"https:\/\/schema.org","@graph":[{"@type":"WebPage","@id":"https:\/\/tajkertesz.com\/termek\/trachelospermum-jasminoides-csillagjazmin\/","url":"https:\/\/tajkertesz.com\/termek\/trachelospermum-jasminoides-csillagjazmin\/","name":"Trachelospermum jasminoides - Csillagj\u00e1zmin - T\u00e1jkert\u00e9sz","isPartOf":{"@id":"https:\/\/tajkertesz.com\/#website"},"primaryImageOfPage":{"@id":"https:\/\/tajkertesz.com\/termek\/trachelospermum-jasminoides-csillagjazmin\/#primaryimage"},"image":{"@id":"https:\/\/tajkertesz.com\/termek\/trachelospermum-jasminoides-csillagjazmin\/#primaryimage"},"thumbnailUrl":"https:\/\/tajkertesz.com\/wp-content\/uploads\/2025\/06\/Trachelospermum_jasminoides1pizzodisevo.jpg","datePublished":"2025-06-05T12:52:38+00:00","dateModified":"2026-02-21T09:23:45+00:00","description":"A Trachelospermum jasminoides - Csillagj\u00e1zmin ny\u00e1ron hosszan vir\u00e1gzik, vir\u00e1gai er\u0151sen illatosak. Meleg, napos fekv\u00e9sben fejl\u0151dik a legszebben.","breadcrumb":{"@id":"https:\/\/tajkertesz.com\/termek\/trachelospermum-jasminoides-csillagjazmin\/#breadcrumb"},"inLanguage":"en-US","potentialAction":[{"@type":"ReadAction","target":["https:\/\/tajkertesz.com\/termek\/trachelospermum-jasminoides-csillagjazmin\/"]}]},{"@type":"ImageObject","inLanguage":"en-US","@id":"https:\/\/tajkertesz.com\/termek\/trachelospermum-jasminoides-csillagjazmin\/#primaryimage","url":"https:\/\/tajkertesz.com\/wp-content\/uploads\/2025\/06\/Trachelospermum_jasminoides1pizzodisevo.jpg","contentUrl":"https:\/\/tajkertesz.com\/wp-content\/uploads\/2025\/06\/Trachelospermum_jasminoides1pizzodisevo.jpg","width":1017,"height":1055,"caption":"Trachelospermum jasminoides - Csillagj\u00e1zmin"},{"@type":"BreadcrumbList","@id":"https:\/\/tajkertesz.com\/termek\/trachelospermum-jasminoides-csillagjazmin\/#breadcrumb","itemListElement":[{"@type":"ListItem","position":1,"name":"Home","item":"https:\/\/tajkertesz.com\/"},{"@type":"ListItem","position":2,"name":"Kezd\u0151lap","item":"https:\/\/tajkertesz.com\/"},{"@type":"ListItem","position":3,"name":"Trachelospermum jasminoides &#8211; Csillagj\u00e1zmin"}]},{"@type":"WebSite","@id":"https:\/\/tajkertesz.com\/#website","url":"https:\/\/tajkertesz.com\/","name":"T\u00e1j-Kert\u00e9sz 84 Kft.","description":"Kert\u00e9szeti kis- \u00e9s nagykeresked\u00e9s, D\u00edszn\u00f6v\u00e9ny web\u00e1ruh\u00e1z orsz\u00e1gos h\u00e1zhozsz\u00e1ll\u00edt\u00e1ssal!","publisher":{"@id":"https:\/\/tajkertesz.com\/#organization"},"potentialAction":[{"@type":"SearchAction","target":{"@type":"EntryPoint","urlTemplate":"https:\/\/tajkertesz.com\/?s={search_term_string}"},"query-input":{"@type":"PropertyValueSpecification","valueRequired":true,"valueName":"search_term_string"}}],"inLanguage":"en-US"},{"@type":"Organization","@id":"https:\/\/tajkertesz.com\/#organization","name":"T\u00e1j-Kert\u00e9sz 84 Kft.","url":"https:\/\/tajkertesz.com\/","logo":{"@type":"ImageObject","inLanguage":"en-US","@id":"https:\/\/tajkertesz.com\/#\/schema\/logo\/image\/","url":"https:\/\/tajkertesz.com\/wp-content\/uploads\/2018\/02\/logo-2-e1518678052539.png","contentUrl":"https:\/\/tajkertesz.com\/wp-content\/uploads\/2018\/02\/logo-2-e1518678052539.png","width":81,"height":140,"caption":"T\u00e1j-Kert\u00e9sz 84 Kft."},"image":{"@id":"https:\/\/tajkertesz.com\/#\/schema\/logo\/image\/"},"sameAs":["https:\/\/www.facebook.com\/Tajkertesz\/"]}]}},"_links":{"self":[{"href":"https:\/\/tajkertesz.com\/en_US\/wp-json\/wp\/v2\/product\/23674","targetHints":{"allow":["GET"]}}],"collection":[{"href":"https:\/\/tajkertesz.com\/en_US\/wp-json\/wp\/v2\/product"}],"about":[{"href":"https:\/\/tajkertesz.com\/en_US\/wp-json\/wp\/v2\/types\/product"}],"wp:featuredmedia":[{"embeddable":true,"href":"https:\/\/tajkertesz.com\/en_US\/wp-json\/wp\/v2\/media\/23675"}],"wp:attachment":[{"href":"https:\/\/tajkertesz.com\/en_US\/wp-json\/wp\/v2\/media?parent=23674"}],"wp:term":[{"taxonomy":"product_brand","embeddable":true,"href":"https:\/\/tajkertesz.com\/en_US\/wp-json\/wp\/v2\/product_brand?post=23674"},{"taxonomy":"product_cat","embeddable":true,"href":"https:\/\/tajkertesz.com\/en_US\/wp-json\/wp\/v2\/product_cat?post=23674"},{"taxonomy":"product_tag","embeddable":true,"href":"https:\/\/tajkertesz.com\/en_US\/wp-json\/wp\/v2\/product_tag?post=23674"}],"curies":[{"name":"wp","href":"https:\/\/api.w.org\/{rel}","templated":true}]}}