{"id":23717,"date":"2025-06-10T15:04:04","date_gmt":"2025-06-10T15:04:04","guid":{"rendered":"https:\/\/tajkertesz.com\/?post_type=product&#038;p=23717"},"modified":"2025-06-10T15:04:10","modified_gmt":"2025-06-10T15:04:10","slug":"compo-triathlon-rovarolo-075l","status":"publish","type":"product","link":"https:\/\/tajkertesz.com\/en_US\/product\/compo-triathlon-rovarolo-075l\/","title":{"rendered":"Compo Triathlon rovar\u00f6l\u0151 0,75L."},"content":{"rendered":"<h1>Compo Triathlon rovar\u00f6l\u0151 0,75L.<\/h1>\n<p>Compo Triathlon rovar\u00f6l\u0151 0,75L.<\/p>\n<h1 class=\"Headline__StyledHeadline-sc-11zsl34-0 FfYtq\"><\/h1>\n<div class=\"RichText__RichTextStyled-n6w46d-0 gQgQWS  isWindows\">\n<ul>\n<li>\n<div>rovarirt\u00f3 \u00e9s akaricid, h\u00e1romszoros hat\u00e1s\u00fa a sz\u00edv\u00f3 \u00e9s harap\u00f3 rovarok, valamint a p\u00f3k atk\u00e1k ellen<\/div>\n<\/li>\n<li>\n<div>harap\u00f3 rovarok: b\u00fckkf\u00far\u00f3, lev\u00e9lp\u00f3k, apr\u00f3 lepk\u00e9k, zsizsikek, bog\u00e1r, b\u00e1ny\u00e1szlegyek, gyapj\u00fa fon\u00f3<\/div>\n<\/li>\n<li>\n<div>szop\u00f3 rovarok: pl. Lev\u00e9ltetvek, tripszek, cikad\u00e1k, de a feh\u00e9r legyek, pajzsok (gyapj\u00fa \u00e9s ken\u00f5 tetvek)<\/div>\n<\/li>\n<li>\n<div>d\u00edszn\u00f6v\u00e9nyekhez szob\u00e1ban, irod\u00e1ban, erk\u00e9lyen \u00e9s teraszon, valamint az \u00fcvegh\u00e1zban \u00e9s a kertben<\/div>\n<\/li>\n<li>\n<div>term\u00e9szetes alapanyagokkal<\/div>\n<\/li>\n<li>\n<div>kellemes illat\u00fa<\/div>\n<\/li>\n<li>\n<div>felhaszn\u00e1l\u00f3bar\u00e1t<\/div>\n<\/li>\n<\/ul>\n<p>&nbsp;<\/p>\n<\/div>\n<div class=\"FakeCheckout__Wrapper-sc-1bveslr-0 enGZLF\">\n<p>Akt\u00edv \u00f6sszetev\u0151k: term\u00e9szetes piretrin \u00e9s abamectin<\/p>\n<\/div>\n<p>&nbsp;<\/p>\n<div class=\"FakeCheckout__Wrapper-sc-1bveslr-0 enGZLF\">\n<div>\n<p><strong>D\u00edszn\u00f6v\u00e9nyek kezel\u00e9s\u00e9re szob\u00e1ban, irod\u00e1ban, balkonon, teraszon, \u00fcvegh\u00e1zban \u00e9s kertben.<\/strong><\/p>\n<p>Hat\u00f3anyag: abamektin \u00e9s piretrinek<\/p>\n<p>Alkalmaz\u00e1si id\u0151szak: eg\u00e9sz \u00e9vben.<\/p>\n<h3 class=\"Headline__StyledHeadline-sc-11zsl34-0 bcujiq\">Compo Triathlon haszn\u00e1lati javaslat<\/h3>\n<div class=\"RichText__RichTextStyled-n6w46d-0 eOKYXK\">Haszn\u00e1lat el\u0151tt r\u00e1zd fel a flakont.\u00a0\u00a0A legjobb hat\u00e1s el\u00e9r\u00e9s\u00e9\u00e9rt,\u00a0vesd be a term\u00e9ket, amint a fert\u0151z\u00e9s megkezd\u0151dik, vagy az els\u0151 t\u00fcnetek\/k\u00e1ros\u00edt\u00f3 szervezetek l\u00e1that\u00f3v\u00e1 v\u00e1lnak.\u00a0Permetezd be egyenletesen, minden oldalr\u00f3l\u00a0az \u00e9rintett n\u00f6v\u00e9nyeket.\u00a0Tripsz \u00e9s tak\u00e1csatka fert\u0151z\u00f6tts\u00e9g eset\u00e9n lehet\u0151s\u00e9g szerint a levelek als\u00f3 oldal\u00e1t is kezelni kell.\u00a0Amennyiben \u00fagy l\u00e1tod, hogy sz\u00fcks\u00e9ges, ism\u00e9teld meg a folyamatot 7-10 nap m\u00falva, ak\u00e1r t\u00f6bbsz\u00f6r is.<\/div>\n<p>&nbsp;<\/p>\n<p>Term\u00e9k m\u00e9ret (h x sz x m): 11 \u00d7 7 \u00d7 26 cm<\/p>\n<\/div>\n<\/div>\n<p style=\"line-height: 18.0pt; background: white; margin: 0cm 0cm 15.0pt 0cm;\"><b><span style=\"font-family: 'Ubuntu',sans-serif; color: black;\">K\u00e9szlet\u00fcnk napi szinten v\u00e1ltozik, ez\u00e9rt k\u00e9rj\u00fck, \u00e9rdekl\u0151dj\u00f6n szem\u00e9lyesen, telefonon vagy email-en.<br \/>\nA v\u00e1ltoztat\u00e1s jog\u00e1t fenntartjuk!\u00a0<\/span><\/b><\/p>\n<p><a href=\"https:\/\/tajkertesz.com\/\">https:\/\/tajkertesz.com\/<\/a><\/p>\n<p><a href=\"https:\/\/www.facebook.com\/tajkertesz\/\">https:\/\/www.facebook.com\/tajkertesz\/<\/a><\/p>\n<p>Kisz\u00e1ll\u00edt\u00e1s: 200cm-ig \u00e9s 40 kg-ig a sz\u00e1ll\u00edt\u00e1s fut\u00e1rszolg\u00e1lattal t\u00f6rt\u00e9nik.<\/p>\n<p>Szem\u00e9lyes \u00e1tv\u00e9tel nyitvatart\u00e1si id\u0151ben a 17. ker\u00fclet Bakancsos utca 7. sz\u00e1m alatti Kert\u00e9szeti \u00e1rud\u00e1nkban.<\/p>\n<p><b><u>Kert\u00e9p\u00edt\u0151k \u00e9s viszontelad\u00f3k regisztr\u00e1l\u00e1s ut\u00e1n egyedi kedvezm\u00e9nnyel v\u00e1s\u00e1rolhatnak kert\u00e9szeti kis-\u00e9s nagykeresked\u00e9s\u00fcnkben.<\/u><\/b><\/p>","protected":false},"excerpt":{"rendered":"<h1 class=\"Headline__StyledHeadline-sc-11zsl34-0 FfYtq\">COMPO triathlon rovar\u00f6l\u0151<\/h1>\n<div class=\"RichText__RichTextStyled-n6w46d-0 gQgQWS  isWindows\">\n<ul>\n<li>\n<div>rovarirt\u00f3 \u00e9s akaricid, h\u00e1romszoros hat\u00e1s\u00fa a sz\u00edv\u00f3 \u00e9s harap\u00f3 rovarok, valamint a p\u00f3k atk\u00e1k ellen<\/div>\n<\/li>\n<li>\n<div>harap\u00f3 rovarok: b\u00fckkf\u00far\u00f3, lev\u00e9lp\u00f3k, apr\u00f3 lepk\u00e9k, zsizsikek, bog\u00e1r, b\u00e1ny\u00e1szlegyek, gyapj\u00fa fon\u00f3<\/div>\n<\/li>\n<li>\n<div>szop\u00f3 rovarok: pl. Lev\u00e9ltetvek, tripszek, cikad\u00e1k, de a feh\u00e9r legyek, pajzsok (gyapj\u00fa \u00e9s ken\u00f5 tetvek)<\/div>\n<\/li>\n<li>\n<div>d\u00edszn\u00f6v\u00e9nyekhez szob\u00e1ban, irod\u00e1ban, erk\u00e9lyen \u00e9s teraszon, valamint az \u00fcvegh\u00e1zban \u00e9s a kertben<\/div>\n<\/li>\n<li>\n<div>term\u00e9szetes alapanyagokkal<\/div>\n<\/li>\n<li>\n<div>kellemes illat\u00fa<\/div>\n<\/li>\n<li>\n<div>felhaszn\u00e1l\u00f3bar\u00e1t<\/div>\n<\/li>\n<\/ul>\n<\/div>\n<div class=\"FakeCheckout__Wrapper-sc-1bveslr-0 enGZLF\">\n<div><\/div>\n<\/div>","protected":false},"featured_media":23719,"template":"","meta":{"_et_pb_use_builder":"","_et_pb_old_content":"","_et_gb_content_width":""},"product_brand":[],"product_cat":[3423],"product_tag":[],"class_list":{"0":"post-23717","1":"product","2":"type-product","3":"status-publish","4":"has-post-thumbnail","6":"product_cat-rovarolo-szer","8":"first","9":"instock","10":"shipping-taxable","11":"purchasable","12":"product-type-simple"},"yoast_head":"<!-- This site is optimized with the Yoast SEO plugin v27.5 - https:\/\/yoast.com\/product\/yoast-seo-wordpress\/ -->\n<title>Compo Triathlon rovar\u00f6l\u0151 0,75L. - T\u00e1jkert\u00e9sz<\/title>\n<meta name=\"description\" content=\"Compo Triathlon rovar\u00f6l\u0151 0,75L. Hat\u00f3anyag: abamektin 0,015 gr\/l \u00e9s piretrinek 0,2 g\/l. Le\u00edr\u00e1s Permetszer szip\u00f3k\u00e1s rovarok ellen.\" \/>\n<meta name=\"robots\" content=\"index, follow, max-snippet:-1, max-image-preview:large, max-video-preview:-1\" \/>\n<link rel=\"canonical\" href=\"https:\/\/tajkertesz.com\/en_US\/product\/compo-triathlon-rovarolo-075l\/\" \/>\n<meta property=\"og:locale\" content=\"en_US\" \/>\n<meta property=\"og:type\" content=\"article\" \/>\n<meta property=\"og:title\" content=\"Compo Triathlon rovar\u00f6l\u0151 0,75L. - T\u00e1jkert\u00e9sz\" \/>\n<meta property=\"og:description\" content=\"Compo Triathlon rovar\u00f6l\u0151 0,75L. Hat\u00f3anyag: abamektin 0,015 gr\/l \u00e9s piretrinek 0,2 g\/l. Le\u00edr\u00e1s Permetszer szip\u00f3k\u00e1s rovarok ellen.\" \/>\n<meta property=\"og:url\" content=\"https:\/\/tajkertesz.com\/en_US\/product\/compo-triathlon-rovarolo-075l\/\" \/>\n<meta property=\"og:site_name\" content=\"T\u00e1jkert\u00e9sz\" \/>\n<meta property=\"article:publisher\" content=\"https:\/\/www.facebook.com\/Tajkertesz\/\" \/>\n<meta property=\"article:modified_time\" content=\"2025-06-10T15:04:10+00:00\" \/>\n<meta property=\"og:image\" content=\"https:\/\/tajkertesz.com\/wp-content\/uploads\/2025\/06\/comp1201.jpg\" \/>\n\t<meta property=\"og:image:width\" content=\"940\" \/>\n\t<meta property=\"og:image:height\" content=\"788\" \/>\n\t<meta property=\"og:image:type\" content=\"image\/jpeg\" \/>\n<meta name=\"twitter:card\" content=\"summary_large_image\" \/>\n<meta name=\"twitter:label1\" content=\"Est. reading time\" \/>\n\t<meta name=\"twitter:data1\" content=\"2 minutes\" \/>\n<script type=\"application\/ld+json\" class=\"yoast-schema-graph\">{\"@context\":\"https:\\\/\\\/schema.org\",\"@graph\":[{\"@type\":\"WebPage\",\"@id\":\"https:\\\/\\\/tajkertesz.com\\\/termek\\\/compo-triathlon-rovarolo-075l\\\/\",\"url\":\"https:\\\/\\\/tajkertesz.com\\\/termek\\\/compo-triathlon-rovarolo-075l\\\/\",\"name\":\"Compo Triathlon rovar\u00f6l\u0151 0,75L. - T\u00e1jkert\u00e9sz\",\"isPartOf\":{\"@id\":\"https:\\\/\\\/tajkertesz.com\\\/#website\"},\"primaryImageOfPage\":{\"@id\":\"https:\\\/\\\/tajkertesz.com\\\/termek\\\/compo-triathlon-rovarolo-075l\\\/#primaryimage\"},\"image\":{\"@id\":\"https:\\\/\\\/tajkertesz.com\\\/termek\\\/compo-triathlon-rovarolo-075l\\\/#primaryimage\"},\"thumbnailUrl\":\"https:\\\/\\\/tajkertesz.com\\\/wp-content\\\/uploads\\\/2025\\\/06\\\/comp1201.jpg\",\"datePublished\":\"2025-06-10T15:04:04+00:00\",\"dateModified\":\"2025-06-10T15:04:10+00:00\",\"description\":\"Compo Triathlon rovar\u00f6l\u0151 0,75L. Hat\u00f3anyag: abamektin 0,015 gr\\\/l \u00e9s piretrinek 0,2 g\\\/l. Le\u00edr\u00e1s Permetszer szip\u00f3k\u00e1s rovarok ellen.\",\"breadcrumb\":{\"@id\":\"https:\\\/\\\/tajkertesz.com\\\/termek\\\/compo-triathlon-rovarolo-075l\\\/#breadcrumb\"},\"inLanguage\":\"en-US\",\"potentialAction\":[{\"@type\":\"ReadAction\",\"target\":[\"https:\\\/\\\/tajkertesz.com\\\/termek\\\/compo-triathlon-rovarolo-075l\\\/\"]}]},{\"@type\":\"ImageObject\",\"inLanguage\":\"en-US\",\"@id\":\"https:\\\/\\\/tajkertesz.com\\\/termek\\\/compo-triathlon-rovarolo-075l\\\/#primaryimage\",\"url\":\"https:\\\/\\\/tajkertesz.com\\\/wp-content\\\/uploads\\\/2025\\\/06\\\/comp1201.jpg\",\"contentUrl\":\"https:\\\/\\\/tajkertesz.com\\\/wp-content\\\/uploads\\\/2025\\\/06\\\/comp1201.jpg\",\"width\":940,\"height\":788,\"caption\":\"Compo Triathlon rovar\u00f6l\u0151 0,75L.\"},{\"@type\":\"BreadcrumbList\",\"@id\":\"https:\\\/\\\/tajkertesz.com\\\/termek\\\/compo-triathlon-rovarolo-075l\\\/#breadcrumb\",\"itemListElement\":[{\"@type\":\"ListItem\",\"position\":1,\"name\":\"Home\",\"item\":\"https:\\\/\\\/tajkertesz.com\\\/\"},{\"@type\":\"ListItem\",\"position\":2,\"name\":\"Kezd\u0151lap\",\"item\":\"https:\\\/\\\/tajkertesz.com\\\/\"},{\"@type\":\"ListItem\",\"position\":3,\"name\":\"Compo Triathlon rovar\u00f6l\u0151 0,75L.\"}]},{\"@type\":\"WebSite\",\"@id\":\"https:\\\/\\\/tajkertesz.com\\\/#website\",\"url\":\"https:\\\/\\\/tajkertesz.com\\\/\",\"name\":\"T\u00e1j-Kert\u00e9sz 84 Kft.\",\"description\":\"Kert\u00e9szeti kis- \u00e9s nagykeresked\u00e9s, D\u00edszn\u00f6v\u00e9ny web\u00e1ruh\u00e1z orsz\u00e1gos h\u00e1zhozsz\u00e1ll\u00edt\u00e1ssal!\",\"publisher\":{\"@id\":\"https:\\\/\\\/tajkertesz.com\\\/#organization\"},\"potentialAction\":[{\"@type\":\"SearchAction\",\"target\":{\"@type\":\"EntryPoint\",\"urlTemplate\":\"https:\\\/\\\/tajkertesz.com\\\/?s={search_term_string}\"},\"query-input\":{\"@type\":\"PropertyValueSpecification\",\"valueRequired\":true,\"valueName\":\"search_term_string\"}}],\"inLanguage\":\"en-US\"},{\"@type\":\"Organization\",\"@id\":\"https:\\\/\\\/tajkertesz.com\\\/#organization\",\"name\":\"T\u00e1j-Kert\u00e9sz 84 Kft.\",\"url\":\"https:\\\/\\\/tajkertesz.com\\\/\",\"logo\":{\"@type\":\"ImageObject\",\"inLanguage\":\"en-US\",\"@id\":\"https:\\\/\\\/tajkertesz.com\\\/#\\\/schema\\\/logo\\\/image\\\/\",\"url\":\"https:\\\/\\\/tajkertesz.com\\\/wp-content\\\/uploads\\\/2018\\\/02\\\/logo-2-e1518678052539.png\",\"contentUrl\":\"https:\\\/\\\/tajkertesz.com\\\/wp-content\\\/uploads\\\/2018\\\/02\\\/logo-2-e1518678052539.png\",\"width\":81,\"height\":140,\"caption\":\"T\u00e1j-Kert\u00e9sz 84 Kft.\"},\"image\":{\"@id\":\"https:\\\/\\\/tajkertesz.com\\\/#\\\/schema\\\/logo\\\/image\\\/\"},\"sameAs\":[\"https:\\\/\\\/www.facebook.com\\\/Tajkertesz\\\/\"]}]}<\/script>\n<!-- \/ Yoast SEO plugin. -->","yoast_head_json":{"title":"Compo Triathlon rovar\u00f6l\u0151 0,75L. - T\u00e1jkert\u00e9sz","description":"Compo Triathlon rovar\u00f6l\u0151 0,75L. Hat\u00f3anyag: abamektin 0,015 gr\/l \u00e9s piretrinek 0,2 g\/l. Le\u00edr\u00e1s Permetszer szip\u00f3k\u00e1s rovarok ellen.","robots":{"index":"index","follow":"follow","max-snippet":"max-snippet:-1","max-image-preview":"max-image-preview:large","max-video-preview":"max-video-preview:-1"},"canonical":"https:\/\/tajkertesz.com\/en_US\/product\/compo-triathlon-rovarolo-075l\/","og_locale":"en_US","og_type":"article","og_title":"Compo Triathlon rovar\u00f6l\u0151 0,75L. - T\u00e1jkert\u00e9sz","og_description":"Compo Triathlon rovar\u00f6l\u0151 0,75L. Hat\u00f3anyag: abamektin 0,015 gr\/l \u00e9s piretrinek 0,2 g\/l. Le\u00edr\u00e1s Permetszer szip\u00f3k\u00e1s rovarok ellen.","og_url":"https:\/\/tajkertesz.com\/en_US\/product\/compo-triathlon-rovarolo-075l\/","og_site_name":"T\u00e1jkert\u00e9sz","article_publisher":"https:\/\/www.facebook.com\/Tajkertesz\/","article_modified_time":"2025-06-10T15:04:10+00:00","og_image":[{"width":940,"height":788,"url":"https:\/\/tajkertesz.com\/wp-content\/uploads\/2025\/06\/comp1201.jpg","type":"image\/jpeg"}],"twitter_card":"summary_large_image","twitter_misc":{"Est. reading time":"2 minutes"},"schema":{"@context":"https:\/\/schema.org","@graph":[{"@type":"WebPage","@id":"https:\/\/tajkertesz.com\/termek\/compo-triathlon-rovarolo-075l\/","url":"https:\/\/tajkertesz.com\/termek\/compo-triathlon-rovarolo-075l\/","name":"Compo Triathlon rovar\u00f6l\u0151 0,75L. - T\u00e1jkert\u00e9sz","isPartOf":{"@id":"https:\/\/tajkertesz.com\/#website"},"primaryImageOfPage":{"@id":"https:\/\/tajkertesz.com\/termek\/compo-triathlon-rovarolo-075l\/#primaryimage"},"image":{"@id":"https:\/\/tajkertesz.com\/termek\/compo-triathlon-rovarolo-075l\/#primaryimage"},"thumbnailUrl":"https:\/\/tajkertesz.com\/wp-content\/uploads\/2025\/06\/comp1201.jpg","datePublished":"2025-06-10T15:04:04+00:00","dateModified":"2025-06-10T15:04:10+00:00","description":"Compo Triathlon rovar\u00f6l\u0151 0,75L. Hat\u00f3anyag: abamektin 0,015 gr\/l \u00e9s piretrinek 0,2 g\/l. Le\u00edr\u00e1s Permetszer szip\u00f3k\u00e1s rovarok ellen.","breadcrumb":{"@id":"https:\/\/tajkertesz.com\/termek\/compo-triathlon-rovarolo-075l\/#breadcrumb"},"inLanguage":"en-US","potentialAction":[{"@type":"ReadAction","target":["https:\/\/tajkertesz.com\/termek\/compo-triathlon-rovarolo-075l\/"]}]},{"@type":"ImageObject","inLanguage":"en-US","@id":"https:\/\/tajkertesz.com\/termek\/compo-triathlon-rovarolo-075l\/#primaryimage","url":"https:\/\/tajkertesz.com\/wp-content\/uploads\/2025\/06\/comp1201.jpg","contentUrl":"https:\/\/tajkertesz.com\/wp-content\/uploads\/2025\/06\/comp1201.jpg","width":940,"height":788,"caption":"Compo Triathlon rovar\u00f6l\u0151 0,75L."},{"@type":"BreadcrumbList","@id":"https:\/\/tajkertesz.com\/termek\/compo-triathlon-rovarolo-075l\/#breadcrumb","itemListElement":[{"@type":"ListItem","position":1,"name":"Home","item":"https:\/\/tajkertesz.com\/"},{"@type":"ListItem","position":2,"name":"Kezd\u0151lap","item":"https:\/\/tajkertesz.com\/"},{"@type":"ListItem","position":3,"name":"Compo Triathlon rovar\u00f6l\u0151 0,75L."}]},{"@type":"WebSite","@id":"https:\/\/tajkertesz.com\/#website","url":"https:\/\/tajkertesz.com\/","name":"T\u00e1j-Kert\u00e9sz 84 Kft.","description":"Kert\u00e9szeti kis- \u00e9s nagykeresked\u00e9s, D\u00edszn\u00f6v\u00e9ny web\u00e1ruh\u00e1z orsz\u00e1gos h\u00e1zhozsz\u00e1ll\u00edt\u00e1ssal!","publisher":{"@id":"https:\/\/tajkertesz.com\/#organization"},"potentialAction":[{"@type":"SearchAction","target":{"@type":"EntryPoint","urlTemplate":"https:\/\/tajkertesz.com\/?s={search_term_string}"},"query-input":{"@type":"PropertyValueSpecification","valueRequired":true,"valueName":"search_term_string"}}],"inLanguage":"en-US"},{"@type":"Organization","@id":"https:\/\/tajkertesz.com\/#organization","name":"T\u00e1j-Kert\u00e9sz 84 Kft.","url":"https:\/\/tajkertesz.com\/","logo":{"@type":"ImageObject","inLanguage":"en-US","@id":"https:\/\/tajkertesz.com\/#\/schema\/logo\/image\/","url":"https:\/\/tajkertesz.com\/wp-content\/uploads\/2018\/02\/logo-2-e1518678052539.png","contentUrl":"https:\/\/tajkertesz.com\/wp-content\/uploads\/2018\/02\/logo-2-e1518678052539.png","width":81,"height":140,"caption":"T\u00e1j-Kert\u00e9sz 84 Kft."},"image":{"@id":"https:\/\/tajkertesz.com\/#\/schema\/logo\/image\/"},"sameAs":["https:\/\/www.facebook.com\/Tajkertesz\/"]}]}},"_links":{"self":[{"href":"https:\/\/tajkertesz.com\/en_US\/wp-json\/wp\/v2\/product\/23717","targetHints":{"allow":["GET"]}}],"collection":[{"href":"https:\/\/tajkertesz.com\/en_US\/wp-json\/wp\/v2\/product"}],"about":[{"href":"https:\/\/tajkertesz.com\/en_US\/wp-json\/wp\/v2\/types\/product"}],"wp:featuredmedia":[{"embeddable":true,"href":"https:\/\/tajkertesz.com\/en_US\/wp-json\/wp\/v2\/media\/23719"}],"wp:attachment":[{"href":"https:\/\/tajkertesz.com\/en_US\/wp-json\/wp\/v2\/media?parent=23717"}],"wp:term":[{"taxonomy":"product_brand","embeddable":true,"href":"https:\/\/tajkertesz.com\/en_US\/wp-json\/wp\/v2\/product_brand?post=23717"},{"taxonomy":"product_cat","embeddable":true,"href":"https:\/\/tajkertesz.com\/en_US\/wp-json\/wp\/v2\/product_cat?post=23717"},{"taxonomy":"product_tag","embeddable":true,"href":"https:\/\/tajkertesz.com\/en_US\/wp-json\/wp\/v2\/product_tag?post=23717"}],"curies":[{"name":"wp","href":"https:\/\/api.w.org\/{rel}","templated":true}]}}