{"id":2374,"date":"2020-10-28T15:42:12","date_gmt":"2020-10-28T15:42:12","guid":{"rendered":"https:\/\/tajkertesz.com\/?post_type=product&#038;p=2374"},"modified":"2026-02-24T09:50:37","modified_gmt":"2026-02-24T09:50:37","slug":"buxus-sempervirens-suffruticosa-puszpang-2","status":"publish","type":"product","link":"https:\/\/tajkertesz.com\/en_US\/product\/buxus-sempervirens-suffruticosa-puszpang-2\/","title":{"rendered":"Buxus sempervirens &#8216;Suffruticosa&#8217; , Puszp\u00e1ng 30cm"},"content":{"rendered":"<p>Buxus sempervirens &#8216;Suffruticosa&#8217; , Puszp\u00e1ng<\/p>\n<p>A Buxus sempervirens &#8216;Suffruticosa&#8217; , Puszp\u00e1ng \u00a0ny\u00edr\u00e1s n\u00e9lk\u00fcl g\u00f6mb alak\u00fa. Alacsony s\u00f6v\u00e9ny kialak\u00edt\u00e1s\u00e1ra alkalmas.<\/p>\n<p>T\u00f6m\u00f6tt, lass\u00fa n\u00f6veked\u00e9s\u0171, f\u00e9nyes, apr\u00f3 level\u0171 ,1 m\u00e9ter magas, \u00f6r\u00f6kz\u00f6ld\u00a0 s\u00f6v\u00e9nycserje.<\/p>\n<p>Illatos kr\u00e9m s\u00e1rga vir\u00e1gai \u00e1prilis-m\u00e1jusban ny\u00edlnak.<\/p>\n<p>Leggyakrabban ny\u00edrott s\u00f6v\u00e9nyk\u00e9nt \u00fcltetik, mivel kit\u0171n\u0151en b\u00edrja a metsz\u00e9st \u00e9s illata miatt saj\u00e1tos hangulatot teremt.<\/p>\n<p>Jelen term\u00e9k\u00fcnk\u00a0 5 literes kont\u00e9nerben kaphat\u00f3 \u00e9s kb: 30cm\u00a0 magas.<\/p>\n<p style=\"line-height: 18.0pt; background: white; margin: 0cm 0cm 15.0pt 0cm;\"><span style=\"font-family: 'Ubuntu',serif; color: black;\">El\u00e9rhet\u0151 t\u00f6bbf\u00e9le m\u00e9retben \u00e9s \u00e1rban.<\/span><\/p>\n<p style=\"line-height: 18.0pt; background: white; margin: 0cm 0cm 15.0pt 0cm;\"><b><span style=\"font-family: 'Ubuntu',serif; color: black;\">K\u00e9szlet\u00fcnk napi szinten v\u00e1ltozik, ez\u00e9rt k\u00e9rj\u00fck, \u00e9rdekl\u0151dj\u00f6n szem\u00e9lyesen, telefonon vagy email-en.<br \/>\nA v\u00e1ltoztat\u00e1s jog\u00e1t fenntartjuk!\u00a0<\/span><\/b><\/p>\n<p><a href=\"https:\/\/tajkertesz.com\/\">https:\/\/tajkertesz.com\/<\/a><\/p>\n<p><a href=\"https:\/\/hu.wikipedia.org\/wiki\/%C3%96r%C3%B6kz%C3%B6ld_puszp%C3%A1ng\">https:\/\/hu.wikipedia.org\/wiki\/%C3%96r%C3%B6kz%C3%B6ld_puszp%C3%A1ng<\/a><\/p>\n<h6><span style=\"color: #ffffff;\"><span id=\"Sz\u00e1rmaz\u00e1sa,_elterjed\u00e9se\" class=\"mw-headline\">Sz\u00e1rmaz\u00e1sa, elterjed\u00e9se<\/span><span class=\"mw-editsection\"><span class=\"mw-editsection-bracket\">[<\/span><a style=\"color: #ffffff;\" title=\"Szakasz szerkeszt\u00e9se: Sz\u00e1rmaz\u00e1sa, elterjed\u00e9se\" href=\"https:\/\/hu.wikipedia.org\/w\/index.php?title=%C3%96r%C3%B6kz%C3%B6ld_puszp%C3%A1ng&amp;action=edit&amp;section=1\">szerkeszt\u00e9s<\/a><span class=\"mw-editsection-bracket\">]<\/span><\/span><\/span><\/h6>\n<h6><span style=\"color: #ffffff;\">D\u00e9lnyugat-<a style=\"color: #ffffff;\" title=\"\u00c1zsia\" href=\"https:\/\/hu.wikipedia.org\/wiki\/%C3%81zsia\">\u00c1zsi\u00e1t\u00f3l<\/a>,\u00a0<a style=\"color: #ffffff;\" title=\"\u00c9szak-Afrika\" href=\"https:\/\/hu.wikipedia.org\/wiki\/%C3%89szak-Afrika\">\u00c9szak-Afrik\u00e1n<\/a>\u00a0\u00e1t\u00a0<a style=\"color: #ffffff;\" title=\"D\u00e9l-Eur\u00f3pa\" href=\"https:\/\/hu.wikipedia.org\/wiki\/D%C3%A9l-Eur%C3%B3pa\">D\u00e9l-Eur\u00f3p\u00e1ig<\/a>\u00a0honos.\u00a0<a style=\"color: #ffffff;\" title=\"Eur\u00f3pa\" href=\"https:\/\/hu.wikipedia.org\/wiki\/Eur%C3%B3pa\">Eur\u00f3pa<\/a>\u00a0m\u00e1s r\u00e9szein is el\u0151fordul olyan helyeken, ahol a termesztett n\u00f6v\u00e9nyek kivadultak.<\/span><\/h6>\n<h6><span style=\"color: #ffffff;\"><span id=\"Megjelen.C3.A9se.2C_fel.C3.A9p.C3.ADt.C3.A9se\"><\/span><span id=\"Megjelen\u00e9se,_fel\u00e9p\u00edt\u00e9se\" class=\"mw-headline\">Megjelen\u00e9se, fel\u00e9p\u00edt\u00e9se<\/span><span class=\"mw-editsection\"><span class=\"mw-editsection-bracket\">[<\/span><a style=\"color: #ffffff;\" title=\"Szakasz szerkeszt\u00e9se: Megjelen\u00e9se, fel\u00e9p\u00edt\u00e9se\" href=\"https:\/\/hu.wikipedia.org\/w\/index.php?title=%C3%96r%C3%B6kz%C3%B6ld_puszp%C3%A1ng&amp;action=edit&amp;section=2\">szerkeszt\u00e9s<\/a><span class=\"mw-editsection-bracket\">]<\/span><\/span><\/span><\/h6>\n<h6><span style=\"color: #ffffff;\">Az alapfaj ny\u00edr\u00e1s n\u00e9lk\u00fcl 2-3, legfeljebb 6\u20138 m\u00e9ter magasra n\u00f6v\u0151, t\u00f6m\u00f6tt bokor vagy kis fa. \u00d6r\u00f6kz\u00f6ld.<\/span><\/h6>\n<h6><span style=\"color: #ffffff;\">F\u00e9nyes b\u0151rnem\u0171, \u00e1tellenesen \u00e1ll\u00f3, 1\u20133\u00a0cm hossz\u00fa, elliptikus vagy hossz\u00fak\u00e1s toj\u00e1s alak\u00fa levelei<sup id=\"cite_ref-1\" class=\"reference\"><a style=\"color: #ffffff;\" href=\"https:\/\/hu.wikipedia.org\/wiki\/%C3%96r%C3%B6kz%C3%B6ld_puszp%C3%A1ng#cite_note-1\">[1]<\/a><\/sup>\u00a0fel\u00fcl f\u00e9nyes s\u00f6t\u00e9tz\u00f6ldek, alul vil\u00e1gos s\u00e1rg\u00e1sz\u00f6ldek, a sz\u00e9l\u00fck visszahajlik.<\/span><\/h6>\n<h6><span style=\"color: #ffffff;\">Kis, s\u00e1rga vir\u00e1gai illatosak.<\/span><\/h6>\n<h6><span style=\"color: #ffffff;\"><span id=\".C3.89letm.C3.B3dja.2C_term.C5.91helye\"><\/span><span id=\"\u00c9letm\u00f3dja,_term\u0151helye\" class=\"mw-headline\">\u00c9letm\u00f3dja, term\u0151helye<\/span><span class=\"mw-editsection\"><span class=\"mw-editsection-bracket\">[<\/span><a style=\"color: #ffffff;\" title=\"Szakasz szerkeszt\u00e9se: \u00c9letm\u00f3dja, term\u0151helye\" href=\"https:\/\/hu.wikipedia.org\/w\/index.php?title=%C3%96r%C3%B6kz%C3%B6ld_puszp%C3%A1ng&amp;action=edit&amp;section=3\">szerkeszt\u00e9s<\/a><span class=\"mw-editsection-bracket\">]<\/span><\/span><\/span><\/h6>\n<h6><span style=\"color: #ffffff;\">A legjobban nedves talajon, f\u00e9l\u00e1rny\u00e9kban fejl\u0151dik, de a sz\u00e1raz k\u00f6rnyezetet \u00e9s a v\u00e1rosi leveg\u0151t is j\u00f3l t\u0171ri. Magyarorsz\u00e1gon t\u00e9l\u00e1ll\u00f3.<\/span><\/h6>\n<h6><span style=\"color: #ffffff;\"><span id=\"Felhaszn\u00e1l\u00e1sa\" class=\"mw-headline\">Felhaszn\u00e1l\u00e1sa<\/span><span class=\"mw-editsection\"><span class=\"mw-editsection-bracket\">[<\/span><a style=\"color: #ffffff;\" title=\"Szakasz szerkeszt\u00e9se: Felhaszn\u00e1l\u00e1sa\" href=\"https:\/\/hu.wikipedia.org\/w\/index.php?title=%C3%96r%C3%B6kz%C3%B6ld_puszp%C3%A1ng&amp;action=edit&amp;section=4\">szerkeszt\u00e9s<\/a><span class=\"mw-editsection-bracket\">]<\/span><\/span><\/span><\/h6>\n<h6><span style=\"color: #ffffff;\"><span id=\"Faipari_jelent.C5.91s.C3.A9ge\"><\/span><span id=\"Faipari_jelent\u0151s\u00e9ge\" class=\"mw-headline\">Faipari jelent\u0151s\u00e9ge<\/span><span class=\"mw-editsection\"><span class=\"mw-editsection-bracket\">[<\/span><a style=\"color: #ffffff;\" title=\"Szakasz szerkeszt\u00e9se: Faipari jelent\u0151s\u00e9ge\" href=\"https:\/\/hu.wikipedia.org\/w\/index.php?title=%C3%96r%C3%B6kz%C3%B6ld_puszp%C3%A1ng&amp;action=edit&amp;section=5\">szerkeszt\u00e9s<\/a><span class=\"mw-editsection-bracket\">]<\/span><\/span><\/span><\/h6>\n<div class=\"thumbinner\">\n<div class=\"thumbcaption\">\n<div class=\"magnify\"><\/div>\n<p><span style=\"color: #ffffff;\">A puszp\u00e1ng homog\u00e9n faanyaga<\/span><\/p>\n<\/div>\n<\/div>\n<table class=\"dablink noprint noviewer\" style=\"height: 5px;\" width=\"5\" cellspacing=\"0\" cellpadding=\"0\">\n<tbody>\n<tr>\n<td>\n<h6><span style=\"color: #ffffff;\"><a class=\"image\" style=\"color: #ffffff;\" href=\"https:\/\/hu.wikipedia.org\/wiki\/F%C3%A1jl:Searchtool_right.svg\"><img loading=\"lazy\" decoding=\"async\" src=\"https:\/\/upload.wikimedia.org\/wikipedia\/commons\/thumb\/3\/32\/Searchtool_right.svg\/14px-Searchtool_right.svg.png\" srcset=\"\/\/upload.wikimedia.org\/wikipedia\/commons\/thumb\/3\/32\/Searchtool_right.svg\/21px-Searchtool_right.svg.png 1.5x, \/\/upload.wikimedia.org\/wikipedia\/commons\/thumb\/3\/32\/Searchtool_right.svg\/28px-Searchtool_right.svg.png 2x\" alt=\"Searchtool right.svg\" width=\"14\" height=\"14\" data-file-width=\"60\" data-file-height=\"60\" \/><\/a><\/span><\/h6>\n<\/td>\n<td><\/td>\n<\/tr>\n<\/tbody>\n<\/table>\n<h6><span style=\"color: #ffffff;\">Az eur\u00f3pai faanyagok k\u00f6z\u00fcl a puszp\u00e1ng a legnagyobb\u00a0<a style=\"color: #ffffff;\" title=\"S\u0171r\u0171s\u00e9g\" href=\"https:\/\/hu.wikipedia.org\/wiki\/S%C5%B1r%C5%B1s%C3%A9g\">s\u0171r\u0171s\u00e9g\u0171<\/a>\u00a0(0,97\u00a0g\/cm\u00b3) \u00e9s legkem\u00e9nyebb. Finom, homog\u00e9n szerkezete miatt \u0151sid\u0151k \u00f3ta nagy becsben tartj\u00e1k. Felhaszn\u00e1lhat\u00f3s\u00e1g\u00e1t kis m\u00e9retei hat\u00e1rolj\u00e1k be, mivel nem nevel vastag vagy hossz\u00fa t\u00f6rzset. Ezenk\u00edv\u00fcl nagyon lassan sz\u00e1rad, er\u0151sen zsugorodik,\u00e9s az id\u0151j\u00e1r\u00e1s (f\u0151leg a nedvess\u00e9g) mellett a\u00a0<a style=\"color: #ffffff;\" title=\"Gomb\u00e1k\" href=\"https:\/\/hu.wikipedia.org\/wiki\/Gomb%C3%A1k\">gomb\u00e1k<\/a>\u00a0is k\u00e1ros\u00edtj\u00e1k.<\/span><\/h6>\n<h6><span style=\"color: #ffffff;\"><span id=\"Kert.C3.A9szeti_jelent.C5.91s.C3.A9ge\"><\/span><span id=\"Kert\u00e9szeti_jelent\u0151s\u00e9ge\" class=\"mw-headline\">Kert\u00e9szeti jelent\u0151s\u00e9ge<\/span><span class=\"mw-editsection\"><span class=\"mw-editsection-bracket\">[<\/span><a style=\"color: #ffffff;\" title=\"Szakasz szerkeszt\u00e9se: Kert\u00e9szeti jelent\u0151s\u00e9ge\" href=\"https:\/\/hu.wikipedia.org\/w\/index.php?title=%C3%96r%C3%B6kz%C3%B6ld_puszp%C3%A1ng&amp;action=edit&amp;section=6\">szerkeszt\u00e9s<\/a><span class=\"mw-editsection-bracket\">]<\/span><\/span><\/span><\/h6>\n<div class=\"thumbinner\">\n<div class=\"thumbcaption\">\n<div class=\"magnify\"><\/div>\n<p><span style=\"color: #ffffff;\">Puszp\u00e1ngb\u00f3l kialak\u00edtott s\u00f6v\u00e9ny \u00e9s bokrok<\/span><\/p>\n<\/div>\n<\/div>\n<h6><span style=\"color: #ffffff;\">A kert\u00e9szek sz\u00e1mos j\u00f3 tulajdons\u00e1ga miatt kedvelik:<\/span><\/h6>\n<h6><span style=\"color: #ffffff;\">\u00f6r\u00f6kz\u00f6ld \u00e9s t\u00e9l\u00e1ll\u00f3,<\/span><\/h6>\n<h6><span style=\"color: #ffffff;\">rendk\u00edv\u00fcl j\u00f3l t\u0171ri a metsz\u00e9st, alak\u00edt\u00e1st,<\/span><\/h6>\n<h6><span style=\"color: #ffffff;\">bokra t\u00f6m\u00f6r,<\/span><\/h6>\n<h6><span style=\"color: #ffffff;\">nem t\u00fal ig\u00e9nyes.<\/span><\/h6>\n<h6><span style=\"color: #ffffff;\">B\u00e1r igen lassan n\u0151, legink\u00e1bb s\u00f6v\u00e9nynek ny\u00edrj\u00e1k. M\u00e1s m\u00f3dokon is haszn\u00e1lhat\u00f3, \u00edgy p\u00e9ld\u00e1ul\u00a0<a class=\"mw-redirect\" style=\"color: #ffffff;\" title=\"Franciakert\" href=\"https:\/\/hu.wikipedia.org\/wiki\/Franciakert\">franciakertekben<\/a>\u00a0gyakran ny\u00edrnak bel\u0151le k\u00fcl\u00f6nb\u00f6z\u0151 figur\u00e1kat.<sup id=\"cite_ref-2\" class=\"reference\"><a style=\"color: #ffffff;\" href=\"https:\/\/hu.wikipedia.org\/wiki\/%C3%96r%C3%B6kz%C3%B6ld_puszp%C3%A1ng#cite_note-2\">[2]<\/a><\/sup><\/span><\/h6>\n<h6><span style=\"color: #ffffff;\">Hajt\u00e1sait a vir\u00e1gk\u00f6t\u00e9szetben haszn\u00e1lj\u00e1k.<\/span><\/h6>\n","protected":false},"excerpt":{"rendered":"<p>A Buxus sempervirens &#8216;Suffruticosa&#8217; , Puszp\u00e1ng \u00a0ny\u00edr\u00e1s n\u00e9lk\u00fcl g\u00f6mb alak\u00fa. Alacsony s\u00f6v\u00e9ny kialak\u00edt\u00e1s\u00e1ra alkalmas.<\/p>\n<p>T\u00f6m\u00f6tt, lass\u00fa n\u00f6veked\u00e9s\u0171, f\u00e9nyes, apr\u00f3 level\u0171 ,1 m\u00e9ter magas, \u00f6r\u00f6kz\u00f6ld\u00a0 s\u00f6v\u00e9nycserje.<\/p>\n<p>Illatos kr\u00e9m s\u00e1rga vir\u00e1gai \u00e1prilis-m\u00e1jusban ny\u00edlnak.<\/p>\n<p>Leggyakrabban ny\u00edrott s\u00f6v\u00e9nyk\u00e9nt \u00fcltetik, mivel kit\u0171n\u0151en b\u00edrja a metsz\u00e9st \u00e9s illata miatt saj\u00e1tos hangulatot teremt.<\/p>","protected":false},"featured_media":16873,"template":"","meta":{"_et_pb_use_builder":"","_et_pb_old_content":"","_et_gb_content_width":""},"product_brand":[],"product_cat":[26],"product_tag":[790,797,789],"class_list":{"0":"post-2374","1":"product","2":"type-product","3":"status-publish","4":"has-post-thumbnail","6":"product_cat-orokzold-novenyek","7":"product_tag-buxus","8":"product_tag-buxus-sempervirens-suffruticosa","9":"product_tag-puszpang","11":"first","12":"outofstock","13":"shipping-taxable","14":"product-type-simple"},"yoast_head":"<!-- This site is optimized with the Yoast SEO plugin v27.3 - https:\/\/yoast.com\/product\/yoast-seo-wordpress\/ -->\n<title>Buxus sempervirens &#039;Suffruticosa&#039; , Puszp\u00e1ng 30cm - T\u00e1jkert\u00e9sz<\/title>\n<meta name=\"description\" content=\"A Buxus sempervirens &#039;Suffruticosa&#039; , Puszp\u00e1ng \u00a0ny\u00edr\u00e1s n\u00e9lk\u00fcl g\u00f6mb alak\u00fa. Alacsony s\u00f6v\u00e9ny kialak\u00edt\u00e1s\u00e1ra alkalmas\" \/>\n<meta name=\"robots\" content=\"index, follow, max-snippet:-1, max-image-preview:large, max-video-preview:-1\" \/>\n<link rel=\"canonical\" href=\"https:\/\/tajkertesz.com\/en_US\/product\/buxus-sempervirens-suffruticosa-puszpang-2\/\" \/>\n<meta property=\"og:locale\" content=\"en_US\" \/>\n<meta property=\"og:type\" content=\"article\" \/>\n<meta property=\"og:title\" content=\"https:\/\/www.facebook.com\/tajkertesz\" \/>\n<meta property=\"og:description\" content=\"A Buxus sempervirens &#039;Suffruticosa&#039; , Puszp\u00e1ng \u00a0ny\u00edr\u00e1s n\u00e9lk\u00fcl g\u00f6mb alak\u00fa. Alacsony s\u00f6v\u00e9ny kialak\u00edt\u00e1s\u00e1ra alkalmas\" \/>\n<meta property=\"og:url\" content=\"https:\/\/tajkertesz.com\/en_US\/product\/buxus-sempervirens-suffruticosa-puszpang-2\/\" \/>\n<meta property=\"og:site_name\" content=\"T\u00e1jkert\u00e9sz\" \/>\n<meta property=\"article:publisher\" content=\"https:\/\/www.facebook.com\/Tajkertesz\/\" \/>\n<meta property=\"article:modified_time\" content=\"2026-02-24T09:50:37+00:00\" \/>\n<meta property=\"og:image\" content=\"https:\/\/tajkertesz.com\/wp-content\/uploads\/2020\/10\/20230912_155246-1-scaled.jpg\" \/>\n\t<meta property=\"og:image:width\" content=\"2396\" \/>\n\t<meta property=\"og:image:height\" content=\"1080\" \/>\n\t<meta property=\"og:image:type\" content=\"image\/jpeg\" \/>\n<meta name=\"twitter:card\" content=\"summary_large_image\" \/>\n<meta name=\"twitter:label1\" content=\"Est. reading time\" \/>\n\t<meta name=\"twitter:data1\" content=\"2 minutes\" \/>\n<script type=\"application\/ld+json\" class=\"yoast-schema-graph\">{\"@context\":\"https:\\\/\\\/schema.org\",\"@graph\":[{\"@type\":\"WebPage\",\"@id\":\"https:\\\/\\\/tajkertesz.com\\\/termek\\\/buxus-sempervirens-suffruticosa-puszpang-2\\\/\",\"url\":\"https:\\\/\\\/tajkertesz.com\\\/termek\\\/buxus-sempervirens-suffruticosa-puszpang-2\\\/\",\"name\":\"Buxus sempervirens 'Suffruticosa' , Puszp\u00e1ng 30cm - T\u00e1jkert\u00e9sz\",\"isPartOf\":{\"@id\":\"https:\\\/\\\/tajkertesz.com\\\/#website\"},\"primaryImageOfPage\":{\"@id\":\"https:\\\/\\\/tajkertesz.com\\\/termek\\\/buxus-sempervirens-suffruticosa-puszpang-2\\\/#primaryimage\"},\"image\":{\"@id\":\"https:\\\/\\\/tajkertesz.com\\\/termek\\\/buxus-sempervirens-suffruticosa-puszpang-2\\\/#primaryimage\"},\"thumbnailUrl\":\"https:\\\/\\\/tajkertesz.com\\\/wp-content\\\/uploads\\\/2020\\\/10\\\/20230912_155235-1-scaled.jpg\",\"datePublished\":\"2020-10-28T15:42:12+00:00\",\"dateModified\":\"2026-02-24T09:50:37+00:00\",\"description\":\"A Buxus sempervirens 'Suffruticosa' , Puszp\u00e1ng \u00a0ny\u00edr\u00e1s n\u00e9lk\u00fcl g\u00f6mb alak\u00fa. Alacsony s\u00f6v\u00e9ny kialak\u00edt\u00e1s\u00e1ra alkalmas\",\"breadcrumb\":{\"@id\":\"https:\\\/\\\/tajkertesz.com\\\/termek\\\/buxus-sempervirens-suffruticosa-puszpang-2\\\/#breadcrumb\"},\"inLanguage\":\"en-US\",\"potentialAction\":[{\"@type\":\"ReadAction\",\"target\":[\"https:\\\/\\\/tajkertesz.com\\\/termek\\\/buxus-sempervirens-suffruticosa-puszpang-2\\\/\"]}]},{\"@type\":\"ImageObject\",\"inLanguage\":\"en-US\",\"@id\":\"https:\\\/\\\/tajkertesz.com\\\/termek\\\/buxus-sempervirens-suffruticosa-puszpang-2\\\/#primaryimage\",\"url\":\"https:\\\/\\\/tajkertesz.com\\\/wp-content\\\/uploads\\\/2020\\\/10\\\/20230912_155235-1-scaled.jpg\",\"contentUrl\":\"https:\\\/\\\/tajkertesz.com\\\/wp-content\\\/uploads\\\/2020\\\/10\\\/20230912_155235-1-scaled.jpg\",\"width\":1154,\"height\":2560},{\"@type\":\"BreadcrumbList\",\"@id\":\"https:\\\/\\\/tajkertesz.com\\\/termek\\\/buxus-sempervirens-suffruticosa-puszpang-2\\\/#breadcrumb\",\"itemListElement\":[{\"@type\":\"ListItem\",\"position\":1,\"name\":\"Home\",\"item\":\"https:\\\/\\\/tajkertesz.com\\\/\"},{\"@type\":\"ListItem\",\"position\":2,\"name\":\"Kezd\u0151lap\",\"item\":\"https:\\\/\\\/tajkertesz.com\\\/\"},{\"@type\":\"ListItem\",\"position\":3,\"name\":\"Buxus sempervirens &#8216;Suffruticosa&#8217; , Puszp\u00e1ng 30cm\"}]},{\"@type\":\"WebSite\",\"@id\":\"https:\\\/\\\/tajkertesz.com\\\/#website\",\"url\":\"https:\\\/\\\/tajkertesz.com\\\/\",\"name\":\"T\u00e1j-Kert\u00e9sz 84 Kft.\",\"description\":\"Kert\u00e9szeti kis- \u00e9s nagykeresked\u00e9s, D\u00edszn\u00f6v\u00e9ny web\u00e1ruh\u00e1z orsz\u00e1gos h\u00e1zhozsz\u00e1ll\u00edt\u00e1ssal!\",\"publisher\":{\"@id\":\"https:\\\/\\\/tajkertesz.com\\\/#organization\"},\"potentialAction\":[{\"@type\":\"SearchAction\",\"target\":{\"@type\":\"EntryPoint\",\"urlTemplate\":\"https:\\\/\\\/tajkertesz.com\\\/?s={search_term_string}\"},\"query-input\":{\"@type\":\"PropertyValueSpecification\",\"valueRequired\":true,\"valueName\":\"search_term_string\"}}],\"inLanguage\":\"en-US\"},{\"@type\":\"Organization\",\"@id\":\"https:\\\/\\\/tajkertesz.com\\\/#organization\",\"name\":\"T\u00e1j-Kert\u00e9sz 84 Kft.\",\"url\":\"https:\\\/\\\/tajkertesz.com\\\/\",\"logo\":{\"@type\":\"ImageObject\",\"inLanguage\":\"en-US\",\"@id\":\"https:\\\/\\\/tajkertesz.com\\\/#\\\/schema\\\/logo\\\/image\\\/\",\"url\":\"https:\\\/\\\/tajkertesz.com\\\/wp-content\\\/uploads\\\/2018\\\/02\\\/logo-2-e1518678052539.png\",\"contentUrl\":\"https:\\\/\\\/tajkertesz.com\\\/wp-content\\\/uploads\\\/2018\\\/02\\\/logo-2-e1518678052539.png\",\"width\":81,\"height\":140,\"caption\":\"T\u00e1j-Kert\u00e9sz 84 Kft.\"},\"image\":{\"@id\":\"https:\\\/\\\/tajkertesz.com\\\/#\\\/schema\\\/logo\\\/image\\\/\"},\"sameAs\":[\"https:\\\/\\\/www.facebook.com\\\/Tajkertesz\\\/\"]}]}<\/script>\n<!-- \/ Yoast SEO plugin. -->","yoast_head_json":{"title":"Buxus sempervirens 'Suffruticosa' , Puszp\u00e1ng 30cm - T\u00e1jkert\u00e9sz","description":"A Buxus sempervirens 'Suffruticosa' , Puszp\u00e1ng \u00a0ny\u00edr\u00e1s n\u00e9lk\u00fcl g\u00f6mb alak\u00fa. Alacsony s\u00f6v\u00e9ny kialak\u00edt\u00e1s\u00e1ra alkalmas","robots":{"index":"index","follow":"follow","max-snippet":"max-snippet:-1","max-image-preview":"max-image-preview:large","max-video-preview":"max-video-preview:-1"},"canonical":"https:\/\/tajkertesz.com\/en_US\/product\/buxus-sempervirens-suffruticosa-puszpang-2\/","og_locale":"en_US","og_type":"article","og_title":"https:\/\/www.facebook.com\/tajkertesz","og_description":"A Buxus sempervirens 'Suffruticosa' , Puszp\u00e1ng \u00a0ny\u00edr\u00e1s n\u00e9lk\u00fcl g\u00f6mb alak\u00fa. Alacsony s\u00f6v\u00e9ny kialak\u00edt\u00e1s\u00e1ra alkalmas","og_url":"https:\/\/tajkertesz.com\/en_US\/product\/buxus-sempervirens-suffruticosa-puszpang-2\/","og_site_name":"T\u00e1jkert\u00e9sz","article_publisher":"https:\/\/www.facebook.com\/Tajkertesz\/","article_modified_time":"2026-02-24T09:50:37+00:00","og_image":[{"width":2396,"height":1080,"url":"https:\/\/tajkertesz.com\/wp-content\/uploads\/2020\/10\/20230912_155246-1-scaled.jpg","type":"image\/jpeg"}],"twitter_card":"summary_large_image","twitter_misc":{"Est. reading time":"2 minutes"},"schema":{"@context":"https:\/\/schema.org","@graph":[{"@type":"WebPage","@id":"https:\/\/tajkertesz.com\/termek\/buxus-sempervirens-suffruticosa-puszpang-2\/","url":"https:\/\/tajkertesz.com\/termek\/buxus-sempervirens-suffruticosa-puszpang-2\/","name":"Buxus sempervirens 'Suffruticosa' , Puszp\u00e1ng 30cm - T\u00e1jkert\u00e9sz","isPartOf":{"@id":"https:\/\/tajkertesz.com\/#website"},"primaryImageOfPage":{"@id":"https:\/\/tajkertesz.com\/termek\/buxus-sempervirens-suffruticosa-puszpang-2\/#primaryimage"},"image":{"@id":"https:\/\/tajkertesz.com\/termek\/buxus-sempervirens-suffruticosa-puszpang-2\/#primaryimage"},"thumbnailUrl":"https:\/\/tajkertesz.com\/wp-content\/uploads\/2020\/10\/20230912_155235-1-scaled.jpg","datePublished":"2020-10-28T15:42:12+00:00","dateModified":"2026-02-24T09:50:37+00:00","description":"A Buxus sempervirens 'Suffruticosa' , Puszp\u00e1ng \u00a0ny\u00edr\u00e1s n\u00e9lk\u00fcl g\u00f6mb alak\u00fa. Alacsony s\u00f6v\u00e9ny kialak\u00edt\u00e1s\u00e1ra alkalmas","breadcrumb":{"@id":"https:\/\/tajkertesz.com\/termek\/buxus-sempervirens-suffruticosa-puszpang-2\/#breadcrumb"},"inLanguage":"en-US","potentialAction":[{"@type":"ReadAction","target":["https:\/\/tajkertesz.com\/termek\/buxus-sempervirens-suffruticosa-puszpang-2\/"]}]},{"@type":"ImageObject","inLanguage":"en-US","@id":"https:\/\/tajkertesz.com\/termek\/buxus-sempervirens-suffruticosa-puszpang-2\/#primaryimage","url":"https:\/\/tajkertesz.com\/wp-content\/uploads\/2020\/10\/20230912_155235-1-scaled.jpg","contentUrl":"https:\/\/tajkertesz.com\/wp-content\/uploads\/2020\/10\/20230912_155235-1-scaled.jpg","width":1154,"height":2560},{"@type":"BreadcrumbList","@id":"https:\/\/tajkertesz.com\/termek\/buxus-sempervirens-suffruticosa-puszpang-2\/#breadcrumb","itemListElement":[{"@type":"ListItem","position":1,"name":"Home","item":"https:\/\/tajkertesz.com\/"},{"@type":"ListItem","position":2,"name":"Kezd\u0151lap","item":"https:\/\/tajkertesz.com\/"},{"@type":"ListItem","position":3,"name":"Buxus sempervirens &#8216;Suffruticosa&#8217; , Puszp\u00e1ng 30cm"}]},{"@type":"WebSite","@id":"https:\/\/tajkertesz.com\/#website","url":"https:\/\/tajkertesz.com\/","name":"T\u00e1j-Kert\u00e9sz 84 Kft.","description":"Kert\u00e9szeti kis- \u00e9s nagykeresked\u00e9s, D\u00edszn\u00f6v\u00e9ny web\u00e1ruh\u00e1z orsz\u00e1gos h\u00e1zhozsz\u00e1ll\u00edt\u00e1ssal!","publisher":{"@id":"https:\/\/tajkertesz.com\/#organization"},"potentialAction":[{"@type":"SearchAction","target":{"@type":"EntryPoint","urlTemplate":"https:\/\/tajkertesz.com\/?s={search_term_string}"},"query-input":{"@type":"PropertyValueSpecification","valueRequired":true,"valueName":"search_term_string"}}],"inLanguage":"en-US"},{"@type":"Organization","@id":"https:\/\/tajkertesz.com\/#organization","name":"T\u00e1j-Kert\u00e9sz 84 Kft.","url":"https:\/\/tajkertesz.com\/","logo":{"@type":"ImageObject","inLanguage":"en-US","@id":"https:\/\/tajkertesz.com\/#\/schema\/logo\/image\/","url":"https:\/\/tajkertesz.com\/wp-content\/uploads\/2018\/02\/logo-2-e1518678052539.png","contentUrl":"https:\/\/tajkertesz.com\/wp-content\/uploads\/2018\/02\/logo-2-e1518678052539.png","width":81,"height":140,"caption":"T\u00e1j-Kert\u00e9sz 84 Kft."},"image":{"@id":"https:\/\/tajkertesz.com\/#\/schema\/logo\/image\/"},"sameAs":["https:\/\/www.facebook.com\/Tajkertesz\/"]}]}},"_links":{"self":[{"href":"https:\/\/tajkertesz.com\/en_US\/wp-json\/wp\/v2\/product\/2374","targetHints":{"allow":["GET"]}}],"collection":[{"href":"https:\/\/tajkertesz.com\/en_US\/wp-json\/wp\/v2\/product"}],"about":[{"href":"https:\/\/tajkertesz.com\/en_US\/wp-json\/wp\/v2\/types\/product"}],"wp:featuredmedia":[{"embeddable":true,"href":"https:\/\/tajkertesz.com\/en_US\/wp-json\/wp\/v2\/media\/16873"}],"wp:attachment":[{"href":"https:\/\/tajkertesz.com\/en_US\/wp-json\/wp\/v2\/media?parent=2374"}],"wp:term":[{"taxonomy":"product_brand","embeddable":true,"href":"https:\/\/tajkertesz.com\/en_US\/wp-json\/wp\/v2\/product_brand?post=2374"},{"taxonomy":"product_cat","embeddable":true,"href":"https:\/\/tajkertesz.com\/en_US\/wp-json\/wp\/v2\/product_cat?post=2374"},{"taxonomy":"product_tag","embeddable":true,"href":"https:\/\/tajkertesz.com\/en_US\/wp-json\/wp\/v2\/product_tag?post=2374"}],"curies":[{"name":"wp","href":"https:\/\/api.w.org\/{rel}","templated":true}]}}