{"id":23776,"date":"2025-06-19T07:39:35","date_gmt":"2025-06-19T07:39:35","guid":{"rendered":"https:\/\/tajkertesz.com\/?post_type=product&#038;p=23776"},"modified":"2025-06-19T07:42:42","modified_gmt":"2025-06-19T07:42:42","slug":"permetfix-tapadasfokozo-szer-3x5ml","status":"publish","type":"product","link":"https:\/\/tajkertesz.com\/en_US\/product\/permetfix-tapadasfokozo-szer-3x5ml\/","title":{"rendered":"Permetfix tapad\u00e1sfokoz\u00f3 szer 3x5ml"},"content":{"rendered":"<h1>Permetfix tapad\u00e1sfokoz\u00f3 szer 3x5ml<\/h1>\n<p>Permetfix tapad\u00e1sfokoz\u00f3 szer 3x5ml<\/p>\n<p>H\u00e1zikerti felhaszn\u00e1l\u00e1s: 5 ml\/20 l v\u00edz.<\/p>\n<p>N\u00f6v\u00e9nyv\u00e9d\u0151szerek felsz\u00edv\u00f3d\u00e1s\u00e1nak el\u0151seg\u00edt\u00e9s\u00e9re, aktiv\u00e1l\u00e1s\u00e1ra, tapad\u00e1sfokoz\u00e1sra, nedves\u00edt\u0151szerk\u00e9nt, a permetl\u00e9 ter\u00fcl\u00e9s\u00e9nek n\u00f6vel\u00e9s\u00e9re, permetl\u00e9 habz\u00e1s\u00e1nak cs\u00f6kkent\u00e9s\u00e9re haszn\u00e1lhat\u00f3. Rovar\u00f6l\u0151, gomba\u00f6l\u0151 \u00e9s gyom\u00edrt\u00f3szerekhez haszn\u00e1lhat\u00f3.<\/p>\n<p>H\u00e1zikerti felhaszn\u00e1l\u00e1s: 5 ml\/20 l v\u00edz. N\u00f6v\u00e9nyv\u00e9d\u0151szerek felsz\u00edv\u00f3d\u00e1s\u00e1nak el\u0151seg\u00edt\u00e9s\u00e9re, aktiv\u00e1l\u00e1s\u00e1ra, tapad\u00e1sfokoz\u00e1sra, nedves\u00edt\u0151szerk\u00e9nt, a permetl\u00e9 ter\u00fcl\u00e9s\u00e9nek n\u00f6vel\u00e9s\u00e9re, permetl\u00e9 habz\u00e1s\u00e1nak cs\u00f6kkent\u00e9s\u00e9re haszn\u00e1lhat\u00f3. Rovar\u00f6l\u0151, gomba\u00f6l\u0151 \u00e9s gyom\u00edrt\u00f3szerekhez haszn\u00e1lhat\u00f3. Kult\u00fara: kert\u00e9szeti \u00e9s sz\u00e1nt\u00f3f\u00f6ldi kult\u00far\u00e1kban n\u00f6v\u00e9nyv\u00e9d\u0151szerek tapad\u00e1sfokoz\u00e1s\u00e1ra.<\/p>\n<p>Kult\u00fara: kert\u00e9szeti \u00e9s sz\u00e1nt\u00f3f\u00f6ldi kult\u00far\u00e1kban n\u00f6v\u00e9nyv\u00e9d\u0151szerek tapad\u00e1sfokoz\u00e1s\u00e1ra<\/p>\n<p>D\u00f3zis: 0,025-0,1% 1000liter v\u00edzbe 2,5dl vagy 1l<\/p>\n<p>Enged\u00e9lysz\u00e1m 6300\/313-2\/2020<\/p>\n<table class=\"general green\" width=\"500\">\n<tbody>\n<tr>\n<td><strong>Gy\u00e1rt\u00f3:<\/strong><\/td>\n<td><strong>Agronauta Kft.<\/strong><\/td>\n<\/tr>\n<tr>\n<td><strong>Kateg\u00f3ria:<\/strong><\/td>\n<td><strong>Adal\u00e9kanyag<\/strong><\/td>\n<\/tr>\n<tr>\n<td><strong>T\u00f6meg:<\/strong><\/td>\n<td><b>5 ml<\/b><\/td>\n<\/tr>\n<tr>\n<td><strong>Forgalmaz\u00e1si kateg\u00f3ria<\/strong><\/td>\n<td><strong>III<\/strong><\/td>\n<\/tr>\n<\/tbody>\n<\/table>\n<p>&nbsp;<\/p>\n<p><strong>A term\u00e9kle\u00edr\u00e1s t\u00e1j\u00e9koztat\u00f3 jelleg\u0171, a k\u00e9sz\u00edtm\u00e9ny felhaszn\u00e1l\u00e1sa el\u0151tt k\u00e9rj\u00fck olvassa el a term\u00e9k haszn\u00e1lati utas\u00edt\u00e1st!<\/strong><\/p>\n<p>&nbsp;<\/p>\n<p style=\"line-height: 18.0pt; background: white; margin: 0cm 0cm 15.0pt 0cm;\"><b><span style=\"font-family: 'Ubuntu',sans-serif; color: black;\">K\u00e9szlet\u00fcnk napi szinten v\u00e1ltozik, ez\u00e9rt k\u00e9rj\u00fck, \u00e9rdekl\u0151dj\u00f6n szem\u00e9lyesen, telefonon vagy email-en.<br \/>\nA v\u00e1ltoztat\u00e1s jog\u00e1t fenntartjuk!\u00a0<\/span><\/b><\/p>\n<p><a href=\"https:\/\/tajkertesz.com\/\">https:\/\/tajkertesz.com\/<\/a><\/p>\n<p><a href=\"https:\/\/www.facebook.com\/tajkertesz\/\">https:\/\/www.facebook.com\/tajkertesz\/<\/a><\/p>\n<p>Kisz\u00e1ll\u00edt\u00e1s: 200cm-ig \u00e9s 40 kg-ig a sz\u00e1ll\u00edt\u00e1s fut\u00e1rszolg\u00e1lattal t\u00f6rt\u00e9nik.<\/p>\n<p>Szem\u00e9lyes \u00e1tv\u00e9tel nyitvatart\u00e1si id\u0151ben a 17. ker\u00fclet Bakancsos utca 7. sz\u00e1m alatti Kert\u00e9szeti \u00e1rud\u00e1nkban.<\/p>\n<p><b><u>Kert\u00e9p\u00edt\u0151k \u00e9s viszontelad\u00f3k regisztr\u00e1l\u00e1s ut\u00e1n egyedi kedvezm\u00e9nnyel v\u00e1s\u00e1rolhatnak kert\u00e9szeti kis-\u00e9s nagykeresked\u00e9s\u00fcnkben.<\/u><\/b><\/p>\n<p>A logisztikai c\u00e9ggel t\u00f6rt\u00e9n\u0151 sz\u00e1ll\u00edt\u00e1s eset\u00e9n a partnereink\u00a0esetleges a\u00a0cs\u00fasz\u00e1sai\u00e9rt nem<\/p>\n<p>v\u00e1llalunk felel\u0151ss\u00e9get!<\/p>\n<p><strong>Az \u00e1rak egy darab term\u00e9kre vonatkoznak.<\/strong><\/p>\n<p>&nbsp;<\/p>\n<p><strong>J\u00f3 tudni!<\/strong><\/p>\n<p>K\u00e9pek-elt\u00e9r\u00e9sek:<\/p>\n<p>A n\u00f6v\u00e9nyekr\u0151l felt\u00f6lt\u00f6tt k\u00e9pek illusztr\u00e1ci\u00f3k. N\u00f6v\u00e9nyekn\u00e9l el\u0151fordulhatnak minim\u00e1lis elt\u00e9r\u00e9sek a k\u00e9peken szerepl\u0151 n\u00f6v\u00e9nyek \u00e9s az \u00e1tvett n\u00f6v\u00e9nyek k\u00f6z\u00f6tt, mivel minden n\u00f6v\u00e9ny egyedi.<\/p>\n<p>N\u00f6v\u00e9nyek sz\u00e1ll\u00edt\u00e1sa:<\/p>\n<p>A megrendelt n\u00f6v\u00e9nyeket igyeksz\u00fcnk a lehet\u0151 legbiztons\u00e1gosabban egyes\u00e9vel csomagolni, azonban a sz\u00e1ll\u00edt\u00e1s sor\u00e1n m\u00e9g ennek ellen\u00e9re is\u00a0bek\u00f6vetkezhetnek apr\u00f3bb s\u00e9r\u00fcl\u00e9sek (lev\u00e9l- vagy vir\u00e1ghull\u00e1s).<br \/>\nN\u00f6v\u00e9ny rendel\u00e9s eset\u00e9n k\u00e9rj\u00fck a k\u00e9zbes\u00edt\u00e9st k\u00f6vet\u0151en a lehet\u0151 leghamarabb bonts\u00e1k ki a csomagot.<\/p>\n<p>&nbsp;<\/p>\n<p>Abban az esetben, ha a megrendelt n\u00f6v\u00e9ny\u00a0a sz\u00e1ll\u00edt\u00e1st k\u00f6vet\u0151en\u00a0nem megfelel\u0151 gondoz\u00e1sban r\u00e9szes\u00fcl \u00e9s ebb\u0151l kifoly\u00f3lag\u00a0k\u00e1rosodik,\u00a0elpusztul, felel\u0151ss\u00e9get sajnos nem tudunk v\u00e1llalni.<\/p>\n<p>V\u00e1s\u00e1rl\u00e1st\u00f3l val\u00f3 el\u00e1ll\u00e1s \u00e9l\u0151 n\u00f6v\u00e9ny v\u00e1s\u00e1rl\u00e1sa eset\u00e9n:<\/p>\n<p>Az \u00e1ltal\u00e1nos 14 napos el\u00e1ll\u00e1s lehet\u0151s\u00e9ge \u00e9l\u0151 n\u00f6v\u00e9nyekre nem vonatkozik. V\u00e1s\u00e1rl\u00e1st\u00f3l val\u00f3 el\u00e1ll\u00e1sra, visszak\u00fcld\u00e9sre nincs lehet\u0151s\u00e9g.\u00a0(17\/1999. (II. 5.) Korm. rendelet 5c pontja)<\/p>\n<p>&nbsp;<\/p>\n<p><strong>K\u00e9rj\u00fck fentiek figyelembev\u00e9tel\u00e9t n\u00f6v\u00e9ny rendel\u00e9se sor\u00e1n!<\/strong><\/p>\n<p>&nbsp;<\/p>","protected":false},"excerpt":{"rendered":"<p>H\u00e1zikerti felhaszn\u00e1l\u00e1s: 5 ml\/20 l v\u00edz. N\u00f6v\u00e9nyv\u00e9d\u0151szerek felsz\u00edv\u00f3d\u00e1s\u00e1nak el\u0151seg\u00edt\u00e9s\u00e9re, aktiv\u00e1l\u00e1s\u00e1ra, tapad\u00e1sfokoz\u00e1sra, nedves\u00edt\u0151szerk\u00e9nt, a permetl\u00e9 ter\u00fcl\u00e9s\u00e9nek n\u00f6vel\u00e9s\u00e9re, permetl\u00e9 habz\u00e1s\u00e1nak cs\u00f6kkent\u00e9s\u00e9re haszn\u00e1lhat\u00f3. Rovar\u00f6l\u0151, gomba\u00f6l\u0151 \u00e9s gyom\u00edrt\u00f3szerekhez haszn\u00e1lhat\u00f3. Kult\u00fara: kert\u00e9szeti \u00e9s sz\u00e1nt\u00f3f\u00f6ldi kult\u00far\u00e1kban n\u00f6v\u00e9nyv\u00e9d\u0151szerek tapad\u00e1sf&#8230;<\/p>","protected":false},"featured_media":23777,"template":"","meta":{"_et_pb_use_builder":"","_et_pb_old_content":"","_et_gb_content_width":""},"product_brand":[],"product_cat":[3569],"product_tag":[4820,4823,5917],"class_list":{"0":"post-23776","1":"product","2":"type-product","3":"status-publish","4":"has-post-thumbnail","6":"product_cat-adalekanyag","7":"product_tag-novenyvedelem","8":"product_tag-permetezes","9":"product_tag-permetfix","11":"first","12":"instock","13":"shipping-taxable","14":"purchasable","15":"product-type-simple"},"yoast_head":"<!-- This site is optimized with the Yoast SEO plugin v27.5 - https:\/\/yoast.com\/product\/yoast-seo-wordpress\/ -->\n<title>Permetfix tapad\u00e1sfokoz\u00f3 szer 3x5ml - T\u00e1jkert\u00e9sz<\/title>\n<meta name=\"description\" content=\"Permetfix tapad\u00e1sfokoz\u00f3 szer 3x5ml. N\u00f6v\u00e9nyv\u00e9d\u0151szerek felsz\u00edv\u00f3d\u00e1s\u00e1nak el\u0151seg\u00edt\u00e9s\u00e9re, aktiv\u00e1l\u00e1s\u00e1ra, tapad\u00e1sfokoz\u00e1sra, nedves\u00edt\u0151szerk\u00e9nt,\" \/>\n<meta name=\"robots\" content=\"index, follow, max-snippet:-1, max-image-preview:large, max-video-preview:-1\" \/>\n<link rel=\"canonical\" href=\"https:\/\/tajkertesz.com\/en_US\/product\/permetfix-tapadasfokozo-szer-3x5ml\/\" \/>\n<meta property=\"og:locale\" content=\"en_US\" \/>\n<meta property=\"og:type\" content=\"article\" \/>\n<meta property=\"og:title\" content=\"Permetfix tapad\u00e1sfokoz\u00f3 szer 3x5ml - T\u00e1jkert\u00e9sz\" \/>\n<meta property=\"og:description\" content=\"Permetfix tapad\u00e1sfokoz\u00f3 szer 3x5ml. N\u00f6v\u00e9nyv\u00e9d\u0151szerek felsz\u00edv\u00f3d\u00e1s\u00e1nak el\u0151seg\u00edt\u00e9s\u00e9re, aktiv\u00e1l\u00e1s\u00e1ra, tapad\u00e1sfokoz\u00e1sra, nedves\u00edt\u0151szerk\u00e9nt,\" \/>\n<meta property=\"og:url\" content=\"https:\/\/tajkertesz.com\/en_US\/product\/permetfix-tapadasfokozo-szer-3x5ml\/\" \/>\n<meta property=\"og:site_name\" content=\"T\u00e1jkert\u00e9sz\" \/>\n<meta property=\"article:publisher\" content=\"https:\/\/www.facebook.com\/Tajkertesz\/\" \/>\n<meta property=\"article:modified_time\" content=\"2025-06-19T07:42:42+00:00\" \/>\n<meta property=\"og:image\" content=\"https:\/\/tajkertesz.com\/wp-content\/uploads\/2025\/06\/ea402898541737.Y3JvcCw4MDgsNjMyLDAsMA.png\" \/>\n\t<meta property=\"og:image:width\" content=\"404\" \/>\n\t<meta property=\"og:image:height\" content=\"316\" \/>\n\t<meta property=\"og:image:type\" content=\"image\/png\" \/>\n<meta name=\"twitter:card\" content=\"summary_large_image\" \/>\n<meta name=\"twitter:label1\" content=\"Est. reading time\" \/>\n\t<meta name=\"twitter:data1\" content=\"2 minutes\" \/>\n<script type=\"application\/ld+json\" class=\"yoast-schema-graph\">{\"@context\":\"https:\\\/\\\/schema.org\",\"@graph\":[{\"@type\":\"WebPage\",\"@id\":\"https:\\\/\\\/tajkertesz.com\\\/termek\\\/permetfix-tapadasfokozo-szer-3x5ml\\\/\",\"url\":\"https:\\\/\\\/tajkertesz.com\\\/termek\\\/permetfix-tapadasfokozo-szer-3x5ml\\\/\",\"name\":\"Permetfix tapad\u00e1sfokoz\u00f3 szer 3x5ml - T\u00e1jkert\u00e9sz\",\"isPartOf\":{\"@id\":\"https:\\\/\\\/tajkertesz.com\\\/#website\"},\"primaryImageOfPage\":{\"@id\":\"https:\\\/\\\/tajkertesz.com\\\/termek\\\/permetfix-tapadasfokozo-szer-3x5ml\\\/#primaryimage\"},\"image\":{\"@id\":\"https:\\\/\\\/tajkertesz.com\\\/termek\\\/permetfix-tapadasfokozo-szer-3x5ml\\\/#primaryimage\"},\"thumbnailUrl\":\"https:\\\/\\\/tajkertesz.com\\\/wp-content\\\/uploads\\\/2025\\\/06\\\/ea402898541737.Y3JvcCw4MDgsNjMyLDAsMA.png\",\"datePublished\":\"2025-06-19T07:39:35+00:00\",\"dateModified\":\"2025-06-19T07:42:42+00:00\",\"description\":\"Permetfix tapad\u00e1sfokoz\u00f3 szer 3x5ml. N\u00f6v\u00e9nyv\u00e9d\u0151szerek felsz\u00edv\u00f3d\u00e1s\u00e1nak el\u0151seg\u00edt\u00e9s\u00e9re, aktiv\u00e1l\u00e1s\u00e1ra, tapad\u00e1sfokoz\u00e1sra, nedves\u00edt\u0151szerk\u00e9nt,\",\"breadcrumb\":{\"@id\":\"https:\\\/\\\/tajkertesz.com\\\/termek\\\/permetfix-tapadasfokozo-szer-3x5ml\\\/#breadcrumb\"},\"inLanguage\":\"en-US\",\"potentialAction\":[{\"@type\":\"ReadAction\",\"target\":[\"https:\\\/\\\/tajkertesz.com\\\/termek\\\/permetfix-tapadasfokozo-szer-3x5ml\\\/\"]}]},{\"@type\":\"ImageObject\",\"inLanguage\":\"en-US\",\"@id\":\"https:\\\/\\\/tajkertesz.com\\\/termek\\\/permetfix-tapadasfokozo-szer-3x5ml\\\/#primaryimage\",\"url\":\"https:\\\/\\\/tajkertesz.com\\\/wp-content\\\/uploads\\\/2025\\\/06\\\/ea402898541737.Y3JvcCw4MDgsNjMyLDAsMA.png\",\"contentUrl\":\"https:\\\/\\\/tajkertesz.com\\\/wp-content\\\/uploads\\\/2025\\\/06\\\/ea402898541737.Y3JvcCw4MDgsNjMyLDAsMA.png\",\"width\":404,\"height\":316,\"caption\":\"Permetfix tapad\u00e1sfokoz\u00f3 szer 3x5ml\"},{\"@type\":\"BreadcrumbList\",\"@id\":\"https:\\\/\\\/tajkertesz.com\\\/termek\\\/permetfix-tapadasfokozo-szer-3x5ml\\\/#breadcrumb\",\"itemListElement\":[{\"@type\":\"ListItem\",\"position\":1,\"name\":\"Home\",\"item\":\"https:\\\/\\\/tajkertesz.com\\\/\"},{\"@type\":\"ListItem\",\"position\":2,\"name\":\"Kezd\u0151lap\",\"item\":\"https:\\\/\\\/tajkertesz.com\\\/\"},{\"@type\":\"ListItem\",\"position\":3,\"name\":\"Permetfix tapad\u00e1sfokoz\u00f3 szer 3x5ml\"}]},{\"@type\":\"WebSite\",\"@id\":\"https:\\\/\\\/tajkertesz.com\\\/#website\",\"url\":\"https:\\\/\\\/tajkertesz.com\\\/\",\"name\":\"T\u00e1j-Kert\u00e9sz 84 Kft.\",\"description\":\"Kert\u00e9szeti kis- \u00e9s nagykeresked\u00e9s, D\u00edszn\u00f6v\u00e9ny web\u00e1ruh\u00e1z orsz\u00e1gos h\u00e1zhozsz\u00e1ll\u00edt\u00e1ssal!\",\"publisher\":{\"@id\":\"https:\\\/\\\/tajkertesz.com\\\/#organization\"},\"potentialAction\":[{\"@type\":\"SearchAction\",\"target\":{\"@type\":\"EntryPoint\",\"urlTemplate\":\"https:\\\/\\\/tajkertesz.com\\\/?s={search_term_string}\"},\"query-input\":{\"@type\":\"PropertyValueSpecification\",\"valueRequired\":true,\"valueName\":\"search_term_string\"}}],\"inLanguage\":\"en-US\"},{\"@type\":\"Organization\",\"@id\":\"https:\\\/\\\/tajkertesz.com\\\/#organization\",\"name\":\"T\u00e1j-Kert\u00e9sz 84 Kft.\",\"url\":\"https:\\\/\\\/tajkertesz.com\\\/\",\"logo\":{\"@type\":\"ImageObject\",\"inLanguage\":\"en-US\",\"@id\":\"https:\\\/\\\/tajkertesz.com\\\/#\\\/schema\\\/logo\\\/image\\\/\",\"url\":\"https:\\\/\\\/tajkertesz.com\\\/wp-content\\\/uploads\\\/2018\\\/02\\\/logo-2-e1518678052539.png\",\"contentUrl\":\"https:\\\/\\\/tajkertesz.com\\\/wp-content\\\/uploads\\\/2018\\\/02\\\/logo-2-e1518678052539.png\",\"width\":81,\"height\":140,\"caption\":\"T\u00e1j-Kert\u00e9sz 84 Kft.\"},\"image\":{\"@id\":\"https:\\\/\\\/tajkertesz.com\\\/#\\\/schema\\\/logo\\\/image\\\/\"},\"sameAs\":[\"https:\\\/\\\/www.facebook.com\\\/Tajkertesz\\\/\"]}]}<\/script>\n<!-- \/ Yoast SEO plugin. -->","yoast_head_json":{"title":"Permetfix tapad\u00e1sfokoz\u00f3 szer 3x5ml - T\u00e1jkert\u00e9sz","description":"Permetfix tapad\u00e1sfokoz\u00f3 szer 3x5ml. N\u00f6v\u00e9nyv\u00e9d\u0151szerek felsz\u00edv\u00f3d\u00e1s\u00e1nak el\u0151seg\u00edt\u00e9s\u00e9re, aktiv\u00e1l\u00e1s\u00e1ra, tapad\u00e1sfokoz\u00e1sra, nedves\u00edt\u0151szerk\u00e9nt,","robots":{"index":"index","follow":"follow","max-snippet":"max-snippet:-1","max-image-preview":"max-image-preview:large","max-video-preview":"max-video-preview:-1"},"canonical":"https:\/\/tajkertesz.com\/en_US\/product\/permetfix-tapadasfokozo-szer-3x5ml\/","og_locale":"en_US","og_type":"article","og_title":"Permetfix tapad\u00e1sfokoz\u00f3 szer 3x5ml - T\u00e1jkert\u00e9sz","og_description":"Permetfix tapad\u00e1sfokoz\u00f3 szer 3x5ml. N\u00f6v\u00e9nyv\u00e9d\u0151szerek felsz\u00edv\u00f3d\u00e1s\u00e1nak el\u0151seg\u00edt\u00e9s\u00e9re, aktiv\u00e1l\u00e1s\u00e1ra, tapad\u00e1sfokoz\u00e1sra, nedves\u00edt\u0151szerk\u00e9nt,","og_url":"https:\/\/tajkertesz.com\/en_US\/product\/permetfix-tapadasfokozo-szer-3x5ml\/","og_site_name":"T\u00e1jkert\u00e9sz","article_publisher":"https:\/\/www.facebook.com\/Tajkertesz\/","article_modified_time":"2025-06-19T07:42:42+00:00","og_image":[{"width":404,"height":316,"url":"https:\/\/tajkertesz.com\/wp-content\/uploads\/2025\/06\/ea402898541737.Y3JvcCw4MDgsNjMyLDAsMA.png","type":"image\/png"}],"twitter_card":"summary_large_image","twitter_misc":{"Est. reading time":"2 minutes"},"schema":{"@context":"https:\/\/schema.org","@graph":[{"@type":"WebPage","@id":"https:\/\/tajkertesz.com\/termek\/permetfix-tapadasfokozo-szer-3x5ml\/","url":"https:\/\/tajkertesz.com\/termek\/permetfix-tapadasfokozo-szer-3x5ml\/","name":"Permetfix tapad\u00e1sfokoz\u00f3 szer 3x5ml - T\u00e1jkert\u00e9sz","isPartOf":{"@id":"https:\/\/tajkertesz.com\/#website"},"primaryImageOfPage":{"@id":"https:\/\/tajkertesz.com\/termek\/permetfix-tapadasfokozo-szer-3x5ml\/#primaryimage"},"image":{"@id":"https:\/\/tajkertesz.com\/termek\/permetfix-tapadasfokozo-szer-3x5ml\/#primaryimage"},"thumbnailUrl":"https:\/\/tajkertesz.com\/wp-content\/uploads\/2025\/06\/ea402898541737.Y3JvcCw4MDgsNjMyLDAsMA.png","datePublished":"2025-06-19T07:39:35+00:00","dateModified":"2025-06-19T07:42:42+00:00","description":"Permetfix tapad\u00e1sfokoz\u00f3 szer 3x5ml. N\u00f6v\u00e9nyv\u00e9d\u0151szerek felsz\u00edv\u00f3d\u00e1s\u00e1nak el\u0151seg\u00edt\u00e9s\u00e9re, aktiv\u00e1l\u00e1s\u00e1ra, tapad\u00e1sfokoz\u00e1sra, nedves\u00edt\u0151szerk\u00e9nt,","breadcrumb":{"@id":"https:\/\/tajkertesz.com\/termek\/permetfix-tapadasfokozo-szer-3x5ml\/#breadcrumb"},"inLanguage":"en-US","potentialAction":[{"@type":"ReadAction","target":["https:\/\/tajkertesz.com\/termek\/permetfix-tapadasfokozo-szer-3x5ml\/"]}]},{"@type":"ImageObject","inLanguage":"en-US","@id":"https:\/\/tajkertesz.com\/termek\/permetfix-tapadasfokozo-szer-3x5ml\/#primaryimage","url":"https:\/\/tajkertesz.com\/wp-content\/uploads\/2025\/06\/ea402898541737.Y3JvcCw4MDgsNjMyLDAsMA.png","contentUrl":"https:\/\/tajkertesz.com\/wp-content\/uploads\/2025\/06\/ea402898541737.Y3JvcCw4MDgsNjMyLDAsMA.png","width":404,"height":316,"caption":"Permetfix tapad\u00e1sfokoz\u00f3 szer 3x5ml"},{"@type":"BreadcrumbList","@id":"https:\/\/tajkertesz.com\/termek\/permetfix-tapadasfokozo-szer-3x5ml\/#breadcrumb","itemListElement":[{"@type":"ListItem","position":1,"name":"Home","item":"https:\/\/tajkertesz.com\/"},{"@type":"ListItem","position":2,"name":"Kezd\u0151lap","item":"https:\/\/tajkertesz.com\/"},{"@type":"ListItem","position":3,"name":"Permetfix tapad\u00e1sfokoz\u00f3 szer 3x5ml"}]},{"@type":"WebSite","@id":"https:\/\/tajkertesz.com\/#website","url":"https:\/\/tajkertesz.com\/","name":"T\u00e1j-Kert\u00e9sz 84 Kft.","description":"Kert\u00e9szeti kis- \u00e9s nagykeresked\u00e9s, D\u00edszn\u00f6v\u00e9ny web\u00e1ruh\u00e1z orsz\u00e1gos h\u00e1zhozsz\u00e1ll\u00edt\u00e1ssal!","publisher":{"@id":"https:\/\/tajkertesz.com\/#organization"},"potentialAction":[{"@type":"SearchAction","target":{"@type":"EntryPoint","urlTemplate":"https:\/\/tajkertesz.com\/?s={search_term_string}"},"query-input":{"@type":"PropertyValueSpecification","valueRequired":true,"valueName":"search_term_string"}}],"inLanguage":"en-US"},{"@type":"Organization","@id":"https:\/\/tajkertesz.com\/#organization","name":"T\u00e1j-Kert\u00e9sz 84 Kft.","url":"https:\/\/tajkertesz.com\/","logo":{"@type":"ImageObject","inLanguage":"en-US","@id":"https:\/\/tajkertesz.com\/#\/schema\/logo\/image\/","url":"https:\/\/tajkertesz.com\/wp-content\/uploads\/2018\/02\/logo-2-e1518678052539.png","contentUrl":"https:\/\/tajkertesz.com\/wp-content\/uploads\/2018\/02\/logo-2-e1518678052539.png","width":81,"height":140,"caption":"T\u00e1j-Kert\u00e9sz 84 Kft."},"image":{"@id":"https:\/\/tajkertesz.com\/#\/schema\/logo\/image\/"},"sameAs":["https:\/\/www.facebook.com\/Tajkertesz\/"]}]}},"_links":{"self":[{"href":"https:\/\/tajkertesz.com\/en_US\/wp-json\/wp\/v2\/product\/23776","targetHints":{"allow":["GET"]}}],"collection":[{"href":"https:\/\/tajkertesz.com\/en_US\/wp-json\/wp\/v2\/product"}],"about":[{"href":"https:\/\/tajkertesz.com\/en_US\/wp-json\/wp\/v2\/types\/product"}],"wp:featuredmedia":[{"embeddable":true,"href":"https:\/\/tajkertesz.com\/en_US\/wp-json\/wp\/v2\/media\/23777"}],"wp:attachment":[{"href":"https:\/\/tajkertesz.com\/en_US\/wp-json\/wp\/v2\/media?parent=23776"}],"wp:term":[{"taxonomy":"product_brand","embeddable":true,"href":"https:\/\/tajkertesz.com\/en_US\/wp-json\/wp\/v2\/product_brand?post=23776"},{"taxonomy":"product_cat","embeddable":true,"href":"https:\/\/tajkertesz.com\/en_US\/wp-json\/wp\/v2\/product_cat?post=23776"},{"taxonomy":"product_tag","embeddable":true,"href":"https:\/\/tajkertesz.com\/en_US\/wp-json\/wp\/v2\/product_tag?post=23776"}],"curies":[{"name":"wp","href":"https:\/\/api.w.org\/{rel}","templated":true}]}}