{"id":2380,"date":"2020-10-29T10:10:55","date_gmt":"2020-10-29T10:10:55","guid":{"rendered":"https:\/\/tajkertesz.com\/?post_type=product&#038;p=2380"},"modified":"2024-05-17T07:42:39","modified_gmt":"2024-05-17T07:42:39","slug":"ilex-maximowicziana-var-kanehirae-ilex-impala","status":"publish","type":"product","link":"https:\/\/tajkertesz.com\/en_US\/product\/ilex-maximowicziana-var-kanehirae-ilex-impala\/","title":{"rendered":"Ilex maximowicziana var.kanehirae , Ilex Impala"},"content":{"rendered":"<p>Ilex maximowicziana var.kanehirae , Ilex Impala<\/p>\n<p>Az Ilex maximowicziana var.kanehirae, n\u00e9pszer\u0171 nev\u00e9n Ilex Impala\u00ae egy Kelet K\u00edn\u00e1ban, Jap\u00e1nban honos n\u00f6v\u00e9ny.<\/p>\n<p>\u00c9l\u0151hely\u00e9n nem ritka a -25 Celsius fok, ez\u00e9rt remek\u00fcl\u00a0 t\u00e9l\u00e1ll\u00f3.\u00a0 Az Ilex Impala apr\u00f3, f\u00e9nyes z\u00f6ld level\u0171 \u00f6r\u00f6kz\u00f6ld n\u00f6v\u00e9ny.<\/p>\n<p>Gyors n\u00f6veked\u00e9s\u0171, maximum 2,5 m\u00e9ter magasra n\u0151. M\u00e1jusban ny\u00edlnak feh\u00e9r vir\u00e1gai, majd \u0151sszel f\u00e9nyes fekete term\u00e9seket hoz.<\/p>\n<p>\u00c9vente 30-40 cm-t is k\u00e9pes n\u00f6vekedni. T\u00f6k\u00e9letesen helyettes\u00edti a Buxust, hiszen teljesen t\u00e9l\u00e1ll\u00f3, \u00f6r\u00f6kz\u00f6ld, kiv\u00e1l\u00f3an ny\u00edrhat\u00f3 n\u00f6v\u00e9ny.<\/p>\n<p>Jelen term\u00e9k\u00fcnk 1,5 literes kont\u00e9nerben\u00a0 kaphat\u00f3 \u00e9s kb:30-40cm magas.<\/p>\n<p style=\"line-height: 18.0pt; background: white; margin: 0cm 0cm 15.0pt 0cm;\"><span style=\"font-family: 'Ubuntu',serif; color: black;\">El\u00e9rhet\u0151 t\u00f6bbf\u00e9le m\u00e9retben \u00e9s \u00e1rban.<\/span><\/p>\n<p style=\"line-height: 18.0pt; background: white; margin: 0cm 0cm 15.0pt 0cm;\"><b><span style=\"font-family: 'Ubuntu',serif; color: black;\">K\u00e9szlet\u00fcnk napi szinten v\u00e1ltozik, ez\u00e9rt k\u00e9rj\u00fck, \u00e9rdekl\u0151dj\u00f6n szem\u00e9lyesen, telefonon vagy email-en.<br \/>\nA v\u00e1ltoztat\u00e1s jog\u00e1t fenntartjuk!\u00a0<\/span><\/b><\/p>\n<p><a href=\"https:\/\/tajkertesz.com\/\">https:\/\/tajkertesz.com\/<\/a><\/p>\n<p><a href=\"https:\/\/hu.wikipedia.org\/wiki\/Magyal\">https:\/\/hu.wikipedia.org\/wiki\/Magyal<\/a><\/p>\n<h6><span style=\"color: #ffffff;\"><span id=\"Sz\u00e1rmaz\u00e1sa,_elterjed\u00e9se\" class=\"mw-headline\">Sz\u00e1rmaz\u00e1sa, elterjed\u00e9se<\/span><span class=\"mw-editsection\"><span class=\"mw-editsection-bracket\">[<\/span><a style=\"color: #ffffff;\" title=\"Szakasz szerkeszt\u00e9se: Sz\u00e1rmaz\u00e1sa, elterjed\u00e9se\" href=\"https:\/\/hu.wikipedia.org\/w\/index.php?title=Magyal&amp;action=edit&amp;section=1\">szerkeszt\u00e9s<\/a><span class=\"mw-editsection-bracket\">]<\/span><\/span><\/span><\/h6>\n<h6><span style=\"color: #ffffff;\"><span id=\"Megjelen\u00e9se,_fel\u00e9p\u00edt\u00e9se\" class=\"mw-headline\">Megjelen\u00e9se, fel\u00e9p\u00edt\u00e9se<\/span><span class=\"mw-editsection\"><span class=\"mw-editsection-bracket\">[<\/span><a style=\"color: #ffffff;\" title=\"Szakasz szerkeszt\u00e9se: Megjelen\u00e9se, fel\u00e9p\u00edt\u00e9se\" href=\"https:\/\/hu.wikipedia.org\/w\/index.php?title=Magyal&amp;action=edit&amp;section=2\">szerkeszt\u00e9s<\/a><span class=\"mw-editsection-bracket\">]<\/span><\/span><\/span><\/h6>\n<h6><span style=\"color: #ffffff;\">Fajai kisebb f\u00e1k vagy cserj\u00e9k. A t\u00f6bbs\u00e9g\u00fck \u00f6r\u00f6kz\u00f6ld, n\u00e9h\u00e1ny faj lombhullat\u00f3. S\u00f6t\u00e9tz\u00f6ld levelei b\u0151rnem\u0171ek, a legt\u00f6bb faj\u00e9 sz\u00far\u00f3s sz\u00e9l\u0171. A legt\u00f6bb faj bogy\u00f3ja vil\u00e1gos.<\/span><\/h6>\n<h6><span style=\"color: #ffffff;\"><span id=\".C3.89letm.C3.B3dja.2C_term.C5.91helye\"><\/span><span id=\"\u00c9letm\u00f3dja,_term\u0151helye\" class=\"mw-headline\">\u00c9letm\u00f3dja, term\u0151helye<\/span><span class=\"mw-editsection\"><span class=\"mw-editsection-bracket\">[<\/span><a style=\"color: #ffffff;\" title=\"Szakasz szerkeszt\u00e9se: \u00c9letm\u00f3dja, term\u0151helye\" href=\"https:\/\/hu.wikipedia.org\/w\/index.php?title=Magyal&amp;action=edit&amp;section=3\">szerkeszt\u00e9s<\/a><span class=\"mw-editsection-bracket\">]<\/span><\/span><\/span><\/h6>\n<h6><span style=\"color: #ffffff;\">K\u00e9tlaki. M\u00e9rs\u00e9kelten hidegt\u0171r\u0151, ez\u00e9rt a hideg m\u00e9rs\u00e9kelt \u00e9g\u00f6vben m\u00e1r nem \u00e9l meg. A sz\u00e1razs\u00e1got, a k\u00f6ves, sov\u00e1ny talajt viszont \u00e1ltal\u00e1ban j\u00f3l b\u00edrja \u2014 az ilyen fajok a\u00a0<a style=\"color: #ffffff;\" title=\"Macchia\" href=\"https:\/\/hu.wikipedia.org\/wiki\/Macchia\">macchia<\/a>\u00a0boz\u00f3tban \u00e1llom\u00e1nyalkot\u00f3kk\u00e9nt t\u0171nnek fel.<\/span><\/h6>\n<h6><span style=\"color: #ffffff;\">Bogy\u00f3i sz\u00e1mos mad\u00e1r \u00e9s n\u00f6v\u00e9nyev\u0151 gerinces kedvelt csemeg\u00e9i.<\/span><\/h6>\n<h6><span style=\"color: #ffffff;\"><span id=\"Felhaszn.C3.A1l.C3.A1sa\"><\/span><span id=\"Felhaszn\u00e1l\u00e1sa\" class=\"mw-headline\">Felhaszn\u00e1l\u00e1sa<\/span><span class=\"mw-editsection\"><span class=\"mw-editsection-bracket\">[<\/span><a style=\"color: #ffffff;\" title=\"Szakasz szerkeszt\u00e9se: Felhaszn\u00e1l\u00e1sa\" href=\"https:\/\/hu.wikipedia.org\/w\/index.php?title=Magyal&amp;action=edit&amp;section=4\">szerkeszt\u00e9s<\/a><span class=\"mw-editsection-bracket\">]<\/span><\/span><\/span><\/h6>\n<h6><span style=\"color: #ffffff;\">A\u00a0<a style=\"color: #ffffff;\" title=\"Mat\u00e9\" href=\"https:\/\/hu.wikipedia.org\/wiki\/Mat%C3%A9\">mat\u00e9<\/a>\u00a0<i>(Ilex paraguariensis)<\/i>\u00a0leveleib\u0151l f\u0151zik a\u00a0<a style=\"color: #ffffff;\" title=\"Mat\u00e9tea\" href=\"https:\/\/hu.wikipedia.org\/wiki\/Mat%C3%A9tea\">mat\u00e9te\u00e1t<\/a>.<\/span><\/h6>\n<h6><span style=\"color: #ffffff;\">T\u00f6bb fajt, \u00edgy a\u00a0<a style=\"color: #ffffff;\" title=\"K\u00f6z\u00f6ns\u00e9ges magyal\" href=\"https:\/\/hu.wikipedia.org\/wiki\/K%C3%B6z%C3%B6ns%C3%A9ges_magyal\">k\u00f6z\u00f6ns\u00e9ges magyalt<\/a>\u00a0(sz\u00far\u00f3s magyal, t\u00e9li magyal,\u00a0<i>Ilex aquifolium<\/i>) is\u00a0<a style=\"color: #ffffff;\" title=\"D\u00edszn\u00f6v\u00e9ny\" href=\"https:\/\/hu.wikipedia.org\/wiki\/D%C3%ADszn%C3%B6v%C3%A9ny\">d\u00edszn\u00f6v\u00e9nynek<\/a>, illetve\u00a0<a style=\"color: #ffffff;\" title=\"S\u00f6v\u00e9ny\" href=\"https:\/\/hu.wikipedia.org\/wiki\/S%C3%B6v%C3%A9ny\">s\u00f6v\u00e9nynek<\/a>\u00a0\u00fcltetik.<\/span><\/h6>\n<h6><span style=\"color: #ffffff;\">A\u00a0<a style=\"color: #ffffff;\" title=\"K\u00f6z\u00e9pkor\" href=\"https:\/\/hu.wikipedia.org\/wiki\/K%C3%B6z%C3%A9pkor\">k\u00f6z\u00e9pkorban<\/a>\u00a0bogy\u00f3i miatt szarvasmarh\u00e1k takarm\u00e1nyn\u00f6v\u00e9ny\u00e9nek is termesztett\u00e9k.<\/span><\/h6>\n<h6><span style=\"color: #ffffff;\"><span id=\"Rendszertani_feloszt.C3.A1sa\"><\/span><span id=\"Rendszertani_feloszt\u00e1sa\" class=\"mw-headline\">Rendszertani feloszt\u00e1sa<\/span><span class=\"mw-editsection\"><span class=\"mw-editsection-bracket\">[<\/span><a style=\"color: #ffffff;\" title=\"Szakasz szerkeszt\u00e9se: Rendszertani feloszt\u00e1sa\" href=\"https:\/\/hu.wikipedia.org\/w\/index.php?title=Magyal&amp;action=edit&amp;section=5\">szerkeszt\u00e9s<\/a><span class=\"mw-editsection-bracket\">]<\/span><\/span><\/span><\/h6>\n<h6><span style=\"color: #ffffff;\"><b>Byronia<\/b>\u00a0alnemzets\u00e9g\u00a0<i>(Ilex subg. Byronia)<\/i>\u00a0(<a style=\"color: #ffffff;\" title=\"Stephan Ladislaus Endlicher\" href=\"https:\/\/hu.wikipedia.org\/wiki\/Stephan_Ladislaus_Endlicher\">Endl.<\/a>)\u00a0<a class=\"new\" style=\"color: #ffffff;\" title=\"Ludwig Eduard Theodor Loesener (a lap nem l\u00e9tezik)\" href=\"https:\/\/hu.wikipedia.org\/w\/index.php?title=Ludwig_Eduard_Theodor_Loesener&amp;action=edit&amp;redlink=1\">Loes.<\/a>\u00a05 fajjal:<\/span><\/h6>\n<dl>\n<dt>\n<dl>\n<dt>\n<h6><span style=\"color: #ffffff;\"><a class=\"new\" style=\"color: #ffffff;\" title=\"Ilex anomala (a lap nem l\u00e9tezik)\" href=\"https:\/\/hu.wikipedia.org\/w\/index.php?title=Ilex_anomala&amp;action=edit&amp;redlink=1\">Ilex anomala<\/a><\/span><\/h6>\n<h6><span style=\"color: #ffffff;\"><a class=\"new\" style=\"color: #ffffff;\" title=\"Ilex arnhemensis (a lap nem l\u00e9tezik)\" href=\"https:\/\/hu.wikipedia.org\/w\/index.php?title=Ilex_arnhemensis&amp;action=edit&amp;redlink=1\">Ilex arnhemensis<\/a><\/span><\/h6>\n<h6><span style=\"color: #ffffff;\"><a class=\"new\" style=\"color: #ffffff;\" title=\"Ilex polypyrena (a lap nem l\u00e9tezik)\" href=\"https:\/\/hu.wikipedia.org\/w\/index.php?title=Ilex_polypyrena&amp;action=edit&amp;redlink=1\">Ilex polypyrena<\/a><\/span><\/h6>\n<h6><span style=\"color: #ffffff;\"><a class=\"new\" style=\"color: #ffffff;\" title=\"Ilex sandwicensis (a lap nem l\u00e9tezik)\" href=\"https:\/\/hu.wikipedia.org\/w\/index.php?title=Ilex_sandwicensis&amp;action=edit&amp;redlink=1\">Ilex sandwicensis<\/a><\/span><\/h6>\n<h6><span style=\"color: #ffffff;\"><a class=\"new\" style=\"color: #ffffff;\" title=\"Ilex tailensis (a lap nem l\u00e9tezik)\" href=\"https:\/\/hu.wikipedia.org\/w\/index.php?title=Ilex_tailensis&amp;action=edit&amp;redlink=1\">Ilex tailensis<\/a><\/span><\/h6>\n<\/dt>\n<\/dl>\n<\/dt>\n<\/dl>\n<h6><span style=\"color: #ffffff;\">A\u00a0<a style=\"color: #ffffff;\" title=\"F\u00f6ldk\u00f6zi-tenger\" href=\"https:\/\/hu.wikipedia.org\/wiki\/F%C3%B6ldk%C3%B6zi-tenger\">Mediterr\u00e1neumban<\/a>\u00a0\u00e9s att\u00f3l nem t\u00fal \u00e9szakra, valamint\u00a0<a style=\"color: #ffffff;\" title=\"\u00c1zsia\" href=\"https:\/\/hu.wikipedia.org\/wiki\/%C3%81zsia\">\u00c1zsia<\/a>,\u00a0<a style=\"color: #ffffff;\" title=\"D\u00e9l-Amerika\" href=\"https:\/\/hu.wikipedia.org\/wiki\/D%C3%A9l-Amerika\">D\u00e9l-Amerika<\/a>\u00a0\u00e9s\u00a0<a style=\"color: #ffffff;\" title=\"\u00c9szak-Amerika\" href=\"https:\/\/hu.wikipedia.org\/wiki\/%C3%89szak-Amerika\">\u00c9szak-Amerika<\/a>\u00a0tr\u00f3pusi \u00e9s meleg m\u00e9rs\u00e9kelt \u00e9ghajlat\u00fa t\u00e1jain honos.<\/span><\/h6>\n<h6><span style=\"color: #ffffff;\">Eur\u00e1zsia fajok:\u00a0<a style=\"color: #ffffff;\" title=\"K\u00f6z\u00f6ns\u00e9ges magyal\" href=\"https:\/\/hu.wikipedia.org\/wiki\/K%C3%B6z%C3%B6ns%C3%A9ges_magyal\">k\u00f6z\u00f6ns\u00e9ges magyal<\/a><\/span><\/h6>\n<h6><span style=\"color: #ffffff;\">Kelet-\u00c1zsiai fajok:\u00a0<a class=\"new\" style=\"color: #ffffff;\" title=\"Sz\u00e9leslevel\u0171 magyal (a lap nem l\u00e9tezik)\" href=\"https:\/\/hu.wikipedia.org\/w\/index.php?title=Sz%C3%A9leslevel%C5%B1_magyal&amp;action=edit&amp;redlink=1\">sz\u00e9leslevel\u0171 magyal<\/a>\u00a0<i>(Ilex latifolia)<\/i>,\u00a0<a class=\"new\" style=\"color: #ffffff;\" title=\"Kocs\u00e1nyos magyal (a lap nem l\u00e9tezik)\" href=\"https:\/\/hu.wikipedia.org\/w\/index.php?title=Kocs%C3%A1nyos_magyal&amp;action=edit&amp;redlink=1\">kocs\u00e1nyos magyal<\/a>\u00a0<i>(Ilex pedunculosa)<\/i>, \u00e9s\u00a0<a class=\"new\" style=\"color: #ffffff;\" title=\"Ilex purpurea (a lap nem l\u00e9tezik)\" href=\"https:\/\/hu.wikipedia.org\/w\/index.php?title=Ilex_purpurea&amp;action=edit&amp;redlink=1\">Ilex purpurea<\/a>.<\/span><\/h6>\n<h6><span style=\"color: #ffffff;\">\u00c9szak-Amerikai fajok:\u00a0<a class=\"new\" style=\"color: #ffffff;\" title=\"Amerikai magyal (a lap nem l\u00e9tezik)\" href=\"https:\/\/hu.wikipedia.org\/w\/index.php?title=Amerikai_magyal&amp;action=edit&amp;redlink=1\">amerikai magyal<\/a>\u00a0<i>(Ilex opaca)<\/i><\/span><\/h6>\n<h6><span style=\"color: #ffffff;\">A\u00a0<a style=\"color: #ffffff;\" title=\"Kan\u00e1ri-szigetek\" href=\"https:\/\/hu.wikipedia.org\/wiki\/Kan%C3%A1ri-szigetek\">Kan\u00e1ri-<\/a>\u00a0\u00e9s az\u00a0<a style=\"color: #ffffff;\" title=\"Azori-szigetek\" href=\"https:\/\/hu.wikipedia.org\/wiki\/Azori-szigetek\">Azori-szigetek<\/a>\u00a0\u0151shonos n\u00f6v\u00e9nye a\u00a0<a class=\"new\" style=\"color: #ffffff;\" title=\"Kan\u00e1ri magyal (a lap nem l\u00e9tezik)\" href=\"https:\/\/hu.wikipedia.org\/w\/index.php?title=Kan%C3%A1ri_magyal&amp;action=edit&amp;redlink=1\">kan\u00e1ri magyal<\/a>\u00a0<i>(Ilex perado)<\/i><\/span><\/h6>\n<h6><span style=\"color: #ffffff;\">Nemes\u00edtett fajok:<\/span><\/h6>\n<h6><span style=\"color: #ffffff;\"><a class=\"new\" style=\"color: #ffffff;\" title=\"Nagylevel\u0171 magyal (a lap nem l\u00e9tezik)\" href=\"https:\/\/hu.wikipedia.org\/w\/index.php?title=Nagylevel%C5%B1_magyal&amp;action=edit&amp;redlink=1\">nagylevel\u0171 magyal<\/a>\u00a0<i>(Ilex x altaclerensis)<\/i>,<\/span><\/h6>\n<h6><span style=\"color: #ffffff;\"><a class=\"new\" style=\"color: #ffffff;\" title=\"Ilex x koehneana (a lap nem l\u00e9tezik)\" href=\"https:\/\/hu.wikipedia.org\/w\/index.php?title=Ilex_x_koehneana&amp;action=edit&amp;redlink=1\">Ilex x koehneana<\/a><\/span><\/h6>\n","protected":false},"excerpt":{"rendered":"<p>Az Ilex maximowicziana var.kanehirae, n\u00e9pszer\u0171 nev\u00e9n Ilex Impala\u00ae egy Kelet K\u00edn\u00e1ban, Jap\u00e1nban honos n\u00f6v\u00e9ny.<\/p>\n<p>\u00c9l\u0151hely\u00e9n nem ritka a -25 Celsius fok, ez\u00e9rt remek\u00fcl\u00a0 t\u00e9l\u00e1ll\u00f3.\u00a0 Az Ilex Impala apr\u00f3, f\u00e9nyes z\u00f6ld level\u0171 \u00f6r\u00f6kz\u00f6ld n\u00f6v\u00e9ny.<\/p>\n<p>Gyors n\u00f6veked\u00e9s\u0171, maximum 2,5 m\u00e9ter magasra n\u0151. M\u00e1jusban ny\u00edlnak feh\u00e9r vir\u00e1gai, majd \u0151sszel f\u00e9nyes fekete term\u00e9seket hoz.<\/p>\n<p>\u00c9vente 30-40 cm-t is k\u00e9pes n\u00f6vekedni. T\u00f6k\u00e9letesen helyettes\u00edti a Buxust, hiszen teljesen t\u00e9l\u00e1ll\u00f3, \u00f6r\u00f6kz\u00f6ld, kiv\u00e1l\u00f3an ny\u00edrhat\u00f3 n\u00f6v\u00e9ny.<\/p>","protected":false},"featured_media":2384,"template":"","meta":{"_et_pb_use_builder":"","_et_pb_old_content":"","_et_gb_content_width":""},"product_brand":[],"product_cat":[26],"product_tag":[803,802,801,528,762],"class_list":{"0":"post-2380","1":"product","2":"type-product","3":"status-publish","4":"has-post-thumbnail","6":"product_cat-orokzold-novenyek","7":"product_tag-ilex","8":"product_tag-ilex-impala","9":"product_tag-ilex-maximowicziana-var-kanehirae","10":"product_tag-soveny","11":"product_tag-sovenynek","13":"first","14":"outofstock","15":"shipping-taxable","16":"product-type-simple"},"yoast_head":"<!-- This site is optimized with the Yoast SEO plugin v27.3 - https:\/\/yoast.com\/product\/yoast-seo-wordpress\/ -->\n<title>Ilex maximowicziana var.kanehirae , Ilex Impala - T\u00e1jkert\u00e9sz<\/title>\n<meta name=\"description\" content=\"Az Ilex Impala egy Kelet K\u00edn\u00e1ban, Jap\u00e1nban honos n\u00f6v\u00e9ny. T\u00f6k\u00e9letesen helyettes\u00edti a Buxust, hiszen teljesen t\u00e9l\u00e1ll\u00f3, ny\u00edrhat\u00f3 n\u00f6v\u00e9ny.\" \/>\n<meta name=\"robots\" content=\"index, follow, max-snippet:-1, max-image-preview:large, max-video-preview:-1\" \/>\n<link rel=\"canonical\" href=\"https:\/\/tajkertesz.com\/en_US\/product\/ilex-maximowicziana-var-kanehirae-ilex-impala\/\" \/>\n<meta property=\"og:locale\" content=\"en_US\" \/>\n<meta property=\"og:type\" content=\"article\" \/>\n<meta property=\"og:title\" content=\"Ilex maximowicziana var.kanehirae , Ilex Impala - T\u00e1jkert\u00e9sz\" \/>\n<meta property=\"og:description\" content=\"Az Ilex Impala egy Kelet K\u00edn\u00e1ban, Jap\u00e1nban honos n\u00f6v\u00e9ny. T\u00f6k\u00e9letesen helyettes\u00edti a Buxust, hiszen teljesen t\u00e9l\u00e1ll\u00f3, ny\u00edrhat\u00f3 n\u00f6v\u00e9ny.\" \/>\n<meta property=\"og:url\" content=\"https:\/\/tajkertesz.com\/en_US\/product\/ilex-maximowicziana-var-kanehirae-ilex-impala\/\" \/>\n<meta property=\"og:site_name\" content=\"T\u00e1jkert\u00e9sz\" \/>\n<meta property=\"article:publisher\" content=\"https:\/\/www.facebook.com\/Tajkertesz\/\" \/>\n<meta property=\"article:modified_time\" content=\"2024-05-17T07:42:39+00:00\" \/>\n<meta property=\"og:image\" content=\"https:\/\/tajkertesz.com\/wp-content\/uploads\/2020\/10\/Ilex-impala.jpg5_.png\" \/>\n\t<meta property=\"og:image:width\" content=\"679\" \/>\n\t<meta property=\"og:image:height\" content=\"694\" \/>\n\t<meta property=\"og:image:type\" content=\"image\/png\" \/>\n<meta name=\"twitter:card\" content=\"summary_large_image\" \/>\n<meta name=\"twitter:label1\" content=\"Est. reading time\" \/>\n\t<meta name=\"twitter:data1\" content=\"2 minutes\" \/>\n<script type=\"application\/ld+json\" class=\"yoast-schema-graph\">{\"@context\":\"https:\\\/\\\/schema.org\",\"@graph\":[{\"@type\":\"WebPage\",\"@id\":\"https:\\\/\\\/tajkertesz.com\\\/termek\\\/ilex-maximowicziana-var-kanehirae-ilex-impala\\\/\",\"url\":\"https:\\\/\\\/tajkertesz.com\\\/termek\\\/ilex-maximowicziana-var-kanehirae-ilex-impala\\\/\",\"name\":\"Ilex maximowicziana var.kanehirae , Ilex Impala - T\u00e1jkert\u00e9sz\",\"isPartOf\":{\"@id\":\"https:\\\/\\\/tajkertesz.com\\\/#website\"},\"primaryImageOfPage\":{\"@id\":\"https:\\\/\\\/tajkertesz.com\\\/termek\\\/ilex-maximowicziana-var-kanehirae-ilex-impala\\\/#primaryimage\"},\"image\":{\"@id\":\"https:\\\/\\\/tajkertesz.com\\\/termek\\\/ilex-maximowicziana-var-kanehirae-ilex-impala\\\/#primaryimage\"},\"thumbnailUrl\":\"https:\\\/\\\/tajkertesz.com\\\/wp-content\\\/uploads\\\/2020\\\/10\\\/Ilex-impala.jpg5_.png\",\"datePublished\":\"2020-10-29T10:10:55+00:00\",\"dateModified\":\"2024-05-17T07:42:39+00:00\",\"description\":\"Az Ilex Impala egy Kelet K\u00edn\u00e1ban, Jap\u00e1nban honos n\u00f6v\u00e9ny. T\u00f6k\u00e9letesen helyettes\u00edti a Buxust, hiszen teljesen t\u00e9l\u00e1ll\u00f3, ny\u00edrhat\u00f3 n\u00f6v\u00e9ny.\",\"breadcrumb\":{\"@id\":\"https:\\\/\\\/tajkertesz.com\\\/termek\\\/ilex-maximowicziana-var-kanehirae-ilex-impala\\\/#breadcrumb\"},\"inLanguage\":\"en-US\",\"potentialAction\":[{\"@type\":\"ReadAction\",\"target\":[\"https:\\\/\\\/tajkertesz.com\\\/termek\\\/ilex-maximowicziana-var-kanehirae-ilex-impala\\\/\"]}]},{\"@type\":\"ImageObject\",\"inLanguage\":\"en-US\",\"@id\":\"https:\\\/\\\/tajkertesz.com\\\/termek\\\/ilex-maximowicziana-var-kanehirae-ilex-impala\\\/#primaryimage\",\"url\":\"https:\\\/\\\/tajkertesz.com\\\/wp-content\\\/uploads\\\/2020\\\/10\\\/Ilex-impala.jpg5_.png\",\"contentUrl\":\"https:\\\/\\\/tajkertesz.com\\\/wp-content\\\/uploads\\\/2020\\\/10\\\/Ilex-impala.jpg5_.png\",\"width\":679,\"height\":694},{\"@type\":\"BreadcrumbList\",\"@id\":\"https:\\\/\\\/tajkertesz.com\\\/termek\\\/ilex-maximowicziana-var-kanehirae-ilex-impala\\\/#breadcrumb\",\"itemListElement\":[{\"@type\":\"ListItem\",\"position\":1,\"name\":\"Home\",\"item\":\"https:\\\/\\\/tajkertesz.com\\\/\"},{\"@type\":\"ListItem\",\"position\":2,\"name\":\"Kezd\u0151lap\",\"item\":\"https:\\\/\\\/tajkertesz.com\\\/\"},{\"@type\":\"ListItem\",\"position\":3,\"name\":\"Ilex maximowicziana var.kanehirae , Ilex Impala\"}]},{\"@type\":\"WebSite\",\"@id\":\"https:\\\/\\\/tajkertesz.com\\\/#website\",\"url\":\"https:\\\/\\\/tajkertesz.com\\\/\",\"name\":\"T\u00e1j-Kert\u00e9sz 84 Kft.\",\"description\":\"Kert\u00e9szeti kis- \u00e9s nagykeresked\u00e9s, D\u00edszn\u00f6v\u00e9ny web\u00e1ruh\u00e1z orsz\u00e1gos h\u00e1zhozsz\u00e1ll\u00edt\u00e1ssal!\",\"publisher\":{\"@id\":\"https:\\\/\\\/tajkertesz.com\\\/#organization\"},\"potentialAction\":[{\"@type\":\"SearchAction\",\"target\":{\"@type\":\"EntryPoint\",\"urlTemplate\":\"https:\\\/\\\/tajkertesz.com\\\/?s={search_term_string}\"},\"query-input\":{\"@type\":\"PropertyValueSpecification\",\"valueRequired\":true,\"valueName\":\"search_term_string\"}}],\"inLanguage\":\"en-US\"},{\"@type\":\"Organization\",\"@id\":\"https:\\\/\\\/tajkertesz.com\\\/#organization\",\"name\":\"T\u00e1j-Kert\u00e9sz 84 Kft.\",\"url\":\"https:\\\/\\\/tajkertesz.com\\\/\",\"logo\":{\"@type\":\"ImageObject\",\"inLanguage\":\"en-US\",\"@id\":\"https:\\\/\\\/tajkertesz.com\\\/#\\\/schema\\\/logo\\\/image\\\/\",\"url\":\"https:\\\/\\\/tajkertesz.com\\\/wp-content\\\/uploads\\\/2018\\\/02\\\/logo-2-e1518678052539.png\",\"contentUrl\":\"https:\\\/\\\/tajkertesz.com\\\/wp-content\\\/uploads\\\/2018\\\/02\\\/logo-2-e1518678052539.png\",\"width\":81,\"height\":140,\"caption\":\"T\u00e1j-Kert\u00e9sz 84 Kft.\"},\"image\":{\"@id\":\"https:\\\/\\\/tajkertesz.com\\\/#\\\/schema\\\/logo\\\/image\\\/\"},\"sameAs\":[\"https:\\\/\\\/www.facebook.com\\\/Tajkertesz\\\/\"]}]}<\/script>\n<!-- \/ Yoast SEO plugin. -->","yoast_head_json":{"title":"Ilex maximowicziana var.kanehirae , Ilex Impala - T\u00e1jkert\u00e9sz","description":"Az Ilex Impala egy Kelet K\u00edn\u00e1ban, Jap\u00e1nban honos n\u00f6v\u00e9ny. T\u00f6k\u00e9letesen helyettes\u00edti a Buxust, hiszen teljesen t\u00e9l\u00e1ll\u00f3, ny\u00edrhat\u00f3 n\u00f6v\u00e9ny.","robots":{"index":"index","follow":"follow","max-snippet":"max-snippet:-1","max-image-preview":"max-image-preview:large","max-video-preview":"max-video-preview:-1"},"canonical":"https:\/\/tajkertesz.com\/en_US\/product\/ilex-maximowicziana-var-kanehirae-ilex-impala\/","og_locale":"en_US","og_type":"article","og_title":"Ilex maximowicziana var.kanehirae , Ilex Impala - T\u00e1jkert\u00e9sz","og_description":"Az Ilex Impala egy Kelet K\u00edn\u00e1ban, Jap\u00e1nban honos n\u00f6v\u00e9ny. T\u00f6k\u00e9letesen helyettes\u00edti a Buxust, hiszen teljesen t\u00e9l\u00e1ll\u00f3, ny\u00edrhat\u00f3 n\u00f6v\u00e9ny.","og_url":"https:\/\/tajkertesz.com\/en_US\/product\/ilex-maximowicziana-var-kanehirae-ilex-impala\/","og_site_name":"T\u00e1jkert\u00e9sz","article_publisher":"https:\/\/www.facebook.com\/Tajkertesz\/","article_modified_time":"2024-05-17T07:42:39+00:00","og_image":[{"width":679,"height":694,"url":"https:\/\/tajkertesz.com\/wp-content\/uploads\/2020\/10\/Ilex-impala.jpg5_.png","type":"image\/png"}],"twitter_card":"summary_large_image","twitter_misc":{"Est. reading time":"2 minutes"},"schema":{"@context":"https:\/\/schema.org","@graph":[{"@type":"WebPage","@id":"https:\/\/tajkertesz.com\/termek\/ilex-maximowicziana-var-kanehirae-ilex-impala\/","url":"https:\/\/tajkertesz.com\/termek\/ilex-maximowicziana-var-kanehirae-ilex-impala\/","name":"Ilex maximowicziana var.kanehirae , Ilex Impala - T\u00e1jkert\u00e9sz","isPartOf":{"@id":"https:\/\/tajkertesz.com\/#website"},"primaryImageOfPage":{"@id":"https:\/\/tajkertesz.com\/termek\/ilex-maximowicziana-var-kanehirae-ilex-impala\/#primaryimage"},"image":{"@id":"https:\/\/tajkertesz.com\/termek\/ilex-maximowicziana-var-kanehirae-ilex-impala\/#primaryimage"},"thumbnailUrl":"https:\/\/tajkertesz.com\/wp-content\/uploads\/2020\/10\/Ilex-impala.jpg5_.png","datePublished":"2020-10-29T10:10:55+00:00","dateModified":"2024-05-17T07:42:39+00:00","description":"Az Ilex Impala egy Kelet K\u00edn\u00e1ban, Jap\u00e1nban honos n\u00f6v\u00e9ny. T\u00f6k\u00e9letesen helyettes\u00edti a Buxust, hiszen teljesen t\u00e9l\u00e1ll\u00f3, ny\u00edrhat\u00f3 n\u00f6v\u00e9ny.","breadcrumb":{"@id":"https:\/\/tajkertesz.com\/termek\/ilex-maximowicziana-var-kanehirae-ilex-impala\/#breadcrumb"},"inLanguage":"en-US","potentialAction":[{"@type":"ReadAction","target":["https:\/\/tajkertesz.com\/termek\/ilex-maximowicziana-var-kanehirae-ilex-impala\/"]}]},{"@type":"ImageObject","inLanguage":"en-US","@id":"https:\/\/tajkertesz.com\/termek\/ilex-maximowicziana-var-kanehirae-ilex-impala\/#primaryimage","url":"https:\/\/tajkertesz.com\/wp-content\/uploads\/2020\/10\/Ilex-impala.jpg5_.png","contentUrl":"https:\/\/tajkertesz.com\/wp-content\/uploads\/2020\/10\/Ilex-impala.jpg5_.png","width":679,"height":694},{"@type":"BreadcrumbList","@id":"https:\/\/tajkertesz.com\/termek\/ilex-maximowicziana-var-kanehirae-ilex-impala\/#breadcrumb","itemListElement":[{"@type":"ListItem","position":1,"name":"Home","item":"https:\/\/tajkertesz.com\/"},{"@type":"ListItem","position":2,"name":"Kezd\u0151lap","item":"https:\/\/tajkertesz.com\/"},{"@type":"ListItem","position":3,"name":"Ilex maximowicziana var.kanehirae , Ilex Impala"}]},{"@type":"WebSite","@id":"https:\/\/tajkertesz.com\/#website","url":"https:\/\/tajkertesz.com\/","name":"T\u00e1j-Kert\u00e9sz 84 Kft.","description":"Kert\u00e9szeti kis- \u00e9s nagykeresked\u00e9s, D\u00edszn\u00f6v\u00e9ny web\u00e1ruh\u00e1z orsz\u00e1gos h\u00e1zhozsz\u00e1ll\u00edt\u00e1ssal!","publisher":{"@id":"https:\/\/tajkertesz.com\/#organization"},"potentialAction":[{"@type":"SearchAction","target":{"@type":"EntryPoint","urlTemplate":"https:\/\/tajkertesz.com\/?s={search_term_string}"},"query-input":{"@type":"PropertyValueSpecification","valueRequired":true,"valueName":"search_term_string"}}],"inLanguage":"en-US"},{"@type":"Organization","@id":"https:\/\/tajkertesz.com\/#organization","name":"T\u00e1j-Kert\u00e9sz 84 Kft.","url":"https:\/\/tajkertesz.com\/","logo":{"@type":"ImageObject","inLanguage":"en-US","@id":"https:\/\/tajkertesz.com\/#\/schema\/logo\/image\/","url":"https:\/\/tajkertesz.com\/wp-content\/uploads\/2018\/02\/logo-2-e1518678052539.png","contentUrl":"https:\/\/tajkertesz.com\/wp-content\/uploads\/2018\/02\/logo-2-e1518678052539.png","width":81,"height":140,"caption":"T\u00e1j-Kert\u00e9sz 84 Kft."},"image":{"@id":"https:\/\/tajkertesz.com\/#\/schema\/logo\/image\/"},"sameAs":["https:\/\/www.facebook.com\/Tajkertesz\/"]}]}},"_links":{"self":[{"href":"https:\/\/tajkertesz.com\/en_US\/wp-json\/wp\/v2\/product\/2380","targetHints":{"allow":["GET"]}}],"collection":[{"href":"https:\/\/tajkertesz.com\/en_US\/wp-json\/wp\/v2\/product"}],"about":[{"href":"https:\/\/tajkertesz.com\/en_US\/wp-json\/wp\/v2\/types\/product"}],"wp:featuredmedia":[{"embeddable":true,"href":"https:\/\/tajkertesz.com\/en_US\/wp-json\/wp\/v2\/media\/2384"}],"wp:attachment":[{"href":"https:\/\/tajkertesz.com\/en_US\/wp-json\/wp\/v2\/media?parent=2380"}],"wp:term":[{"taxonomy":"product_brand","embeddable":true,"href":"https:\/\/tajkertesz.com\/en_US\/wp-json\/wp\/v2\/product_brand?post=2380"},{"taxonomy":"product_cat","embeddable":true,"href":"https:\/\/tajkertesz.com\/en_US\/wp-json\/wp\/v2\/product_cat?post=2380"},{"taxonomy":"product_tag","embeddable":true,"href":"https:\/\/tajkertesz.com\/en_US\/wp-json\/wp\/v2\/product_tag?post=2380"}],"curies":[{"name":"wp","href":"https:\/\/api.w.org\/{rel}","templated":true}]}}