{"id":23833,"date":"2025-07-01T11:49:59","date_gmt":"2025-07-01T11:49:59","guid":{"rendered":"https:\/\/tajkertesz.com\/?post_type=product&#038;p=23833"},"modified":"2026-02-25T13:24:36","modified_gmt":"2026-02-25T13:24:36","slug":"fiskars-comfort-3-agu-csapcsatlakozo","status":"publish","type":"product","link":"https:\/\/tajkertesz.com\/en_US\/product\/fiskars-comfort-3-agu-csapcsatlakozo\/","title":{"rendered":"Fiskars comfort 3 \u00e1g\u00fa csapcsatlakoz\u00f3"},"content":{"rendered":"<h1>Fiskars comfort 3 \u00e1g\u00fa csapcsatlakoz\u00f3<\/h1>\n<p>Fiskars comfort 3 \u00e1g\u00fa csapcsatlakoz\u00f3:<\/p>\n<div id=\"productDescription\" data-v-6f78aac4=\"\" data-v-18aeb563=\"\" data-v-76159b3d=\"\">\n<section id=\"descriptionTitle__productDescription\" class=\"descriptionBlock\" data-v-6f78aac4=\"\">\n<div class=\"productDescription\" data-v-18aeb563=\"\">\n<div class=\"--body\" data-v-18aeb563=\"\">A Fiskars Comfort 3-utas szelep, ki\/bekapcsol\u00f3, lehet\u0151v\u00e9 teszi h\u00e1rom k\u00fcl\u00f6n\u00e1ll\u00f3 t\u00f6ml\u0151 egyetlen v\u00edzforr\u00e1shoz val\u00f3 csatlakoztat\u00e1s\u00e1t. A f\u00fcggetlen be-\/kikapcsol\u00f3 szelepek k\u00f6nnyen haszn\u00e1lhat\u00f3k, \u00e9s lehet\u0151v\u00e9 teszik az egyes t\u00f6ml\u0151kh\u00f6z \u00e1raml\u00f3 v\u00edzmennyis\u00e9g k\u00fcl\u00f6n-k\u00fcl\u00f6n t\u00f6rt\u00e9n\u0151 szab\u00e1lyoz\u00e1s\u00e1t. Ez a csapcsatlakoz\u00f3 a h\u00e1rom leggyakoribb csapm\u00e9rethez rendelkezik menettel: \u00d8 21 mm (G 1\/2&#8243;), \u00d8 26,5 mm (G 3\/4&#8243;) \u00e9s \u00d8 33,3 mm (G 1&#8243;). A gyorscsatlakoz\u00f3 v\u00e9gei sz\u00fcks\u00e9g eset\u00e9n 3\/4&#8243;-os csatlakoz\u00e1sokhoz is elt\u00e1vol\u00edthat\u00f3k, p\u00e9ld\u00e1ul id\u0151z\u00edt\u0151k haszn\u00e1lat\u00e1hoz. Univerz\u00e1lis csatlakoz\u00f3 m\u00e1s \u00f6nt\u00f6z\u0151berendez\u00e9sekkel, bele\u00e9rtve m\u00e1s m\u00e1rk\u00e1kat is, minden \u00f6nt\u00f6z\u00e9si ig\u00e9nyhez.<br \/>\n<img loading=\"lazy\" decoding=\"async\" class=\"alignnone size-thumbnail wp-image-23836\" src=\"https:\/\/tajkertesz.com\/wp-content\/uploads\/2025\/07\/OIP-150x150.webp\" alt=\"\" width=\"150\" height=\"150\" srcset=\"https:\/\/tajkertesz.com\/wp-content\/uploads\/2025\/07\/OIP-150x150.webp 150w, https:\/\/tajkertesz.com\/wp-content\/uploads\/2025\/07\/OIP-300x300.webp 300w, https:\/\/tajkertesz.com\/wp-content\/uploads\/2025\/07\/OIP-12x12.webp 12w, https:\/\/tajkertesz.com\/wp-content\/uploads\/2025\/07\/OIP-100x100.webp 100w, https:\/\/tajkertesz.com\/wp-content\/uploads\/2025\/07\/OIP-64x64.webp 64w, https:\/\/tajkertesz.com\/wp-content\/uploads\/2025\/07\/OIP.webp 474w\" sizes=\"(max-width: 150px) 100vw, 150px\" \/><\/div>\n<\/div>\n<\/section>\n<\/div>\n<div id=\"attributesNotes_facts\" data-v-6f78aac4=\"\" data-v-76159b3d=\"\">\n<section id=\"descriptionTitle__attributesNotes_facts\" class=\"descriptionBlock descriptionBlock--small\" data-v-6f78aac4=\"\">\n<h3 class=\"--headingMedium\" data-v-6f78aac4=\"\">Kivitel<\/h3>\n<ul class=\"--descriptionList\">\n<li class=\"--descriptionList__item --body\">Fiskars Comfort 3-utas szelep, Be\/Ki, a v\u00edzforr\u00e1st h\u00e1rom, f\u00fcggetlen \u00e1raml\u00e1sszelepekkel ell\u00e1tott csatlakoz\u00e1sra osztja<\/li>\n<li class=\"--descriptionList__item --body\">Levehet\u0151 gyorscsatlakoz\u00f3 v\u00e9gek 3\/4\u201d-os csatlakoz\u00e1si lehet\u0151s\u00e9ghez (pl. id\u0151z\u00edt\u0151)<\/li>\n<li class=\"--descriptionList__item --body\">3 menetm\u00e9rethez alkalmas: \u00d8 21 mm (G 1\/2&#8243;), \u00d8 26,5 mm (G 3\/4&#8243;), \u00d8 33,3 mm (G 1&#8243;)<\/li>\n<li class=\"--descriptionList__item --body\">Univerz\u00e1lis csatlakoz\u00f3 \u2013 m\u00e1s m\u00e1rk\u00e1khoz is illeszkedik<\/li>\n<\/ul>\n<p>&nbsp;<\/p>\n<ul class=\"--descriptionList\">\n<li>\n<p style=\"line-height: 18.0pt; background: white; margin: 0cm 0cm 15.0pt 0cm;\"><b><span style=\"font-family: 'Ubuntu',sans-serif; color: black;\">K\u00e9szlet\u00fcnk napi szinten v\u00e1ltozik, ez\u00e9rt k\u00e9rj\u00fck, \u00e9rdekl\u0151dj\u00f6n szem\u00e9lyesen, telefonon vagy email-en.<br \/>\nA v\u00e1ltoztat\u00e1s jog\u00e1t fenntartjuk!\u00a0<\/span><\/b><\/p>\n<p><a href=\"https:\/\/tajkertesz.com\/\">https:\/\/tajkertesz.com\/<\/a><\/p>\n<p><a href=\"https:\/\/www.facebook.com\/tajkertesz\/\">https:\/\/www.facebook.com\/tajkertesz\/<\/a><\/p>\n<p>Kisz\u00e1ll\u00edt\u00e1s: 200cm-ig \u00e9s 40 kg-ig a sz\u00e1ll\u00edt\u00e1s fut\u00e1rszolg\u00e1lattal t\u00f6rt\u00e9nik.<\/p>\n<p>Szem\u00e9lyes \u00e1tv\u00e9tel nyitvatart\u00e1si id\u0151ben a 17. ker\u00fclet Bakancsos utca 7. sz\u00e1m alatti Kert\u00e9szeti \u00e1rud\u00e1nkban.<\/p>\n<p><b><u>Kert\u00e9p\u00edt\u0151k \u00e9s viszontelad\u00f3k regisztr\u00e1l\u00e1s ut\u00e1n egyedi kedvezm\u00e9nnyel v\u00e1s\u00e1rolhatnak kert\u00e9szeti kis-\u00e9s nagykeresked\u00e9s\u00fcnkben.<\/u><\/b><\/p>\n<p>A logisztikai c\u00e9ggel t\u00f6rt\u00e9n\u0151 sz\u00e1ll\u00edt\u00e1s eset\u00e9n a partnereink\u00a0esetleges a\u00a0cs\u00fasz\u00e1sai\u00e9rt nem<\/p>\n<p>v\u00e1llalunk felel\u0151ss\u00e9get!<\/p>\n<p><strong>Az \u00e1rak egy darab term\u00e9kre vonatkoznak.<\/strong><\/li>\n<\/ul>\n<\/section>\n<\/div>","protected":false},"excerpt":{"rendered":"<p>Fiskars comfort 3 \u00e1g\u00fa csapcsatlakoz\u00f3<\/p>","protected":false},"featured_media":23836,"template":"","meta":{"_et_pb_use_builder":"","_et_pb_old_content":"","_et_gb_content_width":""},"product_brand":[5811],"product_cat":[4726],"product_tag":[4976,5046,116,4728],"class_list":{"0":"post-23833","1":"product","2":"type-product","3":"status-publish","4":"has-post-thumbnail","6":"product_brand-fiskars","7":"product_cat-fiskars-ontozestechnika","8":"product_tag-csap","9":"product_tag-csatlakozo","10":"product_tag-fiskars","11":"product_tag-ontozes","13":"first","14":"instock","15":"shipping-taxable","16":"purchasable","17":"product-type-simple"},"yoast_head":"<!-- This site is optimized with the Yoast SEO plugin v27.3 - https:\/\/yoast.com\/product\/yoast-seo-wordpress\/ -->\n<title>Fiskars comfort 3 \u00e1g\u00fa csapcsatlakoz\u00f3 - T\u00e1jkert\u00e9sz<\/title>\n<meta name=\"description\" content=\"Fiskars comfort 3 \u00e1g\u00fa csapcsatlakoz\u00f3......................................................................................\" \/>\n<meta name=\"robots\" content=\"index, follow, max-snippet:-1, max-image-preview:large, max-video-preview:-1\" \/>\n<link rel=\"canonical\" href=\"https:\/\/tajkertesz.com\/en_US\/product\/fiskars-comfort-3-agu-csapcsatlakozo\/\" \/>\n<meta property=\"og:locale\" content=\"en_US\" \/>\n<meta property=\"og:type\" content=\"article\" \/>\n<meta property=\"og:title\" content=\"Fiskars comfort 3 \u00e1g\u00fa csapcsatlakoz\u00f3 - T\u00e1jkert\u00e9sz\" \/>\n<meta property=\"og:description\" content=\"Fiskars comfort 3 \u00e1g\u00fa csapcsatlakoz\u00f3......................................................................................\" \/>\n<meta property=\"og:url\" content=\"https:\/\/tajkertesz.com\/en_US\/product\/fiskars-comfort-3-agu-csapcsatlakozo\/\" \/>\n<meta property=\"og:site_name\" content=\"T\u00e1jkert\u00e9sz\" \/>\n<meta property=\"article:publisher\" content=\"https:\/\/www.facebook.com\/Tajkertesz\/\" \/>\n<meta property=\"article:modified_time\" content=\"2026-02-25T13:24:36+00:00\" \/>\n<meta property=\"og:image\" content=\"https:\/\/tajkertesz.com\/wp-content\/uploads\/2025\/07\/OIP.webp\" \/>\n\t<meta property=\"og:image:width\" content=\"474\" \/>\n\t<meta property=\"og:image:height\" content=\"474\" \/>\n\t<meta property=\"og:image:type\" content=\"image\/webp\" \/>\n<meta name=\"twitter:card\" content=\"summary_large_image\" \/>\n<meta name=\"twitter:label1\" content=\"Est. reading time\" \/>\n\t<meta name=\"twitter:data1\" content=\"2 minutes\" \/>\n<script type=\"application\/ld+json\" class=\"yoast-schema-graph\">{\"@context\":\"https:\\\/\\\/schema.org\",\"@graph\":[{\"@type\":\"WebPage\",\"@id\":\"https:\\\/\\\/tajkertesz.com\\\/termek\\\/fiskars-comfort-3-agu-csapcsatlakozo\\\/\",\"url\":\"https:\\\/\\\/tajkertesz.com\\\/termek\\\/fiskars-comfort-3-agu-csapcsatlakozo\\\/\",\"name\":\"Fiskars comfort 3 \u00e1g\u00fa csapcsatlakoz\u00f3 - T\u00e1jkert\u00e9sz\",\"isPartOf\":{\"@id\":\"https:\\\/\\\/tajkertesz.com\\\/#website\"},\"primaryImageOfPage\":{\"@id\":\"https:\\\/\\\/tajkertesz.com\\\/termek\\\/fiskars-comfort-3-agu-csapcsatlakozo\\\/#primaryimage\"},\"image\":{\"@id\":\"https:\\\/\\\/tajkertesz.com\\\/termek\\\/fiskars-comfort-3-agu-csapcsatlakozo\\\/#primaryimage\"},\"thumbnailUrl\":\"https:\\\/\\\/tajkertesz.com\\\/wp-content\\\/uploads\\\/2025\\\/07\\\/OIP.webp\",\"datePublished\":\"2025-07-01T11:49:59+00:00\",\"dateModified\":\"2026-02-25T13:24:36+00:00\",\"description\":\"Fiskars comfort 3 \u00e1g\u00fa csapcsatlakoz\u00f3......................................................................................\",\"breadcrumb\":{\"@id\":\"https:\\\/\\\/tajkertesz.com\\\/termek\\\/fiskars-comfort-3-agu-csapcsatlakozo\\\/#breadcrumb\"},\"inLanguage\":\"en-US\",\"potentialAction\":[{\"@type\":\"ReadAction\",\"target\":[\"https:\\\/\\\/tajkertesz.com\\\/termek\\\/fiskars-comfort-3-agu-csapcsatlakozo\\\/\"]}]},{\"@type\":\"ImageObject\",\"inLanguage\":\"en-US\",\"@id\":\"https:\\\/\\\/tajkertesz.com\\\/termek\\\/fiskars-comfort-3-agu-csapcsatlakozo\\\/#primaryimage\",\"url\":\"https:\\\/\\\/tajkertesz.com\\\/wp-content\\\/uploads\\\/2025\\\/07\\\/OIP.webp\",\"contentUrl\":\"https:\\\/\\\/tajkertesz.com\\\/wp-content\\\/uploads\\\/2025\\\/07\\\/OIP.webp\",\"width\":474,\"height\":474},{\"@type\":\"BreadcrumbList\",\"@id\":\"https:\\\/\\\/tajkertesz.com\\\/termek\\\/fiskars-comfort-3-agu-csapcsatlakozo\\\/#breadcrumb\",\"itemListElement\":[{\"@type\":\"ListItem\",\"position\":1,\"name\":\"Home\",\"item\":\"https:\\\/\\\/tajkertesz.com\\\/\"},{\"@type\":\"ListItem\",\"position\":2,\"name\":\"Kezd\u0151lap\",\"item\":\"https:\\\/\\\/tajkertesz.com\\\/\"},{\"@type\":\"ListItem\",\"position\":3,\"name\":\"Fiskars comfort 3 \u00e1g\u00fa csapcsatlakoz\u00f3\"}]},{\"@type\":\"WebSite\",\"@id\":\"https:\\\/\\\/tajkertesz.com\\\/#website\",\"url\":\"https:\\\/\\\/tajkertesz.com\\\/\",\"name\":\"T\u00e1j-Kert\u00e9sz 84 Kft.\",\"description\":\"Kert\u00e9szeti kis- \u00e9s nagykeresked\u00e9s, D\u00edszn\u00f6v\u00e9ny web\u00e1ruh\u00e1z orsz\u00e1gos h\u00e1zhozsz\u00e1ll\u00edt\u00e1ssal!\",\"publisher\":{\"@id\":\"https:\\\/\\\/tajkertesz.com\\\/#organization\"},\"potentialAction\":[{\"@type\":\"SearchAction\",\"target\":{\"@type\":\"EntryPoint\",\"urlTemplate\":\"https:\\\/\\\/tajkertesz.com\\\/?s={search_term_string}\"},\"query-input\":{\"@type\":\"PropertyValueSpecification\",\"valueRequired\":true,\"valueName\":\"search_term_string\"}}],\"inLanguage\":\"en-US\"},{\"@type\":\"Organization\",\"@id\":\"https:\\\/\\\/tajkertesz.com\\\/#organization\",\"name\":\"T\u00e1j-Kert\u00e9sz 84 Kft.\",\"url\":\"https:\\\/\\\/tajkertesz.com\\\/\",\"logo\":{\"@type\":\"ImageObject\",\"inLanguage\":\"en-US\",\"@id\":\"https:\\\/\\\/tajkertesz.com\\\/#\\\/schema\\\/logo\\\/image\\\/\",\"url\":\"https:\\\/\\\/tajkertesz.com\\\/wp-content\\\/uploads\\\/2018\\\/02\\\/logo-2-e1518678052539.png\",\"contentUrl\":\"https:\\\/\\\/tajkertesz.com\\\/wp-content\\\/uploads\\\/2018\\\/02\\\/logo-2-e1518678052539.png\",\"width\":81,\"height\":140,\"caption\":\"T\u00e1j-Kert\u00e9sz 84 Kft.\"},\"image\":{\"@id\":\"https:\\\/\\\/tajkertesz.com\\\/#\\\/schema\\\/logo\\\/image\\\/\"},\"sameAs\":[\"https:\\\/\\\/www.facebook.com\\\/Tajkertesz\\\/\"]}]}<\/script>\n<!-- \/ Yoast SEO plugin. -->","yoast_head_json":{"title":"Fiskars comfort 3 \u00e1g\u00fa csapcsatlakoz\u00f3 - T\u00e1jkert\u00e9sz","description":"Fiskars comfort 3 \u00e1g\u00fa csapcsatlakoz\u00f3......................................................................................","robots":{"index":"index","follow":"follow","max-snippet":"max-snippet:-1","max-image-preview":"max-image-preview:large","max-video-preview":"max-video-preview:-1"},"canonical":"https:\/\/tajkertesz.com\/en_US\/product\/fiskars-comfort-3-agu-csapcsatlakozo\/","og_locale":"en_US","og_type":"article","og_title":"Fiskars comfort 3 \u00e1g\u00fa csapcsatlakoz\u00f3 - T\u00e1jkert\u00e9sz","og_description":"Fiskars comfort 3 \u00e1g\u00fa csapcsatlakoz\u00f3......................................................................................","og_url":"https:\/\/tajkertesz.com\/en_US\/product\/fiskars-comfort-3-agu-csapcsatlakozo\/","og_site_name":"T\u00e1jkert\u00e9sz","article_publisher":"https:\/\/www.facebook.com\/Tajkertesz\/","article_modified_time":"2026-02-25T13:24:36+00:00","og_image":[{"width":474,"height":474,"url":"https:\/\/tajkertesz.com\/wp-content\/uploads\/2025\/07\/OIP.webp","type":"image\/webp"}],"twitter_card":"summary_large_image","twitter_misc":{"Est. reading time":"2 minutes"},"schema":{"@context":"https:\/\/schema.org","@graph":[{"@type":"WebPage","@id":"https:\/\/tajkertesz.com\/termek\/fiskars-comfort-3-agu-csapcsatlakozo\/","url":"https:\/\/tajkertesz.com\/termek\/fiskars-comfort-3-agu-csapcsatlakozo\/","name":"Fiskars comfort 3 \u00e1g\u00fa csapcsatlakoz\u00f3 - T\u00e1jkert\u00e9sz","isPartOf":{"@id":"https:\/\/tajkertesz.com\/#website"},"primaryImageOfPage":{"@id":"https:\/\/tajkertesz.com\/termek\/fiskars-comfort-3-agu-csapcsatlakozo\/#primaryimage"},"image":{"@id":"https:\/\/tajkertesz.com\/termek\/fiskars-comfort-3-agu-csapcsatlakozo\/#primaryimage"},"thumbnailUrl":"https:\/\/tajkertesz.com\/wp-content\/uploads\/2025\/07\/OIP.webp","datePublished":"2025-07-01T11:49:59+00:00","dateModified":"2026-02-25T13:24:36+00:00","description":"Fiskars comfort 3 \u00e1g\u00fa csapcsatlakoz\u00f3......................................................................................","breadcrumb":{"@id":"https:\/\/tajkertesz.com\/termek\/fiskars-comfort-3-agu-csapcsatlakozo\/#breadcrumb"},"inLanguage":"en-US","potentialAction":[{"@type":"ReadAction","target":["https:\/\/tajkertesz.com\/termek\/fiskars-comfort-3-agu-csapcsatlakozo\/"]}]},{"@type":"ImageObject","inLanguage":"en-US","@id":"https:\/\/tajkertesz.com\/termek\/fiskars-comfort-3-agu-csapcsatlakozo\/#primaryimage","url":"https:\/\/tajkertesz.com\/wp-content\/uploads\/2025\/07\/OIP.webp","contentUrl":"https:\/\/tajkertesz.com\/wp-content\/uploads\/2025\/07\/OIP.webp","width":474,"height":474},{"@type":"BreadcrumbList","@id":"https:\/\/tajkertesz.com\/termek\/fiskars-comfort-3-agu-csapcsatlakozo\/#breadcrumb","itemListElement":[{"@type":"ListItem","position":1,"name":"Home","item":"https:\/\/tajkertesz.com\/"},{"@type":"ListItem","position":2,"name":"Kezd\u0151lap","item":"https:\/\/tajkertesz.com\/"},{"@type":"ListItem","position":3,"name":"Fiskars comfort 3 \u00e1g\u00fa csapcsatlakoz\u00f3"}]},{"@type":"WebSite","@id":"https:\/\/tajkertesz.com\/#website","url":"https:\/\/tajkertesz.com\/","name":"T\u00e1j-Kert\u00e9sz 84 Kft.","description":"Kert\u00e9szeti kis- \u00e9s nagykeresked\u00e9s, D\u00edszn\u00f6v\u00e9ny web\u00e1ruh\u00e1z orsz\u00e1gos h\u00e1zhozsz\u00e1ll\u00edt\u00e1ssal!","publisher":{"@id":"https:\/\/tajkertesz.com\/#organization"},"potentialAction":[{"@type":"SearchAction","target":{"@type":"EntryPoint","urlTemplate":"https:\/\/tajkertesz.com\/?s={search_term_string}"},"query-input":{"@type":"PropertyValueSpecification","valueRequired":true,"valueName":"search_term_string"}}],"inLanguage":"en-US"},{"@type":"Organization","@id":"https:\/\/tajkertesz.com\/#organization","name":"T\u00e1j-Kert\u00e9sz 84 Kft.","url":"https:\/\/tajkertesz.com\/","logo":{"@type":"ImageObject","inLanguage":"en-US","@id":"https:\/\/tajkertesz.com\/#\/schema\/logo\/image\/","url":"https:\/\/tajkertesz.com\/wp-content\/uploads\/2018\/02\/logo-2-e1518678052539.png","contentUrl":"https:\/\/tajkertesz.com\/wp-content\/uploads\/2018\/02\/logo-2-e1518678052539.png","width":81,"height":140,"caption":"T\u00e1j-Kert\u00e9sz 84 Kft."},"image":{"@id":"https:\/\/tajkertesz.com\/#\/schema\/logo\/image\/"},"sameAs":["https:\/\/www.facebook.com\/Tajkertesz\/"]}]}},"_links":{"self":[{"href":"https:\/\/tajkertesz.com\/en_US\/wp-json\/wp\/v2\/product\/23833","targetHints":{"allow":["GET"]}}],"collection":[{"href":"https:\/\/tajkertesz.com\/en_US\/wp-json\/wp\/v2\/product"}],"about":[{"href":"https:\/\/tajkertesz.com\/en_US\/wp-json\/wp\/v2\/types\/product"}],"wp:featuredmedia":[{"embeddable":true,"href":"https:\/\/tajkertesz.com\/en_US\/wp-json\/wp\/v2\/media\/23836"}],"wp:attachment":[{"href":"https:\/\/tajkertesz.com\/en_US\/wp-json\/wp\/v2\/media?parent=23833"}],"wp:term":[{"taxonomy":"product_brand","embeddable":true,"href":"https:\/\/tajkertesz.com\/en_US\/wp-json\/wp\/v2\/product_brand?post=23833"},{"taxonomy":"product_cat","embeddable":true,"href":"https:\/\/tajkertesz.com\/en_US\/wp-json\/wp\/v2\/product_cat?post=23833"},{"taxonomy":"product_tag","embeddable":true,"href":"https:\/\/tajkertesz.com\/en_US\/wp-json\/wp\/v2\/product_tag?post=23833"}],"curies":[{"name":"wp","href":"https:\/\/api.w.org\/{rel}","templated":true}]}}