{"id":23864,"date":"2025-07-09T10:04:01","date_gmt":"2025-07-09T10:04:01","guid":{"rendered":"https:\/\/tajkertesz.com\/?post_type=product&#038;p=23864"},"modified":"2025-07-15T08:05:30","modified_gmt":"2025-07-15T08:05:30","slug":"lagerstroemia-indica-liget-pink-kinai-selyemmirtusz","status":"publish","type":"product","link":"https:\/\/tajkertesz.com\/en_US\/product\/lagerstroemia-indica-liget-pink-kinai-selyemmirtusz\/","title":{"rendered":"Lagerstroemia indica &#8216;Liget Pink&#8217; &#8211; K\u00ednai selyemmirtusz"},"content":{"rendered":"<h3>Lagerstroemia indica &#8216;Liget Pink&#8217; &#8211; K\u00ednai selyemmirtusz<\/h3>\n<p>Lagerstroemia indica &#8216;Liget Pink&#8217; &#8211; K\u00ednai selyemmirtusz\u00a0 egy mediterr\u00e1n hangulatot \u00e1raszt\u00f3 lombhullat\u00f3 cserje. Kifejlett magass\u00e1ga 1-2 m<\/p>\n<p>S\u00f6t\u00e9tz\u00f6ld, \u0151sszel v\u00f6r\u00f6sre sz\u00ednez\u0151d\u0151 levele van. Vir\u00e1gai s\u00f6t\u00e9tr\u00f3zsasz\u00edn sz\u00edn\u0171ek, rojtos szirm\u00fa vir\u00e1gokkal, VI-VIII h\u00f3napban vir\u00e1gzik.<\/p>\n<p>Napos, meleg fekv\u00e9st, savany\u00fa talajt, t\u00e9len pedig t\u00f6v\u00e9t lombbal javasolt takarni.<\/p>\n<p>A term\u00e9k m\u00e9rete: 40\/60 cm, 3 literes cser\u00e9pben.<\/p>\n<p>&nbsp;<\/p>\n<h5 data-start=\"444\" data-end=\"472\">\ud83d\udd04 <strong data-start=\"451\" data-end=\"472\">K\u00e9szletinform\u00e1ci\u00f3<\/strong><\/h5>\n<p data-start=\"473\" data-end=\"651\">K\u00e9szlet\u00fcnk napi szinten v\u00e1ltozik, \u00edgy a webshopban szerepl\u0151 term\u00e9kek el\u00e9rhet\u0151s\u00e9ge nem garant\u00e1lt.<br data-start=\"569\" data-end=\"572\" \/>\ud83d\udcde A megrendel\u00e9s el\u0151tt k\u00e9rj\u00fck, \u00e9rdekl\u0151dj\u00f6n szem\u00e9lyesen, telefonon vagy e-mailben!<\/p>\n<p data-start=\"653\" data-end=\"670\">\u27a1\ufe0f <strong data-start=\"656\" data-end=\"670\">Kapcsolat:<\/strong><\/p>\n<ul data-start=\"671\" data-end=\"892\">\n<li data-start=\"671\" data-end=\"723\">\n<p data-start=\"673\" data-end=\"723\">Weboldal: <a class=\"\" href=\"https:\/\/tajkertesz.com\" target=\"_new\" rel=\"noopener\" data-start=\"683\" data-end=\"723\">tajkertesz.com<\/a><\/p>\n<\/li>\n<li data-start=\"724\" data-end=\"799\">\n<p data-start=\"726\" data-end=\"799\">Facebook: <a class=\"\" href=\"https:\/\/www.facebook.com\/tajkertesz\/\" target=\"_new\" rel=\"noopener\" data-start=\"736\" data-end=\"799\">facebook.com\/tajkertesz<\/a><\/p>\n<\/li>\n<li data-start=\"800\" data-end=\"892\">\n<p data-start=\"802\" data-end=\"892\">Telefonsz\u00e1m, e-mail: +36\/20-319-3770 <a href=\"mailto:tajkerteszaruda@gmail.com\"><span id=\"et-info-email\">tajkerteszaruda@gmail.com<\/span><\/a><\/p>\n<\/li>\n<\/ul>\n<hr data-start=\"930\" data-end=\"933\" \/>\n<h4 data-start=\"196\" data-end=\"224\">\ud83d\ude9a <strong>Sz\u00e1ll\u00edt\u00e1si inform\u00e1ci\u00f3k<\/strong><\/h4>\n<p data-start=\"226\" data-end=\"299\">A megrendelt n\u00f6v\u00e9nyek kisz\u00e1ll\u00edt\u00e1sa az al\u00e1bbi felt\u00e9telek mellett t\u00f6rt\u00e9nik:<\/p>\n<h4 data-start=\"301\" data-end=\"338\">\ud83d\udce6 <strong data-start=\"308\" data-end=\"338\">Fut\u00e1rszolg\u00e1latos sz\u00e1ll\u00edt\u00e1s<\/strong><\/h4>\n<ul data-start=\"339\" data-end=\"521\">\n<li data-start=\"339\" data-end=\"380\">\n<p data-start=\"341\" data-end=\"380\"><strong data-start=\"341\" data-end=\"361\">Maxim\u00e1lis m\u00e9ret:<\/strong> 200 cm (hossz\u00fas\u00e1g)<\/p>\n<\/li>\n<li data-start=\"381\" data-end=\"408\">\n<p data-start=\"383\" data-end=\"408\"><strong data-start=\"383\" data-end=\"402\">Maxim\u00e1lis s\u00faly:<\/strong> 40 kg<\/p>\n<\/li>\n<li data-start=\"409\" data-end=\"521\">\n<p data-start=\"411\" data-end=\"521\">Az enn\u00e9l kisebb \u00e9s k\u00f6nnyebb csomagokat fut\u00e1rszolg\u00e1lattal k\u00e9zbes\u00edtj\u00fck a lehet\u0151 legbiztons\u00e1gosabb csomagol\u00e1sban.<\/p>\n<\/li>\n<\/ul>\n<h4 data-start=\"523\" data-end=\"551\">\ud83d\udefb <strong data-start=\"530\" data-end=\"551\">Szem\u00e9lyes \u00e1tv\u00e9tel<\/strong><\/h4>\n<ul data-start=\"552\" data-end=\"748\">\n<li data-start=\"552\" data-end=\"600\">\n<p data-start=\"554\" data-end=\"600\"><strong data-start=\"564\" data-end=\"600\">1173 Budapest, Bakancsos utca 7. sz\u00e1m alatt <\/strong>nyitvatart\u00e1si id\u0151ben szem\u00e9lyesen \u00e1tvehet\u0151 kert\u00e9szeti \u00e1rud\u00e1nkban.<\/p>\n<\/li>\n<li data-start=\"552\" data-end=\"600\">\n<p data-start=\"554\" data-end=\"600\">K\u00f6lts\u00e9ghat\u00e9kony megold\u00e1s nagyobb, t\u00f6r\u00e9kenyebb vagy t\u00falm\u00e9retes n\u00f6v\u00e9nyek eset\u00e9n.<\/p>\n<\/li>\n<\/ul>\n<h4 data-start=\"750\" data-end=\"799\">\ud83d\udcde <strong data-start=\"757\" data-end=\"799\">Nagy m\u00e9ret\u0171 vagy s\u00faly\u00fa n\u00f6v\u00e9nyek eset\u00e9n<\/strong><\/h4>\n<p data-start=\"800\" data-end=\"812\">Ha a term\u00e9k:<\/p>\n<ul data-start=\"813\" data-end=\"887\">\n<li data-start=\"813\" data-end=\"855\">\n<p data-start=\"815\" data-end=\"855\">meghaladja a <strong data-start=\"828\" data-end=\"850\">200 cm hossz\u00fas\u00e1got<\/strong> vagy<\/p>\n<\/li>\n<li data-start=\"856\" data-end=\"887\">\n<p data-start=\"858\" data-end=\"887\">meghaladja a <strong data-start=\"871\" data-end=\"886\">40 kg s\u00falyt<\/strong>,<\/p>\n<\/li>\n<\/ul>\n<p data-start=\"889\" data-end=\"1145\">akkor <strong data-start=\"909\" data-end=\"933\">szem\u00e9lyes \u00e1tv\u00e9tellel<\/strong> vagy <strong data-start=\"939\" data-end=\"998\">egyedi, el\u0151re egyeztetett sz\u00e1ll\u00edt\u00e1si felt\u00e9telek mellett<\/strong> t\u00f6rt\u00e9nik.<br data-start=\"1008\" data-end=\"1011\" \/>K\u00e9rj\u00fck, ilyen esetben <strong data-start=\"1033\" data-end=\"1081\">rendel\u00e9s el\u0151tt vegye fel vel\u00fcnk a kapcsolatot<\/strong>, hogy a lehet\u0151 legmegfelel\u0151bb sz\u00e1ll\u00edt\u00e1si megold\u00e1st k\u00edn\u00e1lhassuk.<\/p>\n<hr data-start=\"1147\" data-end=\"1150\" \/>\n<p data-start=\"1152\" data-end=\"1362\">\ud83d\udd14 <strong data-start=\"1155\" data-end=\"1166\">Fontos:<\/strong> A n\u00f6v\u00e9nyeket minden esetben igyeksz\u00fcnk gondosan, egyes\u00e9vel csomagolni, azonban a sz\u00e1ll\u00edt\u00e1s sor\u00e1n kisebb eszt\u00e9tikai s\u00e9r\u00fcl\u00e9sek el\u0151fordulhatnak (pl. lev\u00e9lhull\u00e1s). Ez nem min\u0151s\u00fcl hib\u00e1s teljes\u00edt\u00e9snek.<\/p>\n<h4>\ud83d\udcf7 <strong data-start=\"1631\" data-end=\"1658\">Fontos tudni a k\u00e9pekr\u0151l<\/strong><\/h4>\n<p data-start=\"1659\" data-end=\"1865\">A webshopban szerepl\u0151 k\u00e9pek <strong data-start=\"1687\" data-end=\"1704\">illusztr\u00e1ci\u00f3k<\/strong>, a n\u00f6v\u00e9nyek term\u00e9szet\u00fckn\u00e9l fogva egyediek, \u00edgy m\u00e9retben, alakban \u00e9s sz\u00ednben <strong data-start=\"1781\" data-end=\"1804\">minim\u00e1lis elt\u00e9r\u00e9sek<\/strong> el\u0151fordulhatnak a k\u00e9pen l\u00e1that\u00f3 \u00e9s a val\u00f3s p\u00e9ld\u00e1nyok k\u00f6z\u00f6tt.<\/p>\n<hr data-start=\"1867\" data-end=\"1870\" \/>\n<h4 data-start=\"1872\" data-end=\"1903\">\ud83e\uddfe <strong data-start=\"1879\" data-end=\"1903\">\u00c1rak \u00e9s el\u00e1ll\u00e1si jog<\/strong><\/h4>\n<ul data-start=\"1904\" data-end=\"2156\">\n<li data-start=\"1904\" data-end=\"1949\">\n<p data-start=\"1906\" data-end=\"1949\">Az \u00e1rak <strong data-start=\"1914\" data-end=\"1927\">egy darab<\/strong>\u00a0n\u00f6v\u00e9nyre vonatkoznak.<\/p>\n<\/li>\n<li data-start=\"1950\" data-end=\"2156\">\n<p data-start=\"1952\" data-end=\"2156\">\u00c9l\u0151 n\u00f6v\u00e9nyek rendel\u00e9se eset\u00e9n a <strong data-start=\"1984\" data-end=\"2028\">14 napos el\u00e1ll\u00e1s joga nem \u00e9rv\u00e9nyes\u00edthet\u0151<\/strong>, mivel azok romland\u00f3, biol\u00f3giailag \u00e9l\u0151 term\u00e9keknek min\u0151s\u00fclnek.<br data-start=\"2091\" data-end=\"2094\" \/>\ud83d\udd12 (17\/1999. (II. 5.) Korm. rendelet 5. \u00a7 c) pontja alapj\u00e1n)<\/p>\n<\/li>\n<\/ul>\n<hr data-start=\"2158\" data-end=\"2161\" \/>\n<h4 data-start=\"2163\" data-end=\"2198\">\ud83d\udce6 <strong data-start=\"2170\" data-end=\"2198\">K\u00e9zbes\u00edt\u00e9s ut\u00e1ni teend\u0151k<\/strong><\/h4>\n<p data-start=\"2199\" data-end=\"2447\">A k\u00e9zbes\u00edt\u00e9st k\u00f6vet\u0151en <strong data-start=\"2222\" data-end=\"2254\">a csomagot azonnal bontsuk ki<\/strong>, \u00e9s a n\u00f6v\u00e9nyt helyezz\u00fck el megfelel\u0151 k\u00f6rnyezetben.<br data-start=\"2303\" data-end=\"2306\" \/>Fontos: ha a n\u00f6v\u00e9ny nem r\u00e9szes\u00fcl megfelel\u0151 gondoz\u00e1sban \u00e9s ennek k\u00f6vetkezt\u00e9ben k\u00e1rosodik vagy elpusztul, <strong data-start=\"2410\" data-end=\"2446\">felel\u0151ss\u00e9get nem tudunk v\u00e1llalni<\/strong>.<\/p>","protected":false},"excerpt":{"rendered":"<p>Lagerstroemia indica &#8216;Liget Pink&#8217; &#8211; K\u00ednai selyemmirtusz egy mediterr\u00e1n hangulatot \u00e1raszt\u00f3 lombhullat\u00f3 cserje. Kifejlett magass\u00e1ga 1-2 m<\/p>\n<p>S\u00f6t\u00e9tz\u00f6ld, \u0151sszel v\u00f6r\u00f6sre sz\u00ednez\u0151d\u0151 levele van. Vir\u00e1gai s\u00f6t\u00e9tr\u00f3zsasz\u00edn sz\u00edn\u0171ek, rojtos szirm\u00fa vir\u00e1gokkal, VI-VIII h\u00f3napban vir\u00e1gzik.<\/p>\n<p>Napos, meleg fekv\u00e9st, savany\u00fa talajt, t\u00e9len pedig t\u00f6v\u00e9t lombbal javasolt takarni.<\/p>","protected":false},"featured_media":23865,"template":"","meta":{"_et_pb_use_builder":"","_et_pb_old_content":"","_et_gb_content_width":""},"product_brand":[],"product_cat":[27],"product_tag":[5082,5976,5271,5974,5975,5988,4253,5274,5867],"class_list":{"0":"post-23864","1":"product","2":"type-product","3":"status-publish","4":"has-post-thumbnail","6":"product_cat-cserjek","7":"product_tag-indica","8":"product_tag-kinai","9":"product_tag-kinai-selyemmirtusz","10":"product_tag-lagerstroemia","11":"product_tag-liget","12":"product_tag-liget-pink","13":"product_tag-pink","14":"product_tag-selyemmirtusz","15":"product_tag-viragzo-cserje","17":"first","18":"instock","19":"shipping-taxable","20":"purchasable","21":"product-type-simple"},"yoast_head":"<!-- This site is optimized with the Yoast SEO plugin v27.5 - https:\/\/yoast.com\/product\/yoast-seo-wordpress\/ -->\n<title>Lagerstroemia indica &#039;Liget Pink&#039; - K\u00ednai selyemmirtusz - T\u00e1jkert\u00e9sz<\/title>\n<meta name=\"description\" content=\"A Lagerstroemia indica &#039;Liget Pink&#039; - K\u00ednai selyemmirtusz egy r\u00f3zsasz\u00edn vir\u00e1g\u00fa fajta, hossz\u00fa vir\u00e1gz\u00e1s\u00fa \u00e9s kompakt cserje mely ide\u00e1lis v\u00e1laszt\u00e1s a kertedbe.\" \/>\n<meta name=\"robots\" content=\"index, follow, max-snippet:-1, max-image-preview:large, max-video-preview:-1\" \/>\n<link rel=\"canonical\" href=\"https:\/\/tajkertesz.com\/en_US\/product\/lagerstroemia-indica-liget-pink-kinai-selyemmirtusz\/\" \/>\n<meta property=\"og:locale\" content=\"en_US\" \/>\n<meta property=\"og:type\" content=\"article\" \/>\n<meta property=\"og:title\" content=\"Lagerstroemia indica &#039;Liget Pink&#039; - K\u00ednai selyemmirtusz - T\u00e1jkert\u00e9sz\" \/>\n<meta property=\"og:description\" content=\"A Lagerstroemia indica &#039;Liget Pink&#039; - K\u00ednai selyemmirtusz egy r\u00f3zsasz\u00edn vir\u00e1g\u00fa fajta, hossz\u00fa vir\u00e1gz\u00e1s\u00fa \u00e9s kompakt cserje mely ide\u00e1lis v\u00e1laszt\u00e1s a kertedbe.\" \/>\n<meta property=\"og:url\" content=\"https:\/\/tajkertesz.com\/en_US\/product\/lagerstroemia-indica-liget-pink-kinai-selyemmirtusz\/\" \/>\n<meta property=\"og:site_name\" content=\"T\u00e1jkert\u00e9sz\" \/>\n<meta property=\"article:publisher\" content=\"https:\/\/www.facebook.com\/Tajkertesz\/\" \/>\n<meta property=\"article:modified_time\" content=\"2025-07-15T08:05:30+00:00\" \/>\n<meta property=\"og:image\" content=\"https:\/\/tajkertesz.com\/wp-content\/uploads\/2025\/07\/Liget-Pink.jpg\" \/>\n\t<meta property=\"og:image:width\" content=\"700\" \/>\n\t<meta property=\"og:image:height\" content=\"934\" \/>\n\t<meta property=\"og:image:type\" content=\"image\/jpeg\" \/>\n<meta name=\"twitter:card\" content=\"summary_large_image\" \/>\n<meta name=\"twitter:label1\" content=\"Est. reading time\" \/>\n\t<meta name=\"twitter:data1\" content=\"3 minutes\" \/>\n<script type=\"application\/ld+json\" class=\"yoast-schema-graph\">{\"@context\":\"https:\\\/\\\/schema.org\",\"@graph\":[{\"@type\":\"WebPage\",\"@id\":\"https:\\\/\\\/tajkertesz.com\\\/termek\\\/lagerstroemia-indica-liget-pink-kinai-selyemmirtusz\\\/\",\"url\":\"https:\\\/\\\/tajkertesz.com\\\/termek\\\/lagerstroemia-indica-liget-pink-kinai-selyemmirtusz\\\/\",\"name\":\"Lagerstroemia indica 'Liget Pink' - K\u00ednai selyemmirtusz - T\u00e1jkert\u00e9sz\",\"isPartOf\":{\"@id\":\"https:\\\/\\\/tajkertesz.com\\\/#website\"},\"primaryImageOfPage\":{\"@id\":\"https:\\\/\\\/tajkertesz.com\\\/termek\\\/lagerstroemia-indica-liget-pink-kinai-selyemmirtusz\\\/#primaryimage\"},\"image\":{\"@id\":\"https:\\\/\\\/tajkertesz.com\\\/termek\\\/lagerstroemia-indica-liget-pink-kinai-selyemmirtusz\\\/#primaryimage\"},\"thumbnailUrl\":\"https:\\\/\\\/tajkertesz.com\\\/wp-content\\\/uploads\\\/2025\\\/07\\\/Liget-Pink.jpg\",\"datePublished\":\"2025-07-09T10:04:01+00:00\",\"dateModified\":\"2025-07-15T08:05:30+00:00\",\"description\":\"A Lagerstroemia indica 'Liget Pink' - K\u00ednai selyemmirtusz egy r\u00f3zsasz\u00edn vir\u00e1g\u00fa fajta, hossz\u00fa vir\u00e1gz\u00e1s\u00fa \u00e9s kompakt cserje mely ide\u00e1lis v\u00e1laszt\u00e1s a kertedbe.\",\"breadcrumb\":{\"@id\":\"https:\\\/\\\/tajkertesz.com\\\/termek\\\/lagerstroemia-indica-liget-pink-kinai-selyemmirtusz\\\/#breadcrumb\"},\"inLanguage\":\"en-US\",\"potentialAction\":[{\"@type\":\"ReadAction\",\"target\":[\"https:\\\/\\\/tajkertesz.com\\\/termek\\\/lagerstroemia-indica-liget-pink-kinai-selyemmirtusz\\\/\"]}]},{\"@type\":\"ImageObject\",\"inLanguage\":\"en-US\",\"@id\":\"https:\\\/\\\/tajkertesz.com\\\/termek\\\/lagerstroemia-indica-liget-pink-kinai-selyemmirtusz\\\/#primaryimage\",\"url\":\"https:\\\/\\\/tajkertesz.com\\\/wp-content\\\/uploads\\\/2025\\\/07\\\/Liget-Pink.jpg\",\"contentUrl\":\"https:\\\/\\\/tajkertesz.com\\\/wp-content\\\/uploads\\\/2025\\\/07\\\/Liget-Pink.jpg\",\"width\":700,\"height\":934,\"caption\":\"Lagerstroemia indica 'Liget Pink' - K\u00ednai selyemmirtusz\"},{\"@type\":\"BreadcrumbList\",\"@id\":\"https:\\\/\\\/tajkertesz.com\\\/termek\\\/lagerstroemia-indica-liget-pink-kinai-selyemmirtusz\\\/#breadcrumb\",\"itemListElement\":[{\"@type\":\"ListItem\",\"position\":1,\"name\":\"Home\",\"item\":\"https:\\\/\\\/tajkertesz.com\\\/\"},{\"@type\":\"ListItem\",\"position\":2,\"name\":\"Kezd\u0151lap\",\"item\":\"https:\\\/\\\/tajkertesz.com\\\/\"},{\"@type\":\"ListItem\",\"position\":3,\"name\":\"Lagerstroemia indica &#8216;Liget Pink&#8217; &#8211; K\u00ednai selyemmirtusz\"}]},{\"@type\":\"WebSite\",\"@id\":\"https:\\\/\\\/tajkertesz.com\\\/#website\",\"url\":\"https:\\\/\\\/tajkertesz.com\\\/\",\"name\":\"T\u00e1j-Kert\u00e9sz 84 Kft.\",\"description\":\"Kert\u00e9szeti kis- \u00e9s nagykeresked\u00e9s, D\u00edszn\u00f6v\u00e9ny web\u00e1ruh\u00e1z orsz\u00e1gos h\u00e1zhozsz\u00e1ll\u00edt\u00e1ssal!\",\"publisher\":{\"@id\":\"https:\\\/\\\/tajkertesz.com\\\/#organization\"},\"potentialAction\":[{\"@type\":\"SearchAction\",\"target\":{\"@type\":\"EntryPoint\",\"urlTemplate\":\"https:\\\/\\\/tajkertesz.com\\\/?s={search_term_string}\"},\"query-input\":{\"@type\":\"PropertyValueSpecification\",\"valueRequired\":true,\"valueName\":\"search_term_string\"}}],\"inLanguage\":\"en-US\"},{\"@type\":\"Organization\",\"@id\":\"https:\\\/\\\/tajkertesz.com\\\/#organization\",\"name\":\"T\u00e1j-Kert\u00e9sz 84 Kft.\",\"url\":\"https:\\\/\\\/tajkertesz.com\\\/\",\"logo\":{\"@type\":\"ImageObject\",\"inLanguage\":\"en-US\",\"@id\":\"https:\\\/\\\/tajkertesz.com\\\/#\\\/schema\\\/logo\\\/image\\\/\",\"url\":\"https:\\\/\\\/tajkertesz.com\\\/wp-content\\\/uploads\\\/2018\\\/02\\\/logo-2-e1518678052539.png\",\"contentUrl\":\"https:\\\/\\\/tajkertesz.com\\\/wp-content\\\/uploads\\\/2018\\\/02\\\/logo-2-e1518678052539.png\",\"width\":81,\"height\":140,\"caption\":\"T\u00e1j-Kert\u00e9sz 84 Kft.\"},\"image\":{\"@id\":\"https:\\\/\\\/tajkertesz.com\\\/#\\\/schema\\\/logo\\\/image\\\/\"},\"sameAs\":[\"https:\\\/\\\/www.facebook.com\\\/Tajkertesz\\\/\"]}]}<\/script>\n<!-- \/ Yoast SEO plugin. -->","yoast_head_json":{"title":"Lagerstroemia indica 'Liget Pink' - K\u00ednai selyemmirtusz - T\u00e1jkert\u00e9sz","description":"A Lagerstroemia indica 'Liget Pink' - K\u00ednai selyemmirtusz egy r\u00f3zsasz\u00edn vir\u00e1g\u00fa fajta, hossz\u00fa vir\u00e1gz\u00e1s\u00fa \u00e9s kompakt cserje mely ide\u00e1lis v\u00e1laszt\u00e1s a kertedbe.","robots":{"index":"index","follow":"follow","max-snippet":"max-snippet:-1","max-image-preview":"max-image-preview:large","max-video-preview":"max-video-preview:-1"},"canonical":"https:\/\/tajkertesz.com\/en_US\/product\/lagerstroemia-indica-liget-pink-kinai-selyemmirtusz\/","og_locale":"en_US","og_type":"article","og_title":"Lagerstroemia indica 'Liget Pink' - K\u00ednai selyemmirtusz - T\u00e1jkert\u00e9sz","og_description":"A Lagerstroemia indica 'Liget Pink' - K\u00ednai selyemmirtusz egy r\u00f3zsasz\u00edn vir\u00e1g\u00fa fajta, hossz\u00fa vir\u00e1gz\u00e1s\u00fa \u00e9s kompakt cserje mely ide\u00e1lis v\u00e1laszt\u00e1s a kertedbe.","og_url":"https:\/\/tajkertesz.com\/en_US\/product\/lagerstroemia-indica-liget-pink-kinai-selyemmirtusz\/","og_site_name":"T\u00e1jkert\u00e9sz","article_publisher":"https:\/\/www.facebook.com\/Tajkertesz\/","article_modified_time":"2025-07-15T08:05:30+00:00","og_image":[{"width":700,"height":934,"url":"https:\/\/tajkertesz.com\/wp-content\/uploads\/2025\/07\/Liget-Pink.jpg","type":"image\/jpeg"}],"twitter_card":"summary_large_image","twitter_misc":{"Est. reading time":"3 minutes"},"schema":{"@context":"https:\/\/schema.org","@graph":[{"@type":"WebPage","@id":"https:\/\/tajkertesz.com\/termek\/lagerstroemia-indica-liget-pink-kinai-selyemmirtusz\/","url":"https:\/\/tajkertesz.com\/termek\/lagerstroemia-indica-liget-pink-kinai-selyemmirtusz\/","name":"Lagerstroemia indica 'Liget Pink' - K\u00ednai selyemmirtusz - T\u00e1jkert\u00e9sz","isPartOf":{"@id":"https:\/\/tajkertesz.com\/#website"},"primaryImageOfPage":{"@id":"https:\/\/tajkertesz.com\/termek\/lagerstroemia-indica-liget-pink-kinai-selyemmirtusz\/#primaryimage"},"image":{"@id":"https:\/\/tajkertesz.com\/termek\/lagerstroemia-indica-liget-pink-kinai-selyemmirtusz\/#primaryimage"},"thumbnailUrl":"https:\/\/tajkertesz.com\/wp-content\/uploads\/2025\/07\/Liget-Pink.jpg","datePublished":"2025-07-09T10:04:01+00:00","dateModified":"2025-07-15T08:05:30+00:00","description":"A Lagerstroemia indica 'Liget Pink' - K\u00ednai selyemmirtusz egy r\u00f3zsasz\u00edn vir\u00e1g\u00fa fajta, hossz\u00fa vir\u00e1gz\u00e1s\u00fa \u00e9s kompakt cserje mely ide\u00e1lis v\u00e1laszt\u00e1s a kertedbe.","breadcrumb":{"@id":"https:\/\/tajkertesz.com\/termek\/lagerstroemia-indica-liget-pink-kinai-selyemmirtusz\/#breadcrumb"},"inLanguage":"en-US","potentialAction":[{"@type":"ReadAction","target":["https:\/\/tajkertesz.com\/termek\/lagerstroemia-indica-liget-pink-kinai-selyemmirtusz\/"]}]},{"@type":"ImageObject","inLanguage":"en-US","@id":"https:\/\/tajkertesz.com\/termek\/lagerstroemia-indica-liget-pink-kinai-selyemmirtusz\/#primaryimage","url":"https:\/\/tajkertesz.com\/wp-content\/uploads\/2025\/07\/Liget-Pink.jpg","contentUrl":"https:\/\/tajkertesz.com\/wp-content\/uploads\/2025\/07\/Liget-Pink.jpg","width":700,"height":934,"caption":"Lagerstroemia indica 'Liget Pink' - K\u00ednai selyemmirtusz"},{"@type":"BreadcrumbList","@id":"https:\/\/tajkertesz.com\/termek\/lagerstroemia-indica-liget-pink-kinai-selyemmirtusz\/#breadcrumb","itemListElement":[{"@type":"ListItem","position":1,"name":"Home","item":"https:\/\/tajkertesz.com\/"},{"@type":"ListItem","position":2,"name":"Kezd\u0151lap","item":"https:\/\/tajkertesz.com\/"},{"@type":"ListItem","position":3,"name":"Lagerstroemia indica &#8216;Liget Pink&#8217; &#8211; K\u00ednai selyemmirtusz"}]},{"@type":"WebSite","@id":"https:\/\/tajkertesz.com\/#website","url":"https:\/\/tajkertesz.com\/","name":"T\u00e1j-Kert\u00e9sz 84 Kft.","description":"Kert\u00e9szeti kis- \u00e9s nagykeresked\u00e9s, D\u00edszn\u00f6v\u00e9ny web\u00e1ruh\u00e1z orsz\u00e1gos h\u00e1zhozsz\u00e1ll\u00edt\u00e1ssal!","publisher":{"@id":"https:\/\/tajkertesz.com\/#organization"},"potentialAction":[{"@type":"SearchAction","target":{"@type":"EntryPoint","urlTemplate":"https:\/\/tajkertesz.com\/?s={search_term_string}"},"query-input":{"@type":"PropertyValueSpecification","valueRequired":true,"valueName":"search_term_string"}}],"inLanguage":"en-US"},{"@type":"Organization","@id":"https:\/\/tajkertesz.com\/#organization","name":"T\u00e1j-Kert\u00e9sz 84 Kft.","url":"https:\/\/tajkertesz.com\/","logo":{"@type":"ImageObject","inLanguage":"en-US","@id":"https:\/\/tajkertesz.com\/#\/schema\/logo\/image\/","url":"https:\/\/tajkertesz.com\/wp-content\/uploads\/2018\/02\/logo-2-e1518678052539.png","contentUrl":"https:\/\/tajkertesz.com\/wp-content\/uploads\/2018\/02\/logo-2-e1518678052539.png","width":81,"height":140,"caption":"T\u00e1j-Kert\u00e9sz 84 Kft."},"image":{"@id":"https:\/\/tajkertesz.com\/#\/schema\/logo\/image\/"},"sameAs":["https:\/\/www.facebook.com\/Tajkertesz\/"]}]}},"_links":{"self":[{"href":"https:\/\/tajkertesz.com\/en_US\/wp-json\/wp\/v2\/product\/23864","targetHints":{"allow":["GET"]}}],"collection":[{"href":"https:\/\/tajkertesz.com\/en_US\/wp-json\/wp\/v2\/product"}],"about":[{"href":"https:\/\/tajkertesz.com\/en_US\/wp-json\/wp\/v2\/types\/product"}],"wp:featuredmedia":[{"embeddable":true,"href":"https:\/\/tajkertesz.com\/en_US\/wp-json\/wp\/v2\/media\/23865"}],"wp:attachment":[{"href":"https:\/\/tajkertesz.com\/en_US\/wp-json\/wp\/v2\/media?parent=23864"}],"wp:term":[{"taxonomy":"product_brand","embeddable":true,"href":"https:\/\/tajkertesz.com\/en_US\/wp-json\/wp\/v2\/product_brand?post=23864"},{"taxonomy":"product_cat","embeddable":true,"href":"https:\/\/tajkertesz.com\/en_US\/wp-json\/wp\/v2\/product_cat?post=23864"},{"taxonomy":"product_tag","embeddable":true,"href":"https:\/\/tajkertesz.com\/en_US\/wp-json\/wp\/v2\/product_tag?post=23864"}],"curies":[{"name":"wp","href":"https:\/\/api.w.org\/{rel}","templated":true}]}}