{"id":2388,"date":"2020-10-29T10:48:26","date_gmt":"2020-10-29T10:48:26","guid":{"rendered":"https:\/\/tajkertesz.com\/?post_type=product&#038;p=2388"},"modified":"2025-07-01T11:35:18","modified_gmt":"2025-07-01T11:35:18","slug":"rosa-erika-pluhar-magastorzsu-teahibrid-rozsa","status":"publish","type":"product","link":"https:\/\/tajkertesz.com\/en_US\/product\/rosa-erika-pluhar-magastorzsu-teahibrid-rozsa\/","title":{"rendered":"Rosa &#8216;Erika Pluhar&#8217; &#8211; Magast\u00f6rzs\u0171 teahibrid r\u00f3zsa"},"content":{"rendered":"<h1 data-start=\"313\" data-end=\"730\">Rosa &#8216;Erika Pluhar&#8217; &#8211; Magast\u00f6rzs\u0171 teahibrid r\u00f3zsa<\/h1>\n<p data-start=\"313\" data-end=\"730\">A Rosa &#8216;Erika Pluhar&#8217; &#8211; Magast\u00f6rzs\u0171 teahibrid r\u00f3zsa\u00a0egy k\u00fcl\u00f6nleges, s\u00f6t\u00e9tbord\u00f3 sz\u00edn\u0171 teahibrid r\u00f3zsa, amely telt, b\u00e1rsonyos vir\u00e1g\u00fa r\u00f3zsa.\u00a0 Vir\u00e1gai enyh\u00e9n illatosak, a vir\u00e1gz\u00e1s id\u0151szaka pedig hosszan elny\u00falik \u2013 ny\u00e1r elej\u00e9t\u0151l eg\u00e9szen az els\u0151 fagyokig gy\u00f6ny\u00f6rk\u00f6dtet.<\/p>\n<h2 data-start=\"732\" data-end=\"754\">\ud83c\udf3fRosa &#8216;Erika Pluhar&#8217; &#8211; Magast\u00f6rzs\u0171 teahibrid r\u00f3zsa jellemz\u0151i:<\/h2>\n<ul data-start=\"755\" data-end=\"1124\">\n<li data-start=\"755\" data-end=\"802\">\n<p data-start=\"757\" data-end=\"802\"><strong data-start=\"757\" data-end=\"770\">Vir\u00e1gsz\u00edn<\/strong>: M\u00e9lybord\u00f3, s\u00f6t\u00e9tpiros \u00e1rnyalat<\/p>\n<\/li>\n<li data-start=\"803\" data-end=\"853\">\n<p data-start=\"805\" data-end=\"853\"><strong data-start=\"805\" data-end=\"819\">Vir\u00e1gforma<\/strong>: Telt, klasszikus teahibrid forma<\/p>\n<\/li>\n<li data-start=\"854\" data-end=\"894\">\n<p data-start=\"856\" data-end=\"894\"><strong data-start=\"856\" data-end=\"865\">Illat<\/strong>: Enyh\u00e9n gy\u00fcm\u00f6lcs\u00f6s, kellemes<\/p>\n<\/li>\n<li data-start=\"895\" data-end=\"959\">\n<p data-start=\"897\" data-end=\"959\"><strong data-start=\"897\" data-end=\"910\">N\u00f6veked\u00e9s<\/strong>: Magast\u00f6rzs\u0171 forma, kb. 90\u2013120 cm koronamagass\u00e1g<\/p>\n<\/li>\n<li data-start=\"960\" data-end=\"1000\">\n<p data-start=\"962\" data-end=\"1000\"><strong data-start=\"962\" data-end=\"979\">Vir\u00e1gz\u00e1si id\u0151<\/strong>: J\u00faniust\u00f3l okt\u00f3berig<\/p>\n<\/li>\n<li data-start=\"1001\" data-end=\"1070\">\n<p data-start=\"1003\" data-end=\"1070\"><strong data-start=\"1003\" data-end=\"1019\">Ide\u00e1lis hely<\/strong>: Napf\u00e9nyes fekv\u00e9s, j\u00f3 v\u00edz\u00e1tereszt\u0151 k\u00e9pess\u00e9g\u0171 talaj<\/p>\n<\/li>\n<li data-start=\"1071\" data-end=\"1124\">\n<p data-start=\"1073\" data-end=\"1124\"><strong data-start=\"1073\" data-end=\"1083\">\u00c1pol\u00e1s<\/strong>: Rendszeres \u00f6nt\u00f6z\u00e9st \u00e9s metsz\u00e9st ig\u00e9nyel<\/p>\n<\/li>\n<\/ul>\n<p data-start=\"1126\" data-end=\"1232\">Ez a fajta kiv\u00e1l\u00f3 v\u00e1laszt\u00e1s azoknak, akik egy eleg\u00e1ns, ugyanakkor er\u0151teljes d\u00edsz\u00edt\u0151\u00e9rt\u00e9k\u0171 r\u00f3zs\u00e1t keresnek.<\/p>\n<p>M\u00e9retek: 7 literes cser\u00e9pben, kb. 100-120 cm t\u00f6rzsre lett oltva.<\/p>\n<h4><strong>\ud83d\udd04 K\u00e9szletinform\u00e1ci\u00f3<\/strong><\/h4>\n<p><strong>K\u00e9szlet\u00fcnk napi szinten v\u00e1ltozik, \u00edgy a webshopban szerepl<\/strong><strong>\u0151<\/strong><strong> term\u00e9kek el\u00e9rhet<\/strong><strong>\u0151<\/strong><strong>s\u00e9ge nem garant\u00e1lt.<br \/>\n\ud83d\udcde A megrendel\u00e9s el<\/strong><strong>\u0151<\/strong><strong>tt k\u00e9rj\u00fck, \u00e9rdekl<\/strong><strong>\u0151<\/strong><strong>dj\u00f6n szem\u00e9lyesen, telefonon vagy e-mailben!<\/strong><\/p>\n<h4><strong>\u27a1\ufe0f Kapcsolat:<\/strong><\/h4>\n<ul>\n<li><strong>Weboldal: <\/strong><a href=\"https:\/\/tajkertesz.com\"><strong>tajkertesz.com<\/strong><\/a><\/li>\n<li><strong>Facebook: <\/strong><a href=\"https:\/\/www.facebook.com\/tajkertesz\/\"><strong>facebook.com\/tajkertesz<\/strong><\/a><\/li>\n<li><strong>Telefonsz\u00e1m, e-mail: +36\/20-319-3770 <\/strong><a href=\"mailto:tajkerteszaruda@gmail.com\"><strong>tajkerteszaruda@gmail.com<\/strong><\/a><\/li>\n<\/ul>\n<h4><strong>\ud83d\ude9a Sz\u00e1ll\u00edt\u00e1si inform\u00e1ci\u00f3k<\/strong><\/h4>\n<p><strong>A megrendelt n\u00f6v\u00e9nyek kisz\u00e1ll\u00edt\u00e1sa az al\u00e1bbi felt\u00e9telek mellett t\u00f6rt\u00e9nik:<\/strong><\/p>\n<h4><strong>\ud83d\udce6 Fut\u00e1rszolg\u00e1latos sz\u00e1ll\u00edt\u00e1s<\/strong><\/h4>\n<ul>\n<li><strong>Maxim\u00e1lis m\u00e9ret: 200 cm (hossz\u00fas\u00e1g)<\/strong><\/li>\n<li><strong>Maxim\u00e1lis s\u00faly: 40 kg<\/strong><\/li>\n<li><strong>Az enn\u00e9l kisebb \u00e9s k\u00f6nnyebb csomagokat fut\u00e1rszolg\u00e1lattal k\u00e9zbes\u00edtj\u00fck a lehet<\/strong><strong>\u0151<\/strong><strong> legbiztons\u00e1gosabb csomagol\u00e1sban.<\/strong><\/li>\n<\/ul>\n<h4><strong>\ud83d\udefb Szem\u00e9lyes \u00e1tv\u00e9tel<\/strong><\/h4>\n<ul>\n<li><strong>1173 Budapest, Bakancsos utca 7. sz\u00e1m alatt nyitvatart\u00e1si id<\/strong><strong>\u0151<\/strong><strong>ben szem\u00e9lyesen \u00e1tvehet<\/strong><strong>\u0151<\/strong><strong> kert\u00e9szeti \u00e1rud\u00e1nkban.<\/strong><\/li>\n<li><strong>K\u00f6lts\u00e9ghat\u00e9kony megold\u00e1s nagyobb, t\u00f6r\u00e9kenyebb vagy t\u00falm\u00e9retes n\u00f6v\u00e9nyek eset\u00e9n.<\/strong><\/li>\n<\/ul>\n<p><strong>\ud83d\udcde Nagy m\u00e9ret<\/strong><strong>\u0171<\/strong><strong> vagy s\u00faly\u00fa n\u00f6v\u00e9nyek eset\u00e9n<\/strong><\/p>\n<p><strong>Ha a term\u00e9k:<\/strong><\/p>\n<ul>\n<li><strong>meghaladja a 200 cm hossz\u00fas\u00e1got vagy<\/strong><\/li>\n<li><strong>meghaladja a 40 kg s\u00falyt,<\/strong><\/li>\n<\/ul>\n<p><strong>akkor szem\u00e9lyes \u00e1tv\u00e9tellel vagy egyedi, el<\/strong><strong>\u0151<\/strong><strong>re egyeztetett sz\u00e1ll\u00edt\u00e1si felt\u00e9telek mellett t\u00f6rt\u00e9nik.<br \/>\nK\u00e9rj\u00fck, ilyen esetben rendel\u00e9s el<\/strong><strong>\u0151<\/strong><strong>tt vegye fel vel\u00fcnk a kapcsolatot, hogy a lehet<\/strong><strong>\u0151<\/strong><strong> legmegfelel<\/strong><strong>\u0151<\/strong><strong>bb sz\u00e1ll\u00edt\u00e1si megold\u00e1st k\u00edn\u00e1lhassuk.<\/strong><\/p>\n<p><strong>\ud83d\udd14 Fontos: A n\u00f6v\u00e9nyeket minden esetben igyeksz\u00fcnk gondosan, egyes\u00e9vel csomagolni, azonban a sz\u00e1ll\u00edt\u00e1s sor\u00e1n kisebb eszt\u00e9tikai s\u00e9r\u00fcl\u00e9sek el<\/strong><strong>\u0151<\/strong><strong>fordulhatnak (pl. lev\u00e9lhull\u00e1s). Ez nem min<\/strong><strong>\u0151<\/strong><strong>s\u00fcl hib\u00e1s teljes\u00edt\u00e9snek.<\/strong><\/p>\n<h4><strong>\ud83d\udcf7 Fontos tudni a k\u00e9pekr<\/strong><strong>\u0151<\/strong><strong>l<\/strong><\/h4>\n<p><strong>A webshopban szerepl<\/strong><strong>\u0151<\/strong><strong> k\u00e9pek illusztr\u00e1ci\u00f3k, a n\u00f6v\u00e9nyek term\u00e9szet\u00fckn\u00e9l fogva egyediek, \u00edgy m\u00e9retben, alakban \u00e9s sz\u00ednben minim\u00e1lis elt\u00e9r\u00e9sek el<\/strong><strong>\u0151<\/strong><strong>fordulhatnak a k\u00e9pen l\u00e1that\u00f3 \u00e9s a val\u00f3s p\u00e9ld\u00e1nyok k\u00f6z\u00f6tt.<\/strong><\/p>\n<h4><strong>\ud83e\uddfe \u00c1rak \u00e9s el\u00e1ll\u00e1si jog<\/strong><\/h4>\n<ul>\n<li><strong>Az \u00e1rak egy darab\u00a0n\u00f6v\u00e9nyre vonatkoznak.<\/strong><\/li>\n<li><strong>\u00c9l<\/strong><strong>\u0151<\/strong><strong> n\u00f6v\u00e9nyek rendel\u00e9se eset\u00e9n a 14 napos el\u00e1ll\u00e1s joga nem \u00e9rv\u00e9nyes\u00edthet<\/strong><strong>\u0151<\/strong><strong>, mivel azok romland\u00f3, biol\u00f3giailag \u00e9l<\/strong><strong>\u0151<\/strong><strong> term\u00e9keknek min<\/strong><strong>\u0151<\/strong><strong>s\u00fclnek.<br \/>\n\ud83d\udd12 (17\/1999. (II. 5.) Korm. rendelet 5. \u00a7 c) pontja alapj\u00e1n)<\/strong><\/li>\n<\/ul>\n<p><strong>\ud83d\udce6 K\u00e9zbes\u00edt\u00e9s ut\u00e1ni teend<\/strong><strong>\u0151<\/strong><strong>k<\/strong><\/p>\n<p><strong>A k\u00e9zbes\u00edt\u00e9st k\u00f6vet<\/strong><strong>\u0151<\/strong><strong>en a csomagot azonnal bontsuk ki, \u00e9s a n\u00f6v\u00e9nyt helyezz\u00fck el megfelel<\/strong><strong>\u0151<\/strong><strong> k\u00f6rnyezetben.<br \/>\nFontos: ha a n\u00f6v\u00e9ny nem r\u00e9szes\u00fcl megfelel<\/strong><strong>\u0151<\/strong><strong> gondoz\u00e1sban \u00e9s ennek k\u00f6vetkezt\u00e9ben k\u00e1rosodik vagy elpusztul, felel<\/strong><strong>\u0151<\/strong><strong>ss\u00e9get nem tudunk v\u00e1llalni.<\/strong><\/p>\n<p style=\"line-height: 18.0pt; background: white; margin: 0cm 0cm 15.0pt 0cm;\">\n<p>&nbsp;<\/p>\n<p>&nbsp;<\/p>","protected":false},"excerpt":{"rendered":"<p>Bord\u00f3 teahibrid r\u00f3zsa telt, b\u00e1rsonyos vir\u00e1gokkal \u00e9s enyhe illattal. Magast\u00f6rzs\u0171 v\u00e1ltozatban el\u00e9rhet\u0151, hosszan tart\u00f3 vir\u00e1gz\u00e1ssal.<\/p>","protected":false},"featured_media":2389,"template":"","meta":{"_et_pb_use_builder":"","_et_pb_old_content":"","_et_gb_content_width":""},"product_brand":[],"product_cat":[1286],"product_tag":[5950,54,5951,5946,5948,5952,563],"class_list":{"0":"post-2388","1":"product","2":"type-product","3":"status-publish","4":"has-post-thumbnail","6":"product_cat-rozsak","7":"product_tag-bordo-rozsa","8":"product_tag-disznoveny","9":"product_tag-erica-pluhar","10":"product_tag-illatos-rozsa","11":"product_tag-magastorzsu-rozsa","12":"product_tag-rozsa-elokertbe","13":"product_tag-teahibrid-rozsa","15":"first","16":"instock","17":"shipping-taxable","18":"purchasable","19":"product-type-simple"},"yoast_head":"<!-- This site is optimized with the Yoast SEO plugin v27.4 - https:\/\/yoast.com\/product\/yoast-seo-wordpress\/ -->\n<title>Rosa &#039;Erika Pluhar&#039; - Magast\u00f6rzs\u0171 teahibrid r\u00f3zsa - T\u00e1jkert\u00e9sz<\/title>\n<meta name=\"description\" content=\"Rosa &#039;Erika Pluhar&#039; - Magast\u00f6rzs\u0171 teahibrid r\u00f3zsa egy k\u00fcl\u00f6nleges, s\u00f6t\u00e9tbord\u00f3 sz\u00edn\u0171 teahibrid r\u00f3zsa, amely telt, b\u00e1rsonyos vir\u00e1g\u00fa r\u00f3zsa.\" \/>\n<meta name=\"robots\" content=\"index, follow, max-snippet:-1, max-image-preview:large, max-video-preview:-1\" \/>\n<link rel=\"canonical\" href=\"https:\/\/tajkertesz.com\/en_US\/product\/rosa-erika-pluhar-magastorzsu-teahibrid-rozsa\/\" \/>\n<meta property=\"og:locale\" content=\"en_US\" \/>\n<meta property=\"og:type\" content=\"article\" \/>\n<meta property=\"og:title\" content=\"Rosa &#039;Erika Pluhar&#039; - Magast\u00f6rzs\u0171 teahibrid r\u00f3zsa - T\u00e1jkert\u00e9sz\" \/>\n<meta property=\"og:description\" content=\"Rosa &#039;Erika Pluhar&#039; - Magast\u00f6rzs\u0171 teahibrid r\u00f3zsa egy k\u00fcl\u00f6nleges, s\u00f6t\u00e9tbord\u00f3 sz\u00edn\u0171 teahibrid r\u00f3zsa, amely telt, b\u00e1rsonyos vir\u00e1g\u00fa r\u00f3zsa.\" \/>\n<meta property=\"og:url\" content=\"https:\/\/tajkertesz.com\/en_US\/product\/rosa-erika-pluhar-magastorzsu-teahibrid-rozsa\/\" \/>\n<meta property=\"og:site_name\" content=\"T\u00e1jkert\u00e9sz\" \/>\n<meta property=\"article:publisher\" content=\"https:\/\/www.facebook.com\/Tajkertesz\/\" \/>\n<meta property=\"article:modified_time\" content=\"2025-07-01T11:35:18+00:00\" \/>\n<meta property=\"og:image\" content=\"https:\/\/tajkertesz.com\/wp-content\/uploads\/2020\/10\/Erika-Pluhar.jpg\" \/>\n\t<meta property=\"og:image:width\" content=\"600\" \/>\n\t<meta property=\"og:image:height\" content=\"600\" \/>\n\t<meta property=\"og:image:type\" content=\"image\/jpeg\" \/>\n<meta name=\"twitter:card\" content=\"summary_large_image\" \/>\n<meta name=\"twitter:label1\" content=\"Est. reading time\" \/>\n\t<meta name=\"twitter:data1\" content=\"3 minutes\" \/>\n<script type=\"application\/ld+json\" class=\"yoast-schema-graph\">{\"@context\":\"https:\\\/\\\/schema.org\",\"@graph\":[{\"@type\":\"WebPage\",\"@id\":\"https:\\\/\\\/tajkertesz.com\\\/termek\\\/rosa-erika-pluhar-magastorzsu-teahibrid-rozsa\\\/\",\"url\":\"https:\\\/\\\/tajkertesz.com\\\/termek\\\/rosa-erika-pluhar-magastorzsu-teahibrid-rozsa\\\/\",\"name\":\"Rosa 'Erika Pluhar' - Magast\u00f6rzs\u0171 teahibrid r\u00f3zsa - T\u00e1jkert\u00e9sz\",\"isPartOf\":{\"@id\":\"https:\\\/\\\/tajkertesz.com\\\/#website\"},\"primaryImageOfPage\":{\"@id\":\"https:\\\/\\\/tajkertesz.com\\\/termek\\\/rosa-erika-pluhar-magastorzsu-teahibrid-rozsa\\\/#primaryimage\"},\"image\":{\"@id\":\"https:\\\/\\\/tajkertesz.com\\\/termek\\\/rosa-erika-pluhar-magastorzsu-teahibrid-rozsa\\\/#primaryimage\"},\"thumbnailUrl\":\"https:\\\/\\\/tajkertesz.com\\\/wp-content\\\/uploads\\\/2020\\\/10\\\/Erika-Pluhar.jpg\",\"datePublished\":\"2020-10-29T10:48:26+00:00\",\"dateModified\":\"2025-07-01T11:35:18+00:00\",\"description\":\"Rosa 'Erika Pluhar' - Magast\u00f6rzs\u0171 teahibrid r\u00f3zsa egy k\u00fcl\u00f6nleges, s\u00f6t\u00e9tbord\u00f3 sz\u00edn\u0171 teahibrid r\u00f3zsa, amely telt, b\u00e1rsonyos vir\u00e1g\u00fa r\u00f3zsa.\",\"breadcrumb\":{\"@id\":\"https:\\\/\\\/tajkertesz.com\\\/termek\\\/rosa-erika-pluhar-magastorzsu-teahibrid-rozsa\\\/#breadcrumb\"},\"inLanguage\":\"en-US\",\"potentialAction\":[{\"@type\":\"ReadAction\",\"target\":[\"https:\\\/\\\/tajkertesz.com\\\/termek\\\/rosa-erika-pluhar-magastorzsu-teahibrid-rozsa\\\/\"]}]},{\"@type\":\"ImageObject\",\"inLanguage\":\"en-US\",\"@id\":\"https:\\\/\\\/tajkertesz.com\\\/termek\\\/rosa-erika-pluhar-magastorzsu-teahibrid-rozsa\\\/#primaryimage\",\"url\":\"https:\\\/\\\/tajkertesz.com\\\/wp-content\\\/uploads\\\/2020\\\/10\\\/Erika-Pluhar.jpg\",\"contentUrl\":\"https:\\\/\\\/tajkertesz.com\\\/wp-content\\\/uploads\\\/2020\\\/10\\\/Erika-Pluhar.jpg\",\"width\":600,\"height\":600,\"caption\":\"Rosa 'Erika Pluhar' - Magast\u00f6rzs\u0171 teahibrid r\u00f3zsa\"},{\"@type\":\"BreadcrumbList\",\"@id\":\"https:\\\/\\\/tajkertesz.com\\\/termek\\\/rosa-erika-pluhar-magastorzsu-teahibrid-rozsa\\\/#breadcrumb\",\"itemListElement\":[{\"@type\":\"ListItem\",\"position\":1,\"name\":\"Home\",\"item\":\"https:\\\/\\\/tajkertesz.com\\\/\"},{\"@type\":\"ListItem\",\"position\":2,\"name\":\"Kezd\u0151lap\",\"item\":\"https:\\\/\\\/tajkertesz.com\\\/\"},{\"@type\":\"ListItem\",\"position\":3,\"name\":\"Rosa &#8216;Erika Pluhar&#8217; &#8211; Magast\u00f6rzs\u0171 teahibrid r\u00f3zsa\"}]},{\"@type\":\"WebSite\",\"@id\":\"https:\\\/\\\/tajkertesz.com\\\/#website\",\"url\":\"https:\\\/\\\/tajkertesz.com\\\/\",\"name\":\"T\u00e1j-Kert\u00e9sz 84 Kft.\",\"description\":\"Kert\u00e9szeti kis- \u00e9s nagykeresked\u00e9s, D\u00edszn\u00f6v\u00e9ny web\u00e1ruh\u00e1z orsz\u00e1gos h\u00e1zhozsz\u00e1ll\u00edt\u00e1ssal!\",\"publisher\":{\"@id\":\"https:\\\/\\\/tajkertesz.com\\\/#organization\"},\"potentialAction\":[{\"@type\":\"SearchAction\",\"target\":{\"@type\":\"EntryPoint\",\"urlTemplate\":\"https:\\\/\\\/tajkertesz.com\\\/?s={search_term_string}\"},\"query-input\":{\"@type\":\"PropertyValueSpecification\",\"valueRequired\":true,\"valueName\":\"search_term_string\"}}],\"inLanguage\":\"en-US\"},{\"@type\":\"Organization\",\"@id\":\"https:\\\/\\\/tajkertesz.com\\\/#organization\",\"name\":\"T\u00e1j-Kert\u00e9sz 84 Kft.\",\"url\":\"https:\\\/\\\/tajkertesz.com\\\/\",\"logo\":{\"@type\":\"ImageObject\",\"inLanguage\":\"en-US\",\"@id\":\"https:\\\/\\\/tajkertesz.com\\\/#\\\/schema\\\/logo\\\/image\\\/\",\"url\":\"https:\\\/\\\/tajkertesz.com\\\/wp-content\\\/uploads\\\/2018\\\/02\\\/logo-2-e1518678052539.png\",\"contentUrl\":\"https:\\\/\\\/tajkertesz.com\\\/wp-content\\\/uploads\\\/2018\\\/02\\\/logo-2-e1518678052539.png\",\"width\":81,\"height\":140,\"caption\":\"T\u00e1j-Kert\u00e9sz 84 Kft.\"},\"image\":{\"@id\":\"https:\\\/\\\/tajkertesz.com\\\/#\\\/schema\\\/logo\\\/image\\\/\"},\"sameAs\":[\"https:\\\/\\\/www.facebook.com\\\/Tajkertesz\\\/\"]}]}<\/script>\n<!-- \/ Yoast SEO plugin. -->","yoast_head_json":{"title":"Rosa 'Erika Pluhar' - Magast\u00f6rzs\u0171 teahibrid r\u00f3zsa - T\u00e1jkert\u00e9sz","description":"Rosa 'Erika Pluhar' - Magast\u00f6rzs\u0171 teahibrid r\u00f3zsa egy k\u00fcl\u00f6nleges, s\u00f6t\u00e9tbord\u00f3 sz\u00edn\u0171 teahibrid r\u00f3zsa, amely telt, b\u00e1rsonyos vir\u00e1g\u00fa r\u00f3zsa.","robots":{"index":"index","follow":"follow","max-snippet":"max-snippet:-1","max-image-preview":"max-image-preview:large","max-video-preview":"max-video-preview:-1"},"canonical":"https:\/\/tajkertesz.com\/en_US\/product\/rosa-erika-pluhar-magastorzsu-teahibrid-rozsa\/","og_locale":"en_US","og_type":"article","og_title":"Rosa 'Erika Pluhar' - Magast\u00f6rzs\u0171 teahibrid r\u00f3zsa - T\u00e1jkert\u00e9sz","og_description":"Rosa 'Erika Pluhar' - Magast\u00f6rzs\u0171 teahibrid r\u00f3zsa egy k\u00fcl\u00f6nleges, s\u00f6t\u00e9tbord\u00f3 sz\u00edn\u0171 teahibrid r\u00f3zsa, amely telt, b\u00e1rsonyos vir\u00e1g\u00fa r\u00f3zsa.","og_url":"https:\/\/tajkertesz.com\/en_US\/product\/rosa-erika-pluhar-magastorzsu-teahibrid-rozsa\/","og_site_name":"T\u00e1jkert\u00e9sz","article_publisher":"https:\/\/www.facebook.com\/Tajkertesz\/","article_modified_time":"2025-07-01T11:35:18+00:00","og_image":[{"width":600,"height":600,"url":"https:\/\/tajkertesz.com\/wp-content\/uploads\/2020\/10\/Erika-Pluhar.jpg","type":"image\/jpeg"}],"twitter_card":"summary_large_image","twitter_misc":{"Est. reading time":"3 minutes"},"schema":{"@context":"https:\/\/schema.org","@graph":[{"@type":"WebPage","@id":"https:\/\/tajkertesz.com\/termek\/rosa-erika-pluhar-magastorzsu-teahibrid-rozsa\/","url":"https:\/\/tajkertesz.com\/termek\/rosa-erika-pluhar-magastorzsu-teahibrid-rozsa\/","name":"Rosa 'Erika Pluhar' - Magast\u00f6rzs\u0171 teahibrid r\u00f3zsa - T\u00e1jkert\u00e9sz","isPartOf":{"@id":"https:\/\/tajkertesz.com\/#website"},"primaryImageOfPage":{"@id":"https:\/\/tajkertesz.com\/termek\/rosa-erika-pluhar-magastorzsu-teahibrid-rozsa\/#primaryimage"},"image":{"@id":"https:\/\/tajkertesz.com\/termek\/rosa-erika-pluhar-magastorzsu-teahibrid-rozsa\/#primaryimage"},"thumbnailUrl":"https:\/\/tajkertesz.com\/wp-content\/uploads\/2020\/10\/Erika-Pluhar.jpg","datePublished":"2020-10-29T10:48:26+00:00","dateModified":"2025-07-01T11:35:18+00:00","description":"Rosa 'Erika Pluhar' - Magast\u00f6rzs\u0171 teahibrid r\u00f3zsa egy k\u00fcl\u00f6nleges, s\u00f6t\u00e9tbord\u00f3 sz\u00edn\u0171 teahibrid r\u00f3zsa, amely telt, b\u00e1rsonyos vir\u00e1g\u00fa r\u00f3zsa.","breadcrumb":{"@id":"https:\/\/tajkertesz.com\/termek\/rosa-erika-pluhar-magastorzsu-teahibrid-rozsa\/#breadcrumb"},"inLanguage":"en-US","potentialAction":[{"@type":"ReadAction","target":["https:\/\/tajkertesz.com\/termek\/rosa-erika-pluhar-magastorzsu-teahibrid-rozsa\/"]}]},{"@type":"ImageObject","inLanguage":"en-US","@id":"https:\/\/tajkertesz.com\/termek\/rosa-erika-pluhar-magastorzsu-teahibrid-rozsa\/#primaryimage","url":"https:\/\/tajkertesz.com\/wp-content\/uploads\/2020\/10\/Erika-Pluhar.jpg","contentUrl":"https:\/\/tajkertesz.com\/wp-content\/uploads\/2020\/10\/Erika-Pluhar.jpg","width":600,"height":600,"caption":"Rosa 'Erika Pluhar' - Magast\u00f6rzs\u0171 teahibrid r\u00f3zsa"},{"@type":"BreadcrumbList","@id":"https:\/\/tajkertesz.com\/termek\/rosa-erika-pluhar-magastorzsu-teahibrid-rozsa\/#breadcrumb","itemListElement":[{"@type":"ListItem","position":1,"name":"Home","item":"https:\/\/tajkertesz.com\/"},{"@type":"ListItem","position":2,"name":"Kezd\u0151lap","item":"https:\/\/tajkertesz.com\/"},{"@type":"ListItem","position":3,"name":"Rosa &#8216;Erika Pluhar&#8217; &#8211; Magast\u00f6rzs\u0171 teahibrid r\u00f3zsa"}]},{"@type":"WebSite","@id":"https:\/\/tajkertesz.com\/#website","url":"https:\/\/tajkertesz.com\/","name":"T\u00e1j-Kert\u00e9sz 84 Kft.","description":"Kert\u00e9szeti kis- \u00e9s nagykeresked\u00e9s, D\u00edszn\u00f6v\u00e9ny web\u00e1ruh\u00e1z orsz\u00e1gos h\u00e1zhozsz\u00e1ll\u00edt\u00e1ssal!","publisher":{"@id":"https:\/\/tajkertesz.com\/#organization"},"potentialAction":[{"@type":"SearchAction","target":{"@type":"EntryPoint","urlTemplate":"https:\/\/tajkertesz.com\/?s={search_term_string}"},"query-input":{"@type":"PropertyValueSpecification","valueRequired":true,"valueName":"search_term_string"}}],"inLanguage":"en-US"},{"@type":"Organization","@id":"https:\/\/tajkertesz.com\/#organization","name":"T\u00e1j-Kert\u00e9sz 84 Kft.","url":"https:\/\/tajkertesz.com\/","logo":{"@type":"ImageObject","inLanguage":"en-US","@id":"https:\/\/tajkertesz.com\/#\/schema\/logo\/image\/","url":"https:\/\/tajkertesz.com\/wp-content\/uploads\/2018\/02\/logo-2-e1518678052539.png","contentUrl":"https:\/\/tajkertesz.com\/wp-content\/uploads\/2018\/02\/logo-2-e1518678052539.png","width":81,"height":140,"caption":"T\u00e1j-Kert\u00e9sz 84 Kft."},"image":{"@id":"https:\/\/tajkertesz.com\/#\/schema\/logo\/image\/"},"sameAs":["https:\/\/www.facebook.com\/Tajkertesz\/"]}]}},"_links":{"self":[{"href":"https:\/\/tajkertesz.com\/en_US\/wp-json\/wp\/v2\/product\/2388","targetHints":{"allow":["GET"]}}],"collection":[{"href":"https:\/\/tajkertesz.com\/en_US\/wp-json\/wp\/v2\/product"}],"about":[{"href":"https:\/\/tajkertesz.com\/en_US\/wp-json\/wp\/v2\/types\/product"}],"wp:featuredmedia":[{"embeddable":true,"href":"https:\/\/tajkertesz.com\/en_US\/wp-json\/wp\/v2\/media\/2389"}],"wp:attachment":[{"href":"https:\/\/tajkertesz.com\/en_US\/wp-json\/wp\/v2\/media?parent=2388"}],"wp:term":[{"taxonomy":"product_brand","embeddable":true,"href":"https:\/\/tajkertesz.com\/en_US\/wp-json\/wp\/v2\/product_brand?post=2388"},{"taxonomy":"product_cat","embeddable":true,"href":"https:\/\/tajkertesz.com\/en_US\/wp-json\/wp\/v2\/product_cat?post=2388"},{"taxonomy":"product_tag","embeddable":true,"href":"https:\/\/tajkertesz.com\/en_US\/wp-json\/wp\/v2\/product_tag?post=2388"}],"curies":[{"name":"wp","href":"https:\/\/api.w.org\/{rel}","templated":true}]}}