{"id":23881,"date":"2025-07-09T14:23:40","date_gmt":"2025-07-09T14:23:40","guid":{"rendered":"https:\/\/tajkertesz.com\/?post_type=product&#038;p=23881"},"modified":"2026-03-31T10:10:46","modified_gmt":"2026-03-31T10:10:46","slug":"stipa-tenuissima-pony-tails-mexikoi-arvalanyhaj","status":"publish","type":"product","link":"https:\/\/tajkertesz.com\/en_US\/product\/stipa-tenuissima-pony-tails-mexikoi-arvalanyhaj\/","title":{"rendered":"Stipa tenuissima &#8216;Pony Tails&#8217; &#8211; Mexik\u00f3i \u00e1rval\u00e1nyhaj"},"content":{"rendered":"<h1 data-start=\"444\" data-end=\"704\">Stipa tenuissima &#8216;Pony Tails&#8217; &#8211; Mexik\u00f3i \u00e1rval\u00e1nyhaj<\/h1>\n<p data-start=\"444\" data-end=\"704\">A Stipa tenuissima &#8216;Pony Tails&#8217; &#8211; Mexik\u00f3i \u00e1rval\u00e1nyhaj finom \u00e9s selymes tapint\u00e1s\u00fa lombj\u00e1val v\u00e1lik kerted l\u00e9gies k\u00f6z\u00e9ppontj\u00e1v\u00e1. Karcs\u00fa, v\u00e9kony sz\u00e1rai enyh\u00e9n \u00edvelten n\u0151nek, kr\u00e9mfeh\u00e9r vir\u00e1gzata j\u00faniust\u00f3l szeptemberig l\u00e1gyan fodroz\u00f3dik a sz\u00e9lben .<\/p>\n<h3 data-start=\"706\" data-end=\"728\">Stipa tenuissima &#8216;Pony Tails&#8217; jellemz\u0151i<\/h3>\n<h3 data-start=\"706\" data-end=\"728\"><span style=\"color: #666666; font-size: 14px;\">\ud83c\udf3f <\/span><strong style=\"color: #666666; font-size: 14px;\" data-start=\"734\" data-end=\"756\">Magass\u00e1g\/sz\u00e9less\u00e9g<\/strong><span style=\"color: #666666; font-size: 14px;\">: kb. 30\u201360\u202fcm, laza, bokros habitus<\/span><\/h3>\n<p data-start=\"798\" data-end=\"854\">\ud83c\udf1e <strong data-start=\"801\" data-end=\"814\">F\u00e9nyig\u00e9ny<\/strong>: teljes nap; nem kedveli az \u00e1rny\u00e9kot<\/p>\n<p data-start=\"857\" data-end=\"931\">\ud83d\udca7 <strong data-start=\"860\" data-end=\"872\">V\u00edzig\u00e9ny<\/strong>: sz\u00e1razs\u00e1gt\u0171r\u0151, m\u00e9rs\u00e9kelt v\u00edzig\u00e9nnyel<\/p>\n<p data-start=\"934\" data-end=\"1019\">\ud83c\udf3c <strong data-start=\"937\" data-end=\"949\">Vir\u00e1gz\u00e1s<\/strong>: kr\u00e9mfeh\u00e9r\/aranysz\u00edn\u0171 kal\u00e1szszer\u0171 vir\u00e1gok j\u00fanius\u2013szeptember k\u00f6z\u00f6tt<\/p>\n<p data-start=\"1022\" data-end=\"1125\">\ud83e\uddec <strong data-start=\"1025\" data-end=\"1039\">T\u00e9l\u00e1ll\u00f3s\u00e1g<\/strong>; lombja t\u00e9l v\u00e9g\u00e9n elsz\u00e1rad, tavaszra \u00fajra kihajt<\/p>\n<p data-start=\"1128\" data-end=\"1211\">\ud83c\udfde\ufe0f <strong data-start=\"1132\" data-end=\"1146\">Talajig\u00e9ny<\/strong>: laza, j\u00f3l v\u00edzelvezet\u0151, kavicsos\u2013homokos t\u00edpus\u00fa talajt kedvel<\/p>\n<hr data-start=\"1213\" data-end=\"1216\" \/>\n<h4 data-start=\"1218\" data-end=\"1245\">\ud83c\udfaf Felhaszn\u00e1l\u00e1si helyek:<\/h4>\n<ul data-start=\"1246\" data-end=\"1534\">\n<li data-start=\"1246\" data-end=\"1316\">\n<p data-start=\"1248\" data-end=\"1316\"><strong data-start=\"1248\" data-end=\"1269\">\u00c9vel\u0151\u00e1gyak sz\u00e9l\u00e9n<\/strong> \u2013 kontrasztot ad m\u00e1s strukt\u00far\u00e1j\u00fa n\u00f6v\u00e9nyeknek<\/p>\n<\/li>\n<li data-start=\"1317\" data-end=\"1390\">\n<p data-start=\"1319\" data-end=\"1390\"><strong data-start=\"1319\" data-end=\"1348\">Sziklakertbe<\/strong>\u2013 mozg\u00e1s \u00e9s k\u00f6nnyeds\u00e9g a sz\u00e1raz kertben<\/p>\n<\/li>\n<li data-start=\"1391\" data-end=\"1462\">\n<p data-start=\"1393\" data-end=\"1462\"><strong data-start=\"1393\" data-end=\"1415\">Kont\u00e9neres nevel\u00e9s<\/strong> \u2013 asztali dekor\u00e1ci\u00f3k\u00e9nt letisztult eleganci\u00e1j\u00e1val<\/p>\n<\/li>\n<li data-start=\"1463\" data-end=\"1534\">\n<p data-start=\"1465\" data-end=\"1534\"><strong data-start=\"1465\" data-end=\"1486\">Szeg\u00e9lyn\u00f6v\u00e9nyk\u00e9nt<\/strong> \u2013 finom hat\u00e1rt alkot, mik\u00f6zben nem t\u00fal domin\u00e1ns<\/p>\n<\/li>\n<\/ul>\n<hr data-start=\"1536\" data-end=\"1539\" \/>\n<h4 data-start=\"1541\" data-end=\"1596\">\ud83c\udf31 Gondoz\u00e1si tippek<\/h4>\n<ul data-start=\"1597\" data-end=\"1948\">\n<li data-start=\"1597\" data-end=\"1691\">\n<p data-start=\"1599\" data-end=\"1691\"><strong data-start=\"1599\" data-end=\"1622\">Tavaszi visszav\u00e1g\u00e1s<\/strong>: metszd vissza az elhalt lombot, ezzel friss hajt\u00e1sokat \u00f6szt\u00f6nz\u00f6l<\/p>\n<\/li>\n<li data-start=\"1692\" data-end=\"1769\">\n<p data-start=\"1694\" data-end=\"1769\"><strong data-start=\"1694\" data-end=\"1705\">\u00d6nt\u00f6z\u00e9s<\/strong>: csak akkor, ha a talaj kisz\u00e1radt \u2013 a sz\u00e1razs\u00e1g nem \u00e1rt neki<\/p>\n<\/li>\n<li data-start=\"1770\" data-end=\"1853\">\n<p data-start=\"1772\" data-end=\"1853\"><strong data-start=\"1772\" data-end=\"1793\">Magr\u00f3l\/t\u0151oszt\u00e1ssal<\/strong>: vethet\u0151 magr\u00f3l, \u00e9s \u00e9vel\u0151k\u00e9nt t\u0151oszt\u00e1ssal is szapor\u00edthat\u00f3<\/p>\n<\/li>\n<li data-start=\"1854\" data-end=\"1948\">\n<p data-start=\"1856\" data-end=\"1948\"><strong data-start=\"1856\" data-end=\"1868\">Figyelem<\/strong>: sz\u00e9l k\u00f6nnyen sz\u00f3rja a magvait \u2013 vir\u00e1gz\u00e1s ut\u00e1n visszav\u00e1gva kord\u00e1ban tarthatjuk<\/p>\n<\/li>\n<\/ul>\n<hr data-start=\"1950\" data-end=\"1953\" \/>\n<h4 data-start=\"1955\" data-end=\"1985\">\u2705 El\u0151ny\u00f6k hobbikert\u00e9szeknek<\/h4>\n<ul data-start=\"1986\" data-end=\"2192\">\n<li data-start=\"1986\" data-end=\"2037\">\n<p data-start=\"1988\" data-end=\"2037\">Minim\u00e1lis gondoz\u00e1s \u2013 ide\u00e1lis kezd\u0151 kert\u00e9szeknek<\/p>\n<\/li>\n<li data-start=\"2038\" data-end=\"2095\">\n<p data-start=\"2040\" data-end=\"2095\">Sz\u00e9l j\u00e1t\u00e9k\u00e1val \u00e9l, mozgalmas \u00e9s szemet gy\u00f6ny\u00f6rk\u00f6dtet\u0151<\/p>\n<\/li>\n<li data-start=\"2096\" data-end=\"2142\">\n<p data-start=\"2098\" data-end=\"2142\">T\u00e9lre visszah\u00faz\u00f3d\u00f3, term\u00e9szetes megjelen\u00e9s<\/p>\n<\/li>\n<li data-start=\"2143\" data-end=\"2192\">\n<p data-start=\"2145\" data-end=\"2192\">Sz\u00e1raz kertekbe, kont\u00e9nerbe is b\u00e1tran \u00fcltethet\u0151<\/p>\n<\/li>\n<\/ul>\n<p>&nbsp;<\/p>\n<p>&nbsp;<\/p>\n<p data-start=\"1068\" data-end=\"1123\">Rendeld meg most, \u00e9s tedd kertedet m\u00e9g \u00e9lettel telibb\u00e9!<\/p>\n<h5 data-start=\"444\" data-end=\"472\">\ud83d\udd04\u00a0<strong data-start=\"451\" data-end=\"472\">K\u00e9szletinform\u00e1ci\u00f3<\/strong><\/h5>\n<p data-start=\"473\" data-end=\"651\">K\u00e9szlet\u00fcnk napi szinten v\u00e1ltozik, \u00edgy a webshopban szerepl\u0151 term\u00e9kek el\u00e9rhet\u0151s\u00e9ge nem garant\u00e1lt.<br data-start=\"569\" data-end=\"572\" \/>\ud83d\udcde A megrendel\u00e9s el\u0151tt k\u00e9rj\u00fck, \u00e9rdekl\u0151dj\u00f6n szem\u00e9lyesen, telefonon vagy e-mailben!<\/p>\n<p data-start=\"653\" data-end=\"670\">\u27a1\ufe0f\u00a0<strong data-start=\"656\" data-end=\"670\">Kapcsolat:<\/strong><\/p>\n<ul data-start=\"671\" data-end=\"892\">\n<li data-start=\"671\" data-end=\"723\">\n<p data-start=\"673\" data-end=\"723\">Weboldal:\u00a0<a class=\"\" href=\"https:\/\/tajkertesz.com\/\" target=\"_new\" rel=\"noopener\" data-start=\"683\" data-end=\"723\">tajkertesz.com<\/a><\/p>\n<\/li>\n<li data-start=\"724\" data-end=\"799\">\n<p data-start=\"726\" data-end=\"799\">Facebook:\u00a0<a class=\"\" href=\"https:\/\/www.facebook.com\/tajkertesz\/\" target=\"_new\" rel=\"noopener\" data-start=\"736\" data-end=\"799\">facebook.com\/tajkertesz<\/a><\/p>\n<\/li>\n<li data-start=\"800\" data-end=\"892\">\n<p data-start=\"802\" data-end=\"892\">Telefonsz\u00e1m, e-mail: +36\/20-319-3770\u00a0<a href=\"mailto:tajkerteszaruda@gmail.com\"><span id=\"et-info-email\">tajkerteszaruda@gmail.com<\/span><\/a><\/p>\n<\/li>\n<\/ul>\n<hr data-start=\"930\" data-end=\"933\" \/>\n<h4 data-start=\"196\" data-end=\"224\">\ud83d\ude9a\u00a0<strong>Sz\u00e1ll\u00edt\u00e1si inform\u00e1ci\u00f3k<\/strong><\/h4>\n<p data-start=\"226\" data-end=\"299\">A megrendelt n\u00f6v\u00e9nyek kisz\u00e1ll\u00edt\u00e1sa az al\u00e1bbi felt\u00e9telek mellett t\u00f6rt\u00e9nik:<\/p>\n<h4 data-start=\"301\" data-end=\"338\">\ud83d\udce6\u00a0<strong data-start=\"308\" data-end=\"338\">Fut\u00e1rszolg\u00e1latos sz\u00e1ll\u00edt\u00e1s<\/strong><\/h4>\n<ul data-start=\"339\" data-end=\"521\">\n<li data-start=\"339\" data-end=\"380\">\n<p data-start=\"341\" data-end=\"380\"><strong data-start=\"341\" data-end=\"361\">Maxim\u00e1lis m\u00e9ret:<\/strong>\u00a0200 cm (hossz\u00fas\u00e1g)<\/p>\n<\/li>\n<li data-start=\"381\" data-end=\"408\">\n<p data-start=\"383\" data-end=\"408\"><strong data-start=\"383\" data-end=\"402\">Maxim\u00e1lis s\u00faly:<\/strong>\u00a040 kg<\/p>\n<\/li>\n<li data-start=\"409\" data-end=\"521\">\n<p data-start=\"411\" data-end=\"521\">Az enn\u00e9l kisebb \u00e9s k\u00f6nnyebb csomagokat fut\u00e1rszolg\u00e1lattal k\u00e9zbes\u00edtj\u00fck a lehet\u0151 legbiztons\u00e1gosabb csomagol\u00e1sban.<\/p>\n<\/li>\n<\/ul>\n<h4 data-start=\"523\" data-end=\"551\">\ud83d\udefb\u00a0<strong data-start=\"530\" data-end=\"551\">Szem\u00e9lyes \u00e1tv\u00e9tel<\/strong><\/h4>\n<ul data-start=\"552\" data-end=\"748\">\n<li data-start=\"552\" data-end=\"600\">\n<p data-start=\"554\" data-end=\"600\"><strong data-start=\"564\" data-end=\"600\">1173 Budapest, Bakancsos utca 7. sz\u00e1m alatt\u00a0<\/strong>nyitvatart\u00e1si id\u0151ben szem\u00e9lyesen \u00e1tvehet\u0151 kert\u00e9szeti \u00e1rud\u00e1nkban.<\/p>\n<\/li>\n<li data-start=\"552\" data-end=\"600\">\n<p data-start=\"554\" data-end=\"600\">K\u00f6lts\u00e9ghat\u00e9kony megold\u00e1s nagyobb, t\u00f6r\u00e9kenyebb vagy t\u00falm\u00e9retes n\u00f6v\u00e9nyek eset\u00e9n.<\/p>\n<\/li>\n<\/ul>\n<h4 data-start=\"750\" data-end=\"799\">\ud83d\udcde\u00a0<strong data-start=\"757\" data-end=\"799\">Nagy m\u00e9ret\u0171 vagy s\u00faly\u00fa n\u00f6v\u00e9nyek eset\u00e9n<\/strong><\/h4>\n<p data-start=\"800\" data-end=\"812\">Ha a term\u00e9k:<\/p>\n<ul data-start=\"813\" data-end=\"887\">\n<li data-start=\"813\" data-end=\"855\">\n<p data-start=\"815\" data-end=\"855\">meghaladja a\u00a0<strong data-start=\"828\" data-end=\"850\">200 cm hossz\u00fas\u00e1got<\/strong>\u00a0vagy<\/p>\n<\/li>\n<li data-start=\"856\" data-end=\"887\">\n<p data-start=\"858\" data-end=\"887\">meghaladja a\u00a0<strong data-start=\"871\" data-end=\"886\">40 kg s\u00falyt<\/strong>,<\/p>\n<\/li>\n<\/ul>\n<p data-start=\"889\" data-end=\"1145\">akkor\u00a0<strong data-start=\"909\" data-end=\"933\">szem\u00e9lyes \u00e1tv\u00e9tellel<\/strong>\u00a0vagy\u00a0<strong data-start=\"939\" data-end=\"998\">egyedi, el\u0151re egyeztetett sz\u00e1ll\u00edt\u00e1si felt\u00e9telek mellett<\/strong>\u00a0t\u00f6rt\u00e9nik.<br data-start=\"1008\" data-end=\"1011\" \/>K\u00e9rj\u00fck, ilyen esetben\u00a0<strong data-start=\"1033\" data-end=\"1081\">rendel\u00e9s el\u0151tt vegye fel vel\u00fcnk a kapcsolatot<\/strong>, hogy a lehet\u0151 legmegfelel\u0151bb sz\u00e1ll\u00edt\u00e1si megold\u00e1st k\u00edn\u00e1lhassuk.<\/p>\n<hr data-start=\"1147\" data-end=\"1150\" \/>\n<p data-start=\"1152\" data-end=\"1362\">\ud83d\udd14\u00a0<strong data-start=\"1155\" data-end=\"1166\">Fontos:<\/strong>\u00a0A n\u00f6v\u00e9nyeket minden esetben igyeksz\u00fcnk gondosan, egyes\u00e9vel csomagolni, azonban a sz\u00e1ll\u00edt\u00e1s sor\u00e1n kisebb eszt\u00e9tikai s\u00e9r\u00fcl\u00e9sek el\u0151fordulhatnak (pl. lev\u00e9lhull\u00e1s). Ez nem min\u0151s\u00fcl hib\u00e1s teljes\u00edt\u00e9snek.<\/p>\n<h4>\ud83d\udcf7\u00a0<strong data-start=\"1631\" data-end=\"1658\">Fontos tudni a k\u00e9pekr\u0151l<\/strong><\/h4>\n<p data-start=\"1659\" data-end=\"1865\">A webshopban szerepl\u0151 k\u00e9pek\u00a0<strong data-start=\"1687\" data-end=\"1704\">illusztr\u00e1ci\u00f3k<\/strong>, a n\u00f6v\u00e9nyek term\u00e9szet\u00fckn\u00e9l fogva egyediek, \u00edgy m\u00e9retben, alakban \u00e9s sz\u00ednben\u00a0<strong data-start=\"1781\" data-end=\"1804\">minim\u00e1lis elt\u00e9r\u00e9sek<\/strong>\u00a0el\u0151fordulhatnak a k\u00e9pen l\u00e1that\u00f3 \u00e9s a val\u00f3s p\u00e9ld\u00e1nyok k\u00f6z\u00f6tt.<\/p>\n<hr data-start=\"1867\" data-end=\"1870\" \/>\n<h4 data-start=\"1872\" data-end=\"1903\">\ud83e\uddfe\u00a0<strong data-start=\"1879\" data-end=\"1903\">\u00c1rak \u00e9s el\u00e1ll\u00e1si jog<\/strong><\/h4>\n<ul data-start=\"1904\" data-end=\"2156\">\n<li data-start=\"1904\" data-end=\"1949\">\n<p data-start=\"1906\" data-end=\"1949\">Az \u00e1rak\u00a0<strong data-start=\"1914\" data-end=\"1927\">egy darab<\/strong>\u00a0n\u00f6v\u00e9nyre vonatkoznak.<\/p>\n<\/li>\n<li data-start=\"1950\" data-end=\"2156\">\n<p data-start=\"1952\" data-end=\"2156\">\u00c9l\u0151 n\u00f6v\u00e9nyek rendel\u00e9se eset\u00e9n a\u00a0<strong data-start=\"1984\" data-end=\"2028\">14 napos el\u00e1ll\u00e1s joga nem \u00e9rv\u00e9nyes\u00edthet\u0151<\/strong>, mivel azok romland\u00f3, biol\u00f3giailag \u00e9l\u0151 term\u00e9keknek min\u0151s\u00fclnek.<br data-start=\"2091\" data-end=\"2094\" \/>\ud83d\udd12 (17\/1999. (II. 5.) Korm. rendelet 5. \u00a7 c) pontja alapj\u00e1n)<\/p>\n<\/li>\n<\/ul>\n<hr data-start=\"2158\" data-end=\"2161\" \/>\n<h4 data-start=\"2163\" data-end=\"2198\">\ud83d\udce6\u00a0<strong data-start=\"2170\" data-end=\"2198\">K\u00e9zbes\u00edt\u00e9s ut\u00e1ni teend\u0151k<\/strong><\/h4>\n<p data-start=\"2199\" data-end=\"2447\">A k\u00e9zbes\u00edt\u00e9st k\u00f6vet\u0151en\u00a0<strong data-start=\"2222\" data-end=\"2254\">a csomagot azonnal bontsuk ki<\/strong>, \u00e9s a n\u00f6v\u00e9nyt helyezz\u00fck el megfelel\u0151 k\u00f6rnyezetben.<br data-start=\"2303\" data-end=\"2306\" \/>Fontos: ha a n\u00f6v\u00e9ny nem r\u00e9szes\u00fcl megfelel\u0151 gondoz\u00e1sban \u00e9s ennek k\u00f6vetkezt\u00e9ben k\u00e1rosodik vagy elpusztul,\u00a0<strong data-start=\"2410\" data-end=\"2446\">felel\u0151ss\u00e9get nem tudunk v\u00e1llalni<\/strong>.<\/p>","protected":false},"excerpt":{"rendered":"<p>A Mexik\u00f3i \u00e1rval\u00e1nyhaj, Stipa tenuissima &#8216;Pony Tails&#8217; l\u00e9gies, selymes tapint\u00e1s\u00fa d\u00edszf\u0171, 30\u201360\u202fcm magas, kr\u00e9mfeh\u00e9r vir\u00e1gokkal, teljes napra.<\/p>\n<p>Sz\u00e1razs\u00e1gt\u0171r\u0151, k\u00f6nnyen gondozhat\u00f3, sz\u00e9lben hull\u00e1mz\u00f3 \u2013 ide\u00e1lis \u00e9vel\u0151\u00e1gy\u00e1sokba \u00e9s kont\u00e9nerekbe.<\/p>\n<p>A term\u00e9k 14- es cser\u00e9pben 40\/60 cm magas.<\/p>","protected":false},"featured_media":23883,"template":"","meta":{"_et_pb_use_builder":"","_et_pb_old_content":"","_et_gb_content_width":""},"product_brand":[],"product_cat":[197],"product_tag":[648,5987,5985,4394,5986,4396],"class_list":{"0":"post-23881","1":"product","2":"type-product","3":"status-publish","4":"has-post-thumbnail","6":"product_cat-diszfuvek-fufelek","7":"product_tag-arvalanyhaj","8":"product_tag-mexikoi","9":"product_tag-pony","10":"product_tag-stipa","11":"product_tag-tails","12":"product_tag-tenuissima","14":"first","15":"instock","16":"shipping-taxable","17":"purchasable","18":"product-type-simple"},"yoast_head":"<!-- This site is optimized with the Yoast SEO plugin v27.6 - https:\/\/yoast.com\/product\/yoast-seo-wordpress\/ -->\n<title>Stipa tenuissima &#039;Pony Tails&#039; - Mexik\u00f3i \u00e1rval\u00e1nyhaj - T\u00e1jkert\u00e9sz<\/title>\n<meta name=\"description\" content=\"Mexik\u00f3i \u00e1rval\u00e1nyhaj, Stipa tenuissima &#039;Pony Tails&#039; l\u00e9gies, selymes tapint\u00e1s\u00fa d\u00edszf\u0171, 30\u201360\u202fcm magas, kr\u00e9mfeh\u00e9r vir\u00e1gokkal, teljes napra.\" \/>\n<meta name=\"robots\" content=\"index, follow, max-snippet:-1, max-image-preview:large, max-video-preview:-1\" \/>\n<link rel=\"canonical\" href=\"https:\/\/tajkertesz.com\/en_US\/product\/stipa-tenuissima-pony-tails-mexikoi-arvalanyhaj\/\" \/>\n<meta property=\"og:locale\" content=\"en_US\" \/>\n<meta property=\"og:type\" content=\"article\" \/>\n<meta property=\"og:title\" content=\"Stipa tenuissima &#039;Pony Tails&#039; - Mexik\u00f3i \u00e1rval\u00e1nyhaj - T\u00e1jkert\u00e9sz\" \/>\n<meta property=\"og:description\" content=\"Mexik\u00f3i \u00e1rval\u00e1nyhaj, Stipa tenuissima &#039;Pony Tails&#039; l\u00e9gies, selymes tapint\u00e1s\u00fa d\u00edszf\u0171, 30\u201360\u202fcm magas, kr\u00e9mfeh\u00e9r vir\u00e1gokkal, teljes napra.\" \/>\n<meta property=\"og:url\" content=\"https:\/\/tajkertesz.com\/en_US\/product\/stipa-tenuissima-pony-tails-mexikoi-arvalanyhaj\/\" \/>\n<meta property=\"og:site_name\" content=\"T\u00e1jkert\u00e9sz\" \/>\n<meta property=\"article:publisher\" content=\"https:\/\/www.facebook.com\/Tajkertesz\/\" \/>\n<meta property=\"article:modified_time\" content=\"2026-03-31T10:10:46+00:00\" \/>\n<meta property=\"og:image\" content=\"https:\/\/tajkertesz.com\/wp-content\/uploads\/2025\/07\/stipa.jpg\" \/>\n\t<meta property=\"og:image:width\" content=\"700\" \/>\n\t<meta property=\"og:image:height\" content=\"934\" \/>\n\t<meta property=\"og:image:type\" content=\"image\/jpeg\" \/>\n<meta name=\"twitter:card\" content=\"summary_large_image\" \/>\n<meta name=\"twitter:label1\" content=\"Est. reading time\" \/>\n\t<meta name=\"twitter:data1\" content=\"3 minutes\" \/>\n<script type=\"application\/ld+json\" class=\"yoast-schema-graph\">{\"@context\":\"https:\\\/\\\/schema.org\",\"@graph\":[{\"@type\":\"WebPage\",\"@id\":\"https:\\\/\\\/tajkertesz.com\\\/termek\\\/stipa-tenuissima-pony-tails-mexikoi-arvalanyhaj\\\/\",\"url\":\"https:\\\/\\\/tajkertesz.com\\\/termek\\\/stipa-tenuissima-pony-tails-mexikoi-arvalanyhaj\\\/\",\"name\":\"Stipa tenuissima 'Pony Tails' - Mexik\u00f3i \u00e1rval\u00e1nyhaj - T\u00e1jkert\u00e9sz\",\"isPartOf\":{\"@id\":\"https:\\\/\\\/tajkertesz.com\\\/#website\"},\"primaryImageOfPage\":{\"@id\":\"https:\\\/\\\/tajkertesz.com\\\/termek\\\/stipa-tenuissima-pony-tails-mexikoi-arvalanyhaj\\\/#primaryimage\"},\"image\":{\"@id\":\"https:\\\/\\\/tajkertesz.com\\\/termek\\\/stipa-tenuissima-pony-tails-mexikoi-arvalanyhaj\\\/#primaryimage\"},\"thumbnailUrl\":\"https:\\\/\\\/tajkertesz.com\\\/wp-content\\\/uploads\\\/2025\\\/07\\\/stipa.jpg\",\"datePublished\":\"2025-07-09T14:23:40+00:00\",\"dateModified\":\"2026-03-31T10:10:46+00:00\",\"description\":\"Mexik\u00f3i \u00e1rval\u00e1nyhaj, Stipa tenuissima 'Pony Tails' l\u00e9gies, selymes tapint\u00e1s\u00fa d\u00edszf\u0171, 30\u201360\u202fcm magas, kr\u00e9mfeh\u00e9r vir\u00e1gokkal, teljes napra.\",\"breadcrumb\":{\"@id\":\"https:\\\/\\\/tajkertesz.com\\\/termek\\\/stipa-tenuissima-pony-tails-mexikoi-arvalanyhaj\\\/#breadcrumb\"},\"inLanguage\":\"en-US\",\"potentialAction\":[{\"@type\":\"ReadAction\",\"target\":[\"https:\\\/\\\/tajkertesz.com\\\/termek\\\/stipa-tenuissima-pony-tails-mexikoi-arvalanyhaj\\\/\"]}]},{\"@type\":\"ImageObject\",\"inLanguage\":\"en-US\",\"@id\":\"https:\\\/\\\/tajkertesz.com\\\/termek\\\/stipa-tenuissima-pony-tails-mexikoi-arvalanyhaj\\\/#primaryimage\",\"url\":\"https:\\\/\\\/tajkertesz.com\\\/wp-content\\\/uploads\\\/2025\\\/07\\\/stipa.jpg\",\"contentUrl\":\"https:\\\/\\\/tajkertesz.com\\\/wp-content\\\/uploads\\\/2025\\\/07\\\/stipa.jpg\",\"width\":700,\"height\":934,\"caption\":\"Stipa tenuissima 'Pony Tails' - Mexik\u00f3i \u00e1rval\u00e1nyhaj\"},{\"@type\":\"BreadcrumbList\",\"@id\":\"https:\\\/\\\/tajkertesz.com\\\/termek\\\/stipa-tenuissima-pony-tails-mexikoi-arvalanyhaj\\\/#breadcrumb\",\"itemListElement\":[{\"@type\":\"ListItem\",\"position\":1,\"name\":\"Home\",\"item\":\"https:\\\/\\\/tajkertesz.com\\\/\"},{\"@type\":\"ListItem\",\"position\":2,\"name\":\"Kezd\u0151lap\",\"item\":\"https:\\\/\\\/tajkertesz.com\\\/\"},{\"@type\":\"ListItem\",\"position\":3,\"name\":\"Stipa tenuissima &#8216;Pony Tails&#8217; &#8211; Mexik\u00f3i \u00e1rval\u00e1nyhaj\"}]},{\"@type\":\"WebSite\",\"@id\":\"https:\\\/\\\/tajkertesz.com\\\/#website\",\"url\":\"https:\\\/\\\/tajkertesz.com\\\/\",\"name\":\"T\u00e1j-Kert\u00e9sz 84 Kft.\",\"description\":\"Kert\u00e9szeti kis- \u00e9s nagykeresked\u00e9s, D\u00edszn\u00f6v\u00e9ny web\u00e1ruh\u00e1z orsz\u00e1gos h\u00e1zhozsz\u00e1ll\u00edt\u00e1ssal!\",\"publisher\":{\"@id\":\"https:\\\/\\\/tajkertesz.com\\\/#organization\"},\"potentialAction\":[{\"@type\":\"SearchAction\",\"target\":{\"@type\":\"EntryPoint\",\"urlTemplate\":\"https:\\\/\\\/tajkertesz.com\\\/?s={search_term_string}\"},\"query-input\":{\"@type\":\"PropertyValueSpecification\",\"valueRequired\":true,\"valueName\":\"search_term_string\"}}],\"inLanguage\":\"en-US\"},{\"@type\":\"Organization\",\"@id\":\"https:\\\/\\\/tajkertesz.com\\\/#organization\",\"name\":\"T\u00e1j-Kert\u00e9sz 84 Kft.\",\"url\":\"https:\\\/\\\/tajkertesz.com\\\/\",\"logo\":{\"@type\":\"ImageObject\",\"inLanguage\":\"en-US\",\"@id\":\"https:\\\/\\\/tajkertesz.com\\\/#\\\/schema\\\/logo\\\/image\\\/\",\"url\":\"https:\\\/\\\/tajkertesz.com\\\/wp-content\\\/uploads\\\/2018\\\/02\\\/logo-2-e1518678052539.png\",\"contentUrl\":\"https:\\\/\\\/tajkertesz.com\\\/wp-content\\\/uploads\\\/2018\\\/02\\\/logo-2-e1518678052539.png\",\"width\":81,\"height\":140,\"caption\":\"T\u00e1j-Kert\u00e9sz 84 Kft.\"},\"image\":{\"@id\":\"https:\\\/\\\/tajkertesz.com\\\/#\\\/schema\\\/logo\\\/image\\\/\"},\"sameAs\":[\"https:\\\/\\\/www.facebook.com\\\/Tajkertesz\\\/\"]}]}<\/script>\n<!-- \/ Yoast SEO plugin. -->","yoast_head_json":{"title":"Stipa tenuissima 'Pony Tails' - Mexik\u00f3i \u00e1rval\u00e1nyhaj - T\u00e1jkert\u00e9sz","description":"Mexik\u00f3i \u00e1rval\u00e1nyhaj, Stipa tenuissima 'Pony Tails' l\u00e9gies, selymes tapint\u00e1s\u00fa d\u00edszf\u0171, 30\u201360\u202fcm magas, kr\u00e9mfeh\u00e9r vir\u00e1gokkal, teljes napra.","robots":{"index":"index","follow":"follow","max-snippet":"max-snippet:-1","max-image-preview":"max-image-preview:large","max-video-preview":"max-video-preview:-1"},"canonical":"https:\/\/tajkertesz.com\/en_US\/product\/stipa-tenuissima-pony-tails-mexikoi-arvalanyhaj\/","og_locale":"en_US","og_type":"article","og_title":"Stipa tenuissima 'Pony Tails' - Mexik\u00f3i \u00e1rval\u00e1nyhaj - T\u00e1jkert\u00e9sz","og_description":"Mexik\u00f3i \u00e1rval\u00e1nyhaj, Stipa tenuissima 'Pony Tails' l\u00e9gies, selymes tapint\u00e1s\u00fa d\u00edszf\u0171, 30\u201360\u202fcm magas, kr\u00e9mfeh\u00e9r vir\u00e1gokkal, teljes napra.","og_url":"https:\/\/tajkertesz.com\/en_US\/product\/stipa-tenuissima-pony-tails-mexikoi-arvalanyhaj\/","og_site_name":"T\u00e1jkert\u00e9sz","article_publisher":"https:\/\/www.facebook.com\/Tajkertesz\/","article_modified_time":"2026-03-31T10:10:46+00:00","og_image":[{"width":700,"height":934,"url":"https:\/\/tajkertesz.com\/wp-content\/uploads\/2025\/07\/stipa.jpg","type":"image\/jpeg"}],"twitter_card":"summary_large_image","twitter_misc":{"Est. reading time":"3 minutes"},"schema":{"@context":"https:\/\/schema.org","@graph":[{"@type":"WebPage","@id":"https:\/\/tajkertesz.com\/termek\/stipa-tenuissima-pony-tails-mexikoi-arvalanyhaj\/","url":"https:\/\/tajkertesz.com\/termek\/stipa-tenuissima-pony-tails-mexikoi-arvalanyhaj\/","name":"Stipa tenuissima 'Pony Tails' - Mexik\u00f3i \u00e1rval\u00e1nyhaj - T\u00e1jkert\u00e9sz","isPartOf":{"@id":"https:\/\/tajkertesz.com\/#website"},"primaryImageOfPage":{"@id":"https:\/\/tajkertesz.com\/termek\/stipa-tenuissima-pony-tails-mexikoi-arvalanyhaj\/#primaryimage"},"image":{"@id":"https:\/\/tajkertesz.com\/termek\/stipa-tenuissima-pony-tails-mexikoi-arvalanyhaj\/#primaryimage"},"thumbnailUrl":"https:\/\/tajkertesz.com\/wp-content\/uploads\/2025\/07\/stipa.jpg","datePublished":"2025-07-09T14:23:40+00:00","dateModified":"2026-03-31T10:10:46+00:00","description":"Mexik\u00f3i \u00e1rval\u00e1nyhaj, Stipa tenuissima 'Pony Tails' l\u00e9gies, selymes tapint\u00e1s\u00fa d\u00edszf\u0171, 30\u201360\u202fcm magas, kr\u00e9mfeh\u00e9r vir\u00e1gokkal, teljes napra.","breadcrumb":{"@id":"https:\/\/tajkertesz.com\/termek\/stipa-tenuissima-pony-tails-mexikoi-arvalanyhaj\/#breadcrumb"},"inLanguage":"en-US","potentialAction":[{"@type":"ReadAction","target":["https:\/\/tajkertesz.com\/termek\/stipa-tenuissima-pony-tails-mexikoi-arvalanyhaj\/"]}]},{"@type":"ImageObject","inLanguage":"en-US","@id":"https:\/\/tajkertesz.com\/termek\/stipa-tenuissima-pony-tails-mexikoi-arvalanyhaj\/#primaryimage","url":"https:\/\/tajkertesz.com\/wp-content\/uploads\/2025\/07\/stipa.jpg","contentUrl":"https:\/\/tajkertesz.com\/wp-content\/uploads\/2025\/07\/stipa.jpg","width":700,"height":934,"caption":"Stipa tenuissima 'Pony Tails' - Mexik\u00f3i \u00e1rval\u00e1nyhaj"},{"@type":"BreadcrumbList","@id":"https:\/\/tajkertesz.com\/termek\/stipa-tenuissima-pony-tails-mexikoi-arvalanyhaj\/#breadcrumb","itemListElement":[{"@type":"ListItem","position":1,"name":"Home","item":"https:\/\/tajkertesz.com\/"},{"@type":"ListItem","position":2,"name":"Kezd\u0151lap","item":"https:\/\/tajkertesz.com\/"},{"@type":"ListItem","position":3,"name":"Stipa tenuissima &#8216;Pony Tails&#8217; &#8211; Mexik\u00f3i \u00e1rval\u00e1nyhaj"}]},{"@type":"WebSite","@id":"https:\/\/tajkertesz.com\/#website","url":"https:\/\/tajkertesz.com\/","name":"T\u00e1j-Kert\u00e9sz 84 Kft.","description":"Kert\u00e9szeti kis- \u00e9s nagykeresked\u00e9s, D\u00edszn\u00f6v\u00e9ny web\u00e1ruh\u00e1z orsz\u00e1gos h\u00e1zhozsz\u00e1ll\u00edt\u00e1ssal!","publisher":{"@id":"https:\/\/tajkertesz.com\/#organization"},"potentialAction":[{"@type":"SearchAction","target":{"@type":"EntryPoint","urlTemplate":"https:\/\/tajkertesz.com\/?s={search_term_string}"},"query-input":{"@type":"PropertyValueSpecification","valueRequired":true,"valueName":"search_term_string"}}],"inLanguage":"en-US"},{"@type":"Organization","@id":"https:\/\/tajkertesz.com\/#organization","name":"T\u00e1j-Kert\u00e9sz 84 Kft.","url":"https:\/\/tajkertesz.com\/","logo":{"@type":"ImageObject","inLanguage":"en-US","@id":"https:\/\/tajkertesz.com\/#\/schema\/logo\/image\/","url":"https:\/\/tajkertesz.com\/wp-content\/uploads\/2018\/02\/logo-2-e1518678052539.png","contentUrl":"https:\/\/tajkertesz.com\/wp-content\/uploads\/2018\/02\/logo-2-e1518678052539.png","width":81,"height":140,"caption":"T\u00e1j-Kert\u00e9sz 84 Kft."},"image":{"@id":"https:\/\/tajkertesz.com\/#\/schema\/logo\/image\/"},"sameAs":["https:\/\/www.facebook.com\/Tajkertesz\/"]}]}},"_links":{"self":[{"href":"https:\/\/tajkertesz.com\/en_US\/wp-json\/wp\/v2\/product\/23881","targetHints":{"allow":["GET"]}}],"collection":[{"href":"https:\/\/tajkertesz.com\/en_US\/wp-json\/wp\/v2\/product"}],"about":[{"href":"https:\/\/tajkertesz.com\/en_US\/wp-json\/wp\/v2\/types\/product"}],"wp:featuredmedia":[{"embeddable":true,"href":"https:\/\/tajkertesz.com\/en_US\/wp-json\/wp\/v2\/media\/23883"}],"wp:attachment":[{"href":"https:\/\/tajkertesz.com\/en_US\/wp-json\/wp\/v2\/media?parent=23881"}],"wp:term":[{"taxonomy":"product_brand","embeddable":true,"href":"https:\/\/tajkertesz.com\/en_US\/wp-json\/wp\/v2\/product_brand?post=23881"},{"taxonomy":"product_cat","embeddable":true,"href":"https:\/\/tajkertesz.com\/en_US\/wp-json\/wp\/v2\/product_cat?post=23881"},{"taxonomy":"product_tag","embeddable":true,"href":"https:\/\/tajkertesz.com\/en_US\/wp-json\/wp\/v2\/product_tag?post=23881"}],"curies":[{"name":"wp","href":"https:\/\/api.w.org\/{rel}","templated":true}]}}