{"id":23913,"date":"2025-07-16T09:41:55","date_gmt":"2025-07-16T09:41:55","guid":{"rendered":"https:\/\/tajkertesz.com\/?post_type=product&#038;p=23913"},"modified":"2026-02-24T10:09:30","modified_gmt":"2026-02-24T10:09:30","slug":"chamaecyparis-thyoides-red-star-mocsari-hamisciprus","status":"publish","type":"product","link":"https:\/\/tajkertesz.com\/en_US\/product\/chamaecyparis-thyoides-red-star-mocsari-hamisciprus\/","title":{"rendered":"Chamaecyparis thyoides \u2018Red Star\u2019 \u2013 Mocs\u00e1ri hamisciprus"},"content":{"rendered":"<h1>Chamaecyparis thyoides \u2018Red Star\u2019 \u2013 Mocs\u00e1ri hamisciprus<\/h1>\n<p>&nbsp;<\/p>\n<p data-start=\"258\" data-end=\"295\"><span class=\"relative -mx-px my-[-0.2rem] rounded px-px py-[0.2rem] transition-colors duration-100 ease-in-out\">A <strong data-start=\"2\" data-end=\"39\">Chamaecyparis thyoides \u2018Red Star\u2019<\/strong> (m\u00e1s n\u00e9ven \u2018Rubicon\u2019 vagy Red Star White Cedar) egy rendk\u00edv\u00fcl k\u00fcl\u00f6nleges, kism\u00e9ret\u0171 \u00f6r\u00f6kz\u00f6ld conifer, mely t\u00f6m\u00f6tt, oszlopos form\u00e1j\u00e1val ide\u00e1lis szoliterk\u00e9nt, sziklakertbe vagy kisebb kertt\u00e9rbe.<\/span><\/p>\n<p data-start=\"297\" data-end=\"375\"><span class=\"relative -mx-px my-[-0.2rem] rounded px-px py-[0.2rem] transition-colors duration-100 ease-in-out\">Ny\u00e1ron ez\u00fcst\u00f6s-z\u00f6ld, k\u00e9kes t\u00f3nus\u00fa lombja term\u00e9szetes frissess\u00e9get ad, m\u00edg t\u00e9len l\u00e1tv\u00e1nyos v\u00f6r\u00f6ses\u2013plum sz\u00ednekben pomp\u00e1zik, ami \u00e9rdekes t\u00e9li sz\u00ednfoltot biztos\u00edt a kertben<\/span><\/p>\n<h2 data-start=\"382\" data-end=\"397\">\ud83c\udf3f Chamaecyparis thyoides \u2018Red Star\u2019 jellemz\u0151i<\/h2>\n<ul data-start=\"399\" data-end=\"1180\">\n<li data-start=\"399\" data-end=\"482\">\n<p data-start=\"401\" data-end=\"482\"><span class=\"relative -mx-px my-[-0.2rem] rounded px-px py-[0.2rem] transition-colors duration-100 ease-in-out\"><strong data-start=\"0\" data-end=\"10\" data-is-only-node=\"\">M\u00e9ret:<\/strong> 1\u20132\u202fm magas (n\u00e9h\u00e1ny \u00e9vtizedes kor\u00e1ra ak\u00e1r 4\u20136\u202fm is lehet)<\/span><\/p>\n<\/li>\n<li data-start=\"483\" data-end=\"566\">\n<p data-start=\"485\" data-end=\"566\"><span class=\"relative -mx-px my-[-0.2rem] rounded px-px py-[0.2rem] transition-colors duration-100 ease-in-out\"><strong data-start=\"0\" data-end=\"10\" data-is-only-node=\"\">Forma:<\/strong> kompakt, oszlopos\u2013k\u00fapos<\/span><\/p>\n<\/li>\n<li data-start=\"567\" data-end=\"654\">\n<p data-start=\"569\" data-end=\"654\"><span class=\"relative -mx-px my-[-0.2rem] rounded px-px py-[0.2rem] transition-colors duration-100 ease-in-out\"><strong data-start=\"0\" data-end=\"13\" data-is-only-node=\"\">Lombsz\u00edn:<\/strong> k\u00e9kesz\u00f6ld ny\u00e1ron, t\u00e9len v\u00f6r\u00f6ses\u2011plum<\/span><\/p>\n<\/li>\n<li data-start=\"655\" data-end=\"742\">\n<p data-start=\"657\" data-end=\"742\"><span class=\"relative -mx-px my-[-0.2rem] rounded px-px py-[0.2rem] transition-colors duration-100 ease-in-out\"><strong data-start=\"0\" data-end=\"14\" data-is-only-node=\"\">N\u00f6veked\u00e9s:<\/strong> \u00e9vi 5\u201315\u202fcm (lass\u00fa\/m\u00e9rs\u00e9kelt)<\/span><\/p>\n<\/li>\n<li data-start=\"743\" data-end=\"830\">\n<p data-start=\"745\" data-end=\"830\"><span class=\"relative -mx-px my-[-0.2rem] rounded px-px py-[0.2rem] transition-colors duration-100 ease-in-out\"><strong data-start=\"0\" data-end=\"14\" data-is-only-node=\"\">F\u00e9nyig\u00e9ny:<\/strong> napos vagy f\u00e9l\u00e1rny\u00e9kos hely<\/span><span class=\"\" data-state=\"closed\"><span class=\"ms-1 inline-flex max-w-full items-center relative top-[-0.094rem] animate-[show_150ms_ease-in]\"><br \/>\n<\/span><\/span><\/p>\n<\/li>\n<li data-start=\"831\" data-end=\"918\">\n<p data-start=\"833\" data-end=\"918\"><span class=\"relative -mx-px my-[-0.2rem] rounded px-px py-[0.2rem] transition-colors duration-100 ease-in-out\"><strong data-start=\"0\" data-end=\"15\" data-is-only-node=\"\">Talajig\u00e9ny:<\/strong> k\u00f6zepesen nedves, savany\u00fa\u2013semleges pH\u2011j\u00fa; j\u00f3l viseli a v\u00e1lyogos\u2013homokos, ak\u00e1r enyh\u00e9n pang\u00f3 vizet is<\/span><\/p>\n<\/li>\n<\/ul>\n<h5>A n\u00f6v\u00e9ny jelenlegi m\u00e9rete: 20\/30 cm magas 3 literes kont\u00e9nerben.<\/h5>\n<h5><strong>\ud83d\udd04 K\u00e9szletinform\u00e1ci\u00f3<\/strong><\/h5>\n<p><strong>K\u00e9szlet\u00fcnk napi szinten v\u00e1ltozik, \u00edgy a webshopban szerepl<\/strong><strong>\u0151<\/strong><strong> term\u00e9kek el\u00e9rhet<\/strong><strong>\u0151<\/strong><strong>s\u00e9ge nem garant\u00e1lt.<br \/>\n\ud83d\udcde A megrendel\u00e9s el<\/strong><strong>\u0151<\/strong><strong>tt k\u00e9rj\u00fck, \u00e9rdekl<\/strong><strong>\u0151<\/strong><strong>dj\u00f6n szem\u00e9lyesen, telefonon vagy e-mailben!<\/strong><\/p>\n<h5><strong>\u27a1\ufe0f Kapcsolat:<\/strong><\/h5>\n<ul>\n<li><strong>Weboldal: <\/strong><a href=\"https:\/\/tajkertesz.com\"><strong>tajkertesz.com<\/strong><\/a><\/li>\n<li><strong>Facebook: <\/strong><a href=\"https:\/\/www.facebook.com\/tajkertesz\/\"><strong>facebook.com\/tajkertesz<\/strong><\/a><\/li>\n<li><strong>Telefonsz\u00e1m, e-mail: +36\/20-319-3770 <\/strong><a href=\"mailto:tajkerteszaruda@gmail.com\"><strong>tajkerteszaruda@gmail.com<\/strong><\/a><\/li>\n<\/ul>\n<h5><strong>\ud83d\ude9a Sz\u00e1ll\u00edt\u00e1si inform\u00e1ci\u00f3k<\/strong><\/h5>\n<p><strong>A megrendelt n\u00f6v\u00e9nyek kisz\u00e1ll\u00edt\u00e1sa az al\u00e1bbi felt\u00e9telek mellett t\u00f6rt\u00e9nik:<\/strong><\/p>\n<h5><strong>\ud83d\udce6 Fut\u00e1rszolg\u00e1latos sz\u00e1ll\u00edt\u00e1s<\/strong><\/h5>\n<ul>\n<li><strong>Maxim\u00e1lis m\u00e9ret: 200 cm (hossz\u00fas\u00e1g)<\/strong><\/li>\n<li><strong>Maxim\u00e1lis s\u00faly: 40 kg<\/strong><\/li>\n<li><strong>Az enn\u00e9l kisebb \u00e9s k\u00f6nnyebb csomagokat fut\u00e1rszolg\u00e1lattal k\u00e9zbes\u00edtj\u00fck a lehet<\/strong><strong>\u0151<\/strong><strong> legbiztons\u00e1gosabb csomagol\u00e1sban.<\/strong><\/li>\n<\/ul>\n<h5><strong>\ud83d\udefb Szem\u00e9lyes \u00e1tv\u00e9tel<\/strong><\/h5>\n<ul>\n<li><strong>1173 Budapest, Bakancsos utca 7. sz\u00e1m alatt nyitvatart\u00e1si id<\/strong><strong>\u0151<\/strong><strong>ben szem\u00e9lyesen \u00e1tvehet<\/strong><strong>\u0151<\/strong><strong> kert\u00e9szeti \u00e1rud\u00e1nkban.<\/strong><\/li>\n<li><strong>K\u00f6lts\u00e9ghat\u00e9kony megold\u00e1s nagyobb, t\u00f6r\u00e9kenyebb vagy t\u00falm\u00e9retes n\u00f6v\u00e9nyek eset\u00e9n.<\/strong><\/li>\n<\/ul>\n<h5><strong>\ud83d\udcde Nagy m\u00e9ret<\/strong><strong>\u0171<\/strong><strong> vagy s\u00faly\u00fa n\u00f6v\u00e9nyek eset\u00e9n<\/strong><\/h5>\n<p><strong>Ha a term\u00e9k:<\/strong><\/p>\n<ul>\n<li><strong>meghaladja a 200 cm hossz\u00fas\u00e1got vagy<\/strong><\/li>\n<li><strong>meghaladja a 40 kg s\u00falyt,<\/strong><\/li>\n<\/ul>\n<p><strong>akkor szem\u00e9lyes \u00e1tv\u00e9tellel vagy egyedi, el<\/strong><strong>\u0151<\/strong><strong>re egyeztetett sz\u00e1ll\u00edt\u00e1si felt\u00e9telek mellett t\u00f6rt\u00e9nik.<br \/>\nK\u00e9rj\u00fck, ilyen esetben rendel\u00e9s el<\/strong><strong>\u0151<\/strong><strong>tt vegye fel vel\u00fcnk a kapcsolatot, hogy a lehet<\/strong><strong>\u0151<\/strong><strong> legmegfelel<\/strong><strong>\u0151<\/strong><strong>bb sz\u00e1ll\u00edt\u00e1si megold\u00e1st k\u00edn\u00e1lhassuk.<\/strong><\/p>\n<p><strong>\ud83d\udd14 Fontos: A n\u00f6v\u00e9nyeket minden esetben igyeksz\u00fcnk gondosan, egyes\u00e9vel csomagolni, azonban a sz\u00e1ll\u00edt\u00e1s sor\u00e1n kisebb eszt\u00e9tikai s\u00e9r\u00fcl\u00e9sek el<\/strong><strong>\u0151<\/strong><strong>fordulhatnak (pl. lev\u00e9lhull\u00e1s). Ez nem min<\/strong><strong>\u0151<\/strong><strong>s\u00fcl hib\u00e1s teljes\u00edt\u00e9snek.<\/strong><\/p>\n<h5><strong>\ud83d\udcf7 Fontos tudni a k\u00e9pekr<\/strong><strong>\u0151<\/strong><strong>l<\/strong><\/h5>\n<p><strong>A webshopban szerepl<\/strong><strong>\u0151<\/strong><strong> k\u00e9pek illusztr\u00e1ci\u00f3k, a n\u00f6v\u00e9nyek term\u00e9szet\u00fckn\u00e9l fogva egyediek, \u00edgy m\u00e9retben, alakban \u00e9s sz\u00ednben minim\u00e1lis elt\u00e9r\u00e9sek el<\/strong><strong>\u0151<\/strong><strong>fordulhatnak a k\u00e9pen l\u00e1that\u00f3 \u00e9s a val\u00f3s p\u00e9ld\u00e1nyok k\u00f6z\u00f6tt.<\/strong><\/p>\n<h5><strong>\ud83e\uddfe \u00c1rak \u00e9s el\u00e1ll\u00e1si jog<\/strong><\/h5>\n<ul>\n<li><strong>Az \u00e1rak egy darab\u00a0n\u00f6v\u00e9nyre vonatkoznak.<\/strong><\/li>\n<li><strong>\u00c9l<\/strong><strong>\u0151<\/strong><strong> n\u00f6v\u00e9nyek rendel\u00e9se eset\u00e9n a 14 napos el\u00e1ll\u00e1s joga nem \u00e9rv\u00e9nyes\u00edthet<\/strong><strong>\u0151<\/strong><strong>, mivel azok romland\u00f3, biol\u00f3giailag \u00e9l<\/strong><strong>\u0151<\/strong><strong> term\u00e9keknek min<\/strong><strong>\u0151<\/strong><strong>s\u00fclnek.<br \/>\n\ud83d\udd12 (17\/1999. (II. 5.) Korm. rendelet 5. \u00a7 c) pontja alapj\u00e1n)<\/strong><\/li>\n<\/ul>\n<h5><strong>\ud83d\udce6 K\u00e9zbes\u00edt\u00e9s ut\u00e1ni teend<\/strong><strong>\u0151<\/strong><strong>k<\/strong><\/h5>\n<p><strong>A k\u00e9zbes\u00edt\u00e9st k\u00f6vet<\/strong><strong>\u0151<\/strong><strong>en a csomagot azonnal bontsuk ki, \u00e9s a n\u00f6v\u00e9nyt helyezz\u00fck el megfelel<\/strong><strong>\u0151<\/strong><strong> k\u00f6rnyezetben.<br \/>\nFontos: ha a n\u00f6v\u00e9ny nem r\u00e9szes\u00fcl megfelel<\/strong><strong>\u0151<\/strong><strong> gondoz\u00e1sban \u00e9s ennek k\u00f6vetkezt\u00e9ben k\u00e1rosodik vagy elpusztul, felel<\/strong><strong>\u0151<\/strong><strong>ss\u00e9get nem tudunk v\u00e1llalni.<\/strong><\/p>\n","protected":false},"excerpt":{"rendered":"<p>Lass\u00fa n\u00f6veked\u00e9s\u0171, kompakt, k\u00fap alak\u00fa \u00f6r\u00f6kz\u00f6ld cserje, mely ez\u00fcstz\u00f6ld lombj\u00e1val d\u00edsz\u00edt, t\u00e9len pedig m\u00e9ly v\u00f6r\u00f6ses\u2013plum \u00e1rnyalatba v\u00e1lt.<\/p>\n<h5>A n\u00f6v\u00e9ny jelenlegi m\u00e9rete: 20\/30 cm magas 3 literes kont\u00e9nerben.<\/h5>","protected":false},"featured_media":23914,"template":"","meta":{"_et_pb_use_builder":"","_et_pb_old_content":"","_et_gb_content_width":""},"product_brand":[],"product_cat":[26],"product_tag":[6011,6007,6012,6014,6008,24,6009,6010,59,6013],"class_list":{"0":"post-23913","1":"product","2":"type-product","3":"status-publish","4":"has-post-thumbnail","6":"product_cat-orokzold-novenyek","7":"product_tag-conifer","8":"product_tag-hamisciprus","9":"product_tag-kup-forma","10":"product_tag-lassu-novekedes","11":"product_tag-mocsari-hamisciprus","12":"product_tag-orokzold","13":"product_tag-red-star","14":"product_tag-rubicon","15":"product_tag-szoliter","16":"product_tag-teli-szinezodes","18":"first","19":"instock","20":"shipping-taxable","21":"purchasable","22":"product-type-simple"},"yoast_head":"<!-- This site is optimized with the Yoast SEO plugin v27.4 - https:\/\/yoast.com\/product\/yoast-seo-wordpress\/ -->\n<title>Chamaecyparis thyoides \u2018Red Star\u2019 \u2013 Mocs\u00e1ri hamisciprus - T\u00e1jkert\u00e9sz<\/title>\n<meta name=\"description\" content=\"Chamaecyparis thyoides \u2018Red Star\u2019 \u2013 Mocs\u00e1ri hamisciprus egy kompakt, lassan n\u00f6v\u0151 \u00f6r\u00f6kz\u00f6ld hamisciprus, mely t\u00e9len v\u00f6r\u00f6ses-plum lombsz\u00edne van.\" \/>\n<meta name=\"robots\" content=\"index, follow, max-snippet:-1, max-image-preview:large, max-video-preview:-1\" \/>\n<link rel=\"canonical\" href=\"https:\/\/tajkertesz.com\/en_US\/product\/chamaecyparis-thyoides-red-star-mocsari-hamisciprus\/\" \/>\n<meta property=\"og:locale\" content=\"en_US\" \/>\n<meta property=\"og:type\" content=\"article\" \/>\n<meta property=\"og:title\" content=\"Chamaecyparis thyoides \u2018Red Star\u2019 \u2013 Mocs\u00e1ri hamisciprus - T\u00e1jkert\u00e9sz\" \/>\n<meta property=\"og:description\" content=\"Chamaecyparis thyoides \u2018Red Star\u2019 \u2013 Mocs\u00e1ri hamisciprus egy kompakt, lassan n\u00f6v\u0151 \u00f6r\u00f6kz\u00f6ld hamisciprus, mely t\u00e9len v\u00f6r\u00f6ses-plum lombsz\u00edne van.\" \/>\n<meta property=\"og:url\" content=\"https:\/\/tajkertesz.com\/en_US\/product\/chamaecyparis-thyoides-red-star-mocsari-hamisciprus\/\" \/>\n<meta property=\"og:site_name\" content=\"T\u00e1jkert\u00e9sz\" \/>\n<meta property=\"article:publisher\" content=\"https:\/\/www.facebook.com\/Tajkertesz\/\" \/>\n<meta property=\"article:modified_time\" content=\"2026-02-24T10:09:30+00:00\" \/>\n<meta property=\"og:image\" content=\"https:\/\/tajkertesz.com\/wp-content\/uploads\/2025\/07\/20250716_091505-scaled.jpg\" \/>\n\t<meta property=\"og:image:width\" content=\"1920\" \/>\n\t<meta property=\"og:image:height\" content=\"2560\" \/>\n\t<meta property=\"og:image:type\" content=\"image\/jpeg\" \/>\n<meta name=\"twitter:card\" content=\"summary_large_image\" \/>\n<meta name=\"twitter:label1\" content=\"Est. reading time\" \/>\n\t<meta name=\"twitter:data1\" content=\"3 minutes\" \/>\n<script type=\"application\/ld+json\" class=\"yoast-schema-graph\">{\"@context\":\"https:\\\/\\\/schema.org\",\"@graph\":[{\"@type\":\"WebPage\",\"@id\":\"https:\\\/\\\/tajkertesz.com\\\/termek\\\/chamaecyparis-thyoides-red-star-mocsari-hamisciprus\\\/\",\"url\":\"https:\\\/\\\/tajkertesz.com\\\/termek\\\/chamaecyparis-thyoides-red-star-mocsari-hamisciprus\\\/\",\"name\":\"Chamaecyparis thyoides \u2018Red Star\u2019 \u2013 Mocs\u00e1ri hamisciprus - T\u00e1jkert\u00e9sz\",\"isPartOf\":{\"@id\":\"https:\\\/\\\/tajkertesz.com\\\/#website\"},\"primaryImageOfPage\":{\"@id\":\"https:\\\/\\\/tajkertesz.com\\\/termek\\\/chamaecyparis-thyoides-red-star-mocsari-hamisciprus\\\/#primaryimage\"},\"image\":{\"@id\":\"https:\\\/\\\/tajkertesz.com\\\/termek\\\/chamaecyparis-thyoides-red-star-mocsari-hamisciprus\\\/#primaryimage\"},\"thumbnailUrl\":\"https:\\\/\\\/tajkertesz.com\\\/wp-content\\\/uploads\\\/2025\\\/07\\\/20250716_091505-scaled.jpg\",\"datePublished\":\"2025-07-16T09:41:55+00:00\",\"dateModified\":\"2026-02-24T10:09:30+00:00\",\"description\":\"Chamaecyparis thyoides \u2018Red Star\u2019 \u2013 Mocs\u00e1ri hamisciprus egy kompakt, lassan n\u00f6v\u0151 \u00f6r\u00f6kz\u00f6ld hamisciprus, mely t\u00e9len v\u00f6r\u00f6ses-plum lombsz\u00edne van.\",\"breadcrumb\":{\"@id\":\"https:\\\/\\\/tajkertesz.com\\\/termek\\\/chamaecyparis-thyoides-red-star-mocsari-hamisciprus\\\/#breadcrumb\"},\"inLanguage\":\"en-US\",\"potentialAction\":[{\"@type\":\"ReadAction\",\"target\":[\"https:\\\/\\\/tajkertesz.com\\\/termek\\\/chamaecyparis-thyoides-red-star-mocsari-hamisciprus\\\/\"]}]},{\"@type\":\"ImageObject\",\"inLanguage\":\"en-US\",\"@id\":\"https:\\\/\\\/tajkertesz.com\\\/termek\\\/chamaecyparis-thyoides-red-star-mocsari-hamisciprus\\\/#primaryimage\",\"url\":\"https:\\\/\\\/tajkertesz.com\\\/wp-content\\\/uploads\\\/2025\\\/07\\\/20250716_091505-scaled.jpg\",\"contentUrl\":\"https:\\\/\\\/tajkertesz.com\\\/wp-content\\\/uploads\\\/2025\\\/07\\\/20250716_091505-scaled.jpg\",\"width\":1920,\"height\":2560,\"caption\":\"Chamaecyparis thyoides \u2018Red Star\u2019 \u2013 Mocs\u00e1ri hamisciprus\"},{\"@type\":\"BreadcrumbList\",\"@id\":\"https:\\\/\\\/tajkertesz.com\\\/termek\\\/chamaecyparis-thyoides-red-star-mocsari-hamisciprus\\\/#breadcrumb\",\"itemListElement\":[{\"@type\":\"ListItem\",\"position\":1,\"name\":\"Home\",\"item\":\"https:\\\/\\\/tajkertesz.com\\\/\"},{\"@type\":\"ListItem\",\"position\":2,\"name\":\"Kezd\u0151lap\",\"item\":\"https:\\\/\\\/tajkertesz.com\\\/\"},{\"@type\":\"ListItem\",\"position\":3,\"name\":\"Chamaecyparis thyoides \u2018Red Star\u2019 \u2013 Mocs\u00e1ri hamisciprus\"}]},{\"@type\":\"WebSite\",\"@id\":\"https:\\\/\\\/tajkertesz.com\\\/#website\",\"url\":\"https:\\\/\\\/tajkertesz.com\\\/\",\"name\":\"T\u00e1j-Kert\u00e9sz 84 Kft.\",\"description\":\"Kert\u00e9szeti kis- \u00e9s nagykeresked\u00e9s, D\u00edszn\u00f6v\u00e9ny web\u00e1ruh\u00e1z orsz\u00e1gos h\u00e1zhozsz\u00e1ll\u00edt\u00e1ssal!\",\"publisher\":{\"@id\":\"https:\\\/\\\/tajkertesz.com\\\/#organization\"},\"potentialAction\":[{\"@type\":\"SearchAction\",\"target\":{\"@type\":\"EntryPoint\",\"urlTemplate\":\"https:\\\/\\\/tajkertesz.com\\\/?s={search_term_string}\"},\"query-input\":{\"@type\":\"PropertyValueSpecification\",\"valueRequired\":true,\"valueName\":\"search_term_string\"}}],\"inLanguage\":\"en-US\"},{\"@type\":\"Organization\",\"@id\":\"https:\\\/\\\/tajkertesz.com\\\/#organization\",\"name\":\"T\u00e1j-Kert\u00e9sz 84 Kft.\",\"url\":\"https:\\\/\\\/tajkertesz.com\\\/\",\"logo\":{\"@type\":\"ImageObject\",\"inLanguage\":\"en-US\",\"@id\":\"https:\\\/\\\/tajkertesz.com\\\/#\\\/schema\\\/logo\\\/image\\\/\",\"url\":\"https:\\\/\\\/tajkertesz.com\\\/wp-content\\\/uploads\\\/2018\\\/02\\\/logo-2-e1518678052539.png\",\"contentUrl\":\"https:\\\/\\\/tajkertesz.com\\\/wp-content\\\/uploads\\\/2018\\\/02\\\/logo-2-e1518678052539.png\",\"width\":81,\"height\":140,\"caption\":\"T\u00e1j-Kert\u00e9sz 84 Kft.\"},\"image\":{\"@id\":\"https:\\\/\\\/tajkertesz.com\\\/#\\\/schema\\\/logo\\\/image\\\/\"},\"sameAs\":[\"https:\\\/\\\/www.facebook.com\\\/Tajkertesz\\\/\"]}]}<\/script>\n<!-- \/ Yoast SEO plugin. -->","yoast_head_json":{"title":"Chamaecyparis thyoides \u2018Red Star\u2019 \u2013 Mocs\u00e1ri hamisciprus - T\u00e1jkert\u00e9sz","description":"Chamaecyparis thyoides \u2018Red Star\u2019 \u2013 Mocs\u00e1ri hamisciprus egy kompakt, lassan n\u00f6v\u0151 \u00f6r\u00f6kz\u00f6ld hamisciprus, mely t\u00e9len v\u00f6r\u00f6ses-plum lombsz\u00edne van.","robots":{"index":"index","follow":"follow","max-snippet":"max-snippet:-1","max-image-preview":"max-image-preview:large","max-video-preview":"max-video-preview:-1"},"canonical":"https:\/\/tajkertesz.com\/en_US\/product\/chamaecyparis-thyoides-red-star-mocsari-hamisciprus\/","og_locale":"en_US","og_type":"article","og_title":"Chamaecyparis thyoides \u2018Red Star\u2019 \u2013 Mocs\u00e1ri hamisciprus - T\u00e1jkert\u00e9sz","og_description":"Chamaecyparis thyoides \u2018Red Star\u2019 \u2013 Mocs\u00e1ri hamisciprus egy kompakt, lassan n\u00f6v\u0151 \u00f6r\u00f6kz\u00f6ld hamisciprus, mely t\u00e9len v\u00f6r\u00f6ses-plum lombsz\u00edne van.","og_url":"https:\/\/tajkertesz.com\/en_US\/product\/chamaecyparis-thyoides-red-star-mocsari-hamisciprus\/","og_site_name":"T\u00e1jkert\u00e9sz","article_publisher":"https:\/\/www.facebook.com\/Tajkertesz\/","article_modified_time":"2026-02-24T10:09:30+00:00","og_image":[{"width":1920,"height":2560,"url":"https:\/\/tajkertesz.com\/wp-content\/uploads\/2025\/07\/20250716_091505-scaled.jpg","type":"image\/jpeg"}],"twitter_card":"summary_large_image","twitter_misc":{"Est. reading time":"3 minutes"},"schema":{"@context":"https:\/\/schema.org","@graph":[{"@type":"WebPage","@id":"https:\/\/tajkertesz.com\/termek\/chamaecyparis-thyoides-red-star-mocsari-hamisciprus\/","url":"https:\/\/tajkertesz.com\/termek\/chamaecyparis-thyoides-red-star-mocsari-hamisciprus\/","name":"Chamaecyparis thyoides \u2018Red Star\u2019 \u2013 Mocs\u00e1ri hamisciprus - T\u00e1jkert\u00e9sz","isPartOf":{"@id":"https:\/\/tajkertesz.com\/#website"},"primaryImageOfPage":{"@id":"https:\/\/tajkertesz.com\/termek\/chamaecyparis-thyoides-red-star-mocsari-hamisciprus\/#primaryimage"},"image":{"@id":"https:\/\/tajkertesz.com\/termek\/chamaecyparis-thyoides-red-star-mocsari-hamisciprus\/#primaryimage"},"thumbnailUrl":"https:\/\/tajkertesz.com\/wp-content\/uploads\/2025\/07\/20250716_091505-scaled.jpg","datePublished":"2025-07-16T09:41:55+00:00","dateModified":"2026-02-24T10:09:30+00:00","description":"Chamaecyparis thyoides \u2018Red Star\u2019 \u2013 Mocs\u00e1ri hamisciprus egy kompakt, lassan n\u00f6v\u0151 \u00f6r\u00f6kz\u00f6ld hamisciprus, mely t\u00e9len v\u00f6r\u00f6ses-plum lombsz\u00edne van.","breadcrumb":{"@id":"https:\/\/tajkertesz.com\/termek\/chamaecyparis-thyoides-red-star-mocsari-hamisciprus\/#breadcrumb"},"inLanguage":"en-US","potentialAction":[{"@type":"ReadAction","target":["https:\/\/tajkertesz.com\/termek\/chamaecyparis-thyoides-red-star-mocsari-hamisciprus\/"]}]},{"@type":"ImageObject","inLanguage":"en-US","@id":"https:\/\/tajkertesz.com\/termek\/chamaecyparis-thyoides-red-star-mocsari-hamisciprus\/#primaryimage","url":"https:\/\/tajkertesz.com\/wp-content\/uploads\/2025\/07\/20250716_091505-scaled.jpg","contentUrl":"https:\/\/tajkertesz.com\/wp-content\/uploads\/2025\/07\/20250716_091505-scaled.jpg","width":1920,"height":2560,"caption":"Chamaecyparis thyoides \u2018Red Star\u2019 \u2013 Mocs\u00e1ri hamisciprus"},{"@type":"BreadcrumbList","@id":"https:\/\/tajkertesz.com\/termek\/chamaecyparis-thyoides-red-star-mocsari-hamisciprus\/#breadcrumb","itemListElement":[{"@type":"ListItem","position":1,"name":"Home","item":"https:\/\/tajkertesz.com\/"},{"@type":"ListItem","position":2,"name":"Kezd\u0151lap","item":"https:\/\/tajkertesz.com\/"},{"@type":"ListItem","position":3,"name":"Chamaecyparis thyoides \u2018Red Star\u2019 \u2013 Mocs\u00e1ri hamisciprus"}]},{"@type":"WebSite","@id":"https:\/\/tajkertesz.com\/#website","url":"https:\/\/tajkertesz.com\/","name":"T\u00e1j-Kert\u00e9sz 84 Kft.","description":"Kert\u00e9szeti kis- \u00e9s nagykeresked\u00e9s, D\u00edszn\u00f6v\u00e9ny web\u00e1ruh\u00e1z orsz\u00e1gos h\u00e1zhozsz\u00e1ll\u00edt\u00e1ssal!","publisher":{"@id":"https:\/\/tajkertesz.com\/#organization"},"potentialAction":[{"@type":"SearchAction","target":{"@type":"EntryPoint","urlTemplate":"https:\/\/tajkertesz.com\/?s={search_term_string}"},"query-input":{"@type":"PropertyValueSpecification","valueRequired":true,"valueName":"search_term_string"}}],"inLanguage":"en-US"},{"@type":"Organization","@id":"https:\/\/tajkertesz.com\/#organization","name":"T\u00e1j-Kert\u00e9sz 84 Kft.","url":"https:\/\/tajkertesz.com\/","logo":{"@type":"ImageObject","inLanguage":"en-US","@id":"https:\/\/tajkertesz.com\/#\/schema\/logo\/image\/","url":"https:\/\/tajkertesz.com\/wp-content\/uploads\/2018\/02\/logo-2-e1518678052539.png","contentUrl":"https:\/\/tajkertesz.com\/wp-content\/uploads\/2018\/02\/logo-2-e1518678052539.png","width":81,"height":140,"caption":"T\u00e1j-Kert\u00e9sz 84 Kft."},"image":{"@id":"https:\/\/tajkertesz.com\/#\/schema\/logo\/image\/"},"sameAs":["https:\/\/www.facebook.com\/Tajkertesz\/"]}]}},"_links":{"self":[{"href":"https:\/\/tajkertesz.com\/en_US\/wp-json\/wp\/v2\/product\/23913","targetHints":{"allow":["GET"]}}],"collection":[{"href":"https:\/\/tajkertesz.com\/en_US\/wp-json\/wp\/v2\/product"}],"about":[{"href":"https:\/\/tajkertesz.com\/en_US\/wp-json\/wp\/v2\/types\/product"}],"wp:featuredmedia":[{"embeddable":true,"href":"https:\/\/tajkertesz.com\/en_US\/wp-json\/wp\/v2\/media\/23914"}],"wp:attachment":[{"href":"https:\/\/tajkertesz.com\/en_US\/wp-json\/wp\/v2\/media?parent=23913"}],"wp:term":[{"taxonomy":"product_brand","embeddable":true,"href":"https:\/\/tajkertesz.com\/en_US\/wp-json\/wp\/v2\/product_brand?post=23913"},{"taxonomy":"product_cat","embeddable":true,"href":"https:\/\/tajkertesz.com\/en_US\/wp-json\/wp\/v2\/product_cat?post=23913"},{"taxonomy":"product_tag","embeddable":true,"href":"https:\/\/tajkertesz.com\/en_US\/wp-json\/wp\/v2\/product_tag?post=23913"}],"curies":[{"name":"wp","href":"https:\/\/api.w.org\/{rel}","templated":true}]}}