{"id":23916,"date":"2025-07-16T11:56:55","date_gmt":"2025-07-16T11:56:55","guid":{"rendered":"https:\/\/tajkertesz.com\/?post_type=product&#038;p=23916"},"modified":"2025-07-16T11:56:59","modified_gmt":"2025-07-16T11:56:59","slug":"thuja-plicata-4ever-oszlopos-aranytuja","status":"publish","type":"product","link":"https:\/\/tajkertesz.com\/en_US\/product\/thuja-plicata-4ever-oszlopos-aranytuja\/","title":{"rendered":"Thuja plicata \u20184Ever\u2019 \u2013 Oszlopos aranytuja"},"content":{"rendered":"<h1>Thuja plicata \u20184Ever\u2019 \u2013 Oszlopos aranytuja<\/h1>\n<p data-start=\"259\" data-end=\"335\"><span class=\"relative -mx-px my-[-0.2rem] rounded px-px py-[0.2rem] transition-colors duration-100 ease-in-out\">A <strong data-start=\"2\" data-end=\"27\">Thuja plicata \u20184Ever\u2019<\/strong>, m\u00e1s n\u00e9ven <strong data-start=\"39\" data-end=\"56\">Forever Goldy<\/strong>, a western redcedar (nyugati tuja) egyik k\u00fcl\u00f6nlegesen dekorat\u00edv v\u00e1ltozata. Rendk\u00edv\u00fcl figyelemfelkelt\u0151 az aranys\u00e1rga lombsz\u00edn\u00e9vel, amely nemcsak ny\u00e1r k\u00f6zep\u00e9n, hanem \u0151sszel \u00e9s t\u00e9len is \u00e9l\u00e9nken ragyog. A h\u0151m\u00e9rs\u00e9klet cs\u00f6kken\u00e9s\u00e9vel \u2013 k\u00fcl\u00f6n\u00f6sen 5\u202f\u00b0C alatt \u2013 a levelek meleg bronzos \u00e1rnyalatot \u00f6ltenek, ami eg\u00e9sz t\u00e9len megmarad.<\/span><\/p>\n<p data-start=\"337\" data-end=\"356\"><strong data-start=\"337\" data-end=\"356\">F\u0151bb jellemz\u0151k:<\/strong><\/p>\n<ul data-start=\"357\" data-end=\"1016\">\n<li data-start=\"357\" data-end=\"436\">\n<p data-start=\"359\" data-end=\"436\"><span class=\"relative -mx-px my-[-0.2rem] rounded px-px py-[0.2rem] transition-colors duration-100 ease-in-out\"><strong data-start=\"0\" data-end=\"10\" data-is-only-node=\"\">M\u00e9ret:<\/strong> 3\u20135\u202fm magasra n\u0151, kb. 2\u202fm sz\u00e9les<\/span><\/p>\n<\/li>\n<li data-start=\"437\" data-end=\"516\">\n<p data-start=\"439\" data-end=\"516\"><span class=\"relative -mx-px my-[-0.2rem] rounded px-px py-[0.2rem] transition-colors duration-100 ease-in-out\"><strong data-start=\"0\" data-end=\"10\" data-is-only-node=\"\">Forma:<\/strong> szab\u00e1lyos k\u00fap vagy oszlopos habitus<\/span><\/p>\n<\/li>\n<li data-start=\"517\" data-end=\"598\">\n<p data-start=\"519\" data-end=\"598\"><span class=\"relative -mx-px my-[-0.2rem] rounded px-px py-[0.2rem] transition-colors duration-100 ease-in-out\"><strong data-start=\"0\" data-end=\"13\" data-is-only-node=\"\">Lombsz\u00edn:<\/strong> ny\u00e1ron aranys\u00e1rga, t\u00e9len bronzos-narancs \u00e1rnyalatokkal<\/span><\/p>\n<\/li>\n<li data-start=\"599\" data-end=\"682\">\n<p data-start=\"601\" data-end=\"682\"><span class=\"relative -mx-px my-[-0.2rem] rounded px-px py-[0.2rem] transition-colors duration-100 ease-in-out\"><strong data-start=\"0\" data-end=\"20\" data-is-only-node=\"\">N\u00f6veked\u00e9si \u00fctem:<\/strong> lass\u00fa, kb. \u00e9vi 20\u202fcm<\/span><\/p>\n<\/li>\n<li data-start=\"683\" data-end=\"766\">\n<p data-start=\"685\" data-end=\"766\"><span class=\"relative -mx-px my-[-0.2rem] rounded px-px py-[0.2rem] transition-colors duration-100 ease-in-out\"><strong data-start=\"0\" data-end=\"15\" data-is-only-node=\"\">T\u00e9l\u00e1ll\u00f3s\u00e1g:<\/strong> USDA z\u00f3na 5\u20138 (~\u201329\u202f\u00b0C), haz\u00e1nkban j\u00f3l t\u00e9l\u00e1ll\u00f3<\/span><\/p>\n<\/li>\n<li data-start=\"767\" data-end=\"850\">\n<p data-start=\"769\" data-end=\"850\"><span class=\"relative -mx-px my-[-0.2rem] rounded px-px py-[0.2rem] transition-colors duration-100 ease-in-out\"><strong data-start=\"0\" data-end=\"23\" data-is-only-node=\"\">Talajig\u00e9ny \u00e9s f\u00e9ny:<\/strong> napos, sz\u00e9lv\u00e9dett hely, j\u00f3 v\u00edzelvezet\u00e9s\u0171 talaj<\/span><\/p>\n<\/li>\n<li data-start=\"851\" data-end=\"934\">\n<p data-start=\"853\" data-end=\"934\"><span class=\"relative -mx-px my-[-0.2rem] rounded px-px py-[0.2rem] transition-colors duration-100 ease-in-out\"><strong data-start=\"0\" data-end=\"13\" data-is-only-node=\"\">Gondoz\u00e1s:<\/strong> alacsony ig\u00e9ny\u0171, metsz\u00e9st nem, de form\u00e1ra igaz\u00edthat\u00f3<\/span><\/p>\n<\/li>\n<li data-start=\"935\" data-end=\"1016\">\n<p data-start=\"937\" data-end=\"1016\"><span class=\"relative -mx-px my-[-0.2rem] rounded px-px py-[0.2rem] transition-colors duration-100 ease-in-out\"><strong data-start=\"0\" data-end=\"17\" data-is-only-node=\"\">Felhaszn\u00e1l\u00e1s:<\/strong> szoliterk\u00e9nt, s\u00f6v\u00e9nyk\u00e9nt, vid\u00e1m, dekorat\u00edv hangs\u00falyk\u00e9nt a kertben<\/span><\/p>\n<\/li>\n<\/ul>\n<p>&nbsp;<\/p>\n<h5><strong>\ud83d\udd04 K\u00e9szletinform\u00e1ci\u00f3<\/strong><\/h5>\n<p><strong>K\u00e9szlet\u00fcnk napi szinten v\u00e1ltozik, \u00edgy a webshopban szerepl<\/strong><strong>\u0151<\/strong><strong> term\u00e9kek el\u00e9rhet<\/strong><strong>\u0151<\/strong><strong>s\u00e9ge nem garant\u00e1lt.<br \/>\n\ud83d\udcde A megrendel\u00e9s el<\/strong><strong>\u0151<\/strong><strong>tt k\u00e9rj\u00fck, \u00e9rdekl<\/strong><strong>\u0151<\/strong><strong>dj\u00f6n szem\u00e9lyesen, telefonon vagy e-mailben!<\/strong><\/p>\n<h5><strong>\u27a1\ufe0f Kapcsolat:<\/strong><\/h5>\n<ul>\n<li><strong>Weboldal: <\/strong><a href=\"https:\/\/tajkertesz.com\"><strong>tajkertesz.com<\/strong><\/a><\/li>\n<li><strong>Facebook: <\/strong><a href=\"https:\/\/www.facebook.com\/tajkertesz\/\"><strong>facebook.com\/tajkertesz<\/strong><\/a><\/li>\n<li><strong>Telefonsz\u00e1m, e-mail: +36\/20-319-3770 <\/strong><a href=\"mailto:tajkerteszaruda@gmail.com\"><strong>tajkerteszaruda@gmail.com<\/strong><\/a><\/li>\n<\/ul>\n<h5><strong>\ud83d\ude9a Sz\u00e1ll\u00edt\u00e1si inform\u00e1ci\u00f3k<\/strong><\/h5>\n<p><strong>A megrendelt n\u00f6v\u00e9nyek kisz\u00e1ll\u00edt\u00e1sa az al\u00e1bbi felt\u00e9telek mellett t\u00f6rt\u00e9nik:<\/strong><\/p>\n<h5><strong>\ud83d\udce6 Fut\u00e1rszolg\u00e1latos sz\u00e1ll\u00edt\u00e1s<\/strong><\/h5>\n<ul>\n<li><strong>Maxim\u00e1lis m\u00e9ret: 200 cm (hossz\u00fas\u00e1g)<\/strong><\/li>\n<li><strong>Maxim\u00e1lis s\u00faly: 40 kg<\/strong><\/li>\n<li><strong>Az enn\u00e9l kisebb \u00e9s k\u00f6nnyebb csomagokat fut\u00e1rszolg\u00e1lattal k\u00e9zbes\u00edtj\u00fck a lehet<\/strong><strong>\u0151<\/strong><strong> legbiztons\u00e1gosabb csomagol\u00e1sban.<\/strong><\/li>\n<\/ul>\n<h5><strong>\ud83d\udefb Szem\u00e9lyes \u00e1tv\u00e9tel<\/strong><\/h5>\n<ul>\n<li><strong>1173 Budapest, Bakancsos utca 7. sz\u00e1m alatt nyitvatart\u00e1si id<\/strong><strong>\u0151<\/strong><strong>ben szem\u00e9lyesen \u00e1tvehet<\/strong><strong>\u0151<\/strong><strong> kert\u00e9szeti \u00e1rud\u00e1nkban.<\/strong><\/li>\n<li><strong>K\u00f6lts\u00e9ghat\u00e9kony megold\u00e1s nagyobb, t\u00f6r\u00e9kenyebb vagy t\u00falm\u00e9retes n\u00f6v\u00e9nyek eset\u00e9n.<\/strong><\/li>\n<\/ul>\n<h5><strong>\ud83d\udcde Nagy m\u00e9ret<\/strong><strong>\u0171<\/strong><strong> vagy s\u00faly\u00fa n\u00f6v\u00e9nyek eset\u00e9n<\/strong><\/h5>\n<p><strong>Ha a term\u00e9k:<\/strong><\/p>\n<ul>\n<li><strong>meghaladja a 200 cm hossz\u00fas\u00e1got vagy<\/strong><\/li>\n<li><strong>meghaladja a 40 kg s\u00falyt,<\/strong><\/li>\n<\/ul>\n<p><strong>akkor szem\u00e9lyes \u00e1tv\u00e9tellel vagy egyedi, el<\/strong><strong>\u0151<\/strong><strong>re egyeztetett sz\u00e1ll\u00edt\u00e1si felt\u00e9telek mellett t\u00f6rt\u00e9nik.<br \/>\nK\u00e9rj\u00fck, ilyen esetben rendel\u00e9s el<\/strong><strong>\u0151<\/strong><strong>tt vegye fel vel\u00fcnk a kapcsolatot, hogy a lehet<\/strong><strong>\u0151<\/strong><strong> legmegfelel<\/strong><strong>\u0151<\/strong><strong>bb sz\u00e1ll\u00edt\u00e1si megold\u00e1st k\u00edn\u00e1lhassuk.<\/strong><\/p>\n<p><strong>\ud83d\udd14 Fontos: A n\u00f6v\u00e9nyeket minden esetben igyeksz\u00fcnk gondosan, egyes\u00e9vel csomagolni, azonban a sz\u00e1ll\u00edt\u00e1s sor\u00e1n kisebb eszt\u00e9tikai s\u00e9r\u00fcl\u00e9sek el<\/strong><strong>\u0151<\/strong><strong>fordulhatnak (pl. lev\u00e9lhull\u00e1s). Ez nem min<\/strong><strong>\u0151<\/strong><strong>s\u00fcl hib\u00e1s teljes\u00edt\u00e9snek.<\/strong><\/p>\n<h5><strong>\ud83d\udcf7 Fontos tudni a k\u00e9pekr<\/strong><strong>\u0151<\/strong><strong>l<\/strong><\/h5>\n<p><strong>A webshopban szerepl<\/strong><strong>\u0151<\/strong><strong> k\u00e9pek illusztr\u00e1ci\u00f3k, a n\u00f6v\u00e9nyek term\u00e9szet\u00fckn\u00e9l fogva egyediek, \u00edgy m\u00e9retben, alakban \u00e9s sz\u00ednben minim\u00e1lis elt\u00e9r\u00e9sek el<\/strong><strong>\u0151<\/strong><strong>fordulhatnak a k\u00e9pen l\u00e1that\u00f3 \u00e9s a val\u00f3s p\u00e9ld\u00e1nyok k\u00f6z\u00f6tt.<\/strong><\/p>\n<h5><strong>\ud83e\uddfe \u00c1rak \u00e9s el\u00e1ll\u00e1si jog<\/strong><\/h5>\n<ul>\n<li><strong>Az \u00e1rak egy darab\u00a0n\u00f6v\u00e9nyre vonatkoznak.<\/strong><\/li>\n<li><strong>\u00c9l<\/strong><strong>\u0151<\/strong><strong> n\u00f6v\u00e9nyek rendel\u00e9se eset\u00e9n a 14 napos el\u00e1ll\u00e1s joga nem \u00e9rv\u00e9nyes\u00edthet<\/strong><strong>\u0151<\/strong><strong>, mivel azok romland\u00f3, biol\u00f3giailag \u00e9l<\/strong><strong>\u0151<\/strong><strong> term\u00e9keknek min<\/strong><strong>\u0151<\/strong><strong>s\u00fclnek.<br \/>\n\ud83d\udd12 (17\/1999. (II. 5.) Korm. rendelet 5. \u00a7 c) pontja alapj\u00e1n)<\/strong><\/li>\n<\/ul>\n<h5><strong>\ud83d\udce6 K\u00e9zbes\u00edt\u00e9s ut\u00e1ni teend<\/strong><strong>\u0151<\/strong><strong>k<\/strong><\/h5>\n<p><strong>A k\u00e9zbes\u00edt\u00e9st k\u00f6vet<\/strong><strong>\u0151<\/strong><strong>en a csomagot azonnal bontsuk ki, \u00e9s a n\u00f6v\u00e9nyt helyezz\u00fck el megfelel<\/strong><strong>\u0151<\/strong><strong> k\u00f6rnyezetben.<br \/>\nFontos: ha a n\u00f6v\u00e9ny nem r\u00e9szes\u00fcl megfelel<\/strong><strong>\u0151<\/strong><strong> gondoz\u00e1sban \u00e9s ennek k\u00f6vetkezt\u00e9ben k\u00e1rosodik vagy elpusztul, felel<\/strong><strong>\u0151<\/strong><strong>ss\u00e9get nem tudunk v\u00e1llalni.<\/strong><\/p>\n<p><strong>\u00a0<\/strong><\/p>\n<p><strong>\u00a0<\/strong><\/p>\n<p><strong>\u00a0<\/strong><\/p>\n","protected":false},"excerpt":{"rendered":"<p data-start=\"194\" data-end=\"231\"><span class=\"relative -mx-px my-[-0.2rem] rounded px-px py-[0.2rem] transition-colors duration-100 ease-in-out\">Eg\u00e9sz \u00e9vben aranys\u00e1rga lombsz\u00edn, k\u00fapos, karcs\u00fa forma. Ide\u00e1lis szoliter\u00e9nek, s\u00f6v\u00e9nynek vagy \u00e9kess\u00e9gnek a kertbe.<\/span><\/p>\n<p data-start=\"194\" data-end=\"231\">A n\u00f6v\u00e9ny jelenlegi m\u00e9rete: 40\/50 cm magas, 3 literes kont\u00e9nerben.<\/p>\n","protected":false},"featured_media":23918,"template":"","meta":{"_et_pb_use_builder":"","_et_pb_old_content":"","_et_gb_content_width":""},"product_brand":[],"product_cat":[26],"product_tag":[6018,6021,6016,6019,24,6015,528,59,6020,6017],"class_list":{"0":"post-23916","1":"product","2":"type-product","3":"status-publish","4":"has-post-thumbnail","6":"product_cat-orokzold-novenyek","7":"product_tag-4ever-goldy","8":"product_tag-arany-lomb","9":"product_tag-aranytuja","10":"product_tag-forever-goldy","11":"product_tag-orokzold","12":"product_tag-oszlopos-tuja","13":"product_tag-soveny","14":"product_tag-szoliter","15":"product_tag-teli-szin","16":"product_tag-thuja-plicata","18":"first","19":"instock","20":"shipping-taxable","21":"purchasable","22":"product-type-simple"},"yoast_head":"<!-- This site is optimized with the Yoast SEO plugin v27.3 - https:\/\/yoast.com\/product\/yoast-seo-wordpress\/ -->\n<title>Thuja plicata \u20184Ever\u2019 \u2013 Oszlopos aranytuja - T\u00e1jkert\u00e9sz<\/title>\n<meta name=\"description\" content=\"Thuja plicata \u20184Ever\u2019 \u2013 Oszlopos aranytuja egy eg\u00e9sz \u00e9vben arany lombsz\u00edn\u0171, karcs\u00fa oszlopos tuja, mely t\u00e9len bronzos \u00e1rnyalatba v\u00e1lt.\" \/>\n<meta name=\"robots\" content=\"index, follow, max-snippet:-1, max-image-preview:large, max-video-preview:-1\" \/>\n<link rel=\"canonical\" href=\"https:\/\/tajkertesz.com\/en_US\/product\/thuja-plicata-4ever-oszlopos-aranytuja\/\" \/>\n<meta property=\"og:locale\" content=\"en_US\" \/>\n<meta property=\"og:type\" content=\"article\" \/>\n<meta property=\"og:title\" content=\"Thuja plicata \u20184Ever\u2019 \u2013 Oszlopos aranytuja - T\u00e1jkert\u00e9sz\" \/>\n<meta property=\"og:description\" content=\"Thuja plicata \u20184Ever\u2019 \u2013 Oszlopos aranytuja egy eg\u00e9sz \u00e9vben arany lombsz\u00edn\u0171, karcs\u00fa oszlopos tuja, mely t\u00e9len bronzos \u00e1rnyalatba v\u00e1lt.\" \/>\n<meta property=\"og:url\" content=\"https:\/\/tajkertesz.com\/en_US\/product\/thuja-plicata-4ever-oszlopos-aranytuja\/\" \/>\n<meta property=\"og:site_name\" content=\"T\u00e1jkert\u00e9sz\" \/>\n<meta property=\"article:publisher\" content=\"https:\/\/www.facebook.com\/Tajkertesz\/\" \/>\n<meta property=\"article:modified_time\" content=\"2025-07-16T11:56:59+00:00\" \/>\n<meta property=\"og:image\" content=\"https:\/\/tajkertesz.com\/wp-content\/uploads\/2025\/07\/20250716_091926-scaled.jpg\" \/>\n\t<meta property=\"og:image:width\" content=\"1534\" \/>\n\t<meta property=\"og:image:height\" content=\"2560\" \/>\n\t<meta property=\"og:image:type\" content=\"image\/jpeg\" \/>\n<meta name=\"twitter:card\" content=\"summary_large_image\" \/>\n<meta name=\"twitter:label1\" content=\"Est. reading time\" \/>\n\t<meta name=\"twitter:data1\" content=\"3 minutes\" \/>\n<script type=\"application\/ld+json\" class=\"yoast-schema-graph\">{\"@context\":\"https:\\\/\\\/schema.org\",\"@graph\":[{\"@type\":\"WebPage\",\"@id\":\"https:\\\/\\\/tajkertesz.com\\\/termek\\\/thuja-plicata-4ever-oszlopos-aranytuja\\\/\",\"url\":\"https:\\\/\\\/tajkertesz.com\\\/termek\\\/thuja-plicata-4ever-oszlopos-aranytuja\\\/\",\"name\":\"Thuja plicata \u20184Ever\u2019 \u2013 Oszlopos aranytuja - T\u00e1jkert\u00e9sz\",\"isPartOf\":{\"@id\":\"https:\\\/\\\/tajkertesz.com\\\/#website\"},\"primaryImageOfPage\":{\"@id\":\"https:\\\/\\\/tajkertesz.com\\\/termek\\\/thuja-plicata-4ever-oszlopos-aranytuja\\\/#primaryimage\"},\"image\":{\"@id\":\"https:\\\/\\\/tajkertesz.com\\\/termek\\\/thuja-plicata-4ever-oszlopos-aranytuja\\\/#primaryimage\"},\"thumbnailUrl\":\"https:\\\/\\\/tajkertesz.com\\\/wp-content\\\/uploads\\\/2025\\\/07\\\/20250716_091926-scaled.jpg\",\"datePublished\":\"2025-07-16T11:56:55+00:00\",\"dateModified\":\"2025-07-16T11:56:59+00:00\",\"description\":\"Thuja plicata \u20184Ever\u2019 \u2013 Oszlopos aranytuja egy eg\u00e9sz \u00e9vben arany lombsz\u00edn\u0171, karcs\u00fa oszlopos tuja, mely t\u00e9len bronzos \u00e1rnyalatba v\u00e1lt.\",\"breadcrumb\":{\"@id\":\"https:\\\/\\\/tajkertesz.com\\\/termek\\\/thuja-plicata-4ever-oszlopos-aranytuja\\\/#breadcrumb\"},\"inLanguage\":\"en-US\",\"potentialAction\":[{\"@type\":\"ReadAction\",\"target\":[\"https:\\\/\\\/tajkertesz.com\\\/termek\\\/thuja-plicata-4ever-oszlopos-aranytuja\\\/\"]}]},{\"@type\":\"ImageObject\",\"inLanguage\":\"en-US\",\"@id\":\"https:\\\/\\\/tajkertesz.com\\\/termek\\\/thuja-plicata-4ever-oszlopos-aranytuja\\\/#primaryimage\",\"url\":\"https:\\\/\\\/tajkertesz.com\\\/wp-content\\\/uploads\\\/2025\\\/07\\\/20250716_091926-scaled.jpg\",\"contentUrl\":\"https:\\\/\\\/tajkertesz.com\\\/wp-content\\\/uploads\\\/2025\\\/07\\\/20250716_091926-scaled.jpg\",\"width\":1534,\"height\":2560,\"caption\":\"Thuja plicata \u20184Ever\u2019 \u2013 Oszlopos aranytuja\"},{\"@type\":\"BreadcrumbList\",\"@id\":\"https:\\\/\\\/tajkertesz.com\\\/termek\\\/thuja-plicata-4ever-oszlopos-aranytuja\\\/#breadcrumb\",\"itemListElement\":[{\"@type\":\"ListItem\",\"position\":1,\"name\":\"Home\",\"item\":\"https:\\\/\\\/tajkertesz.com\\\/\"},{\"@type\":\"ListItem\",\"position\":2,\"name\":\"Kezd\u0151lap\",\"item\":\"https:\\\/\\\/tajkertesz.com\\\/\"},{\"@type\":\"ListItem\",\"position\":3,\"name\":\"Thuja plicata \u20184Ever\u2019 \u2013 Oszlopos aranytuja\"}]},{\"@type\":\"WebSite\",\"@id\":\"https:\\\/\\\/tajkertesz.com\\\/#website\",\"url\":\"https:\\\/\\\/tajkertesz.com\\\/\",\"name\":\"T\u00e1j-Kert\u00e9sz 84 Kft.\",\"description\":\"Kert\u00e9szeti kis- \u00e9s nagykeresked\u00e9s, D\u00edszn\u00f6v\u00e9ny web\u00e1ruh\u00e1z orsz\u00e1gos h\u00e1zhozsz\u00e1ll\u00edt\u00e1ssal!\",\"publisher\":{\"@id\":\"https:\\\/\\\/tajkertesz.com\\\/#organization\"},\"potentialAction\":[{\"@type\":\"SearchAction\",\"target\":{\"@type\":\"EntryPoint\",\"urlTemplate\":\"https:\\\/\\\/tajkertesz.com\\\/?s={search_term_string}\"},\"query-input\":{\"@type\":\"PropertyValueSpecification\",\"valueRequired\":true,\"valueName\":\"search_term_string\"}}],\"inLanguage\":\"en-US\"},{\"@type\":\"Organization\",\"@id\":\"https:\\\/\\\/tajkertesz.com\\\/#organization\",\"name\":\"T\u00e1j-Kert\u00e9sz 84 Kft.\",\"url\":\"https:\\\/\\\/tajkertesz.com\\\/\",\"logo\":{\"@type\":\"ImageObject\",\"inLanguage\":\"en-US\",\"@id\":\"https:\\\/\\\/tajkertesz.com\\\/#\\\/schema\\\/logo\\\/image\\\/\",\"url\":\"https:\\\/\\\/tajkertesz.com\\\/wp-content\\\/uploads\\\/2018\\\/02\\\/logo-2-e1518678052539.png\",\"contentUrl\":\"https:\\\/\\\/tajkertesz.com\\\/wp-content\\\/uploads\\\/2018\\\/02\\\/logo-2-e1518678052539.png\",\"width\":81,\"height\":140,\"caption\":\"T\u00e1j-Kert\u00e9sz 84 Kft.\"},\"image\":{\"@id\":\"https:\\\/\\\/tajkertesz.com\\\/#\\\/schema\\\/logo\\\/image\\\/\"},\"sameAs\":[\"https:\\\/\\\/www.facebook.com\\\/Tajkertesz\\\/\"]}]}<\/script>\n<!-- \/ Yoast SEO plugin. -->","yoast_head_json":{"title":"Thuja plicata \u20184Ever\u2019 \u2013 Oszlopos aranytuja - T\u00e1jkert\u00e9sz","description":"Thuja plicata \u20184Ever\u2019 \u2013 Oszlopos aranytuja egy eg\u00e9sz \u00e9vben arany lombsz\u00edn\u0171, karcs\u00fa oszlopos tuja, mely t\u00e9len bronzos \u00e1rnyalatba v\u00e1lt.","robots":{"index":"index","follow":"follow","max-snippet":"max-snippet:-1","max-image-preview":"max-image-preview:large","max-video-preview":"max-video-preview:-1"},"canonical":"https:\/\/tajkertesz.com\/en_US\/product\/thuja-plicata-4ever-oszlopos-aranytuja\/","og_locale":"en_US","og_type":"article","og_title":"Thuja plicata \u20184Ever\u2019 \u2013 Oszlopos aranytuja - T\u00e1jkert\u00e9sz","og_description":"Thuja plicata \u20184Ever\u2019 \u2013 Oszlopos aranytuja egy eg\u00e9sz \u00e9vben arany lombsz\u00edn\u0171, karcs\u00fa oszlopos tuja, mely t\u00e9len bronzos \u00e1rnyalatba v\u00e1lt.","og_url":"https:\/\/tajkertesz.com\/en_US\/product\/thuja-plicata-4ever-oszlopos-aranytuja\/","og_site_name":"T\u00e1jkert\u00e9sz","article_publisher":"https:\/\/www.facebook.com\/Tajkertesz\/","article_modified_time":"2025-07-16T11:56:59+00:00","og_image":[{"width":1534,"height":2560,"url":"https:\/\/tajkertesz.com\/wp-content\/uploads\/2025\/07\/20250716_091926-scaled.jpg","type":"image\/jpeg"}],"twitter_card":"summary_large_image","twitter_misc":{"Est. reading time":"3 minutes"},"schema":{"@context":"https:\/\/schema.org","@graph":[{"@type":"WebPage","@id":"https:\/\/tajkertesz.com\/termek\/thuja-plicata-4ever-oszlopos-aranytuja\/","url":"https:\/\/tajkertesz.com\/termek\/thuja-plicata-4ever-oszlopos-aranytuja\/","name":"Thuja plicata \u20184Ever\u2019 \u2013 Oszlopos aranytuja - T\u00e1jkert\u00e9sz","isPartOf":{"@id":"https:\/\/tajkertesz.com\/#website"},"primaryImageOfPage":{"@id":"https:\/\/tajkertesz.com\/termek\/thuja-plicata-4ever-oszlopos-aranytuja\/#primaryimage"},"image":{"@id":"https:\/\/tajkertesz.com\/termek\/thuja-plicata-4ever-oszlopos-aranytuja\/#primaryimage"},"thumbnailUrl":"https:\/\/tajkertesz.com\/wp-content\/uploads\/2025\/07\/20250716_091926-scaled.jpg","datePublished":"2025-07-16T11:56:55+00:00","dateModified":"2025-07-16T11:56:59+00:00","description":"Thuja plicata \u20184Ever\u2019 \u2013 Oszlopos aranytuja egy eg\u00e9sz \u00e9vben arany lombsz\u00edn\u0171, karcs\u00fa oszlopos tuja, mely t\u00e9len bronzos \u00e1rnyalatba v\u00e1lt.","breadcrumb":{"@id":"https:\/\/tajkertesz.com\/termek\/thuja-plicata-4ever-oszlopos-aranytuja\/#breadcrumb"},"inLanguage":"en-US","potentialAction":[{"@type":"ReadAction","target":["https:\/\/tajkertesz.com\/termek\/thuja-plicata-4ever-oszlopos-aranytuja\/"]}]},{"@type":"ImageObject","inLanguage":"en-US","@id":"https:\/\/tajkertesz.com\/termek\/thuja-plicata-4ever-oszlopos-aranytuja\/#primaryimage","url":"https:\/\/tajkertesz.com\/wp-content\/uploads\/2025\/07\/20250716_091926-scaled.jpg","contentUrl":"https:\/\/tajkertesz.com\/wp-content\/uploads\/2025\/07\/20250716_091926-scaled.jpg","width":1534,"height":2560,"caption":"Thuja plicata \u20184Ever\u2019 \u2013 Oszlopos aranytuja"},{"@type":"BreadcrumbList","@id":"https:\/\/tajkertesz.com\/termek\/thuja-plicata-4ever-oszlopos-aranytuja\/#breadcrumb","itemListElement":[{"@type":"ListItem","position":1,"name":"Home","item":"https:\/\/tajkertesz.com\/"},{"@type":"ListItem","position":2,"name":"Kezd\u0151lap","item":"https:\/\/tajkertesz.com\/"},{"@type":"ListItem","position":3,"name":"Thuja plicata \u20184Ever\u2019 \u2013 Oszlopos aranytuja"}]},{"@type":"WebSite","@id":"https:\/\/tajkertesz.com\/#website","url":"https:\/\/tajkertesz.com\/","name":"T\u00e1j-Kert\u00e9sz 84 Kft.","description":"Kert\u00e9szeti kis- \u00e9s nagykeresked\u00e9s, D\u00edszn\u00f6v\u00e9ny web\u00e1ruh\u00e1z orsz\u00e1gos h\u00e1zhozsz\u00e1ll\u00edt\u00e1ssal!","publisher":{"@id":"https:\/\/tajkertesz.com\/#organization"},"potentialAction":[{"@type":"SearchAction","target":{"@type":"EntryPoint","urlTemplate":"https:\/\/tajkertesz.com\/?s={search_term_string}"},"query-input":{"@type":"PropertyValueSpecification","valueRequired":true,"valueName":"search_term_string"}}],"inLanguage":"en-US"},{"@type":"Organization","@id":"https:\/\/tajkertesz.com\/#organization","name":"T\u00e1j-Kert\u00e9sz 84 Kft.","url":"https:\/\/tajkertesz.com\/","logo":{"@type":"ImageObject","inLanguage":"en-US","@id":"https:\/\/tajkertesz.com\/#\/schema\/logo\/image\/","url":"https:\/\/tajkertesz.com\/wp-content\/uploads\/2018\/02\/logo-2-e1518678052539.png","contentUrl":"https:\/\/tajkertesz.com\/wp-content\/uploads\/2018\/02\/logo-2-e1518678052539.png","width":81,"height":140,"caption":"T\u00e1j-Kert\u00e9sz 84 Kft."},"image":{"@id":"https:\/\/tajkertesz.com\/#\/schema\/logo\/image\/"},"sameAs":["https:\/\/www.facebook.com\/Tajkertesz\/"]}]}},"_links":{"self":[{"href":"https:\/\/tajkertesz.com\/en_US\/wp-json\/wp\/v2\/product\/23916","targetHints":{"allow":["GET"]}}],"collection":[{"href":"https:\/\/tajkertesz.com\/en_US\/wp-json\/wp\/v2\/product"}],"about":[{"href":"https:\/\/tajkertesz.com\/en_US\/wp-json\/wp\/v2\/types\/product"}],"wp:featuredmedia":[{"embeddable":true,"href":"https:\/\/tajkertesz.com\/en_US\/wp-json\/wp\/v2\/media\/23918"}],"wp:attachment":[{"href":"https:\/\/tajkertesz.com\/en_US\/wp-json\/wp\/v2\/media?parent=23916"}],"wp:term":[{"taxonomy":"product_brand","embeddable":true,"href":"https:\/\/tajkertesz.com\/en_US\/wp-json\/wp\/v2\/product_brand?post=23916"},{"taxonomy":"product_cat","embeddable":true,"href":"https:\/\/tajkertesz.com\/en_US\/wp-json\/wp\/v2\/product_cat?post=23916"},{"taxonomy":"product_tag","embeddable":true,"href":"https:\/\/tajkertesz.com\/en_US\/wp-json\/wp\/v2\/product_tag?post=23916"}],"curies":[{"name":"wp","href":"https:\/\/api.w.org\/{rel}","templated":true}]}}