{"id":23924,"date":"2025-07-16T13:39:02","date_gmt":"2025-07-16T13:39:02","guid":{"rendered":"https:\/\/tajkertesz.com\/?post_type=product&#038;p=23924"},"modified":"2026-03-15T08:19:49","modified_gmt":"2026-03-15T08:19:49","slug":"salix-helvetica-svajci-fuz-torzses","status":"publish","type":"product","link":"https:\/\/tajkertesz.com\/en_US\/product\/salix-helvetica-svajci-fuz-torzses\/","title":{"rendered":"Salix helvetica \u2013 Sv\u00e1jci f\u0171z t\u00f6rzses"},"content":{"rendered":"<h1 data-start=\"239\" data-end=\"276\">Salix helvetica \u2013 Sv\u00e1jci f\u0171z t\u00f6rzses<\/h1>\n<p data-start=\"239\" data-end=\"276\"><span class=\"relative -mx-px my-[-0.2rem] rounded px-px py-[0.2rem] transition-colors duration-100 ease-in-out\">A Salix helvetica \u2013 Sv\u00e1jci f\u0171z t\u00f6rzses\u00a0egy term\u00e9szetes \u00e9l\u0151hely\u00e9n az alpesi r\u00e9gi\u00f3kb\u00f3l sz\u00e1rmaz\u00f3, kompakt lombhullat\u00f3 fa. T\u00f6bb\u00e9ves gondoz\u00e1s ut\u00e1n pedig kialak\u00edthat\u00f3 bel\u0151le karcs\u00fa t\u00f6rzses forma is, ahol lust\u00e1n \u00edvel\u0151, ez\u00fcst\u00f6s-\u00e9des \u00e1rnyalat\u00fa lombozata k\u00fcl\u00f6n\u00f6s eleganci\u00e1t k\u00f6lcs\u00f6n\u00f6z a kertnek.<\/span><\/p>\n<p data-start=\"278\" data-end=\"315\"><span class=\"relative -mx-px my-[-0.2rem] rounded px-px py-[0.2rem] transition-colors duration-100 ease-in-out\">Szil\u00e1rd, koron\u00e1s habitussal rendelkez\u0151 f\u00e9m\u00e1gazata tavasszal h\u00edvogat\u00f3 ez\u00fcst\u00f6s bark\u00e1kat hoz. Levelei f\u00f6l\u00fcl s\u00f6t\u00e9tz\u00f6ld \u00e1rnyalat\u00faak, alul l\u00e1gy sz\u0151r\u00f6s bevonattal, ami ez\u00fcst\u00f6s hat\u00e1st ad. A n\u00f6v\u00e9ny maxim\u00e1lisan kb. 1 m magasra \u00e9s hasonl\u00f3 sz\u00e9less\u00e9gre n\u0151, ide\u00e1lis kis kertekbe, el\u0151kertekbe vagy kont\u00e9neres nevel\u00e9shez.<\/span><\/p>\n<hr data-start=\"317\" data-end=\"320\" \/>\n<h2 data-start=\"322\" data-end=\"337\">\ud83c\udf3fSalix helvetica \u2013 Sv\u00e1jci f\u0171z jellemz\u0151i<\/h2>\n<ul data-start=\"339\" data-end=\"795\">\n<li data-start=\"339\" data-end=\"380\">\n<p data-start=\"341\" data-end=\"380\"><span class=\"relative -mx-px my-[-0.2rem] rounded px-px py-[0.2rem] transition-colors duration-100 ease-in-out\"><strong data-start=\"0\" data-end=\"37\" data-is-only-node=\"\">Magass\u00e1g\/sz\u00e9less\u00e9g (feln\u0151ttk\u00e9nt):<\/strong> kb. 60\u2013100\u202fcm<\/span><\/p>\n<\/li>\n<li data-start=\"381\" data-end=\"422\">\n<p data-start=\"383\" data-end=\"422\"><span class=\"relative -mx-px my-[-0.2rem] rounded px-px py-[0.2rem] transition-colors duration-100 ease-in-out\"><strong data-start=\"0\" data-end=\"13\" data-is-only-node=\"\">Lombsz\u00edn:<\/strong> ol\u00edv\u00e1sz\u00f6ld fel\u00fcl, feh\u00e9res ez\u00fcstsz\u0151r\u00f6zettel alul; tavasszal ez\u00fcst\u00f6s bark\u00e1k\u00a0<\/span><\/p>\n<\/li>\n<li data-start=\"423\" data-end=\"464\">\n<p data-start=\"425\" data-end=\"464\"><span class=\"relative -mx-px my-[-0.2rem] rounded px-px py-[0.2rem] transition-colors duration-100 ease-in-out\"><strong data-start=\"0\" data-end=\"21\" data-is-only-node=\"\">N\u00f6veked\u00e9si forma:<\/strong> g\u00f6mb\u00f6lyded, t\u00f6m\u00f6tt koron\u00e1val; t\u00f6rzses form\u00e1ban eleg\u00e1ns, szabadon \u00e1ll\u00f3 megjelen\u00e9s<\/span><\/p>\n<\/li>\n<li data-start=\"465\" data-end=\"506\">\n<p data-start=\"467\" data-end=\"506\"><span class=\"relative -mx-px my-[-0.2rem] rounded px-px py-[0.2rem] transition-colors duration-100 ease-in-out\"><strong data-start=\"0\" data-end=\"14\" data-is-only-node=\"\">F\u00e9nyig\u00e9ny:<\/strong> teljes napos vagy r\u00e9szleges \u00e1rny\u00e9kos hely<\/span><\/p>\n<\/li>\n<li data-start=\"507\" data-end=\"548\">\n<p data-start=\"509\" data-end=\"548\"><span class=\"relative -mx-px my-[-0.2rem] rounded px-px py-[0.2rem] transition-colors duration-100 ease-in-out\"><strong data-start=\"0\" data-end=\"15\" data-is-only-node=\"\">Talajig\u00e9ny:<\/strong> nedves, humuszos, j\u00f3l v\u00edz\u00e1tereszt\u0151; savany\u00fa\u2013semleges pH<\/span><\/p>\n<\/li>\n<li data-start=\"549\" data-end=\"631\">\n<p data-start=\"551\" data-end=\"631\"><span class=\"relative -mx-px my-[-0.2rem] rounded px-px py-[0.2rem] transition-colors duration-100 ease-in-out\"><strong data-start=\"0\" data-end=\"15\" data-is-only-node=\"\">T\u00e9l\u00e1ll\u00f3s\u00e1g:<\/strong> USDA 4\u20119, haz\u00e1nkban rendk\u00edv\u00fcl t\u00e9l\u00e1ll\u00f3\u00a0<\/span><\/p>\n<\/li>\n<li data-start=\"632\" data-end=\"714\">\n<p data-start=\"634\" data-end=\"714\"><span class=\"relative -mx-px my-[-0.2rem] rounded px-px py-[0.2rem] transition-colors duration-100 ease-in-out\"><strong data-start=\"0\" data-end=\"13\" data-is-only-node=\"\">Gondoz\u00e1s:<\/strong> alacsony karbantart\u00e1s\u2011ig\u00e9ny; metsz\u00e9s vir\u00e1gz\u00e1s ut\u00e1n el\u0151seg\u00edti a j\u00f3 form\u00e1t\u00a0<\/span><\/p>\n<\/li>\n<\/ul>\n<p>&nbsp;<\/p>\n<p>A n\u00f6v\u00e9ny jelenlegi m\u00e9rete: 40\/50 cm t\u00f6rzsmagass\u00e1g, 2 literes kont\u00e9nerben.<\/p>\n<h5><strong>\ud83d\udd04 K\u00e9szletinform\u00e1ci\u00f3<\/strong><\/h5>\n<p><strong>K\u00e9szlet\u00fcnk napi szinten v\u00e1ltozik, \u00edgy a webshopban szerepl<\/strong><strong>\u0151<\/strong><strong> term\u00e9kek el\u00e9rhet<\/strong><strong>\u0151<\/strong><strong>s\u00e9ge nem garant\u00e1lt.<br \/>\n\ud83d\udcde A megrendel\u00e9s el<\/strong><strong>\u0151<\/strong><strong>tt k\u00e9rj\u00fck, \u00e9rdekl<\/strong><strong>\u0151<\/strong><strong>dj\u00f6n szem\u00e9lyesen, telefonon vagy e-mailben!<\/strong><\/p>\n<h5><strong>\u27a1\ufe0f Kapcsolat:<\/strong><\/h5>\n<ul>\n<li><strong>Weboldal: <\/strong><a href=\"https:\/\/tajkertesz.com\"><strong>tajkertesz.com<\/strong><\/a><\/li>\n<li><strong>Facebook: <\/strong><a href=\"https:\/\/www.facebook.com\/tajkertesz\/\"><strong>facebook.com\/tajkertesz<\/strong><\/a><\/li>\n<li><strong>Telefonsz\u00e1m, e-mail: +36\/20-319-3770 <\/strong><a href=\"mailto:tajkerteszaruda@gmail.com\"><strong>tajkerteszaruda@gmail.com<\/strong><\/a><\/li>\n<\/ul>\n<h5><strong>\ud83d\ude9a Sz\u00e1ll\u00edt\u00e1si inform\u00e1ci\u00f3k<\/strong><\/h5>\n<p><strong>A megrendelt n\u00f6v\u00e9nyek kisz\u00e1ll\u00edt\u00e1sa az al\u00e1bbi felt\u00e9telek mellett t\u00f6rt\u00e9nik:<\/strong><\/p>\n<h5><strong>\ud83d\udce6 Fut\u00e1rszolg\u00e1latos sz\u00e1ll\u00edt\u00e1s<\/strong><\/h5>\n<ul>\n<li><strong>Maxim\u00e1lis m\u00e9ret: 200 cm (hossz\u00fas\u00e1g)<\/strong><\/li>\n<li><strong>Maxim\u00e1lis s\u00faly: 40 kg<\/strong><\/li>\n<li><strong>Az enn\u00e9l kisebb \u00e9s k\u00f6nnyebb csomagokat fut\u00e1rszolg\u00e1lattal k\u00e9zbes\u00edtj\u00fck a lehet<\/strong><strong>\u0151<\/strong><strong> legbiztons\u00e1gosabb csomagol\u00e1sban.<\/strong><\/li>\n<\/ul>\n<h5><strong>\ud83d\udefb Szem\u00e9lyes \u00e1tv\u00e9tel<\/strong><\/h5>\n<ul>\n<li><strong>1173 Budapest, Bakancsos utca 7. sz\u00e1m alatt nyitvatart\u00e1si id<\/strong><strong>\u0151<\/strong><strong>ben szem\u00e9lyesen \u00e1tvehet<\/strong><strong>\u0151<\/strong><strong> kert\u00e9szeti \u00e1rud\u00e1nkban.<\/strong><\/li>\n<li><strong>K\u00f6lts\u00e9ghat\u00e9kony megold\u00e1s nagyobb, t\u00f6r\u00e9kenyebb vagy t\u00falm\u00e9retes n\u00f6v\u00e9nyek eset\u00e9n.<\/strong><\/li>\n<\/ul>\n<h5><strong>\ud83d\udcde Nagy m\u00e9ret<\/strong><strong>\u0171<\/strong><strong> vagy s\u00faly\u00fa n\u00f6v\u00e9nyek eset\u00e9n<\/strong><\/h5>\n<p><strong>Ha a term\u00e9k:<\/strong><\/p>\n<ul>\n<li><strong>meghaladja a 200 cm hossz\u00fas\u00e1got vagy<\/strong><\/li>\n<li><strong>meghaladja a 40 kg s\u00falyt,<\/strong><\/li>\n<\/ul>\n<p><strong>akkor szem\u00e9lyes \u00e1tv\u00e9tellel vagy egyedi, el<\/strong><strong>\u0151<\/strong><strong>re egyeztetett sz\u00e1ll\u00edt\u00e1si felt\u00e9telek mellett t\u00f6rt\u00e9nik.<br \/>\nK\u00e9rj\u00fck, ilyen esetben rendel\u00e9s el<\/strong><strong>\u0151<\/strong><strong>tt vegye fel vel\u00fcnk a kapcsolatot, hogy a lehet<\/strong><strong>\u0151<\/strong><strong> legmegfelel<\/strong><strong>\u0151<\/strong><strong>bb sz\u00e1ll\u00edt\u00e1si megold\u00e1st k\u00edn\u00e1lhassuk.<\/strong><\/p>\n<p><strong>\ud83d\udd14 Fontos: A n\u00f6v\u00e9nyeket minden esetben igyeksz\u00fcnk gondosan, egyes\u00e9vel csomagolni, azonban a sz\u00e1ll\u00edt\u00e1s sor\u00e1n kisebb eszt\u00e9tikai s\u00e9r\u00fcl\u00e9sek el<\/strong><strong>\u0151<\/strong><strong>fordulhatnak (pl. lev\u00e9lhull\u00e1s). Ez nem min<\/strong><strong>\u0151<\/strong><strong>s\u00fcl hib\u00e1s teljes\u00edt\u00e9snek.<\/strong><\/p>\n<h5><strong>\ud83d\udcf7 Fontos tudni a k\u00e9pekr<\/strong><strong>\u0151<\/strong><strong>l<\/strong><\/h5>\n<p><strong>A webshopban szerepl<\/strong><strong>\u0151<\/strong><strong> k\u00e9pek illusztr\u00e1ci\u00f3k, a n\u00f6v\u00e9nyek term\u00e9szet\u00fckn\u00e9l fogva egyediek, \u00edgy m\u00e9retben, alakban \u00e9s sz\u00ednben minim\u00e1lis elt\u00e9r\u00e9sek el<\/strong><strong>\u0151<\/strong><strong>fordulhatnak a k\u00e9pen l\u00e1that\u00f3 \u00e9s a val\u00f3s p\u00e9ld\u00e1nyok k\u00f6z\u00f6tt.<\/strong><\/p>\n<h5><strong>\ud83e\uddfe \u00c1rak \u00e9s el\u00e1ll\u00e1si jog<\/strong><\/h5>\n<ul>\n<li><strong>Az \u00e1rak egy darab\u00a0n\u00f6v\u00e9nyre vonatkoznak.<\/strong><\/li>\n<li><strong>\u00c9l<\/strong><strong>\u0151<\/strong><strong> n\u00f6v\u00e9nyek rendel\u00e9se eset\u00e9n a 14 napos el\u00e1ll\u00e1s joga nem \u00e9rv\u00e9nyes\u00edthet<\/strong><strong>\u0151<\/strong><strong>, mivel azok romland\u00f3, biol\u00f3giailag \u00e9l<\/strong><strong>\u0151<\/strong><strong> term\u00e9keknek min<\/strong><strong>\u0151<\/strong><strong>s\u00fclnek.<br \/>\n\ud83d\udd12 (17\/1999. (II. 5.) Korm. rendelet 5. \u00a7 c) pontja alapj\u00e1n)<\/strong><\/li>\n<\/ul>\n<h5><strong>\ud83d\udce6 K\u00e9zbes\u00edt\u00e9s ut\u00e1ni teend<\/strong><strong>\u0151<\/strong><strong>k<\/strong><\/h5>\n<p><strong>A k\u00e9zbes\u00edt\u00e9st k\u00f6vet<\/strong><strong>\u0151<\/strong><strong>en a csomagot azonnal bontsuk ki, \u00e9s a n\u00f6v\u00e9nyt helyezz\u00fck el megfelel<\/strong><strong>\u0151<\/strong><strong> k\u00f6rnyezetben.<br \/>\nFontos: ha a n\u00f6v\u00e9ny nem r\u00e9szes\u00fcl megfelel<\/strong><strong>\u0151<\/strong><strong> gondoz\u00e1sban \u00e9s ennek k\u00f6vetkezt\u00e9ben k\u00e1rosodik vagy elpusztul, felel<\/strong><strong>\u0151<\/strong><strong>ss\u00e9get nem tudunk v\u00e1llalni.<\/strong><\/p>\n","protected":false},"excerpt":{"rendered":"<p>Eleg\u00e1ns ez\u00fcst\u00f6s levelekkel rendelkez\u0151, kism\u00e9ret\u0171 lombhullat\u00f3 fa, amely alkalmas szoliterk\u00e9nt, sziklakertbe vagy form\u00e1ra nevelt t\u00f6rzses v\u00e1ltozatban is.<\/p>\n<p>A n\u00f6v\u00e9ny jelenlegi m\u00e9rete: 40\/50 cm t\u00f6rzsmagass\u00e1g, 2 literes kont\u00e9nerben.<\/p>","protected":false},"featured_media":23925,"template":"","meta":{"_et_pb_use_builder":"","_et_pb_old_content":"","_et_gb_content_width":""},"product_brand":[],"product_cat":[27,28],"product_tag":[6031,5837,6029,6028,6027,6030,909,6032],"class_list":{"0":"post-23924","1":"product","2":"type-product","3":"status-publish","4":"has-post-thumbnail","6":"product_cat-cserjek","7":"product_cat-diszfak","8":"product_tag-ezust-lomb","9":"product_tag-lombhullato-fa","10":"product_tag-salix-helvetica","11":"product_tag-svajci-fuz","12":"product_tag-sziklakert","13":"product_tag-szoliter-fa","14":"product_tag-torzses","15":"product_tag-torzses-fa","17":"first","18":"outofstock","19":"shipping-taxable","20":"product-type-simple"},"yoast_head":"<!-- This site is optimized with the Yoast SEO plugin v27.3 - https:\/\/yoast.com\/product\/yoast-seo-wordpress\/ -->\n<title>Salix helvetica \u2013 Sv\u00e1jci f\u0171z t\u00f6rzses - T\u00e1jkert\u00e9sz<\/title>\n<meta name=\"description\" content=\"Salix helvetica \u2013 Sv\u00e1jci f\u0171z t\u00f6rzses T\u00e9l\u00e1ll\u00f3, ez\u00fcst\u00f6s lomb\u00fa Sv\u00e1jci f\u0171z t\u00f6rzses v\u00e1ltozatban. Ide\u00e1lis szoliterf\u00e1nak, sziklakertbe vagy teraszra.\" \/>\n<meta name=\"robots\" content=\"index, follow, max-snippet:-1, max-image-preview:large, max-video-preview:-1\" \/>\n<link rel=\"canonical\" href=\"https:\/\/tajkertesz.com\/en_US\/product\/salix-helvetica-svajci-fuz-torzses\/\" \/>\n<meta property=\"og:locale\" content=\"en_US\" \/>\n<meta property=\"og:type\" content=\"article\" \/>\n<meta property=\"og:title\" content=\"Salix helvetica \u2013 Sv\u00e1jci f\u0171z t\u00f6rzses - T\u00e1jkert\u00e9sz\" \/>\n<meta property=\"og:description\" content=\"Salix helvetica \u2013 Sv\u00e1jci f\u0171z t\u00f6rzses T\u00e9l\u00e1ll\u00f3, ez\u00fcst\u00f6s lomb\u00fa Sv\u00e1jci f\u0171z t\u00f6rzses v\u00e1ltozatban. Ide\u00e1lis szoliterf\u00e1nak, sziklakertbe vagy teraszra.\" \/>\n<meta property=\"og:url\" content=\"https:\/\/tajkertesz.com\/en_US\/product\/salix-helvetica-svajci-fuz-torzses\/\" \/>\n<meta property=\"og:site_name\" content=\"T\u00e1jkert\u00e9sz\" \/>\n<meta property=\"article:publisher\" content=\"https:\/\/www.facebook.com\/Tajkertesz\/\" \/>\n<meta property=\"article:modified_time\" content=\"2026-03-15T08:19:49+00:00\" \/>\n<meta property=\"og:image\" content=\"https:\/\/tajkertesz.com\/wp-content\/uploads\/2025\/07\/20250716_092610-scaled.jpg\" \/>\n\t<meta property=\"og:image:width\" content=\"1593\" \/>\n\t<meta property=\"og:image:height\" content=\"2560\" \/>\n\t<meta property=\"og:image:type\" content=\"image\/jpeg\" \/>\n<meta name=\"twitter:card\" content=\"summary_large_image\" \/>\n<meta name=\"twitter:label1\" content=\"Est. reading time\" \/>\n\t<meta name=\"twitter:data1\" content=\"3 minutes\" \/>\n<script type=\"application\/ld+json\" class=\"yoast-schema-graph\">{\"@context\":\"https:\\\/\\\/schema.org\",\"@graph\":[{\"@type\":\"WebPage\",\"@id\":\"https:\\\/\\\/tajkertesz.com\\\/termek\\\/salix-helvetica-svajci-fuz-torzses\\\/\",\"url\":\"https:\\\/\\\/tajkertesz.com\\\/termek\\\/salix-helvetica-svajci-fuz-torzses\\\/\",\"name\":\"Salix helvetica \u2013 Sv\u00e1jci f\u0171z t\u00f6rzses - T\u00e1jkert\u00e9sz\",\"isPartOf\":{\"@id\":\"https:\\\/\\\/tajkertesz.com\\\/#website\"},\"primaryImageOfPage\":{\"@id\":\"https:\\\/\\\/tajkertesz.com\\\/termek\\\/salix-helvetica-svajci-fuz-torzses\\\/#primaryimage\"},\"image\":{\"@id\":\"https:\\\/\\\/tajkertesz.com\\\/termek\\\/salix-helvetica-svajci-fuz-torzses\\\/#primaryimage\"},\"thumbnailUrl\":\"https:\\\/\\\/tajkertesz.com\\\/wp-content\\\/uploads\\\/2025\\\/07\\\/20250716_092610-scaled.jpg\",\"datePublished\":\"2025-07-16T13:39:02+00:00\",\"dateModified\":\"2026-03-15T08:19:49+00:00\",\"description\":\"Salix helvetica \u2013 Sv\u00e1jci f\u0171z t\u00f6rzses T\u00e9l\u00e1ll\u00f3, ez\u00fcst\u00f6s lomb\u00fa Sv\u00e1jci f\u0171z t\u00f6rzses v\u00e1ltozatban. Ide\u00e1lis szoliterf\u00e1nak, sziklakertbe vagy teraszra.\",\"breadcrumb\":{\"@id\":\"https:\\\/\\\/tajkertesz.com\\\/termek\\\/salix-helvetica-svajci-fuz-torzses\\\/#breadcrumb\"},\"inLanguage\":\"en-US\",\"potentialAction\":[{\"@type\":\"ReadAction\",\"target\":[\"https:\\\/\\\/tajkertesz.com\\\/termek\\\/salix-helvetica-svajci-fuz-torzses\\\/\"]}]},{\"@type\":\"ImageObject\",\"inLanguage\":\"en-US\",\"@id\":\"https:\\\/\\\/tajkertesz.com\\\/termek\\\/salix-helvetica-svajci-fuz-torzses\\\/#primaryimage\",\"url\":\"https:\\\/\\\/tajkertesz.com\\\/wp-content\\\/uploads\\\/2025\\\/07\\\/20250716_092610-scaled.jpg\",\"contentUrl\":\"https:\\\/\\\/tajkertesz.com\\\/wp-content\\\/uploads\\\/2025\\\/07\\\/20250716_092610-scaled.jpg\",\"width\":1593,\"height\":2560,\"caption\":\"Salix helvetica \u2013 Sv\u00e1jci f\u0171z t\u00f6rzses\"},{\"@type\":\"BreadcrumbList\",\"@id\":\"https:\\\/\\\/tajkertesz.com\\\/termek\\\/salix-helvetica-svajci-fuz-torzses\\\/#breadcrumb\",\"itemListElement\":[{\"@type\":\"ListItem\",\"position\":1,\"name\":\"Home\",\"item\":\"https:\\\/\\\/tajkertesz.com\\\/\"},{\"@type\":\"ListItem\",\"position\":2,\"name\":\"Kezd\u0151lap\",\"item\":\"https:\\\/\\\/tajkertesz.com\\\/\"},{\"@type\":\"ListItem\",\"position\":3,\"name\":\"Salix helvetica \u2013 Sv\u00e1jci f\u0171z t\u00f6rzses\"}]},{\"@type\":\"WebSite\",\"@id\":\"https:\\\/\\\/tajkertesz.com\\\/#website\",\"url\":\"https:\\\/\\\/tajkertesz.com\\\/\",\"name\":\"T\u00e1j-Kert\u00e9sz 84 Kft.\",\"description\":\"Kert\u00e9szeti kis- \u00e9s nagykeresked\u00e9s, D\u00edszn\u00f6v\u00e9ny web\u00e1ruh\u00e1z orsz\u00e1gos h\u00e1zhozsz\u00e1ll\u00edt\u00e1ssal!\",\"publisher\":{\"@id\":\"https:\\\/\\\/tajkertesz.com\\\/#organization\"},\"potentialAction\":[{\"@type\":\"SearchAction\",\"target\":{\"@type\":\"EntryPoint\",\"urlTemplate\":\"https:\\\/\\\/tajkertesz.com\\\/?s={search_term_string}\"},\"query-input\":{\"@type\":\"PropertyValueSpecification\",\"valueRequired\":true,\"valueName\":\"search_term_string\"}}],\"inLanguage\":\"en-US\"},{\"@type\":\"Organization\",\"@id\":\"https:\\\/\\\/tajkertesz.com\\\/#organization\",\"name\":\"T\u00e1j-Kert\u00e9sz 84 Kft.\",\"url\":\"https:\\\/\\\/tajkertesz.com\\\/\",\"logo\":{\"@type\":\"ImageObject\",\"inLanguage\":\"en-US\",\"@id\":\"https:\\\/\\\/tajkertesz.com\\\/#\\\/schema\\\/logo\\\/image\\\/\",\"url\":\"https:\\\/\\\/tajkertesz.com\\\/wp-content\\\/uploads\\\/2018\\\/02\\\/logo-2-e1518678052539.png\",\"contentUrl\":\"https:\\\/\\\/tajkertesz.com\\\/wp-content\\\/uploads\\\/2018\\\/02\\\/logo-2-e1518678052539.png\",\"width\":81,\"height\":140,\"caption\":\"T\u00e1j-Kert\u00e9sz 84 Kft.\"},\"image\":{\"@id\":\"https:\\\/\\\/tajkertesz.com\\\/#\\\/schema\\\/logo\\\/image\\\/\"},\"sameAs\":[\"https:\\\/\\\/www.facebook.com\\\/Tajkertesz\\\/\"]}]}<\/script>\n<!-- \/ Yoast SEO plugin. -->","yoast_head_json":{"title":"Salix helvetica \u2013 Sv\u00e1jci f\u0171z t\u00f6rzses - T\u00e1jkert\u00e9sz","description":"Salix helvetica \u2013 Sv\u00e1jci f\u0171z t\u00f6rzses T\u00e9l\u00e1ll\u00f3, ez\u00fcst\u00f6s lomb\u00fa Sv\u00e1jci f\u0171z t\u00f6rzses v\u00e1ltozatban. Ide\u00e1lis szoliterf\u00e1nak, sziklakertbe vagy teraszra.","robots":{"index":"index","follow":"follow","max-snippet":"max-snippet:-1","max-image-preview":"max-image-preview:large","max-video-preview":"max-video-preview:-1"},"canonical":"https:\/\/tajkertesz.com\/en_US\/product\/salix-helvetica-svajci-fuz-torzses\/","og_locale":"en_US","og_type":"article","og_title":"Salix helvetica \u2013 Sv\u00e1jci f\u0171z t\u00f6rzses - T\u00e1jkert\u00e9sz","og_description":"Salix helvetica \u2013 Sv\u00e1jci f\u0171z t\u00f6rzses T\u00e9l\u00e1ll\u00f3, ez\u00fcst\u00f6s lomb\u00fa Sv\u00e1jci f\u0171z t\u00f6rzses v\u00e1ltozatban. Ide\u00e1lis szoliterf\u00e1nak, sziklakertbe vagy teraszra.","og_url":"https:\/\/tajkertesz.com\/en_US\/product\/salix-helvetica-svajci-fuz-torzses\/","og_site_name":"T\u00e1jkert\u00e9sz","article_publisher":"https:\/\/www.facebook.com\/Tajkertesz\/","article_modified_time":"2026-03-15T08:19:49+00:00","og_image":[{"width":1593,"height":2560,"url":"https:\/\/tajkertesz.com\/wp-content\/uploads\/2025\/07\/20250716_092610-scaled.jpg","type":"image\/jpeg"}],"twitter_card":"summary_large_image","twitter_misc":{"Est. reading time":"3 minutes"},"schema":{"@context":"https:\/\/schema.org","@graph":[{"@type":"WebPage","@id":"https:\/\/tajkertesz.com\/termek\/salix-helvetica-svajci-fuz-torzses\/","url":"https:\/\/tajkertesz.com\/termek\/salix-helvetica-svajci-fuz-torzses\/","name":"Salix helvetica \u2013 Sv\u00e1jci f\u0171z t\u00f6rzses - T\u00e1jkert\u00e9sz","isPartOf":{"@id":"https:\/\/tajkertesz.com\/#website"},"primaryImageOfPage":{"@id":"https:\/\/tajkertesz.com\/termek\/salix-helvetica-svajci-fuz-torzses\/#primaryimage"},"image":{"@id":"https:\/\/tajkertesz.com\/termek\/salix-helvetica-svajci-fuz-torzses\/#primaryimage"},"thumbnailUrl":"https:\/\/tajkertesz.com\/wp-content\/uploads\/2025\/07\/20250716_092610-scaled.jpg","datePublished":"2025-07-16T13:39:02+00:00","dateModified":"2026-03-15T08:19:49+00:00","description":"Salix helvetica \u2013 Sv\u00e1jci f\u0171z t\u00f6rzses T\u00e9l\u00e1ll\u00f3, ez\u00fcst\u00f6s lomb\u00fa Sv\u00e1jci f\u0171z t\u00f6rzses v\u00e1ltozatban. Ide\u00e1lis szoliterf\u00e1nak, sziklakertbe vagy teraszra.","breadcrumb":{"@id":"https:\/\/tajkertesz.com\/termek\/salix-helvetica-svajci-fuz-torzses\/#breadcrumb"},"inLanguage":"en-US","potentialAction":[{"@type":"ReadAction","target":["https:\/\/tajkertesz.com\/termek\/salix-helvetica-svajci-fuz-torzses\/"]}]},{"@type":"ImageObject","inLanguage":"en-US","@id":"https:\/\/tajkertesz.com\/termek\/salix-helvetica-svajci-fuz-torzses\/#primaryimage","url":"https:\/\/tajkertesz.com\/wp-content\/uploads\/2025\/07\/20250716_092610-scaled.jpg","contentUrl":"https:\/\/tajkertesz.com\/wp-content\/uploads\/2025\/07\/20250716_092610-scaled.jpg","width":1593,"height":2560,"caption":"Salix helvetica \u2013 Sv\u00e1jci f\u0171z t\u00f6rzses"},{"@type":"BreadcrumbList","@id":"https:\/\/tajkertesz.com\/termek\/salix-helvetica-svajci-fuz-torzses\/#breadcrumb","itemListElement":[{"@type":"ListItem","position":1,"name":"Home","item":"https:\/\/tajkertesz.com\/"},{"@type":"ListItem","position":2,"name":"Kezd\u0151lap","item":"https:\/\/tajkertesz.com\/"},{"@type":"ListItem","position":3,"name":"Salix helvetica \u2013 Sv\u00e1jci f\u0171z t\u00f6rzses"}]},{"@type":"WebSite","@id":"https:\/\/tajkertesz.com\/#website","url":"https:\/\/tajkertesz.com\/","name":"T\u00e1j-Kert\u00e9sz 84 Kft.","description":"Kert\u00e9szeti kis- \u00e9s nagykeresked\u00e9s, D\u00edszn\u00f6v\u00e9ny web\u00e1ruh\u00e1z orsz\u00e1gos h\u00e1zhozsz\u00e1ll\u00edt\u00e1ssal!","publisher":{"@id":"https:\/\/tajkertesz.com\/#organization"},"potentialAction":[{"@type":"SearchAction","target":{"@type":"EntryPoint","urlTemplate":"https:\/\/tajkertesz.com\/?s={search_term_string}"},"query-input":{"@type":"PropertyValueSpecification","valueRequired":true,"valueName":"search_term_string"}}],"inLanguage":"en-US"},{"@type":"Organization","@id":"https:\/\/tajkertesz.com\/#organization","name":"T\u00e1j-Kert\u00e9sz 84 Kft.","url":"https:\/\/tajkertesz.com\/","logo":{"@type":"ImageObject","inLanguage":"en-US","@id":"https:\/\/tajkertesz.com\/#\/schema\/logo\/image\/","url":"https:\/\/tajkertesz.com\/wp-content\/uploads\/2018\/02\/logo-2-e1518678052539.png","contentUrl":"https:\/\/tajkertesz.com\/wp-content\/uploads\/2018\/02\/logo-2-e1518678052539.png","width":81,"height":140,"caption":"T\u00e1j-Kert\u00e9sz 84 Kft."},"image":{"@id":"https:\/\/tajkertesz.com\/#\/schema\/logo\/image\/"},"sameAs":["https:\/\/www.facebook.com\/Tajkertesz\/"]}]}},"_links":{"self":[{"href":"https:\/\/tajkertesz.com\/en_US\/wp-json\/wp\/v2\/product\/23924","targetHints":{"allow":["GET"]}}],"collection":[{"href":"https:\/\/tajkertesz.com\/en_US\/wp-json\/wp\/v2\/product"}],"about":[{"href":"https:\/\/tajkertesz.com\/en_US\/wp-json\/wp\/v2\/types\/product"}],"wp:featuredmedia":[{"embeddable":true,"href":"https:\/\/tajkertesz.com\/en_US\/wp-json\/wp\/v2\/media\/23925"}],"wp:attachment":[{"href":"https:\/\/tajkertesz.com\/en_US\/wp-json\/wp\/v2\/media?parent=23924"}],"wp:term":[{"taxonomy":"product_brand","embeddable":true,"href":"https:\/\/tajkertesz.com\/en_US\/wp-json\/wp\/v2\/product_brand?post=23924"},{"taxonomy":"product_cat","embeddable":true,"href":"https:\/\/tajkertesz.com\/en_US\/wp-json\/wp\/v2\/product_cat?post=23924"},{"taxonomy":"product_tag","embeddable":true,"href":"https:\/\/tajkertesz.com\/en_US\/wp-json\/wp\/v2\/product_tag?post=23924"}],"curies":[{"name":"wp","href":"https:\/\/api.w.org\/{rel}","templated":true}]}}