{"id":23960,"date":"2025-07-17T10:49:59","date_gmt":"2025-07-17T10:49:59","guid":{"rendered":"https:\/\/tajkertesz.com\/?post_type=product&#038;p=23960"},"modified":"2025-07-17T10:50:01","modified_gmt":"2025-07-17T10:50:01","slug":"total-spray-05-l-gyomirto-permetszer","status":"publish","type":"product","link":"https:\/\/tajkertesz.com\/en_US\/product\/total-spray-05-l-gyomirto-permetszer\/","title":{"rendered":"Total spray 0,5 l gyomirt\u00f3 permetszer"},"content":{"rendered":"<h1>Total spray 0,5 l gyomirt\u00f3 permetszer<\/h1>\n<p>Total spray 0,5 l gyomirt\u00f3 permetszer<\/p>\n<p><strong>Pump\u00e1s permetez\u0151, palackban kiszerelt tot\u00e1lis gyomirt\u00f3 szer.<\/strong><\/p>\n<p>H\u00e1zikerti d\u00f3zis: a 0,5 liter k\u00e9sz\u00edtm\u00e9nnyel kb. 15-20 m2 permetezhet\u0151 le.<\/p>\n<p>Minden magr\u00f3l kel\u0151 \u00e9s \u00e9vel\u0151 egy- \u00e9s k\u00e9tszik\u0171 gyomn\u00f6v\u00e9nyt elpuszt\u00edt. A term\u00e9k el\u0151nye, hogy nem kell permetlevet k\u00e9sz\u00edteni, csak a palack tartalm\u00e1t kell a gyomn\u00f6v\u00e9nyre f\u00fajni, teh\u00e1t ez egy k\u00e9nyelmi term\u00e9k, amit nem kell h\u00edgitani, v\u00edzzel keverni. Felhaszn\u00e1lhat\u00f3 minden 3 \u00e9vesn\u00e9l ido\u030bsebb gy\u00fcm\u00f6lcs\u00f6sben, szo\u030blo\u030bben, vir\u00e1g\u00e1gy\u00e1s telep\u00edt\u00e9se elo\u030btt, gyep vet\u00e9se elo\u030btt, erd\u00e9szet, k\u00f6zter\u00fclet vagy nem mu\u030bvelt ter\u00fcleteken, mint p\u00e9ld\u00e1ul gyalog \u00fat, j\u00e1rda, udvar, terasz. A k\u00e9sz\u00edtm\u00e9nyt a magr\u00f3l kelo\u030b gyomn\u00f6v\u00e9nyek t\u00f6meges kel\u00e9sekor, azok 2-4 leveles \u00e1llapot\u00e1ban c\u00e9lszeru\u030b kijuttatni. \u00c9velo\u030bk eset\u00e9ben az intenz\u00edv n\u00f6veked\u00e9si (vir\u00e1gbimb\u00f3s) szakaszban kell a kezel\u00e9seket elv\u00e9gezni \u00fagy, hogy a permetezo\u030b palack sz\u00f3r\u00f3fej\u00e9t a kiirtand\u00f3 gyomn\u00f6v\u00e9nyekre ir\u00e1ny\u00edtva, 30-50 centim\u00e9ter t\u00e1vols\u00e1gb\u00f3l kell a n\u00f6v\u00e9nyeket lepermetezni. A j\u00f3 gyomirt\u00f3 hat\u00e1s \u00e9rdek\u00e9ben fontos, hogy a n\u00f6v\u00e9nyek minden oldalr\u00f3l egyenletesen bor\u00edtva legyenek a permetl\u00e9vel. A kezelt n\u00f6v\u00e9nyek \u00e9rz\u00e9kenys\u00e9g\u00fck \u00e9s az ido\u030bj\u00e1r\u00e1si k\u00f6r\u00fclm\u00e9nyek f\u00fcggv\u00e9ny\u00e9ben 1-3 h\u00e9t alatt pusztulnak el.<\/p>\n<p><strong>Hat\u00f3anyag:\u00a0<\/strong>7,2 g\/l glifoz\u00e1t<\/p>\n<p>Szem\u00e9lyes \u00e1tv\u00e9tel nyitvatart\u00e1si id\u0151ben <b><span style=\"font-family: 'Ubuntu',sans-serif; color: black;\">K\u00e9szlet\u00fcnk napi szinten v\u00e1ltozik, ez\u00e9rt k\u00e9rj\u00fck, \u00e9rdekl\u0151dj\u00f6n szem\u00e9lyesen, <\/span><\/b>a 17. ker\u00fclet Bakancsos utca 7. sz\u00e1m alatti Kert\u00e9szeti \u00e1rud\u00e1nkban.<\/p>\n<p><b><u>Kert\u00e9p\u00edt\u0151k \u00e9s viszontelad\u00f3k regisztr\u00e1l\u00e1s ut\u00e1n egyedi kedvezm\u00e9nnyel v\u00e1s\u00e1rolhatnak kert\u00e9szeti kis-\u00e9s nagykeresked\u00e9s\u00fcnkben.<\/u><\/b><\/p>","protected":false},"excerpt":{"rendered":"<h3 align=\"justify\">Kiz\u00e1r\u00f3lag szem\u00e9lyes \u00e1tv\u00e9tellel lehets\u00e9ges a term\u00e9k megv\u00e1s\u00e1rl\u00e1sa!<\/h3>\n<p>&nbsp;<\/p>","protected":false},"featured_media":23962,"template":"","meta":{"_et_pb_use_builder":"","_et_pb_old_content":"","_et_gb_content_width":""},"product_brand":[],"product_cat":[3422],"product_tag":[4735,6045,4854],"class_list":{"0":"post-23960","1":"product","2":"type-product","3":"status-publish","4":"has-post-thumbnail","6":"product_cat-gyomirto-szer","7":"product_tag-gyomirto","8":"product_tag-pumpas","9":"product_tag-totalis-gyomirto","11":"first","12":"instock","13":"shipping-taxable","14":"purchasable","15":"product-type-simple"},"yoast_head":"<!-- This site is optimized with the Yoast SEO plugin v27.5 - https:\/\/yoast.com\/product\/yoast-seo-wordpress\/ -->\n<title>Total spray 0,5 l gyomirt\u00f3 permetszer - T\u00e1jkert\u00e9sz<\/title>\n<meta name=\"description\" content=\"Total spray 0,5 l gyomirt\u00f3 permetszer......................................................................................\" \/>\n<meta name=\"robots\" content=\"index, follow, max-snippet:-1, max-image-preview:large, max-video-preview:-1\" \/>\n<link rel=\"canonical\" href=\"https:\/\/tajkertesz.com\/en_US\/product\/total-spray-05-l-gyomirto-permetszer\/\" \/>\n<meta property=\"og:locale\" content=\"en_US\" \/>\n<meta property=\"og:type\" content=\"article\" \/>\n<meta property=\"og:title\" content=\"Total spray 0,5 l gyomirt\u00f3 permetszer - T\u00e1jkert\u00e9sz\" \/>\n<meta property=\"og:description\" content=\"Total spray 0,5 l gyomirt\u00f3 permetszer......................................................................................\" \/>\n<meta property=\"og:url\" content=\"https:\/\/tajkertesz.com\/en_US\/product\/total-spray-05-l-gyomirto-permetszer\/\" \/>\n<meta property=\"og:site_name\" content=\"T\u00e1jkert\u00e9sz\" \/>\n<meta property=\"article:publisher\" content=\"https:\/\/www.facebook.com\/Tajkertesz\/\" \/>\n<meta property=\"article:modified_time\" content=\"2025-07-17T10:50:01+00:00\" \/>\n<meta property=\"og:image\" content=\"https:\/\/tajkertesz.com\/wp-content\/uploads\/2025\/07\/tota2201.webp\" \/>\n\t<meta property=\"og:image:width\" content=\"548\" \/>\n\t<meta property=\"og:image:height\" content=\"600\" \/>\n\t<meta property=\"og:image:type\" content=\"image\/webp\" \/>\n<meta name=\"twitter:card\" content=\"summary_large_image\" \/>\n<meta name=\"twitter:label1\" content=\"Est. reading time\" \/>\n\t<meta name=\"twitter:data1\" content=\"2 minutes\" \/>\n<script type=\"application\/ld+json\" class=\"yoast-schema-graph\">{\"@context\":\"https:\\\/\\\/schema.org\",\"@graph\":[{\"@type\":\"WebPage\",\"@id\":\"https:\\\/\\\/tajkertesz.com\\\/termek\\\/total-spray-05-l-gyomirto-permetszer\\\/\",\"url\":\"https:\\\/\\\/tajkertesz.com\\\/termek\\\/total-spray-05-l-gyomirto-permetszer\\\/\",\"name\":\"Total spray 0,5 l gyomirt\u00f3 permetszer - T\u00e1jkert\u00e9sz\",\"isPartOf\":{\"@id\":\"https:\\\/\\\/tajkertesz.com\\\/#website\"},\"primaryImageOfPage\":{\"@id\":\"https:\\\/\\\/tajkertesz.com\\\/termek\\\/total-spray-05-l-gyomirto-permetszer\\\/#primaryimage\"},\"image\":{\"@id\":\"https:\\\/\\\/tajkertesz.com\\\/termek\\\/total-spray-05-l-gyomirto-permetszer\\\/#primaryimage\"},\"thumbnailUrl\":\"https:\\\/\\\/tajkertesz.com\\\/wp-content\\\/uploads\\\/2025\\\/07\\\/tota2201.webp\",\"datePublished\":\"2025-07-17T10:49:59+00:00\",\"dateModified\":\"2025-07-17T10:50:01+00:00\",\"description\":\"Total spray 0,5 l gyomirt\u00f3 permetszer......................................................................................\",\"breadcrumb\":{\"@id\":\"https:\\\/\\\/tajkertesz.com\\\/termek\\\/total-spray-05-l-gyomirto-permetszer\\\/#breadcrumb\"},\"inLanguage\":\"en-US\",\"potentialAction\":[{\"@type\":\"ReadAction\",\"target\":[\"https:\\\/\\\/tajkertesz.com\\\/termek\\\/total-spray-05-l-gyomirto-permetszer\\\/\"]}]},{\"@type\":\"ImageObject\",\"inLanguage\":\"en-US\",\"@id\":\"https:\\\/\\\/tajkertesz.com\\\/termek\\\/total-spray-05-l-gyomirto-permetszer\\\/#primaryimage\",\"url\":\"https:\\\/\\\/tajkertesz.com\\\/wp-content\\\/uploads\\\/2025\\\/07\\\/tota2201.webp\",\"contentUrl\":\"https:\\\/\\\/tajkertesz.com\\\/wp-content\\\/uploads\\\/2025\\\/07\\\/tota2201.webp\",\"width\":548,\"height\":600},{\"@type\":\"BreadcrumbList\",\"@id\":\"https:\\\/\\\/tajkertesz.com\\\/termek\\\/total-spray-05-l-gyomirto-permetszer\\\/#breadcrumb\",\"itemListElement\":[{\"@type\":\"ListItem\",\"position\":1,\"name\":\"Home\",\"item\":\"https:\\\/\\\/tajkertesz.com\\\/\"},{\"@type\":\"ListItem\",\"position\":2,\"name\":\"Kezd\u0151lap\",\"item\":\"https:\\\/\\\/tajkertesz.com\\\/\"},{\"@type\":\"ListItem\",\"position\":3,\"name\":\"Total spray 0,5 l gyomirt\u00f3 permetszer\"}]},{\"@type\":\"WebSite\",\"@id\":\"https:\\\/\\\/tajkertesz.com\\\/#website\",\"url\":\"https:\\\/\\\/tajkertesz.com\\\/\",\"name\":\"T\u00e1j-Kert\u00e9sz 84 Kft.\",\"description\":\"Kert\u00e9szeti kis- \u00e9s nagykeresked\u00e9s, D\u00edszn\u00f6v\u00e9ny web\u00e1ruh\u00e1z orsz\u00e1gos h\u00e1zhozsz\u00e1ll\u00edt\u00e1ssal!\",\"publisher\":{\"@id\":\"https:\\\/\\\/tajkertesz.com\\\/#organization\"},\"potentialAction\":[{\"@type\":\"SearchAction\",\"target\":{\"@type\":\"EntryPoint\",\"urlTemplate\":\"https:\\\/\\\/tajkertesz.com\\\/?s={search_term_string}\"},\"query-input\":{\"@type\":\"PropertyValueSpecification\",\"valueRequired\":true,\"valueName\":\"search_term_string\"}}],\"inLanguage\":\"en-US\"},{\"@type\":\"Organization\",\"@id\":\"https:\\\/\\\/tajkertesz.com\\\/#organization\",\"name\":\"T\u00e1j-Kert\u00e9sz 84 Kft.\",\"url\":\"https:\\\/\\\/tajkertesz.com\\\/\",\"logo\":{\"@type\":\"ImageObject\",\"inLanguage\":\"en-US\",\"@id\":\"https:\\\/\\\/tajkertesz.com\\\/#\\\/schema\\\/logo\\\/image\\\/\",\"url\":\"https:\\\/\\\/tajkertesz.com\\\/wp-content\\\/uploads\\\/2018\\\/02\\\/logo-2-e1518678052539.png\",\"contentUrl\":\"https:\\\/\\\/tajkertesz.com\\\/wp-content\\\/uploads\\\/2018\\\/02\\\/logo-2-e1518678052539.png\",\"width\":81,\"height\":140,\"caption\":\"T\u00e1j-Kert\u00e9sz 84 Kft.\"},\"image\":{\"@id\":\"https:\\\/\\\/tajkertesz.com\\\/#\\\/schema\\\/logo\\\/image\\\/\"},\"sameAs\":[\"https:\\\/\\\/www.facebook.com\\\/Tajkertesz\\\/\"]}]}<\/script>\n<!-- \/ Yoast SEO plugin. -->","yoast_head_json":{"title":"Total spray 0,5 l gyomirt\u00f3 permetszer - T\u00e1jkert\u00e9sz","description":"Total spray 0,5 l gyomirt\u00f3 permetszer......................................................................................","robots":{"index":"index","follow":"follow","max-snippet":"max-snippet:-1","max-image-preview":"max-image-preview:large","max-video-preview":"max-video-preview:-1"},"canonical":"https:\/\/tajkertesz.com\/en_US\/product\/total-spray-05-l-gyomirto-permetszer\/","og_locale":"en_US","og_type":"article","og_title":"Total spray 0,5 l gyomirt\u00f3 permetszer - T\u00e1jkert\u00e9sz","og_description":"Total spray 0,5 l gyomirt\u00f3 permetszer......................................................................................","og_url":"https:\/\/tajkertesz.com\/en_US\/product\/total-spray-05-l-gyomirto-permetszer\/","og_site_name":"T\u00e1jkert\u00e9sz","article_publisher":"https:\/\/www.facebook.com\/Tajkertesz\/","article_modified_time":"2025-07-17T10:50:01+00:00","og_image":[{"width":548,"height":600,"url":"https:\/\/tajkertesz.com\/wp-content\/uploads\/2025\/07\/tota2201.webp","type":"image\/webp"}],"twitter_card":"summary_large_image","twitter_misc":{"Est. reading time":"2 minutes"},"schema":{"@context":"https:\/\/schema.org","@graph":[{"@type":"WebPage","@id":"https:\/\/tajkertesz.com\/termek\/total-spray-05-l-gyomirto-permetszer\/","url":"https:\/\/tajkertesz.com\/termek\/total-spray-05-l-gyomirto-permetszer\/","name":"Total spray 0,5 l gyomirt\u00f3 permetszer - T\u00e1jkert\u00e9sz","isPartOf":{"@id":"https:\/\/tajkertesz.com\/#website"},"primaryImageOfPage":{"@id":"https:\/\/tajkertesz.com\/termek\/total-spray-05-l-gyomirto-permetszer\/#primaryimage"},"image":{"@id":"https:\/\/tajkertesz.com\/termek\/total-spray-05-l-gyomirto-permetszer\/#primaryimage"},"thumbnailUrl":"https:\/\/tajkertesz.com\/wp-content\/uploads\/2025\/07\/tota2201.webp","datePublished":"2025-07-17T10:49:59+00:00","dateModified":"2025-07-17T10:50:01+00:00","description":"Total spray 0,5 l gyomirt\u00f3 permetszer......................................................................................","breadcrumb":{"@id":"https:\/\/tajkertesz.com\/termek\/total-spray-05-l-gyomirto-permetszer\/#breadcrumb"},"inLanguage":"en-US","potentialAction":[{"@type":"ReadAction","target":["https:\/\/tajkertesz.com\/termek\/total-spray-05-l-gyomirto-permetszer\/"]}]},{"@type":"ImageObject","inLanguage":"en-US","@id":"https:\/\/tajkertesz.com\/termek\/total-spray-05-l-gyomirto-permetszer\/#primaryimage","url":"https:\/\/tajkertesz.com\/wp-content\/uploads\/2025\/07\/tota2201.webp","contentUrl":"https:\/\/tajkertesz.com\/wp-content\/uploads\/2025\/07\/tota2201.webp","width":548,"height":600},{"@type":"BreadcrumbList","@id":"https:\/\/tajkertesz.com\/termek\/total-spray-05-l-gyomirto-permetszer\/#breadcrumb","itemListElement":[{"@type":"ListItem","position":1,"name":"Home","item":"https:\/\/tajkertesz.com\/"},{"@type":"ListItem","position":2,"name":"Kezd\u0151lap","item":"https:\/\/tajkertesz.com\/"},{"@type":"ListItem","position":3,"name":"Total spray 0,5 l gyomirt\u00f3 permetszer"}]},{"@type":"WebSite","@id":"https:\/\/tajkertesz.com\/#website","url":"https:\/\/tajkertesz.com\/","name":"T\u00e1j-Kert\u00e9sz 84 Kft.","description":"Kert\u00e9szeti kis- \u00e9s nagykeresked\u00e9s, D\u00edszn\u00f6v\u00e9ny web\u00e1ruh\u00e1z orsz\u00e1gos h\u00e1zhozsz\u00e1ll\u00edt\u00e1ssal!","publisher":{"@id":"https:\/\/tajkertesz.com\/#organization"},"potentialAction":[{"@type":"SearchAction","target":{"@type":"EntryPoint","urlTemplate":"https:\/\/tajkertesz.com\/?s={search_term_string}"},"query-input":{"@type":"PropertyValueSpecification","valueRequired":true,"valueName":"search_term_string"}}],"inLanguage":"en-US"},{"@type":"Organization","@id":"https:\/\/tajkertesz.com\/#organization","name":"T\u00e1j-Kert\u00e9sz 84 Kft.","url":"https:\/\/tajkertesz.com\/","logo":{"@type":"ImageObject","inLanguage":"en-US","@id":"https:\/\/tajkertesz.com\/#\/schema\/logo\/image\/","url":"https:\/\/tajkertesz.com\/wp-content\/uploads\/2018\/02\/logo-2-e1518678052539.png","contentUrl":"https:\/\/tajkertesz.com\/wp-content\/uploads\/2018\/02\/logo-2-e1518678052539.png","width":81,"height":140,"caption":"T\u00e1j-Kert\u00e9sz 84 Kft."},"image":{"@id":"https:\/\/tajkertesz.com\/#\/schema\/logo\/image\/"},"sameAs":["https:\/\/www.facebook.com\/Tajkertesz\/"]}]}},"_links":{"self":[{"href":"https:\/\/tajkertesz.com\/en_US\/wp-json\/wp\/v2\/product\/23960","targetHints":{"allow":["GET"]}}],"collection":[{"href":"https:\/\/tajkertesz.com\/en_US\/wp-json\/wp\/v2\/product"}],"about":[{"href":"https:\/\/tajkertesz.com\/en_US\/wp-json\/wp\/v2\/types\/product"}],"wp:featuredmedia":[{"embeddable":true,"href":"https:\/\/tajkertesz.com\/en_US\/wp-json\/wp\/v2\/media\/23962"}],"wp:attachment":[{"href":"https:\/\/tajkertesz.com\/en_US\/wp-json\/wp\/v2\/media?parent=23960"}],"wp:term":[{"taxonomy":"product_brand","embeddable":true,"href":"https:\/\/tajkertesz.com\/en_US\/wp-json\/wp\/v2\/product_brand?post=23960"},{"taxonomy":"product_cat","embeddable":true,"href":"https:\/\/tajkertesz.com\/en_US\/wp-json\/wp\/v2\/product_cat?post=23960"},{"taxonomy":"product_tag","embeddable":true,"href":"https:\/\/tajkertesz.com\/en_US\/wp-json\/wp\/v2\/product_tag?post=23960"}],"curies":[{"name":"wp","href":"https:\/\/api.w.org\/{rel}","templated":true}]}}