{"id":23961,"date":"2025-07-17T14:28:30","date_gmt":"2025-07-17T14:28:30","guid":{"rendered":"https:\/\/tajkertesz.com\/?post_type=product&#038;p=23961"},"modified":"2025-09-26T13:59:07","modified_gmt":"2025-09-26T13:59:07","slug":"washingtonia-robusta-mexikoi-legyezopalma","status":"publish","type":"product","link":"https:\/\/tajkertesz.com\/en_US\/product\/washingtonia-robusta-mexikoi-legyezopalma\/","title":{"rendered":"Washingtonia robusta &#8211; Mexik\u00f3i legyez\u0151p\u00e1lma"},"content":{"rendered":"<h1>Washingtonia robusta &#8211; Mexik\u00f3i legyez\u0151p\u00e1lma<\/h1>\n<p data-start=\"717\" data-end=\"1016\">A <strong data-start=\"719\" data-end=\"743\">Washingtonia robusta<\/strong>, k\u00f6zismertebb nev\u00e9n <strong data-start=\"764\" data-end=\"788\">mexik\u00f3i legyez\u0151p\u00e1lma<\/strong>, az egyik leggyorsabban n\u00f6v\u0151 p\u00e1lmafajta. Karcs\u00fa, magas t\u00f6rzse \u00e9s hatalmas, legyez\u0151 alak\u00fa levelei egzotikus megjelen\u00e9st k\u00f6lcs\u00f6n\u00f6znek b\u00e1rmilyen k\u00f6rnyezetnek. Alkalmas k\u00fclt\u00e9ri nevel\u00e9sre, de fiatal korban \u00e9s t\u00e9len v\u00e9delmet ig\u00e9nyel.<\/p>\n<h4 data-start=\"1018\" data-end=\"1036\">\ud83d\udccf <strong data-start=\"1026\" data-end=\"1036\">M\u00e9ret:<\/strong><\/h4>\n<ul data-start=\"1037\" data-end=\"1165\">\n<li data-start=\"1037\" data-end=\"1079\">\n<p data-start=\"1039\" data-end=\"1079\">N\u00f6v\u00e9nymagass\u00e1g: 80\u2013150 cm (sz\u00e1ll\u00edt\u00e1skor)<\/p>\n<\/li>\n<li data-start=\"1080\" data-end=\"1146\">\n<p data-start=\"1082\" data-end=\"1146\">Feln\u0151ttkori magass\u00e1g: ak\u00e1r 10\u201315 m\u00e9ter is lehet meleg \u00e9ghajlaton<\/p>\n<\/li>\n<li data-start=\"1147\" data-end=\"1165\">\n<p data-start=\"1149\" data-end=\"1165\">Gyors n\u00f6veked\u00e9s\u0171<\/p>\n<\/li>\n<\/ul>\n<h4 data-start=\"1167\" data-end=\"1189\">\u2744\ufe0f <strong data-start=\"1175\" data-end=\"1189\">Fagyt\u0171r\u00e9s:<\/strong><\/h4>\n<ul data-start=\"1190\" data-end=\"1300\">\n<li data-start=\"1190\" data-end=\"1228\">\n<p data-start=\"1192\" data-end=\"1228\">R\u00f6vid ideig kb. <strong data-start=\"1208\" data-end=\"1217\">-5 \u00b0C<\/strong>-ot elvisel<\/p>\n<\/li>\n<li data-start=\"1229\" data-end=\"1300\">\n<p data-start=\"1231\" data-end=\"1300\">Magyar \u00e9ghajlaton <strong data-start=\"1249\" data-end=\"1264\">teleltet\u00e9st<\/strong> ig\u00e9nyel (pl. vil\u00e1gos, h\u0171v\u00f6s helyen)<\/p>\n<\/li>\n<\/ul>\n<h4 data-start=\"1302\" data-end=\"1331\">\u2600\ufe0f <strong data-start=\"1310\" data-end=\"1331\">F\u00e9ny- \u00e9s h\u0151ig\u00e9ny:<\/strong><\/h4>\n<ul data-start=\"1332\" data-end=\"1433\">\n<li data-start=\"1332\" data-end=\"1395\">\n<p data-start=\"1334\" data-end=\"1395\">Nagyon f\u00e9nyig\u00e9nyes \u2013 napos, meleg helyen fejl\u0151dik a legjobban<\/p>\n<\/li>\n<li data-start=\"1396\" data-end=\"1433\">\n<p data-start=\"1398\" data-end=\"1433\">Kedveli a meleg, sz\u00e9lv\u00e9dett fekv\u00e9st<\/p>\n<\/li>\n<\/ul>\n<h4 data-start=\"1435\" data-end=\"1456\">\ud83d\udca7 <strong data-start=\"1443\" data-end=\"1456\">Gondoz\u00e1s:<\/strong><\/h4>\n<ul data-start=\"1457\" data-end=\"1602\">\n<li data-start=\"1457\" data-end=\"1496\">\n<p data-start=\"1459\" data-end=\"1496\">Meleg id\u0151ben b\u0151s\u00e9ges \u00f6nt\u00f6z\u00e9st ig\u00e9nyel<\/p>\n<\/li>\n<li data-start=\"1497\" data-end=\"1554\">\n<p data-start=\"1499\" data-end=\"1554\">T\u00e9len visszafogott \u00f6nt\u00f6z\u00e9s, gy\u00f6k\u00e9rrothad\u00e1s elker\u00fcl\u00e9s\u00e9re<\/p>\n<\/li>\n<li data-start=\"1555\" data-end=\"1602\">\n<p data-start=\"1557\" data-end=\"1602\">J\u00f3 v\u00edzelvezet\u00e9s\u0171, t\u00e1panyagd\u00fas talaj sz\u00fcks\u00e9ges<\/p>\n<\/li>\n<\/ul>\n<h4 data-start=\"1604\" data-end=\"1629\">\ud83c\udfe1 <strong data-start=\"1612\" data-end=\"1629\">Felhaszn\u00e1l\u00e1s:<\/strong><\/h4>\n<ul data-start=\"1630\" data-end=\"1762\">\n<li data-start=\"1630\" data-end=\"1678\">\n<p data-start=\"1632\" data-end=\"1678\">Mediterr\u00e1n hangulat\u00fa kertekbe, k\u00fclt\u00e9ri d\u00e9zs\u00e1ba<\/p>\n<\/li>\n<li data-start=\"1679\" data-end=\"1711\">\n<p data-start=\"1681\" data-end=\"1711\">Napos teraszokra, t\u00e9likertekbe<\/p>\n<\/li>\n<li data-start=\"1712\" data-end=\"1762\">\n<p data-start=\"1714\" data-end=\"1762\">Szoliterk\u00e9nt, nagy cserepekbe \u00fcltetve is mutat\u00f3s<\/p>\n<\/li>\n<\/ul>\n<p>&nbsp;<\/p>\n<p>A n\u00f6v\u00e9ny jelenlegi m\u00e9rete: 120\/140 cm magas, 10 literes kont\u00e9nerben.<\/p>\n<h5><strong>\ud83d\udd04 K\u00e9szletinform\u00e1ci\u00f3<\/strong><\/h5>\n<p><strong>K\u00e9szlet\u00fcnk napi szinten v\u00e1ltozik, \u00edgy a webshopban szerepl<\/strong><strong>\u0151<\/strong><strong> term\u00e9kek el\u00e9rhet<\/strong><strong>\u0151<\/strong><strong>s\u00e9ge nem garant\u00e1lt.<br \/>\n\ud83d\udcde A megrendel\u00e9s el<\/strong><strong>\u0151<\/strong><strong>tt k\u00e9rj\u00fck, \u00e9rdekl<\/strong><strong>\u0151<\/strong><strong>dj\u00f6n szem\u00e9lyesen, telefonon vagy e-mailben!<\/strong><\/p>\n<h5><strong>\u27a1\ufe0f Kapcsolat:<\/strong><\/h5>\n<ul>\n<li><strong>Weboldal: <\/strong><a href=\"https:\/\/tajkertesz.com\"><strong>tajkertesz.com<\/strong><\/a><\/li>\n<li><strong>Facebook: <\/strong><a href=\"https:\/\/www.facebook.com\/tajkertesz\/\"><strong>facebook.com\/tajkertesz<\/strong><\/a><\/li>\n<li><strong>Telefonsz\u00e1m, e-mail: +36\/20-319-3770 <\/strong><a href=\"mailto:tajkerteszaruda@gmail.com\"><strong>tajkerteszaruda@gmail.com<\/strong><\/a><\/li>\n<\/ul>\n<h5><strong>\ud83d\ude9a Sz\u00e1ll\u00edt\u00e1si inform\u00e1ci\u00f3k<\/strong><\/h5>\n<p><strong>A megrendelt n\u00f6v\u00e9nyek kisz\u00e1ll\u00edt\u00e1sa az al\u00e1bbi felt\u00e9telek mellett t\u00f6rt\u00e9nik:<\/strong><\/p>\n<h5><strong>\ud83d\udce6 Fut\u00e1rszolg\u00e1latos sz\u00e1ll\u00edt\u00e1s<\/strong><\/h5>\n<ul>\n<li><strong>Maxim\u00e1lis m\u00e9ret: 200 cm (hossz\u00fas\u00e1g)<\/strong><\/li>\n<li><strong>Maxim\u00e1lis s\u00faly: 40 kg<\/strong><\/li>\n<li><strong>Az enn\u00e9l kisebb \u00e9s k\u00f6nnyebb csomagokat fut\u00e1rszolg\u00e1lattal k\u00e9zbes\u00edtj\u00fck a lehet<\/strong><strong>\u0151<\/strong><strong> legbiztons\u00e1gosabb csomagol\u00e1sban.<\/strong><\/li>\n<\/ul>\n<h5><strong>\ud83d\udefb Szem\u00e9lyes \u00e1tv\u00e9tel<\/strong><\/h5>\n<ul>\n<li><strong>1173 Budapest, Bakancsos utca 7. sz\u00e1m alatt nyitvatart\u00e1si id<\/strong><strong>\u0151<\/strong><strong>ben szem\u00e9lyesen \u00e1tvehet<\/strong><strong>\u0151<\/strong><strong> kert\u00e9szeti \u00e1rud\u00e1nkban.<\/strong><\/li>\n<li><strong>K\u00f6lts\u00e9ghat\u00e9kony megold\u00e1s nagyobb, t\u00f6r\u00e9kenyebb vagy t\u00falm\u00e9retes n\u00f6v\u00e9nyek eset\u00e9n.<\/strong><\/li>\n<\/ul>\n<h5><strong>\ud83d\udcde Nagy m\u00e9ret<\/strong><strong>\u0171<\/strong><strong> vagy s\u00faly\u00fa n\u00f6v\u00e9nyek eset\u00e9n<\/strong><\/h5>\n<p><strong>Ha a term\u00e9k:<\/strong><\/p>\n<ul>\n<li><strong>meghaladja a 200 cm hossz\u00fas\u00e1got vagy<\/strong><\/li>\n<li><strong>meghaladja a 40 kg s\u00falyt,<\/strong><\/li>\n<\/ul>\n<p><strong>akkor szem\u00e9lyes \u00e1tv\u00e9tellel vagy egyedi, el<\/strong><strong>\u0151<\/strong><strong>re egyeztetett sz\u00e1ll\u00edt\u00e1si felt\u00e9telek mellett t\u00f6rt\u00e9nik.<br \/>\nK\u00e9rj\u00fck, ilyen esetben rendel\u00e9s el<\/strong><strong>\u0151<\/strong><strong>tt vegye fel vel\u00fcnk a kapcsolatot, hogy a lehet<\/strong><strong>\u0151<\/strong><strong> legmegfelel<\/strong><strong>\u0151<\/strong><strong>bb sz\u00e1ll\u00edt\u00e1si megold\u00e1st k\u00edn\u00e1lhassuk.<\/strong><\/p>\n<p><strong>\ud83d\udd14 Fontos: A n\u00f6v\u00e9nyeket minden esetben igyeksz\u00fcnk gondosan, egyes\u00e9vel csomagolni, azonban a sz\u00e1ll\u00edt\u00e1s sor\u00e1n kisebb eszt\u00e9tikai s\u00e9r\u00fcl\u00e9sek el<\/strong><strong>\u0151<\/strong><strong>fordulhatnak (pl. lev\u00e9lhull\u00e1s). Ez nem min<\/strong><strong>\u0151<\/strong><strong>s\u00fcl hib\u00e1s teljes\u00edt\u00e9snek.<\/strong><\/p>\n<h5><strong>\ud83d\udcf7 Fontos tudni a k\u00e9pekr<\/strong><strong>\u0151<\/strong><strong>l<\/strong><\/h5>\n<p><strong>A webshopban szerepl<\/strong><strong>\u0151<\/strong><strong> k\u00e9pek illusztr\u00e1ci\u00f3k, a n\u00f6v\u00e9nyek term\u00e9szet\u00fckn\u00e9l fogva egyediek, \u00edgy m\u00e9retben, alakban \u00e9s sz\u00ednben minim\u00e1lis elt\u00e9r\u00e9sek el<\/strong><strong>\u0151<\/strong><strong>fordulhatnak a k\u00e9pen l\u00e1that\u00f3 \u00e9s a val\u00f3s p\u00e9ld\u00e1nyok k\u00f6z\u00f6tt.<\/strong><\/p>\n<h5><strong>\ud83e\uddfe \u00c1rak \u00e9s el\u00e1ll\u00e1si jog<\/strong><\/h5>\n<ul>\n<li><strong>Az \u00e1rak egy darab\u00a0n\u00f6v\u00e9nyre vonatkoznak.<\/strong><\/li>\n<li><strong>\u00c9l<\/strong><strong>\u0151<\/strong><strong> n\u00f6v\u00e9nyek rendel\u00e9se eset\u00e9n a 14 napos el\u00e1ll\u00e1s joga nem \u00e9rv\u00e9nyes\u00edthet<\/strong><strong>\u0151<\/strong><strong>, mivel azok romland\u00f3, biol\u00f3giailag \u00e9l<\/strong><strong>\u0151<\/strong><strong> term\u00e9keknek min<\/strong><strong>\u0151<\/strong><strong>s\u00fclnek.<br \/>\n\ud83d\udd12 (17\/1999. (II. 5.) Korm. rendelet 5. \u00a7 c) pontja alapj\u00e1n)<\/strong><\/li>\n<\/ul>\n<h5><strong>\ud83d\udce6 K\u00e9zbes\u00edt\u00e9s ut\u00e1ni teend<\/strong><strong>\u0151<\/strong><strong>k<\/strong><\/h5>\n<p><strong>A k\u00e9zbes\u00edt\u00e9st k\u00f6vet<\/strong><strong>\u0151<\/strong><strong>en a csomagot azonnal bontsuk ki, \u00e9s a n\u00f6v\u00e9nyt helyezz\u00fck el megfelel<\/strong><strong>\u0151<\/strong><strong> k\u00f6rnyezetben.<br \/>\nFontos: ha a n\u00f6v\u00e9ny nem r\u00e9szes\u00fcl megfelel<\/strong><strong>\u0151<\/strong><strong> gondoz\u00e1sban \u00e9s ennek k\u00f6vetkezt\u00e9ben k\u00e1rosodik vagy elpusztul, felel<\/strong><strong>\u0151<\/strong><strong>ss\u00e9get nem tudunk v\u00e1llalni.<\/strong><\/p>\n<p><strong>\u00a0<\/strong><\/p>","protected":false},"excerpt":{"rendered":"<p>A Washingtonia robusta, vagyis a mexik\u00f3i legyez\u0151p\u00e1lma, gyors n\u00f6veked\u00e9s\u0171, impoz\u00e1ns megjelen\u00e9s\u0171 p\u00e1lma. Mediterr\u00e1n hangulatot var\u00e1zsol kertedbe vagy teraszodra. D\u00e9zs\u00e1ban nevelhet\u0151, t\u00e9li v\u00e9delem aj\u00e1nlott.<\/p>\n<p>A n\u00f6v\u00e9ny jelenlegi m\u00e9rete: 120\/140 cm magas, 10 literes kont\u00e9nerben.<\/p>","protected":false},"featured_media":23967,"template":"","meta":{"_et_pb_use_builder":"","_et_pb_old_content":"","_et_gb_content_width":""},"product_brand":[],"product_cat":[517],"product_tag":[6057,6055,6056,6054,6053,6052],"class_list":{"0":"post-23961","1":"product","2":"type-product","3":"status-publish","4":"has-post-thumbnail","6":"product_cat-palmak-citrusok-es-mediterran-novenyek","7":"product_tag-dezsas-noveny","8":"product_tag-exotikus-palma","9":"product_tag-gyors-novesu-palma","10":"product_tag-legyezopalma","11":"product_tag-mexikoi-legyezopalma","12":"product_tag-washingtonia-robusta","14":"first","15":"outofstock","16":"sale","17":"shipping-taxable","18":"purchasable","19":"product-type-simple"},"yoast_head":"<!-- This site is optimized with the Yoast SEO plugin v27.5 - https:\/\/yoast.com\/product\/yoast-seo-wordpress\/ -->\n<title>Washingtonia robusta - Mexik\u00f3i legyez\u0151p\u00e1lma - T\u00e1jkert\u00e9sz<\/title>\n<meta name=\"description\" content=\"endeld meg a mexik\u00f3i legyez\u0151p\u00e1lm\u00e1t (Washingtonia robusta) online! Gyors n\u00f6veked\u00e9s, egzotikus megjelen\u00e9s, ide\u00e1lis teraszra vagy d\u00e9zs\u00e1ba.\" \/>\n<meta name=\"robots\" content=\"index, follow, max-snippet:-1, max-image-preview:large, max-video-preview:-1\" \/>\n<link rel=\"canonical\" href=\"https:\/\/tajkertesz.com\/en_US\/product\/washingtonia-robusta-mexikoi-legyezopalma\/\" \/>\n<meta property=\"og:locale\" content=\"en_US\" \/>\n<meta property=\"og:type\" content=\"article\" \/>\n<meta property=\"og:title\" content=\"Washingtonia robusta - Mexik\u00f3i legyez\u0151p\u00e1lma - T\u00e1jkert\u00e9sz\" \/>\n<meta property=\"og:description\" content=\"endeld meg a mexik\u00f3i legyez\u0151p\u00e1lm\u00e1t (Washingtonia robusta) online! Gyors n\u00f6veked\u00e9s, egzotikus megjelen\u00e9s, ide\u00e1lis teraszra vagy d\u00e9zs\u00e1ba.\" \/>\n<meta property=\"og:url\" content=\"https:\/\/tajkertesz.com\/en_US\/product\/washingtonia-robusta-mexikoi-legyezopalma\/\" \/>\n<meta property=\"og:site_name\" content=\"T\u00e1jkert\u00e9sz\" \/>\n<meta property=\"article:publisher\" content=\"https:\/\/www.facebook.com\/Tajkertesz\/\" \/>\n<meta property=\"article:modified_time\" content=\"2025-09-26T13:59:07+00:00\" \/>\n<meta property=\"og:image\" content=\"https:\/\/tajkertesz.com\/wp-content\/uploads\/2025\/07\/20250716_162404-scaled.jpg\" \/>\n\t<meta property=\"og:image:width\" content=\"1920\" \/>\n\t<meta property=\"og:image:height\" content=\"2560\" \/>\n\t<meta property=\"og:image:type\" content=\"image\/jpeg\" \/>\n<meta name=\"twitter:card\" content=\"summary_large_image\" \/>\n<meta name=\"twitter:label1\" content=\"Est. reading time\" \/>\n\t<meta name=\"twitter:data1\" content=\"3 minutes\" \/>\n<script type=\"application\/ld+json\" class=\"yoast-schema-graph\">{\"@context\":\"https:\\\/\\\/schema.org\",\"@graph\":[{\"@type\":\"WebPage\",\"@id\":\"https:\\\/\\\/tajkertesz.com\\\/termek\\\/washingtonia-robusta-mexikoi-legyezopalma\\\/\",\"url\":\"https:\\\/\\\/tajkertesz.com\\\/termek\\\/washingtonia-robusta-mexikoi-legyezopalma\\\/\",\"name\":\"Washingtonia robusta - Mexik\u00f3i legyez\u0151p\u00e1lma - T\u00e1jkert\u00e9sz\",\"isPartOf\":{\"@id\":\"https:\\\/\\\/tajkertesz.com\\\/#website\"},\"primaryImageOfPage\":{\"@id\":\"https:\\\/\\\/tajkertesz.com\\\/termek\\\/washingtonia-robusta-mexikoi-legyezopalma\\\/#primaryimage\"},\"image\":{\"@id\":\"https:\\\/\\\/tajkertesz.com\\\/termek\\\/washingtonia-robusta-mexikoi-legyezopalma\\\/#primaryimage\"},\"thumbnailUrl\":\"https:\\\/\\\/tajkertesz.com\\\/wp-content\\\/uploads\\\/2025\\\/07\\\/20250716_162404-scaled.jpg\",\"datePublished\":\"2025-07-17T14:28:30+00:00\",\"dateModified\":\"2025-09-26T13:59:07+00:00\",\"description\":\"endeld meg a mexik\u00f3i legyez\u0151p\u00e1lm\u00e1t (Washingtonia robusta) online! Gyors n\u00f6veked\u00e9s, egzotikus megjelen\u00e9s, ide\u00e1lis teraszra vagy d\u00e9zs\u00e1ba.\",\"breadcrumb\":{\"@id\":\"https:\\\/\\\/tajkertesz.com\\\/termek\\\/washingtonia-robusta-mexikoi-legyezopalma\\\/#breadcrumb\"},\"inLanguage\":\"en-US\",\"potentialAction\":[{\"@type\":\"ReadAction\",\"target\":[\"https:\\\/\\\/tajkertesz.com\\\/termek\\\/washingtonia-robusta-mexikoi-legyezopalma\\\/\"]}]},{\"@type\":\"ImageObject\",\"inLanguage\":\"en-US\",\"@id\":\"https:\\\/\\\/tajkertesz.com\\\/termek\\\/washingtonia-robusta-mexikoi-legyezopalma\\\/#primaryimage\",\"url\":\"https:\\\/\\\/tajkertesz.com\\\/wp-content\\\/uploads\\\/2025\\\/07\\\/20250716_162404-scaled.jpg\",\"contentUrl\":\"https:\\\/\\\/tajkertesz.com\\\/wp-content\\\/uploads\\\/2025\\\/07\\\/20250716_162404-scaled.jpg\",\"width\":1920,\"height\":2560,\"caption\":\"Washingtonia robusta - Mexik\u00f3i legyez\u0151p\u00e1lma\"},{\"@type\":\"BreadcrumbList\",\"@id\":\"https:\\\/\\\/tajkertesz.com\\\/termek\\\/washingtonia-robusta-mexikoi-legyezopalma\\\/#breadcrumb\",\"itemListElement\":[{\"@type\":\"ListItem\",\"position\":1,\"name\":\"Home\",\"item\":\"https:\\\/\\\/tajkertesz.com\\\/\"},{\"@type\":\"ListItem\",\"position\":2,\"name\":\"Kezd\u0151lap\",\"item\":\"https:\\\/\\\/tajkertesz.com\\\/\"},{\"@type\":\"ListItem\",\"position\":3,\"name\":\"Washingtonia robusta &#8211; Mexik\u00f3i legyez\u0151p\u00e1lma\"}]},{\"@type\":\"WebSite\",\"@id\":\"https:\\\/\\\/tajkertesz.com\\\/#website\",\"url\":\"https:\\\/\\\/tajkertesz.com\\\/\",\"name\":\"T\u00e1j-Kert\u00e9sz 84 Kft.\",\"description\":\"Kert\u00e9szeti kis- \u00e9s nagykeresked\u00e9s, D\u00edszn\u00f6v\u00e9ny web\u00e1ruh\u00e1z orsz\u00e1gos h\u00e1zhozsz\u00e1ll\u00edt\u00e1ssal!\",\"publisher\":{\"@id\":\"https:\\\/\\\/tajkertesz.com\\\/#organization\"},\"potentialAction\":[{\"@type\":\"SearchAction\",\"target\":{\"@type\":\"EntryPoint\",\"urlTemplate\":\"https:\\\/\\\/tajkertesz.com\\\/?s={search_term_string}\"},\"query-input\":{\"@type\":\"PropertyValueSpecification\",\"valueRequired\":true,\"valueName\":\"search_term_string\"}}],\"inLanguage\":\"en-US\"},{\"@type\":\"Organization\",\"@id\":\"https:\\\/\\\/tajkertesz.com\\\/#organization\",\"name\":\"T\u00e1j-Kert\u00e9sz 84 Kft.\",\"url\":\"https:\\\/\\\/tajkertesz.com\\\/\",\"logo\":{\"@type\":\"ImageObject\",\"inLanguage\":\"en-US\",\"@id\":\"https:\\\/\\\/tajkertesz.com\\\/#\\\/schema\\\/logo\\\/image\\\/\",\"url\":\"https:\\\/\\\/tajkertesz.com\\\/wp-content\\\/uploads\\\/2018\\\/02\\\/logo-2-e1518678052539.png\",\"contentUrl\":\"https:\\\/\\\/tajkertesz.com\\\/wp-content\\\/uploads\\\/2018\\\/02\\\/logo-2-e1518678052539.png\",\"width\":81,\"height\":140,\"caption\":\"T\u00e1j-Kert\u00e9sz 84 Kft.\"},\"image\":{\"@id\":\"https:\\\/\\\/tajkertesz.com\\\/#\\\/schema\\\/logo\\\/image\\\/\"},\"sameAs\":[\"https:\\\/\\\/www.facebook.com\\\/Tajkertesz\\\/\"]}]}<\/script>\n<!-- \/ Yoast SEO plugin. -->","yoast_head_json":{"title":"Washingtonia robusta - Mexik\u00f3i legyez\u0151p\u00e1lma - T\u00e1jkert\u00e9sz","description":"endeld meg a mexik\u00f3i legyez\u0151p\u00e1lm\u00e1t (Washingtonia robusta) online! Gyors n\u00f6veked\u00e9s, egzotikus megjelen\u00e9s, ide\u00e1lis teraszra vagy d\u00e9zs\u00e1ba.","robots":{"index":"index","follow":"follow","max-snippet":"max-snippet:-1","max-image-preview":"max-image-preview:large","max-video-preview":"max-video-preview:-1"},"canonical":"https:\/\/tajkertesz.com\/en_US\/product\/washingtonia-robusta-mexikoi-legyezopalma\/","og_locale":"en_US","og_type":"article","og_title":"Washingtonia robusta - Mexik\u00f3i legyez\u0151p\u00e1lma - T\u00e1jkert\u00e9sz","og_description":"endeld meg a mexik\u00f3i legyez\u0151p\u00e1lm\u00e1t (Washingtonia robusta) online! Gyors n\u00f6veked\u00e9s, egzotikus megjelen\u00e9s, ide\u00e1lis teraszra vagy d\u00e9zs\u00e1ba.","og_url":"https:\/\/tajkertesz.com\/en_US\/product\/washingtonia-robusta-mexikoi-legyezopalma\/","og_site_name":"T\u00e1jkert\u00e9sz","article_publisher":"https:\/\/www.facebook.com\/Tajkertesz\/","article_modified_time":"2025-09-26T13:59:07+00:00","og_image":[{"width":1920,"height":2560,"url":"https:\/\/tajkertesz.com\/wp-content\/uploads\/2025\/07\/20250716_162404-scaled.jpg","type":"image\/jpeg"}],"twitter_card":"summary_large_image","twitter_misc":{"Est. reading time":"3 minutes"},"schema":{"@context":"https:\/\/schema.org","@graph":[{"@type":"WebPage","@id":"https:\/\/tajkertesz.com\/termek\/washingtonia-robusta-mexikoi-legyezopalma\/","url":"https:\/\/tajkertesz.com\/termek\/washingtonia-robusta-mexikoi-legyezopalma\/","name":"Washingtonia robusta - Mexik\u00f3i legyez\u0151p\u00e1lma - T\u00e1jkert\u00e9sz","isPartOf":{"@id":"https:\/\/tajkertesz.com\/#website"},"primaryImageOfPage":{"@id":"https:\/\/tajkertesz.com\/termek\/washingtonia-robusta-mexikoi-legyezopalma\/#primaryimage"},"image":{"@id":"https:\/\/tajkertesz.com\/termek\/washingtonia-robusta-mexikoi-legyezopalma\/#primaryimage"},"thumbnailUrl":"https:\/\/tajkertesz.com\/wp-content\/uploads\/2025\/07\/20250716_162404-scaled.jpg","datePublished":"2025-07-17T14:28:30+00:00","dateModified":"2025-09-26T13:59:07+00:00","description":"endeld meg a mexik\u00f3i legyez\u0151p\u00e1lm\u00e1t (Washingtonia robusta) online! Gyors n\u00f6veked\u00e9s, egzotikus megjelen\u00e9s, ide\u00e1lis teraszra vagy d\u00e9zs\u00e1ba.","breadcrumb":{"@id":"https:\/\/tajkertesz.com\/termek\/washingtonia-robusta-mexikoi-legyezopalma\/#breadcrumb"},"inLanguage":"en-US","potentialAction":[{"@type":"ReadAction","target":["https:\/\/tajkertesz.com\/termek\/washingtonia-robusta-mexikoi-legyezopalma\/"]}]},{"@type":"ImageObject","inLanguage":"en-US","@id":"https:\/\/tajkertesz.com\/termek\/washingtonia-robusta-mexikoi-legyezopalma\/#primaryimage","url":"https:\/\/tajkertesz.com\/wp-content\/uploads\/2025\/07\/20250716_162404-scaled.jpg","contentUrl":"https:\/\/tajkertesz.com\/wp-content\/uploads\/2025\/07\/20250716_162404-scaled.jpg","width":1920,"height":2560,"caption":"Washingtonia robusta - Mexik\u00f3i legyez\u0151p\u00e1lma"},{"@type":"BreadcrumbList","@id":"https:\/\/tajkertesz.com\/termek\/washingtonia-robusta-mexikoi-legyezopalma\/#breadcrumb","itemListElement":[{"@type":"ListItem","position":1,"name":"Home","item":"https:\/\/tajkertesz.com\/"},{"@type":"ListItem","position":2,"name":"Kezd\u0151lap","item":"https:\/\/tajkertesz.com\/"},{"@type":"ListItem","position":3,"name":"Washingtonia robusta &#8211; Mexik\u00f3i legyez\u0151p\u00e1lma"}]},{"@type":"WebSite","@id":"https:\/\/tajkertesz.com\/#website","url":"https:\/\/tajkertesz.com\/","name":"T\u00e1j-Kert\u00e9sz 84 Kft.","description":"Kert\u00e9szeti kis- \u00e9s nagykeresked\u00e9s, D\u00edszn\u00f6v\u00e9ny web\u00e1ruh\u00e1z orsz\u00e1gos h\u00e1zhozsz\u00e1ll\u00edt\u00e1ssal!","publisher":{"@id":"https:\/\/tajkertesz.com\/#organization"},"potentialAction":[{"@type":"SearchAction","target":{"@type":"EntryPoint","urlTemplate":"https:\/\/tajkertesz.com\/?s={search_term_string}"},"query-input":{"@type":"PropertyValueSpecification","valueRequired":true,"valueName":"search_term_string"}}],"inLanguage":"en-US"},{"@type":"Organization","@id":"https:\/\/tajkertesz.com\/#organization","name":"T\u00e1j-Kert\u00e9sz 84 Kft.","url":"https:\/\/tajkertesz.com\/","logo":{"@type":"ImageObject","inLanguage":"en-US","@id":"https:\/\/tajkertesz.com\/#\/schema\/logo\/image\/","url":"https:\/\/tajkertesz.com\/wp-content\/uploads\/2018\/02\/logo-2-e1518678052539.png","contentUrl":"https:\/\/tajkertesz.com\/wp-content\/uploads\/2018\/02\/logo-2-e1518678052539.png","width":81,"height":140,"caption":"T\u00e1j-Kert\u00e9sz 84 Kft."},"image":{"@id":"https:\/\/tajkertesz.com\/#\/schema\/logo\/image\/"},"sameAs":["https:\/\/www.facebook.com\/Tajkertesz\/"]}]}},"_links":{"self":[{"href":"https:\/\/tajkertesz.com\/en_US\/wp-json\/wp\/v2\/product\/23961","targetHints":{"allow":["GET"]}}],"collection":[{"href":"https:\/\/tajkertesz.com\/en_US\/wp-json\/wp\/v2\/product"}],"about":[{"href":"https:\/\/tajkertesz.com\/en_US\/wp-json\/wp\/v2\/types\/product"}],"wp:featuredmedia":[{"embeddable":true,"href":"https:\/\/tajkertesz.com\/en_US\/wp-json\/wp\/v2\/media\/23967"}],"wp:attachment":[{"href":"https:\/\/tajkertesz.com\/en_US\/wp-json\/wp\/v2\/media?parent=23961"}],"wp:term":[{"taxonomy":"product_brand","embeddable":true,"href":"https:\/\/tajkertesz.com\/en_US\/wp-json\/wp\/v2\/product_brand?post=23961"},{"taxonomy":"product_cat","embeddable":true,"href":"https:\/\/tajkertesz.com\/en_US\/wp-json\/wp\/v2\/product_cat?post=23961"},{"taxonomy":"product_tag","embeddable":true,"href":"https:\/\/tajkertesz.com\/en_US\/wp-json\/wp\/v2\/product_tag?post=23961"}],"curies":[{"name":"wp","href":"https:\/\/api.w.org\/{rel}","templated":true}]}}