{"id":23969,"date":"2025-07-17T14:39:11","date_gmt":"2025-07-17T14:39:11","guid":{"rendered":"https:\/\/tajkertesz.com\/?post_type=product&#038;p=23969"},"modified":"2025-07-17T14:39:13","modified_gmt":"2025-07-17T14:39:13","slug":"hydrangea-paniculata-limelight-bugas-hortenzia","status":"publish","type":"product","link":"https:\/\/tajkertesz.com\/en_US\/product\/hydrangea-paniculata-limelight-bugas-hortenzia\/","title":{"rendered":"Hydrangea paniculata &#8216;Limelight&#8217; \u2013 Bug\u00e1s hortenzia"},"content":{"rendered":"<h1 data-start=\"336\" data-end=\"411\">Hydrangea paniculata &#8216;Limelight&#8217; \u2013 Bug\u00e1s hortenzia<\/h1>\n<p data-start=\"336\" data-end=\"411\"><span class=\"relative -mx-px my-[-0.2rem] rounded px-px py-[0.2rem] transition-colors duration-100 ease-in-out\">A Hydrangea paniculata &#8216;Limelight&#8217; \u2013 Bug\u00e1s hortenzia\u00a0robusztus, fel\u00e1ll\u00f3 lomb\u00fa cserje, kb. 1,5\u20132,5\u202fm magasra n\u0151. Vir\u00e1gai 20\u201340\u202fcm hossz\u00faak, kezdetben lime\u2011z\u00f6ldek, majd kr\u00e9m\u2011feh\u00e9rr\u00e9 \u00e9s v\u00e9g\u00fcl r\u00f3zsasz\u00edn\u2011bord\u00f3 \u00e1rnyalat\u00fav\u00e1 v\u00e1ltoznak.<\/span><\/p>\n<h4 data-start=\"413\" data-end=\"443\">\ud83c\udf3f <strong data-start=\"421\" data-end=\"443\">M\u00e9ret \u00e9s terjed\u00e9s:<\/strong><\/h4>\n<ul data-start=\"444\" data-end=\"599\">\n<li data-start=\"444\" data-end=\"521\">\n<p data-start=\"446\" data-end=\"521\"><span class=\"relative -mx-px my-[-0.2rem] rounded px-px py-[0.2rem] transition-colors duration-100 ease-in-out\">Standard v\u00e1ltozat: 1,5\u20132,5 m magas, hasonl\u00f3 sz\u00e9less\u00e9gben termetesedik<\/span><\/p>\n<\/li>\n<li data-start=\"522\" data-end=\"599\">\n<p data-start=\"524\" data-end=\"599\"><span class=\"relative -mx-px my-[-0.2rem] rounded px-px py-[0.2rem] transition-colors duration-100 ease-in-out\">Metsz\u00e9ssel karbantartott cserje kb. 2 m magas marad<\/span><\/p>\n<\/li>\n<\/ul>\n<h4 data-start=\"601\" data-end=\"630\">\u2600\ufe0f <strong data-start=\"609\" data-end=\"630\">F\u00e9ny- \u00e9s h\u0151ig\u00e9ny:<\/strong><\/h4>\n<ul data-start=\"631\" data-end=\"708\">\n<li data-start=\"631\" data-end=\"708\">\n<p data-start=\"633\" data-end=\"708\"><span class=\"relative -mx-px my-[-0.2rem] rounded px-px py-[0.2rem] transition-colors duration-100 ease-in-out\"><strong data-start=\"0\" data-end=\"39\" data-is-only-node=\"\">Teljes napf\u00e9nyben vagy f\u00e9l\u00e1rny\u00e9kban<\/strong> fejl\u0151dik j\u00f3l; forr\u00f3 d\u00e9li napf\u00e9nyt ker\u00fclj\u00fck vagy biztos\u00edtsunk \u00e1rny\u00e9kot<\/span><\/p>\n<\/li>\n<\/ul>\n<h4 data-start=\"710\" data-end=\"739\">\ud83d\udca7 <strong data-start=\"718\" data-end=\"739\">Talaj \u00e9s \u00f6nt\u00f6z\u00e9s:<\/strong><\/h4>\n<ul data-start=\"740\" data-end=\"903\">\n<li data-start=\"740\" data-end=\"821\">\n<p data-start=\"742\" data-end=\"821\"><span class=\"relative -mx-px my-[-0.2rem] rounded px-px py-[0.2rem] transition-colors duration-100 ease-in-out\">Nedves, j\u00f3l v\u00edzelvezet\u0151 talajban, mind savany\u00fa, semleges vagy enyh\u00e9n meszes k\u00f6zegben is j\u00f3l fejl\u0151dik<\/span><\/p>\n<\/li>\n<li data-start=\"822\" data-end=\"903\">\n<p data-start=\"824\" data-end=\"903\"><span class=\"relative -mx-px my-[-0.2rem] rounded px-px py-[0.2rem] transition-colors duration-100 ease-in-out\">Kiemelten fontos a folyamatos \u00f6nt\u00f6z\u00e9s az els\u0151 \u00e9vben; k\u00e9s\u0151bb j\u00f3l t\u0171ri a sz\u00e1razs\u00e1got<\/span><\/p>\n<\/li>\n<\/ul>\n<h4 data-start=\"905\" data-end=\"935\">\u2702\ufe0f <strong data-start=\"913\" data-end=\"935\">Metsz\u00e9s (Pruning):<\/strong><\/h4>\n<ul data-start=\"936\" data-end=\"1141\">\n<li data-start=\"936\" data-end=\"1017\">\n<p data-start=\"938\" data-end=\"1017\"><span class=\"relative -mx-px my-[-0.2rem] rounded px-px py-[0.2rem] transition-colors duration-100 ease-in-out\">Csak <strong data-start=\"5\" data-end=\"28\">\u00faj vessz\u0151n vir\u00e1gzik<\/strong>, ez\u00e9rt minden t\u00f6rzset <strong data-start=\"51\" data-end=\"84\">t\u00e9l v\u00e9g\u00e9n vagy kora tavasszal<\/strong>, m\u00e9g a r\u00fcgyfakad\u00e1s el\u0151tt \u00e9rdemes visszametszeni maximum 1\/3\u2011\u00e1val a n\u00f6v\u00e9nyt.<\/span><\/p>\n<\/li>\n<li data-start=\"1018\" data-end=\"1059\">\n<p data-start=\"1020\" data-end=\"1059\"><span class=\"relative -mx-px my-[-0.2rem] rounded px-px py-[0.2rem] transition-colors duration-100 ease-in-out\">Aj\u00e1nlott elt\u00e1vol\u00edtani: elhalt, v\u00e9kony vagy keresztben n\u00f6v\u0151 \u00e1gakat, gyenge \u00e1gakat.<\/span><\/p>\n<\/li>\n<li data-start=\"1060\" data-end=\"1141\">\n<p data-start=\"1062\" data-end=\"1141\"><span class=\"relative -mx-px my-[-0.2rem] rounded px-px py-[0.2rem] transition-colors duration-100 ease-in-out\">Metsz\u00e9st k\u00f6vet\u0151en tolterm\u0151 n\u00f6veked\u00e9s v\u00e1rhat\u00f3.<\/span><\/p>\n<\/li>\n<\/ul>\n<h4 data-start=\"1143\" data-end=\"1175\">\ud83c\udf31 <strong data-start=\"1151\" data-end=\"1175\">Haszn\u00e1lati javaslat:<\/strong><\/h4>\n<ul data-start=\"1176\" data-end=\"1339\">\n<li data-start=\"1176\" data-end=\"1257\">\n<p data-start=\"1178\" data-end=\"1257\"><span class=\"relative -mx-px my-[-0.2rem] rounded px-px py-[0.2rem] transition-colors duration-100 ease-in-out\">Fantasztikus v\u00e1laszt\u00e1s <strong data-start=\"23\" data-end=\"40\">\u00e9l\u0151s\u00f6v\u00e9nyk\u00e9nt<\/strong>, <strong data-start=\"42\" data-end=\"65\">szoliter n\u00f6v\u00e9nyk\u00e9nt<\/strong>, \u00e9s <strong data-start=\"70\" data-end=\"129\" data-is-last-node=\"\">v\u00e1gott vir\u00e1gk\u00e9nt friss vagy sz\u00e1r\u00edtott form\u00e1ban egyar\u00e1nt<\/strong><\/span><\/p>\n<\/li>\n<li data-start=\"1258\" data-end=\"1339\">\n<p data-start=\"1260\" data-end=\"1339\"><span class=\"relative -mx-px my-[-0.2rem] rounded px-px py-[0.2rem] transition-colors duration-100 ease-in-out\">Teleltet\u00e9s csak fiatal p\u00e9ld\u00e1nyokn\u00e1l vagy kont\u00e9neres nevel\u00e9s eset\u00e9n sz\u00fcks\u00e9ges; talajba \u00fcltetett n\u00f6v\u00e9ny j\u00f3l b\u00edrja a hidegeket<\/span><\/p>\n<\/li>\n<\/ul>\n<h5><strong>\ud83d\udd04 K\u00e9szletinform\u00e1ci\u00f3<\/strong><\/h5>\n<p><strong>K\u00e9szlet\u00fcnk napi szinten v\u00e1ltozik, \u00edgy a webshopban szerepl<\/strong><strong>\u0151<\/strong><strong> term\u00e9kek el\u00e9rhet<\/strong><strong>\u0151<\/strong><strong>s\u00e9ge nem garant\u00e1lt.<br \/>\n\ud83d\udcde A megrendel\u00e9s el<\/strong><strong>\u0151<\/strong><strong>tt k\u00e9rj\u00fck, \u00e9rdekl<\/strong><strong>\u0151<\/strong><strong>dj\u00f6n szem\u00e9lyesen, telefonon vagy e-mailben!<\/strong><\/p>\n<h5><strong>\u27a1\ufe0f Kapcsolat:<\/strong><\/h5>\n<ul>\n<li><strong>Weboldal: <\/strong><a href=\"https:\/\/tajkertesz.com\"><strong>tajkertesz.com<\/strong><\/a><\/li>\n<li><strong>Facebook: <\/strong><a href=\"https:\/\/www.facebook.com\/tajkertesz\/\"><strong>facebook.com\/tajkertesz<\/strong><\/a><\/li>\n<li><strong>Telefonsz\u00e1m, e-mail: +36\/20-319-3770 <\/strong><a href=\"mailto:tajkerteszaruda@gmail.com\"><strong>tajkerteszaruda@gmail.com<\/strong><\/a><\/li>\n<\/ul>\n<h5><strong>\ud83d\ude9a Sz\u00e1ll\u00edt\u00e1si inform\u00e1ci\u00f3k<\/strong><\/h5>\n<p><strong>A megrendelt n\u00f6v\u00e9nyek kisz\u00e1ll\u00edt\u00e1sa az al\u00e1bbi felt\u00e9telek mellett t\u00f6rt\u00e9nik:<\/strong><\/p>\n<h5><strong>\ud83d\udce6 Fut\u00e1rszolg\u00e1latos sz\u00e1ll\u00edt\u00e1s<\/strong><\/h5>\n<ul>\n<li><strong>Maxim\u00e1lis m\u00e9ret: 200 cm (hossz\u00fas\u00e1g)<\/strong><\/li>\n<li><strong>Maxim\u00e1lis s\u00faly: 40 kg<\/strong><\/li>\n<li><strong>Az enn\u00e9l kisebb \u00e9s k\u00f6nnyebb csomagokat fut\u00e1rszolg\u00e1lattal k\u00e9zbes\u00edtj\u00fck a lehet<\/strong><strong>\u0151<\/strong><strong> legbiztons\u00e1gosabb csomagol\u00e1sban.<\/strong><\/li>\n<\/ul>\n<h5><strong>\ud83d\udefb Szem\u00e9lyes \u00e1tv\u00e9tel<\/strong><\/h5>\n<ul>\n<li><strong>1173 Budapest, Bakancsos utca 7. sz\u00e1m alatt nyitvatart\u00e1si id<\/strong><strong>\u0151<\/strong><strong>ben szem\u00e9lyesen \u00e1tvehet<\/strong><strong>\u0151<\/strong><strong> kert\u00e9szeti \u00e1rud\u00e1nkban.<\/strong><\/li>\n<li><strong>K\u00f6lts\u00e9ghat\u00e9kony megold\u00e1s nagyobb, t\u00f6r\u00e9kenyebb vagy t\u00falm\u00e9retes n\u00f6v\u00e9nyek eset\u00e9n.<\/strong><\/li>\n<\/ul>\n<h5><strong>\ud83d\udcde Nagy m\u00e9ret<\/strong><strong>\u0171<\/strong><strong> vagy s\u00faly\u00fa n\u00f6v\u00e9nyek eset\u00e9n<\/strong><\/h5>\n<p><strong>Ha a term\u00e9k:<\/strong><\/p>\n<ul>\n<li><strong>meghaladja a 200 cm hossz\u00fas\u00e1got vagy<\/strong><\/li>\n<li><strong>meghaladja a 40 kg s\u00falyt,<\/strong><\/li>\n<\/ul>\n<p><strong>akkor szem\u00e9lyes \u00e1tv\u00e9tellel vagy egyedi, el<\/strong><strong>\u0151<\/strong><strong>re egyeztetett sz\u00e1ll\u00edt\u00e1si felt\u00e9telek mellett t\u00f6rt\u00e9nik.<br \/>\nK\u00e9rj\u00fck, ilyen esetben rendel\u00e9s el<\/strong><strong>\u0151<\/strong><strong>tt vegye fel vel\u00fcnk a kapcsolatot, hogy a lehet<\/strong><strong>\u0151<\/strong><strong> legmegfelel<\/strong><strong>\u0151<\/strong><strong>bb sz\u00e1ll\u00edt\u00e1si megold\u00e1st k\u00edn\u00e1lhassuk.<\/strong><\/p>\n<p><strong>\ud83d\udd14 Fontos: A n\u00f6v\u00e9nyeket minden esetben igyeksz\u00fcnk gondosan, egyes\u00e9vel csomagolni, azonban a sz\u00e1ll\u00edt\u00e1s sor\u00e1n kisebb eszt\u00e9tikai s\u00e9r\u00fcl\u00e9sek el<\/strong><strong>\u0151<\/strong><strong>fordulhatnak (pl. lev\u00e9lhull\u00e1s). Ez nem min<\/strong><strong>\u0151<\/strong><strong>s\u00fcl hib\u00e1s teljes\u00edt\u00e9snek.<\/strong><\/p>\n<h5><strong>\ud83d\udcf7 Fontos tudni a k\u00e9pekr<\/strong><strong>\u0151<\/strong><strong>l<\/strong><\/h5>\n<p><strong>A webshopban szerepl<\/strong><strong>\u0151<\/strong><strong> k\u00e9pek illusztr\u00e1ci\u00f3k, a n\u00f6v\u00e9nyek term\u00e9szet\u00fckn\u00e9l fogva egyediek, \u00edgy m\u00e9retben, alakban \u00e9s sz\u00ednben minim\u00e1lis elt\u00e9r\u00e9sek el<\/strong><strong>\u0151<\/strong><strong>fordulhatnak a k\u00e9pen l\u00e1that\u00f3 \u00e9s a val\u00f3s p\u00e9ld\u00e1nyok k\u00f6z\u00f6tt.<\/strong><\/p>\n<h5><strong>\ud83e\uddfe \u00c1rak \u00e9s el\u00e1ll\u00e1si jog<\/strong><\/h5>\n<ul>\n<li><strong>Az \u00e1rak egy darab\u00a0n\u00f6v\u00e9nyre vonatkoznak.<\/strong><\/li>\n<li><strong>\u00c9l<\/strong><strong>\u0151<\/strong><strong> n\u00f6v\u00e9nyek rendel\u00e9se eset\u00e9n a 14 napos el\u00e1ll\u00e1s joga nem \u00e9rv\u00e9nyes\u00edthet<\/strong><strong>\u0151<\/strong><strong>, mivel azok romland\u00f3, biol\u00f3giailag \u00e9l<\/strong><strong>\u0151<\/strong><strong> term\u00e9keknek min<\/strong><strong>\u0151<\/strong><strong>s\u00fclnek.<br \/>\n\ud83d\udd12 (17\/1999. (II. 5.) Korm. rendelet 5. \u00a7 c) pontja alapj\u00e1n)<\/strong><\/li>\n<\/ul>\n<h5><strong>\ud83d\udce6 K\u00e9zbes\u00edt\u00e9s ut\u00e1ni teend<\/strong><strong>\u0151<\/strong><strong>k<\/strong><\/h5>\n<p><strong>A k\u00e9zbes\u00edt\u00e9st k\u00f6vet<\/strong><strong>\u0151<\/strong><strong>en a csomagot azonnal bontsuk ki, \u00e9s a n\u00f6v\u00e9nyt helyezz\u00fck el megfelel<\/strong><strong>\u0151<\/strong><strong> k\u00f6rnyezetben.<br \/>\nFontos: ha a n\u00f6v\u00e9ny nem r\u00e9szes\u00fcl megfelel<\/strong><strong>\u0151<\/strong><strong> gondoz\u00e1sban \u00e9s ennek k\u00f6vetkezt\u00e9ben k\u00e1rosodik vagy elpusztul, felel<\/strong><strong>\u0151<\/strong><strong>ss\u00e9get nem tudunk v\u00e1llalni.<\/strong><\/p>\n<p><strong>\u00a0<\/strong><\/p>\n","protected":false},"excerpt":{"rendered":"<p>A Limelight bug\u00e1s hortenzia nagy, lime\u2011z\u00f6ld bug\u00e1ival vonzza a tekintetet. Igazi d\u00edszcserje, amely ny\u00e1r k\u00f6zep\u00e9t\u0151l \u0151szig vir\u00e1gzik \u2013 kezdetben z\u00f6ld vir\u00e1gok, k\u00e9s\u0151bb kr\u00e9m\u2011r\u00f3zsasz\u00edn \u00e1rnyalatok jelennek meg.<\/p>","protected":false},"featured_media":23970,"template":"","meta":{"_et_pb_use_builder":"","_et_pb_old_content":"","_et_gb_content_width":""},"product_brand":[],"product_cat":[27],"product_tag":[314,315,316,6058,6059,5867],"class_list":{"0":"post-23969","1":"product","2":"type-product","3":"status-publish","4":"has-post-thumbnail","6":"product_cat-cserjek","7":"product_tag-bugas-hortenzia","8":"product_tag-hortenzia","9":"product_tag-hydrangea-paniculata","10":"product_tag-limelight","11":"product_tag-telallo-cserje","12":"product_tag-viragzo-cserje","14":"first","15":"instock","16":"shipping-taxable","17":"purchasable","18":"product-type-simple"},"yoast_head":"<!-- This site is optimized with the Yoast SEO plugin v27.4 - https:\/\/yoast.com\/product\/yoast-seo-wordpress\/ -->\n<title>Hydrangea paniculata &#039;Limelight&#039; \u2013 Bug\u00e1s hortenzia - T\u00e1jkert\u00e9sz<\/title>\n<meta name=\"description\" content=\"A Hydrangea paniculata &#039;Limelight&#039; \u2013 Bug\u00e1s hortenzia\u00a0robusztus, fel\u00e1ll\u00f3 lomb\u00fa cserje, kb. 1,5\u20132,5\u202fm magasra n\u0151. Vir\u00e1gai 20\u201340\u202fcm hossz\u00faak\" \/>\n<meta name=\"robots\" content=\"index, follow, max-snippet:-1, max-image-preview:large, max-video-preview:-1\" \/>\n<link rel=\"canonical\" href=\"https:\/\/tajkertesz.com\/en_US\/product\/hydrangea-paniculata-limelight-bugas-hortenzia\/\" \/>\n<meta property=\"og:locale\" content=\"en_US\" \/>\n<meta property=\"og:type\" content=\"article\" \/>\n<meta property=\"og:title\" content=\"Hydrangea paniculata &#039;Limelight&#039; \u2013 Bug\u00e1s hortenzia - T\u00e1jkert\u00e9sz\" \/>\n<meta property=\"og:description\" content=\"A Hydrangea paniculata &#039;Limelight&#039; \u2013 Bug\u00e1s hortenzia\u00a0robusztus, fel\u00e1ll\u00f3 lomb\u00fa cserje, kb. 1,5\u20132,5\u202fm magasra n\u0151. Vir\u00e1gai 20\u201340\u202fcm hossz\u00faak\" \/>\n<meta property=\"og:url\" content=\"https:\/\/tajkertesz.com\/en_US\/product\/hydrangea-paniculata-limelight-bugas-hortenzia\/\" \/>\n<meta property=\"og:site_name\" content=\"T\u00e1jkert\u00e9sz\" \/>\n<meta property=\"article:publisher\" content=\"https:\/\/www.facebook.com\/Tajkertesz\/\" \/>\n<meta property=\"article:modified_time\" content=\"2025-07-17T14:39:13+00:00\" \/>\n<meta property=\"og:image\" content=\"https:\/\/tajkertesz.com\/wp-content\/uploads\/2025\/07\/20250717_160903-scaled.jpg\" \/>\n\t<meta property=\"og:image:width\" content=\"1901\" \/>\n\t<meta property=\"og:image:height\" content=\"2560\" \/>\n\t<meta property=\"og:image:type\" content=\"image\/jpeg\" \/>\n<meta name=\"twitter:card\" content=\"summary_large_image\" \/>\n<meta name=\"twitter:label1\" content=\"Est. reading time\" \/>\n\t<meta name=\"twitter:data1\" content=\"3 minutes\" \/>\n<script type=\"application\/ld+json\" class=\"yoast-schema-graph\">{\"@context\":\"https:\\\/\\\/schema.org\",\"@graph\":[{\"@type\":\"WebPage\",\"@id\":\"https:\\\/\\\/tajkertesz.com\\\/termek\\\/hydrangea-paniculata-limelight-bugas-hortenzia\\\/\",\"url\":\"https:\\\/\\\/tajkertesz.com\\\/termek\\\/hydrangea-paniculata-limelight-bugas-hortenzia\\\/\",\"name\":\"Hydrangea paniculata 'Limelight' \u2013 Bug\u00e1s hortenzia - T\u00e1jkert\u00e9sz\",\"isPartOf\":{\"@id\":\"https:\\\/\\\/tajkertesz.com\\\/#website\"},\"primaryImageOfPage\":{\"@id\":\"https:\\\/\\\/tajkertesz.com\\\/termek\\\/hydrangea-paniculata-limelight-bugas-hortenzia\\\/#primaryimage\"},\"image\":{\"@id\":\"https:\\\/\\\/tajkertesz.com\\\/termek\\\/hydrangea-paniculata-limelight-bugas-hortenzia\\\/#primaryimage\"},\"thumbnailUrl\":\"https:\\\/\\\/tajkertesz.com\\\/wp-content\\\/uploads\\\/2025\\\/07\\\/20250717_160903-scaled.jpg\",\"datePublished\":\"2025-07-17T14:39:11+00:00\",\"dateModified\":\"2025-07-17T14:39:13+00:00\",\"description\":\"A Hydrangea paniculata 'Limelight' \u2013 Bug\u00e1s hortenzia\u00a0robusztus, fel\u00e1ll\u00f3 lomb\u00fa cserje, kb. 1,5\u20132,5\u202fm magasra n\u0151. Vir\u00e1gai 20\u201340\u202fcm hossz\u00faak\",\"breadcrumb\":{\"@id\":\"https:\\\/\\\/tajkertesz.com\\\/termek\\\/hydrangea-paniculata-limelight-bugas-hortenzia\\\/#breadcrumb\"},\"inLanguage\":\"en-US\",\"potentialAction\":[{\"@type\":\"ReadAction\",\"target\":[\"https:\\\/\\\/tajkertesz.com\\\/termek\\\/hydrangea-paniculata-limelight-bugas-hortenzia\\\/\"]}]},{\"@type\":\"ImageObject\",\"inLanguage\":\"en-US\",\"@id\":\"https:\\\/\\\/tajkertesz.com\\\/termek\\\/hydrangea-paniculata-limelight-bugas-hortenzia\\\/#primaryimage\",\"url\":\"https:\\\/\\\/tajkertesz.com\\\/wp-content\\\/uploads\\\/2025\\\/07\\\/20250717_160903-scaled.jpg\",\"contentUrl\":\"https:\\\/\\\/tajkertesz.com\\\/wp-content\\\/uploads\\\/2025\\\/07\\\/20250717_160903-scaled.jpg\",\"width\":1901,\"height\":2560,\"caption\":\"Hydrangea paniculata 'Limelight' \u2013 Bug\u00e1s hortenzia\"},{\"@type\":\"BreadcrumbList\",\"@id\":\"https:\\\/\\\/tajkertesz.com\\\/termek\\\/hydrangea-paniculata-limelight-bugas-hortenzia\\\/#breadcrumb\",\"itemListElement\":[{\"@type\":\"ListItem\",\"position\":1,\"name\":\"Home\",\"item\":\"https:\\\/\\\/tajkertesz.com\\\/\"},{\"@type\":\"ListItem\",\"position\":2,\"name\":\"Kezd\u0151lap\",\"item\":\"https:\\\/\\\/tajkertesz.com\\\/\"},{\"@type\":\"ListItem\",\"position\":3,\"name\":\"Hydrangea paniculata &#8216;Limelight&#8217; \u2013 Bug\u00e1s hortenzia\"}]},{\"@type\":\"WebSite\",\"@id\":\"https:\\\/\\\/tajkertesz.com\\\/#website\",\"url\":\"https:\\\/\\\/tajkertesz.com\\\/\",\"name\":\"T\u00e1j-Kert\u00e9sz 84 Kft.\",\"description\":\"Kert\u00e9szeti kis- \u00e9s nagykeresked\u00e9s, D\u00edszn\u00f6v\u00e9ny web\u00e1ruh\u00e1z orsz\u00e1gos h\u00e1zhozsz\u00e1ll\u00edt\u00e1ssal!\",\"publisher\":{\"@id\":\"https:\\\/\\\/tajkertesz.com\\\/#organization\"},\"potentialAction\":[{\"@type\":\"SearchAction\",\"target\":{\"@type\":\"EntryPoint\",\"urlTemplate\":\"https:\\\/\\\/tajkertesz.com\\\/?s={search_term_string}\"},\"query-input\":{\"@type\":\"PropertyValueSpecification\",\"valueRequired\":true,\"valueName\":\"search_term_string\"}}],\"inLanguage\":\"en-US\"},{\"@type\":\"Organization\",\"@id\":\"https:\\\/\\\/tajkertesz.com\\\/#organization\",\"name\":\"T\u00e1j-Kert\u00e9sz 84 Kft.\",\"url\":\"https:\\\/\\\/tajkertesz.com\\\/\",\"logo\":{\"@type\":\"ImageObject\",\"inLanguage\":\"en-US\",\"@id\":\"https:\\\/\\\/tajkertesz.com\\\/#\\\/schema\\\/logo\\\/image\\\/\",\"url\":\"https:\\\/\\\/tajkertesz.com\\\/wp-content\\\/uploads\\\/2018\\\/02\\\/logo-2-e1518678052539.png\",\"contentUrl\":\"https:\\\/\\\/tajkertesz.com\\\/wp-content\\\/uploads\\\/2018\\\/02\\\/logo-2-e1518678052539.png\",\"width\":81,\"height\":140,\"caption\":\"T\u00e1j-Kert\u00e9sz 84 Kft.\"},\"image\":{\"@id\":\"https:\\\/\\\/tajkertesz.com\\\/#\\\/schema\\\/logo\\\/image\\\/\"},\"sameAs\":[\"https:\\\/\\\/www.facebook.com\\\/Tajkertesz\\\/\"]}]}<\/script>\n<!-- \/ Yoast SEO plugin. -->","yoast_head_json":{"title":"Hydrangea paniculata 'Limelight' \u2013 Bug\u00e1s hortenzia - T\u00e1jkert\u00e9sz","description":"A Hydrangea paniculata 'Limelight' \u2013 Bug\u00e1s hortenzia\u00a0robusztus, fel\u00e1ll\u00f3 lomb\u00fa cserje, kb. 1,5\u20132,5\u202fm magasra n\u0151. Vir\u00e1gai 20\u201340\u202fcm hossz\u00faak","robots":{"index":"index","follow":"follow","max-snippet":"max-snippet:-1","max-image-preview":"max-image-preview:large","max-video-preview":"max-video-preview:-1"},"canonical":"https:\/\/tajkertesz.com\/en_US\/product\/hydrangea-paniculata-limelight-bugas-hortenzia\/","og_locale":"en_US","og_type":"article","og_title":"Hydrangea paniculata 'Limelight' \u2013 Bug\u00e1s hortenzia - T\u00e1jkert\u00e9sz","og_description":"A Hydrangea paniculata 'Limelight' \u2013 Bug\u00e1s hortenzia\u00a0robusztus, fel\u00e1ll\u00f3 lomb\u00fa cserje, kb. 1,5\u20132,5\u202fm magasra n\u0151. Vir\u00e1gai 20\u201340\u202fcm hossz\u00faak","og_url":"https:\/\/tajkertesz.com\/en_US\/product\/hydrangea-paniculata-limelight-bugas-hortenzia\/","og_site_name":"T\u00e1jkert\u00e9sz","article_publisher":"https:\/\/www.facebook.com\/Tajkertesz\/","article_modified_time":"2025-07-17T14:39:13+00:00","og_image":[{"width":1901,"height":2560,"url":"https:\/\/tajkertesz.com\/wp-content\/uploads\/2025\/07\/20250717_160903-scaled.jpg","type":"image\/jpeg"}],"twitter_card":"summary_large_image","twitter_misc":{"Est. reading time":"3 minutes"},"schema":{"@context":"https:\/\/schema.org","@graph":[{"@type":"WebPage","@id":"https:\/\/tajkertesz.com\/termek\/hydrangea-paniculata-limelight-bugas-hortenzia\/","url":"https:\/\/tajkertesz.com\/termek\/hydrangea-paniculata-limelight-bugas-hortenzia\/","name":"Hydrangea paniculata 'Limelight' \u2013 Bug\u00e1s hortenzia - T\u00e1jkert\u00e9sz","isPartOf":{"@id":"https:\/\/tajkertesz.com\/#website"},"primaryImageOfPage":{"@id":"https:\/\/tajkertesz.com\/termek\/hydrangea-paniculata-limelight-bugas-hortenzia\/#primaryimage"},"image":{"@id":"https:\/\/tajkertesz.com\/termek\/hydrangea-paniculata-limelight-bugas-hortenzia\/#primaryimage"},"thumbnailUrl":"https:\/\/tajkertesz.com\/wp-content\/uploads\/2025\/07\/20250717_160903-scaled.jpg","datePublished":"2025-07-17T14:39:11+00:00","dateModified":"2025-07-17T14:39:13+00:00","description":"A Hydrangea paniculata 'Limelight' \u2013 Bug\u00e1s hortenzia\u00a0robusztus, fel\u00e1ll\u00f3 lomb\u00fa cserje, kb. 1,5\u20132,5\u202fm magasra n\u0151. Vir\u00e1gai 20\u201340\u202fcm hossz\u00faak","breadcrumb":{"@id":"https:\/\/tajkertesz.com\/termek\/hydrangea-paniculata-limelight-bugas-hortenzia\/#breadcrumb"},"inLanguage":"en-US","potentialAction":[{"@type":"ReadAction","target":["https:\/\/tajkertesz.com\/termek\/hydrangea-paniculata-limelight-bugas-hortenzia\/"]}]},{"@type":"ImageObject","inLanguage":"en-US","@id":"https:\/\/tajkertesz.com\/termek\/hydrangea-paniculata-limelight-bugas-hortenzia\/#primaryimage","url":"https:\/\/tajkertesz.com\/wp-content\/uploads\/2025\/07\/20250717_160903-scaled.jpg","contentUrl":"https:\/\/tajkertesz.com\/wp-content\/uploads\/2025\/07\/20250717_160903-scaled.jpg","width":1901,"height":2560,"caption":"Hydrangea paniculata 'Limelight' \u2013 Bug\u00e1s hortenzia"},{"@type":"BreadcrumbList","@id":"https:\/\/tajkertesz.com\/termek\/hydrangea-paniculata-limelight-bugas-hortenzia\/#breadcrumb","itemListElement":[{"@type":"ListItem","position":1,"name":"Home","item":"https:\/\/tajkertesz.com\/"},{"@type":"ListItem","position":2,"name":"Kezd\u0151lap","item":"https:\/\/tajkertesz.com\/"},{"@type":"ListItem","position":3,"name":"Hydrangea paniculata &#8216;Limelight&#8217; \u2013 Bug\u00e1s hortenzia"}]},{"@type":"WebSite","@id":"https:\/\/tajkertesz.com\/#website","url":"https:\/\/tajkertesz.com\/","name":"T\u00e1j-Kert\u00e9sz 84 Kft.","description":"Kert\u00e9szeti kis- \u00e9s nagykeresked\u00e9s, D\u00edszn\u00f6v\u00e9ny web\u00e1ruh\u00e1z orsz\u00e1gos h\u00e1zhozsz\u00e1ll\u00edt\u00e1ssal!","publisher":{"@id":"https:\/\/tajkertesz.com\/#organization"},"potentialAction":[{"@type":"SearchAction","target":{"@type":"EntryPoint","urlTemplate":"https:\/\/tajkertesz.com\/?s={search_term_string}"},"query-input":{"@type":"PropertyValueSpecification","valueRequired":true,"valueName":"search_term_string"}}],"inLanguage":"en-US"},{"@type":"Organization","@id":"https:\/\/tajkertesz.com\/#organization","name":"T\u00e1j-Kert\u00e9sz 84 Kft.","url":"https:\/\/tajkertesz.com\/","logo":{"@type":"ImageObject","inLanguage":"en-US","@id":"https:\/\/tajkertesz.com\/#\/schema\/logo\/image\/","url":"https:\/\/tajkertesz.com\/wp-content\/uploads\/2018\/02\/logo-2-e1518678052539.png","contentUrl":"https:\/\/tajkertesz.com\/wp-content\/uploads\/2018\/02\/logo-2-e1518678052539.png","width":81,"height":140,"caption":"T\u00e1j-Kert\u00e9sz 84 Kft."},"image":{"@id":"https:\/\/tajkertesz.com\/#\/schema\/logo\/image\/"},"sameAs":["https:\/\/www.facebook.com\/Tajkertesz\/"]}]}},"_links":{"self":[{"href":"https:\/\/tajkertesz.com\/en_US\/wp-json\/wp\/v2\/product\/23969","targetHints":{"allow":["GET"]}}],"collection":[{"href":"https:\/\/tajkertesz.com\/en_US\/wp-json\/wp\/v2\/product"}],"about":[{"href":"https:\/\/tajkertesz.com\/en_US\/wp-json\/wp\/v2\/types\/product"}],"wp:featuredmedia":[{"embeddable":true,"href":"https:\/\/tajkertesz.com\/en_US\/wp-json\/wp\/v2\/media\/23970"}],"wp:attachment":[{"href":"https:\/\/tajkertesz.com\/en_US\/wp-json\/wp\/v2\/media?parent=23969"}],"wp:term":[{"taxonomy":"product_brand","embeddable":true,"href":"https:\/\/tajkertesz.com\/en_US\/wp-json\/wp\/v2\/product_brand?post=23969"},{"taxonomy":"product_cat","embeddable":true,"href":"https:\/\/tajkertesz.com\/en_US\/wp-json\/wp\/v2\/product_cat?post=23969"},{"taxonomy":"product_tag","embeddable":true,"href":"https:\/\/tajkertesz.com\/en_US\/wp-json\/wp\/v2\/product_tag?post=23969"}],"curies":[{"name":"wp","href":"https:\/\/api.w.org\/{rel}","templated":true}]}}