{"id":23978,"date":"2025-07-18T13:06:29","date_gmt":"2025-07-18T13:06:29","guid":{"rendered":"https:\/\/tajkertesz.com\/?post_type=product&#038;p=23978"},"modified":"2025-07-18T13:30:46","modified_gmt":"2025-07-18T13:30:46","slug":"recynet-szott-arnyekolo-halo-belatasgatlo1-x-10-m-vilagoszold","status":"publish","type":"product","link":"https:\/\/tajkertesz.com\/en_US\/product\/recynet-szott-arnyekolo-halo-belatasgatlo1-x-10-m-vilagoszold\/","title":{"rendered":"RECYNET sz\u0151tt \u00e1rny\u00e9kol\u00f3 h\u00e1l\u00f3 bel\u00e1t\u00e1sg\u00e1tl\u00f3 1&#215;10 m vil\u00e1gosz\u00f6ld (55)"},"content":{"rendered":"<p>&nbsp;<\/p>\n<h1 class=\"page-head-title product-page-head-title position-relative\">RECYNET sz\u0151tt \u00e1rny\u00e9kol\u00f3 h\u00e1l\u00f3, bel\u00e1t\u00e1sg\u00e1tl\u00f3 \u2013 1 x 10 m, vil\u00e1gosz\u00f6ld sz\u00edn\u0171<\/h1>\n<p>&nbsp;<\/p>\n<p>A RECYNET sz\u0151tt \u00e1rny\u00e9kol\u00f3 h\u00e1l\u00f3, bel\u00e1t\u00e1sg\u00e1tl\u00f3 ide\u00e1lis v\u00e1laszt\u00e1s kertek, teraszok, erk\u00e9lyek vagy \u00e9p\u00edt\u00e9si ter\u00fcletek bel\u00e1t\u00e1skorl\u00e1toz\u00e1s\u00e1ra. Homok sz\u00edn\u0171, 1 x 10 m\u00e9teres m\u00e9retben kaphat\u00f3, eszt\u00e9tikusan illeszkedik b\u00e1rmely k\u00fclt\u00e9ri k\u00f6rnyezetbe. 120 g\/m\u00b2 s\u0171r\u0171s\u00e9g\u0171, UV-\u00e1ll\u00f3 HDPE anyagb\u00f3l k\u00e9sz\u00fclt, \u00edgy ellen\u00e1ll az id\u0151j\u00e1r\u00e1s viszontags\u00e1gainak. Gomblyukas kialak\u00edt\u00e1sa megk\u00f6nny\u00edti a r\u00f6gz\u00edt\u00e9st, v\u00e1g\u00e1s ut\u00e1n sem bomlik. L\u00e9g\u00e1tereszt\u0151, cs\u00f6kkenti a sz\u00e9l \u00e9s por hat\u00e1s\u00e1t, mik\u00f6zben k\u00f6zepes \u00e1rny\u00e9kol\u00e1st biztos\u00edt. 30%-ban \u00fajrahasznos\u00edtott anyagb\u00f3l k\u00e9sz\u00fclt, 100%-ban \u00fajrahasznos\u00edthat\u00f3 \u2013 k\u00f6rnyezettudatos \u00e9s tart\u00f3s megold\u00e1s.<\/p>\n<p>JELLEMZ\u0150K:<br \/>\n&#8211; R\u00f6gz\u00edt\u00e9s: FIXATEX kapoccsal vagy az adott t\u00edpus\u00fa korl\u00e1t ker\u00edt\u00e9snek megfelel\u0151en Bridfix, Fixing cord r\u00f6gz\u00edt\u0151kkel is lehets\u00e9ges minimum 50 cm-enk\u00e9nti s\u0171r\u0171s\u00e9ggel, f\u00fcgg\u0151leges \u00e9s v\u00edzszintes ir\u00e1nyban is.<br \/>\n&#8211; Anyaga: HDPE<br \/>\n&#8211; UV \u00e1ll\u00f3: igen<br \/>\n&#8211; S\u00falya: 120 g\/m2<br \/>\n&#8211; T\u00f6bb sz\u00ednben \u00e9s m\u00e9retben is el\u00e9rhet\u0151!<br \/>\n&#8211; Garancia: 6 \u00e9v<\/p>\n<p>TELEP\u00cdT\u00c9SI TIPP:<\/p>\n<p>Sz\u00fcks\u00e9ges mennyis\u00e9g az aj\u00e1nlott r\u00f6gz\u00edt\u0151b\u0151l:<br \/>\n1,5 x 10 m &#8211; Fixatex (20) &#8211; 5 csomag<\/p>\n<p>&nbsp;<\/p>\n<p>Cikksz\u00e1ma: 2021534<\/p>\n<p>&nbsp;<\/p>\n<p>&nbsp;<\/p>\n<p><strong>Le\u00edr\u00e1s<\/strong><\/p>\n<p><strong>\ud83d\udd04 K\u00e9szletinform\u00e1ci\u00f3<\/strong><\/p>\n<p><strong>K\u00e9szlet\u00fcnk napi szinten v\u00e1ltozik, \u00edgy a webshopban szerepl<\/strong><strong>\u0151<\/strong><strong> term\u00e9kek el\u00e9rhet<\/strong><strong>\u0151<\/strong><strong>s\u00e9ge nem garant\u00e1lt.<br \/>\n\ud83d\udcde A megrendel\u00e9s el<\/strong><strong>\u0151<\/strong><strong>tt k\u00e9rj\u00fck, \u00e9rdekl<\/strong><strong>\u0151<\/strong><strong>dj\u00f6n szem\u00e9lyesen, telefonon vagy e-mailben!<\/strong><\/p>\n<p><strong>\u27a1\ufe0f Kapcsolat:<\/strong><\/p>\n<ul>\n<li><strong>Weboldal: <\/strong><a href=\"https:\/\/tajkertesz.com\"><strong>tajkertesz.com<\/strong><\/a><\/li>\n<li><strong>Facebook: <\/strong><a href=\"https:\/\/www.facebook.com\/tajkertesz\/\"><strong>facebook.com\/tajkertesz<\/strong><\/a><\/li>\n<li><strong>Telefonsz\u00e1m, e-mail: +36\/20-319-37-70 <\/strong><a href=\"mailto:tajkerteszaruda@gmail.com\"><strong>tajkerteszaruda@gmail.com<\/strong><\/a><\/li>\n<\/ul>\n<p><strong>\ud83d\ude9a Sz\u00e1ll\u00edt\u00e1si inform\u00e1ci\u00f3k<\/strong><\/p>\n<p><strong>A megrendelt n\u00f6v\u00e9nyek kisz\u00e1ll\u00edt\u00e1sa az al\u00e1bbi felt\u00e9telek mellett t\u00f6rt\u00e9nik:<\/strong><\/p>\n<p><strong>\ud83d\udce6 Fut\u00e1rszolg\u00e1latos sz\u00e1ll\u00edt\u00e1s<\/strong><\/p>\n<ul>\n<li><strong>Maxim\u00e1lis m\u00e9ret: 200 cm (hossz\u00fas\u00e1g)<\/strong><\/li>\n<li><strong>Maxim\u00e1lis s\u00faly: 40 kg<\/strong><\/li>\n<li><strong>Az enn\u00e9l kisebb \u00e9s k\u00f6nnyebb csomagokat fut\u00e1rszolg\u00e1lattal k\u00e9zbes\u00edtj\u00fck a lehet<\/strong><strong>\u0151<\/strong><strong> legbiztons\u00e1gosabb csomagol\u00e1sban.<\/strong><\/li>\n<\/ul>\n<p><strong>\ud83d\udefb Szem\u00e9lyes \u00e1tv\u00e9tel<\/strong><\/p>\n<ul>\n<li><strong>1173 Budapest, Bakancsos utca 7. sz\u00e1m alatt nyitvatart\u00e1si id<\/strong><strong>\u0151<\/strong><strong>ben szem\u00e9lyesen \u00e1tvehet<\/strong><strong>\u0151<\/strong><strong> kert\u00e9szeti \u00e1rud\u00e1nkban.<\/strong><\/li>\n<li><strong>K\u00f6lts\u00e9ghat\u00e9kony megold\u00e1s nagyobb, t\u00f6r\u00e9kenyebb vagy t\u00falm\u00e9retes n\u00f6v\u00e9nyek eset\u00e9n.<\/strong><\/li>\n<\/ul>\n<p><strong>\ud83d\udcde Nagy m\u00e9ret<\/strong><strong>\u0171<\/strong><strong> vagy s\u00faly\u00fa n\u00f6v\u00e9nyek eset\u00e9n<\/strong><\/p>\n<p><strong>Ha a term\u00e9k:<\/strong><\/p>\n<ul>\n<li><strong>meghaladja a 200 cm hossz\u00fas\u00e1got vagy<\/strong><\/li>\n<li><strong>meghaladja a 40 kg s\u00falyt,<\/strong><\/li>\n<\/ul>\n<p><strong>akkor szem\u00e9lyes \u00e1tv\u00e9tellel vagy egyedi, el<\/strong><strong>\u0151<\/strong><strong>re egyeztetett sz\u00e1ll\u00edt\u00e1si felt\u00e9telek mellett t\u00f6rt\u00e9nik.<br \/>\nK\u00e9rj\u00fck, ilyen esetben rendel\u00e9s el<\/strong><strong>\u0151<\/strong><strong>tt vegye fel vel\u00fcnk a kapcsolatot, hogy a lehet<\/strong><strong>\u0151<\/strong><strong> legmegfelel<\/strong><strong>\u0151<\/strong><strong>bb sz\u00e1ll\u00edt\u00e1si megold\u00e1st k\u00edn\u00e1lhassuk.<\/strong><\/p>\n<p>&nbsp;<\/p>","protected":false},"excerpt":{"rendered":"<p style=\"text-align: center;\">A RECYNET sz\u0151tt \u00e1rny\u00e9kol\u00f3 h\u00e1l\u00f3, bel\u00e1t\u00e1sg\u00e1tl\u00f3 ide\u00e1lis v\u00e1laszt\u00e1s kertek, teraszok, erk\u00e9lyek vagy \u00e9p\u00edt\u00e9si ter\u00fcletek bel\u00e1t\u00e1skorl\u00e1toz\u00e1s\u00e1ra.<\/p>\n<p style=\"text-align: center;\">Vil\u00e1gosz\u00f6ld sz\u00edn\u0171 1 x 10 m\u00e9teres m\u00e9retben kaphat\u00f3, eszt\u00e9tikusan illeszkedik b\u00e1rmely k\u00fclt\u00e9ri k\u00f6rnyezetbe.<\/p>\n<p style=\"text-align: center;\">120 g\/m\u00b2 s\u0171r\u0171s\u00e9g\u0171, UV-\u00e1ll\u00f3 HDPE anyagb\u00f3l k\u00e9sz\u00fclt, \u00edgy ellen\u00e1ll az id\u0151j\u00e1r\u00e1s viszontags\u00e1gainak. Gomblyukas kialak\u00edt\u00e1sa megk\u00f6nny\u00edti a r\u00f6gz\u00edt\u00e9st, v\u00e1g\u00e1s ut\u00e1n sem bomlik. L\u00e9g\u00e1tereszt\u0151, cs\u00f6kkenti a sz\u00e9l \u00e9s por hat\u00e1s\u00e1t, mik\u00f6zben k\u00f6zepes \u00e1rny\u00e9kol\u00e1st biztos\u00edt. 30%-ban \u00fajrahasznos\u00edtott anyagb\u00f3l k\u00e9sz\u00fclt, 100%-ban \u00fajrahasznos\u00edthat\u00f3 \u2013 k\u00f6rnyezettudatos \u00e9s tart\u00f3s megold\u00e1s.<\/p>","protected":false},"featured_media":23979,"template":"","meta":{"_et_pb_use_builder":"","_et_pb_old_content":"","_et_gb_content_width":""},"product_brand":[6048],"product_cat":[1063],"product_tag":[1077,6051,1502,6049,6050,2170],"class_list":{"0":"post-23978","1":"product","2":"type-product","3":"status-publish","4":"has-post-thumbnail","6":"product_brand-nortene","7":"product_cat-belatasgatlas-arnyekolohalok","8":"product_tag-arnyekolo","9":"product_tag-gomblyukakkal","10":"product_tag-halo","11":"product_tag-recynet","12":"product_tag-szott","13":"product_tag-vilagoszold","15":"first","16":"instock","17":"shipping-taxable","18":"purchasable","19":"product-type-simple"},"yoast_head":"<!-- This site is optimized with the Yoast SEO plugin v27.3 - https:\/\/yoast.com\/product\/yoast-seo-wordpress\/ -->\n<title>RECYNET sz\u0151tt \u00e1rny\u00e9kol\u00f3 h\u00e1l\u00f3 bel\u00e1t\u00e1sg\u00e1tl\u00f3 1x10 m vil\u00e1gosz\u00f6ld (55) - T\u00e1jkert\u00e9sz<\/title>\n<meta name=\"description\" content=\"Tart\u00f3s, UV-\u00e1ll\u00f3 RECYNET \u00e1rny\u00e9kol\u00f3 h\u00e1l\u00f3 vil\u00e1gosz\u00f6ld sz\u00ednben x 10 m m\u00e9retben. Ide\u00e1lis bel\u00e1t\u00e1sg\u00e1tl\u00f3 megold\u00e1s kertekhez, teraszokhoz.\" \/>\n<meta name=\"robots\" content=\"index, follow, max-snippet:-1, max-image-preview:large, max-video-preview:-1\" \/>\n<link rel=\"canonical\" href=\"https:\/\/tajkertesz.com\/en_US\/product\/recynet-szott-arnyekolo-halo-belatasgatlo1-x-10-m-vilagoszold\/\" \/>\n<meta property=\"og:locale\" content=\"en_US\" \/>\n<meta property=\"og:type\" content=\"article\" \/>\n<meta property=\"og:title\" content=\"RECYNET sz\u0151tt \u00e1rny\u00e9kol\u00f3 h\u00e1l\u00f3 bel\u00e1t\u00e1sg\u00e1tl\u00f3 1x10 m vil\u00e1gosz\u00f6ld (55) - T\u00e1jkert\u00e9sz\" \/>\n<meta property=\"og:description\" content=\"Tart\u00f3s, UV-\u00e1ll\u00f3 RECYNET \u00e1rny\u00e9kol\u00f3 h\u00e1l\u00f3 vil\u00e1gosz\u00f6ld sz\u00ednben x 10 m m\u00e9retben. Ide\u00e1lis bel\u00e1t\u00e1sg\u00e1tl\u00f3 megold\u00e1s kertekhez, teraszokhoz.\" \/>\n<meta property=\"og:url\" content=\"https:\/\/tajkertesz.com\/en_US\/product\/recynet-szott-arnyekolo-halo-belatasgatlo1-x-10-m-vilagoszold\/\" \/>\n<meta property=\"og:site_name\" content=\"T\u00e1jkert\u00e9sz\" \/>\n<meta property=\"article:publisher\" content=\"https:\/\/www.facebook.com\/Tajkertesz\/\" \/>\n<meta property=\"article:modified_time\" content=\"2025-07-18T13:30:46+00:00\" \/>\n<meta property=\"og:image\" content=\"https:\/\/tajkertesz.com\/wp-content\/uploads\/2025\/07\/vilagoszold-recynet.webp\" \/>\n\t<meta property=\"og:image:width\" content=\"570\" \/>\n\t<meta property=\"og:image:height\" content=\"570\" \/>\n\t<meta property=\"og:image:type\" content=\"image\/webp\" \/>\n<meta name=\"twitter:card\" content=\"summary_large_image\" \/>\n<meta name=\"twitter:label1\" content=\"Est. reading time\" \/>\n\t<meta name=\"twitter:data1\" content=\"2 minutes\" \/>\n<script type=\"application\/ld+json\" class=\"yoast-schema-graph\">{\"@context\":\"https:\\\/\\\/schema.org\",\"@graph\":[{\"@type\":\"WebPage\",\"@id\":\"https:\\\/\\\/tajkertesz.com\\\/termek\\\/recynet-szott-arnyekolo-halo-belatasgatlo1-x-10-m-vilagoszold\\\/\",\"url\":\"https:\\\/\\\/tajkertesz.com\\\/termek\\\/recynet-szott-arnyekolo-halo-belatasgatlo1-x-10-m-vilagoszold\\\/\",\"name\":\"RECYNET sz\u0151tt \u00e1rny\u00e9kol\u00f3 h\u00e1l\u00f3 bel\u00e1t\u00e1sg\u00e1tl\u00f3 1x10 m vil\u00e1gosz\u00f6ld (55) - T\u00e1jkert\u00e9sz\",\"isPartOf\":{\"@id\":\"https:\\\/\\\/tajkertesz.com\\\/#website\"},\"primaryImageOfPage\":{\"@id\":\"https:\\\/\\\/tajkertesz.com\\\/termek\\\/recynet-szott-arnyekolo-halo-belatasgatlo1-x-10-m-vilagoszold\\\/#primaryimage\"},\"image\":{\"@id\":\"https:\\\/\\\/tajkertesz.com\\\/termek\\\/recynet-szott-arnyekolo-halo-belatasgatlo1-x-10-m-vilagoszold\\\/#primaryimage\"},\"thumbnailUrl\":\"https:\\\/\\\/tajkertesz.com\\\/wp-content\\\/uploads\\\/2025\\\/07\\\/vilagoszold-recynet.webp\",\"datePublished\":\"2025-07-18T13:06:29+00:00\",\"dateModified\":\"2025-07-18T13:30:46+00:00\",\"description\":\"Tart\u00f3s, UV-\u00e1ll\u00f3 RECYNET \u00e1rny\u00e9kol\u00f3 h\u00e1l\u00f3 vil\u00e1gosz\u00f6ld sz\u00ednben x 10 m m\u00e9retben. Ide\u00e1lis bel\u00e1t\u00e1sg\u00e1tl\u00f3 megold\u00e1s kertekhez, teraszokhoz.\",\"breadcrumb\":{\"@id\":\"https:\\\/\\\/tajkertesz.com\\\/termek\\\/recynet-szott-arnyekolo-halo-belatasgatlo1-x-10-m-vilagoszold\\\/#breadcrumb\"},\"inLanguage\":\"en-US\",\"potentialAction\":[{\"@type\":\"ReadAction\",\"target\":[\"https:\\\/\\\/tajkertesz.com\\\/termek\\\/recynet-szott-arnyekolo-halo-belatasgatlo1-x-10-m-vilagoszold\\\/\"]}]},{\"@type\":\"ImageObject\",\"inLanguage\":\"en-US\",\"@id\":\"https:\\\/\\\/tajkertesz.com\\\/termek\\\/recynet-szott-arnyekolo-halo-belatasgatlo1-x-10-m-vilagoszold\\\/#primaryimage\",\"url\":\"https:\\\/\\\/tajkertesz.com\\\/wp-content\\\/uploads\\\/2025\\\/07\\\/vilagoszold-recynet.webp\",\"contentUrl\":\"https:\\\/\\\/tajkertesz.com\\\/wp-content\\\/uploads\\\/2025\\\/07\\\/vilagoszold-recynet.webp\",\"width\":570,\"height\":570,\"caption\":\"Recynet vil\u00e1gosz\u00f6ld 1 x 10 m,\"},{\"@type\":\"BreadcrumbList\",\"@id\":\"https:\\\/\\\/tajkertesz.com\\\/termek\\\/recynet-szott-arnyekolo-halo-belatasgatlo1-x-10-m-vilagoszold\\\/#breadcrumb\",\"itemListElement\":[{\"@type\":\"ListItem\",\"position\":1,\"name\":\"Home\",\"item\":\"https:\\\/\\\/tajkertesz.com\\\/\"},{\"@type\":\"ListItem\",\"position\":2,\"name\":\"Kezd\u0151lap\",\"item\":\"https:\\\/\\\/tajkertesz.com\\\/\"},{\"@type\":\"ListItem\",\"position\":3,\"name\":\"RECYNET sz\u0151tt \u00e1rny\u00e9kol\u00f3 h\u00e1l\u00f3 bel\u00e1t\u00e1sg\u00e1tl\u00f3 1&#215;10 m vil\u00e1gosz\u00f6ld (55)\"}]},{\"@type\":\"WebSite\",\"@id\":\"https:\\\/\\\/tajkertesz.com\\\/#website\",\"url\":\"https:\\\/\\\/tajkertesz.com\\\/\",\"name\":\"T\u00e1j-Kert\u00e9sz 84 Kft.\",\"description\":\"Kert\u00e9szeti kis- \u00e9s nagykeresked\u00e9s, D\u00edszn\u00f6v\u00e9ny web\u00e1ruh\u00e1z orsz\u00e1gos h\u00e1zhozsz\u00e1ll\u00edt\u00e1ssal!\",\"publisher\":{\"@id\":\"https:\\\/\\\/tajkertesz.com\\\/#organization\"},\"potentialAction\":[{\"@type\":\"SearchAction\",\"target\":{\"@type\":\"EntryPoint\",\"urlTemplate\":\"https:\\\/\\\/tajkertesz.com\\\/?s={search_term_string}\"},\"query-input\":{\"@type\":\"PropertyValueSpecification\",\"valueRequired\":true,\"valueName\":\"search_term_string\"}}],\"inLanguage\":\"en-US\"},{\"@type\":\"Organization\",\"@id\":\"https:\\\/\\\/tajkertesz.com\\\/#organization\",\"name\":\"T\u00e1j-Kert\u00e9sz 84 Kft.\",\"url\":\"https:\\\/\\\/tajkertesz.com\\\/\",\"logo\":{\"@type\":\"ImageObject\",\"inLanguage\":\"en-US\",\"@id\":\"https:\\\/\\\/tajkertesz.com\\\/#\\\/schema\\\/logo\\\/image\\\/\",\"url\":\"https:\\\/\\\/tajkertesz.com\\\/wp-content\\\/uploads\\\/2018\\\/02\\\/logo-2-e1518678052539.png\",\"contentUrl\":\"https:\\\/\\\/tajkertesz.com\\\/wp-content\\\/uploads\\\/2018\\\/02\\\/logo-2-e1518678052539.png\",\"width\":81,\"height\":140,\"caption\":\"T\u00e1j-Kert\u00e9sz 84 Kft.\"},\"image\":{\"@id\":\"https:\\\/\\\/tajkertesz.com\\\/#\\\/schema\\\/logo\\\/image\\\/\"},\"sameAs\":[\"https:\\\/\\\/www.facebook.com\\\/Tajkertesz\\\/\"]}]}<\/script>\n<!-- \/ Yoast SEO plugin. -->","yoast_head_json":{"title":"RECYNET sz\u0151tt \u00e1rny\u00e9kol\u00f3 h\u00e1l\u00f3 bel\u00e1t\u00e1sg\u00e1tl\u00f3 1x10 m vil\u00e1gosz\u00f6ld (55) - T\u00e1jkert\u00e9sz","description":"Tart\u00f3s, UV-\u00e1ll\u00f3 RECYNET \u00e1rny\u00e9kol\u00f3 h\u00e1l\u00f3 vil\u00e1gosz\u00f6ld sz\u00ednben x 10 m m\u00e9retben. Ide\u00e1lis bel\u00e1t\u00e1sg\u00e1tl\u00f3 megold\u00e1s kertekhez, teraszokhoz.","robots":{"index":"index","follow":"follow","max-snippet":"max-snippet:-1","max-image-preview":"max-image-preview:large","max-video-preview":"max-video-preview:-1"},"canonical":"https:\/\/tajkertesz.com\/en_US\/product\/recynet-szott-arnyekolo-halo-belatasgatlo1-x-10-m-vilagoszold\/","og_locale":"en_US","og_type":"article","og_title":"RECYNET sz\u0151tt \u00e1rny\u00e9kol\u00f3 h\u00e1l\u00f3 bel\u00e1t\u00e1sg\u00e1tl\u00f3 1x10 m vil\u00e1gosz\u00f6ld (55) - T\u00e1jkert\u00e9sz","og_description":"Tart\u00f3s, UV-\u00e1ll\u00f3 RECYNET \u00e1rny\u00e9kol\u00f3 h\u00e1l\u00f3 vil\u00e1gosz\u00f6ld sz\u00ednben x 10 m m\u00e9retben. Ide\u00e1lis bel\u00e1t\u00e1sg\u00e1tl\u00f3 megold\u00e1s kertekhez, teraszokhoz.","og_url":"https:\/\/tajkertesz.com\/en_US\/product\/recynet-szott-arnyekolo-halo-belatasgatlo1-x-10-m-vilagoszold\/","og_site_name":"T\u00e1jkert\u00e9sz","article_publisher":"https:\/\/www.facebook.com\/Tajkertesz\/","article_modified_time":"2025-07-18T13:30:46+00:00","og_image":[{"width":570,"height":570,"url":"https:\/\/tajkertesz.com\/wp-content\/uploads\/2025\/07\/vilagoszold-recynet.webp","type":"image\/webp"}],"twitter_card":"summary_large_image","twitter_misc":{"Est. reading time":"2 minutes"},"schema":{"@context":"https:\/\/schema.org","@graph":[{"@type":"WebPage","@id":"https:\/\/tajkertesz.com\/termek\/recynet-szott-arnyekolo-halo-belatasgatlo1-x-10-m-vilagoszold\/","url":"https:\/\/tajkertesz.com\/termek\/recynet-szott-arnyekolo-halo-belatasgatlo1-x-10-m-vilagoszold\/","name":"RECYNET sz\u0151tt \u00e1rny\u00e9kol\u00f3 h\u00e1l\u00f3 bel\u00e1t\u00e1sg\u00e1tl\u00f3 1x10 m vil\u00e1gosz\u00f6ld (55) - T\u00e1jkert\u00e9sz","isPartOf":{"@id":"https:\/\/tajkertesz.com\/#website"},"primaryImageOfPage":{"@id":"https:\/\/tajkertesz.com\/termek\/recynet-szott-arnyekolo-halo-belatasgatlo1-x-10-m-vilagoszold\/#primaryimage"},"image":{"@id":"https:\/\/tajkertesz.com\/termek\/recynet-szott-arnyekolo-halo-belatasgatlo1-x-10-m-vilagoszold\/#primaryimage"},"thumbnailUrl":"https:\/\/tajkertesz.com\/wp-content\/uploads\/2025\/07\/vilagoszold-recynet.webp","datePublished":"2025-07-18T13:06:29+00:00","dateModified":"2025-07-18T13:30:46+00:00","description":"Tart\u00f3s, UV-\u00e1ll\u00f3 RECYNET \u00e1rny\u00e9kol\u00f3 h\u00e1l\u00f3 vil\u00e1gosz\u00f6ld sz\u00ednben x 10 m m\u00e9retben. Ide\u00e1lis bel\u00e1t\u00e1sg\u00e1tl\u00f3 megold\u00e1s kertekhez, teraszokhoz.","breadcrumb":{"@id":"https:\/\/tajkertesz.com\/termek\/recynet-szott-arnyekolo-halo-belatasgatlo1-x-10-m-vilagoszold\/#breadcrumb"},"inLanguage":"en-US","potentialAction":[{"@type":"ReadAction","target":["https:\/\/tajkertesz.com\/termek\/recynet-szott-arnyekolo-halo-belatasgatlo1-x-10-m-vilagoszold\/"]}]},{"@type":"ImageObject","inLanguage":"en-US","@id":"https:\/\/tajkertesz.com\/termek\/recynet-szott-arnyekolo-halo-belatasgatlo1-x-10-m-vilagoszold\/#primaryimage","url":"https:\/\/tajkertesz.com\/wp-content\/uploads\/2025\/07\/vilagoszold-recynet.webp","contentUrl":"https:\/\/tajkertesz.com\/wp-content\/uploads\/2025\/07\/vilagoszold-recynet.webp","width":570,"height":570,"caption":"Recynet vil\u00e1gosz\u00f6ld 1 x 10 m,"},{"@type":"BreadcrumbList","@id":"https:\/\/tajkertesz.com\/termek\/recynet-szott-arnyekolo-halo-belatasgatlo1-x-10-m-vilagoszold\/#breadcrumb","itemListElement":[{"@type":"ListItem","position":1,"name":"Home","item":"https:\/\/tajkertesz.com\/"},{"@type":"ListItem","position":2,"name":"Kezd\u0151lap","item":"https:\/\/tajkertesz.com\/"},{"@type":"ListItem","position":3,"name":"RECYNET sz\u0151tt \u00e1rny\u00e9kol\u00f3 h\u00e1l\u00f3 bel\u00e1t\u00e1sg\u00e1tl\u00f3 1&#215;10 m vil\u00e1gosz\u00f6ld (55)"}]},{"@type":"WebSite","@id":"https:\/\/tajkertesz.com\/#website","url":"https:\/\/tajkertesz.com\/","name":"T\u00e1j-Kert\u00e9sz 84 Kft.","description":"Kert\u00e9szeti kis- \u00e9s nagykeresked\u00e9s, D\u00edszn\u00f6v\u00e9ny web\u00e1ruh\u00e1z orsz\u00e1gos h\u00e1zhozsz\u00e1ll\u00edt\u00e1ssal!","publisher":{"@id":"https:\/\/tajkertesz.com\/#organization"},"potentialAction":[{"@type":"SearchAction","target":{"@type":"EntryPoint","urlTemplate":"https:\/\/tajkertesz.com\/?s={search_term_string}"},"query-input":{"@type":"PropertyValueSpecification","valueRequired":true,"valueName":"search_term_string"}}],"inLanguage":"en-US"},{"@type":"Organization","@id":"https:\/\/tajkertesz.com\/#organization","name":"T\u00e1j-Kert\u00e9sz 84 Kft.","url":"https:\/\/tajkertesz.com\/","logo":{"@type":"ImageObject","inLanguage":"en-US","@id":"https:\/\/tajkertesz.com\/#\/schema\/logo\/image\/","url":"https:\/\/tajkertesz.com\/wp-content\/uploads\/2018\/02\/logo-2-e1518678052539.png","contentUrl":"https:\/\/tajkertesz.com\/wp-content\/uploads\/2018\/02\/logo-2-e1518678052539.png","width":81,"height":140,"caption":"T\u00e1j-Kert\u00e9sz 84 Kft."},"image":{"@id":"https:\/\/tajkertesz.com\/#\/schema\/logo\/image\/"},"sameAs":["https:\/\/www.facebook.com\/Tajkertesz\/"]}]}},"_links":{"self":[{"href":"https:\/\/tajkertesz.com\/en_US\/wp-json\/wp\/v2\/product\/23978","targetHints":{"allow":["GET"]}}],"collection":[{"href":"https:\/\/tajkertesz.com\/en_US\/wp-json\/wp\/v2\/product"}],"about":[{"href":"https:\/\/tajkertesz.com\/en_US\/wp-json\/wp\/v2\/types\/product"}],"wp:featuredmedia":[{"embeddable":true,"href":"https:\/\/tajkertesz.com\/en_US\/wp-json\/wp\/v2\/media\/23979"}],"wp:attachment":[{"href":"https:\/\/tajkertesz.com\/en_US\/wp-json\/wp\/v2\/media?parent=23978"}],"wp:term":[{"taxonomy":"product_brand","embeddable":true,"href":"https:\/\/tajkertesz.com\/en_US\/wp-json\/wp\/v2\/product_brand?post=23978"},{"taxonomy":"product_cat","embeddable":true,"href":"https:\/\/tajkertesz.com\/en_US\/wp-json\/wp\/v2\/product_cat?post=23978"},{"taxonomy":"product_tag","embeddable":true,"href":"https:\/\/tajkertesz.com\/en_US\/wp-json\/wp\/v2\/product_tag?post=23978"}],"curies":[{"name":"wp","href":"https:\/\/api.w.org\/{rel}","templated":true}]}}