{"id":24006,"date":"2025-07-24T06:45:41","date_gmt":"2025-07-24T06:45:41","guid":{"rendered":"https:\/\/tajkertesz.com\/?post_type=product&#038;p=24006"},"modified":"2025-07-24T06:45:55","modified_gmt":"2025-07-24T06:45:55","slug":"bio-faecet-gekka-1l","status":"publish","type":"product","link":"https:\/\/tajkertesz.com\/en_US\/product\/bio-faecet-gekka-1l\/","title":{"rendered":"Bio Faecet Gekka 1l"},"content":{"rendered":"<h1>Bio Faecet Gekka 1l<\/h1>\n<p>Bio Faecet Gekka 1l:<\/p>\n<div class=\"gs_heroTextHeader gs_heroText24\" role=\"heading\" aria-level=\"2\">\n<div class=\"gs_p\"><strong>A Faecet GEKKA egy biol\u00f3giai rovarriaszt\u00f3 \u00e9s n\u00f6v\u00e9nyi kondicion\u00e1l\u00f3, amely hat\u00e9konyan v\u00e9d a rovark\u00e1rtev\u0151k, p\u00e9ld\u00e1ul a polosk\u00e1k ellen.<\/strong><\/div>\n<\/div>\n<div class=\"gs_text gs_mdr\">\n<h3 id=\"mi-az-a-faecet-gekka\">Mi az a Faecet GEKKO?<\/h3>\n<ul class=\"gs_cit_stry_pre gs_cit_stry_sm\">\n<li>\n<div class=\"gs_p\"><strong>\u00d6sszet\u00e9tel<\/strong>: A Faecet GEKKA pirol\u00edzissel el\u0151\u00e1ll\u00edtott organikus anyag, amely t\u00f6bb mint 200 k\u00fcl\u00f6nb\u00f6z\u0151 szerves anyagot tartalmaz. Ennek k\u00f6sz\u00f6nhet\u0151en a Faecet t\u00e1mogatja a n\u00f6v\u00e9nyek n\u00f6veked\u00e9s\u00e9t \u00e9s<\/div>\n<\/li>\n<li>\n<div class=\"gs_p\">immunrendszer\u00e9t, mik\u00f6zben elriasztja a k\u00e1rtev\u0151ket.<\/div>\n<\/li>\n<li><\/li>\n<li>\n<div class=\"gs_p\">\n<div class=\"gs_sup_cit gs_sup_cit3\" data-priority=\"2\" data-hover-id=\"4\">\n<div class=\"gs_sm_cit_dom\" data-friendly-url=\"www.agrokeraruhaz.hu\" data-sups=\"3,6\">\n<h1>\u00d6SSZET\u00c9TELE \u00c9S HAT\u00c1SMECHANIZMUSA:<\/h1>\n<p style=\"font-weight: 300;\"><b><strong>Wood Vinegar<\/strong><\/b>, m\u00e1sk\u00e9ppen\u00a0<b><strong>Faecet<\/strong><\/b>\u00a0egy pirog\u00e9nsav, ami egy s\u00f6t\u00e9t, f\u00fcst szag\u00fa folyad\u00e9k, amelyet fa \u00e9s m\u00e1s n\u00f6v\u00e9nyi anyagok destrukt\u00edv desztill\u00e1ci\u00f3j\u00e1val \u00e1ll\u00edtanak el\u0151.<\/p>\n<p style=\"font-weight: 300;\">A nyers\u00a0<b><strong>Faecet<\/strong><\/b>\u00a0t\u00f6bb mint\u00a0<b><strong><em>200 szerves vegy\u00fcletet<\/em><\/strong><\/b>\u00a0tartalmaz, mint p\u00e9ld\u00e1ul ecetsavat, etil- valer\u00e1tot, metanolt, fenolt \u00e9s \u00e9sztereket \u00e9s m\u00e9g sok m\u00e1st.<\/p>\n<p style=\"font-weight: 300;\">A\u00a0<b><strong>Faecet<\/strong><\/b>\u00a0specifikus hat\u00e9konys\u00e1ga abban rejlik, hogy a benne l\u00e9v\u0151 k\u00fcl\u00f6nb\u00f6z\u0151 elemek szinergikusan m\u0171k\u00f6dnek egy\u00fctt a jobb eredm\u00e9ny \u00e9rdek\u00e9ben.<\/p>\n<p style=\"font-weight: 300;\">A\u00a0<b><strong>Faecet<\/strong><\/b>\u00a0minden komponense a hormonokhoz hasonl\u00f3an sz\u00edv\u00f3dik fel a gallyakba, t\u00f6rzsekbe, sz\u00e1rba \u00e9s a levelekbe.<\/p>\n<p style=\"font-weight: 300;\">A\u00a0<b><strong>Faecet<\/strong><\/b>\u00a0k\u00fcl\u00f6nb\u00f6z\u0151 elemei koenzimk\u00e9nt vagy kataliz\u00e1tork\u00e9nt m\u0171k\u00f6dnek, ez\u00e1lt\u00e1l koordin\u00e1lni tudj\u00e1k a k\u00fcl\u00f6nb\u00f6z\u0151 reakci\u00f3kat \u00e9s a sejtszaporod\u00e1st.<\/p>\n<h2>IMMUNRENDSZER ER\u0150S\u00cdT\u0150 HAT\u00c1SMECHANIZMUSA:<\/h2>\n<ul style=\"font-weight: 300;\">\n<li>A lombozaton t\u00f6rt\u00e9n\u0151 alkalmaz\u00e1s sor\u00e1n a levelek fel\u00fclet\u00e9t enyh\u00e9n savass\u00e1 teszi, ami g\u00e1tolja a k\u00f3rokoz\u00f3k szaporod\u00e1st \u00e9s k\u00f6zvetlen \u00e9rintkez\u00e9s sor\u00e1n egy r\u00e9sz\u00fck elpusztulhat. A fennmarad\u00f3 k\u00f3rokoz\u00f3k terjed\u00e9s\u00e9t a\u00a0<b><strong>Faecet<\/strong><\/b>tel val\u00f3 t\u00e1pl\u00e1l\u00e1st\u00f3l megn\u00f6vekedett n\u00f6v\u00e9nyi mikrofl\u00f3ra fogja visszatartani.<\/li>\n<li>A\u00a0<b><strong>Faecet<\/strong><\/b>\u00a0egyes hat\u00f3anyagai, mint a magas koncentr\u00e1ci\u00f3ban l\u00e9v\u0151 metanol- \u00e9s fenoltartalom, er\u0151s bakt\u00e9rium- \u00e9s gomba\u00f6l\u0151 hat\u00e1ssal b\u00edr.<\/li>\n<li>A\u00a0<b><strong>Faecet<\/strong><\/b>ben l\u00e9v\u0151 \u00e9szter hat\u00e1s\u00e1ra megn\u00f6vekszik klorofill tartalom, amely el\u0151seg\u00edti a fotoszint\u00e9zist. Az \u00e9szter a cukor \u00e9s az aminosavak k\u00e9pz\u0151d\u00e9s\u00e9ben is seg\u00edt. Az eg\u00e9szs\u00e9gesebb levelek term\u00e9szetesen er\u0151sebben ellen\u00e1llnak a k\u00e1rtev\u0151knek \u00e9s a betegs\u00e9geknek.<\/li>\n<li>A\u00a0<b><strong>Faecet<\/strong><\/b>\u00a0er\u0151teljesen t\u00e1mogatja a nitrog\u00e9n-aminosavv\u00e1 t\u00f6rt\u00e9n\u0151 \u00e1talakul\u00e1st, ez\u00e1ltal stabiliz\u00e1lja a metionin k\u00e9pz\u0151d\u00e9st. Ennek eredm\u00e9nyek\u00e9nt oxid\u00e1lt etil\u00e9n is Ezek a folyamatok hozz\u00e1j\u00e1rulnak a n\u00f6v\u00e9nyek k\u00fcl\u00f6nb\u00f6z\u0151 betegs\u00e9gekkel szembeni ellen\u00e1ll\u00f3 k\u00e9pess\u00e9g\u00e9hez.<\/li>\n<li>A\u00a0<b><strong>Faecet<\/strong><\/b>\u00a0el\u0151seg\u00edti a gy\u00f6keresed\u00e9st, seg\u00edti a talaj t\u00e1panyag\u00e1llapot\u00e1nak szab\u00e1lyoz\u00e1s\u00e1t \u00e9s a mikrobiol\u00f3giai popul\u00e1ci\u00f3 egyens\u00faly\u00e1t. A mikrobiol\u00f3giai popul\u00e1ci\u00f3 v\u00e1ltoz\u00e1sa a talajhoz k\u00f6t\u00f6tt betegs\u00e9gek hajlam\u00e1t cs\u00f6kkenti nagym\u00e9rt\u00e9kben.<\/li>\n<li>A n\u00f6v\u00e9nyek eg\u00e9szs\u00e9g\u00e9nek \u00e9s ellen\u00e1ll\u00f3 k\u00e9pess\u00e9g\u00e9nek n\u00f6veked\u00e9se hozz\u00e1j\u00e1rulhat a rovarokkal szembeni rezisztenci\u00e1hoz.<\/li>\n<li>A\u00a0<b><strong>Faecet<\/strong><\/b>\u00a0hat\u00e9kony szer a fon\u00e1lf\u00e9rgek ellen \u00fagy, hogy roppant kellemetlen \u00e9letteret okoz nekik \u00e9s felszapor\u00edtja a vel\u00fck t\u00e1pl\u00e1lkoz\u00f3 mikrob\u00e1kat is.<\/li>\n<\/ul>\n<h1>HASZN\u00c1LAT\u00c1NAK EL\u0150NYEI:<\/h1>\n<ul style=\"font-weight: 300;\">\n<li>El\u0151seg\u00edti a n\u00f6v\u00e9ny fejl\u0151d\u00e9s\u00e9t \u00e9s nagyobb z\u00f6ldt\u00f6meget eredm\u00e9nyez.<\/li>\n<li>Jav\u00edtja a term\u00e9sek beltartalmi \u00e9rt\u00e9keit (cukor-; olaj-; sik\u00e9rtartalom).<\/li>\n<li>A\u00a0<b><strong>Faecet<\/strong><\/b>\u00a0lombozatra t\u00f6rt\u00e9n\u0151 felhord\u00e1s\u00e1val a levelek f\u00e9nyess\u00e9 \u00e9s s\u00f6t\u00e9tebb sz\u00edn\u0171v\u00e9 v\u00e1lnak. Vastagabb epidermiszt, szil\u00e1rdabb sz\u00f6veti szerkezet\u0171 n\u00f6v\u00e9nyt eredm\u00e9nyez.<\/li>\n<li>A\u00a0<b><strong>Faecet<\/strong><\/b>\u00a0biztons\u00e1gos a t\u00e1pl\u00e1l\u00e9kl\u00e1nc \u00e9l\u0151 anyagaira, k\u00fcl\u00f6n\u00f6sen a n\u00f6v\u00e9nyek beporz\u00e1s\u00e1t seg\u00edt\u0151 rovarokra.<\/li>\n<li>A\u00a0<b><strong>Faecet<\/strong><\/b>\u00a0el\u0151seg\u00edti a gy\u00f6keresed\u00e9st, seg\u00edti a talaj t\u00e1panyag\u00e1llapot\u00e1nak szab\u00e1lyoz\u00e1s\u00e1t, a mikrobiol\u00f3giai popul\u00e1ci\u00f3 egyens\u00faly\u00e1t.<\/li>\n<li>N\u00f6veli a gy\u00f6kerek vitalit\u00e1s\u00e1t, ez\u00e1ltal jobb t\u00e1panyagfelv\u00e9telt tesz lehet\u0151v\u00e9.<\/li>\n<li>Felgyors\u00edtja a gy\u00f6kerek, sz\u00e1rak, gum\u00f3k, levelek, vir\u00e1gok \u00e9s gy\u00fcm\u00f6lcs\u00f6k n\u00f6veked\u00e9s\u00e9t.<\/li>\n<li>Nemcsak a n\u00f6v\u00e9nyt kondicion\u00e1ljuk a term\u00e9kkel, de k\u00e1rmegel\u0151z\u0151 technol\u00f3gi\u00e1t folytathatunk a patog\u00e9n szervezetek \u00e9s a sz\u00edv\u00f3 k\u00e1rtev\u0151k ellen is.<\/li>\n<li>Nem fajtaspecifikus, ez\u00e1ltal a legk\u00fcl\u00f6nb\u00f6z\u0151bb n\u00f6v\u00e9nyfajokban tudjuk hat\u00e9konyan alkalmazni a rezisztencia kialakul\u00e1s\u00e1nak vesz\u00e9lye n\u00e9lk\u00fcl.<\/li>\n<li>Alkalmaz\u00e1s\u00e1val cs\u00f6kkenthet\u0151k a n\u00f6v\u00e9nyv\u00e9delmi k\u00f6lts\u00e9gek.<\/li>\n<li>Cs\u00f6kkenthet\u0151k a t\u00e1rol\u00e1si \u00e9s betakar\u00edt\u00e1si vesztes\u00e9gek.<\/li>\n<\/ul>\n<h1>TECHNOL\u00d3GIAI ALKALMAZ\u00c1SA:<\/h1>\n<p style=\"font-weight: 300;\"><u>Sz\u00e1nt\u00f3f\u00f6ldi \u00e9s z\u00f6lds\u00e9g kult\u00far\u00e1kban a k\u00f6vetkez\u0151 k\u00e9ppen kell alkalmazni<\/u>:<\/p>\n<p style=\"font-weight: 300;\"><b><strong>D\u00f3zisa: 3 \u2013 5 l\/ha 300\u00a0<\/strong><\/b>liter v\u00edzzel kijuttatva<\/p>\n<p style=\"font-weight: 300;\">Kezel\u00e9sek sz\u00e1ma: heti rendszeress\u00e9ggel is felhaszn\u00e1lhat\u00f3<\/p>\n<p style=\"font-weight: 300;\"><u>A gy\u00fcm\u00f6lcs \u00fcltetv\u00e9nyekben a k\u00f6vetkez\u0151k\u00e9ppen kell alkalmazni:<\/u><\/p>\n<p style=\"font-weight: 300;\"><b><strong>D\u00f3zisa: 0,7 \u2013 1%-os koncentr\u00e1ci\u00f3ban<\/strong><\/b><\/p>\n<p style=\"font-weight: 300;\">Lemos\u00f3permetez\u00e9ssel egymenetben \u2013 1000 l v\u00edzmennyis\u00e9ghez igaz\u00edtva a d\u00f3zist.<\/p>\n<p style=\"font-weight: 300;\">Term\u00e9sk\u00f6t\u0151d\u00e9s ut\u00e1n, gy\u00fcm\u00f6lcsn\u00f6veked\u00e9skor 10 \u2013 14 naponta \u2013 500 \u2013 1000 l v\u00edzmennyis\u00e9ghez igaz\u00edtva a d\u00f3zist.<\/p>\n<p style=\"font-weight: 300;\">Gyakoribb felhaszn\u00e1l\u00e1s eset\u00e9n: A Szaktan\u00e1csad\u00f3ja \u00e1ltal meghat\u00e1rozott cs\u00f6kkentett d\u00f3zissal kell permetezni.<\/p>\n<p style=\"font-weight: 300;\"><u>A fon\u00e1lf\u00e9rgek k\u00e1ros\u00edt\u00e1sa ellen:<\/u><\/p>\n<p style=\"font-weight: 300;\">D\u00f3zisa: 1 \u2013 2 liter 500 liter v\u00edzzel a n\u00f6v\u00e9ny t\u00f6v\u00e9re kell kijuttatni.<\/p>\n<p style=\"font-weight: 300;\"><u>Vir\u00e1gz\u00e1sban nem alkalmazhat\u00f3!!!<\/u><\/p>\n<p style=\"font-weight: 300;\">A d\u00f3zisok, a kezel\u00e9sek sz\u00e1m\u00e1nak \u00e9s id\u0151z\u00edt\u00e9s\u00e9nek pontosabb meghat\u00e1roz\u00e1s\u00e1hoz k\u00e9rje ki Szaktan\u00e1csad\u00f3ja v\u00e9lem\u00e9ny\u00e9t, mert elt\u00e9rhet kult\u00farn\u00f6v\u00e9nyenk\u00e9nt, fajt\u00e1nk\u00e9nt is.<\/p>\n<p style=\"font-weight: 300;\">A\u00a0<b><strong>WOOD VINEGAR<\/strong><\/b>, akkor m\u0171k\u00f6dik hat\u00e9konyan, ha a technol\u00f3giai szinten alkalmazzuk az id\u0151j\u00e1r\u00e1si \u00e9s a k\u00f6rnyezeti stressz faktorok figyelembev\u00e9tel\u00e9vel. \u00c1tgondolt haszn\u00e1lat\u00e1val kiv\u00e1l\u00f3 ellen\u00e1ll\u00f3k\u00e9pess\u00e9g\u0171 kult\u00far\u00e1t tudunk el\u00e9rni.<\/p>\n<p style=\"font-weight: 300;\">A felhaszn\u00e1lt v\u00edzmennyis\u00e9get mindenekel\u0151tt a lombozat m\u00e9ret\u00e9hez kell igaz\u00edtani \u00e9s az adagol\u00e1st is ez alapj\u00e1n be\u00e1ll\u00edtani.<\/p>\n<h1>TERMEL\u0150I TAPASZTALATOK A FAECET HAT\u00c9KONYS\u00c1G\u00c1R\u00d3L:<\/h1>\n<p style=\"font-weight: 300;\">Sz\u00e1raz id\u0151j\u00e1r\u00e1s eset\u00e9n 10\u201314 nap, es\u0151s id\u0151szakban k\u00f6r\u00fclbel\u00fcl 7 napig j\u00e1rul hozz\u00e1 a n\u00f6v\u00e9nyi ellen\u00e1ll\u00f3k\u00e9pess\u00e9g fokoz\u00e1s\u00e1hoz technol\u00f3giai szint\u0171 felhaszn\u00e1l\u00e1s mellett.<\/p>\n<p style=\"font-weight: 300;\">K\u00f6vetkez\u0151\u00a0\u00a0 k\u00f6rokoz\u00f3k\u00a0\u00a0 ellen\u00a0\u00a0\u00a0 lehet\u00a0\u00a0\u00a0 prevent\u00edven\u00a0\u00a0\u00a0 v\u00e9dekezni\u00a0\u00a0\u00a0 vele:\u00a0\u00a0 Gy\u00f6k\u00e9rrothad\u00e1s, Antrakn\u00f3zis, Alternaria, a Rhizoctonia, a Sclerotinia, a Pythium \u00e9s a Phytophthora.<\/p>\n<p style=\"font-weight: 300;\">A k\u00e1rtev\u0151k er\u0151s inv\u00e1zi\u00f3ja eset\u00e9n 8\u201312 napig tudtuk er\u0151sen tartani a n\u00f6v\u00e9nyt.<\/p>\n<p style=\"font-weight: 300;\">A k\u00f6vetkez\u0151 k\u00e1rtev\u0151k ellen tapasztaltak riaszt\u00f3 hat\u00e1st: Kukoricamoly, Amerikai kukoricabog\u00e1r, Poloska f\u00e9l\u00e9k, Lev\u00e9ltetvek, \u00dcvegh\u00e1zi molytet\u0171, K\u00e1posztalepke<\/p>\n<p style=\"font-weight: 300;\">Sz\u00e1raz, meleg id\u0151szakban alacsony d\u00f3zis\u00fa kontakt r\u00e9zzel \u00e9s k\u00e9nnel t\u00f6rt\u00e9n\u0151 kever\u00e9se fokozza a kezel\u00e9s hat\u00e9konys\u00e1g\u00e1t.<\/p>\n<p style=\"font-weight: 300;\">Csapad\u00e9kos id\u0151j\u00e1r\u00e1s \u00e9s er\u0151s fert\u0151z\u00e9svesz\u00e9ly eset\u00e9n a R\u00e9zvit\u00e9z term\u00e9kkel t\u00f6rt\u00e9n\u0151 egy\u00fcttes alkalmaz\u00e1sa aj\u00e1nlatos.<\/p>\n<h1>FELHASZN\u00c1L\u00c1SI JAVASLATOK:<\/h1>\n<ul style=\"font-weight: 300;\">\n<li>Alkalmaz\u00e1s\u00e1n\u00e1l az \u00e1ltal\u00e1nos permetez\u00e9si szab\u00e1lyok \u00e9rv\u00e9nyes\u00fclnek.<\/li>\n<li>25 \u00b0C felett, magas h\u0151m\u00e9rs\u00e9kleten, t\u0171z\u0151 napon perzselhet, ez\u00e9rt ebben az id\u0151szakban napnyugta ut\u00e1n \u00e9rdemes kijuttatni, amikor a n\u00f6v\u00e9ny h\u0151m\u00e9rs\u00e9klete is leh\u00fclt.<\/li>\n<li>Felhaszn\u00e1l\u00e1s el\u0151tt \u00e9s huzamosabb t\u00e1rol\u00e1s eset\u00e9n felr\u00e1zand\u00f3.<\/li>\n<li>Vir\u00e1gz\u00e1sban TILOS Vir\u00e1gz\u00e1s idej\u00e9n elv\u00e9gzett kezel\u00e9s nehezen megj\u00f3solhat\u00f3 m\u00e9rt\u00e9k\u0171 vir\u00e1gritkul\u00e1st \u00e9s k\u00e1rosod\u00e1st okozhat.<\/li>\n<li>\u00c9lelmez\u00e9s\u00fcgyi v\u00e1rakoz\u00e1si ideje: 0<\/li>\n<li>Eltarthat\u00f3s\u00e1g ideje: eredeti, z\u00e1rt csomagol\u00e1sban \u2013 sz\u00e1raz, h\u0171v\u00f6s helyen: min\u0151s\u00e9g\u00e9t korl\u00e1tlan ideig meg\u0151rzi.<br \/>\n<em><b><strong>T\u00faladagol\u00e1sa\u00a0el\u0151re\u00a0nem\u00a0l\u00e1that\u00f3\u00a0probl\u00e9m\u00e1kat okozhat! T\u00f6m\u00e9ny,\u00a0kev\u00e9sb\u00e9\u00a0hig\u00edtott\u00a0oldata\u00a0perzselhet, ak\u00e1r a n\u00f6v\u00e9ny pusztul\u00e1st is okozhatja!<\/strong><\/b><\/em><\/li>\n<li><\/li>\n<\/ul>\n<p><strong>K\u00e9szlet\u00fcnk napi szinten v\u00e1ltozik, ez\u00e9rt k\u00e9rj\u00fck, \u00e9rdekl\u0151dj\u00f6n szem\u00e9lyesen, telefonon vagy email-en.<br \/>\nA v\u00e1ltoztat\u00e1s jog\u00e1t fenntartjuk!\u00a0<\/strong><\/p>\n<p><a href=\"https:\/\/tajkertesz.com\/\">https:\/\/tajkertesz.com\/<\/a><\/p>\n<p><a href=\"https:\/\/www.facebook.com\/tajkertesz\/\">https:\/\/www.facebook.com\/tajkertesz\/<\/a><\/p>\n<p>Szem\u00e9lyes \u00e1tv\u00e9tel nyitvatart\u00e1si id\u0151ben a 17. ker\u00fclet Bakancsos utca 7. sz\u00e1m alatti Kert\u00e9szeti \u00e1rud\u00e1ban.<\/p>\n<\/div>\n<\/div>\n<\/div>\n<\/li>\n<\/ul>\n<\/div>","protected":false},"excerpt":{"rendered":"<h3 align=\"justify\">Kiz\u00e1r\u00f3lag szem\u00e9lyes \u00e1tv\u00e9tellel lehets\u00e9ges a term\u00e9k megv\u00e1s\u00e1rl\u00e1sa!<\/h3>","protected":false},"featured_media":24007,"template":"","meta":{"_et_pb_use_builder":"","_et_pb_old_content":"","_et_gb_content_width":""},"product_brand":[],"product_cat":[4204,4093],"product_tag":[5154,4820,4187],"class_list":{"0":"post-24006","1":"product","2":"type-product","3":"status-publish","4":"has-post-thumbnail","6":"product_cat-biologiai-novenyvedelem","7":"product_cat-novenyapolo-szerek","8":"product_tag-biologiai-novenyvedelem","9":"product_tag-novenyvedelem","10":"product_tag-novenyvedoszer","12":"first","13":"instock","14":"shipping-taxable","15":"purchasable","16":"product-type-simple"},"yoast_head":"<!-- This site is optimized with the Yoast SEO plugin v27.3 - https:\/\/yoast.com\/product\/yoast-seo-wordpress\/ -->\n<title>Bio Faecet Gekka 1l - T\u00e1jkert\u00e9sz<\/title>\n<meta name=\"description\" content=\"Bio Faecet Gekka 1l.......................................................................................................\" \/>\n<meta name=\"robots\" content=\"index, follow, max-snippet:-1, max-image-preview:large, max-video-preview:-1\" \/>\n<link rel=\"canonical\" href=\"https:\/\/tajkertesz.com\/en_US\/product\/bio-faecet-gekka-1l\/\" \/>\n<meta property=\"og:locale\" content=\"en_US\" \/>\n<meta property=\"og:type\" content=\"article\" \/>\n<meta property=\"og:title\" content=\"Bio Faecet Gekka 1l - T\u00e1jkert\u00e9sz\" \/>\n<meta property=\"og:description\" content=\"Bio Faecet Gekka 1l.......................................................................................................\" \/>\n<meta property=\"og:url\" content=\"https:\/\/tajkertesz.com\/en_US\/product\/bio-faecet-gekka-1l\/\" \/>\n<meta property=\"og:site_name\" content=\"T\u00e1jkert\u00e9sz\" \/>\n<meta property=\"article:publisher\" content=\"https:\/\/www.facebook.com\/Tajkertesz\/\" \/>\n<meta property=\"article:modified_time\" content=\"2025-07-24T06:45:55+00:00\" \/>\n<meta property=\"og:image\" content=\"https:\/\/tajkertesz.com\/wp-content\/uploads\/2025\/07\/Faecet-1l-3db-PNG.png\" \/>\n\t<meta property=\"og:image:width\" content=\"2292\" \/>\n\t<meta property=\"og:image:height\" content=\"1200\" \/>\n\t<meta property=\"og:image:type\" content=\"image\/png\" \/>\n<meta name=\"twitter:card\" content=\"summary_large_image\" \/>\n<meta name=\"twitter:label1\" content=\"Est. reading time\" \/>\n\t<meta name=\"twitter:data1\" content=\"5 minutes\" \/>\n<script type=\"application\/ld+json\" class=\"yoast-schema-graph\">{\"@context\":\"https:\\\/\\\/schema.org\",\"@graph\":[{\"@type\":\"WebPage\",\"@id\":\"https:\\\/\\\/tajkertesz.com\\\/termek\\\/bio-faecet-gekka-1l\\\/\",\"url\":\"https:\\\/\\\/tajkertesz.com\\\/termek\\\/bio-faecet-gekka-1l\\\/\",\"name\":\"Bio Faecet Gekka 1l - T\u00e1jkert\u00e9sz\",\"isPartOf\":{\"@id\":\"https:\\\/\\\/tajkertesz.com\\\/#website\"},\"primaryImageOfPage\":{\"@id\":\"https:\\\/\\\/tajkertesz.com\\\/termek\\\/bio-faecet-gekka-1l\\\/#primaryimage\"},\"image\":{\"@id\":\"https:\\\/\\\/tajkertesz.com\\\/termek\\\/bio-faecet-gekka-1l\\\/#primaryimage\"},\"thumbnailUrl\":\"https:\\\/\\\/tajkertesz.com\\\/wp-content\\\/uploads\\\/2025\\\/07\\\/Faecet-1l-3db-PNG.png\",\"datePublished\":\"2025-07-24T06:45:41+00:00\",\"dateModified\":\"2025-07-24T06:45:55+00:00\",\"description\":\"Bio Faecet Gekka 1l.......................................................................................................\",\"breadcrumb\":{\"@id\":\"https:\\\/\\\/tajkertesz.com\\\/termek\\\/bio-faecet-gekka-1l\\\/#breadcrumb\"},\"inLanguage\":\"en-US\",\"potentialAction\":[{\"@type\":\"ReadAction\",\"target\":[\"https:\\\/\\\/tajkertesz.com\\\/termek\\\/bio-faecet-gekka-1l\\\/\"]}]},{\"@type\":\"ImageObject\",\"inLanguage\":\"en-US\",\"@id\":\"https:\\\/\\\/tajkertesz.com\\\/termek\\\/bio-faecet-gekka-1l\\\/#primaryimage\",\"url\":\"https:\\\/\\\/tajkertesz.com\\\/wp-content\\\/uploads\\\/2025\\\/07\\\/Faecet-1l-3db-PNG.png\",\"contentUrl\":\"https:\\\/\\\/tajkertesz.com\\\/wp-content\\\/uploads\\\/2025\\\/07\\\/Faecet-1l-3db-PNG.png\",\"width\":2292,\"height\":1200},{\"@type\":\"BreadcrumbList\",\"@id\":\"https:\\\/\\\/tajkertesz.com\\\/termek\\\/bio-faecet-gekka-1l\\\/#breadcrumb\",\"itemListElement\":[{\"@type\":\"ListItem\",\"position\":1,\"name\":\"Home\",\"item\":\"https:\\\/\\\/tajkertesz.com\\\/\"},{\"@type\":\"ListItem\",\"position\":2,\"name\":\"Kezd\u0151lap\",\"item\":\"https:\\\/\\\/tajkertesz.com\\\/\"},{\"@type\":\"ListItem\",\"position\":3,\"name\":\"Bio Faecet Gekka 1l\"}]},{\"@type\":\"WebSite\",\"@id\":\"https:\\\/\\\/tajkertesz.com\\\/#website\",\"url\":\"https:\\\/\\\/tajkertesz.com\\\/\",\"name\":\"T\u00e1j-Kert\u00e9sz 84 Kft.\",\"description\":\"Kert\u00e9szeti kis- \u00e9s nagykeresked\u00e9s, D\u00edszn\u00f6v\u00e9ny web\u00e1ruh\u00e1z orsz\u00e1gos h\u00e1zhozsz\u00e1ll\u00edt\u00e1ssal!\",\"publisher\":{\"@id\":\"https:\\\/\\\/tajkertesz.com\\\/#organization\"},\"potentialAction\":[{\"@type\":\"SearchAction\",\"target\":{\"@type\":\"EntryPoint\",\"urlTemplate\":\"https:\\\/\\\/tajkertesz.com\\\/?s={search_term_string}\"},\"query-input\":{\"@type\":\"PropertyValueSpecification\",\"valueRequired\":true,\"valueName\":\"search_term_string\"}}],\"inLanguage\":\"en-US\"},{\"@type\":\"Organization\",\"@id\":\"https:\\\/\\\/tajkertesz.com\\\/#organization\",\"name\":\"T\u00e1j-Kert\u00e9sz 84 Kft.\",\"url\":\"https:\\\/\\\/tajkertesz.com\\\/\",\"logo\":{\"@type\":\"ImageObject\",\"inLanguage\":\"en-US\",\"@id\":\"https:\\\/\\\/tajkertesz.com\\\/#\\\/schema\\\/logo\\\/image\\\/\",\"url\":\"https:\\\/\\\/tajkertesz.com\\\/wp-content\\\/uploads\\\/2018\\\/02\\\/logo-2-e1518678052539.png\",\"contentUrl\":\"https:\\\/\\\/tajkertesz.com\\\/wp-content\\\/uploads\\\/2018\\\/02\\\/logo-2-e1518678052539.png\",\"width\":81,\"height\":140,\"caption\":\"T\u00e1j-Kert\u00e9sz 84 Kft.\"},\"image\":{\"@id\":\"https:\\\/\\\/tajkertesz.com\\\/#\\\/schema\\\/logo\\\/image\\\/\"},\"sameAs\":[\"https:\\\/\\\/www.facebook.com\\\/Tajkertesz\\\/\"]}]}<\/script>\n<!-- \/ Yoast SEO plugin. -->","yoast_head_json":{"title":"Bio Faecet Gekka 1l - T\u00e1jkert\u00e9sz","description":"Bio Faecet Gekka 1l.......................................................................................................","robots":{"index":"index","follow":"follow","max-snippet":"max-snippet:-1","max-image-preview":"max-image-preview:large","max-video-preview":"max-video-preview:-1"},"canonical":"https:\/\/tajkertesz.com\/en_US\/product\/bio-faecet-gekka-1l\/","og_locale":"en_US","og_type":"article","og_title":"Bio Faecet Gekka 1l - T\u00e1jkert\u00e9sz","og_description":"Bio Faecet Gekka 1l.......................................................................................................","og_url":"https:\/\/tajkertesz.com\/en_US\/product\/bio-faecet-gekka-1l\/","og_site_name":"T\u00e1jkert\u00e9sz","article_publisher":"https:\/\/www.facebook.com\/Tajkertesz\/","article_modified_time":"2025-07-24T06:45:55+00:00","og_image":[{"width":2292,"height":1200,"url":"https:\/\/tajkertesz.com\/wp-content\/uploads\/2025\/07\/Faecet-1l-3db-PNG.png","type":"image\/png"}],"twitter_card":"summary_large_image","twitter_misc":{"Est. reading time":"5 minutes"},"schema":{"@context":"https:\/\/schema.org","@graph":[{"@type":"WebPage","@id":"https:\/\/tajkertesz.com\/termek\/bio-faecet-gekka-1l\/","url":"https:\/\/tajkertesz.com\/termek\/bio-faecet-gekka-1l\/","name":"Bio Faecet Gekka 1l - T\u00e1jkert\u00e9sz","isPartOf":{"@id":"https:\/\/tajkertesz.com\/#website"},"primaryImageOfPage":{"@id":"https:\/\/tajkertesz.com\/termek\/bio-faecet-gekka-1l\/#primaryimage"},"image":{"@id":"https:\/\/tajkertesz.com\/termek\/bio-faecet-gekka-1l\/#primaryimage"},"thumbnailUrl":"https:\/\/tajkertesz.com\/wp-content\/uploads\/2025\/07\/Faecet-1l-3db-PNG.png","datePublished":"2025-07-24T06:45:41+00:00","dateModified":"2025-07-24T06:45:55+00:00","description":"Bio Faecet Gekka 1l.......................................................................................................","breadcrumb":{"@id":"https:\/\/tajkertesz.com\/termek\/bio-faecet-gekka-1l\/#breadcrumb"},"inLanguage":"en-US","potentialAction":[{"@type":"ReadAction","target":["https:\/\/tajkertesz.com\/termek\/bio-faecet-gekka-1l\/"]}]},{"@type":"ImageObject","inLanguage":"en-US","@id":"https:\/\/tajkertesz.com\/termek\/bio-faecet-gekka-1l\/#primaryimage","url":"https:\/\/tajkertesz.com\/wp-content\/uploads\/2025\/07\/Faecet-1l-3db-PNG.png","contentUrl":"https:\/\/tajkertesz.com\/wp-content\/uploads\/2025\/07\/Faecet-1l-3db-PNG.png","width":2292,"height":1200},{"@type":"BreadcrumbList","@id":"https:\/\/tajkertesz.com\/termek\/bio-faecet-gekka-1l\/#breadcrumb","itemListElement":[{"@type":"ListItem","position":1,"name":"Home","item":"https:\/\/tajkertesz.com\/"},{"@type":"ListItem","position":2,"name":"Kezd\u0151lap","item":"https:\/\/tajkertesz.com\/"},{"@type":"ListItem","position":3,"name":"Bio Faecet Gekka 1l"}]},{"@type":"WebSite","@id":"https:\/\/tajkertesz.com\/#website","url":"https:\/\/tajkertesz.com\/","name":"T\u00e1j-Kert\u00e9sz 84 Kft.","description":"Kert\u00e9szeti kis- \u00e9s nagykeresked\u00e9s, D\u00edszn\u00f6v\u00e9ny web\u00e1ruh\u00e1z orsz\u00e1gos h\u00e1zhozsz\u00e1ll\u00edt\u00e1ssal!","publisher":{"@id":"https:\/\/tajkertesz.com\/#organization"},"potentialAction":[{"@type":"SearchAction","target":{"@type":"EntryPoint","urlTemplate":"https:\/\/tajkertesz.com\/?s={search_term_string}"},"query-input":{"@type":"PropertyValueSpecification","valueRequired":true,"valueName":"search_term_string"}}],"inLanguage":"en-US"},{"@type":"Organization","@id":"https:\/\/tajkertesz.com\/#organization","name":"T\u00e1j-Kert\u00e9sz 84 Kft.","url":"https:\/\/tajkertesz.com\/","logo":{"@type":"ImageObject","inLanguage":"en-US","@id":"https:\/\/tajkertesz.com\/#\/schema\/logo\/image\/","url":"https:\/\/tajkertesz.com\/wp-content\/uploads\/2018\/02\/logo-2-e1518678052539.png","contentUrl":"https:\/\/tajkertesz.com\/wp-content\/uploads\/2018\/02\/logo-2-e1518678052539.png","width":81,"height":140,"caption":"T\u00e1j-Kert\u00e9sz 84 Kft."},"image":{"@id":"https:\/\/tajkertesz.com\/#\/schema\/logo\/image\/"},"sameAs":["https:\/\/www.facebook.com\/Tajkertesz\/"]}]}},"_links":{"self":[{"href":"https:\/\/tajkertesz.com\/en_US\/wp-json\/wp\/v2\/product\/24006","targetHints":{"allow":["GET"]}}],"collection":[{"href":"https:\/\/tajkertesz.com\/en_US\/wp-json\/wp\/v2\/product"}],"about":[{"href":"https:\/\/tajkertesz.com\/en_US\/wp-json\/wp\/v2\/types\/product"}],"wp:featuredmedia":[{"embeddable":true,"href":"https:\/\/tajkertesz.com\/en_US\/wp-json\/wp\/v2\/media\/24007"}],"wp:attachment":[{"href":"https:\/\/tajkertesz.com\/en_US\/wp-json\/wp\/v2\/media?parent=24006"}],"wp:term":[{"taxonomy":"product_brand","embeddable":true,"href":"https:\/\/tajkertesz.com\/en_US\/wp-json\/wp\/v2\/product_brand?post=24006"},{"taxonomy":"product_cat","embeddable":true,"href":"https:\/\/tajkertesz.com\/en_US\/wp-json\/wp\/v2\/product_cat?post=24006"},{"taxonomy":"product_tag","embeddable":true,"href":"https:\/\/tajkertesz.com\/en_US\/wp-json\/wp\/v2\/product_tag?post=24006"}],"curies":[{"name":"wp","href":"https:\/\/api.w.org\/{rel}","templated":true}]}}