{"id":24039,"date":"2025-07-28T13:35:22","date_gmt":"2025-07-28T13:35:22","guid":{"rendered":"https:\/\/tajkertesz.com\/?post_type=product&#038;p=24039"},"modified":"2026-02-24T11:58:14","modified_gmt":"2026-02-24T11:58:14","slug":"euonymus-japonicus-green-spire-oszlopos-kecskerago","status":"publish","type":"product","link":"https:\/\/tajkertesz.com\/en_US\/product\/euonymus-japonicus-green-spire-oszlopos-kecskerago\/","title":{"rendered":"Euonymus japonicus &#8216;Green Spire&#8217; &#8211; Oszlopos kecsker\u00e1g\u00f3"},"content":{"rendered":"<h1 data-start=\"444\" data-end=\"837\">Euonymus japonicus &#8216;Green Spire&#8217; &#8211; Oszlopos kecsker\u00e1g\u00f3<\/h1>\n<p data-start=\"444\" data-end=\"837\">A Euonymus japonicus &#8216;Green Spire&#8217; &#8211; Oszlopos kecsker\u00e1g\u00f3\u00a0egy s\u0171r\u0171 \u00e1grendszer\u0171, f\u00e9nyes, s\u00f6t\u00e9tz\u00f6ld level\u0171 <strong data-start=\"566\" data-end=\"585\">\u00f6r\u00f6kz\u00f6ld cserje<\/strong>, amely eg\u00e9sz \u00e9vben meg\u0151rzi kompakt, keskeny form\u00e1j\u00e1t. Egyenes, felfel\u00e9 t\u00f6r\u0151 n\u00f6veked\u00e9s\u00e9nek k\u00f6sz\u00f6nhet\u0151en kiv\u00e1l\u00f3 v\u00e1laszt\u00e1s <strong data-start=\"706\" data-end=\"729\">alacsony s\u00f6v\u00e9nyk\u00e9nt<\/strong>, <strong data-start=\"731\" data-end=\"750\">t\u00e9rhat\u00e1rol\u00f3k\u00e9nt<\/strong>, de <strong data-start=\"755\" data-end=\"782\">kont\u00e9neres ki\u00fcltet\u00e9sben<\/strong> is j\u00f3l mutat modern teraszokon vagy bej\u00e1ratok mellett.<\/p>\n<p data-start=\"839\" data-end=\"1092\">A Euonymus japonicus &#8216;Green Spire&#8217; &#8211; Oszlopos kecsker\u00e1g\u00f3 remek\u00fcl form\u00e1zhat\u00f3 (pl. kocka, g\u00f6mb vagy oszlop form\u00e1ra). T\u0171ri a v\u00e1rosi kl\u00edm\u00e1t, szennyezettebb leveg\u0151t, \u00e9s viszonylag j\u00f3l alkalmazkodik k\u00fcl\u00f6nf\u00e9le f\u00e9nyviszonyokhoz is \u2013 a <strong data-start=\"1058\" data-end=\"1091\">napost\u00f3l a f\u00e9l\u00e1rny\u00e9kos helyig<\/strong>.<\/p>\n<h2 data-start=\"444\" data-end=\"837\">Euonymus japonicus &#8216;Green Spire&#8217; jellemz\u0151k:<\/h2>\n<ul data-start=\"1114\" data-end=\"1406\">\n<li data-start=\"1114\" data-end=\"1162\">\n<p data-start=\"1116\" data-end=\"1162\">Magass\u00e1g: 100\u2013150 cm (ny\u00edr\u00e1ssal szab\u00e1lyozhat\u00f3)<\/p>\n<\/li>\n<li data-start=\"1163\" data-end=\"1184\">\n<p data-start=\"1165\" data-end=\"1184\">Sz\u00e9less\u00e9g: 30\u201350 cm<\/p>\n<\/li>\n<li data-start=\"1185\" data-end=\"1230\">\n<p data-start=\"1187\" data-end=\"1230\">Lombozat: s\u00f6t\u00e9tz\u00f6ld, f\u00e9nyes, ov\u00e1lis levelek<\/p>\n<\/li>\n<li data-start=\"1231\" data-end=\"1264\">\n<p data-start=\"1233\" data-end=\"1264\">N\u00f6veked\u00e9s: oszlopos, f\u00fcgg\u0151leges<\/p>\n<\/li>\n<li data-start=\"1265\" data-end=\"1304\">\n<p data-start=\"1267\" data-end=\"1304\">F\u00e9nyig\u00e9ny: napos \u2013 f\u00e9l\u00e1rny\u00e9kos helyre<\/p>\n<\/li>\n<li data-start=\"1305\" data-end=\"1360\">\n<p data-start=\"1307\" data-end=\"1360\">Talajig\u00e9ny: j\u00f3 v\u00edz\u00e1tereszt\u0151, t\u00e1panyagban gazdag talaj<\/p>\n<\/li>\n<li data-start=\"1361\" data-end=\"1406\">\n<p data-start=\"1363\" data-end=\"1406\">T\u00e9l\u00e1ll\u00f3s\u00e1g: m\u00e9rs\u00e9kelten fagyt\u0171r\u0151 (Z\u00f3na 6\u20137)<\/p>\n<\/li>\n<\/ul>\n<p data-start=\"1408\" data-end=\"1626\">A <strong data-start=\"1410\" data-end=\"1425\">Green Spire<\/strong> t\u00f6k\u00e9letes v\u00e1laszt\u00e1s form\u00e1lis kertekbe, <strong data-start=\"1465\" data-end=\"1479\">bord\u0171r\u00f6kbe<\/strong>, <strong data-start=\"1481\" data-end=\"1506\">\u00fat menti szeg\u00e9lyekhez<\/strong> vagy ak\u00e1r bonsai-szer\u0171 alakform\u00e1z\u00e1sra is. Kis gondoz\u00e1s mellett is eleg\u00e1ns, struktur\u00e1lt hat\u00e1st ny\u00fajt a kert eg\u00e9sz \u00e9vben.<\/p>\n<p data-start=\"1408\" data-end=\"1626\">A n\u00f6v\u00e9ny elenlegi m\u00e9rete: 20-25 cm magas, 1,5 literes kont\u00e9nerben.<\/p>\n<h5><strong>\ud83d\udd04 K\u00e9szletinform\u00e1ci\u00f3<\/strong><\/h5>\n<p><strong>K\u00e9szlet\u00fcnk napi szinten v\u00e1ltozik, \u00edgy a webshopban szerepl<\/strong><strong>\u0151<\/strong><strong> term\u00e9kek el\u00e9rhet<\/strong><strong>\u0151<\/strong><strong>s\u00e9ge nem garant\u00e1lt.<br \/>\n\ud83d\udcde A megrendel\u00e9s el<\/strong><strong>\u0151<\/strong><strong>tt k\u00e9rj\u00fck, \u00e9rdekl<\/strong><strong>\u0151<\/strong><strong>dj\u00f6n szem\u00e9lyesen, telefonon vagy e-mailben!<\/strong><\/p>\n<h5><strong>\u27a1\ufe0f Kapcsolat:<\/strong><\/h5>\n<ul>\n<li><strong>Weboldal: <\/strong><a href=\"https:\/\/tajkertesz.com\"><strong>tajkertesz.com<\/strong><\/a><\/li>\n<li><strong>Facebook: <\/strong><a href=\"https:\/\/www.facebook.com\/tajkertesz\/\"><strong>facebook.com\/tajkertesz<\/strong><\/a><\/li>\n<li><strong>Telefonsz\u00e1m, e-mail: +36\/20-319-3770 <\/strong><a href=\"mailto:tajkerteszaruda@gmail.com\"><strong>tajkerteszaruda@gmail.com<\/strong><\/a><\/li>\n<\/ul>\n<h5><strong>\ud83d\ude9a Sz\u00e1ll\u00edt\u00e1si inform\u00e1ci\u00f3k<\/strong><\/h5>\n<p><strong>A megrendelt n\u00f6v\u00e9nyek kisz\u00e1ll\u00edt\u00e1sa az al\u00e1bbi felt\u00e9telek mellett t\u00f6rt\u00e9nik:<\/strong><\/p>\n<h5><strong>\ud83d\udce6 Fut\u00e1rszolg\u00e1latos sz\u00e1ll\u00edt\u00e1s<\/strong><\/h5>\n<ul>\n<li><strong>Maxim\u00e1lis m\u00e9ret: 200 cm (hossz\u00fas\u00e1g)<\/strong><\/li>\n<li><strong>Maxim\u00e1lis s\u00faly: 40 kg<\/strong><\/li>\n<li><strong>Az enn\u00e9l kisebb \u00e9s k\u00f6nnyebb csomagokat fut\u00e1rszolg\u00e1lattal k\u00e9zbes\u00edtj\u00fck a lehet<\/strong><strong>\u0151<\/strong><strong> legbiztons\u00e1gosabb csomagol\u00e1sban.<\/strong><\/li>\n<\/ul>\n<h4><strong>\ud83d\udefb Szem\u00e9lyes \u00e1tv\u00e9tel<\/strong><\/h4>\n<ul>\n<li><strong>1173 Budapest, Bakancsos utca 7. sz\u00e1m alatt nyitvatart\u00e1si id<\/strong><strong>\u0151<\/strong><strong>ben szem\u00e9lyesen \u00e1tvehet<\/strong><strong>\u0151<\/strong><strong> kert\u00e9szeti \u00e1rud\u00e1nkban.<\/strong><\/li>\n<li><strong>K\u00f6lts\u00e9ghat\u00e9kony megold\u00e1s nagyobb, t\u00f6r\u00e9kenyebb vagy t\u00falm\u00e9retes n\u00f6v\u00e9nyek eset\u00e9n.<\/strong><\/li>\n<\/ul>\n<h5><strong>\ud83d\udcde Nagy m\u00e9ret<\/strong><strong>\u0171<\/strong><strong> vagy s\u00faly\u00fa n\u00f6v\u00e9nyek eset\u00e9n<\/strong><\/h5>\n<p><strong>Ha a term\u00e9k:<\/strong><\/p>\n<ul>\n<li><strong>meghaladja a 200 cm hossz\u00fas\u00e1got vagy<\/strong><\/li>\n<li><strong>meghaladja a 40 kg s\u00falyt,<\/strong><\/li>\n<\/ul>\n<p><strong>akkor szem\u00e9lyes \u00e1tv\u00e9tellel vagy egyedi, el<\/strong><strong>\u0151<\/strong><strong>re egyeztetett sz\u00e1ll\u00edt\u00e1si felt\u00e9telek mellett t\u00f6rt\u00e9nik.<br \/>\nK\u00e9rj\u00fck, ilyen esetben rendel\u00e9s el<\/strong><strong>\u0151<\/strong><strong>tt vegye fel vel\u00fcnk a kapcsolatot, hogy a lehet<\/strong><strong>\u0151<\/strong><strong> legmegfelel<\/strong><strong>\u0151<\/strong><strong>bb sz\u00e1ll\u00edt\u00e1si megold\u00e1st k\u00edn\u00e1lhassuk.<\/strong><\/p>\n<p><strong>\ud83d\udd14 Fontos: A n\u00f6v\u00e9nyeket minden esetben igyeksz\u00fcnk gondosan, egyes\u00e9vel csomagolni, azonban a sz\u00e1ll\u00edt\u00e1s sor\u00e1n kisebb eszt\u00e9tikai s\u00e9r\u00fcl\u00e9sek el<\/strong><strong>\u0151<\/strong><strong>fordulhatnak (pl. lev\u00e9lhull\u00e1s). Ez nem min<\/strong><strong>\u0151<\/strong><strong>s\u00fcl hib\u00e1s teljes\u00edt\u00e9snek.<\/strong><\/p>\n<h4><strong>\ud83d\udcf7 Fontos tudni a k\u00e9pekr<\/strong><strong>\u0151<\/strong><strong>l<\/strong><\/h4>\n<p><strong>A webshopban szerepl<\/strong><strong>\u0151<\/strong><strong> k\u00e9pek illusztr\u00e1ci\u00f3k, a n\u00f6v\u00e9nyek term\u00e9szet\u00fckn\u00e9l fogva egyediek, \u00edgy m\u00e9retben, alakban \u00e9s sz\u00ednben minim\u00e1lis elt\u00e9r\u00e9sek el<\/strong><strong>\u0151<\/strong><strong>fordulhatnak a k\u00e9pen l\u00e1that\u00f3 \u00e9s a val\u00f3s p\u00e9ld\u00e1nyok k\u00f6z\u00f6tt.<\/strong><\/p>\n<h5><strong>\ud83e\uddfe \u00c1rak \u00e9s el\u00e1ll\u00e1si jog<\/strong><\/h5>\n<ul>\n<li><strong>Az \u00e1rak egy darab\u00a0n\u00f6v\u00e9nyre vonatkoznak.<\/strong><\/li>\n<li><strong>\u00c9l<\/strong><strong>\u0151<\/strong><strong> n\u00f6v\u00e9nyek rendel\u00e9se eset\u00e9n a 14 napos el\u00e1ll\u00e1s joga nem \u00e9rv\u00e9nyes\u00edthet<\/strong><strong>\u0151<\/strong><strong>, mivel azok romland\u00f3, biol\u00f3giailag \u00e9l<\/strong><strong>\u0151<\/strong><strong> term\u00e9keknek min<\/strong><strong>\u0151<\/strong><strong>s\u00fclnek.<br \/>\n\ud83d\udd12 (17\/1999. (II. 5.) Korm. rendelet 5. \u00a7 c) pontja alapj\u00e1n)<\/strong><\/li>\n<\/ul>\n<h4><strong>\ud83d\udce6 K\u00e9zbes\u00edt\u00e9s ut\u00e1ni teend<\/strong><strong>\u0151<\/strong><strong>k<\/strong><\/h4>\n<p><strong>A k\u00e9zbes\u00edt\u00e9st k\u00f6vet<\/strong><strong>\u0151<\/strong><strong>en a csomagot azonnal bontsuk ki, \u00e9s a n\u00f6v\u00e9nyt helyezz\u00fck el megfelel<\/strong><strong>\u0151<\/strong><strong> k\u00f6rnyezetben.<br \/>\nFontos: ha a n\u00f6v\u00e9ny nem r\u00e9szes\u00fcl megfelel<\/strong><strong>\u0151<\/strong><strong> gondoz\u00e1sban \u00e9s ennek k\u00f6vetkezt\u00e9ben k\u00e1rosodik vagy elpusztul, felel<\/strong><strong>\u0151<\/strong><strong>ss\u00e9get nem tudunk v\u00e1llalni.<\/strong><\/p>\n<p><strong>\u00a0<\/strong><\/p>\n<p data-start=\"1408\" data-end=\"1626\">","protected":false},"excerpt":{"rendered":"<p>A <strong data-start=\"1662\" data-end=\"1688\">Euonymus &#8216;Green Spire&#8217;<\/strong> oszlopos n\u00f6veked\u00e9s\u0171, s\u0171r\u0171 lomb\u00fa, s\u00f6t\u00e9tz\u00f6ld \u00f6r\u00f6kz\u00f6ld cserje. T\u00f6k\u00e9letes s\u00f6v\u00e9nynek, szeg\u00e9lyn\u00f6v\u00e9nynek vagy ed\u00e9nybe \u00fcltetve.<\/p>\n<p>A n\u00f6v\u00e9ny elenlegi m\u00e9rete: 20-25 cm magas, 1,5 literes kont\u00e9nerben.<\/p>","protected":false},"featured_media":24041,"template":"","meta":{"_et_pb_use_builder":"","_et_pb_old_content":"","_et_gb_content_width":""},"product_brand":[],"product_cat":[27,26],"product_tag":[6118,4931,6121,6122,6119,6120,763,6123],"class_list":{"0":"post-24039","1":"product","2":"type-product","3":"status-publish","4":"has-post-thumbnail","6":"product_cat-cserjek","7":"product_cat-orokzold-novenyek","8":"product_tag-euonymus-green-spire","9":"product_tag-japan-kecskerago","10":"product_tag-konteneres-disznoveny","11":"product_tag-nyirasbarat-cserje","12":"product_tag-orokzold-kecskerago","13":"product_tag-oszlopos-noveny","14":"product_tag-sovenynoveny","15":"product_tag-zold-levelu-orokzold","17":"first","18":"instock","19":"shipping-taxable","20":"purchasable","21":"product-type-simple"},"yoast_head":"<!-- This site is optimized with the Yoast SEO plugin v27.3 - https:\/\/yoast.com\/product\/yoast-seo-wordpress\/ -->\n<title>Euonymus japonicus &#039;Green Spire&#039; - Oszlopos kecsker\u00e1g\u00f3 - T\u00e1jkert\u00e9sz<\/title>\n<meta name=\"description\" content=\"Euonymus japonicus &#039;Green Spire&#039; \u2013 Oszlopos \u00f6r\u00f6kz\u00f6ld kecsker\u00e1g\u00f3 Ny\u00edr\u00e1sbar\u00e1t, s\u0171r\u0171 lomb\u00fa n\u00f6v\u00e9ny s\u00f6v\u00e9nyk\u00e9nt, ed\u00e9nyben vagy szeg\u00e9lyn\u00f6v\u00e9nyk\u00e9nt is ide\u00e1lis.\" \/>\n<meta name=\"robots\" content=\"index, follow, max-snippet:-1, max-image-preview:large, max-video-preview:-1\" \/>\n<link rel=\"canonical\" href=\"https:\/\/tajkertesz.com\/en_US\/product\/euonymus-japonicus-green-spire-oszlopos-kecskerago\/\" \/>\n<meta property=\"og:locale\" content=\"en_US\" \/>\n<meta property=\"og:type\" content=\"article\" \/>\n<meta property=\"og:title\" content=\"Euonymus japonicus &#039;Green Spire&#039; - Oszlopos kecsker\u00e1g\u00f3 - T\u00e1jkert\u00e9sz\" \/>\n<meta property=\"og:description\" content=\"Euonymus japonicus &#039;Green Spire&#039; \u2013 Oszlopos \u00f6r\u00f6kz\u00f6ld kecsker\u00e1g\u00f3 Ny\u00edr\u00e1sbar\u00e1t, s\u0171r\u0171 lomb\u00fa n\u00f6v\u00e9ny s\u00f6v\u00e9nyk\u00e9nt, ed\u00e9nyben vagy szeg\u00e9lyn\u00f6v\u00e9nyk\u00e9nt is ide\u00e1lis.\" \/>\n<meta property=\"og:url\" content=\"https:\/\/tajkertesz.com\/en_US\/product\/euonymus-japonicus-green-spire-oszlopos-kecskerago\/\" \/>\n<meta property=\"og:site_name\" content=\"T\u00e1jkert\u00e9sz\" \/>\n<meta property=\"article:publisher\" content=\"https:\/\/www.facebook.com\/Tajkertesz\/\" \/>\n<meta property=\"article:modified_time\" content=\"2026-02-24T11:58:14+00:00\" \/>\n<meta property=\"og:image\" content=\"https:\/\/tajkertesz.com\/wp-content\/uploads\/2025\/07\/Euonymus-japonicus-Green-Spire.jpg\" \/>\n\t<meta property=\"og:image:width\" content=\"480\" \/>\n\t<meta property=\"og:image:height\" content=\"548\" \/>\n\t<meta property=\"og:image:type\" content=\"image\/jpeg\" \/>\n<meta name=\"twitter:card\" content=\"summary_large_image\" \/>\n<meta name=\"twitter:label1\" content=\"Est. reading time\" \/>\n\t<meta name=\"twitter:data1\" content=\"3 minutes\" \/>\n<script type=\"application\/ld+json\" class=\"yoast-schema-graph\">{\"@context\":\"https:\\\/\\\/schema.org\",\"@graph\":[{\"@type\":\"WebPage\",\"@id\":\"https:\\\/\\\/tajkertesz.com\\\/termek\\\/euonymus-japonicus-green-spire-oszlopos-kecskerago\\\/\",\"url\":\"https:\\\/\\\/tajkertesz.com\\\/termek\\\/euonymus-japonicus-green-spire-oszlopos-kecskerago\\\/\",\"name\":\"Euonymus japonicus 'Green Spire' - Oszlopos kecsker\u00e1g\u00f3 - T\u00e1jkert\u00e9sz\",\"isPartOf\":{\"@id\":\"https:\\\/\\\/tajkertesz.com\\\/#website\"},\"primaryImageOfPage\":{\"@id\":\"https:\\\/\\\/tajkertesz.com\\\/termek\\\/euonymus-japonicus-green-spire-oszlopos-kecskerago\\\/#primaryimage\"},\"image\":{\"@id\":\"https:\\\/\\\/tajkertesz.com\\\/termek\\\/euonymus-japonicus-green-spire-oszlopos-kecskerago\\\/#primaryimage\"},\"thumbnailUrl\":\"https:\\\/\\\/tajkertesz.com\\\/wp-content\\\/uploads\\\/2025\\\/07\\\/Euonymus-japonicus-Green-Spire.jpg\",\"datePublished\":\"2025-07-28T13:35:22+00:00\",\"dateModified\":\"2026-02-24T11:58:14+00:00\",\"description\":\"Euonymus japonicus 'Green Spire' \u2013 Oszlopos \u00f6r\u00f6kz\u00f6ld kecsker\u00e1g\u00f3 Ny\u00edr\u00e1sbar\u00e1t, s\u0171r\u0171 lomb\u00fa n\u00f6v\u00e9ny s\u00f6v\u00e9nyk\u00e9nt, ed\u00e9nyben vagy szeg\u00e9lyn\u00f6v\u00e9nyk\u00e9nt is ide\u00e1lis.\",\"breadcrumb\":{\"@id\":\"https:\\\/\\\/tajkertesz.com\\\/termek\\\/euonymus-japonicus-green-spire-oszlopos-kecskerago\\\/#breadcrumb\"},\"inLanguage\":\"en-US\",\"potentialAction\":[{\"@type\":\"ReadAction\",\"target\":[\"https:\\\/\\\/tajkertesz.com\\\/termek\\\/euonymus-japonicus-green-spire-oszlopos-kecskerago\\\/\"]}]},{\"@type\":\"ImageObject\",\"inLanguage\":\"en-US\",\"@id\":\"https:\\\/\\\/tajkertesz.com\\\/termek\\\/euonymus-japonicus-green-spire-oszlopos-kecskerago\\\/#primaryimage\",\"url\":\"https:\\\/\\\/tajkertesz.com\\\/wp-content\\\/uploads\\\/2025\\\/07\\\/Euonymus-japonicus-Green-Spire.jpg\",\"contentUrl\":\"https:\\\/\\\/tajkertesz.com\\\/wp-content\\\/uploads\\\/2025\\\/07\\\/Euonymus-japonicus-Green-Spire.jpg\",\"width\":480,\"height\":548,\"caption\":\"Euonymus japonicus 'Green Spire' - Oszlopos kecsker\u00e1g\u00f3\"},{\"@type\":\"BreadcrumbList\",\"@id\":\"https:\\\/\\\/tajkertesz.com\\\/termek\\\/euonymus-japonicus-green-spire-oszlopos-kecskerago\\\/#breadcrumb\",\"itemListElement\":[{\"@type\":\"ListItem\",\"position\":1,\"name\":\"Home\",\"item\":\"https:\\\/\\\/tajkertesz.com\\\/\"},{\"@type\":\"ListItem\",\"position\":2,\"name\":\"Kezd\u0151lap\",\"item\":\"https:\\\/\\\/tajkertesz.com\\\/\"},{\"@type\":\"ListItem\",\"position\":3,\"name\":\"Euonymus japonicus &#8216;Green Spire&#8217; &#8211; Oszlopos kecsker\u00e1g\u00f3\"}]},{\"@type\":\"WebSite\",\"@id\":\"https:\\\/\\\/tajkertesz.com\\\/#website\",\"url\":\"https:\\\/\\\/tajkertesz.com\\\/\",\"name\":\"T\u00e1j-Kert\u00e9sz 84 Kft.\",\"description\":\"Kert\u00e9szeti kis- \u00e9s nagykeresked\u00e9s, D\u00edszn\u00f6v\u00e9ny web\u00e1ruh\u00e1z orsz\u00e1gos h\u00e1zhozsz\u00e1ll\u00edt\u00e1ssal!\",\"publisher\":{\"@id\":\"https:\\\/\\\/tajkertesz.com\\\/#organization\"},\"potentialAction\":[{\"@type\":\"SearchAction\",\"target\":{\"@type\":\"EntryPoint\",\"urlTemplate\":\"https:\\\/\\\/tajkertesz.com\\\/?s={search_term_string}\"},\"query-input\":{\"@type\":\"PropertyValueSpecification\",\"valueRequired\":true,\"valueName\":\"search_term_string\"}}],\"inLanguage\":\"en-US\"},{\"@type\":\"Organization\",\"@id\":\"https:\\\/\\\/tajkertesz.com\\\/#organization\",\"name\":\"T\u00e1j-Kert\u00e9sz 84 Kft.\",\"url\":\"https:\\\/\\\/tajkertesz.com\\\/\",\"logo\":{\"@type\":\"ImageObject\",\"inLanguage\":\"en-US\",\"@id\":\"https:\\\/\\\/tajkertesz.com\\\/#\\\/schema\\\/logo\\\/image\\\/\",\"url\":\"https:\\\/\\\/tajkertesz.com\\\/wp-content\\\/uploads\\\/2018\\\/02\\\/logo-2-e1518678052539.png\",\"contentUrl\":\"https:\\\/\\\/tajkertesz.com\\\/wp-content\\\/uploads\\\/2018\\\/02\\\/logo-2-e1518678052539.png\",\"width\":81,\"height\":140,\"caption\":\"T\u00e1j-Kert\u00e9sz 84 Kft.\"},\"image\":{\"@id\":\"https:\\\/\\\/tajkertesz.com\\\/#\\\/schema\\\/logo\\\/image\\\/\"},\"sameAs\":[\"https:\\\/\\\/www.facebook.com\\\/Tajkertesz\\\/\"]}]}<\/script>\n<!-- \/ Yoast SEO plugin. -->","yoast_head_json":{"title":"Euonymus japonicus 'Green Spire' - Oszlopos kecsker\u00e1g\u00f3 - T\u00e1jkert\u00e9sz","description":"Euonymus japonicus 'Green Spire' \u2013 Oszlopos \u00f6r\u00f6kz\u00f6ld kecsker\u00e1g\u00f3 Ny\u00edr\u00e1sbar\u00e1t, s\u0171r\u0171 lomb\u00fa n\u00f6v\u00e9ny s\u00f6v\u00e9nyk\u00e9nt, ed\u00e9nyben vagy szeg\u00e9lyn\u00f6v\u00e9nyk\u00e9nt is ide\u00e1lis.","robots":{"index":"index","follow":"follow","max-snippet":"max-snippet:-1","max-image-preview":"max-image-preview:large","max-video-preview":"max-video-preview:-1"},"canonical":"https:\/\/tajkertesz.com\/en_US\/product\/euonymus-japonicus-green-spire-oszlopos-kecskerago\/","og_locale":"en_US","og_type":"article","og_title":"Euonymus japonicus 'Green Spire' - Oszlopos kecsker\u00e1g\u00f3 - T\u00e1jkert\u00e9sz","og_description":"Euonymus japonicus 'Green Spire' \u2013 Oszlopos \u00f6r\u00f6kz\u00f6ld kecsker\u00e1g\u00f3 Ny\u00edr\u00e1sbar\u00e1t, s\u0171r\u0171 lomb\u00fa n\u00f6v\u00e9ny s\u00f6v\u00e9nyk\u00e9nt, ed\u00e9nyben vagy szeg\u00e9lyn\u00f6v\u00e9nyk\u00e9nt is ide\u00e1lis.","og_url":"https:\/\/tajkertesz.com\/en_US\/product\/euonymus-japonicus-green-spire-oszlopos-kecskerago\/","og_site_name":"T\u00e1jkert\u00e9sz","article_publisher":"https:\/\/www.facebook.com\/Tajkertesz\/","article_modified_time":"2026-02-24T11:58:14+00:00","og_image":[{"width":480,"height":548,"url":"https:\/\/tajkertesz.com\/wp-content\/uploads\/2025\/07\/Euonymus-japonicus-Green-Spire.jpg","type":"image\/jpeg"}],"twitter_card":"summary_large_image","twitter_misc":{"Est. reading time":"3 minutes"},"schema":{"@context":"https:\/\/schema.org","@graph":[{"@type":"WebPage","@id":"https:\/\/tajkertesz.com\/termek\/euonymus-japonicus-green-spire-oszlopos-kecskerago\/","url":"https:\/\/tajkertesz.com\/termek\/euonymus-japonicus-green-spire-oszlopos-kecskerago\/","name":"Euonymus japonicus 'Green Spire' - Oszlopos kecsker\u00e1g\u00f3 - T\u00e1jkert\u00e9sz","isPartOf":{"@id":"https:\/\/tajkertesz.com\/#website"},"primaryImageOfPage":{"@id":"https:\/\/tajkertesz.com\/termek\/euonymus-japonicus-green-spire-oszlopos-kecskerago\/#primaryimage"},"image":{"@id":"https:\/\/tajkertesz.com\/termek\/euonymus-japonicus-green-spire-oszlopos-kecskerago\/#primaryimage"},"thumbnailUrl":"https:\/\/tajkertesz.com\/wp-content\/uploads\/2025\/07\/Euonymus-japonicus-Green-Spire.jpg","datePublished":"2025-07-28T13:35:22+00:00","dateModified":"2026-02-24T11:58:14+00:00","description":"Euonymus japonicus 'Green Spire' \u2013 Oszlopos \u00f6r\u00f6kz\u00f6ld kecsker\u00e1g\u00f3 Ny\u00edr\u00e1sbar\u00e1t, s\u0171r\u0171 lomb\u00fa n\u00f6v\u00e9ny s\u00f6v\u00e9nyk\u00e9nt, ed\u00e9nyben vagy szeg\u00e9lyn\u00f6v\u00e9nyk\u00e9nt is ide\u00e1lis.","breadcrumb":{"@id":"https:\/\/tajkertesz.com\/termek\/euonymus-japonicus-green-spire-oszlopos-kecskerago\/#breadcrumb"},"inLanguage":"en-US","potentialAction":[{"@type":"ReadAction","target":["https:\/\/tajkertesz.com\/termek\/euonymus-japonicus-green-spire-oszlopos-kecskerago\/"]}]},{"@type":"ImageObject","inLanguage":"en-US","@id":"https:\/\/tajkertesz.com\/termek\/euonymus-japonicus-green-spire-oszlopos-kecskerago\/#primaryimage","url":"https:\/\/tajkertesz.com\/wp-content\/uploads\/2025\/07\/Euonymus-japonicus-Green-Spire.jpg","contentUrl":"https:\/\/tajkertesz.com\/wp-content\/uploads\/2025\/07\/Euonymus-japonicus-Green-Spire.jpg","width":480,"height":548,"caption":"Euonymus japonicus 'Green Spire' - Oszlopos kecsker\u00e1g\u00f3"},{"@type":"BreadcrumbList","@id":"https:\/\/tajkertesz.com\/termek\/euonymus-japonicus-green-spire-oszlopos-kecskerago\/#breadcrumb","itemListElement":[{"@type":"ListItem","position":1,"name":"Home","item":"https:\/\/tajkertesz.com\/"},{"@type":"ListItem","position":2,"name":"Kezd\u0151lap","item":"https:\/\/tajkertesz.com\/"},{"@type":"ListItem","position":3,"name":"Euonymus japonicus &#8216;Green Spire&#8217; &#8211; Oszlopos kecsker\u00e1g\u00f3"}]},{"@type":"WebSite","@id":"https:\/\/tajkertesz.com\/#website","url":"https:\/\/tajkertesz.com\/","name":"T\u00e1j-Kert\u00e9sz 84 Kft.","description":"Kert\u00e9szeti kis- \u00e9s nagykeresked\u00e9s, D\u00edszn\u00f6v\u00e9ny web\u00e1ruh\u00e1z orsz\u00e1gos h\u00e1zhozsz\u00e1ll\u00edt\u00e1ssal!","publisher":{"@id":"https:\/\/tajkertesz.com\/#organization"},"potentialAction":[{"@type":"SearchAction","target":{"@type":"EntryPoint","urlTemplate":"https:\/\/tajkertesz.com\/?s={search_term_string}"},"query-input":{"@type":"PropertyValueSpecification","valueRequired":true,"valueName":"search_term_string"}}],"inLanguage":"en-US"},{"@type":"Organization","@id":"https:\/\/tajkertesz.com\/#organization","name":"T\u00e1j-Kert\u00e9sz 84 Kft.","url":"https:\/\/tajkertesz.com\/","logo":{"@type":"ImageObject","inLanguage":"en-US","@id":"https:\/\/tajkertesz.com\/#\/schema\/logo\/image\/","url":"https:\/\/tajkertesz.com\/wp-content\/uploads\/2018\/02\/logo-2-e1518678052539.png","contentUrl":"https:\/\/tajkertesz.com\/wp-content\/uploads\/2018\/02\/logo-2-e1518678052539.png","width":81,"height":140,"caption":"T\u00e1j-Kert\u00e9sz 84 Kft."},"image":{"@id":"https:\/\/tajkertesz.com\/#\/schema\/logo\/image\/"},"sameAs":["https:\/\/www.facebook.com\/Tajkertesz\/"]}]}},"_links":{"self":[{"href":"https:\/\/tajkertesz.com\/en_US\/wp-json\/wp\/v2\/product\/24039","targetHints":{"allow":["GET"]}}],"collection":[{"href":"https:\/\/tajkertesz.com\/en_US\/wp-json\/wp\/v2\/product"}],"about":[{"href":"https:\/\/tajkertesz.com\/en_US\/wp-json\/wp\/v2\/types\/product"}],"wp:featuredmedia":[{"embeddable":true,"href":"https:\/\/tajkertesz.com\/en_US\/wp-json\/wp\/v2\/media\/24041"}],"wp:attachment":[{"href":"https:\/\/tajkertesz.com\/en_US\/wp-json\/wp\/v2\/media?parent=24039"}],"wp:term":[{"taxonomy":"product_brand","embeddable":true,"href":"https:\/\/tajkertesz.com\/en_US\/wp-json\/wp\/v2\/product_brand?post=24039"},{"taxonomy":"product_cat","embeddable":true,"href":"https:\/\/tajkertesz.com\/en_US\/wp-json\/wp\/v2\/product_cat?post=24039"},{"taxonomy":"product_tag","embeddable":true,"href":"https:\/\/tajkertesz.com\/en_US\/wp-json\/wp\/v2\/product_tag?post=24039"}],"curies":[{"name":"wp","href":"https:\/\/api.w.org\/{rel}","templated":true}]}}