{"id":2407,"date":"2020-10-29T14:20:34","date_gmt":"2020-10-29T14:20:34","guid":{"rendered":"https:\/\/tajkertesz.com\/?post_type=product&#038;p=2407"},"modified":"2025-10-07T06:53:14","modified_gmt":"2025-10-07T06:53:14","slug":"berberis-thunbergii-rose-glow-japan-verborbolya","status":"publish","type":"product","link":"https:\/\/tajkertesz.com\/en_US\/product\/berberis-thunbergii-rose-glow-japan-verborbolya\/","title":{"rendered":"Berberis thunbergii &#8216;Rose Glow&#8217; &#8211;  Jap\u00e1n v\u00e9rborbolya"},"content":{"rendered":"<h1>Berberis thunbergii &#8216;Rose Glow&#8217; &#8211; Jap\u00e1n v\u00e9rborbolya<\/h1>\n<p data-start=\"706\" data-end=\"982\">A <em data-start=\"708\" data-end=\"741\">Berberis thunbergii &#8216;Rose Glow&#8217;<\/em> egy dekorat\u00edv, lombhullat\u00f3 d\u00edszcserje, melyet els\u0151sorban k\u00fcl\u00f6nleges, m\u00e1rv\u00e1nyozott v\u00f6r\u00f6s-r\u00f3zsasz\u00edn levelei miatt kedvelnek. Kompakt, bokros n\u00f6veked\u00e9s\u0171, t\u00f6k\u00e9letes v\u00e1laszt\u00e1s szoliterk\u00e9nt, s\u00f6v\u00e9nyk\u00e9nt vagy d\u00edsz\u00e1gy\u00e1sok szeg\u00e9lyek\u00e9nt.<\/p>\n<h4 data-start=\"984\" data-end=\"1006\">\u2b50 F\u0151bb jellemz\u0151k:<\/h4>\n<ul data-start=\"1007\" data-end=\"1364\">\n<li data-start=\"1007\" data-end=\"1034\">\n<p data-start=\"1009\" data-end=\"1034\"><strong data-start=\"1009\" data-end=\"1022\">Magass\u00e1g:<\/strong> 1\u20131,5 m\u00e9ter<\/p>\n<\/li>\n<li data-start=\"1035\" data-end=\"1082\">\n<p data-start=\"1037\" data-end=\"1082\"><strong data-start=\"1037\" data-end=\"1047\">Lev\u00e9l:<\/strong> v\u00f6r\u00f6s-r\u00f3zsasz\u00edn m\u00e1rv\u00e1nyos mint\u00e1zat<\/p>\n<\/li>\n<li data-start=\"1083\" data-end=\"1129\">\n<p data-start=\"1085\" data-end=\"1129\"><strong data-start=\"1085\" data-end=\"1098\">Vir\u00e1gz\u00e1s:<\/strong> \u00e1prilis\u2013m\u00e1jus (s\u00e1rg\u00e1s vir\u00e1gok)<\/p>\n<\/li>\n<li data-start=\"1130\" data-end=\"1163\">\n<p data-start=\"1132\" data-end=\"1163\"><strong data-start=\"1132\" data-end=\"1143\">Term\u00e9s:<\/strong> piros bogy\u00f3k \u0151sszel<\/p>\n<\/li>\n<li data-start=\"1164\" data-end=\"1203\">\n<p data-start=\"1166\" data-end=\"1203\"><strong data-start=\"1166\" data-end=\"1186\">Lombsz\u00edn \u0151sszel:<\/strong> intenz\u00edven v\u00f6r\u00f6s<\/p>\n<\/li>\n<li data-start=\"1204\" data-end=\"1252\">\n<p data-start=\"1206\" data-end=\"1252\"><strong data-start=\"1206\" data-end=\"1220\">F\u00e9nyig\u00e9ny:<\/strong> napos\u2013f\u00e9l\u00e1rny\u00e9kos helyet kedvel<\/p>\n<\/li>\n<li data-start=\"1253\" data-end=\"1319\">\n<p data-start=\"1255\" data-end=\"1319\"><strong data-start=\"1255\" data-end=\"1270\">Talajig\u00e9ny:<\/strong> k\u00f6zepes t\u00e1panyagtartalm\u00fa, j\u00f3 v\u00edzelvezet\u00e9s\u0171 talaj<\/p>\n<\/li>\n<li data-start=\"1320\" data-end=\"1364\">\n<p data-start=\"1322\" data-end=\"1364\"><strong data-start=\"1322\" data-end=\"1337\">T\u00e9l\u00e1ll\u00f3s\u00e1g:<\/strong> teljesen fagyt\u0171r\u0151 (Z\u00f3na 5)<\/p>\n<\/li>\n<\/ul>\n<h4 data-start=\"1366\" data-end=\"1392\">\ud83c\udf31 \u00dcltet\u00e9si javaslat:<\/h4>\n<p data-start=\"1393\" data-end=\"1614\">A &#8216;Rose Glow&#8217; t\u00f6k\u00e9letes v\u00e1laszt\u00e1s modern \u00e9s klasszikus kertekbe egyar\u00e1nt. \u00c9l\u00e9nk lombsz\u00edne kontrasztot teremt m\u00e1s n\u00f6v\u00e9nyekkel, \u00edgy kiv\u00e1l\u00f3 sz\u00ednfolt. Alkalmas ny\u00edrott vagy term\u00e9szetes s\u00f6v\u00e9nynek, de szoliterk\u00e9nt is l\u00e1tv\u00e1nyos.<\/p>\n<h4><strong>\ud83d\udd04 K\u00e9szletinform\u00e1ci\u00f3<\/strong><\/h4>\n<p><strong>K\u00e9szlet\u00fcnk napi szinten v\u00e1ltozik, \u00edgy a webshopban szerepl<\/strong><strong>\u0151<\/strong><strong>\u00a0term\u00e9kek el\u00e9rhet<\/strong><strong>\u0151<\/strong><strong>s\u00e9ge nem garant\u00e1lt.<br \/>\n\ud83d\udcde A megrendel\u00e9s el<\/strong><strong>\u0151<\/strong><strong>tt k\u00e9rj\u00fck, \u00e9rdekl<\/strong><strong>\u0151<\/strong><strong>dj\u00f6n szem\u00e9lyesen, telefonon vagy e-mailben!<\/strong><\/p>\n<h4><strong>\u27a1\ufe0f Kapcsolat:<\/strong><\/h4>\n<ul>\n<li><strong>Weboldal:\u00a0<\/strong><a href=\"https:\/\/tajkertesz.com\/\"><strong>tajkertesz.com<\/strong><\/a><\/li>\n<li><strong>Facebook:\u00a0<\/strong><a href=\"https:\/\/www.facebook.com\/tajkertesz\/\"><strong>facebook.com\/tajkertesz<\/strong><\/a><\/li>\n<li><strong>Telefonsz\u00e1m, e-mail: +36\/20-319-3770\u00a0<\/strong><a href=\"mailto:tajkerteszaruda@gmail.com\"><strong>tajkerteszaruda@gmail.com<\/strong><\/a><\/li>\n<\/ul>\n<h4><strong>\ud83d\ude9a Sz\u00e1ll\u00edt\u00e1si inform\u00e1ci\u00f3k<\/strong><\/h4>\n<p><strong>A megrendelt n\u00f6v\u00e9nyek kisz\u00e1ll\u00edt\u00e1sa az al\u00e1bbi felt\u00e9telek mellett t\u00f6rt\u00e9nik:<\/strong><\/p>\n<h4><strong>\ud83d\udce6 Fut\u00e1rszolg\u00e1latos sz\u00e1ll\u00edt\u00e1s<\/strong><\/h4>\n<ul>\n<li><strong>Maxim\u00e1lis m\u00e9ret: 200 cm (hossz\u00fas\u00e1g)<\/strong><\/li>\n<li><strong>Maxim\u00e1lis s\u00faly: 40 kg<\/strong><\/li>\n<li><strong>Az enn\u00e9l kisebb \u00e9s k\u00f6nnyebb csomagokat fut\u00e1rszolg\u00e1lattal k\u00e9zbes\u00edtj\u00fck a lehet<\/strong><strong>\u0151<\/strong><strong>\u00a0legbiztons\u00e1gosabb csomagol\u00e1sban.<\/strong><\/li>\n<\/ul>\n<h4><strong>\ud83d\udefb Szem\u00e9lyes \u00e1tv\u00e9tel<\/strong><\/h4>\n<ul>\n<li><strong>1173 Budapest, Bakancsos utca 7. sz\u00e1m alatt nyitvatart\u00e1si id<\/strong><strong>\u0151<\/strong><strong>ben szem\u00e9lyesen \u00e1tvehet<\/strong><strong>\u0151<\/strong><strong>\u00a0kert\u00e9szeti \u00e1rud\u00e1nkban.<\/strong><\/li>\n<li><strong>K\u00f6lts\u00e9ghat\u00e9kony megold\u00e1s nagyobb, t\u00f6r\u00e9kenyebb vagy t\u00falm\u00e9retes n\u00f6v\u00e9nyek eset\u00e9n.<\/strong><\/li>\n<\/ul>\n<h4><strong>\ud83d\udcde Nagy m\u00e9ret<\/strong><strong>\u0171<\/strong><strong>\u00a0vagy s\u00faly\u00fa n\u00f6v\u00e9nyek eset\u00e9n<\/strong><\/h4>\n<p><strong>Ha a term\u00e9k:<\/strong><\/p>\n<ul>\n<li><strong>meghaladja a 200 cm hossz\u00fas\u00e1got vagy<\/strong><\/li>\n<li><strong>meghaladja a 40 kg s\u00falyt,<\/strong><\/li>\n<\/ul>\n<p><strong>akkor szem\u00e9lyes \u00e1tv\u00e9tellel vagy egyedi, el<\/strong><strong>\u0151<\/strong><strong>re egyeztetett sz\u00e1ll\u00edt\u00e1si felt\u00e9telek mellett t\u00f6rt\u00e9nik.<br \/>\nK\u00e9rj\u00fck, ilyen esetben rendel\u00e9s el<\/strong><strong>\u0151<\/strong><strong>tt vegye fel vel\u00fcnk a kapcsolatot, hogy a lehet<\/strong><strong>\u0151<\/strong><strong>\u00a0legmegfelel<\/strong><strong>\u0151<\/strong><strong>bb sz\u00e1ll\u00edt\u00e1si megold\u00e1st k\u00edn\u00e1lhassuk.<\/strong><\/p>\n<p><strong>\ud83d\udd14 Fontos: A n\u00f6v\u00e9nyeket minden esetben igyeksz\u00fcnk gondosan, egyes\u00e9vel csomagolni, azonban a sz\u00e1ll\u00edt\u00e1s sor\u00e1n kisebb eszt\u00e9tikai s\u00e9r\u00fcl\u00e9sek el<\/strong><strong>\u0151<\/strong><strong>fordulhatnak (pl. lev\u00e9lhull\u00e1s). Ez nem min<\/strong><strong>\u0151<\/strong><strong>s\u00fcl hib\u00e1s teljes\u00edt\u00e9snek.<\/strong><\/p>\n<h4><strong>\ud83d\udcf7 Fontos tudni a k\u00e9pekr<\/strong><strong>\u0151<\/strong><strong>l<\/strong><\/h4>\n<p><strong>A webshopban szerepl<\/strong><strong>\u0151<\/strong><strong>\u00a0k\u00e9pek illusztr\u00e1ci\u00f3k, a n\u00f6v\u00e9nyek term\u00e9szet\u00fckn\u00e9l fogva egyediek, \u00edgy m\u00e9retben, alakban \u00e9s sz\u00ednben minim\u00e1lis elt\u00e9r\u00e9sek el<\/strong><strong>\u0151<\/strong><strong>fordulhatnak a k\u00e9pen l\u00e1that\u00f3 \u00e9s a val\u00f3s p\u00e9ld\u00e1nyok k\u00f6z\u00f6tt.<\/strong><\/p>\n<h4><strong>\ud83e\uddfe \u00c1rak \u00e9s el\u00e1ll\u00e1si jog<\/strong><\/h4>\n<ul>\n<li><strong>Az \u00e1rak egy darab\u00a0n\u00f6v\u00e9nyre vonatkoznak.<\/strong><\/li>\n<li><strong>\u00c9l<\/strong><strong>\u0151<\/strong><strong>\u00a0n\u00f6v\u00e9nyek rendel\u00e9se eset\u00e9n a 14 napos el\u00e1ll\u00e1s joga nem \u00e9rv\u00e9nyes\u00edthet<\/strong><strong>\u0151<\/strong><strong>, mivel azok romland\u00f3, biol\u00f3giailag \u00e9l<\/strong><strong>\u0151<\/strong><strong>\u00a0term\u00e9keknek min<\/strong><strong>\u0151<\/strong><strong>s\u00fclnek.<br \/>\n\ud83d\udd12 (17\/1999. (II. 5.) Korm. rendelet 5. \u00a7 c) pontja alapj\u00e1n)<\/strong><\/li>\n<\/ul>\n<h4><strong>\ud83d\udce6 K\u00e9zbes\u00edt\u00e9s ut\u00e1ni teend<\/strong><strong>\u0151<\/strong><strong>k<\/strong><\/h4>\n<p><strong>A k\u00e9zbes\u00edt\u00e9st k\u00f6vet<\/strong><strong>\u0151<\/strong><strong>en a csomagot azonnal bontsuk ki, \u00e9s a n\u00f6v\u00e9nyt helyezz\u00fck el megfelel<\/strong><strong>\u0151<\/strong><strong>\u00a0k\u00f6rnyezetben.<br \/>\nFontos: ha a n\u00f6v\u00e9ny nem r\u00e9szes\u00fcl megfelel<\/strong><strong>\u0151<\/strong><strong>\u00a0gondoz\u00e1sban \u00e9s ennek k\u00f6vetkezt\u00e9ben k\u00e1rosodik vagy elpusztul, felel<\/strong><strong>\u0151<\/strong><strong>ss\u00e9get nem tudunk v\u00e1llalni.<\/strong><\/p>","protected":false},"excerpt":{"rendered":"<p>D\u00edszes lomb\u00fa, kompakt n\u00f6veked\u00e9s\u0171 jap\u00e1n v\u00e9rborbolya fajta r\u00f3zsasz\u00edn-v\u00f6r\u00f6s levelekkel. Kit\u0171n\u0151 v\u00e1laszt\u00e1s szeg\u00e9lyekhez, s\u00f6v\u00e9nynek vagy szoliterk\u00e9nt. Teljesen t\u00e9l\u00e1ll\u00f3 \u00e9s kev\u00e9s gondoz\u00e1st ig\u00e9nyel.<\/p>\n<p>M\u00e9rete: 20\/30 cm magas, 3 literes kont\u00e9nerben.<\/p>","protected":false},"featured_media":1202,"template":"","meta":{"_et_pb_use_builder":"","_et_pb_old_content":"","_et_gb_content_width":""},"product_brand":[],"product_cat":[27],"product_tag":[6101,220,257,179,5849,5996,7104,6635,7105,7107,528,7106],"class_list":{"0":"post-2407","1":"product","2":"type-product","3":"status-publish","4":"has-post-thumbnail","6":"product_cat-cserjek","7":"product_tag-alacsony-cserje","8":"product_tag-berberis","9":"product_tag-berberis-thunbergii-harlequin","10":"product_tag-borbolya","11":"product_tag-diszcserje","12":"product_tag-fagyturo-noveny","13":"product_tag-japan-verborbolya","14":"product_tag-kertepites","15":"product_tag-rose-glow","16":"product_tag-rozsaszin-lomb","17":"product_tag-soveny","18":"product_tag-szines-lomb","20":"first","21":"instock","22":"shipping-taxable","23":"purchasable","24":"product-type-simple"},"yoast_head":"<!-- This site is optimized with the Yoast SEO plugin v27.4 - https:\/\/yoast.com\/product\/yoast-seo-wordpress\/ -->\n<title>Berberis thunbergii &#039;Rose Glow&#039; - Jap\u00e1n v\u00e9rborbolya - T\u00e1jkert\u00e9sz<\/title>\n<meta name=\"description\" content=\"\u00a0 A Berberis thunbergii &#039;Rose Glow&#039; - Jap\u00e1n v\u00e9rborbolya dekorat\u00edv d\u00edszcserje r\u00f3zsasz\u00edn-v\u00f6r\u00f6s lombsz\u00ednnel. T\u00e9l\u00e1ll\u00f3, ig\u00e9nytelen, s\u00f6v\u00e9nynek vagy szoliternek.\" \/>\n<meta name=\"robots\" content=\"index, follow, max-snippet:-1, max-image-preview:large, max-video-preview:-1\" \/>\n<link rel=\"canonical\" href=\"https:\/\/tajkertesz.com\/en_US\/product\/berberis-thunbergii-rose-glow-japan-verborbolya\/\" \/>\n<meta property=\"og:locale\" content=\"en_US\" \/>\n<meta property=\"og:type\" content=\"article\" \/>\n<meta property=\"og:title\" content=\"Berberis thunbergii &#039;Rose Glow&#039; - Jap\u00e1n v\u00e9rborbolya - T\u00e1jkert\u00e9sz\" \/>\n<meta property=\"og:description\" content=\"\u00a0 A Berberis thunbergii &#039;Rose Glow&#039; - Jap\u00e1n v\u00e9rborbolya dekorat\u00edv d\u00edszcserje r\u00f3zsasz\u00edn-v\u00f6r\u00f6s lombsz\u00ednnel. T\u00e9l\u00e1ll\u00f3, ig\u00e9nytelen, s\u00f6v\u00e9nynek vagy szoliternek.\" \/>\n<meta property=\"og:url\" content=\"https:\/\/tajkertesz.com\/en_US\/product\/berberis-thunbergii-rose-glow-japan-verborbolya\/\" \/>\n<meta property=\"og:site_name\" content=\"T\u00e1jkert\u00e9sz\" \/>\n<meta property=\"article:publisher\" content=\"https:\/\/www.facebook.com\/Tajkertesz\/\" \/>\n<meta property=\"article:modified_time\" content=\"2025-10-07T06:53:14+00:00\" \/>\n<meta property=\"og:image\" content=\"https:\/\/tajkertesz.com\/wp-content\/uploads\/2020\/03\/Berberis-thunbergii-Harlequin.jpg2_.jpg\" \/>\n\t<meta property=\"og:image:width\" content=\"512\" \/>\n\t<meta property=\"og:image:height\" content=\"384\" \/>\n\t<meta property=\"og:image:type\" content=\"image\/jpeg\" \/>\n<meta name=\"twitter:card\" content=\"summary_large_image\" \/>\n<meta name=\"twitter:label1\" content=\"Est. reading time\" \/>\n\t<meta name=\"twitter:data1\" content=\"3 minutes\" \/>\n<script type=\"application\/ld+json\" class=\"yoast-schema-graph\">{\"@context\":\"https:\\\/\\\/schema.org\",\"@graph\":[{\"@type\":\"WebPage\",\"@id\":\"https:\\\/\\\/tajkertesz.com\\\/termek\\\/berberis-thunbergii-rose-glow-japan-verborbolya\\\/\",\"url\":\"https:\\\/\\\/tajkertesz.com\\\/termek\\\/berberis-thunbergii-rose-glow-japan-verborbolya\\\/\",\"name\":\"Berberis thunbergii 'Rose Glow' - Jap\u00e1n v\u00e9rborbolya - T\u00e1jkert\u00e9sz\",\"isPartOf\":{\"@id\":\"https:\\\/\\\/tajkertesz.com\\\/#website\"},\"primaryImageOfPage\":{\"@id\":\"https:\\\/\\\/tajkertesz.com\\\/termek\\\/berberis-thunbergii-rose-glow-japan-verborbolya\\\/#primaryimage\"},\"image\":{\"@id\":\"https:\\\/\\\/tajkertesz.com\\\/termek\\\/berberis-thunbergii-rose-glow-japan-verborbolya\\\/#primaryimage\"},\"thumbnailUrl\":\"https:\\\/\\\/tajkertesz.com\\\/wp-content\\\/uploads\\\/2020\\\/03\\\/Berberis-thunbergii-Harlequin.jpg2_.jpg\",\"datePublished\":\"2020-10-29T14:20:34+00:00\",\"dateModified\":\"2025-10-07T06:53:14+00:00\",\"description\":\"\u00a0 A Berberis thunbergii 'Rose Glow' - Jap\u00e1n v\u00e9rborbolya dekorat\u00edv d\u00edszcserje r\u00f3zsasz\u00edn-v\u00f6r\u00f6s lombsz\u00ednnel. T\u00e9l\u00e1ll\u00f3, ig\u00e9nytelen, s\u00f6v\u00e9nynek vagy szoliternek.\",\"breadcrumb\":{\"@id\":\"https:\\\/\\\/tajkertesz.com\\\/termek\\\/berberis-thunbergii-rose-glow-japan-verborbolya\\\/#breadcrumb\"},\"inLanguage\":\"en-US\",\"potentialAction\":[{\"@type\":\"ReadAction\",\"target\":[\"https:\\\/\\\/tajkertesz.com\\\/termek\\\/berberis-thunbergii-rose-glow-japan-verborbolya\\\/\"]}]},{\"@type\":\"ImageObject\",\"inLanguage\":\"en-US\",\"@id\":\"https:\\\/\\\/tajkertesz.com\\\/termek\\\/berberis-thunbergii-rose-glow-japan-verborbolya\\\/#primaryimage\",\"url\":\"https:\\\/\\\/tajkertesz.com\\\/wp-content\\\/uploads\\\/2020\\\/03\\\/Berberis-thunbergii-Harlequin.jpg2_.jpg\",\"contentUrl\":\"https:\\\/\\\/tajkertesz.com\\\/wp-content\\\/uploads\\\/2020\\\/03\\\/Berberis-thunbergii-Harlequin.jpg2_.jpg\",\"width\":512,\"height\":384,\"caption\":\"Berberis thunbergii 'Rose Glow' - Jap\u00e1n v\u00e9rborbolya\"},{\"@type\":\"BreadcrumbList\",\"@id\":\"https:\\\/\\\/tajkertesz.com\\\/termek\\\/berberis-thunbergii-rose-glow-japan-verborbolya\\\/#breadcrumb\",\"itemListElement\":[{\"@type\":\"ListItem\",\"position\":1,\"name\":\"Home\",\"item\":\"https:\\\/\\\/tajkertesz.com\\\/\"},{\"@type\":\"ListItem\",\"position\":2,\"name\":\"Kezd\u0151lap\",\"item\":\"https:\\\/\\\/tajkertesz.com\\\/\"},{\"@type\":\"ListItem\",\"position\":3,\"name\":\"Berberis thunbergii &#8216;Rose Glow&#8217; &#8211; Jap\u00e1n v\u00e9rborbolya\"}]},{\"@type\":\"WebSite\",\"@id\":\"https:\\\/\\\/tajkertesz.com\\\/#website\",\"url\":\"https:\\\/\\\/tajkertesz.com\\\/\",\"name\":\"T\u00e1j-Kert\u00e9sz 84 Kft.\",\"description\":\"Kert\u00e9szeti kis- \u00e9s nagykeresked\u00e9s, D\u00edszn\u00f6v\u00e9ny web\u00e1ruh\u00e1z orsz\u00e1gos h\u00e1zhozsz\u00e1ll\u00edt\u00e1ssal!\",\"publisher\":{\"@id\":\"https:\\\/\\\/tajkertesz.com\\\/#organization\"},\"potentialAction\":[{\"@type\":\"SearchAction\",\"target\":{\"@type\":\"EntryPoint\",\"urlTemplate\":\"https:\\\/\\\/tajkertesz.com\\\/?s={search_term_string}\"},\"query-input\":{\"@type\":\"PropertyValueSpecification\",\"valueRequired\":true,\"valueName\":\"search_term_string\"}}],\"inLanguage\":\"en-US\"},{\"@type\":\"Organization\",\"@id\":\"https:\\\/\\\/tajkertesz.com\\\/#organization\",\"name\":\"T\u00e1j-Kert\u00e9sz 84 Kft.\",\"url\":\"https:\\\/\\\/tajkertesz.com\\\/\",\"logo\":{\"@type\":\"ImageObject\",\"inLanguage\":\"en-US\",\"@id\":\"https:\\\/\\\/tajkertesz.com\\\/#\\\/schema\\\/logo\\\/image\\\/\",\"url\":\"https:\\\/\\\/tajkertesz.com\\\/wp-content\\\/uploads\\\/2018\\\/02\\\/logo-2-e1518678052539.png\",\"contentUrl\":\"https:\\\/\\\/tajkertesz.com\\\/wp-content\\\/uploads\\\/2018\\\/02\\\/logo-2-e1518678052539.png\",\"width\":81,\"height\":140,\"caption\":\"T\u00e1j-Kert\u00e9sz 84 Kft.\"},\"image\":{\"@id\":\"https:\\\/\\\/tajkertesz.com\\\/#\\\/schema\\\/logo\\\/image\\\/\"},\"sameAs\":[\"https:\\\/\\\/www.facebook.com\\\/Tajkertesz\\\/\"]}]}<\/script>\n<!-- \/ Yoast SEO plugin. -->","yoast_head_json":{"title":"Berberis thunbergii 'Rose Glow' - Jap\u00e1n v\u00e9rborbolya - T\u00e1jkert\u00e9sz","description":"\u00a0 A Berberis thunbergii 'Rose Glow' - Jap\u00e1n v\u00e9rborbolya dekorat\u00edv d\u00edszcserje r\u00f3zsasz\u00edn-v\u00f6r\u00f6s lombsz\u00ednnel. T\u00e9l\u00e1ll\u00f3, ig\u00e9nytelen, s\u00f6v\u00e9nynek vagy szoliternek.","robots":{"index":"index","follow":"follow","max-snippet":"max-snippet:-1","max-image-preview":"max-image-preview:large","max-video-preview":"max-video-preview:-1"},"canonical":"https:\/\/tajkertesz.com\/en_US\/product\/berberis-thunbergii-rose-glow-japan-verborbolya\/","og_locale":"en_US","og_type":"article","og_title":"Berberis thunbergii 'Rose Glow' - Jap\u00e1n v\u00e9rborbolya - T\u00e1jkert\u00e9sz","og_description":"\u00a0 A Berberis thunbergii 'Rose Glow' - Jap\u00e1n v\u00e9rborbolya dekorat\u00edv d\u00edszcserje r\u00f3zsasz\u00edn-v\u00f6r\u00f6s lombsz\u00ednnel. T\u00e9l\u00e1ll\u00f3, ig\u00e9nytelen, s\u00f6v\u00e9nynek vagy szoliternek.","og_url":"https:\/\/tajkertesz.com\/en_US\/product\/berberis-thunbergii-rose-glow-japan-verborbolya\/","og_site_name":"T\u00e1jkert\u00e9sz","article_publisher":"https:\/\/www.facebook.com\/Tajkertesz\/","article_modified_time":"2025-10-07T06:53:14+00:00","og_image":[{"width":512,"height":384,"url":"https:\/\/tajkertesz.com\/wp-content\/uploads\/2020\/03\/Berberis-thunbergii-Harlequin.jpg2_.jpg","type":"image\/jpeg"}],"twitter_card":"summary_large_image","twitter_misc":{"Est. reading time":"3 minutes"},"schema":{"@context":"https:\/\/schema.org","@graph":[{"@type":"WebPage","@id":"https:\/\/tajkertesz.com\/termek\/berberis-thunbergii-rose-glow-japan-verborbolya\/","url":"https:\/\/tajkertesz.com\/termek\/berberis-thunbergii-rose-glow-japan-verborbolya\/","name":"Berberis thunbergii 'Rose Glow' - Jap\u00e1n v\u00e9rborbolya - T\u00e1jkert\u00e9sz","isPartOf":{"@id":"https:\/\/tajkertesz.com\/#website"},"primaryImageOfPage":{"@id":"https:\/\/tajkertesz.com\/termek\/berberis-thunbergii-rose-glow-japan-verborbolya\/#primaryimage"},"image":{"@id":"https:\/\/tajkertesz.com\/termek\/berberis-thunbergii-rose-glow-japan-verborbolya\/#primaryimage"},"thumbnailUrl":"https:\/\/tajkertesz.com\/wp-content\/uploads\/2020\/03\/Berberis-thunbergii-Harlequin.jpg2_.jpg","datePublished":"2020-10-29T14:20:34+00:00","dateModified":"2025-10-07T06:53:14+00:00","description":"\u00a0 A Berberis thunbergii 'Rose Glow' - Jap\u00e1n v\u00e9rborbolya dekorat\u00edv d\u00edszcserje r\u00f3zsasz\u00edn-v\u00f6r\u00f6s lombsz\u00ednnel. T\u00e9l\u00e1ll\u00f3, ig\u00e9nytelen, s\u00f6v\u00e9nynek vagy szoliternek.","breadcrumb":{"@id":"https:\/\/tajkertesz.com\/termek\/berberis-thunbergii-rose-glow-japan-verborbolya\/#breadcrumb"},"inLanguage":"en-US","potentialAction":[{"@type":"ReadAction","target":["https:\/\/tajkertesz.com\/termek\/berberis-thunbergii-rose-glow-japan-verborbolya\/"]}]},{"@type":"ImageObject","inLanguage":"en-US","@id":"https:\/\/tajkertesz.com\/termek\/berberis-thunbergii-rose-glow-japan-verborbolya\/#primaryimage","url":"https:\/\/tajkertesz.com\/wp-content\/uploads\/2020\/03\/Berberis-thunbergii-Harlequin.jpg2_.jpg","contentUrl":"https:\/\/tajkertesz.com\/wp-content\/uploads\/2020\/03\/Berberis-thunbergii-Harlequin.jpg2_.jpg","width":512,"height":384,"caption":"Berberis thunbergii 'Rose Glow' - Jap\u00e1n v\u00e9rborbolya"},{"@type":"BreadcrumbList","@id":"https:\/\/tajkertesz.com\/termek\/berberis-thunbergii-rose-glow-japan-verborbolya\/#breadcrumb","itemListElement":[{"@type":"ListItem","position":1,"name":"Home","item":"https:\/\/tajkertesz.com\/"},{"@type":"ListItem","position":2,"name":"Kezd\u0151lap","item":"https:\/\/tajkertesz.com\/"},{"@type":"ListItem","position":3,"name":"Berberis thunbergii &#8216;Rose Glow&#8217; &#8211; Jap\u00e1n v\u00e9rborbolya"}]},{"@type":"WebSite","@id":"https:\/\/tajkertesz.com\/#website","url":"https:\/\/tajkertesz.com\/","name":"T\u00e1j-Kert\u00e9sz 84 Kft.","description":"Kert\u00e9szeti kis- \u00e9s nagykeresked\u00e9s, D\u00edszn\u00f6v\u00e9ny web\u00e1ruh\u00e1z orsz\u00e1gos h\u00e1zhozsz\u00e1ll\u00edt\u00e1ssal!","publisher":{"@id":"https:\/\/tajkertesz.com\/#organization"},"potentialAction":[{"@type":"SearchAction","target":{"@type":"EntryPoint","urlTemplate":"https:\/\/tajkertesz.com\/?s={search_term_string}"},"query-input":{"@type":"PropertyValueSpecification","valueRequired":true,"valueName":"search_term_string"}}],"inLanguage":"en-US"},{"@type":"Organization","@id":"https:\/\/tajkertesz.com\/#organization","name":"T\u00e1j-Kert\u00e9sz 84 Kft.","url":"https:\/\/tajkertesz.com\/","logo":{"@type":"ImageObject","inLanguage":"en-US","@id":"https:\/\/tajkertesz.com\/#\/schema\/logo\/image\/","url":"https:\/\/tajkertesz.com\/wp-content\/uploads\/2018\/02\/logo-2-e1518678052539.png","contentUrl":"https:\/\/tajkertesz.com\/wp-content\/uploads\/2018\/02\/logo-2-e1518678052539.png","width":81,"height":140,"caption":"T\u00e1j-Kert\u00e9sz 84 Kft."},"image":{"@id":"https:\/\/tajkertesz.com\/#\/schema\/logo\/image\/"},"sameAs":["https:\/\/www.facebook.com\/Tajkertesz\/"]}]}},"_links":{"self":[{"href":"https:\/\/tajkertesz.com\/en_US\/wp-json\/wp\/v2\/product\/2407","targetHints":{"allow":["GET"]}}],"collection":[{"href":"https:\/\/tajkertesz.com\/en_US\/wp-json\/wp\/v2\/product"}],"about":[{"href":"https:\/\/tajkertesz.com\/en_US\/wp-json\/wp\/v2\/types\/product"}],"wp:featuredmedia":[{"embeddable":true,"href":"https:\/\/tajkertesz.com\/en_US\/wp-json\/wp\/v2\/media\/1202"}],"wp:attachment":[{"href":"https:\/\/tajkertesz.com\/en_US\/wp-json\/wp\/v2\/media?parent=2407"}],"wp:term":[{"taxonomy":"product_brand","embeddable":true,"href":"https:\/\/tajkertesz.com\/en_US\/wp-json\/wp\/v2\/product_brand?post=2407"},{"taxonomy":"product_cat","embeddable":true,"href":"https:\/\/tajkertesz.com\/en_US\/wp-json\/wp\/v2\/product_cat?post=2407"},{"taxonomy":"product_tag","embeddable":true,"href":"https:\/\/tajkertesz.com\/en_US\/wp-json\/wp\/v2\/product_tag?post=2407"}],"curies":[{"name":"wp","href":"https:\/\/api.w.org\/{rel}","templated":true}]}}