{"id":24076,"date":"2025-07-29T14:54:57","date_gmt":"2025-07-29T14:54:57","guid":{"rendered":"https:\/\/tajkertesz.com\/?post_type=product&#038;p=24076"},"modified":"2025-08-04T10:28:21","modified_gmt":"2025-08-04T10:28:21","slug":"sequoiadendron-giganteum-mammutfenyo","status":"publish","type":"product","link":"https:\/\/tajkertesz.com\/en_US\/product\/sequoiadendron-giganteum-mammutfenyo\/","title":{"rendered":"Sequoiadendron giganteum &#8211; Mammutfeny\u0151"},"content":{"rendered":"<h1>Sequoiadendron giganteum &#8211; Mammutfeny\u0151<\/h1>\n<h2><span style=\"color: #666666; font-size: 14px;\">Sequoiadendron giganteum &#8211; Mammutfeny\u0151 a vil\u00e1g egyik legismertebb \u00f3ri\u00e1sf\u00e1ja. A mammutfeny\u0151 term\u00e9szetes \u00e9l\u0151hely\u00e9n \u2013 az USA Sierra Nevada hegys\u00e9g\u00e9ben \u2013 t\u00f6bb mint 80 m\u00e9teres p\u00e9ld\u00e1nyokat is tal\u00e1lunk, de <\/span><strong style=\"color: #666666; font-size: 14px;\" data-start=\"780\" data-end=\"846\">hazai k\u00f6r\u00fclm\u00e9nyek k\u00f6z\u00f6tt 15\u201325 m\u00e9teres magass\u00e1gra sz\u00e1m\u00edthatunk<\/strong><span style=\"color: #666666; font-size: 14px;\">.<\/span><\/h2>\n<p data-start=\"854\" data-end=\"1096\">A <strong data-start=\"856\" data-end=\"904\">gyors n\u00f6veked\u00e9s\u0171, k\u00fap alak\u00fa, \u00f6r\u00f6kz\u00f6ld d\u00edszfa<\/strong> k\u00fcl\u00f6n\u00f6sen fiatalon \u00fcltetve l\u00e1tv\u00e1nyos fejl\u0151d\u00e9st mutat. <strong data-start=\"959\" data-end=\"994\">K\u00e9kesz\u00f6ld, pikkelyszer\u0171 levelei<\/strong> \u00e9s oszlopos koron\u00e1ja eg\u00e9sz \u00e9vben mutat\u00f3s, ez\u00e9rt <strong data-start=\"1043\" data-end=\"1075\">szoliterk\u00e9nt vagy parkfak\u00e9nt<\/strong> t\u00f6k\u00e9letes v\u00e1laszt\u00e1s.<\/p>\n<p data-start=\"1101\" data-end=\"1232\"><strong data-start=\"1101\" data-end=\"1132\">T\u00e9l\u00e1ll\u00f3 \u00e9s hossz\u00fa \u00e9let\u0171 faj<\/strong>, azonban a fiatal p\u00e9ld\u00e1nyokat az els\u0151 2\u20133 \u00e9vben \u00e9rdemes v\u00e9deni a kisz\u00e1rad\u00e1st\u00f3l \u00e9s a t\u00e9li fagyt\u00f3l.<\/p>\n<h4 data-start=\"1237\" data-end=\"1256\"><strong data-start=\"1237\" data-end=\"1256\">Sequoiadendron giganteum jellemz\u0151i:<\/strong><\/h4>\n<ul data-start=\"1259\" data-end=\"1613\">\n<li data-start=\"1259\" data-end=\"1294\">\n<p data-start=\"1261\" data-end=\"1294\">N\u00f6veked\u00e9s: gyors (\u00e9vi 30\u201350 cm)<\/p>\n<\/li>\n<li data-start=\"1297\" data-end=\"1336\">\n<p data-start=\"1299\" data-end=\"1336\">V\u00e9gs\u0151 magass\u00e1g (haz\u00e1nkban): 15\u201325 m<\/p>\n<\/li>\n<li data-start=\"1339\" data-end=\"1388\">\n<p data-start=\"1341\" data-end=\"1388\">Lomb: pikkelyszer\u0171, k\u00e9kesz\u00f6ld, puha tapint\u00e1s\u00fa<\/p>\n<\/li>\n<li data-start=\"1391\" data-end=\"1423\">\n<p data-start=\"1393\" data-end=\"1423\">Alak: oszlopos, k\u00fapos korona<\/p>\n<\/li>\n<li data-start=\"1426\" data-end=\"1446\">\n<p data-start=\"1428\" data-end=\"1446\">F\u00e9nyig\u00e9ny: napos<\/p>\n<\/li>\n<li data-start=\"1449\" data-end=\"1518\">\n<p data-start=\"1451\" data-end=\"1518\">Talaj: m\u00e9lyr\u00e9teg\u0171, j\u00f3 v\u00edzgazd\u00e1lkod\u00e1s\u00fa, enyh\u00e9n savas vagy semleges<\/p>\n<\/li>\n<li data-start=\"1521\" data-end=\"1546\">\n<p data-start=\"1523\" data-end=\"1546\">T\u00e9l\u00e1ll\u00f3s\u00e1g: \u201320 \u00b0C-ig<\/p>\n<\/li>\n<li data-start=\"1549\" data-end=\"1613\">\n<p data-start=\"1551\" data-end=\"1613\">Alkalmaz\u00e1s: szoliter, parkfa, nagy kertekbe, eml\u00e9kk\u00e9nt \u00fcltetve<\/p>\n<\/li>\n<\/ul>\n<h4><strong>\ud83d\udd04 K\u00e9szletinform\u00e1ci\u00f3<\/strong><\/h4>\n<p><strong>K\u00e9szlet\u00fcnk napi szinten v\u00e1ltozik, \u00edgy a webshopban szerepl<\/strong><strong>\u0151<\/strong><strong> term\u00e9kek el\u00e9rhet<\/strong><strong>\u0151<\/strong><strong>s\u00e9ge nem garant\u00e1lt.<br \/>\n\ud83d\udcde A megrendel\u00e9s el<\/strong><strong>\u0151<\/strong><strong>tt k\u00e9rj\u00fck, \u00e9rdekl<\/strong><strong>\u0151<\/strong><strong>dj\u00f6n szem\u00e9lyesen, telefonon vagy e-mailben!<\/strong><\/p>\n<h4><strong>\u27a1\ufe0f Kapcsolat:<\/strong><\/h4>\n<ul>\n<li><strong>Weboldal: <\/strong><a href=\"https:\/\/tajkertesz.com\"><strong>tajkertesz.com<\/strong><\/a><\/li>\n<li><strong>Facebook: <\/strong><a href=\"https:\/\/www.facebook.com\/tajkertesz\/\"><strong>facebook.com\/tajkertesz<\/strong><\/a><\/li>\n<li><strong>Telefonsz\u00e1m, e-mail: +36\/20-319-3770 <\/strong><a href=\"mailto:tajkerteszaruda@gmail.com\"><strong>tajkerteszaruda@gmail.com<\/strong><\/a><\/li>\n<\/ul>\n<h4><strong>\ud83d\ude9a Sz\u00e1ll\u00edt\u00e1si inform\u00e1ci\u00f3k<\/strong><\/h4>\n<p><strong>A megrendelt n\u00f6v\u00e9nyek kisz\u00e1ll\u00edt\u00e1sa az al\u00e1bbi felt\u00e9telek mellett t\u00f6rt\u00e9nik:<\/strong><\/p>\n<h4><strong>\ud83d\udce6 Fut\u00e1rszolg\u00e1latos sz\u00e1ll\u00edt\u00e1s<\/strong><\/h4>\n<ul>\n<li><strong>Maxim\u00e1lis m\u00e9ret: 200 cm (hossz\u00fas\u00e1g)<\/strong><\/li>\n<li><strong>Maxim\u00e1lis s\u00faly: 40 kg<\/strong><\/li>\n<li><strong>Az enn\u00e9l kisebb \u00e9s k\u00f6nnyebb csomagokat fut\u00e1rszolg\u00e1lattal k\u00e9zbes\u00edtj\u00fck a lehet<\/strong><strong>\u0151<\/strong><strong> legbiztons\u00e1gosabb csomagol\u00e1sban.<\/strong><\/li>\n<\/ul>\n<h4><strong>\ud83d\udefb Szem\u00e9lyes \u00e1tv\u00e9tel<\/strong><\/h4>\n<ul>\n<li><strong>1173 Budapest, Bakancsos utca 7. sz\u00e1m alatt nyitvatart\u00e1si id<\/strong><strong>\u0151<\/strong><strong>ben szem\u00e9lyesen \u00e1tvehet<\/strong><strong>\u0151<\/strong><strong> kert\u00e9szeti \u00e1rud\u00e1nkban.<\/strong><\/li>\n<li><strong>K\u00f6lts\u00e9ghat\u00e9kony megold\u00e1s nagyobb, t\u00f6r\u00e9kenyebb vagy t\u00falm\u00e9retes n\u00f6v\u00e9nyek eset\u00e9n.<\/strong><\/li>\n<\/ul>\n<h4><strong>\ud83d\udcde Nagy m\u00e9ret<\/strong><strong>\u0171<\/strong><strong> vagy s\u00faly\u00fa n\u00f6v\u00e9nyek eset\u00e9n<\/strong><\/h4>\n<p><strong>Ha a term\u00e9k:<\/strong><\/p>\n<ul>\n<li><strong>meghaladja a 200 cm hossz\u00fas\u00e1got vagy<\/strong><\/li>\n<li><strong>meghaladja a 40 kg s\u00falyt,<\/strong><\/li>\n<\/ul>\n<p><strong>akkor szem\u00e9lyes \u00e1tv\u00e9tellel vagy egyedi, el<\/strong><strong>\u0151<\/strong><strong>re egyeztetett sz\u00e1ll\u00edt\u00e1si felt\u00e9telek mellett t\u00f6rt\u00e9nik.<br \/>\nK\u00e9rj\u00fck, ilyen esetben rendel\u00e9s el<\/strong><strong>\u0151<\/strong><strong>tt vegye fel vel\u00fcnk a kapcsolatot, hogy a lehet<\/strong><strong>\u0151<\/strong><strong> legmegfelel<\/strong><strong>\u0151<\/strong><strong>bb sz\u00e1ll\u00edt\u00e1si megold\u00e1st k\u00edn\u00e1lhassuk.<\/strong><\/p>\n<p><strong>\ud83d\udd14 Fontos: A n\u00f6v\u00e9nyeket minden esetben igyeksz\u00fcnk gondosan, egyes\u00e9vel csomagolni, azonban a sz\u00e1ll\u00edt\u00e1s sor\u00e1n kisebb eszt\u00e9tikai s\u00e9r\u00fcl\u00e9sek el<\/strong><strong>\u0151<\/strong><strong>fordulhatnak (pl. lev\u00e9lhull\u00e1s). Ez nem min<\/strong><strong>\u0151<\/strong><strong>s\u00fcl hib\u00e1s teljes\u00edt\u00e9snek.<\/strong><\/p>\n<h4><strong>\ud83d\udcf7 Fontos tudni a k\u00e9pekr<\/strong><strong>\u0151<\/strong><strong>l<\/strong><\/h4>\n<p><strong>A webshopban szerepl<\/strong><strong>\u0151<\/strong><strong> k\u00e9pek illusztr\u00e1ci\u00f3k, a n\u00f6v\u00e9nyek term\u00e9szet\u00fckn\u00e9l fogva egyediek, \u00edgy m\u00e9retben, alakban \u00e9s sz\u00ednben minim\u00e1lis elt\u00e9r\u00e9sek el<\/strong><strong>\u0151<\/strong><strong>fordulhatnak a k\u00e9pen l\u00e1that\u00f3 \u00e9s a val\u00f3s p\u00e9ld\u00e1nyok k\u00f6z\u00f6tt.<\/strong><\/p>\n<h4><strong>\ud83e\uddfe \u00c1rak \u00e9s el\u00e1ll\u00e1si jog<\/strong><\/h4>\n<ul>\n<li><strong>Az \u00e1rak egy darab\u00a0n\u00f6v\u00e9nyre vonatkoznak.<\/strong><\/li>\n<li><strong>\u00c9l<\/strong><strong>\u0151<\/strong><strong> n\u00f6v\u00e9nyek rendel\u00e9se eset\u00e9n a 14 napos el\u00e1ll\u00e1s joga nem \u00e9rv\u00e9nyes\u00edthet<\/strong><strong>\u0151<\/strong><strong>, mivel azok romland\u00f3, biol\u00f3giailag \u00e9l<\/strong><strong>\u0151<\/strong><strong> term\u00e9keknek min<\/strong><strong>\u0151<\/strong><strong>s\u00fclnek.<br \/>\n\ud83d\udd12 (17\/1999. (II. 5.) Korm. rendelet 5. \u00a7 c) pontja alapj\u00e1n)<\/strong><\/li>\n<\/ul>\n<h4><strong>\ud83d\udce6 K\u00e9zbes\u00edt\u00e9s ut\u00e1ni teend<\/strong><strong>\u0151<\/strong><strong>k<\/strong><\/h4>\n<p><strong>A k\u00e9zbes\u00edt\u00e9st k\u00f6vet<\/strong><strong>\u0151<\/strong><strong>en a csomagot azonnal bontsuk ki, \u00e9s a n\u00f6v\u00e9nyt helyezz\u00fck el megfelel<\/strong><strong>\u0151<\/strong><strong> k\u00f6rnyezetben.<br \/>\nFontos: ha a n\u00f6v\u00e9ny nem r\u00e9szes\u00fcl megfelel<\/strong><strong>\u0151<\/strong><strong> gondoz\u00e1sban \u00e9s ennek k\u00f6vetkezt\u00e9ben k\u00e1rosodik vagy elpusztul, felel<\/strong><strong>\u0151<\/strong><strong>ss\u00e9get nem tudunk v\u00e1llalni.<\/strong><\/p>\n<p><strong>\u00a0<\/strong><\/p>","protected":false},"excerpt":{"rendered":"<p>Gyors n\u00f6veked\u00e9s\u0171, monument\u00e1lis \u00f6r\u00f6kz\u00f6ld d\u00edszfa. Napos helyre, j\u00f3 talajba \u00fcltetve hossz\u00fa \u00e9let\u0171 kertd\u00edsz. Kiv\u00e1l\u00f3 szoliter, parkfa.<\/p>\n<p>A n\u00f6v\u00e9ny jelenlegi m\u00e9rete: 20\/25 cm magas, 2,5 literes kont\u00e9nerben.<\/p>","protected":false},"featured_media":24078,"template":"","meta":{"_et_pb_use_builder":"","_et_pb_old_content":"","_et_gb_content_width":""},"product_brand":[],"product_cat":[26],"product_tag":[33,6202,6203,6200,6201,24,4194,6194,6199,6030],"class_list":{"0":"post-24076","1":"product","2":"type-product","3":"status-publish","4":"has-post-thumbnail","6":"product_cat-orokzold-novenyek","7":"product_tag-diszfa","8":"product_tag-gyors-novekedesu-fa","9":"product_tag-impozans-fa","10":"product_tag-mamutfenyo","11":"product_tag-orias-fenyo","12":"product_tag-orokzold","13":"product_tag-parkfa","14":"product_tag-ritka-orokzold","15":"product_tag-sequoiadendron-giganteum","16":"product_tag-szoliter-fa","18":"first","19":"instock","20":"shipping-taxable","21":"purchasable","22":"product-type-simple"},"yoast_head":"<!-- This site is optimized with the Yoast SEO plugin v27.5 - https:\/\/yoast.com\/product\/yoast-seo-wordpress\/ -->\n<title>Sequoiadendron giganteum - Mammutfeny\u0151 - T\u00e1jkert\u00e9sz<\/title>\n<meta name=\"description\" content=\"Sequoiadendron giganteum - Mammutfeny\u0151 a vil\u00e1g egyik legnagyobb f\u00e1ja. Gyors n\u00f6veked\u00e9s\u0171, oszlopos d\u00edszfa nagyobb kertekbe. Rendelje online!\" \/>\n<meta name=\"robots\" content=\"index, follow, max-snippet:-1, max-image-preview:large, max-video-preview:-1\" \/>\n<link rel=\"canonical\" href=\"https:\/\/tajkertesz.com\/en_US\/product\/sequoiadendron-giganteum-mammutfenyo\/\" \/>\n<meta property=\"og:locale\" content=\"en_US\" \/>\n<meta property=\"og:type\" content=\"article\" \/>\n<meta property=\"og:title\" content=\"Sequoiadendron giganteum - Mammutfeny\u0151 - T\u00e1jkert\u00e9sz\" \/>\n<meta property=\"og:description\" content=\"Sequoiadendron giganteum - Mammutfeny\u0151 a vil\u00e1g egyik legnagyobb f\u00e1ja. Gyors n\u00f6veked\u00e9s\u0171, oszlopos d\u00edszfa nagyobb kertekbe. Rendelje online!\" \/>\n<meta property=\"og:url\" content=\"https:\/\/tajkertesz.com\/en_US\/product\/sequoiadendron-giganteum-mammutfenyo\/\" \/>\n<meta property=\"og:site_name\" content=\"T\u00e1jkert\u00e9sz\" \/>\n<meta property=\"article:publisher\" content=\"https:\/\/www.facebook.com\/Tajkertesz\/\" \/>\n<meta property=\"article:modified_time\" content=\"2025-08-04T10:28:21+00:00\" \/>\n<meta property=\"og:image\" content=\"https:\/\/tajkertesz.com\/wp-content\/uploads\/2025\/07\/Sequoiadendron-gianteum.jpg\" \/>\n\t<meta property=\"og:image:width\" content=\"600\" \/>\n\t<meta property=\"og:image:height\" content=\"600\" \/>\n\t<meta property=\"og:image:type\" content=\"image\/jpeg\" \/>\n<meta name=\"twitter:card\" content=\"summary_large_image\" \/>\n<meta name=\"twitter:label1\" content=\"Est. reading time\" \/>\n\t<meta name=\"twitter:data1\" content=\"3 minutes\" \/>\n<script type=\"application\/ld+json\" class=\"yoast-schema-graph\">{\"@context\":\"https:\\\/\\\/schema.org\",\"@graph\":[{\"@type\":\"WebPage\",\"@id\":\"https:\\\/\\\/tajkertesz.com\\\/termek\\\/sequoiadendron-giganteum-mammutfenyo\\\/\",\"url\":\"https:\\\/\\\/tajkertesz.com\\\/termek\\\/sequoiadendron-giganteum-mammutfenyo\\\/\",\"name\":\"Sequoiadendron giganteum - Mammutfeny\u0151 - T\u00e1jkert\u00e9sz\",\"isPartOf\":{\"@id\":\"https:\\\/\\\/tajkertesz.com\\\/#website\"},\"primaryImageOfPage\":{\"@id\":\"https:\\\/\\\/tajkertesz.com\\\/termek\\\/sequoiadendron-giganteum-mammutfenyo\\\/#primaryimage\"},\"image\":{\"@id\":\"https:\\\/\\\/tajkertesz.com\\\/termek\\\/sequoiadendron-giganteum-mammutfenyo\\\/#primaryimage\"},\"thumbnailUrl\":\"https:\\\/\\\/tajkertesz.com\\\/wp-content\\\/uploads\\\/2025\\\/07\\\/Sequoiadendron-gianteum.jpg\",\"datePublished\":\"2025-07-29T14:54:57+00:00\",\"dateModified\":\"2025-08-04T10:28:21+00:00\",\"description\":\"Sequoiadendron giganteum - Mammutfeny\u0151 a vil\u00e1g egyik legnagyobb f\u00e1ja. Gyors n\u00f6veked\u00e9s\u0171, oszlopos d\u00edszfa nagyobb kertekbe. Rendelje online!\",\"breadcrumb\":{\"@id\":\"https:\\\/\\\/tajkertesz.com\\\/termek\\\/sequoiadendron-giganteum-mammutfenyo\\\/#breadcrumb\"},\"inLanguage\":\"en-US\",\"potentialAction\":[{\"@type\":\"ReadAction\",\"target\":[\"https:\\\/\\\/tajkertesz.com\\\/termek\\\/sequoiadendron-giganteum-mammutfenyo\\\/\"]}]},{\"@type\":\"ImageObject\",\"inLanguage\":\"en-US\",\"@id\":\"https:\\\/\\\/tajkertesz.com\\\/termek\\\/sequoiadendron-giganteum-mammutfenyo\\\/#primaryimage\",\"url\":\"https:\\\/\\\/tajkertesz.com\\\/wp-content\\\/uploads\\\/2025\\\/07\\\/Sequoiadendron-gianteum.jpg\",\"contentUrl\":\"https:\\\/\\\/tajkertesz.com\\\/wp-content\\\/uploads\\\/2025\\\/07\\\/Sequoiadendron-gianteum.jpg\",\"width\":600,\"height\":600,\"caption\":\"Sequoiadendron giganteum - Mammutfeny\u0151\"},{\"@type\":\"BreadcrumbList\",\"@id\":\"https:\\\/\\\/tajkertesz.com\\\/termek\\\/sequoiadendron-giganteum-mammutfenyo\\\/#breadcrumb\",\"itemListElement\":[{\"@type\":\"ListItem\",\"position\":1,\"name\":\"Home\",\"item\":\"https:\\\/\\\/tajkertesz.com\\\/\"},{\"@type\":\"ListItem\",\"position\":2,\"name\":\"Kezd\u0151lap\",\"item\":\"https:\\\/\\\/tajkertesz.com\\\/\"},{\"@type\":\"ListItem\",\"position\":3,\"name\":\"Sequoiadendron giganteum &#8211; Mammutfeny\u0151\"}]},{\"@type\":\"WebSite\",\"@id\":\"https:\\\/\\\/tajkertesz.com\\\/#website\",\"url\":\"https:\\\/\\\/tajkertesz.com\\\/\",\"name\":\"T\u00e1j-Kert\u00e9sz 84 Kft.\",\"description\":\"Kert\u00e9szeti kis- \u00e9s nagykeresked\u00e9s, D\u00edszn\u00f6v\u00e9ny web\u00e1ruh\u00e1z orsz\u00e1gos h\u00e1zhozsz\u00e1ll\u00edt\u00e1ssal!\",\"publisher\":{\"@id\":\"https:\\\/\\\/tajkertesz.com\\\/#organization\"},\"potentialAction\":[{\"@type\":\"SearchAction\",\"target\":{\"@type\":\"EntryPoint\",\"urlTemplate\":\"https:\\\/\\\/tajkertesz.com\\\/?s={search_term_string}\"},\"query-input\":{\"@type\":\"PropertyValueSpecification\",\"valueRequired\":true,\"valueName\":\"search_term_string\"}}],\"inLanguage\":\"en-US\"},{\"@type\":\"Organization\",\"@id\":\"https:\\\/\\\/tajkertesz.com\\\/#organization\",\"name\":\"T\u00e1j-Kert\u00e9sz 84 Kft.\",\"url\":\"https:\\\/\\\/tajkertesz.com\\\/\",\"logo\":{\"@type\":\"ImageObject\",\"inLanguage\":\"en-US\",\"@id\":\"https:\\\/\\\/tajkertesz.com\\\/#\\\/schema\\\/logo\\\/image\\\/\",\"url\":\"https:\\\/\\\/tajkertesz.com\\\/wp-content\\\/uploads\\\/2018\\\/02\\\/logo-2-e1518678052539.png\",\"contentUrl\":\"https:\\\/\\\/tajkertesz.com\\\/wp-content\\\/uploads\\\/2018\\\/02\\\/logo-2-e1518678052539.png\",\"width\":81,\"height\":140,\"caption\":\"T\u00e1j-Kert\u00e9sz 84 Kft.\"},\"image\":{\"@id\":\"https:\\\/\\\/tajkertesz.com\\\/#\\\/schema\\\/logo\\\/image\\\/\"},\"sameAs\":[\"https:\\\/\\\/www.facebook.com\\\/Tajkertesz\\\/\"]}]}<\/script>\n<!-- \/ Yoast SEO plugin. -->","yoast_head_json":{"title":"Sequoiadendron giganteum - Mammutfeny\u0151 - T\u00e1jkert\u00e9sz","description":"Sequoiadendron giganteum - Mammutfeny\u0151 a vil\u00e1g egyik legnagyobb f\u00e1ja. Gyors n\u00f6veked\u00e9s\u0171, oszlopos d\u00edszfa nagyobb kertekbe. Rendelje online!","robots":{"index":"index","follow":"follow","max-snippet":"max-snippet:-1","max-image-preview":"max-image-preview:large","max-video-preview":"max-video-preview:-1"},"canonical":"https:\/\/tajkertesz.com\/en_US\/product\/sequoiadendron-giganteum-mammutfenyo\/","og_locale":"en_US","og_type":"article","og_title":"Sequoiadendron giganteum - Mammutfeny\u0151 - T\u00e1jkert\u00e9sz","og_description":"Sequoiadendron giganteum - Mammutfeny\u0151 a vil\u00e1g egyik legnagyobb f\u00e1ja. Gyors n\u00f6veked\u00e9s\u0171, oszlopos d\u00edszfa nagyobb kertekbe. Rendelje online!","og_url":"https:\/\/tajkertesz.com\/en_US\/product\/sequoiadendron-giganteum-mammutfenyo\/","og_site_name":"T\u00e1jkert\u00e9sz","article_publisher":"https:\/\/www.facebook.com\/Tajkertesz\/","article_modified_time":"2025-08-04T10:28:21+00:00","og_image":[{"width":600,"height":600,"url":"https:\/\/tajkertesz.com\/wp-content\/uploads\/2025\/07\/Sequoiadendron-gianteum.jpg","type":"image\/jpeg"}],"twitter_card":"summary_large_image","twitter_misc":{"Est. reading time":"3 minutes"},"schema":{"@context":"https:\/\/schema.org","@graph":[{"@type":"WebPage","@id":"https:\/\/tajkertesz.com\/termek\/sequoiadendron-giganteum-mammutfenyo\/","url":"https:\/\/tajkertesz.com\/termek\/sequoiadendron-giganteum-mammutfenyo\/","name":"Sequoiadendron giganteum - Mammutfeny\u0151 - T\u00e1jkert\u00e9sz","isPartOf":{"@id":"https:\/\/tajkertesz.com\/#website"},"primaryImageOfPage":{"@id":"https:\/\/tajkertesz.com\/termek\/sequoiadendron-giganteum-mammutfenyo\/#primaryimage"},"image":{"@id":"https:\/\/tajkertesz.com\/termek\/sequoiadendron-giganteum-mammutfenyo\/#primaryimage"},"thumbnailUrl":"https:\/\/tajkertesz.com\/wp-content\/uploads\/2025\/07\/Sequoiadendron-gianteum.jpg","datePublished":"2025-07-29T14:54:57+00:00","dateModified":"2025-08-04T10:28:21+00:00","description":"Sequoiadendron giganteum - Mammutfeny\u0151 a vil\u00e1g egyik legnagyobb f\u00e1ja. Gyors n\u00f6veked\u00e9s\u0171, oszlopos d\u00edszfa nagyobb kertekbe. Rendelje online!","breadcrumb":{"@id":"https:\/\/tajkertesz.com\/termek\/sequoiadendron-giganteum-mammutfenyo\/#breadcrumb"},"inLanguage":"en-US","potentialAction":[{"@type":"ReadAction","target":["https:\/\/tajkertesz.com\/termek\/sequoiadendron-giganteum-mammutfenyo\/"]}]},{"@type":"ImageObject","inLanguage":"en-US","@id":"https:\/\/tajkertesz.com\/termek\/sequoiadendron-giganteum-mammutfenyo\/#primaryimage","url":"https:\/\/tajkertesz.com\/wp-content\/uploads\/2025\/07\/Sequoiadendron-gianteum.jpg","contentUrl":"https:\/\/tajkertesz.com\/wp-content\/uploads\/2025\/07\/Sequoiadendron-gianteum.jpg","width":600,"height":600,"caption":"Sequoiadendron giganteum - Mammutfeny\u0151"},{"@type":"BreadcrumbList","@id":"https:\/\/tajkertesz.com\/termek\/sequoiadendron-giganteum-mammutfenyo\/#breadcrumb","itemListElement":[{"@type":"ListItem","position":1,"name":"Home","item":"https:\/\/tajkertesz.com\/"},{"@type":"ListItem","position":2,"name":"Kezd\u0151lap","item":"https:\/\/tajkertesz.com\/"},{"@type":"ListItem","position":3,"name":"Sequoiadendron giganteum &#8211; Mammutfeny\u0151"}]},{"@type":"WebSite","@id":"https:\/\/tajkertesz.com\/#website","url":"https:\/\/tajkertesz.com\/","name":"T\u00e1j-Kert\u00e9sz 84 Kft.","description":"Kert\u00e9szeti kis- \u00e9s nagykeresked\u00e9s, D\u00edszn\u00f6v\u00e9ny web\u00e1ruh\u00e1z orsz\u00e1gos h\u00e1zhozsz\u00e1ll\u00edt\u00e1ssal!","publisher":{"@id":"https:\/\/tajkertesz.com\/#organization"},"potentialAction":[{"@type":"SearchAction","target":{"@type":"EntryPoint","urlTemplate":"https:\/\/tajkertesz.com\/?s={search_term_string}"},"query-input":{"@type":"PropertyValueSpecification","valueRequired":true,"valueName":"search_term_string"}}],"inLanguage":"en-US"},{"@type":"Organization","@id":"https:\/\/tajkertesz.com\/#organization","name":"T\u00e1j-Kert\u00e9sz 84 Kft.","url":"https:\/\/tajkertesz.com\/","logo":{"@type":"ImageObject","inLanguage":"en-US","@id":"https:\/\/tajkertesz.com\/#\/schema\/logo\/image\/","url":"https:\/\/tajkertesz.com\/wp-content\/uploads\/2018\/02\/logo-2-e1518678052539.png","contentUrl":"https:\/\/tajkertesz.com\/wp-content\/uploads\/2018\/02\/logo-2-e1518678052539.png","width":81,"height":140,"caption":"T\u00e1j-Kert\u00e9sz 84 Kft."},"image":{"@id":"https:\/\/tajkertesz.com\/#\/schema\/logo\/image\/"},"sameAs":["https:\/\/www.facebook.com\/Tajkertesz\/"]}]}},"_links":{"self":[{"href":"https:\/\/tajkertesz.com\/en_US\/wp-json\/wp\/v2\/product\/24076","targetHints":{"allow":["GET"]}}],"collection":[{"href":"https:\/\/tajkertesz.com\/en_US\/wp-json\/wp\/v2\/product"}],"about":[{"href":"https:\/\/tajkertesz.com\/en_US\/wp-json\/wp\/v2\/types\/product"}],"wp:featuredmedia":[{"embeddable":true,"href":"https:\/\/tajkertesz.com\/en_US\/wp-json\/wp\/v2\/media\/24078"}],"wp:attachment":[{"href":"https:\/\/tajkertesz.com\/en_US\/wp-json\/wp\/v2\/media?parent=24076"}],"wp:term":[{"taxonomy":"product_brand","embeddable":true,"href":"https:\/\/tajkertesz.com\/en_US\/wp-json\/wp\/v2\/product_brand?post=24076"},{"taxonomy":"product_cat","embeddable":true,"href":"https:\/\/tajkertesz.com\/en_US\/wp-json\/wp\/v2\/product_cat?post=24076"},{"taxonomy":"product_tag","embeddable":true,"href":"https:\/\/tajkertesz.com\/en_US\/wp-json\/wp\/v2\/product_tag?post=24076"}],"curies":[{"name":"wp","href":"https:\/\/api.w.org\/{rel}","templated":true}]}}