{"id":2413,"date":"2025-04-09T13:14:45","date_gmt":"2025-04-09T13:14:45","guid":{"rendered":"https:\/\/tajkertesz.com\/?post_type=product&#038;p=2413"},"modified":"2026-03-14T11:32:20","modified_gmt":"2026-03-14T11:32:20","slug":"cornus-kousa-csillagsom","status":"publish","type":"product","link":"https:\/\/tajkertesz.com\/en_US\/product\/cornus-kousa-csillagsom\/","title":{"rendered":"Cornus kousa &#8211; Csillagsom"},"content":{"rendered":"<h3>Cornus kousa &#8211; Csillagsom<\/h3>\n<p data-start=\"674\" data-end=\"1011\">A Cornus kousa &#8211; Csillagsom az egyik legnemesebb megjelen\u00e9s\u0171 d\u00edszsom faj, amelyet kecses habitusa, k\u00fcl\u00f6nleges fellevelei \u00e9s leny\u0171g\u00f6z\u0151 \u0151szi lombsz\u00edne miatt kedvelnek. Tavasszal nagy, feh\u00e9r (fellevelekb\u0151l \u00e1ll\u00f3) \u201evir\u00e1gai\u201d szinte ellepik a n\u00f6v\u00e9nyt, ny\u00e1ron piros term\u00e9seket \u00e9rlel, \u0151sszel pedig l\u00e1tv\u00e1nyos narancs\u2013v\u00f6r\u00f6s lombsz\u00ednnel z\u00e1rja az \u00e9vet.<\/p>\n<h3 data-start=\"1013\" data-end=\"1035\"><strong data-start=\"1017\" data-end=\"1035\">F\u0151bb jellemz\u0151k<\/strong><\/h3>\n<ul data-start=\"1036\" data-end=\"1453\">\n<li data-start=\"1036\" data-end=\"1059\">\n<p data-start=\"1038\" data-end=\"1059\"><strong data-start=\"1038\" data-end=\"1051\">Magass\u00e1g:<\/strong> 3\u20135 m<\/p>\n<\/li>\n<li data-start=\"1060\" data-end=\"1084\">\n<p data-start=\"1062\" data-end=\"1084\"><strong data-start=\"1062\" data-end=\"1076\">Sz\u00e9less\u00e9g:<\/strong> 2\u20134 m<\/p>\n<\/li>\n<li data-start=\"1085\" data-end=\"1150\">\n<p data-start=\"1087\" data-end=\"1150\"><strong data-start=\"1087\" data-end=\"1101\">N\u00f6veked\u00e9s:<\/strong> lass\u00fa, eleg\u00e1ns, bokorf\u00e1s vagy t\u00f6bbt\u00f6rzs\u0171 forma<\/p>\n<\/li>\n<li data-start=\"1151\" data-end=\"1181\">\n<p data-start=\"1153\" data-end=\"1181\"><strong data-start=\"1153\" data-end=\"1166\">Vir\u00e1gz\u00e1s:<\/strong> m\u00e1jus\u2013j\u00fanius<\/p>\n<\/li>\n<li data-start=\"1182\" data-end=\"1226\">\n<p data-start=\"1184\" data-end=\"1226\"><strong data-start=\"1184\" data-end=\"1198\">Vir\u00e1gsz\u00edn:<\/strong> feh\u00e9r, nagy fellevelekkel<\/p>\n<\/li>\n<li data-start=\"1227\" data-end=\"1262\">\n<p data-start=\"1229\" data-end=\"1262\"><strong data-start=\"1229\" data-end=\"1240\">Term\u00e9s:<\/strong> kerek, piros<\/p>\n<\/li>\n<li data-start=\"1263\" data-end=\"1312\">\n<p data-start=\"1265\" data-end=\"1312\"><strong data-start=\"1265\" data-end=\"1274\">Lomb:<\/strong> \u0151sszel narancs\u2013v\u00f6r\u00f6s sz\u00edn\u00e1rnyalatok<\/p>\n<\/li>\n<li data-start=\"1313\" data-end=\"1354\">\n<p data-start=\"1315\" data-end=\"1354\"><strong data-start=\"1315\" data-end=\"1329\">F\u00e9nyig\u00e9ny:<\/strong> napos\u2013f\u00e9l\u00e1rny\u00e9kos hely<\/p>\n<\/li>\n<li data-start=\"1355\" data-end=\"1424\">\n<p data-start=\"1357\" data-end=\"1424\"><strong data-start=\"1357\" data-end=\"1367\">Talaj:<\/strong> laza szerkezet\u0171, j\u00f3 v\u00edz\u00e1tereszt\u0151, enyh\u00e9n savany\u00fa talaj<\/p>\n<\/li>\n<li data-start=\"1425\" data-end=\"1453\">\n<p data-start=\"1427\" data-end=\"1453\"><strong data-start=\"1427\" data-end=\"1441\">Fagyt\u0171r\u00e9s:<\/strong> nagyon j\u00f3<\/p>\n<\/li>\n<\/ul>\n<h4><strong>\ud83d\udd04 K\u00e9szletinform\u00e1ci\u00f3<\/strong><\/h4>\n<p><strong>K\u00e9szlet\u00fcnk napi szinten v\u00e1ltozik, \u00edgy a webshopban szerepl<\/strong><strong>\u0151<\/strong><strong>\u00a0term\u00e9kek el\u00e9rhet<\/strong><strong>\u0151<\/strong><strong>s\u00e9ge nem garant\u00e1lt.<br \/>\n\ud83d\udcde A megrendel\u00e9s el<\/strong><strong>\u0151<\/strong><strong>tt k\u00e9rj\u00fck, \u00e9rdekl<\/strong><strong>\u0151<\/strong><strong>dj\u00f6n szem\u00e9lyesen, telefonon vagy e-mailben!<\/strong><\/p>\n<h4><strong>\u27a1\ufe0f Kapcsolat:<\/strong><\/h4>\n<ul>\n<li><strong>Weboldal:\u00a0<\/strong><a href=\"https:\/\/tajkertesz.com\/\"><strong>tajkertesz.com<\/strong><\/a><\/li>\n<li><strong>Facebook:\u00a0<\/strong><a href=\"https:\/\/www.facebook.com\/tajkertesz\/\"><strong>facebook.com\/tajkertesz<\/strong><\/a><\/li>\n<li><strong>Telefonsz\u00e1m, e-mail: +36\/20-319-3770\u00a0<\/strong><a href=\"mailto:tajkerteszaruda@gmail.com\"><strong>tajkerteszaruda@gmail.com<\/strong><\/a><\/li>\n<\/ul>\n<h4><strong>\ud83d\ude9a Sz\u00e1ll\u00edt\u00e1si inform\u00e1ci\u00f3k<\/strong><\/h4>\n<p><strong>A megrendelt n\u00f6v\u00e9nyek kisz\u00e1ll\u00edt\u00e1sa az al\u00e1bbi felt\u00e9telek mellett t\u00f6rt\u00e9nik:<\/strong><\/p>\n<h4><strong>\ud83d\udce6 Fut\u00e1rszolg\u00e1latos sz\u00e1ll\u00edt\u00e1s<\/strong><\/h4>\n<ul>\n<li><strong>Maxim\u00e1lis m\u00e9ret: 200 cm (hossz\u00fas\u00e1g)<\/strong><\/li>\n<li><strong>Maxim\u00e1lis s\u00faly: 40 kg<\/strong><\/li>\n<li><strong>Az enn\u00e9l kisebb \u00e9s k\u00f6nnyebb csomagokat fut\u00e1rszolg\u00e1lattal k\u00e9zbes\u00edtj\u00fck a lehet<\/strong><strong>\u0151<\/strong><strong>\u00a0legbiztons\u00e1gosabb csomagol\u00e1sban.<\/strong><\/li>\n<\/ul>\n<h4><strong>\ud83d\udefb Szem\u00e9lyes \u00e1tv\u00e9tel<\/strong><\/h4>\n<ul>\n<li><strong>1173 Budapest, Bakancsos utca 7. sz\u00e1m alatt nyitvatart\u00e1si id<\/strong><strong>\u0151<\/strong><strong>ben szem\u00e9lyesen \u00e1tvehet<\/strong><strong>\u0151<\/strong><strong>\u00a0kert\u00e9szeti \u00e1rud\u00e1nkban.<\/strong><\/li>\n<li><strong>K\u00f6lts\u00e9ghat\u00e9kony megold\u00e1s nagyobb, t\u00f6r\u00e9kenyebb vagy t\u00falm\u00e9retes n\u00f6v\u00e9nyek eset\u00e9n.<\/strong><\/li>\n<\/ul>\n<h4><strong>\ud83d\udcde Nagy m\u00e9ret<\/strong><strong>\u0171<\/strong><strong>\u00a0vagy s\u00faly\u00fa n\u00f6v\u00e9nyek eset\u00e9n<\/strong><\/h4>\n<p><strong>Ha a term\u00e9k:<\/strong><\/p>\n<ul>\n<li><strong>meghaladja a 200 cm hossz\u00fas\u00e1got vagy<\/strong><\/li>\n<li><strong>meghaladja a 40 kg s\u00falyt,<\/strong><\/li>\n<\/ul>\n<p><strong>akkor szem\u00e9lyes \u00e1tv\u00e9tellel vagy egyedi, el<\/strong><strong>\u0151<\/strong><strong>re egyeztetett sz\u00e1ll\u00edt\u00e1si felt\u00e9telek mellett t\u00f6rt\u00e9nik.<br \/>\nK\u00e9rj\u00fck, ilyen esetben rendel\u00e9s el<\/strong><strong>\u0151<\/strong><strong>tt vegye fel vel\u00fcnk a kapcsolatot, hogy a lehet<\/strong><strong>\u0151<\/strong><strong>\u00a0legmegfelel<\/strong><strong>\u0151<\/strong><strong>bb sz\u00e1ll\u00edt\u00e1si megold\u00e1st k\u00edn\u00e1lhassuk.<\/strong><\/p>\n<p><strong>\ud83d\udd14 Fontos: A n\u00f6v\u00e9nyeket minden esetben igyeksz\u00fcnk gondosan, egyes\u00e9vel csomagolni, azonban a sz\u00e1ll\u00edt\u00e1s sor\u00e1n kisebb eszt\u00e9tikai s\u00e9r\u00fcl\u00e9sek el<\/strong><strong>\u0151<\/strong><strong>fordulhatnak (pl. lev\u00e9lhull\u00e1s). Ez nem min<\/strong><strong>\u0151<\/strong><strong>s\u00fcl hib\u00e1s teljes\u00edt\u00e9snek.<\/strong><\/p>\n<h4><strong>\ud83d\udcf7 Fontos tudni a k\u00e9pekr<\/strong><strong>\u0151<\/strong><strong>l<\/strong><\/h4>\n<p><strong>A webshopban szerepl<\/strong><strong>\u0151<\/strong><strong>\u00a0k\u00e9pek illusztr\u00e1ci\u00f3k, a n\u00f6v\u00e9nyek term\u00e9szet\u00fckn\u00e9l fogva egyediek, \u00edgy m\u00e9retben, alakban \u00e9s sz\u00ednben minim\u00e1lis elt\u00e9r\u00e9sek el<\/strong><strong>\u0151<\/strong><strong>fordulhatnak a k\u00e9pen l\u00e1that\u00f3 \u00e9s a val\u00f3s p\u00e9ld\u00e1nyok k\u00f6z\u00f6tt.<\/strong><\/p>\n<h4><strong>\ud83e\uddfe \u00c1rak \u00e9s el\u00e1ll\u00e1si jog<\/strong><\/h4>\n<ul>\n<li><strong>Az \u00e1rak egy darab\u00a0n\u00f6v\u00e9nyre vonatkoznak.<\/strong><\/li>\n<li><strong>\u00c9l<\/strong><strong>\u0151<\/strong><strong>\u00a0n\u00f6v\u00e9nyek rendel\u00e9se eset\u00e9n a 14 napos el\u00e1ll\u00e1s joga nem \u00e9rv\u00e9nyes\u00edthet<\/strong><strong>\u0151<\/strong><strong>, mivel azok romland\u00f3, biol\u00f3giailag \u00e9l<\/strong><strong>\u0151<\/strong><strong>\u00a0term\u00e9keknek min<\/strong><strong>\u0151<\/strong><strong>s\u00fclnek.<br \/>\n\ud83d\udd12 (17\/1999. (II. 5.) Korm. rendelet 5. \u00a7 c) pontja alapj\u00e1n)<\/strong><\/li>\n<\/ul>\n<h4><strong>\ud83d\udce6 K\u00e9zbes\u00edt\u00e9s ut\u00e1ni teend<\/strong><strong>\u0151<\/strong><strong>k<\/strong><\/h4>\n<p><strong>A k\u00e9zbes\u00edt\u00e9st k\u00f6vet<\/strong><strong>\u0151<\/strong><strong>en a csomagot azonnal bontsuk ki, \u00e9s a n\u00f6v\u00e9nyt helyezz\u00fck el megfelel<\/strong><strong>\u0151<\/strong><strong>\u00a0k\u00f6rnyezetben.<br \/>\nFontos: ha a n\u00f6v\u00e9ny nem r\u00e9szes\u00fcl megfelel<\/strong><strong>\u0151<\/strong><strong>\u00a0gondoz\u00e1sban \u00e9s ennek k\u00f6vetkezt\u00e9ben k\u00e1rosodik vagy elpusztul, felel<\/strong><strong>\u0151<\/strong><strong>ss\u00e9get nem tudunk v\u00e1llalni.<\/strong><\/p>\n<p>&nbsp;<\/p>","protected":false},"excerpt":{"rendered":"<p>A <strong data-start=\"241\" data-end=\"257\">Cornus kousa<\/strong>, vagyis jap\u00e1n som, egy k\u00fcl\u00f6nleges, d\u00edsz\u00e9rt\u00e9kben kiemelked\u0151 cserje\u2013d\u00edszfa, amely tavasszal l\u00e1tv\u00e1nyos, nagy fellevelekkel borul vir\u00e1gba, ny\u00e1ron piros term\u00e9sekkel d\u00edsz\u00edt, \u0151sszel pedig \u00e9l\u00e9nk narancs\u2013v\u00f6r\u00f6s lombsz\u00ednnel k\u00e1pr\u00e1ztat el. Eleg\u00e1ns megjelen\u00e9s\u0171, ak\u00e1r szoliterk\u00e9nt is t\u00f6k\u00e9letes v\u00e1laszt\u00e1s.<\/p>\n<p>A n\u00f6v\u00e9ny jelenlegi m\u00e9rete: 80\/100 cm magas, 9 literes kont\u00e9nerben.<\/p>\n<p><span style=\"color: #ff0000;\"><strong>Sz\u00e1ll\u00edt\u00e1s fut\u00e1rszolg\u00e1lattal 200 cm-ig, \u00e9s 40 kg-ig lehets\u00e9ges. E felett szem\u00e9lyes \u00e1tv\u00e9tellel vagy egyeztetett sz\u00e1ll\u00edt\u00e1si felt\u00e9tellel lehet.<\/strong><\/span><\/p>","protected":false},"featured_media":2416,"template":"","meta":{"_et_pb_use_builder":"","_et_pb_old_content":"","_et_gb_content_width":""},"product_brand":[],"product_cat":[27],"product_tag":[7514,5746,7518,7515,7516,7128,7519,6586,7517,5844],"class_list":{"0":"post-2413","1":"product","2":"type-product","3":"status-publish","4":"has-post-thumbnail","6":"product_cat-cserjek","7":"product_tag-cornus-kousa","8":"product_tag-diszsom","9":"product_tag-eheto-termesu-noveny","10":"product_tag-japan-som","11":"product_tag-kousa-som","12":"product_tag-kulonleges-diszfa","13":"product_tag-lassu-novekedesu-diszfa","14":"product_tag-oszi-lombszin","15":"product_tag-tobbtorzsu-diszfa","16":"product_tag-viragzo-diszfa","18":"first","19":"instock","20":"shipping-taxable","21":"purchasable","22":"product-type-simple"},"yoast_head":"<!-- This site is optimized with the Yoast SEO plugin v27.3 - https:\/\/yoast.com\/product\/yoast-seo-wordpress\/ -->\n<title>Cornus kousa - Csillagsom - T\u00e1jkert\u00e9sz<\/title>\n<meta name=\"description\" content=\"A Cornus kousa - Csillagsom k\u00fcl\u00f6nleges jap\u00e1n som feh\u00e9r vir\u00e1gz\u00e1ssal, piros term\u00e9ssel \u00e9s \u00e9l\u00e9nk \u0151szi lombsz\u00ednnel. Eleg\u00e1ns, lassan n\u00f6v\u0151 d\u00edszfa kertekbe.\" \/>\n<meta name=\"robots\" content=\"index, follow, max-snippet:-1, max-image-preview:large, max-video-preview:-1\" \/>\n<link rel=\"canonical\" href=\"https:\/\/tajkertesz.com\/en_US\/product\/cornus-kousa-csillagsom\/\" \/>\n<meta property=\"og:locale\" content=\"en_US\" \/>\n<meta property=\"og:type\" content=\"article\" \/>\n<meta property=\"og:title\" content=\"Cornus kousa - Csillagsom - T\u00e1jkert\u00e9sz\" \/>\n<meta property=\"og:description\" content=\"A Cornus kousa - Csillagsom k\u00fcl\u00f6nleges jap\u00e1n som feh\u00e9r vir\u00e1gz\u00e1ssal, piros term\u00e9ssel \u00e9s \u00e9l\u00e9nk \u0151szi lombsz\u00ednnel. Eleg\u00e1ns, lassan n\u00f6v\u0151 d\u00edszfa kertekbe.\" \/>\n<meta property=\"og:url\" content=\"https:\/\/tajkertesz.com\/en_US\/product\/cornus-kousa-csillagsom\/\" \/>\n<meta property=\"og:site_name\" content=\"T\u00e1jkert\u00e9sz\" \/>\n<meta property=\"article:publisher\" content=\"https:\/\/www.facebook.com\/Tajkertesz\/\" \/>\n<meta property=\"article:modified_time\" content=\"2026-03-14T11:32:20+00:00\" \/>\n<meta property=\"og:image\" content=\"https:\/\/tajkertesz.com\/wp-content\/uploads\/2020\/10\/cornus-china-girl.jpg\" \/>\n\t<meta property=\"og:image:width\" content=\"900\" \/>\n\t<meta property=\"og:image:height\" content=\"900\" \/>\n\t<meta property=\"og:image:type\" content=\"image\/jpeg\" \/>\n<meta name=\"twitter:card\" content=\"summary_large_image\" \/>\n<meta name=\"twitter:label1\" content=\"Est. reading time\" \/>\n\t<meta name=\"twitter:data1\" content=\"3 minutes\" \/>\n<script type=\"application\/ld+json\" class=\"yoast-schema-graph\">{\"@context\":\"https:\\\/\\\/schema.org\",\"@graph\":[{\"@type\":\"WebPage\",\"@id\":\"https:\\\/\\\/tajkertesz.com\\\/termek\\\/cornus-kousa-csillagsom\\\/\",\"url\":\"https:\\\/\\\/tajkertesz.com\\\/termek\\\/cornus-kousa-csillagsom\\\/\",\"name\":\"Cornus kousa - Csillagsom - T\u00e1jkert\u00e9sz\",\"isPartOf\":{\"@id\":\"https:\\\/\\\/tajkertesz.com\\\/#website\"},\"primaryImageOfPage\":{\"@id\":\"https:\\\/\\\/tajkertesz.com\\\/termek\\\/cornus-kousa-csillagsom\\\/#primaryimage\"},\"image\":{\"@id\":\"https:\\\/\\\/tajkertesz.com\\\/termek\\\/cornus-kousa-csillagsom\\\/#primaryimage\"},\"thumbnailUrl\":\"https:\\\/\\\/tajkertesz.com\\\/wp-content\\\/uploads\\\/2020\\\/10\\\/cornus-china-girl.jpg\",\"datePublished\":\"2025-04-09T13:14:45+00:00\",\"dateModified\":\"2026-03-14T11:32:20+00:00\",\"description\":\"A Cornus kousa - Csillagsom k\u00fcl\u00f6nleges jap\u00e1n som feh\u00e9r vir\u00e1gz\u00e1ssal, piros term\u00e9ssel \u00e9s \u00e9l\u00e9nk \u0151szi lombsz\u00ednnel. Eleg\u00e1ns, lassan n\u00f6v\u0151 d\u00edszfa kertekbe.\",\"breadcrumb\":{\"@id\":\"https:\\\/\\\/tajkertesz.com\\\/termek\\\/cornus-kousa-csillagsom\\\/#breadcrumb\"},\"inLanguage\":\"en-US\",\"potentialAction\":[{\"@type\":\"ReadAction\",\"target\":[\"https:\\\/\\\/tajkertesz.com\\\/termek\\\/cornus-kousa-csillagsom\\\/\"]}]},{\"@type\":\"ImageObject\",\"inLanguage\":\"en-US\",\"@id\":\"https:\\\/\\\/tajkertesz.com\\\/termek\\\/cornus-kousa-csillagsom\\\/#primaryimage\",\"url\":\"https:\\\/\\\/tajkertesz.com\\\/wp-content\\\/uploads\\\/2020\\\/10\\\/cornus-china-girl.jpg\",\"contentUrl\":\"https:\\\/\\\/tajkertesz.com\\\/wp-content\\\/uploads\\\/2020\\\/10\\\/cornus-china-girl.jpg\",\"width\":900,\"height\":900,\"caption\":\"Cornus kousa - Csillagsom\"},{\"@type\":\"BreadcrumbList\",\"@id\":\"https:\\\/\\\/tajkertesz.com\\\/termek\\\/cornus-kousa-csillagsom\\\/#breadcrumb\",\"itemListElement\":[{\"@type\":\"ListItem\",\"position\":1,\"name\":\"Home\",\"item\":\"https:\\\/\\\/tajkertesz.com\\\/\"},{\"@type\":\"ListItem\",\"position\":2,\"name\":\"Kezd\u0151lap\",\"item\":\"https:\\\/\\\/tajkertesz.com\\\/\"},{\"@type\":\"ListItem\",\"position\":3,\"name\":\"Cornus kousa &#8211; Csillagsom\"}]},{\"@type\":\"WebSite\",\"@id\":\"https:\\\/\\\/tajkertesz.com\\\/#website\",\"url\":\"https:\\\/\\\/tajkertesz.com\\\/\",\"name\":\"T\u00e1j-Kert\u00e9sz 84 Kft.\",\"description\":\"Kert\u00e9szeti kis- \u00e9s nagykeresked\u00e9s, D\u00edszn\u00f6v\u00e9ny web\u00e1ruh\u00e1z orsz\u00e1gos h\u00e1zhozsz\u00e1ll\u00edt\u00e1ssal!\",\"publisher\":{\"@id\":\"https:\\\/\\\/tajkertesz.com\\\/#organization\"},\"potentialAction\":[{\"@type\":\"SearchAction\",\"target\":{\"@type\":\"EntryPoint\",\"urlTemplate\":\"https:\\\/\\\/tajkertesz.com\\\/?s={search_term_string}\"},\"query-input\":{\"@type\":\"PropertyValueSpecification\",\"valueRequired\":true,\"valueName\":\"search_term_string\"}}],\"inLanguage\":\"en-US\"},{\"@type\":\"Organization\",\"@id\":\"https:\\\/\\\/tajkertesz.com\\\/#organization\",\"name\":\"T\u00e1j-Kert\u00e9sz 84 Kft.\",\"url\":\"https:\\\/\\\/tajkertesz.com\\\/\",\"logo\":{\"@type\":\"ImageObject\",\"inLanguage\":\"en-US\",\"@id\":\"https:\\\/\\\/tajkertesz.com\\\/#\\\/schema\\\/logo\\\/image\\\/\",\"url\":\"https:\\\/\\\/tajkertesz.com\\\/wp-content\\\/uploads\\\/2018\\\/02\\\/logo-2-e1518678052539.png\",\"contentUrl\":\"https:\\\/\\\/tajkertesz.com\\\/wp-content\\\/uploads\\\/2018\\\/02\\\/logo-2-e1518678052539.png\",\"width\":81,\"height\":140,\"caption\":\"T\u00e1j-Kert\u00e9sz 84 Kft.\"},\"image\":{\"@id\":\"https:\\\/\\\/tajkertesz.com\\\/#\\\/schema\\\/logo\\\/image\\\/\"},\"sameAs\":[\"https:\\\/\\\/www.facebook.com\\\/Tajkertesz\\\/\"]}]}<\/script>\n<!-- \/ Yoast SEO plugin. -->","yoast_head_json":{"title":"Cornus kousa - Csillagsom - T\u00e1jkert\u00e9sz","description":"A Cornus kousa - Csillagsom k\u00fcl\u00f6nleges jap\u00e1n som feh\u00e9r vir\u00e1gz\u00e1ssal, piros term\u00e9ssel \u00e9s \u00e9l\u00e9nk \u0151szi lombsz\u00ednnel. Eleg\u00e1ns, lassan n\u00f6v\u0151 d\u00edszfa kertekbe.","robots":{"index":"index","follow":"follow","max-snippet":"max-snippet:-1","max-image-preview":"max-image-preview:large","max-video-preview":"max-video-preview:-1"},"canonical":"https:\/\/tajkertesz.com\/en_US\/product\/cornus-kousa-csillagsom\/","og_locale":"en_US","og_type":"article","og_title":"Cornus kousa - Csillagsom - T\u00e1jkert\u00e9sz","og_description":"A Cornus kousa - Csillagsom k\u00fcl\u00f6nleges jap\u00e1n som feh\u00e9r vir\u00e1gz\u00e1ssal, piros term\u00e9ssel \u00e9s \u00e9l\u00e9nk \u0151szi lombsz\u00ednnel. Eleg\u00e1ns, lassan n\u00f6v\u0151 d\u00edszfa kertekbe.","og_url":"https:\/\/tajkertesz.com\/en_US\/product\/cornus-kousa-csillagsom\/","og_site_name":"T\u00e1jkert\u00e9sz","article_publisher":"https:\/\/www.facebook.com\/Tajkertesz\/","article_modified_time":"2026-03-14T11:32:20+00:00","og_image":[{"width":900,"height":900,"url":"https:\/\/tajkertesz.com\/wp-content\/uploads\/2020\/10\/cornus-china-girl.jpg","type":"image\/jpeg"}],"twitter_card":"summary_large_image","twitter_misc":{"Est. reading time":"3 minutes"},"schema":{"@context":"https:\/\/schema.org","@graph":[{"@type":"WebPage","@id":"https:\/\/tajkertesz.com\/termek\/cornus-kousa-csillagsom\/","url":"https:\/\/tajkertesz.com\/termek\/cornus-kousa-csillagsom\/","name":"Cornus kousa - Csillagsom - T\u00e1jkert\u00e9sz","isPartOf":{"@id":"https:\/\/tajkertesz.com\/#website"},"primaryImageOfPage":{"@id":"https:\/\/tajkertesz.com\/termek\/cornus-kousa-csillagsom\/#primaryimage"},"image":{"@id":"https:\/\/tajkertesz.com\/termek\/cornus-kousa-csillagsom\/#primaryimage"},"thumbnailUrl":"https:\/\/tajkertesz.com\/wp-content\/uploads\/2020\/10\/cornus-china-girl.jpg","datePublished":"2025-04-09T13:14:45+00:00","dateModified":"2026-03-14T11:32:20+00:00","description":"A Cornus kousa - Csillagsom k\u00fcl\u00f6nleges jap\u00e1n som feh\u00e9r vir\u00e1gz\u00e1ssal, piros term\u00e9ssel \u00e9s \u00e9l\u00e9nk \u0151szi lombsz\u00ednnel. Eleg\u00e1ns, lassan n\u00f6v\u0151 d\u00edszfa kertekbe.","breadcrumb":{"@id":"https:\/\/tajkertesz.com\/termek\/cornus-kousa-csillagsom\/#breadcrumb"},"inLanguage":"en-US","potentialAction":[{"@type":"ReadAction","target":["https:\/\/tajkertesz.com\/termek\/cornus-kousa-csillagsom\/"]}]},{"@type":"ImageObject","inLanguage":"en-US","@id":"https:\/\/tajkertesz.com\/termek\/cornus-kousa-csillagsom\/#primaryimage","url":"https:\/\/tajkertesz.com\/wp-content\/uploads\/2020\/10\/cornus-china-girl.jpg","contentUrl":"https:\/\/tajkertesz.com\/wp-content\/uploads\/2020\/10\/cornus-china-girl.jpg","width":900,"height":900,"caption":"Cornus kousa - Csillagsom"},{"@type":"BreadcrumbList","@id":"https:\/\/tajkertesz.com\/termek\/cornus-kousa-csillagsom\/#breadcrumb","itemListElement":[{"@type":"ListItem","position":1,"name":"Home","item":"https:\/\/tajkertesz.com\/"},{"@type":"ListItem","position":2,"name":"Kezd\u0151lap","item":"https:\/\/tajkertesz.com\/"},{"@type":"ListItem","position":3,"name":"Cornus kousa &#8211; Csillagsom"}]},{"@type":"WebSite","@id":"https:\/\/tajkertesz.com\/#website","url":"https:\/\/tajkertesz.com\/","name":"T\u00e1j-Kert\u00e9sz 84 Kft.","description":"Kert\u00e9szeti kis- \u00e9s nagykeresked\u00e9s, D\u00edszn\u00f6v\u00e9ny web\u00e1ruh\u00e1z orsz\u00e1gos h\u00e1zhozsz\u00e1ll\u00edt\u00e1ssal!","publisher":{"@id":"https:\/\/tajkertesz.com\/#organization"},"potentialAction":[{"@type":"SearchAction","target":{"@type":"EntryPoint","urlTemplate":"https:\/\/tajkertesz.com\/?s={search_term_string}"},"query-input":{"@type":"PropertyValueSpecification","valueRequired":true,"valueName":"search_term_string"}}],"inLanguage":"en-US"},{"@type":"Organization","@id":"https:\/\/tajkertesz.com\/#organization","name":"T\u00e1j-Kert\u00e9sz 84 Kft.","url":"https:\/\/tajkertesz.com\/","logo":{"@type":"ImageObject","inLanguage":"en-US","@id":"https:\/\/tajkertesz.com\/#\/schema\/logo\/image\/","url":"https:\/\/tajkertesz.com\/wp-content\/uploads\/2018\/02\/logo-2-e1518678052539.png","contentUrl":"https:\/\/tajkertesz.com\/wp-content\/uploads\/2018\/02\/logo-2-e1518678052539.png","width":81,"height":140,"caption":"T\u00e1j-Kert\u00e9sz 84 Kft."},"image":{"@id":"https:\/\/tajkertesz.com\/#\/schema\/logo\/image\/"},"sameAs":["https:\/\/www.facebook.com\/Tajkertesz\/"]}]}},"_links":{"self":[{"href":"https:\/\/tajkertesz.com\/en_US\/wp-json\/wp\/v2\/product\/2413","targetHints":{"allow":["GET"]}}],"collection":[{"href":"https:\/\/tajkertesz.com\/en_US\/wp-json\/wp\/v2\/product"}],"about":[{"href":"https:\/\/tajkertesz.com\/en_US\/wp-json\/wp\/v2\/types\/product"}],"wp:featuredmedia":[{"embeddable":true,"href":"https:\/\/tajkertesz.com\/en_US\/wp-json\/wp\/v2\/media\/2416"}],"wp:attachment":[{"href":"https:\/\/tajkertesz.com\/en_US\/wp-json\/wp\/v2\/media?parent=2413"}],"wp:term":[{"taxonomy":"product_brand","embeddable":true,"href":"https:\/\/tajkertesz.com\/en_US\/wp-json\/wp\/v2\/product_brand?post=2413"},{"taxonomy":"product_cat","embeddable":true,"href":"https:\/\/tajkertesz.com\/en_US\/wp-json\/wp\/v2\/product_cat?post=2413"},{"taxonomy":"product_tag","embeddable":true,"href":"https:\/\/tajkertesz.com\/en_US\/wp-json\/wp\/v2\/product_tag?post=2413"}],"curies":[{"name":"wp","href":"https:\/\/api.w.org\/{rel}","templated":true}]}}