{"id":24134,"date":"2025-08-04T14:50:17","date_gmt":"2025-08-04T14:50:17","guid":{"rendered":"https:\/\/tajkertesz.com\/?post_type=product&#038;p=24134"},"modified":"2025-08-04T14:50:34","modified_gmt":"2025-08-04T14:50:34","slug":"andromeda-polifolia-compacta-torpe-tozegrozmaring","status":"publish","type":"product","link":"https:\/\/tajkertesz.com\/en_US\/product\/andromeda-polifolia-compacta-torpe-tozegrozmaring\/","title":{"rendered":"Andromeda polifolia &#8216;Compacta&#8217; &#8211; T\u00f6rpe t\u0151zegrozmaring"},"content":{"rendered":"<h1>Andromeda polifolia &#8216;Compacta&#8217; &#8211; <span class=\"product-page-product-name\">T\u00f6rpe t\u0151zegrozmaring<\/span><\/h1>\n<p data-start=\"697\" data-end=\"1055\">Az Andromeda polifolia &#8216;Compacta&#8217; &#8211; T\u00f6rpe t\u0151zegrozmaring egy <strong data-start=\"739\" data-end=\"782\">alacsony termet\u0171, lassan n\u00f6v\u0151, \u00f6r\u00f6kz\u00f6ld<\/strong> cserje, amely kiv\u00e1l\u00f3 v\u00e1laszt\u00e1s <strong data-start=\"814\" data-end=\"841\">savany\u00fa talaj\u00fa kertekbe<\/strong>, p\u00e9ld\u00e1ul <strong data-start=\"851\" data-end=\"894\">\u00e1fony\u00e1k, rhododendronok<\/strong> mell\u00e9 \u00fcltetve. A n\u00f6v\u00e9ny sz\u00fcrk\u00e9sz\u00f6ld levelei eg\u00e9sz \u00e9vben d\u00edsz\u00edtenek, m\u00edg tavasszal megjelen\u0151 <strong data-start=\"996\" data-end=\"1025\">r\u00f3zsasz\u00ednes-feh\u00e9r vir\u00e1gai<\/strong> kis harangokhoz hasonl\u00edtanak.<\/p>\n<p data-start=\"1057\" data-end=\"1290\">A \u201eCompacta\u201d v\u00e1ltozat k\u00fcl\u00f6n\u00f6sen <strong data-start=\"1089\" data-end=\"1100\">kompakt<\/strong>, s\u0171r\u0171 \u00e1grendszer\u0171, <strong data-start=\"1120\" data-end=\"1137\">max. 30\u201340 cm<\/strong> magass\u00e1got el\u00e9r\u0151 fajta. K\u00fcl\u00f6n\u00f6sen j\u00f3l mutat sziklakertekben, savany\u00fa talaj\u00fa \u00e1gy\u00e1sok szeg\u00e9ly\u00e9ben vagy ak\u00e1r d\u00e9zs\u00e1ban is, ha a megfelel\u0151 talaj biztos\u00edtott.<\/p>\n<h3 data-start=\"1292\" data-end=\"1317\">\ud83c\udf31 Andromeda polifolia &#8216;Compacta&#8217; jellemz\u0151i:<\/h3>\n<ul data-start=\"1318\" data-end=\"1822\">\n<li data-start=\"1318\" data-end=\"1367\">\n<p data-start=\"1320\" data-end=\"1367\"><strong data-start=\"1320\" data-end=\"1333\">Latin n\u00e9v<\/strong>: <em data-start=\"1335\" data-end=\"1367\">Andromeda polifolia &#8216;Compacta&#8217;<\/em><\/p>\n<\/li>\n<li data-start=\"1368\" data-end=\"1397\">\n<p data-start=\"1370\" data-end=\"1397\"><strong data-start=\"1370\" data-end=\"1384\">Magyar n\u00e9v<\/strong>: T\u00f6rpe hanga<\/p>\n<\/li>\n<li data-start=\"1398\" data-end=\"1422\">\n<p data-start=\"1400\" data-end=\"1422\"><strong data-start=\"1400\" data-end=\"1412\">Magass\u00e1g<\/strong>: 20\u201340 cm<\/p>\n<\/li>\n<li data-start=\"1423\" data-end=\"1448\">\n<p data-start=\"1425\" data-end=\"1448\"><strong data-start=\"1425\" data-end=\"1438\">Sz\u00e9less\u00e9g<\/strong>: 30\u201350 cm<\/p>\n<\/li>\n<li data-start=\"1449\" data-end=\"1491\">\n<p data-start=\"1451\" data-end=\"1491\"><strong data-start=\"1451\" data-end=\"1464\">N\u00f6veked\u00e9s<\/strong>: Lass\u00fa, t\u00f6m\u00f6tt, p\u00e1rnaszer\u0171<\/p>\n<\/li>\n<li data-start=\"1492\" data-end=\"1555\">\n<p data-start=\"1494\" data-end=\"1555\"><strong data-start=\"1494\" data-end=\"1506\">Vir\u00e1gz\u00e1s<\/strong>: \u00c1prilis\u2013m\u00e1jus, harang alak\u00fa r\u00f3zsasz\u00ednes vir\u00e1gok<\/p>\n<\/li>\n<li data-start=\"1556\" data-end=\"1602\">\n<p data-start=\"1558\" data-end=\"1602\"><strong data-start=\"1558\" data-end=\"1570\">Lombsz\u00edn<\/strong>: Sz\u00fcrk\u00e9sz\u00f6ld, t\u0171szer\u0171, \u00f6r\u00f6kz\u00f6ld<\/p>\n<\/li>\n<li data-start=\"1603\" data-end=\"1642\">\n<p data-start=\"1605\" data-end=\"1642\"><strong data-start=\"1605\" data-end=\"1618\">F\u00e9nyig\u00e9ny<\/strong>: F\u00e9l\u00e1rny\u00e9k \u2013 napos hely<\/p>\n<\/li>\n<li data-start=\"1643\" data-end=\"1712\">\n<p data-start=\"1645\" data-end=\"1712\"><strong data-start=\"1645\" data-end=\"1659\">Talajig\u00e9ny<\/strong>: <strong data-start=\"1661\" data-end=\"1675\">Savany\u00fa pH<\/strong>-j\u00fa, t\u0151zeges, j\u00f3 v\u00edz\u00e1tereszt\u00e9s\u0171 talaj<\/p>\n<\/li>\n<li data-start=\"1713\" data-end=\"1749\">\n<p data-start=\"1715\" data-end=\"1749\"><strong data-start=\"1715\" data-end=\"1729\">T\u00e9l\u00e1ll\u00f3s\u00e1g<\/strong>: Kiv\u00e1l\u00f3 (\u201330 \u00b0C-ig)<\/p>\n<\/li>\n<li data-start=\"1750\" data-end=\"1822\">\n<p data-start=\"1752\" data-end=\"1822\"><strong data-start=\"1752\" data-end=\"1768\">Felhaszn\u00e1l\u00e1s<\/strong>: Sziklakert, savany\u00fa talaj\u00fa \u00e1gy\u00e1s, t\u00f6rpecserje, d\u00e9zsa<\/p>\n<\/li>\n<\/ul>\n<h5><strong>\ud83d\udd04 K\u00e9szletinform\u00e1ci\u00f3<\/strong><\/h5>\n<p><strong>K\u00e9szlet\u00fcnk napi szinten v\u00e1ltozik, \u00edgy a webshopban szerepl<\/strong><strong>\u0151<\/strong><strong> term\u00e9kek el\u00e9rhet<\/strong><strong>\u0151<\/strong><strong>s\u00e9ge nem garant\u00e1lt.<br \/>\n\ud83d\udcde A megrendel\u00e9s el<\/strong><strong>\u0151<\/strong><strong>tt k\u00e9rj\u00fck, \u00e9rdekl<\/strong><strong>\u0151<\/strong><strong>dj\u00f6n szem\u00e9lyesen, telefonon vagy e-mailben!<\/strong><\/p>\n<h5><strong>\u27a1\ufe0f Kapcsolat:<\/strong><\/h5>\n<ul>\n<li><strong>Weboldal: <\/strong><a href=\"https:\/\/tajkertesz.com\"><strong>tajkertesz.com<\/strong><\/a><\/li>\n<li><strong>Facebook: <\/strong><a href=\"https:\/\/www.facebook.com\/tajkertesz\/\"><strong>facebook.com\/tajkertesz<\/strong><\/a><\/li>\n<li><strong>Telefonsz\u00e1m, e-mail: +36\/20-319-3770 <\/strong><a href=\"mailto:tajkerteszaruda@gmail.com\"><strong>tajkerteszaruda@gmail.com<\/strong><\/a><\/li>\n<\/ul>\n<h5><strong>\ud83d\ude9a Sz\u00e1ll\u00edt\u00e1si inform\u00e1ci\u00f3k<\/strong><\/h5>\n<p><strong>A megrendelt n\u00f6v\u00e9nyek kisz\u00e1ll\u00edt\u00e1sa az al\u00e1bbi felt\u00e9telek mellett t\u00f6rt\u00e9nik:<\/strong><\/p>\n<h5><strong>\ud83d\udce6 Fut\u00e1rszolg\u00e1latos sz\u00e1ll\u00edt\u00e1s<\/strong><\/h5>\n<ul>\n<li><strong>Maxim\u00e1lis m\u00e9ret: 200 cm (hossz\u00fas\u00e1g)<\/strong><\/li>\n<li><strong>Maxim\u00e1lis s\u00faly: 40 kg<\/strong><\/li>\n<li><strong>Az enn\u00e9l kisebb \u00e9s k\u00f6nnyebb csomagokat fut\u00e1rszolg\u00e1lattal k\u00e9zbes\u00edtj\u00fck a lehet<\/strong><strong>\u0151<\/strong><strong> legbiztons\u00e1gosabb csomagol\u00e1sban.<\/strong><\/li>\n<\/ul>\n<h5><strong>\ud83d\udefb Szem\u00e9lyes \u00e1tv\u00e9tel<\/strong><\/h5>\n<ul>\n<li><strong>1173 Budapest, Bakancsos utca 7. sz\u00e1m alatt nyitvatart\u00e1si id<\/strong><strong>\u0151<\/strong><strong>ben szem\u00e9lyesen \u00e1tvehet<\/strong><strong>\u0151<\/strong><strong> kert\u00e9szeti \u00e1rud\u00e1nkban.<\/strong><\/li>\n<li><strong>K\u00f6lts\u00e9ghat\u00e9kony megold\u00e1s nagyobb, t\u00f6r\u00e9kenyebb vagy t\u00falm\u00e9retes n\u00f6v\u00e9nyek eset\u00e9n.<\/strong><\/li>\n<\/ul>\n<h5><strong>\ud83d\udcde Nagy m\u00e9ret<\/strong><strong>\u0171<\/strong><strong> vagy s\u00faly\u00fa n\u00f6v\u00e9nyek eset\u00e9n<\/strong><\/h5>\n<p><strong>Ha a term\u00e9k:<\/strong><\/p>\n<ul>\n<li><strong>meghaladja a 200 cm hossz\u00fas\u00e1got vagy<\/strong><\/li>\n<li><strong>meghaladja a 40 kg s\u00falyt,<\/strong><\/li>\n<\/ul>\n<p><strong>akkor szem\u00e9lyes \u00e1tv\u00e9tellel vagy egyedi, el<\/strong><strong>\u0151<\/strong><strong>re egyeztetett sz\u00e1ll\u00edt\u00e1si felt\u00e9telek mellett t\u00f6rt\u00e9nik.<br \/>\nK\u00e9rj\u00fck, ilyen esetben rendel\u00e9s el<\/strong><strong>\u0151<\/strong><strong>tt vegye fel vel\u00fcnk a kapcsolatot, hogy a lehet<\/strong><strong>\u0151<\/strong><strong> legmegfelel<\/strong><strong>\u0151<\/strong><strong>bb sz\u00e1ll\u00edt\u00e1si megold\u00e1st k\u00edn\u00e1lhassuk.<\/strong><\/p>\n<p><strong>\ud83d\udd14 Fontos: A n\u00f6v\u00e9nyeket minden esetben igyeksz\u00fcnk gondosan, egyes\u00e9vel csomagolni, azonban a sz\u00e1ll\u00edt\u00e1s sor\u00e1n kisebb eszt\u00e9tikai s\u00e9r\u00fcl\u00e9sek el<\/strong><strong>\u0151<\/strong><strong>fordulhatnak (pl. lev\u00e9lhull\u00e1s). Ez nem min<\/strong><strong>\u0151<\/strong><strong>s\u00fcl hib\u00e1s teljes\u00edt\u00e9snek.<\/strong><\/p>\n<h5><strong>\ud83d\udcf7 Fontos tudni a k\u00e9pekr<\/strong><strong>\u0151<\/strong><strong>l<\/strong><\/h5>\n<p><strong>A webshopban szerepl<\/strong><strong>\u0151<\/strong><strong> k\u00e9pek illusztr\u00e1ci\u00f3k, a n\u00f6v\u00e9nyek term\u00e9szet\u00fckn\u00e9l fogva egyediek, \u00edgy m\u00e9retben, alakban \u00e9s sz\u00ednben minim\u00e1lis elt\u00e9r\u00e9sek el<\/strong><strong>\u0151<\/strong><strong>fordulhatnak a k\u00e9pen l\u00e1that\u00f3 \u00e9s a val\u00f3s p\u00e9ld\u00e1nyok k\u00f6z\u00f6tt.<\/strong><\/p>\n<h5><strong>\ud83e\uddfe \u00c1rak \u00e9s el\u00e1ll\u00e1si jog<\/strong><\/h5>\n<ul>\n<li><strong>Az \u00e1rak egy darab\u00a0n\u00f6v\u00e9nyre vonatkoznak.<\/strong><\/li>\n<li><strong>\u00c9l<\/strong><strong>\u0151<\/strong><strong> n\u00f6v\u00e9nyek rendel\u00e9se eset\u00e9n a 14 napos el\u00e1ll\u00e1s joga nem \u00e9rv\u00e9nyes\u00edthet<\/strong><strong>\u0151<\/strong><strong>, mivel azok romland\u00f3, biol\u00f3giailag \u00e9l<\/strong><strong>\u0151<\/strong><strong> term\u00e9keknek min<\/strong><strong>\u0151<\/strong><strong>s\u00fclnek.<br \/>\n\ud83d\udd12 (17\/1999. (II. 5.) Korm. rendelet 5. \u00a7 c) pontja alapj\u00e1n)<\/strong><\/li>\n<\/ul>\n<h5><strong>\ud83d\udce6 K\u00e9zbes\u00edt\u00e9s ut\u00e1ni teend<\/strong><strong>\u0151<\/strong><strong>k<\/strong><\/h5>\n<p><strong>A k\u00e9zbes\u00edt\u00e9st k\u00f6vet<\/strong><strong>\u0151<\/strong><strong>en a csomagot azonnal bontsuk ki, \u00e9s a n\u00f6v\u00e9nyt helyezz\u00fck el megfelel<\/strong><strong>\u0151<\/strong><strong> k\u00f6rnyezetben.<br \/>\nFontos: ha a n\u00f6v\u00e9ny nem r\u00e9szes\u00fcl megfelel<\/strong><strong>\u0151<\/strong><strong> gondoz\u00e1sban \u00e9s ennek k\u00f6vetkezt\u00e9ben k\u00e1rosodik vagy elpusztul, felel<\/strong><strong>\u0151<\/strong><strong>ss\u00e9get nem tudunk v\u00e1llalni.<\/strong><\/p>\n<p><strong>\u00a0<\/strong><\/p>","protected":false},"excerpt":{"rendered":"<p>Az <strong data-start=\"475\" data-end=\"509\">Andromeda polifolia &#8216;Compacta&#8217;<\/strong> t\u00f6rpe n\u00f6veked\u00e9s\u0171, \u00f6r\u00f6kz\u00f6ld lomb\u00fa hanga fajta. Savany\u00fa talajt \u00e9s f\u00e9l\u00e1rny\u00e9kos fekv\u00e9st kedvel, r\u00f3zsasz\u00ednes vir\u00e1gai tavasszal ny\u00edlnak.<\/p>\n<p>A n\u00f6v\u00e9ny jelenlegi m\u00e9rete: 20-25 cm magas, 17 cm-es cser\u00e9pben.<\/p>","protected":false},"featured_media":24136,"template":"","meta":{"_et_pb_use_builder":"","_et_pb_old_content":"","_et_gb_content_width":""},"product_brand":[],"product_cat":[27],"product_tag":[6216,6213,6212,24,6217,1488,6215,6214,6218],"class_list":{"0":"post-24134","1":"product","2":"type-product","3":"status-publish","4":"has-post-thumbnail","6":"product_cat-cserjek","7":"product_tag-alacsony-novesu-cserje","8":"product_tag-andromeda","9":"product_tag-hanga","10":"product_tag-orokzold","11":"product_tag-rhododendron-melle","12":"product_tag-savanyu-talaj","13":"product_tag-sziklakerti-noveny","14":"product_tag-torpecserje","15":"product_tag-tozeges-talaj-kedvelo","17":"first","18":"instock","19":"shipping-taxable","20":"purchasable","21":"product-type-simple"},"yoast_head":"<!-- This site is optimized with the Yoast SEO plugin v27.3 - https:\/\/yoast.com\/product\/yoast-seo-wordpress\/ -->\n<title>Andromeda polifolia &#039;Compacta&#039; - T\u00f6rpe t\u0151zegrozmaring - T\u00e1jkert\u00e9sz<\/title>\n<meta name=\"description\" content=\"Andromeda polifolia &#039;Compacta&#039; - T\u00f6rpe t\u0151zegrozmaring \u00f6r\u00f6kz\u00f6ld, t\u00f6rpe hanga savany\u00fa talajra. Tavaszi vir\u00e1gz\u00e1s, sziklakertekbe ide\u00e1lis.\" \/>\n<meta name=\"robots\" content=\"index, follow, max-snippet:-1, max-image-preview:large, max-video-preview:-1\" \/>\n<link rel=\"canonical\" href=\"https:\/\/tajkertesz.com\/en_US\/product\/andromeda-polifolia-compacta-torpe-tozegrozmaring\/\" \/>\n<meta property=\"og:locale\" content=\"en_US\" \/>\n<meta property=\"og:type\" content=\"article\" \/>\n<meta property=\"og:title\" content=\"Andromeda polifolia &#039;Compacta&#039; - T\u00f6rpe t\u0151zegrozmaring - T\u00e1jkert\u00e9sz\" \/>\n<meta property=\"og:description\" content=\"Andromeda polifolia &#039;Compacta&#039; - T\u00f6rpe t\u0151zegrozmaring \u00f6r\u00f6kz\u00f6ld, t\u00f6rpe hanga savany\u00fa talajra. Tavaszi vir\u00e1gz\u00e1s, sziklakertekbe ide\u00e1lis.\" \/>\n<meta property=\"og:url\" content=\"https:\/\/tajkertesz.com\/en_US\/product\/andromeda-polifolia-compacta-torpe-tozegrozmaring\/\" \/>\n<meta property=\"og:site_name\" content=\"T\u00e1jkert\u00e9sz\" \/>\n<meta property=\"article:publisher\" content=\"https:\/\/www.facebook.com\/Tajkertesz\/\" \/>\n<meta property=\"article:modified_time\" content=\"2025-08-04T14:50:34+00:00\" \/>\n<meta property=\"og:image\" content=\"https:\/\/tajkertesz.com\/wp-content\/uploads\/2025\/08\/20250804_113220-scaled.jpg\" \/>\n\t<meta property=\"og:image:width\" content=\"1920\" \/>\n\t<meta property=\"og:image:height\" content=\"2560\" \/>\n\t<meta property=\"og:image:type\" content=\"image\/jpeg\" \/>\n<meta name=\"twitter:card\" content=\"summary_large_image\" \/>\n<meta name=\"twitter:label1\" content=\"Est. reading time\" \/>\n\t<meta name=\"twitter:data1\" content=\"3 minutes\" \/>\n<script type=\"application\/ld+json\" class=\"yoast-schema-graph\">{\"@context\":\"https:\\\/\\\/schema.org\",\"@graph\":[{\"@type\":\"WebPage\",\"@id\":\"https:\\\/\\\/tajkertesz.com\\\/termek\\\/andromeda-polifolia-compacta-torpe-tozegrozmaring\\\/\",\"url\":\"https:\\\/\\\/tajkertesz.com\\\/termek\\\/andromeda-polifolia-compacta-torpe-tozegrozmaring\\\/\",\"name\":\"Andromeda polifolia 'Compacta' - T\u00f6rpe t\u0151zegrozmaring - T\u00e1jkert\u00e9sz\",\"isPartOf\":{\"@id\":\"https:\\\/\\\/tajkertesz.com\\\/#website\"},\"primaryImageOfPage\":{\"@id\":\"https:\\\/\\\/tajkertesz.com\\\/termek\\\/andromeda-polifolia-compacta-torpe-tozegrozmaring\\\/#primaryimage\"},\"image\":{\"@id\":\"https:\\\/\\\/tajkertesz.com\\\/termek\\\/andromeda-polifolia-compacta-torpe-tozegrozmaring\\\/#primaryimage\"},\"thumbnailUrl\":\"https:\\\/\\\/tajkertesz.com\\\/wp-content\\\/uploads\\\/2025\\\/08\\\/20250804_113220-scaled.jpg\",\"datePublished\":\"2025-08-04T14:50:17+00:00\",\"dateModified\":\"2025-08-04T14:50:34+00:00\",\"description\":\"Andromeda polifolia 'Compacta' - T\u00f6rpe t\u0151zegrozmaring \u00f6r\u00f6kz\u00f6ld, t\u00f6rpe hanga savany\u00fa talajra. Tavaszi vir\u00e1gz\u00e1s, sziklakertekbe ide\u00e1lis.\",\"breadcrumb\":{\"@id\":\"https:\\\/\\\/tajkertesz.com\\\/termek\\\/andromeda-polifolia-compacta-torpe-tozegrozmaring\\\/#breadcrumb\"},\"inLanguage\":\"en-US\",\"potentialAction\":[{\"@type\":\"ReadAction\",\"target\":[\"https:\\\/\\\/tajkertesz.com\\\/termek\\\/andromeda-polifolia-compacta-torpe-tozegrozmaring\\\/\"]}]},{\"@type\":\"ImageObject\",\"inLanguage\":\"en-US\",\"@id\":\"https:\\\/\\\/tajkertesz.com\\\/termek\\\/andromeda-polifolia-compacta-torpe-tozegrozmaring\\\/#primaryimage\",\"url\":\"https:\\\/\\\/tajkertesz.com\\\/wp-content\\\/uploads\\\/2025\\\/08\\\/20250804_113220-scaled.jpg\",\"contentUrl\":\"https:\\\/\\\/tajkertesz.com\\\/wp-content\\\/uploads\\\/2025\\\/08\\\/20250804_113220-scaled.jpg\",\"width\":1920,\"height\":2560,\"caption\":\"Andromeda polifolia 'Compacta' - T\u00f6rpe t\u0151zegrozmaring\"},{\"@type\":\"BreadcrumbList\",\"@id\":\"https:\\\/\\\/tajkertesz.com\\\/termek\\\/andromeda-polifolia-compacta-torpe-tozegrozmaring\\\/#breadcrumb\",\"itemListElement\":[{\"@type\":\"ListItem\",\"position\":1,\"name\":\"Home\",\"item\":\"https:\\\/\\\/tajkertesz.com\\\/\"},{\"@type\":\"ListItem\",\"position\":2,\"name\":\"Kezd\u0151lap\",\"item\":\"https:\\\/\\\/tajkertesz.com\\\/\"},{\"@type\":\"ListItem\",\"position\":3,\"name\":\"Andromeda polifolia &#8216;Compacta&#8217; &#8211; T\u00f6rpe t\u0151zegrozmaring\"}]},{\"@type\":\"WebSite\",\"@id\":\"https:\\\/\\\/tajkertesz.com\\\/#website\",\"url\":\"https:\\\/\\\/tajkertesz.com\\\/\",\"name\":\"T\u00e1j-Kert\u00e9sz 84 Kft.\",\"description\":\"Kert\u00e9szeti kis- \u00e9s nagykeresked\u00e9s, D\u00edszn\u00f6v\u00e9ny web\u00e1ruh\u00e1z orsz\u00e1gos h\u00e1zhozsz\u00e1ll\u00edt\u00e1ssal!\",\"publisher\":{\"@id\":\"https:\\\/\\\/tajkertesz.com\\\/#organization\"},\"potentialAction\":[{\"@type\":\"SearchAction\",\"target\":{\"@type\":\"EntryPoint\",\"urlTemplate\":\"https:\\\/\\\/tajkertesz.com\\\/?s={search_term_string}\"},\"query-input\":{\"@type\":\"PropertyValueSpecification\",\"valueRequired\":true,\"valueName\":\"search_term_string\"}}],\"inLanguage\":\"en-US\"},{\"@type\":\"Organization\",\"@id\":\"https:\\\/\\\/tajkertesz.com\\\/#organization\",\"name\":\"T\u00e1j-Kert\u00e9sz 84 Kft.\",\"url\":\"https:\\\/\\\/tajkertesz.com\\\/\",\"logo\":{\"@type\":\"ImageObject\",\"inLanguage\":\"en-US\",\"@id\":\"https:\\\/\\\/tajkertesz.com\\\/#\\\/schema\\\/logo\\\/image\\\/\",\"url\":\"https:\\\/\\\/tajkertesz.com\\\/wp-content\\\/uploads\\\/2018\\\/02\\\/logo-2-e1518678052539.png\",\"contentUrl\":\"https:\\\/\\\/tajkertesz.com\\\/wp-content\\\/uploads\\\/2018\\\/02\\\/logo-2-e1518678052539.png\",\"width\":81,\"height\":140,\"caption\":\"T\u00e1j-Kert\u00e9sz 84 Kft.\"},\"image\":{\"@id\":\"https:\\\/\\\/tajkertesz.com\\\/#\\\/schema\\\/logo\\\/image\\\/\"},\"sameAs\":[\"https:\\\/\\\/www.facebook.com\\\/Tajkertesz\\\/\"]}]}<\/script>\n<!-- \/ Yoast SEO plugin. -->","yoast_head_json":{"title":"Andromeda polifolia 'Compacta' - T\u00f6rpe t\u0151zegrozmaring - T\u00e1jkert\u00e9sz","description":"Andromeda polifolia 'Compacta' - T\u00f6rpe t\u0151zegrozmaring \u00f6r\u00f6kz\u00f6ld, t\u00f6rpe hanga savany\u00fa talajra. Tavaszi vir\u00e1gz\u00e1s, sziklakertekbe ide\u00e1lis.","robots":{"index":"index","follow":"follow","max-snippet":"max-snippet:-1","max-image-preview":"max-image-preview:large","max-video-preview":"max-video-preview:-1"},"canonical":"https:\/\/tajkertesz.com\/en_US\/product\/andromeda-polifolia-compacta-torpe-tozegrozmaring\/","og_locale":"en_US","og_type":"article","og_title":"Andromeda polifolia 'Compacta' - T\u00f6rpe t\u0151zegrozmaring - T\u00e1jkert\u00e9sz","og_description":"Andromeda polifolia 'Compacta' - T\u00f6rpe t\u0151zegrozmaring \u00f6r\u00f6kz\u00f6ld, t\u00f6rpe hanga savany\u00fa talajra. Tavaszi vir\u00e1gz\u00e1s, sziklakertekbe ide\u00e1lis.","og_url":"https:\/\/tajkertesz.com\/en_US\/product\/andromeda-polifolia-compacta-torpe-tozegrozmaring\/","og_site_name":"T\u00e1jkert\u00e9sz","article_publisher":"https:\/\/www.facebook.com\/Tajkertesz\/","article_modified_time":"2025-08-04T14:50:34+00:00","og_image":[{"width":1920,"height":2560,"url":"https:\/\/tajkertesz.com\/wp-content\/uploads\/2025\/08\/20250804_113220-scaled.jpg","type":"image\/jpeg"}],"twitter_card":"summary_large_image","twitter_misc":{"Est. reading time":"3 minutes"},"schema":{"@context":"https:\/\/schema.org","@graph":[{"@type":"WebPage","@id":"https:\/\/tajkertesz.com\/termek\/andromeda-polifolia-compacta-torpe-tozegrozmaring\/","url":"https:\/\/tajkertesz.com\/termek\/andromeda-polifolia-compacta-torpe-tozegrozmaring\/","name":"Andromeda polifolia 'Compacta' - T\u00f6rpe t\u0151zegrozmaring - T\u00e1jkert\u00e9sz","isPartOf":{"@id":"https:\/\/tajkertesz.com\/#website"},"primaryImageOfPage":{"@id":"https:\/\/tajkertesz.com\/termek\/andromeda-polifolia-compacta-torpe-tozegrozmaring\/#primaryimage"},"image":{"@id":"https:\/\/tajkertesz.com\/termek\/andromeda-polifolia-compacta-torpe-tozegrozmaring\/#primaryimage"},"thumbnailUrl":"https:\/\/tajkertesz.com\/wp-content\/uploads\/2025\/08\/20250804_113220-scaled.jpg","datePublished":"2025-08-04T14:50:17+00:00","dateModified":"2025-08-04T14:50:34+00:00","description":"Andromeda polifolia 'Compacta' - T\u00f6rpe t\u0151zegrozmaring \u00f6r\u00f6kz\u00f6ld, t\u00f6rpe hanga savany\u00fa talajra. Tavaszi vir\u00e1gz\u00e1s, sziklakertekbe ide\u00e1lis.","breadcrumb":{"@id":"https:\/\/tajkertesz.com\/termek\/andromeda-polifolia-compacta-torpe-tozegrozmaring\/#breadcrumb"},"inLanguage":"en-US","potentialAction":[{"@type":"ReadAction","target":["https:\/\/tajkertesz.com\/termek\/andromeda-polifolia-compacta-torpe-tozegrozmaring\/"]}]},{"@type":"ImageObject","inLanguage":"en-US","@id":"https:\/\/tajkertesz.com\/termek\/andromeda-polifolia-compacta-torpe-tozegrozmaring\/#primaryimage","url":"https:\/\/tajkertesz.com\/wp-content\/uploads\/2025\/08\/20250804_113220-scaled.jpg","contentUrl":"https:\/\/tajkertesz.com\/wp-content\/uploads\/2025\/08\/20250804_113220-scaled.jpg","width":1920,"height":2560,"caption":"Andromeda polifolia 'Compacta' - T\u00f6rpe t\u0151zegrozmaring"},{"@type":"BreadcrumbList","@id":"https:\/\/tajkertesz.com\/termek\/andromeda-polifolia-compacta-torpe-tozegrozmaring\/#breadcrumb","itemListElement":[{"@type":"ListItem","position":1,"name":"Home","item":"https:\/\/tajkertesz.com\/"},{"@type":"ListItem","position":2,"name":"Kezd\u0151lap","item":"https:\/\/tajkertesz.com\/"},{"@type":"ListItem","position":3,"name":"Andromeda polifolia &#8216;Compacta&#8217; &#8211; T\u00f6rpe t\u0151zegrozmaring"}]},{"@type":"WebSite","@id":"https:\/\/tajkertesz.com\/#website","url":"https:\/\/tajkertesz.com\/","name":"T\u00e1j-Kert\u00e9sz 84 Kft.","description":"Kert\u00e9szeti kis- \u00e9s nagykeresked\u00e9s, D\u00edszn\u00f6v\u00e9ny web\u00e1ruh\u00e1z orsz\u00e1gos h\u00e1zhozsz\u00e1ll\u00edt\u00e1ssal!","publisher":{"@id":"https:\/\/tajkertesz.com\/#organization"},"potentialAction":[{"@type":"SearchAction","target":{"@type":"EntryPoint","urlTemplate":"https:\/\/tajkertesz.com\/?s={search_term_string}"},"query-input":{"@type":"PropertyValueSpecification","valueRequired":true,"valueName":"search_term_string"}}],"inLanguage":"en-US"},{"@type":"Organization","@id":"https:\/\/tajkertesz.com\/#organization","name":"T\u00e1j-Kert\u00e9sz 84 Kft.","url":"https:\/\/tajkertesz.com\/","logo":{"@type":"ImageObject","inLanguage":"en-US","@id":"https:\/\/tajkertesz.com\/#\/schema\/logo\/image\/","url":"https:\/\/tajkertesz.com\/wp-content\/uploads\/2018\/02\/logo-2-e1518678052539.png","contentUrl":"https:\/\/tajkertesz.com\/wp-content\/uploads\/2018\/02\/logo-2-e1518678052539.png","width":81,"height":140,"caption":"T\u00e1j-Kert\u00e9sz 84 Kft."},"image":{"@id":"https:\/\/tajkertesz.com\/#\/schema\/logo\/image\/"},"sameAs":["https:\/\/www.facebook.com\/Tajkertesz\/"]}]}},"_links":{"self":[{"href":"https:\/\/tajkertesz.com\/en_US\/wp-json\/wp\/v2\/product\/24134","targetHints":{"allow":["GET"]}}],"collection":[{"href":"https:\/\/tajkertesz.com\/en_US\/wp-json\/wp\/v2\/product"}],"about":[{"href":"https:\/\/tajkertesz.com\/en_US\/wp-json\/wp\/v2\/types\/product"}],"wp:featuredmedia":[{"embeddable":true,"href":"https:\/\/tajkertesz.com\/en_US\/wp-json\/wp\/v2\/media\/24136"}],"wp:attachment":[{"href":"https:\/\/tajkertesz.com\/en_US\/wp-json\/wp\/v2\/media?parent=24134"}],"wp:term":[{"taxonomy":"product_brand","embeddable":true,"href":"https:\/\/tajkertesz.com\/en_US\/wp-json\/wp\/v2\/product_brand?post=24134"},{"taxonomy":"product_cat","embeddable":true,"href":"https:\/\/tajkertesz.com\/en_US\/wp-json\/wp\/v2\/product_cat?post=24134"},{"taxonomy":"product_tag","embeddable":true,"href":"https:\/\/tajkertesz.com\/en_US\/wp-json\/wp\/v2\/product_tag?post=24134"}],"curies":[{"name":"wp","href":"https:\/\/api.w.org\/{rel}","templated":true}]}}