{"id":24167,"date":"2025-08-07T13:06:41","date_gmt":"2025-08-07T13:06:41","guid":{"rendered":"https:\/\/tajkertesz.com\/?post_type=product&#038;p=24167"},"modified":"2026-02-21T09:51:53","modified_gmt":"2026-02-21T09:51:53","slug":"ophiopogon-planiscapus-niger-fekete-levelu-kigyoszakall","status":"publish","type":"product","link":"https:\/\/tajkertesz.com\/en_US\/product\/ophiopogon-planiscapus-niger-fekete-levelu-kigyoszakall\/","title":{"rendered":"Ophiopogon planiscapus &#8216;Niger&#8217; &#8211; Fekete level\u0171 k\u00edgy\u00f3szak\u00e1ll"},"content":{"rendered":"<p data-start=\"590\" data-end=\"791\">Ophiopogon planiscapus &#8216;Niger&#8217; &#8211; Fekete level\u0171 k\u00edgy\u00f3szak\u00e1ll<\/p>\n<p data-start=\"590\" data-end=\"791\">Az Ophiopogon planiscapus &#8216;Niger&#8217; &#8211; Fekete level\u0171 k\u00edgy\u00f3szak\u00e1ll\u00a0egy alacsony termet\u0171, lassan terjed\u0151 \u00e9vel\u0151 n\u00f6v\u00e9ny, amelynek legf\u0151bb d\u00edsz\u00e9rt\u00e9ke az <strong data-start=\"742\" data-end=\"788\">eg\u00e9szen s\u00f6t\u00e9t, majdnem fekete sz\u00edn\u0171 lombja<\/strong>.<\/p>\n<p data-start=\"796\" data-end=\"986\">F\u0171szer\u0171, \u00edvesen hajl\u00f3 levelei eleg\u00e1ns, modern hat\u00e1st keltenek, \u00edgy kiv\u00e1l\u00f3 v\u00e1laszt\u00e1s <strong data-start=\"880\" data-end=\"915\">kontrasztos n\u00f6v\u00e9nyt\u00e1rs\u00edt\u00e1sokhoz<\/strong>, k\u00fcl\u00f6nleges szeg\u00e9lyek kialak\u00edt\u00e1s\u00e1hoz vagy kont\u00e9neres d\u00edszn\u00f6v\u00e9nyk\u00e9nt.<\/p>\n<p data-start=\"991\" data-end=\"1275\">A ny\u00e1r folyam\u00e1n <strong data-start=\"1007\" data-end=\"1033\">halv\u00e1ny lila vir\u00e1gokat<\/strong> is hoz, amelyek apr\u00f3 fekete bogy\u00f3term\u00e9sekk\u00e9 fejl\u0151dnek. \u00c1rny\u00e9kos vagy f\u00e9l\u00e1rny\u00e9kos helyet kedvel, de vil\u00e1gosabb helyeken is megmarad. <strong data-start=\"1166\" data-end=\"1185\">Talajtakar\u00f3k\u00e9nt<\/strong> is kiv\u00e1l\u00f3, k\u00fcl\u00f6n\u00f6sen kavics\u00e1gy\u00e1sokban, modern kertekben vagy jap\u00e1n st\u00edlus\u00fa kertr\u00e9szekben.<\/p>\n<h4 data-start=\"1277\" data-end=\"1300\">\ud83c\udf3f F\u0151bb jellemz\u0151k:<\/h4>\n<ul data-start=\"1301\" data-end=\"1609\">\n<li data-start=\"1301\" data-end=\"1325\">\n<p data-start=\"1303\" data-end=\"1325\"><strong data-start=\"1303\" data-end=\"1315\">Magass\u00e1g<\/strong>: 15\u201320 cm<\/p>\n<\/li>\n<li data-start=\"1326\" data-end=\"1358\">\n<p data-start=\"1328\" data-end=\"1358\"><strong data-start=\"1328\" data-end=\"1340\">Lombsz\u00edn<\/strong>: s\u00f6t\u00e9tlila\u2013fekete<\/p>\n<\/li>\n<li data-start=\"1359\" data-end=\"1428\">\n<p data-start=\"1361\" data-end=\"1428\"><strong data-start=\"1361\" data-end=\"1374\">F\u00e9nyig\u00e9ny<\/strong>: f\u00e9l\u00e1rny\u00e9k \u2013 \u00e1rny\u00e9k (vil\u00e1gosabb helyeken is tarthat\u00f3)<\/p>\n<\/li>\n<li data-start=\"1429\" data-end=\"1452\">\n<p data-start=\"1431\" data-end=\"1452\"><strong data-start=\"1431\" data-end=\"1443\">V\u00edzig\u00e9ny<\/strong>: k\u00f6zepes<\/p>\n<\/li>\n<li data-start=\"1453\" data-end=\"1498\">\n<p data-start=\"1455\" data-end=\"1498\"><strong data-start=\"1455\" data-end=\"1464\">Talaj<\/strong>: j\u00f3 v\u00edzelvezet\u00e9s\u0171, humuszos talaj<\/p>\n<\/li>\n<li data-start=\"1499\" data-end=\"1553\">\n<p data-start=\"1501\" data-end=\"1553\"><strong data-start=\"1501\" data-end=\"1513\">Vir\u00e1gz\u00e1s<\/strong>: j\u00falius\u2013augusztus, halv\u00e1ny lila vir\u00e1gok<\/p>\n<\/li>\n<li data-start=\"1554\" data-end=\"1609\">\n<p data-start=\"1556\" data-end=\"1609\"><strong data-start=\"1556\" data-end=\"1570\">T\u00e9l\u00e1ll\u00f3s\u00e1g<\/strong>: j\u00f3, -15 \u00b0C-ig (v\u00e9dett fekv\u00e9s el\u0151ny\u00f6s)<\/p>\n<\/li>\n<\/ul>\n<h4 data-start=\"1611\" data-end=\"1644\">\ud83c\udf3c Felhaszn\u00e1l\u00e1si javaslatok:<\/h4>\n<ul data-start=\"1645\" data-end=\"1800\">\n<li data-start=\"1645\" data-end=\"1681\">\n<p data-start=\"1647\" data-end=\"1681\">Modern vagy jap\u00e1n st\u00edlus\u00fa kertekbe<\/p>\n<\/li>\n<li data-start=\"1682\" data-end=\"1722\">\n<p data-start=\"1684\" data-end=\"1722\">Sz\u00ednes level\u0171 n\u00f6v\u00e9nyek kontrasztjak\u00e9nt<\/p>\n<\/li>\n<li data-start=\"1723\" data-end=\"1757\">\n<p data-start=\"1725\" data-end=\"1757\">Talajtakar\u00f3nak \u00e1rny\u00e9kos helyekre<\/p>\n<\/li>\n<li data-start=\"1758\" data-end=\"1800\">\n<p data-start=\"1760\" data-end=\"1800\">Cser\u00e9pbe, szeg\u00e9lybe vagy kavics\u00e1gy\u00e1sokba<\/p>\n<\/li>\n<\/ul>\n<p>&nbsp;<\/p>\n<h5><strong>\ud83d\udd04 K\u00e9szletinform\u00e1ci\u00f3<\/strong><\/h5>\n<p><strong>K\u00e9szlet\u00fcnk napi szinten v\u00e1ltozik, \u00edgy a webshopban szerepl<\/strong><strong>\u0151<\/strong><strong> term\u00e9kek el\u00e9rhet<\/strong><strong>\u0151<\/strong><strong>s\u00e9ge nem garant\u00e1lt.<br \/>\n\ud83d\udcde A megrendel\u00e9s el<\/strong><strong>\u0151<\/strong><strong>tt k\u00e9rj\u00fck, \u00e9rdekl<\/strong><strong>\u0151<\/strong><strong>dj\u00f6n szem\u00e9lyesen, telefonon vagy e-mailben!<\/strong><\/p>\n<h5><strong>\u27a1\ufe0f Kapcsolat:<\/strong><\/h5>\n<ul>\n<li><strong>Weboldal: <\/strong><a href=\"https:\/\/tajkertesz.com\"><strong>tajkertesz.com<\/strong><\/a><\/li>\n<li><strong>Facebook: <\/strong><a href=\"https:\/\/www.facebook.com\/tajkertesz\/\"><strong>facebook.com\/tajkertesz<\/strong><\/a><\/li>\n<li><strong>Telefonsz\u00e1m, e-mail: +36\/20-319-3770 <\/strong><a href=\"mailto:tajkerteszaruda@gmail.com\"><strong>tajkerteszaruda@gmail.com<\/strong><\/a><\/li>\n<\/ul>\n<h5><strong>\ud83d\ude9a Sz\u00e1ll\u00edt\u00e1si inform\u00e1ci\u00f3k<\/strong><\/h5>\n<p><strong>A megrendelt n\u00f6v\u00e9nyek kisz\u00e1ll\u00edt\u00e1sa az al\u00e1bbi felt\u00e9telek mellett t\u00f6rt\u00e9nik:<\/strong><\/p>\n<h5><strong>\ud83d\udce6 Fut\u00e1rszolg\u00e1latos sz\u00e1ll\u00edt\u00e1s<\/strong><\/h5>\n<ul>\n<li><strong>Maxim\u00e1lis m\u00e9ret: 200 cm (hossz\u00fas\u00e1g)<\/strong><\/li>\n<li><strong>Maxim\u00e1lis s\u00faly: 40 kg<\/strong><\/li>\n<li><strong>Az enn\u00e9l kisebb \u00e9s k\u00f6nnyebb csomagokat fut\u00e1rszolg\u00e1lattal k\u00e9zbes\u00edtj\u00fck a lehet<\/strong><strong>\u0151<\/strong><strong> legbiztons\u00e1gosabb csomagol\u00e1sban.<\/strong><\/li>\n<\/ul>\n<h5><strong>\ud83d\udefb Szem\u00e9lyes \u00e1tv\u00e9tel<\/strong><\/h5>\n<ul>\n<li><strong>1173 Budapest, Bakancsos utca 7. sz\u00e1m alatt nyitvatart\u00e1si id<\/strong><strong>\u0151<\/strong><strong>ben szem\u00e9lyesen \u00e1tvehet<\/strong><strong>\u0151<\/strong><strong> kert\u00e9szeti \u00e1rud\u00e1nkban.<\/strong><\/li>\n<li><strong>K\u00f6lts\u00e9ghat\u00e9kony megold\u00e1s nagyobb, t\u00f6r\u00e9kenyebb vagy t\u00falm\u00e9retes n\u00f6v\u00e9nyek eset\u00e9n.<\/strong><\/li>\n<\/ul>\n<h5><strong>\ud83d\udcde Nagy m\u00e9ret<\/strong><strong>\u0171<\/strong><strong> vagy s\u00faly\u00fa n\u00f6v\u00e9nyek eset\u00e9n<\/strong><\/h5>\n<p><strong>Ha a term\u00e9k:<\/strong><\/p>\n<ul>\n<li><strong>meghaladja a 200 cm hossz\u00fas\u00e1got vagy<\/strong><\/li>\n<li><strong>meghaladja a 40 kg s\u00falyt,<\/strong><\/li>\n<\/ul>\n<p><strong>akkor szem\u00e9lyes \u00e1tv\u00e9tellel vagy egyedi, el<\/strong><strong>\u0151<\/strong><strong>re egyeztetett sz\u00e1ll\u00edt\u00e1si felt\u00e9telek mellett t\u00f6rt\u00e9nik.<br \/>\nK\u00e9rj\u00fck, ilyen esetben rendel\u00e9s el<\/strong><strong>\u0151<\/strong><strong>tt vegye fel vel\u00fcnk a kapcsolatot, hogy a lehet<\/strong><strong>\u0151<\/strong><strong> legmegfelel<\/strong><strong>\u0151<\/strong><strong>bb sz\u00e1ll\u00edt\u00e1si megold\u00e1st k\u00edn\u00e1lhassuk.<\/strong><\/p>\n<p><strong>\ud83d\udd14 Fontos: A n\u00f6v\u00e9nyeket minden esetben igyeksz\u00fcnk gondosan, egyes\u00e9vel csomagolni, azonban a sz\u00e1ll\u00edt\u00e1s sor\u00e1n kisebb eszt\u00e9tikai s\u00e9r\u00fcl\u00e9sek el<\/strong><strong>\u0151<\/strong><strong>fordulhatnak (pl. lev\u00e9lhull\u00e1s). Ez nem min<\/strong><strong>\u0151<\/strong><strong>s\u00fcl hib\u00e1s teljes\u00edt\u00e9snek.<\/strong><\/p>\n<h5><strong>\ud83d\udcf7 Fontos tudni a k\u00e9pekr<\/strong><strong>\u0151<\/strong><strong>l<\/strong><\/h5>\n<p><strong>A webshopban szerepl<\/strong><strong>\u0151<\/strong><strong> k\u00e9pek illusztr\u00e1ci\u00f3k, a n\u00f6v\u00e9nyek term\u00e9szet\u00fckn\u00e9l fogva egyediek, \u00edgy m\u00e9retben, alakban \u00e9s sz\u00ednben minim\u00e1lis elt\u00e9r\u00e9sek el<\/strong><strong>\u0151<\/strong><strong>fordulhatnak a k\u00e9pen l\u00e1that\u00f3 \u00e9s a val\u00f3s p\u00e9ld\u00e1nyok k\u00f6z\u00f6tt.<\/strong><\/p>\n<h5><strong>\ud83e\uddfe \u00c1rak \u00e9s el\u00e1ll\u00e1si jog<\/strong><\/h5>\n<ul>\n<li><strong>Az \u00e1rak egy darab\u00a0n\u00f6v\u00e9nyre vonatkoznak.<\/strong><\/li>\n<li><strong>\u00c9l<\/strong><strong>\u0151<\/strong><strong> n\u00f6v\u00e9nyek rendel\u00e9se eset\u00e9n a 14 napos el\u00e1ll\u00e1s joga nem \u00e9rv\u00e9nyes\u00edthet<\/strong><strong>\u0151<\/strong><strong>, mivel azok romland\u00f3, biol\u00f3giailag \u00e9l<\/strong><strong>\u0151<\/strong><strong> term\u00e9keknek min<\/strong><strong>\u0151<\/strong><strong>s\u00fclnek.<br \/>\n\ud83d\udd12 (17\/1999. (II. 5.) Korm. rendelet 5. \u00a7 c) pontja alapj\u00e1n)<\/strong><\/li>\n<\/ul>\n<h5><strong>\ud83d\udce6 K\u00e9zbes\u00edt\u00e9s ut\u00e1ni teend<\/strong><strong>\u0151<\/strong><strong>k<\/strong><\/h5>\n<p><strong>A k\u00e9zbes\u00edt\u00e9st k\u00f6vet<\/strong><strong>\u0151<\/strong><strong>en a csomagot azonnal bontsuk ki, \u00e9s a n\u00f6v\u00e9nyt helyezz\u00fck el megfelel<\/strong><strong>\u0151<\/strong><strong> k\u00f6rnyezetben.<br \/>\nFontos: ha a n\u00f6v\u00e9ny nem r\u00e9szes\u00fcl megfelel<\/strong><strong>\u0151<\/strong><strong> gondoz\u00e1sban \u00e9s ennek k\u00f6vetkezt\u00e9ben k\u00e1rosodik vagy elpusztul, felel<\/strong><strong>\u0151<\/strong><strong>ss\u00e9get nem tudunk v\u00e1llalni.<\/strong><\/p>\n<p><strong>\u00a0<\/strong><\/p>","protected":false},"excerpt":{"rendered":"<p>Az Ophiopogon &#8216;Niger&#8217; egy fekete level\u0171, alacsony d\u00edszn\u00f6v\u00e9ny, amely \u00e1rny\u00e9kos \u00e9s f\u00e9l\u00e1rny\u00e9kos helyek k\u00fcl\u00f6nleges, kontrasztos eleme lehet. Kiv\u00e1l\u00f3 szeg\u00e9ly- vagy talajtakar\u00f3 n\u00f6v\u00e9ny.<\/p>\n<p>A n\u00f6v\u00e9ny jelenlegi m\u00e9rete: 20\/25 cm, 15 cm-es cser\u00e9pben.<\/p>","protected":false},"featured_media":24168,"template":"","meta":{"_et_pb_use_builder":"","_et_pb_old_content":"","_et_gb_content_width":""},"product_brand":[],"product_cat":[197],"product_tag":[6249,6246,6243,6244,6247,6128,6222,6245,6248,319],"class_list":{"0":"post-24167","1":"product","2":"type-product","3":"status-publish","4":"has-post-thumbnail","6":"product_cat-diszfuvek-fufelek","7":"product_tag-alacsony-evelo","8":"product_tag-arnyekturo-evelo","9":"product_tag-fekete-fu","10":"product_tag-fekete-levelu-noveny","11":"product_tag-japan-kert","12":"product_tag-konteneres-noveny","13":"product_tag-modern-kert","14":"product_tag-ophiopogon","15":"product_tag-sasliliom","16":"product_tag-talajtakaro","18":"first","19":"instock","20":"shipping-taxable","21":"purchasable","22":"product-type-simple"},"yoast_head":"<!-- This site is optimized with the Yoast SEO plugin v27.4 - https:\/\/yoast.com\/product\/yoast-seo-wordpress\/ -->\n<title>Ophiopogon planiscapus &#039;Niger&#039; - Fekete level\u0171 k\u00edgy\u00f3szak\u00e1ll - T\u00e1jkert\u00e9sz<\/title>\n<meta name=\"description\" content=\"Ophiopogon planiscapus &#039;Niger&#039; - Fekete level\u0171 k\u00edgy\u00f3szak\u00e1ll alacsony, fekete level\u0171 d\u00edszn\u00f6v\u00e9ny, amely \u00e1rny\u00e9kos helyeken is j\u00f3l fejl\u0151dik.\" \/>\n<meta name=\"robots\" content=\"index, follow, max-snippet:-1, max-image-preview:large, max-video-preview:-1\" \/>\n<link rel=\"canonical\" href=\"https:\/\/tajkertesz.com\/en_US\/product\/ophiopogon-planiscapus-niger-fekete-levelu-kigyoszakall\/\" \/>\n<meta property=\"og:locale\" content=\"en_US\" \/>\n<meta property=\"og:type\" content=\"article\" \/>\n<meta property=\"og:title\" content=\"Ophiopogon planiscapus &#039;Niger&#039; - Fekete level\u0171 k\u00edgy\u00f3szak\u00e1ll - T\u00e1jkert\u00e9sz\" \/>\n<meta property=\"og:description\" content=\"Ophiopogon planiscapus &#039;Niger&#039; - Fekete level\u0171 k\u00edgy\u00f3szak\u00e1ll alacsony, fekete level\u0171 d\u00edszn\u00f6v\u00e9ny, amely \u00e1rny\u00e9kos helyeken is j\u00f3l fejl\u0151dik.\" \/>\n<meta property=\"og:url\" content=\"https:\/\/tajkertesz.com\/en_US\/product\/ophiopogon-planiscapus-niger-fekete-levelu-kigyoszakall\/\" \/>\n<meta property=\"og:site_name\" content=\"T\u00e1jkert\u00e9sz\" \/>\n<meta property=\"article:publisher\" content=\"https:\/\/www.facebook.com\/Tajkertesz\/\" \/>\n<meta property=\"article:modified_time\" content=\"2026-02-21T09:51:53+00:00\" \/>\n<meta property=\"og:image\" content=\"https:\/\/tajkertesz.com\/wp-content\/uploads\/2025\/08\/20250804_114717-scaled.jpg\" \/>\n\t<meta property=\"og:image:width\" content=\"2202\" \/>\n\t<meta property=\"og:image:height\" content=\"2560\" \/>\n\t<meta property=\"og:image:type\" content=\"image\/jpeg\" \/>\n<meta name=\"twitter:card\" content=\"summary_large_image\" \/>\n<meta name=\"twitter:label1\" content=\"Est. reading time\" \/>\n\t<meta name=\"twitter:data1\" content=\"3 minutes\" \/>\n<script type=\"application\/ld+json\" class=\"yoast-schema-graph\">{\"@context\":\"https:\\\/\\\/schema.org\",\"@graph\":[{\"@type\":\"WebPage\",\"@id\":\"https:\\\/\\\/tajkertesz.com\\\/termek\\\/ophiopogon-planiscapus-niger-fekete-levelu-kigyoszakall\\\/\",\"url\":\"https:\\\/\\\/tajkertesz.com\\\/termek\\\/ophiopogon-planiscapus-niger-fekete-levelu-kigyoszakall\\\/\",\"name\":\"Ophiopogon planiscapus 'Niger' - Fekete level\u0171 k\u00edgy\u00f3szak\u00e1ll - T\u00e1jkert\u00e9sz\",\"isPartOf\":{\"@id\":\"https:\\\/\\\/tajkertesz.com\\\/#website\"},\"primaryImageOfPage\":{\"@id\":\"https:\\\/\\\/tajkertesz.com\\\/termek\\\/ophiopogon-planiscapus-niger-fekete-levelu-kigyoszakall\\\/#primaryimage\"},\"image\":{\"@id\":\"https:\\\/\\\/tajkertesz.com\\\/termek\\\/ophiopogon-planiscapus-niger-fekete-levelu-kigyoszakall\\\/#primaryimage\"},\"thumbnailUrl\":\"https:\\\/\\\/tajkertesz.com\\\/wp-content\\\/uploads\\\/2025\\\/08\\\/20250804_114717-scaled.jpg\",\"datePublished\":\"2025-08-07T13:06:41+00:00\",\"dateModified\":\"2026-02-21T09:51:53+00:00\",\"description\":\"Ophiopogon planiscapus 'Niger' - Fekete level\u0171 k\u00edgy\u00f3szak\u00e1ll alacsony, fekete level\u0171 d\u00edszn\u00f6v\u00e9ny, amely \u00e1rny\u00e9kos helyeken is j\u00f3l fejl\u0151dik.\",\"breadcrumb\":{\"@id\":\"https:\\\/\\\/tajkertesz.com\\\/termek\\\/ophiopogon-planiscapus-niger-fekete-levelu-kigyoszakall\\\/#breadcrumb\"},\"inLanguage\":\"en-US\",\"potentialAction\":[{\"@type\":\"ReadAction\",\"target\":[\"https:\\\/\\\/tajkertesz.com\\\/termek\\\/ophiopogon-planiscapus-niger-fekete-levelu-kigyoszakall\\\/\"]}]},{\"@type\":\"ImageObject\",\"inLanguage\":\"en-US\",\"@id\":\"https:\\\/\\\/tajkertesz.com\\\/termek\\\/ophiopogon-planiscapus-niger-fekete-levelu-kigyoszakall\\\/#primaryimage\",\"url\":\"https:\\\/\\\/tajkertesz.com\\\/wp-content\\\/uploads\\\/2025\\\/08\\\/20250804_114717-scaled.jpg\",\"contentUrl\":\"https:\\\/\\\/tajkertesz.com\\\/wp-content\\\/uploads\\\/2025\\\/08\\\/20250804_114717-scaled.jpg\",\"width\":2202,\"height\":2560,\"caption\":\"Ophiopogon planiscapus 'Niger' - Fekete level\u0171 k\u00edgy\u00f3szak\u00e1ll\"},{\"@type\":\"BreadcrumbList\",\"@id\":\"https:\\\/\\\/tajkertesz.com\\\/termek\\\/ophiopogon-planiscapus-niger-fekete-levelu-kigyoszakall\\\/#breadcrumb\",\"itemListElement\":[{\"@type\":\"ListItem\",\"position\":1,\"name\":\"Home\",\"item\":\"https:\\\/\\\/tajkertesz.com\\\/\"},{\"@type\":\"ListItem\",\"position\":2,\"name\":\"Kezd\u0151lap\",\"item\":\"https:\\\/\\\/tajkertesz.com\\\/\"},{\"@type\":\"ListItem\",\"position\":3,\"name\":\"Ophiopogon planiscapus &#8216;Niger&#8217; &#8211; Fekete level\u0171 k\u00edgy\u00f3szak\u00e1ll\"}]},{\"@type\":\"WebSite\",\"@id\":\"https:\\\/\\\/tajkertesz.com\\\/#website\",\"url\":\"https:\\\/\\\/tajkertesz.com\\\/\",\"name\":\"T\u00e1j-Kert\u00e9sz 84 Kft.\",\"description\":\"Kert\u00e9szeti kis- \u00e9s nagykeresked\u00e9s, D\u00edszn\u00f6v\u00e9ny web\u00e1ruh\u00e1z orsz\u00e1gos h\u00e1zhozsz\u00e1ll\u00edt\u00e1ssal!\",\"publisher\":{\"@id\":\"https:\\\/\\\/tajkertesz.com\\\/#organization\"},\"potentialAction\":[{\"@type\":\"SearchAction\",\"target\":{\"@type\":\"EntryPoint\",\"urlTemplate\":\"https:\\\/\\\/tajkertesz.com\\\/?s={search_term_string}\"},\"query-input\":{\"@type\":\"PropertyValueSpecification\",\"valueRequired\":true,\"valueName\":\"search_term_string\"}}],\"inLanguage\":\"en-US\"},{\"@type\":\"Organization\",\"@id\":\"https:\\\/\\\/tajkertesz.com\\\/#organization\",\"name\":\"T\u00e1j-Kert\u00e9sz 84 Kft.\",\"url\":\"https:\\\/\\\/tajkertesz.com\\\/\",\"logo\":{\"@type\":\"ImageObject\",\"inLanguage\":\"en-US\",\"@id\":\"https:\\\/\\\/tajkertesz.com\\\/#\\\/schema\\\/logo\\\/image\\\/\",\"url\":\"https:\\\/\\\/tajkertesz.com\\\/wp-content\\\/uploads\\\/2018\\\/02\\\/logo-2-e1518678052539.png\",\"contentUrl\":\"https:\\\/\\\/tajkertesz.com\\\/wp-content\\\/uploads\\\/2018\\\/02\\\/logo-2-e1518678052539.png\",\"width\":81,\"height\":140,\"caption\":\"T\u00e1j-Kert\u00e9sz 84 Kft.\"},\"image\":{\"@id\":\"https:\\\/\\\/tajkertesz.com\\\/#\\\/schema\\\/logo\\\/image\\\/\"},\"sameAs\":[\"https:\\\/\\\/www.facebook.com\\\/Tajkertesz\\\/\"]}]}<\/script>\n<!-- \/ Yoast SEO plugin. -->","yoast_head_json":{"title":"Ophiopogon planiscapus 'Niger' - Fekete level\u0171 k\u00edgy\u00f3szak\u00e1ll - T\u00e1jkert\u00e9sz","description":"Ophiopogon planiscapus 'Niger' - Fekete level\u0171 k\u00edgy\u00f3szak\u00e1ll alacsony, fekete level\u0171 d\u00edszn\u00f6v\u00e9ny, amely \u00e1rny\u00e9kos helyeken is j\u00f3l fejl\u0151dik.","robots":{"index":"index","follow":"follow","max-snippet":"max-snippet:-1","max-image-preview":"max-image-preview:large","max-video-preview":"max-video-preview:-1"},"canonical":"https:\/\/tajkertesz.com\/en_US\/product\/ophiopogon-planiscapus-niger-fekete-levelu-kigyoszakall\/","og_locale":"en_US","og_type":"article","og_title":"Ophiopogon planiscapus 'Niger' - Fekete level\u0171 k\u00edgy\u00f3szak\u00e1ll - T\u00e1jkert\u00e9sz","og_description":"Ophiopogon planiscapus 'Niger' - Fekete level\u0171 k\u00edgy\u00f3szak\u00e1ll alacsony, fekete level\u0171 d\u00edszn\u00f6v\u00e9ny, amely \u00e1rny\u00e9kos helyeken is j\u00f3l fejl\u0151dik.","og_url":"https:\/\/tajkertesz.com\/en_US\/product\/ophiopogon-planiscapus-niger-fekete-levelu-kigyoszakall\/","og_site_name":"T\u00e1jkert\u00e9sz","article_publisher":"https:\/\/www.facebook.com\/Tajkertesz\/","article_modified_time":"2026-02-21T09:51:53+00:00","og_image":[{"width":2202,"height":2560,"url":"https:\/\/tajkertesz.com\/wp-content\/uploads\/2025\/08\/20250804_114717-scaled.jpg","type":"image\/jpeg"}],"twitter_card":"summary_large_image","twitter_misc":{"Est. reading time":"3 minutes"},"schema":{"@context":"https:\/\/schema.org","@graph":[{"@type":"WebPage","@id":"https:\/\/tajkertesz.com\/termek\/ophiopogon-planiscapus-niger-fekete-levelu-kigyoszakall\/","url":"https:\/\/tajkertesz.com\/termek\/ophiopogon-planiscapus-niger-fekete-levelu-kigyoszakall\/","name":"Ophiopogon planiscapus 'Niger' - Fekete level\u0171 k\u00edgy\u00f3szak\u00e1ll - T\u00e1jkert\u00e9sz","isPartOf":{"@id":"https:\/\/tajkertesz.com\/#website"},"primaryImageOfPage":{"@id":"https:\/\/tajkertesz.com\/termek\/ophiopogon-planiscapus-niger-fekete-levelu-kigyoszakall\/#primaryimage"},"image":{"@id":"https:\/\/tajkertesz.com\/termek\/ophiopogon-planiscapus-niger-fekete-levelu-kigyoszakall\/#primaryimage"},"thumbnailUrl":"https:\/\/tajkertesz.com\/wp-content\/uploads\/2025\/08\/20250804_114717-scaled.jpg","datePublished":"2025-08-07T13:06:41+00:00","dateModified":"2026-02-21T09:51:53+00:00","description":"Ophiopogon planiscapus 'Niger' - Fekete level\u0171 k\u00edgy\u00f3szak\u00e1ll alacsony, fekete level\u0171 d\u00edszn\u00f6v\u00e9ny, amely \u00e1rny\u00e9kos helyeken is j\u00f3l fejl\u0151dik.","breadcrumb":{"@id":"https:\/\/tajkertesz.com\/termek\/ophiopogon-planiscapus-niger-fekete-levelu-kigyoszakall\/#breadcrumb"},"inLanguage":"en-US","potentialAction":[{"@type":"ReadAction","target":["https:\/\/tajkertesz.com\/termek\/ophiopogon-planiscapus-niger-fekete-levelu-kigyoszakall\/"]}]},{"@type":"ImageObject","inLanguage":"en-US","@id":"https:\/\/tajkertesz.com\/termek\/ophiopogon-planiscapus-niger-fekete-levelu-kigyoszakall\/#primaryimage","url":"https:\/\/tajkertesz.com\/wp-content\/uploads\/2025\/08\/20250804_114717-scaled.jpg","contentUrl":"https:\/\/tajkertesz.com\/wp-content\/uploads\/2025\/08\/20250804_114717-scaled.jpg","width":2202,"height":2560,"caption":"Ophiopogon planiscapus 'Niger' - Fekete level\u0171 k\u00edgy\u00f3szak\u00e1ll"},{"@type":"BreadcrumbList","@id":"https:\/\/tajkertesz.com\/termek\/ophiopogon-planiscapus-niger-fekete-levelu-kigyoszakall\/#breadcrumb","itemListElement":[{"@type":"ListItem","position":1,"name":"Home","item":"https:\/\/tajkertesz.com\/"},{"@type":"ListItem","position":2,"name":"Kezd\u0151lap","item":"https:\/\/tajkertesz.com\/"},{"@type":"ListItem","position":3,"name":"Ophiopogon planiscapus &#8216;Niger&#8217; &#8211; Fekete level\u0171 k\u00edgy\u00f3szak\u00e1ll"}]},{"@type":"WebSite","@id":"https:\/\/tajkertesz.com\/#website","url":"https:\/\/tajkertesz.com\/","name":"T\u00e1j-Kert\u00e9sz 84 Kft.","description":"Kert\u00e9szeti kis- \u00e9s nagykeresked\u00e9s, D\u00edszn\u00f6v\u00e9ny web\u00e1ruh\u00e1z orsz\u00e1gos h\u00e1zhozsz\u00e1ll\u00edt\u00e1ssal!","publisher":{"@id":"https:\/\/tajkertesz.com\/#organization"},"potentialAction":[{"@type":"SearchAction","target":{"@type":"EntryPoint","urlTemplate":"https:\/\/tajkertesz.com\/?s={search_term_string}"},"query-input":{"@type":"PropertyValueSpecification","valueRequired":true,"valueName":"search_term_string"}}],"inLanguage":"en-US"},{"@type":"Organization","@id":"https:\/\/tajkertesz.com\/#organization","name":"T\u00e1j-Kert\u00e9sz 84 Kft.","url":"https:\/\/tajkertesz.com\/","logo":{"@type":"ImageObject","inLanguage":"en-US","@id":"https:\/\/tajkertesz.com\/#\/schema\/logo\/image\/","url":"https:\/\/tajkertesz.com\/wp-content\/uploads\/2018\/02\/logo-2-e1518678052539.png","contentUrl":"https:\/\/tajkertesz.com\/wp-content\/uploads\/2018\/02\/logo-2-e1518678052539.png","width":81,"height":140,"caption":"T\u00e1j-Kert\u00e9sz 84 Kft."},"image":{"@id":"https:\/\/tajkertesz.com\/#\/schema\/logo\/image\/"},"sameAs":["https:\/\/www.facebook.com\/Tajkertesz\/"]}]}},"_links":{"self":[{"href":"https:\/\/tajkertesz.com\/en_US\/wp-json\/wp\/v2\/product\/24167","targetHints":{"allow":["GET"]}}],"collection":[{"href":"https:\/\/tajkertesz.com\/en_US\/wp-json\/wp\/v2\/product"}],"about":[{"href":"https:\/\/tajkertesz.com\/en_US\/wp-json\/wp\/v2\/types\/product"}],"wp:featuredmedia":[{"embeddable":true,"href":"https:\/\/tajkertesz.com\/en_US\/wp-json\/wp\/v2\/media\/24168"}],"wp:attachment":[{"href":"https:\/\/tajkertesz.com\/en_US\/wp-json\/wp\/v2\/media?parent=24167"}],"wp:term":[{"taxonomy":"product_brand","embeddable":true,"href":"https:\/\/tajkertesz.com\/en_US\/wp-json\/wp\/v2\/product_brand?post=24167"},{"taxonomy":"product_cat","embeddable":true,"href":"https:\/\/tajkertesz.com\/en_US\/wp-json\/wp\/v2\/product_cat?post=24167"},{"taxonomy":"product_tag","embeddable":true,"href":"https:\/\/tajkertesz.com\/en_US\/wp-json\/wp\/v2\/product_tag?post=24167"}],"curies":[{"name":"wp","href":"https:\/\/api.w.org\/{rel}","templated":true}]}}