{"id":24169,"date":"2025-08-07T14:28:22","date_gmt":"2025-08-07T14:28:22","guid":{"rendered":"https:\/\/tajkertesz.com\/?post_type=product&#038;p=24169"},"modified":"2026-02-13T15:43:00","modified_gmt":"2026-02-13T15:43:00","slug":"crocosmia-lucifer-fuzeres-safranyfu","status":"publish","type":"product","link":"https:\/\/tajkertesz.com\/en_US\/product\/crocosmia-lucifer-fuzeres-safranyfu\/","title":{"rendered":"Crocosmia &#8216;Lucifer&#8217; &#8211; F\u00fcz\u00e9res s\u00e1fr\u00e1nyf\u0171"},"content":{"rendered":"<h1 data-start=\"514\" data-end=\"747\">Crocosmia &#8216;Lucifer&#8217; &#8211; F\u00fcz\u00e9res s\u00e1fr\u00e1nyf\u0171<\/h1>\n<p data-start=\"514\" data-end=\"747\">A Crocosmia &#8216;Lucifer&#8217; &#8211; F\u00fcz\u00e9res s\u00e1fr\u00e1nyf\u0171\u00a0ny\u00e1ron vir\u00e1gz\u00f3 \u00e9vel\u0151 n\u00f6v\u00e9ny, melynek <strong data-start=\"593\" data-end=\"626\">\u00e9l\u00e9nkpiros, f\u00fcz\u00e9res vir\u00e1gai<\/strong> hossz\u00fa, kecses sz\u00e1rakon ny\u00edlnak. A vir\u00e1gok j\u00faliust\u00f3l szeptemberig ny\u00edlnak.<\/p>\n<p data-start=\"754\" data-end=\"946\">L\u00e1ngv\u00f6r\u00f6s sz\u00edn\u00e9vel \u00e9s kard alak\u00fa, s\u00f6t\u00e9tz\u00f6ld leveleivel igazi <strong data-start=\"815\" data-end=\"833\">tr\u00f3pusi hat\u00e1st<\/strong> kelt. Szoliterk\u00e9nt, vegyes \u00e9vel\u0151\u00e1gy\u00e1sban, csoportosan \u00fcltetve, vagy ak\u00e1r v\u00e1gott vir\u00e1gk\u00e9nt is kiv\u00e1l\u00f3 v\u00e1laszt\u00e1s.<\/p>\n<p data-start=\"951\" data-end=\"1139\">Napf\u00e9nyig\u00e9nyes n\u00f6v\u00e9ny, j\u00f3l viseli a meleget \u00e9s a sz\u00e1razs\u00e1got is, ha m\u00e1r meger\u0151s\u00f6d\u00f6tt. J\u00f3 v\u00edz\u00e1tereszt\u00e9s\u0171 talajt ig\u00e9nyel. T\u00e9len a gum\u00f3k v\u00e9delmet ig\u00e9nyelhetnek, k\u00fcl\u00f6n\u00f6sen hidegebb \u00e9ghajlaton.<\/p>\n<h4 data-start=\"1141\" data-end=\"1164\">\ud83c\udf3f Crocosmia &#8216;Lucifer&#8217; jellemz\u0151i:<\/h4>\n<ul data-start=\"1165\" data-end=\"1404\">\n<li data-start=\"1165\" data-end=\"1190\">\n<p data-start=\"1167\" data-end=\"1190\"><strong data-start=\"1167\" data-end=\"1179\">Magass\u00e1g<\/strong>: 80\u2013100 cm<\/p>\n<\/li>\n<li data-start=\"1191\" data-end=\"1231\">\n<p data-start=\"1193\" data-end=\"1231\"><strong data-start=\"1193\" data-end=\"1210\">Vir\u00e1gz\u00e1si id\u0151<\/strong>: j\u00falius \u2013 szeptember<\/p>\n<\/li>\n<li data-start=\"1232\" data-end=\"1260\">\n<p data-start=\"1234\" data-end=\"1260\"><strong data-start=\"1234\" data-end=\"1249\">Vir\u00e1g sz\u00edne<\/strong>: l\u00e1ngv\u00f6r\u00f6s<\/p>\n<\/li>\n<li data-start=\"1261\" data-end=\"1283\">\n<p data-start=\"1263\" data-end=\"1283\"><strong data-start=\"1263\" data-end=\"1276\">F\u00e9nyig\u00e9ny<\/strong>: napos<\/p>\n<\/li>\n<li data-start=\"1284\" data-end=\"1307\">\n<p data-start=\"1286\" data-end=\"1307\"><strong data-start=\"1286\" data-end=\"1298\">V\u00edzig\u00e9ny<\/strong>: k\u00f6zepes<\/p>\n<\/li>\n<li data-start=\"1308\" data-end=\"1356\">\n<p data-start=\"1310\" data-end=\"1356\"><strong data-start=\"1310\" data-end=\"1319\">Talaj<\/strong>: j\u00f3 v\u00edz\u00e1tereszt\u0151, t\u00e1panyagban gazdag<\/p>\n<\/li>\n<li data-start=\"1357\" data-end=\"1404\">\n<p data-start=\"1359\" data-end=\"1404\"><strong data-start=\"1359\" data-end=\"1373\">T\u00e9l\u00e1ll\u00f3s\u00e1g<\/strong>: -10\u00b0C-ig, de takar\u00e1s aj\u00e1nlott<\/p>\n<\/li>\n<\/ul>\n<h4 data-start=\"1406\" data-end=\"1439\">\ud83c\udf3c Felhaszn\u00e1l\u00e1si javaslatok:<\/h4>\n<ul data-start=\"1440\" data-end=\"1569\">\n<li data-start=\"1440\" data-end=\"1470\">\n<p data-start=\"1442\" data-end=\"1470\">\u00c9vel\u0151\u00e1gy\u00e1s f\u00f3kuszn\u00f6v\u00e9nyek\u00e9nt<\/p>\n<\/li>\n<li data-start=\"1471\" data-end=\"1507\">\n<p data-start=\"1473\" data-end=\"1507\">Csoportosan \u00fcltetve vir\u00e1g\u00e1gy\u00e1sokba<\/p>\n<\/li>\n<li data-start=\"1508\" data-end=\"1539\">\n<p data-start=\"1510\" data-end=\"1539\">Modern \u00e9s mediterr\u00e1n kertekbe<\/p>\n<\/li>\n<li data-start=\"1540\" data-end=\"1569\">\n<p data-start=\"1542\" data-end=\"1569\">V\u00e1gott vir\u00e1gnak is alkalmas<\/p>\n<\/li>\n<\/ul>\n<h5><strong>\ud83d\udd04 K\u00e9szletinform\u00e1ci\u00f3<\/strong><\/h5>\n<p><strong>K\u00e9szlet\u00fcnk napi szinten v\u00e1ltozik, \u00edgy a webshopban szerepl<\/strong><strong>\u0151<\/strong><strong> term\u00e9kek el\u00e9rhet<\/strong><strong>\u0151<\/strong><strong>s\u00e9ge nem garant\u00e1lt.<br \/>\n\ud83d\udcde A megrendel\u00e9s el<\/strong><strong>\u0151<\/strong><strong>tt k\u00e9rj\u00fck, \u00e9rdekl<\/strong><strong>\u0151<\/strong><strong>dj\u00f6n szem\u00e9lyesen, telefonon vagy e-mailben!<\/strong><\/p>\n<h5><strong>\u27a1\ufe0f Kapcsolat:<\/strong><\/h5>\n<ul>\n<li><strong>Weboldal: <\/strong><a href=\"https:\/\/tajkertesz.com\"><strong>tajkertesz.com<\/strong><\/a><\/li>\n<li><strong>Facebook: <\/strong><a href=\"https:\/\/www.facebook.com\/tajkertesz\/\"><strong>facebook.com\/tajkertesz<\/strong><\/a><\/li>\n<li><strong>Telefonsz\u00e1m, e-mail: +36\/20-319-3770 <\/strong><a href=\"mailto:tajkerteszaruda@gmail.com\"><strong>tajkerteszaruda@gmail.com<\/strong><\/a><\/li>\n<\/ul>\n<h5><strong>\ud83d\ude9a Sz\u00e1ll\u00edt\u00e1si inform\u00e1ci\u00f3k<\/strong><\/h5>\n<p><strong>A megrendelt n\u00f6v\u00e9nyek kisz\u00e1ll\u00edt\u00e1sa az al\u00e1bbi felt\u00e9telek mellett t\u00f6rt\u00e9nik:<\/strong><\/p>\n<h5><strong>\ud83d\udce6 Fut\u00e1rszolg\u00e1latos sz\u00e1ll\u00edt\u00e1s<\/strong><\/h5>\n<ul>\n<li><strong>Maxim\u00e1lis m\u00e9ret: 200 cm (hossz\u00fas\u00e1g)<\/strong><\/li>\n<li><strong>Maxim\u00e1lis s\u00faly: 40 kg<\/strong><\/li>\n<li><strong>Az enn\u00e9l kisebb \u00e9s k\u00f6nnyebb csomagokat fut\u00e1rszolg\u00e1lattal k\u00e9zbes\u00edtj\u00fck a lehet<\/strong><strong>\u0151<\/strong><strong> legbiztons\u00e1gosabb csomagol\u00e1sban.<\/strong><\/li>\n<\/ul>\n<h5><strong>\ud83d\udefb Szem\u00e9lyes \u00e1tv\u00e9tel<\/strong><\/h5>\n<ul>\n<li><strong>1173 Budapest, Bakancsos utca 7. sz\u00e1m alatt nyitvatart\u00e1si id<\/strong><strong>\u0151<\/strong><strong>ben szem\u00e9lyesen \u00e1tvehet<\/strong><strong>\u0151<\/strong><strong> kert\u00e9szeti \u00e1rud\u00e1nkban.<\/strong><\/li>\n<li><strong>K\u00f6lts\u00e9ghat\u00e9kony megold\u00e1s nagyobb, t\u00f6r\u00e9kenyebb vagy t\u00falm\u00e9retes n\u00f6v\u00e9nyek eset\u00e9n.<\/strong><\/li>\n<\/ul>\n<h5><strong>\ud83d\udcde Nagy m\u00e9ret<\/strong><strong>\u0171<\/strong><strong> vagy s\u00faly\u00fa n\u00f6v\u00e9nyek eset\u00e9n<\/strong><\/h5>\n<p><strong>Ha a term\u00e9k:<\/strong><\/p>\n<ul>\n<li><strong>meghaladja a 200 cm hossz\u00fas\u00e1got vagy<\/strong><\/li>\n<li><strong>meghaladja a 40 kg s\u00falyt,<\/strong><\/li>\n<\/ul>\n<p><strong>akkor szem\u00e9lyes \u00e1tv\u00e9tellel vagy egyedi, el<\/strong><strong>\u0151<\/strong><strong>re egyeztetett sz\u00e1ll\u00edt\u00e1si felt\u00e9telek mellett t\u00f6rt\u00e9nik.<br \/>\nK\u00e9rj\u00fck, ilyen esetben rendel\u00e9s el<\/strong><strong>\u0151<\/strong><strong>tt vegye fel vel\u00fcnk a kapcsolatot, hogy a lehet<\/strong><strong>\u0151<\/strong><strong> legmegfelel<\/strong><strong>\u0151<\/strong><strong>bb sz\u00e1ll\u00edt\u00e1si megold\u00e1st k\u00edn\u00e1lhassuk.<\/strong><\/p>\n<p><strong>\ud83d\udd14 Fontos: A n\u00f6v\u00e9nyeket minden esetben igyeksz\u00fcnk gondosan, egyes\u00e9vel csomagolni, azonban a sz\u00e1ll\u00edt\u00e1s sor\u00e1n kisebb eszt\u00e9tikai s\u00e9r\u00fcl\u00e9sek el<\/strong><strong>\u0151<\/strong><strong>fordulhatnak (pl. lev\u00e9lhull\u00e1s). Ez nem min<\/strong><strong>\u0151<\/strong><strong>s\u00fcl hib\u00e1s teljes\u00edt\u00e9snek.<\/strong><\/p>\n<h5><strong>\ud83d\udcf7 Fontos tudni a k\u00e9pekr<\/strong><strong>\u0151<\/strong><strong>l<\/strong><\/h5>\n<p><strong>A webshopban szerepl<\/strong><strong>\u0151<\/strong><strong> k\u00e9pek illusztr\u00e1ci\u00f3k, a n\u00f6v\u00e9nyek term\u00e9szet\u00fckn\u00e9l fogva egyediek, \u00edgy m\u00e9retben, alakban \u00e9s sz\u00ednben minim\u00e1lis elt\u00e9r\u00e9sek el<\/strong><strong>\u0151<\/strong><strong>fordulhatnak a k\u00e9pen l\u00e1that\u00f3 \u00e9s a val\u00f3s p\u00e9ld\u00e1nyok k\u00f6z\u00f6tt.<\/strong><\/p>\n<h5><strong>\ud83e\uddfe \u00c1rak \u00e9s el\u00e1ll\u00e1si jog<\/strong><\/h5>\n<ul>\n<li><strong>Az \u00e1rak egy darab\u00a0n\u00f6v\u00e9nyre vonatkoznak.<\/strong><\/li>\n<li><strong>\u00c9l<\/strong><strong>\u0151<\/strong><strong> n\u00f6v\u00e9nyek rendel\u00e9se eset\u00e9n a 14 napos el\u00e1ll\u00e1s joga nem \u00e9rv\u00e9nyes\u00edthet<\/strong><strong>\u0151<\/strong><strong>, mivel azok romland\u00f3, biol\u00f3giailag \u00e9l<\/strong><strong>\u0151<\/strong><strong> term\u00e9keknek min<\/strong><strong>\u0151<\/strong><strong>s\u00fclnek.<br \/>\n\ud83d\udd12 (17\/1999. (II. 5.) Korm. rendelet 5. \u00a7 c) pontja alapj\u00e1n)<\/strong><\/li>\n<\/ul>\n<h5><strong>\ud83d\udce6 K\u00e9zbes\u00edt\u00e9s ut\u00e1ni teend<\/strong><strong>\u0151<\/strong><strong>k<\/strong><\/h5>\n<p><strong>A k\u00e9zbes\u00edt\u00e9st k\u00f6vet<\/strong><strong>\u0151<\/strong><strong>en a csomagot azonnal bontsuk ki, \u00e9s a n\u00f6v\u00e9nyt helyezz\u00fck el megfelel<\/strong><strong>\u0151<\/strong><strong> k\u00f6rnyezetben.<br \/>\nFontos: ha a n\u00f6v\u00e9ny nem r\u00e9szes\u00fcl megfelel<\/strong><strong>\u0151<\/strong><strong> gondoz\u00e1sban \u00e9s ennek k\u00f6vetkezt\u00e9ben k\u00e1rosodik vagy elpusztul, felel<\/strong><strong>\u0151<\/strong><strong>ss\u00e9get nem tudunk v\u00e1llalni.<\/strong><\/p>\n<p><strong>\u00a0<\/strong><\/p>","protected":false},"excerpt":{"rendered":"<p>A Crocosmia &#8216;Lucifer&#8217; egy l\u00e1ngv\u00f6r\u00f6s vir\u00e1g\u00fa \u00e9vel\u0151 n\u00f6v\u00e9ny, amely j\u00faliust\u00f3l szeptemberig vir\u00e1gzik. Napos helyre, \u00e9vel\u0151\u00e1gy\u00e1sba vagy v\u00e1gott vir\u00e1gnak is ide\u00e1lis.<\/p>","protected":false},"featured_media":24171,"template":"","meta":{"_et_pb_use_builder":"","_et_pb_old_content":"","_et_gb_content_width":""},"product_brand":[],"product_cat":[433],"product_tag":[5982,6258,6257,6253,6251,6252,6255,6254,6092,6256],"class_list":{"0":"post-24169","1":"product","2":"type-product","3":"status-publish","4":"has-post-thumbnail","6":"product_cat-evelo-novenyek","7":"product_tag-crocosmia","8":"product_tag-evelo-kulonlegesseg","9":"product_tag-eveloagyas","10":"product_tag-langvoros-virag","11":"product_tag-lucifer","12":"product_tag-montbretia","13":"product_tag-napkedvelo-noveny","14":"product_tag-nyari-evelo","15":"product_tag-pillangobarat-noveny","16":"product_tag-vagott-virag","18":"first","19":"outofstock","20":"shipping-taxable","21":"purchasable","22":"product-type-simple"},"yoast_head":"<!-- This site is optimized with the Yoast SEO plugin v27.4 - https:\/\/yoast.com\/product\/yoast-seo-wordpress\/ -->\n<title>Crocosmia &#039;Lucifer&#039; - F\u00fcz\u00e9res s\u00e1fr\u00e1nyf\u0171 - T\u00e1jkert\u00e9sz<\/title>\n<meta name=\"description\" content=\"Crocosmia &#039;Lucifer&#039; - F\u00fcz\u00e9res s\u00e1fr\u00e1nyf\u0171 l\u00e1ngv\u00f6r\u00f6s vir\u00e1g\u00fa \u00e9vel\u0151, napos helyre ide\u00e1lis. Hossz\u00fa vir\u00e1gz\u00e1si idej\u00e9vel a ny\u00e1ri kertek d\u00edsze.\" \/>\n<meta name=\"robots\" content=\"index, follow, max-snippet:-1, max-image-preview:large, max-video-preview:-1\" \/>\n<link rel=\"canonical\" href=\"https:\/\/tajkertesz.com\/en_US\/product\/crocosmia-lucifer-fuzeres-safranyfu\/\" \/>\n<meta property=\"og:locale\" content=\"en_US\" \/>\n<meta property=\"og:type\" content=\"article\" \/>\n<meta property=\"og:title\" content=\"Crocosmia &#039;Lucifer&#039; - F\u00fcz\u00e9res s\u00e1fr\u00e1nyf\u0171 - T\u00e1jkert\u00e9sz\" \/>\n<meta property=\"og:description\" content=\"Crocosmia &#039;Lucifer&#039; - F\u00fcz\u00e9res s\u00e1fr\u00e1nyf\u0171 l\u00e1ngv\u00f6r\u00f6s vir\u00e1g\u00fa \u00e9vel\u0151, napos helyre ide\u00e1lis. Hossz\u00fa vir\u00e1gz\u00e1si idej\u00e9vel a ny\u00e1ri kertek d\u00edsze.\" \/>\n<meta property=\"og:url\" content=\"https:\/\/tajkertesz.com\/en_US\/product\/crocosmia-lucifer-fuzeres-safranyfu\/\" \/>\n<meta property=\"og:site_name\" content=\"T\u00e1jkert\u00e9sz\" \/>\n<meta property=\"article:publisher\" content=\"https:\/\/www.facebook.com\/Tajkertesz\/\" \/>\n<meta property=\"article:modified_time\" content=\"2026-02-13T15:43:00+00:00\" \/>\n<meta property=\"og:image\" content=\"https:\/\/tajkertesz.com\/wp-content\/uploads\/2025\/08\/20250807_151745-scaled.jpg\" \/>\n\t<meta property=\"og:image:width\" content=\"1920\" \/>\n\t<meta property=\"og:image:height\" content=\"2560\" \/>\n\t<meta property=\"og:image:type\" content=\"image\/jpeg\" \/>\n<meta name=\"twitter:card\" content=\"summary_large_image\" \/>\n<meta name=\"twitter:label1\" content=\"Est. reading time\" \/>\n\t<meta name=\"twitter:data1\" content=\"3 minutes\" \/>\n<script type=\"application\/ld+json\" class=\"yoast-schema-graph\">{\"@context\":\"https:\\\/\\\/schema.org\",\"@graph\":[{\"@type\":\"WebPage\",\"@id\":\"https:\\\/\\\/tajkertesz.com\\\/termek\\\/crocosmia-lucifer-fuzeres-safranyfu\\\/\",\"url\":\"https:\\\/\\\/tajkertesz.com\\\/termek\\\/crocosmia-lucifer-fuzeres-safranyfu\\\/\",\"name\":\"Crocosmia 'Lucifer' - F\u00fcz\u00e9res s\u00e1fr\u00e1nyf\u0171 - T\u00e1jkert\u00e9sz\",\"isPartOf\":{\"@id\":\"https:\\\/\\\/tajkertesz.com\\\/#website\"},\"primaryImageOfPage\":{\"@id\":\"https:\\\/\\\/tajkertesz.com\\\/termek\\\/crocosmia-lucifer-fuzeres-safranyfu\\\/#primaryimage\"},\"image\":{\"@id\":\"https:\\\/\\\/tajkertesz.com\\\/termek\\\/crocosmia-lucifer-fuzeres-safranyfu\\\/#primaryimage\"},\"thumbnailUrl\":\"https:\\\/\\\/tajkertesz.com\\\/wp-content\\\/uploads\\\/2025\\\/08\\\/20250807_151745-scaled.jpg\",\"datePublished\":\"2025-08-07T14:28:22+00:00\",\"dateModified\":\"2026-02-13T15:43:00+00:00\",\"description\":\"Crocosmia 'Lucifer' - F\u00fcz\u00e9res s\u00e1fr\u00e1nyf\u0171 l\u00e1ngv\u00f6r\u00f6s vir\u00e1g\u00fa \u00e9vel\u0151, napos helyre ide\u00e1lis. Hossz\u00fa vir\u00e1gz\u00e1si idej\u00e9vel a ny\u00e1ri kertek d\u00edsze.\",\"breadcrumb\":{\"@id\":\"https:\\\/\\\/tajkertesz.com\\\/termek\\\/crocosmia-lucifer-fuzeres-safranyfu\\\/#breadcrumb\"},\"inLanguage\":\"en-US\",\"potentialAction\":[{\"@type\":\"ReadAction\",\"target\":[\"https:\\\/\\\/tajkertesz.com\\\/termek\\\/crocosmia-lucifer-fuzeres-safranyfu\\\/\"]}]},{\"@type\":\"ImageObject\",\"inLanguage\":\"en-US\",\"@id\":\"https:\\\/\\\/tajkertesz.com\\\/termek\\\/crocosmia-lucifer-fuzeres-safranyfu\\\/#primaryimage\",\"url\":\"https:\\\/\\\/tajkertesz.com\\\/wp-content\\\/uploads\\\/2025\\\/08\\\/20250807_151745-scaled.jpg\",\"contentUrl\":\"https:\\\/\\\/tajkertesz.com\\\/wp-content\\\/uploads\\\/2025\\\/08\\\/20250807_151745-scaled.jpg\",\"width\":1920,\"height\":2560,\"caption\":\"Crocosmia 'Lucifer' - F\u00fcz\u00e9res s\u00e1fr\u00e1nyf\u0171\"},{\"@type\":\"BreadcrumbList\",\"@id\":\"https:\\\/\\\/tajkertesz.com\\\/termek\\\/crocosmia-lucifer-fuzeres-safranyfu\\\/#breadcrumb\",\"itemListElement\":[{\"@type\":\"ListItem\",\"position\":1,\"name\":\"Home\",\"item\":\"https:\\\/\\\/tajkertesz.com\\\/\"},{\"@type\":\"ListItem\",\"position\":2,\"name\":\"Kezd\u0151lap\",\"item\":\"https:\\\/\\\/tajkertesz.com\\\/\"},{\"@type\":\"ListItem\",\"position\":3,\"name\":\"Crocosmia &#8216;Lucifer&#8217; &#8211; F\u00fcz\u00e9res s\u00e1fr\u00e1nyf\u0171\"}]},{\"@type\":\"WebSite\",\"@id\":\"https:\\\/\\\/tajkertesz.com\\\/#website\",\"url\":\"https:\\\/\\\/tajkertesz.com\\\/\",\"name\":\"T\u00e1j-Kert\u00e9sz 84 Kft.\",\"description\":\"Kert\u00e9szeti kis- \u00e9s nagykeresked\u00e9s, D\u00edszn\u00f6v\u00e9ny web\u00e1ruh\u00e1z orsz\u00e1gos h\u00e1zhozsz\u00e1ll\u00edt\u00e1ssal!\",\"publisher\":{\"@id\":\"https:\\\/\\\/tajkertesz.com\\\/#organization\"},\"potentialAction\":[{\"@type\":\"SearchAction\",\"target\":{\"@type\":\"EntryPoint\",\"urlTemplate\":\"https:\\\/\\\/tajkertesz.com\\\/?s={search_term_string}\"},\"query-input\":{\"@type\":\"PropertyValueSpecification\",\"valueRequired\":true,\"valueName\":\"search_term_string\"}}],\"inLanguage\":\"en-US\"},{\"@type\":\"Organization\",\"@id\":\"https:\\\/\\\/tajkertesz.com\\\/#organization\",\"name\":\"T\u00e1j-Kert\u00e9sz 84 Kft.\",\"url\":\"https:\\\/\\\/tajkertesz.com\\\/\",\"logo\":{\"@type\":\"ImageObject\",\"inLanguage\":\"en-US\",\"@id\":\"https:\\\/\\\/tajkertesz.com\\\/#\\\/schema\\\/logo\\\/image\\\/\",\"url\":\"https:\\\/\\\/tajkertesz.com\\\/wp-content\\\/uploads\\\/2018\\\/02\\\/logo-2-e1518678052539.png\",\"contentUrl\":\"https:\\\/\\\/tajkertesz.com\\\/wp-content\\\/uploads\\\/2018\\\/02\\\/logo-2-e1518678052539.png\",\"width\":81,\"height\":140,\"caption\":\"T\u00e1j-Kert\u00e9sz 84 Kft.\"},\"image\":{\"@id\":\"https:\\\/\\\/tajkertesz.com\\\/#\\\/schema\\\/logo\\\/image\\\/\"},\"sameAs\":[\"https:\\\/\\\/www.facebook.com\\\/Tajkertesz\\\/\"]}]}<\/script>\n<!-- \/ Yoast SEO plugin. -->","yoast_head_json":{"title":"Crocosmia 'Lucifer' - F\u00fcz\u00e9res s\u00e1fr\u00e1nyf\u0171 - T\u00e1jkert\u00e9sz","description":"Crocosmia 'Lucifer' - F\u00fcz\u00e9res s\u00e1fr\u00e1nyf\u0171 l\u00e1ngv\u00f6r\u00f6s vir\u00e1g\u00fa \u00e9vel\u0151, napos helyre ide\u00e1lis. Hossz\u00fa vir\u00e1gz\u00e1si idej\u00e9vel a ny\u00e1ri kertek d\u00edsze.","robots":{"index":"index","follow":"follow","max-snippet":"max-snippet:-1","max-image-preview":"max-image-preview:large","max-video-preview":"max-video-preview:-1"},"canonical":"https:\/\/tajkertesz.com\/en_US\/product\/crocosmia-lucifer-fuzeres-safranyfu\/","og_locale":"en_US","og_type":"article","og_title":"Crocosmia 'Lucifer' - F\u00fcz\u00e9res s\u00e1fr\u00e1nyf\u0171 - T\u00e1jkert\u00e9sz","og_description":"Crocosmia 'Lucifer' - F\u00fcz\u00e9res s\u00e1fr\u00e1nyf\u0171 l\u00e1ngv\u00f6r\u00f6s vir\u00e1g\u00fa \u00e9vel\u0151, napos helyre ide\u00e1lis. Hossz\u00fa vir\u00e1gz\u00e1si idej\u00e9vel a ny\u00e1ri kertek d\u00edsze.","og_url":"https:\/\/tajkertesz.com\/en_US\/product\/crocosmia-lucifer-fuzeres-safranyfu\/","og_site_name":"T\u00e1jkert\u00e9sz","article_publisher":"https:\/\/www.facebook.com\/Tajkertesz\/","article_modified_time":"2026-02-13T15:43:00+00:00","og_image":[{"width":1920,"height":2560,"url":"https:\/\/tajkertesz.com\/wp-content\/uploads\/2025\/08\/20250807_151745-scaled.jpg","type":"image\/jpeg"}],"twitter_card":"summary_large_image","twitter_misc":{"Est. reading time":"3 minutes"},"schema":{"@context":"https:\/\/schema.org","@graph":[{"@type":"WebPage","@id":"https:\/\/tajkertesz.com\/termek\/crocosmia-lucifer-fuzeres-safranyfu\/","url":"https:\/\/tajkertesz.com\/termek\/crocosmia-lucifer-fuzeres-safranyfu\/","name":"Crocosmia 'Lucifer' - F\u00fcz\u00e9res s\u00e1fr\u00e1nyf\u0171 - T\u00e1jkert\u00e9sz","isPartOf":{"@id":"https:\/\/tajkertesz.com\/#website"},"primaryImageOfPage":{"@id":"https:\/\/tajkertesz.com\/termek\/crocosmia-lucifer-fuzeres-safranyfu\/#primaryimage"},"image":{"@id":"https:\/\/tajkertesz.com\/termek\/crocosmia-lucifer-fuzeres-safranyfu\/#primaryimage"},"thumbnailUrl":"https:\/\/tajkertesz.com\/wp-content\/uploads\/2025\/08\/20250807_151745-scaled.jpg","datePublished":"2025-08-07T14:28:22+00:00","dateModified":"2026-02-13T15:43:00+00:00","description":"Crocosmia 'Lucifer' - F\u00fcz\u00e9res s\u00e1fr\u00e1nyf\u0171 l\u00e1ngv\u00f6r\u00f6s vir\u00e1g\u00fa \u00e9vel\u0151, napos helyre ide\u00e1lis. Hossz\u00fa vir\u00e1gz\u00e1si idej\u00e9vel a ny\u00e1ri kertek d\u00edsze.","breadcrumb":{"@id":"https:\/\/tajkertesz.com\/termek\/crocosmia-lucifer-fuzeres-safranyfu\/#breadcrumb"},"inLanguage":"en-US","potentialAction":[{"@type":"ReadAction","target":["https:\/\/tajkertesz.com\/termek\/crocosmia-lucifer-fuzeres-safranyfu\/"]}]},{"@type":"ImageObject","inLanguage":"en-US","@id":"https:\/\/tajkertesz.com\/termek\/crocosmia-lucifer-fuzeres-safranyfu\/#primaryimage","url":"https:\/\/tajkertesz.com\/wp-content\/uploads\/2025\/08\/20250807_151745-scaled.jpg","contentUrl":"https:\/\/tajkertesz.com\/wp-content\/uploads\/2025\/08\/20250807_151745-scaled.jpg","width":1920,"height":2560,"caption":"Crocosmia 'Lucifer' - F\u00fcz\u00e9res s\u00e1fr\u00e1nyf\u0171"},{"@type":"BreadcrumbList","@id":"https:\/\/tajkertesz.com\/termek\/crocosmia-lucifer-fuzeres-safranyfu\/#breadcrumb","itemListElement":[{"@type":"ListItem","position":1,"name":"Home","item":"https:\/\/tajkertesz.com\/"},{"@type":"ListItem","position":2,"name":"Kezd\u0151lap","item":"https:\/\/tajkertesz.com\/"},{"@type":"ListItem","position":3,"name":"Crocosmia &#8216;Lucifer&#8217; &#8211; F\u00fcz\u00e9res s\u00e1fr\u00e1nyf\u0171"}]},{"@type":"WebSite","@id":"https:\/\/tajkertesz.com\/#website","url":"https:\/\/tajkertesz.com\/","name":"T\u00e1j-Kert\u00e9sz 84 Kft.","description":"Kert\u00e9szeti kis- \u00e9s nagykeresked\u00e9s, D\u00edszn\u00f6v\u00e9ny web\u00e1ruh\u00e1z orsz\u00e1gos h\u00e1zhozsz\u00e1ll\u00edt\u00e1ssal!","publisher":{"@id":"https:\/\/tajkertesz.com\/#organization"},"potentialAction":[{"@type":"SearchAction","target":{"@type":"EntryPoint","urlTemplate":"https:\/\/tajkertesz.com\/?s={search_term_string}"},"query-input":{"@type":"PropertyValueSpecification","valueRequired":true,"valueName":"search_term_string"}}],"inLanguage":"en-US"},{"@type":"Organization","@id":"https:\/\/tajkertesz.com\/#organization","name":"T\u00e1j-Kert\u00e9sz 84 Kft.","url":"https:\/\/tajkertesz.com\/","logo":{"@type":"ImageObject","inLanguage":"en-US","@id":"https:\/\/tajkertesz.com\/#\/schema\/logo\/image\/","url":"https:\/\/tajkertesz.com\/wp-content\/uploads\/2018\/02\/logo-2-e1518678052539.png","contentUrl":"https:\/\/tajkertesz.com\/wp-content\/uploads\/2018\/02\/logo-2-e1518678052539.png","width":81,"height":140,"caption":"T\u00e1j-Kert\u00e9sz 84 Kft."},"image":{"@id":"https:\/\/tajkertesz.com\/#\/schema\/logo\/image\/"},"sameAs":["https:\/\/www.facebook.com\/Tajkertesz\/"]}]}},"_links":{"self":[{"href":"https:\/\/tajkertesz.com\/en_US\/wp-json\/wp\/v2\/product\/24169","targetHints":{"allow":["GET"]}}],"collection":[{"href":"https:\/\/tajkertesz.com\/en_US\/wp-json\/wp\/v2\/product"}],"about":[{"href":"https:\/\/tajkertesz.com\/en_US\/wp-json\/wp\/v2\/types\/product"}],"wp:featuredmedia":[{"embeddable":true,"href":"https:\/\/tajkertesz.com\/en_US\/wp-json\/wp\/v2\/media\/24171"}],"wp:attachment":[{"href":"https:\/\/tajkertesz.com\/en_US\/wp-json\/wp\/v2\/media?parent=24169"}],"wp:term":[{"taxonomy":"product_brand","embeddable":true,"href":"https:\/\/tajkertesz.com\/en_US\/wp-json\/wp\/v2\/product_brand?post=24169"},{"taxonomy":"product_cat","embeddable":true,"href":"https:\/\/tajkertesz.com\/en_US\/wp-json\/wp\/v2\/product_cat?post=24169"},{"taxonomy":"product_tag","embeddable":true,"href":"https:\/\/tajkertesz.com\/en_US\/wp-json\/wp\/v2\/product_tag?post=24169"}],"curies":[{"name":"wp","href":"https:\/\/api.w.org\/{rel}","templated":true}]}}