{"id":2420,"date":"2020-10-30T07:53:27","date_gmt":"2020-10-30T07:53:27","guid":{"rendered":"https:\/\/tajkertesz.com\/?post_type=product&#038;p=2420"},"modified":"2026-04-28T09:55:30","modified_gmt":"2026-04-28T09:55:30","slug":"szabadgyokeru-szolo-oltvanyok-csabagyongye","status":"publish","type":"product","link":"https:\/\/tajkertesz.com\/en_US\/product\/szabadgyokeru-szolo-oltvanyok-csabagyongye\/","title":{"rendered":"Szabadgy\u00f6ker\u0171 sz\u0151l\u0151 oltv\u00e1nyok Csabagy\u00f6ngye"},"content":{"rendered":"<h1>Szabadgy\u00f6ker\u0171 sz\u0151l\u0151 oltv\u00e1nyok Csabagy\u00f6ngye<\/h1>\n<p>A szabadgy\u00f6ker\u0171 sz\u0151l\u0151 oltv\u00e1nyok k\u00f6z\u00fcl a\u00a0 Csabagy\u00f6ngye csemegesz\u0151l\u0151 kor\u00e1n \u00e9rik, gyakran m\u00e1r j\u00falius k\u00f6zep\u00e9t\u0151l-v\u00e9g\u00e9t\u0151l fogyaszthat\u00f3.<\/p>\n<h2>A Csabagy\u00f6ngye csemegesz\u0151l\u0151 jellemz\u0151i<\/h2>\n<p>F\u00fcrtjeinek nagys\u00e1ga (130 g.) \u00e9s term\u0151k\u00e9pess\u00e9ge k\u00f6zepes, de sok m\u00e1sodterm\u00e9st nevel; bogy\u00f3i k\u00f6z\u00e9pnagyok, g\u00f6mb\u00f6ly\u0171ek, v\u00e9kony h\u00e9j\u00faak, enyh\u00e9n muskot\u00e1lyos zamat\u00faak.<\/p>\n<p>Gyors sz\u00fcretel\u00e9st ig\u00e9nyel, mert a madarak \u00e9s a darazsak hamar megd\u00e9zsm\u00e1lj\u00e1k. Es\u0151s id\u0151ben rothad\u00e1sra hajlamos. Fagyt\u0171r\u00e9se az \u00e1tlagosn\u00e1l jobb.<\/p>\n<p>Jelen term\u00e9k\u00fcnk szabadgy\u00f6ker\u0171 kiszerel\u00e9s\u0171 , \u00edgy a n\u00f6v\u00e9nyt nedvesen tart\u00f3 k\u00f6zeggel k\u00fcldj\u00fck , \u00e9s javasoljuk mihamarabbi el\u00fcltet\u00e9s\u00e9t.<\/p>\n<p>Az \u00fcltet\u00e9shez haszn\u00e1ljon marhatr\u00e1gy\u00e1t, vagy\u00a0 Agrecol t\u00e1pot.<\/p>\n<p>A telep\u00edt\u00e9shez optim\u00e1lis id\u0151pont is okt\u00f3ber 20. ut\u00e1n kezd\u0151dik, \u00e9s tart eg\u00e9szen addig, am\u00edg a talaj \u00e1t nem fagy, \u00edgy ak\u00e1r -enyhe id\u0151 eset\u00e9n- decemberben is \u00fcltethet.<\/p>\n<p>Teh\u00e1t \u00d6n nem marad le semmir\u0151l, s\u0151t a legjobb id\u0151pontban tudja el\u00fcltetni a nyugalmi \u00e1llapotban l\u00e9v\u0151 gy\u00fcm\u00f6lcsterm\u0151ket, \u00edgy biztos\u00edtva a legjobb ered\u00e9st.<\/p>\n<h3>Szabadgy\u00f6ker\u0171 sz\u0151l\u0151 oltv\u00e1nyok gondoz\u00e1sa<\/h3>\n<ul>\n<li><strong>Talaj<\/strong>: A\u00a0j\u00f3 v\u00edzelvezet\u00e9s\u0171, t\u00e1panyagban gazdag talajt kedveli. \u00dcltet\u00e9s el\u0151tt \u00e9rdemes a talajt komposzttal vagy szerves tr\u00e1gy\u00e1val jav\u00edtani.<\/li>\n<li><strong>Hely<\/strong>: Napf\u00e9nyes, meleg helyre \u00fcltess\u00fck, ahol a n\u00f6v\u00e9ny elegend\u0151 f\u00e9nyt kap a fotoszint\u00e9zishez \u00e9s a bogy\u00f3k \u00e9r\u00e9s\u00e9hez.<\/li>\n<li><strong>\u00d6nt\u00f6z\u00e9s<\/strong>: A sz\u0151l\u0151nek k\u00fcl\u00f6n\u00f6sen a n\u00f6veked\u00e9si id\u0151szakban van sz\u00fcks\u00e9ge rendszeres \u00f6nt\u00f6z\u00e9sre. a talajlegyen\u00a0 mindig enyh\u00e9n nedves, de ne \u00e1lljon meg a v\u00edz.<\/li>\n<li><strong>T\u00e9li metsz\u00e9s<\/strong>: A sz\u0151l\u0151t t\u00e9len, nyugalmi \u00e1llapotban kell metszeni.<\/li>\n<li><strong>Z\u00f6ldmunk\u00e1k<\/strong>: Ny\u00e1ron v\u00e9gezz\u00fck el a z\u00f6ldmunk\u00e1kat, mint a hajt\u00e1sv\u00e1logat\u00e1s, csonk\u00e1z\u00e1s \u00e9s a f\u00fcrtritk\u00edt\u00e1s, hogy a n\u00f6v\u00e9ny energi\u00e1j\u00e1t a legjobb min\u0151s\u00e9g\u0171 f\u00fcrt\u00f6k \u00e9rlel\u00e9s\u00e9re ford\u00edthassa.<\/li>\n<li><strong>Tr\u00e1gy\u00e1z\u00e1s<\/strong>: Tavasszal \u00e9s \u0151sszel \u00e9rdemes szerves tr\u00e1gy\u00e1t vagy komposztot kijuttatni a n\u00f6v\u00e9ny k\u00f6r\u00e9. A veget\u00e1ci\u00f3s id\u0151szakban nitrog\u00e9nben gazdag m\u0171tr\u00e1gy\u00e1t is haszn\u00e1lhatunk a n\u00f6veked\u00e9s serkent\u00e9s\u00e9re.<\/li>\n<li><strong>Betegs\u00e9gek \u00e9s k\u00e1rtev\u0151k<\/strong>: Ellen\u00e1ll\u00f3 a gomb\u00e1s betegs\u00e9gekkel szemben, de \u00e9rdemes figyelni a lisztharmat \u00e9s a peronoszp\u00f3ra jeleire. Rendszeres permetez\u00e9ssel \u00e9s megfelel\u0151 n\u00f6v\u00e9nyv\u00e9delemmel megel\u0151zhetj\u00fck a fert\u0151z\u00e9seket.<\/li>\n<li><strong>Fagyv\u00e9delem<\/strong>: B\u00e1r a Moldova sz\u0151l\u0151 fagyt\u0171r\u0151, a fiatal n\u00f6v\u00e9nyeket \u00e9rdemes t\u00e9len takar\u00e1ssal v\u00e9deni a hideg ellen.<\/li>\n<\/ul>\n<p>&nbsp;<\/p>\n<p><strong>K\u00e9szlet\u00fcnk napi szinten v\u00e1ltozik, ez\u00e9rt k\u00e9rj\u00fck, \u00e9rdekl\u0151dj\u00f6n szem\u00e9lyesen, telefonon vagy email-en.<br \/>\nA v\u00e1ltoztat\u00e1s jog\u00e1t fenntartjuk!\u00a0<\/strong><\/p>\n<p><a href=\"https:\/\/tajkertesz.com\/\">https:\/\/tajkertesz.com\/<\/a><\/p>\n<p><a href=\"https:\/\/www.facebook.com\/tajkertesz\/\">https:\/\/www.facebook.com\/tajkertesz\/<\/a><\/p>\n<p>Kisz\u00e1ll\u00edt\u00e1s: 200cm-ig \u00a0\u00e9s 40 kg-ig a sz\u00e1ll\u00edt\u00e1s fut\u00e1rszolg\u00e1lattal \u00a0t\u00f6rt\u00e9nik.<\/p>\n<p>Szem\u00e9lyes \u00e1tv\u00e9tel nyitvatart\u00e1si id\u0151ben a 17. ker\u00fclet Bakancsos utca 7. sz\u00e1m alatti Kert\u00e9szeti \u00e1rud\u00e1nkban.<\/p>\n<p>&nbsp;<\/p>","protected":false},"excerpt":{"rendered":"<p>Szabadgy\u00f6ker\u0171 Csabagy\u00f6ngye sz\u0151l\u0151oltv\u00e1ny \u2013 korai \u00e9r\u00e9s\u0171, \u00e9des, ropog\u00f3s feh\u00e9r csemegesz\u0151l\u0151 fajta, h\u00e1zikertbe \u00e9s piaci termeszt\u00e9sre egyar\u00e1nt kiv\u00e1l\u00f3.<\/p>","protected":false},"featured_media":2422,"template":"","meta":{"_et_pb_use_builder":"","_et_pb_old_content":"","_et_gb_content_width":""},"product_brand":[],"product_cat":[7412],"product_tag":[7383,820,7385,7382,7384,834,7376],"class_list":{"0":"post-2420","1":"product","2":"type-product","3":"status-publish","4":"has-post-thumbnail","6":"product_cat-szabadgyokeru-szolok","7":"product_tag-csabagyongye-szolo","8":"product_tag-csemegeszolo","9":"product_tag-feher-szolo","10":"product_tag-korai-szolo","11":"product_tag-magyar-szolo","12":"product_tag-szabadgyokeru-szolo","13":"product_tag-szolooltvany","15":"first","16":"outofstock","17":"shipping-taxable","18":"product-type-simple"},"yoast_head":"<!-- This site is optimized with the Yoast SEO plugin v27.5 - https:\/\/yoast.com\/product\/yoast-seo-wordpress\/ -->\n<title>Szabadgy\u00f6ker\u0171 sz\u0151l\u0151 oltv\u00e1nyok Csabagy\u00f6ngye - T\u00e1jkert\u00e9sz<\/title>\n<meta name=\"description\" content=\"A szabadgy\u00f6ker\u0171 sz\u0151l\u0151 oltv\u00e1nyok k\u00f6z\u00fcl a\u00a0 Csabagy\u00f6ngye csemegesz\u0151l\u0151 kor\u00e1n \u00e9rik, gyakran m\u00e1r j\u00falius k\u00f6zep\u00e9t\u0151l-v\u00e9g\u00e9t\u0151l fogyaszthat\u00f3.\" \/>\n<meta name=\"robots\" content=\"index, follow, max-snippet:-1, max-image-preview:large, max-video-preview:-1\" \/>\n<link rel=\"canonical\" href=\"https:\/\/tajkertesz.com\/en_US\/product\/szabadgyokeru-szolo-oltvanyok-csabagyongye\/\" \/>\n<meta property=\"og:locale\" content=\"en_US\" \/>\n<meta property=\"og:type\" content=\"article\" \/>\n<meta property=\"og:title\" content=\"Szabadgy\u00f6ker\u0171 sz\u0151l\u0151 oltv\u00e1nyok Csabagy\u00f6ngye - T\u00e1jkert\u00e9sz\" \/>\n<meta property=\"og:description\" content=\"A szabadgy\u00f6ker\u0171 sz\u0151l\u0151 oltv\u00e1nyok k\u00f6z\u00fcl a\u00a0 Csabagy\u00f6ngye csemegesz\u0151l\u0151 kor\u00e1n \u00e9rik, gyakran m\u00e1r j\u00falius k\u00f6zep\u00e9t\u0151l-v\u00e9g\u00e9t\u0151l fogyaszthat\u00f3.\" \/>\n<meta property=\"og:url\" content=\"https:\/\/tajkertesz.com\/en_US\/product\/szabadgyokeru-szolo-oltvanyok-csabagyongye\/\" \/>\n<meta property=\"og:site_name\" content=\"T\u00e1jkert\u00e9sz\" \/>\n<meta property=\"article:publisher\" content=\"https:\/\/www.facebook.com\/Tajkertesz\/\" \/>\n<meta property=\"article:modified_time\" content=\"2026-04-28T09:55:30+00:00\" \/>\n<meta property=\"og:image\" content=\"https:\/\/tajkertesz.com\/wp-content\/uploads\/2020\/10\/Csabagyongye.jpg1_.png\" \/>\n\t<meta property=\"og:image:width\" content=\"486\" \/>\n\t<meta property=\"og:image:height\" content=\"463\" \/>\n\t<meta property=\"og:image:type\" content=\"image\/png\" \/>\n<meta name=\"twitter:card\" content=\"summary_large_image\" \/>\n<meta name=\"twitter:label1\" content=\"Est. reading time\" \/>\n\t<meta name=\"twitter:data1\" content=\"3 minutes\" \/>\n<script type=\"application\/ld+json\" class=\"yoast-schema-graph\">{\"@context\":\"https:\\\/\\\/schema.org\",\"@graph\":[{\"@type\":\"WebPage\",\"@id\":\"https:\\\/\\\/tajkertesz.com\\\/termek\\\/szabadgyokeru-szolo-oltvanyok-csabagyongye\\\/\",\"url\":\"https:\\\/\\\/tajkertesz.com\\\/termek\\\/szabadgyokeru-szolo-oltvanyok-csabagyongye\\\/\",\"name\":\"Szabadgy\u00f6ker\u0171 sz\u0151l\u0151 oltv\u00e1nyok Csabagy\u00f6ngye - T\u00e1jkert\u00e9sz\",\"isPartOf\":{\"@id\":\"https:\\\/\\\/tajkertesz.com\\\/#website\"},\"primaryImageOfPage\":{\"@id\":\"https:\\\/\\\/tajkertesz.com\\\/termek\\\/szabadgyokeru-szolo-oltvanyok-csabagyongye\\\/#primaryimage\"},\"image\":{\"@id\":\"https:\\\/\\\/tajkertesz.com\\\/termek\\\/szabadgyokeru-szolo-oltvanyok-csabagyongye\\\/#primaryimage\"},\"thumbnailUrl\":\"https:\\\/\\\/tajkertesz.com\\\/wp-content\\\/uploads\\\/2020\\\/10\\\/Csabagyongye.jpg1_.png\",\"datePublished\":\"2020-10-30T07:53:27+00:00\",\"dateModified\":\"2026-04-28T09:55:30+00:00\",\"description\":\"A szabadgy\u00f6ker\u0171 sz\u0151l\u0151 oltv\u00e1nyok k\u00f6z\u00fcl a\u00a0 Csabagy\u00f6ngye csemegesz\u0151l\u0151 kor\u00e1n \u00e9rik, gyakran m\u00e1r j\u00falius k\u00f6zep\u00e9t\u0151l-v\u00e9g\u00e9t\u0151l fogyaszthat\u00f3.\",\"breadcrumb\":{\"@id\":\"https:\\\/\\\/tajkertesz.com\\\/termek\\\/szabadgyokeru-szolo-oltvanyok-csabagyongye\\\/#breadcrumb\"},\"inLanguage\":\"en-US\",\"potentialAction\":[{\"@type\":\"ReadAction\",\"target\":[\"https:\\\/\\\/tajkertesz.com\\\/termek\\\/szabadgyokeru-szolo-oltvanyok-csabagyongye\\\/\"]}]},{\"@type\":\"ImageObject\",\"inLanguage\":\"en-US\",\"@id\":\"https:\\\/\\\/tajkertesz.com\\\/termek\\\/szabadgyokeru-szolo-oltvanyok-csabagyongye\\\/#primaryimage\",\"url\":\"https:\\\/\\\/tajkertesz.com\\\/wp-content\\\/uploads\\\/2020\\\/10\\\/Csabagyongye.jpg1_.png\",\"contentUrl\":\"https:\\\/\\\/tajkertesz.com\\\/wp-content\\\/uploads\\\/2020\\\/10\\\/Csabagyongye.jpg1_.png\",\"width\":486,\"height\":463,\"caption\":\"Szabadgy\u00f6ker\u0171 sz\u0151l\u0151 oltv\u00e1nyok Csabagy\u00f6ngye\"},{\"@type\":\"BreadcrumbList\",\"@id\":\"https:\\\/\\\/tajkertesz.com\\\/termek\\\/szabadgyokeru-szolo-oltvanyok-csabagyongye\\\/#breadcrumb\",\"itemListElement\":[{\"@type\":\"ListItem\",\"position\":1,\"name\":\"Home\",\"item\":\"https:\\\/\\\/tajkertesz.com\\\/\"},{\"@type\":\"ListItem\",\"position\":2,\"name\":\"Kezd\u0151lap\",\"item\":\"https:\\\/\\\/tajkertesz.com\\\/\"},{\"@type\":\"ListItem\",\"position\":3,\"name\":\"Szabadgy\u00f6ker\u0171 sz\u0151l\u0151 oltv\u00e1nyok Csabagy\u00f6ngye\"}]},{\"@type\":\"WebSite\",\"@id\":\"https:\\\/\\\/tajkertesz.com\\\/#website\",\"url\":\"https:\\\/\\\/tajkertesz.com\\\/\",\"name\":\"T\u00e1j-Kert\u00e9sz 84 Kft.\",\"description\":\"Kert\u00e9szeti kis- \u00e9s nagykeresked\u00e9s, D\u00edszn\u00f6v\u00e9ny web\u00e1ruh\u00e1z orsz\u00e1gos h\u00e1zhozsz\u00e1ll\u00edt\u00e1ssal!\",\"publisher\":{\"@id\":\"https:\\\/\\\/tajkertesz.com\\\/#organization\"},\"potentialAction\":[{\"@type\":\"SearchAction\",\"target\":{\"@type\":\"EntryPoint\",\"urlTemplate\":\"https:\\\/\\\/tajkertesz.com\\\/?s={search_term_string}\"},\"query-input\":{\"@type\":\"PropertyValueSpecification\",\"valueRequired\":true,\"valueName\":\"search_term_string\"}}],\"inLanguage\":\"en-US\"},{\"@type\":\"Organization\",\"@id\":\"https:\\\/\\\/tajkertesz.com\\\/#organization\",\"name\":\"T\u00e1j-Kert\u00e9sz 84 Kft.\",\"url\":\"https:\\\/\\\/tajkertesz.com\\\/\",\"logo\":{\"@type\":\"ImageObject\",\"inLanguage\":\"en-US\",\"@id\":\"https:\\\/\\\/tajkertesz.com\\\/#\\\/schema\\\/logo\\\/image\\\/\",\"url\":\"https:\\\/\\\/tajkertesz.com\\\/wp-content\\\/uploads\\\/2018\\\/02\\\/logo-2-e1518678052539.png\",\"contentUrl\":\"https:\\\/\\\/tajkertesz.com\\\/wp-content\\\/uploads\\\/2018\\\/02\\\/logo-2-e1518678052539.png\",\"width\":81,\"height\":140,\"caption\":\"T\u00e1j-Kert\u00e9sz 84 Kft.\"},\"image\":{\"@id\":\"https:\\\/\\\/tajkertesz.com\\\/#\\\/schema\\\/logo\\\/image\\\/\"},\"sameAs\":[\"https:\\\/\\\/www.facebook.com\\\/Tajkertesz\\\/\"]}]}<\/script>\n<!-- \/ Yoast SEO plugin. -->","yoast_head_json":{"title":"Szabadgy\u00f6ker\u0171 sz\u0151l\u0151 oltv\u00e1nyok Csabagy\u00f6ngye - T\u00e1jkert\u00e9sz","description":"A szabadgy\u00f6ker\u0171 sz\u0151l\u0151 oltv\u00e1nyok k\u00f6z\u00fcl a\u00a0 Csabagy\u00f6ngye csemegesz\u0151l\u0151 kor\u00e1n \u00e9rik, gyakran m\u00e1r j\u00falius k\u00f6zep\u00e9t\u0151l-v\u00e9g\u00e9t\u0151l fogyaszthat\u00f3.","robots":{"index":"index","follow":"follow","max-snippet":"max-snippet:-1","max-image-preview":"max-image-preview:large","max-video-preview":"max-video-preview:-1"},"canonical":"https:\/\/tajkertesz.com\/en_US\/product\/szabadgyokeru-szolo-oltvanyok-csabagyongye\/","og_locale":"en_US","og_type":"article","og_title":"Szabadgy\u00f6ker\u0171 sz\u0151l\u0151 oltv\u00e1nyok Csabagy\u00f6ngye - T\u00e1jkert\u00e9sz","og_description":"A szabadgy\u00f6ker\u0171 sz\u0151l\u0151 oltv\u00e1nyok k\u00f6z\u00fcl a\u00a0 Csabagy\u00f6ngye csemegesz\u0151l\u0151 kor\u00e1n \u00e9rik, gyakran m\u00e1r j\u00falius k\u00f6zep\u00e9t\u0151l-v\u00e9g\u00e9t\u0151l fogyaszthat\u00f3.","og_url":"https:\/\/tajkertesz.com\/en_US\/product\/szabadgyokeru-szolo-oltvanyok-csabagyongye\/","og_site_name":"T\u00e1jkert\u00e9sz","article_publisher":"https:\/\/www.facebook.com\/Tajkertesz\/","article_modified_time":"2026-04-28T09:55:30+00:00","og_image":[{"width":486,"height":463,"url":"https:\/\/tajkertesz.com\/wp-content\/uploads\/2020\/10\/Csabagyongye.jpg1_.png","type":"image\/png"}],"twitter_card":"summary_large_image","twitter_misc":{"Est. reading time":"3 minutes"},"schema":{"@context":"https:\/\/schema.org","@graph":[{"@type":"WebPage","@id":"https:\/\/tajkertesz.com\/termek\/szabadgyokeru-szolo-oltvanyok-csabagyongye\/","url":"https:\/\/tajkertesz.com\/termek\/szabadgyokeru-szolo-oltvanyok-csabagyongye\/","name":"Szabadgy\u00f6ker\u0171 sz\u0151l\u0151 oltv\u00e1nyok Csabagy\u00f6ngye - T\u00e1jkert\u00e9sz","isPartOf":{"@id":"https:\/\/tajkertesz.com\/#website"},"primaryImageOfPage":{"@id":"https:\/\/tajkertesz.com\/termek\/szabadgyokeru-szolo-oltvanyok-csabagyongye\/#primaryimage"},"image":{"@id":"https:\/\/tajkertesz.com\/termek\/szabadgyokeru-szolo-oltvanyok-csabagyongye\/#primaryimage"},"thumbnailUrl":"https:\/\/tajkertesz.com\/wp-content\/uploads\/2020\/10\/Csabagyongye.jpg1_.png","datePublished":"2020-10-30T07:53:27+00:00","dateModified":"2026-04-28T09:55:30+00:00","description":"A szabadgy\u00f6ker\u0171 sz\u0151l\u0151 oltv\u00e1nyok k\u00f6z\u00fcl a\u00a0 Csabagy\u00f6ngye csemegesz\u0151l\u0151 kor\u00e1n \u00e9rik, gyakran m\u00e1r j\u00falius k\u00f6zep\u00e9t\u0151l-v\u00e9g\u00e9t\u0151l fogyaszthat\u00f3.","breadcrumb":{"@id":"https:\/\/tajkertesz.com\/termek\/szabadgyokeru-szolo-oltvanyok-csabagyongye\/#breadcrumb"},"inLanguage":"en-US","potentialAction":[{"@type":"ReadAction","target":["https:\/\/tajkertesz.com\/termek\/szabadgyokeru-szolo-oltvanyok-csabagyongye\/"]}]},{"@type":"ImageObject","inLanguage":"en-US","@id":"https:\/\/tajkertesz.com\/termek\/szabadgyokeru-szolo-oltvanyok-csabagyongye\/#primaryimage","url":"https:\/\/tajkertesz.com\/wp-content\/uploads\/2020\/10\/Csabagyongye.jpg1_.png","contentUrl":"https:\/\/tajkertesz.com\/wp-content\/uploads\/2020\/10\/Csabagyongye.jpg1_.png","width":486,"height":463,"caption":"Szabadgy\u00f6ker\u0171 sz\u0151l\u0151 oltv\u00e1nyok Csabagy\u00f6ngye"},{"@type":"BreadcrumbList","@id":"https:\/\/tajkertesz.com\/termek\/szabadgyokeru-szolo-oltvanyok-csabagyongye\/#breadcrumb","itemListElement":[{"@type":"ListItem","position":1,"name":"Home","item":"https:\/\/tajkertesz.com\/"},{"@type":"ListItem","position":2,"name":"Kezd\u0151lap","item":"https:\/\/tajkertesz.com\/"},{"@type":"ListItem","position":3,"name":"Szabadgy\u00f6ker\u0171 sz\u0151l\u0151 oltv\u00e1nyok Csabagy\u00f6ngye"}]},{"@type":"WebSite","@id":"https:\/\/tajkertesz.com\/#website","url":"https:\/\/tajkertesz.com\/","name":"T\u00e1j-Kert\u00e9sz 84 Kft.","description":"Kert\u00e9szeti kis- \u00e9s nagykeresked\u00e9s, D\u00edszn\u00f6v\u00e9ny web\u00e1ruh\u00e1z orsz\u00e1gos h\u00e1zhozsz\u00e1ll\u00edt\u00e1ssal!","publisher":{"@id":"https:\/\/tajkertesz.com\/#organization"},"potentialAction":[{"@type":"SearchAction","target":{"@type":"EntryPoint","urlTemplate":"https:\/\/tajkertesz.com\/?s={search_term_string}"},"query-input":{"@type":"PropertyValueSpecification","valueRequired":true,"valueName":"search_term_string"}}],"inLanguage":"en-US"},{"@type":"Organization","@id":"https:\/\/tajkertesz.com\/#organization","name":"T\u00e1j-Kert\u00e9sz 84 Kft.","url":"https:\/\/tajkertesz.com\/","logo":{"@type":"ImageObject","inLanguage":"en-US","@id":"https:\/\/tajkertesz.com\/#\/schema\/logo\/image\/","url":"https:\/\/tajkertesz.com\/wp-content\/uploads\/2018\/02\/logo-2-e1518678052539.png","contentUrl":"https:\/\/tajkertesz.com\/wp-content\/uploads\/2018\/02\/logo-2-e1518678052539.png","width":81,"height":140,"caption":"T\u00e1j-Kert\u00e9sz 84 Kft."},"image":{"@id":"https:\/\/tajkertesz.com\/#\/schema\/logo\/image\/"},"sameAs":["https:\/\/www.facebook.com\/Tajkertesz\/"]}]}},"_links":{"self":[{"href":"https:\/\/tajkertesz.com\/en_US\/wp-json\/wp\/v2\/product\/2420","targetHints":{"allow":["GET"]}}],"collection":[{"href":"https:\/\/tajkertesz.com\/en_US\/wp-json\/wp\/v2\/product"}],"about":[{"href":"https:\/\/tajkertesz.com\/en_US\/wp-json\/wp\/v2\/types\/product"}],"wp:featuredmedia":[{"embeddable":true,"href":"https:\/\/tajkertesz.com\/en_US\/wp-json\/wp\/v2\/media\/2422"}],"wp:attachment":[{"href":"https:\/\/tajkertesz.com\/en_US\/wp-json\/wp\/v2\/media?parent=2420"}],"wp:term":[{"taxonomy":"product_brand","embeddable":true,"href":"https:\/\/tajkertesz.com\/en_US\/wp-json\/wp\/v2\/product_brand?post=2420"},{"taxonomy":"product_cat","embeddable":true,"href":"https:\/\/tajkertesz.com\/en_US\/wp-json\/wp\/v2\/product_cat?post=2420"},{"taxonomy":"product_tag","embeddable":true,"href":"https:\/\/tajkertesz.com\/en_US\/wp-json\/wp\/v2\/product_tag?post=2420"}],"curies":[{"name":"wp","href":"https:\/\/api.w.org\/{rel}","templated":true}]}}