{"id":24250,"date":"2025-08-15T08:01:32","date_gmt":"2025-08-15T08:01:32","guid":{"rendered":"https:\/\/tajkertesz.com\/?post_type=product&#038;p=24250"},"modified":"2026-02-24T13:28:46","modified_gmt":"2026-02-24T13:28:46","slug":"juniperus-moonglow-ezustos-oszlopos-boroka","status":"publish","type":"product","link":"https:\/\/tajkertesz.com\/en_US\/product\/juniperus-moonglow-ezustos-oszlopos-boroka\/","title":{"rendered":"Juniperus &#8216;Moonglow&#8217; \u2013 Ez\u00fcst\u00f6s oszlopos bor\u00f3ka"},"content":{"rendered":"<h1 data-start=\"627\" data-end=\"926\">Juniperus &#8216;Moonglow&#8217; \u2013 Ez\u00fcst\u00f6s oszlopos bor\u00f3ka<\/h1>\n<p data-start=\"627\" data-end=\"926\">\n<p data-start=\"627\" data-end=\"926\">Az Juniperus &#8216;Moonglow&#8217; \u2013 Ez\u00fcst\u00f6s oszlopos bor\u00f3ka\u00a0rendk\u00edv\u00fcl l\u00e1tv\u00e1nyos \u00f6r\u00f6kz\u00f6ld n\u00f6v\u00e9ny, amelyet f\u0151k\u00e9nt szoliterk\u00e9nt, s\u00f6v\u00e9nyk\u00e9nt vagy d\u00edsz\u00e1gy\u00e1sok h\u00e1tt\u00e9relemek\u00e9nt haszn\u00e1lnak. Nev\u00e9t a k\u00fcl\u00f6nleges, ez\u00fcst\u00f6s-k\u00e9k lombsz\u00edn\u00e9r\u0151l kapta, amely eg\u00e9sz \u00e9vben megmarad, \u00edgy t\u00e9len is d\u00edsz\u00edt.<\/p>\n<h2 data-start=\"627\" data-end=\"926\">Juniperus &#8216;Moonglow&#8217; jellemz\u0151i:<\/h2>\n<p data-start=\"928\" data-end=\"1082\">Ez a fajta oszlopos bor\u00f3ka <strong data-start=\"955\" data-end=\"967\">sz\u00e9lt\u0171r\u0151<\/strong>, <strong data-start=\"969\" data-end=\"981\">fagyt\u0171r\u0151<\/strong>, sz\u00e1razs\u00e1gt\u0171r\u0151, \u00e9s rendk\u00edv\u00fcl kev\u00e9s gondoz\u00e1st ig\u00e9nyel, ez\u00e9rt ide\u00e1lis v\u00e1laszt\u00e1s kezd\u0151 kert\u00e9szeknek is.<\/p>\n<ul data-start=\"1104\" data-end=\"1469\">\n<li data-start=\"1104\" data-end=\"1152\">\n<p data-start=\"1106\" data-end=\"1152\"><strong data-start=\"1106\" data-end=\"1120\">Latin n\u00e9v:<\/strong> Juniperus scopulorum &#8216;Moonglow&#8217;<\/p>\n<\/li>\n<li data-start=\"1153\" data-end=\"1178\">\n<p data-start=\"1155\" data-end=\"1178\"><strong data-start=\"1155\" data-end=\"1168\">Magass\u00e1g:<\/strong> 3\u20135 m\u00e9ter<\/p>\n<\/li>\n<li data-start=\"1179\" data-end=\"1229\">\n<p data-start=\"1181\" data-end=\"1229\"><strong data-start=\"1181\" data-end=\"1202\">N\u00f6veked\u00e9si forma:<\/strong> Oszlopos, s\u0171r\u0171 \u00e1grendszer\u0171<\/p>\n<\/li>\n<li data-start=\"1230\" data-end=\"1267\">\n<p data-start=\"1232\" data-end=\"1267\"><strong data-start=\"1232\" data-end=\"1245\">Lombsz\u00edn:<\/strong> Ez\u00fcst\u00f6s-k\u00e9k, \u00f6r\u00f6kz\u00f6ld<\/p>\n<\/li>\n<li data-start=\"1268\" data-end=\"1304\">\n<p data-start=\"1270\" data-end=\"1304\"><strong data-start=\"1270\" data-end=\"1284\">F\u00e9nyig\u00e9ny:<\/strong> Napos helyet kedvel<\/p>\n<\/li>\n<li data-start=\"1305\" data-end=\"1372\">\n<p data-start=\"1307\" data-end=\"1372\"><strong data-start=\"1307\" data-end=\"1322\">Talajig\u00e9ny:<\/strong> J\u00f3 v\u00edz\u00e1tereszt\u0151, semleges vagy enyh\u00e9n savas talaj<\/p>\n<\/li>\n<li data-start=\"1373\" data-end=\"1432\">\n<p data-start=\"1375\" data-end=\"1432\"><strong data-start=\"1375\" data-end=\"1392\">Felhaszn\u00e1l\u00e1s:<\/strong> Szoliter, s\u00f6v\u00e9ny, sziklakert, d\u00edsz\u00e1gy\u00e1s<\/p>\n<\/li>\n<li data-start=\"1433\" data-end=\"1469\">\n<p data-start=\"1435\" data-end=\"1469\"><strong data-start=\"1435\" data-end=\"1450\">T\u00e9l\u00e1ll\u00f3s\u00e1g:<\/strong> -25 \u00b0C-ig fagyt\u0171r\u0151<\/p>\n<\/li>\n<\/ul>\n<h4><strong>\ud83d\udd04 K\u00e9szletinform\u00e1ci\u00f3<\/strong><\/h4>\n<p><strong>K\u00e9szlet\u00fcnk napi szinten v\u00e1ltozik, \u00edgy a webshopban szerepl<\/strong><strong>\u0151<\/strong><strong> term\u00e9kek el\u00e9rhet<\/strong><strong>\u0151<\/strong><strong>s\u00e9ge nem garant\u00e1lt.<br \/>\n\ud83d\udcde A megrendel\u00e9s el<\/strong><strong>\u0151<\/strong><strong>tt k\u00e9rj\u00fck, \u00e9rdekl<\/strong><strong>\u0151<\/strong><strong>dj\u00f6n szem\u00e9lyesen, telefonon vagy e-mailben!<\/strong><\/p>\n<h4><strong>\u27a1\ufe0f Kapcsolat:<\/strong><\/h4>\n<ul>\n<li><strong>Weboldal: <\/strong><a href=\"https:\/\/tajkertesz.com\"><strong>tajkertesz.com<\/strong><\/a><\/li>\n<li><strong>Facebook: <\/strong><a href=\"https:\/\/www.facebook.com\/tajkertesz\/\"><strong>facebook.com\/tajkertesz<\/strong><\/a><\/li>\n<li><strong>Telefonsz\u00e1m, e-mail: +36\/20-319-3770 <\/strong><a href=\"mailto:tajkerteszaruda@gmail.com\"><strong>tajkerteszaruda@gmail.com<\/strong><\/a><\/li>\n<\/ul>\n<h5><strong>\ud83d\ude9a Sz\u00e1ll\u00edt\u00e1si inform\u00e1ci\u00f3k<\/strong><\/h5>\n<p><strong>A megrendelt n\u00f6v\u00e9nyek kisz\u00e1ll\u00edt\u00e1sa az al\u00e1bbi felt\u00e9telek mellett t\u00f6rt\u00e9nik:<\/strong><\/p>\n<h4><strong>\ud83d\udce6 Fut\u00e1rszolg\u00e1latos sz\u00e1ll\u00edt\u00e1s<\/strong><\/h4>\n<ul>\n<li><strong>Maxim\u00e1lis m\u00e9ret: 200 cm (hossz\u00fas\u00e1g)<\/strong><\/li>\n<li><strong>Maxim\u00e1lis s\u00faly: 40 kg<\/strong><\/li>\n<li><strong>Az enn\u00e9l kisebb \u00e9s k\u00f6nnyebb csomagokat fut\u00e1rszolg\u00e1lattal k\u00e9zbes\u00edtj\u00fck a lehet<\/strong><strong>\u0151<\/strong><strong> legbiztons\u00e1gosabb csomagol\u00e1sban.<\/strong><\/li>\n<\/ul>\n<h5><strong>\ud83d\udefb Szem\u00e9lyes \u00e1tv\u00e9tel<\/strong><\/h5>\n<ul>\n<li><strong>1173 Budapest, Bakancsos utca 7. sz\u00e1m alatt nyitvatart\u00e1si id<\/strong><strong>\u0151<\/strong><strong>ben szem\u00e9lyesen \u00e1tvehet<\/strong><strong>\u0151<\/strong><strong> kert\u00e9szeti \u00e1rud\u00e1nkban.<\/strong><\/li>\n<li><strong>K\u00f6lts\u00e9ghat\u00e9kony megold\u00e1s nagyobb, t\u00f6r\u00e9kenyebb vagy t\u00falm\u00e9retes n\u00f6v\u00e9nyek eset\u00e9n.<\/strong><\/li>\n<\/ul>\n<h4><strong>\ud83d\udcde Nagy m\u00e9ret<\/strong><strong>\u0171<\/strong><strong> vagy s\u00faly\u00fa n\u00f6v\u00e9nyek eset\u00e9n<\/strong><\/h4>\n<p><strong>Ha a term\u00e9k:<\/strong><\/p>\n<ul>\n<li><strong>meghaladja a 200 cm hossz\u00fas\u00e1got vagy<\/strong><\/li>\n<li><strong>meghaladja a 40 kg s\u00falyt,<\/strong><\/li>\n<\/ul>\n<p><strong>akkor szem\u00e9lyes \u00e1tv\u00e9tellel vagy egyedi, el<\/strong><strong>\u0151<\/strong><strong>re egyeztetett sz\u00e1ll\u00edt\u00e1si felt\u00e9telek mellett t\u00f6rt\u00e9nik.<br \/>\nK\u00e9rj\u00fck, ilyen esetben rendel\u00e9s el<\/strong><strong>\u0151<\/strong><strong>tt vegye fel vel\u00fcnk a kapcsolatot, hogy a lehet<\/strong><strong>\u0151<\/strong><strong> legmegfelel<\/strong><strong>\u0151<\/strong><strong>bb sz\u00e1ll\u00edt\u00e1si megold\u00e1st k\u00edn\u00e1lhassuk.<\/strong><\/p>\n<p><strong>\ud83d\udd14 Fontos: A n\u00f6v\u00e9nyeket minden esetben igyeksz\u00fcnk gondosan, egyes\u00e9vel csomagolni, azonban a sz\u00e1ll\u00edt\u00e1s sor\u00e1n kisebb eszt\u00e9tikai s\u00e9r\u00fcl\u00e9sek el<\/strong><strong>\u0151<\/strong><strong>fordulhatnak (pl. lev\u00e9lhull\u00e1s). Ez nem min<\/strong><strong>\u0151<\/strong><strong>s\u00fcl hib\u00e1s teljes\u00edt\u00e9snek.<\/strong><\/p>\n<h4><strong>\ud83d\udcf7 Fontos tudni a k\u00e9pekr<\/strong><strong>\u0151<\/strong><strong>l<\/strong><\/h4>\n<p><strong>A webshopban szerepl<\/strong><strong>\u0151<\/strong><strong> k\u00e9pek illusztr\u00e1ci\u00f3k, a n\u00f6v\u00e9nyek term\u00e9szet\u00fckn\u00e9l fogva egyediek, \u00edgy m\u00e9retben, alakban \u00e9s sz\u00ednben minim\u00e1lis elt\u00e9r\u00e9sek el<\/strong><strong>\u0151<\/strong><strong>fordulhatnak a k\u00e9pen l\u00e1that\u00f3 \u00e9s a val\u00f3s p\u00e9ld\u00e1nyok k\u00f6z\u00f6tt.<\/strong><\/p>\n<h4><strong>\ud83e\uddfe \u00c1rak \u00e9s el\u00e1ll\u00e1si jog<\/strong><\/h4>\n<ul>\n<li><strong>Az \u00e1rak egy darab\u00a0n\u00f6v\u00e9nyre vonatkoznak.<\/strong><\/li>\n<li><strong>\u00c9l<\/strong><strong>\u0151<\/strong><strong> n\u00f6v\u00e9nyek rendel\u00e9se eset\u00e9n a 14 napos el\u00e1ll\u00e1s joga nem \u00e9rv\u00e9nyes\u00edthet<\/strong><strong>\u0151<\/strong><strong>, mivel azok romland\u00f3, biol\u00f3giailag \u00e9l<\/strong><strong>\u0151<\/strong><strong> term\u00e9keknek min<\/strong><strong>\u0151<\/strong><strong>s\u00fclnek.<br \/>\n\ud83d\udd12 (17\/1999. (II. 5.) Korm. rendelet 5. \u00a7 c) pontja alapj\u00e1n)<\/strong><\/li>\n<\/ul>\n<h4><strong>\ud83d\udce6 K\u00e9zbes\u00edt\u00e9s ut\u00e1ni teend<\/strong><strong>\u0151<\/strong><strong>k<\/strong><\/h4>\n<p><strong>A k\u00e9zbes\u00edt\u00e9st k\u00f6vet<\/strong><strong>\u0151<\/strong><strong>en a csomagot azonnal bontsuk ki, \u00e9s a n\u00f6v\u00e9nyt helyezz\u00fck el megfelel<\/strong><strong>\u0151<\/strong><strong> k\u00f6rnyezetben.<br \/>\nFontos: ha a n\u00f6v\u00e9ny nem r\u00e9szes\u00fcl megfelel<\/strong><strong>\u0151<\/strong><strong> gondoz\u00e1sban \u00e9s ennek k\u00f6vetkezt\u00e9ben k\u00e1rosodik vagy elpusztul, felel<\/strong><strong>\u0151<\/strong><strong>ss\u00e9get nem tudunk v\u00e1llalni.<\/strong><\/p>\n<p><strong>\u00a0<\/strong><\/p>","protected":false},"excerpt":{"rendered":"<p>Dekorat\u00edv, ez\u00fcst\u00f6s lomb\u00fa oszlopos bor\u00f3ka. Alacsony gondoz\u00e1si ig\u00e9ny\u0171, fagyt\u0171r\u0151 \u00e9s eg\u00e9sz \u00e9vben mutat\u00f3s \u00f6r\u00f6kz\u00f6ld.<\/p>\n<p>M\u00e9rete: 2 literes cser\u00e9pben, 40\/50 cm magas.<\/p>","protected":false},"featured_media":24251,"template":"","meta":{"_et_pb_use_builder":"","_et_pb_old_content":"","_et_gb_content_width":""},"product_brand":[],"product_cat":[26],"product_tag":[6395,5996,6392,6394,4473,24,6393,763,59],"class_list":{"0":"post-24250","1":"product","2":"type-product","3":"status-publish","4":"has-post-thumbnail","6":"product_cat-orokzold-novenyek","7":"product_tag-ezustos-lomb","8":"product_tag-fagyturo-noveny","9":"product_tag-juniperus-moonglow","10":"product_tag-kerti-noveny","11":"product_tag-noveny","12":"product_tag-orokzold","13":"product_tag-oszlopos-boroka","14":"product_tag-sovenynoveny","15":"product_tag-szoliter","17":"first","18":"instock","19":"shipping-taxable","20":"purchasable","21":"product-type-simple"},"yoast_head":"<!-- This site is optimized with the Yoast SEO plugin v27.4 - https:\/\/yoast.com\/product\/yoast-seo-wordpress\/ -->\n<title>Juniperus &#039;Moonglow&#039; \u2013 Ez\u00fcst\u00f6s oszlopos bor\u00f3ka - T\u00e1jkert\u00e9sz<\/title>\n<meta name=\"description\" content=\"Fedezd fel a Juniperus &#039;Moonglow&#039; \u2013 Ez\u00fcst\u00f6s oszlopos bor\u00f3ka csod\u00e1s lombj\u00e1t, amely eg\u00e9sz \u00e9vben d\u00edsz\u00edti kerted minim\u00e1lis gondoz\u00e1ssal.\" \/>\n<meta name=\"robots\" content=\"index, follow, max-snippet:-1, max-image-preview:large, max-video-preview:-1\" \/>\n<link rel=\"canonical\" href=\"https:\/\/tajkertesz.com\/en_US\/product\/juniperus-moonglow-ezustos-oszlopos-boroka\/\" \/>\n<meta property=\"og:locale\" content=\"en_US\" \/>\n<meta property=\"og:type\" content=\"article\" \/>\n<meta property=\"og:title\" content=\"Juniperus &#039;Moonglow&#039; \u2013 Ez\u00fcst\u00f6s oszlopos bor\u00f3ka - T\u00e1jkert\u00e9sz\" \/>\n<meta property=\"og:description\" content=\"Fedezd fel a Juniperus &#039;Moonglow&#039; \u2013 Ez\u00fcst\u00f6s oszlopos bor\u00f3ka csod\u00e1s lombj\u00e1t, amely eg\u00e9sz \u00e9vben d\u00edsz\u00edti kerted minim\u00e1lis gondoz\u00e1ssal.\" \/>\n<meta property=\"og:url\" content=\"https:\/\/tajkertesz.com\/en_US\/product\/juniperus-moonglow-ezustos-oszlopos-boroka\/\" \/>\n<meta property=\"og:site_name\" content=\"T\u00e1jkert\u00e9sz\" \/>\n<meta property=\"article:publisher\" content=\"https:\/\/www.facebook.com\/Tajkertesz\/\" \/>\n<meta property=\"article:modified_time\" content=\"2026-02-24T13:28:46+00:00\" \/>\n<meta property=\"og:image\" content=\"https:\/\/tajkertesz.com\/wp-content\/uploads\/2025\/08\/image19-1-rotated-e1755344183929.jpeg\" \/>\n\t<meta property=\"og:image:width\" content=\"692\" \/>\n\t<meta property=\"og:image:height\" content=\"1075\" \/>\n\t<meta property=\"og:image:type\" content=\"image\/jpeg\" \/>\n<meta name=\"twitter:card\" content=\"summary_large_image\" \/>\n<meta name=\"twitter:label1\" content=\"Est. reading time\" \/>\n\t<meta name=\"twitter:data1\" content=\"3 minutes\" \/>\n<script type=\"application\/ld+json\" class=\"yoast-schema-graph\">{\"@context\":\"https:\\\/\\\/schema.org\",\"@graph\":[{\"@type\":\"WebPage\",\"@id\":\"https:\\\/\\\/tajkertesz.com\\\/termek\\\/juniperus-moonglow-ezustos-oszlopos-boroka\\\/\",\"url\":\"https:\\\/\\\/tajkertesz.com\\\/termek\\\/juniperus-moonglow-ezustos-oszlopos-boroka\\\/\",\"name\":\"Juniperus 'Moonglow' \u2013 Ez\u00fcst\u00f6s oszlopos bor\u00f3ka - T\u00e1jkert\u00e9sz\",\"isPartOf\":{\"@id\":\"https:\\\/\\\/tajkertesz.com\\\/#website\"},\"primaryImageOfPage\":{\"@id\":\"https:\\\/\\\/tajkertesz.com\\\/termek\\\/juniperus-moonglow-ezustos-oszlopos-boroka\\\/#primaryimage\"},\"image\":{\"@id\":\"https:\\\/\\\/tajkertesz.com\\\/termek\\\/juniperus-moonglow-ezustos-oszlopos-boroka\\\/#primaryimage\"},\"thumbnailUrl\":\"https:\\\/\\\/tajkertesz.com\\\/wp-content\\\/uploads\\\/2025\\\/08\\\/image19-1-rotated-e1755344183929.jpeg\",\"datePublished\":\"2025-08-15T08:01:32+00:00\",\"dateModified\":\"2026-02-24T13:28:46+00:00\",\"description\":\"Fedezd fel a Juniperus 'Moonglow' \u2013 Ez\u00fcst\u00f6s oszlopos bor\u00f3ka csod\u00e1s lombj\u00e1t, amely eg\u00e9sz \u00e9vben d\u00edsz\u00edti kerted minim\u00e1lis gondoz\u00e1ssal.\",\"breadcrumb\":{\"@id\":\"https:\\\/\\\/tajkertesz.com\\\/termek\\\/juniperus-moonglow-ezustos-oszlopos-boroka\\\/#breadcrumb\"},\"inLanguage\":\"en-US\",\"potentialAction\":[{\"@type\":\"ReadAction\",\"target\":[\"https:\\\/\\\/tajkertesz.com\\\/termek\\\/juniperus-moonglow-ezustos-oszlopos-boroka\\\/\"]}]},{\"@type\":\"ImageObject\",\"inLanguage\":\"en-US\",\"@id\":\"https:\\\/\\\/tajkertesz.com\\\/termek\\\/juniperus-moonglow-ezustos-oszlopos-boroka\\\/#primaryimage\",\"url\":\"https:\\\/\\\/tajkertesz.com\\\/wp-content\\\/uploads\\\/2025\\\/08\\\/image19-1-rotated-e1755344183929.jpeg\",\"contentUrl\":\"https:\\\/\\\/tajkertesz.com\\\/wp-content\\\/uploads\\\/2025\\\/08\\\/image19-1-rotated-e1755344183929.jpeg\",\"width\":692,\"height\":1075,\"caption\":\"Juniperus 'Moonglow' \u2013 Ez\u00fcst\u00f6s oszlopos bor\u00f3ka\"},{\"@type\":\"BreadcrumbList\",\"@id\":\"https:\\\/\\\/tajkertesz.com\\\/termek\\\/juniperus-moonglow-ezustos-oszlopos-boroka\\\/#breadcrumb\",\"itemListElement\":[{\"@type\":\"ListItem\",\"position\":1,\"name\":\"Home\",\"item\":\"https:\\\/\\\/tajkertesz.com\\\/\"},{\"@type\":\"ListItem\",\"position\":2,\"name\":\"Kezd\u0151lap\",\"item\":\"https:\\\/\\\/tajkertesz.com\\\/\"},{\"@type\":\"ListItem\",\"position\":3,\"name\":\"Juniperus &#8216;Moonglow&#8217; \u2013 Ez\u00fcst\u00f6s oszlopos bor\u00f3ka\"}]},{\"@type\":\"WebSite\",\"@id\":\"https:\\\/\\\/tajkertesz.com\\\/#website\",\"url\":\"https:\\\/\\\/tajkertesz.com\\\/\",\"name\":\"T\u00e1j-Kert\u00e9sz 84 Kft.\",\"description\":\"Kert\u00e9szeti kis- \u00e9s nagykeresked\u00e9s, D\u00edszn\u00f6v\u00e9ny web\u00e1ruh\u00e1z orsz\u00e1gos h\u00e1zhozsz\u00e1ll\u00edt\u00e1ssal!\",\"publisher\":{\"@id\":\"https:\\\/\\\/tajkertesz.com\\\/#organization\"},\"potentialAction\":[{\"@type\":\"SearchAction\",\"target\":{\"@type\":\"EntryPoint\",\"urlTemplate\":\"https:\\\/\\\/tajkertesz.com\\\/?s={search_term_string}\"},\"query-input\":{\"@type\":\"PropertyValueSpecification\",\"valueRequired\":true,\"valueName\":\"search_term_string\"}}],\"inLanguage\":\"en-US\"},{\"@type\":\"Organization\",\"@id\":\"https:\\\/\\\/tajkertesz.com\\\/#organization\",\"name\":\"T\u00e1j-Kert\u00e9sz 84 Kft.\",\"url\":\"https:\\\/\\\/tajkertesz.com\\\/\",\"logo\":{\"@type\":\"ImageObject\",\"inLanguage\":\"en-US\",\"@id\":\"https:\\\/\\\/tajkertesz.com\\\/#\\\/schema\\\/logo\\\/image\\\/\",\"url\":\"https:\\\/\\\/tajkertesz.com\\\/wp-content\\\/uploads\\\/2018\\\/02\\\/logo-2-e1518678052539.png\",\"contentUrl\":\"https:\\\/\\\/tajkertesz.com\\\/wp-content\\\/uploads\\\/2018\\\/02\\\/logo-2-e1518678052539.png\",\"width\":81,\"height\":140,\"caption\":\"T\u00e1j-Kert\u00e9sz 84 Kft.\"},\"image\":{\"@id\":\"https:\\\/\\\/tajkertesz.com\\\/#\\\/schema\\\/logo\\\/image\\\/\"},\"sameAs\":[\"https:\\\/\\\/www.facebook.com\\\/Tajkertesz\\\/\"]}]}<\/script>\n<!-- \/ Yoast SEO plugin. -->","yoast_head_json":{"title":"Juniperus 'Moonglow' \u2013 Ez\u00fcst\u00f6s oszlopos bor\u00f3ka - T\u00e1jkert\u00e9sz","description":"Fedezd fel a Juniperus 'Moonglow' \u2013 Ez\u00fcst\u00f6s oszlopos bor\u00f3ka csod\u00e1s lombj\u00e1t, amely eg\u00e9sz \u00e9vben d\u00edsz\u00edti kerted minim\u00e1lis gondoz\u00e1ssal.","robots":{"index":"index","follow":"follow","max-snippet":"max-snippet:-1","max-image-preview":"max-image-preview:large","max-video-preview":"max-video-preview:-1"},"canonical":"https:\/\/tajkertesz.com\/en_US\/product\/juniperus-moonglow-ezustos-oszlopos-boroka\/","og_locale":"en_US","og_type":"article","og_title":"Juniperus 'Moonglow' \u2013 Ez\u00fcst\u00f6s oszlopos bor\u00f3ka - T\u00e1jkert\u00e9sz","og_description":"Fedezd fel a Juniperus 'Moonglow' \u2013 Ez\u00fcst\u00f6s oszlopos bor\u00f3ka csod\u00e1s lombj\u00e1t, amely eg\u00e9sz \u00e9vben d\u00edsz\u00edti kerted minim\u00e1lis gondoz\u00e1ssal.","og_url":"https:\/\/tajkertesz.com\/en_US\/product\/juniperus-moonglow-ezustos-oszlopos-boroka\/","og_site_name":"T\u00e1jkert\u00e9sz","article_publisher":"https:\/\/www.facebook.com\/Tajkertesz\/","article_modified_time":"2026-02-24T13:28:46+00:00","og_image":[{"width":692,"height":1075,"url":"https:\/\/tajkertesz.com\/wp-content\/uploads\/2025\/08\/image19-1-rotated-e1755344183929.jpeg","type":"image\/jpeg"}],"twitter_card":"summary_large_image","twitter_misc":{"Est. reading time":"3 minutes"},"schema":{"@context":"https:\/\/schema.org","@graph":[{"@type":"WebPage","@id":"https:\/\/tajkertesz.com\/termek\/juniperus-moonglow-ezustos-oszlopos-boroka\/","url":"https:\/\/tajkertesz.com\/termek\/juniperus-moonglow-ezustos-oszlopos-boroka\/","name":"Juniperus 'Moonglow' \u2013 Ez\u00fcst\u00f6s oszlopos bor\u00f3ka - T\u00e1jkert\u00e9sz","isPartOf":{"@id":"https:\/\/tajkertesz.com\/#website"},"primaryImageOfPage":{"@id":"https:\/\/tajkertesz.com\/termek\/juniperus-moonglow-ezustos-oszlopos-boroka\/#primaryimage"},"image":{"@id":"https:\/\/tajkertesz.com\/termek\/juniperus-moonglow-ezustos-oszlopos-boroka\/#primaryimage"},"thumbnailUrl":"https:\/\/tajkertesz.com\/wp-content\/uploads\/2025\/08\/image19-1-rotated-e1755344183929.jpeg","datePublished":"2025-08-15T08:01:32+00:00","dateModified":"2026-02-24T13:28:46+00:00","description":"Fedezd fel a Juniperus 'Moonglow' \u2013 Ez\u00fcst\u00f6s oszlopos bor\u00f3ka csod\u00e1s lombj\u00e1t, amely eg\u00e9sz \u00e9vben d\u00edsz\u00edti kerted minim\u00e1lis gondoz\u00e1ssal.","breadcrumb":{"@id":"https:\/\/tajkertesz.com\/termek\/juniperus-moonglow-ezustos-oszlopos-boroka\/#breadcrumb"},"inLanguage":"en-US","potentialAction":[{"@type":"ReadAction","target":["https:\/\/tajkertesz.com\/termek\/juniperus-moonglow-ezustos-oszlopos-boroka\/"]}]},{"@type":"ImageObject","inLanguage":"en-US","@id":"https:\/\/tajkertesz.com\/termek\/juniperus-moonglow-ezustos-oszlopos-boroka\/#primaryimage","url":"https:\/\/tajkertesz.com\/wp-content\/uploads\/2025\/08\/image19-1-rotated-e1755344183929.jpeg","contentUrl":"https:\/\/tajkertesz.com\/wp-content\/uploads\/2025\/08\/image19-1-rotated-e1755344183929.jpeg","width":692,"height":1075,"caption":"Juniperus 'Moonglow' \u2013 Ez\u00fcst\u00f6s oszlopos bor\u00f3ka"},{"@type":"BreadcrumbList","@id":"https:\/\/tajkertesz.com\/termek\/juniperus-moonglow-ezustos-oszlopos-boroka\/#breadcrumb","itemListElement":[{"@type":"ListItem","position":1,"name":"Home","item":"https:\/\/tajkertesz.com\/"},{"@type":"ListItem","position":2,"name":"Kezd\u0151lap","item":"https:\/\/tajkertesz.com\/"},{"@type":"ListItem","position":3,"name":"Juniperus &#8216;Moonglow&#8217; \u2013 Ez\u00fcst\u00f6s oszlopos bor\u00f3ka"}]},{"@type":"WebSite","@id":"https:\/\/tajkertesz.com\/#website","url":"https:\/\/tajkertesz.com\/","name":"T\u00e1j-Kert\u00e9sz 84 Kft.","description":"Kert\u00e9szeti kis- \u00e9s nagykeresked\u00e9s, D\u00edszn\u00f6v\u00e9ny web\u00e1ruh\u00e1z orsz\u00e1gos h\u00e1zhozsz\u00e1ll\u00edt\u00e1ssal!","publisher":{"@id":"https:\/\/tajkertesz.com\/#organization"},"potentialAction":[{"@type":"SearchAction","target":{"@type":"EntryPoint","urlTemplate":"https:\/\/tajkertesz.com\/?s={search_term_string}"},"query-input":{"@type":"PropertyValueSpecification","valueRequired":true,"valueName":"search_term_string"}}],"inLanguage":"en-US"},{"@type":"Organization","@id":"https:\/\/tajkertesz.com\/#organization","name":"T\u00e1j-Kert\u00e9sz 84 Kft.","url":"https:\/\/tajkertesz.com\/","logo":{"@type":"ImageObject","inLanguage":"en-US","@id":"https:\/\/tajkertesz.com\/#\/schema\/logo\/image\/","url":"https:\/\/tajkertesz.com\/wp-content\/uploads\/2018\/02\/logo-2-e1518678052539.png","contentUrl":"https:\/\/tajkertesz.com\/wp-content\/uploads\/2018\/02\/logo-2-e1518678052539.png","width":81,"height":140,"caption":"T\u00e1j-Kert\u00e9sz 84 Kft."},"image":{"@id":"https:\/\/tajkertesz.com\/#\/schema\/logo\/image\/"},"sameAs":["https:\/\/www.facebook.com\/Tajkertesz\/"]}]}},"_links":{"self":[{"href":"https:\/\/tajkertesz.com\/en_US\/wp-json\/wp\/v2\/product\/24250","targetHints":{"allow":["GET"]}}],"collection":[{"href":"https:\/\/tajkertesz.com\/en_US\/wp-json\/wp\/v2\/product"}],"about":[{"href":"https:\/\/tajkertesz.com\/en_US\/wp-json\/wp\/v2\/types\/product"}],"wp:featuredmedia":[{"embeddable":true,"href":"https:\/\/tajkertesz.com\/en_US\/wp-json\/wp\/v2\/media\/24251"}],"wp:attachment":[{"href":"https:\/\/tajkertesz.com\/en_US\/wp-json\/wp\/v2\/media?parent=24250"}],"wp:term":[{"taxonomy":"product_brand","embeddable":true,"href":"https:\/\/tajkertesz.com\/en_US\/wp-json\/wp\/v2\/product_brand?post=24250"},{"taxonomy":"product_cat","embeddable":true,"href":"https:\/\/tajkertesz.com\/en_US\/wp-json\/wp\/v2\/product_cat?post=24250"},{"taxonomy":"product_tag","embeddable":true,"href":"https:\/\/tajkertesz.com\/en_US\/wp-json\/wp\/v2\/product_tag?post=24250"}],"curies":[{"name":"wp","href":"https:\/\/api.w.org\/{rel}","templated":true}]}}