{"id":24263,"date":"2025-08-15T10:25:06","date_gmt":"2025-08-15T10:25:06","guid":{"rendered":"https:\/\/tajkertesz.com\/?post_type=product&#038;p=24263"},"modified":"2026-04-28T12:11:49","modified_gmt":"2026-04-28T12:11:49","slug":"hydrangea-paniculata-wims-red","status":"publish","type":"product","link":"https:\/\/tajkertesz.com\/en_US\/product\/hydrangea-paniculata-wims-red\/","title":{"rendered":"Hydrangea paniculata &#8216;Wim\u2019s Red&#8217; \u2013 Illatos bug\u00e1s hortenzia"},"content":{"rendered":"<h1>Hydrangea paniculata &#8216;Wim\u2019s Red&#8217; \u2013 Illatos bug\u00e1s hortenzia<\/h1>\n<p>A Hydrangea paniculata &#8216;Wim\u2019s Red&#8217; \u2013 Illatos bug\u00e1s hortenzia egy k\u00fcl\u00f6nleges, lombhullat\u00f3 d\u00edszcserje, amely hosszan tart\u00f3 \u00e9s l\u00e1tv\u00e1nyos vir\u00e1gz\u00e1s\u00e1r\u00f3l h\u00edres.<\/p>\n<h2>Hydrangea paniculata &#8216;Wim\u2019s Red&#8217; jellemz\u0151i<\/h2>\n<p>Feh\u00e9r vir\u00e1gai ny\u00e1r elej\u00e9n ny\u00edlnak, majd fokozatosan r\u00f3zsasz\u00edn\u0171v\u00e9, v\u00e9g\u00fcl m\u00e9ly borv\u00f6r\u00f6s \u00e1rnyalat\u00fav\u00e1 alakulnak, \u00edgy eg\u00e9sz szezonban folyamatos sz\u00ednj\u00e1t\u00e9kkal d\u00edsz\u00edt kezel\u0151 kertet<\/p>\n<p>Emellett a vir\u00e1gok m\u00e9zes illatot \u00e1rasztanak, amely k\u00fcl\u00f6nlegess\u00e9 teszik ezt a fajt\u00e1t.<\/p>\n<p>A n\u00f6v\u00e9ny er\u0151s, bord\u00f3 sz\u00edn\u0171 sz\u00e1rakkal, kupola form\u00e1j\u00fa vir\u00e1gzattal (ak\u00e1r 30\u202fcm hossz\u00fa) rendelkezik, amelyek v\u00edz\u00e1ll\u00f3ak \u00e9s j\u00f3l megtartj\u00e1k magukat nedves id\u0151ben is.<\/p>\n<p>A fajta 2\u20132,5\u202fm magasra \u00e9s hasonl\u00f3 sz\u00e9less\u00e9gre n\u0151, j\u00f3l illeszkedik kertekbe vagy nagyobb d\u00e9zs\u00e1kba.<\/p>\n<p>M\u00e9ret: 1,5\u20132,5\u202fm magas \u00e9s sz\u00e9les (kifejlett \u00e1llapotban)<\/p>\n<p>Vir\u00e1gz\u00e1s: j\u00faliust\u00f3l okt\u00f3berig, sz\u00edn\u00e1tmenettel: feh\u00e9r \u2192 r\u00f3zsasz\u00edn \u2192 m\u00e9ly bord\u00f3<\/p>\n<p>Vir\u00e1gzat m\u00e9rete: ak\u00e1r 30\u202fcm hossz\u00fa k\u00fapos bug\u00e1k<\/p>\n<p>Sz\u00e1r \u00e9s szerkezet: er\u0151s, bord\u00f3s sz\u00e1rak, stabil vir\u00e1gzat<\/p>\n<p>T\u00e9l\u00e1ll\u00f3s\u00e1g:\u00a0 ak\u00e1r -30\u202f\u00b0C-ig fagyt\u0171r\u0151<\/p>\n<h3>Illatos bug\u00e1s hortenzia gondoz\u00e1sa<\/h3>\n<p>Ig\u00e9ny: napos vagy f\u00e9l\u00e1rny\u00e9kos, humuszban gazdag, j\u00f3l v\u00edzelvezet\u0151 vagy nedves talajon fejl\u0151dik j\u00f3l<\/p>\n<p>Tavasszal \u00e9rdemes visszav\u00e1gni \u2013 ak\u00e1r k\u00e9tharmad\u00e1ra \u2013, hogy a n\u00f6v\u00e9ny b\u0151s\u00e9ges vir\u00e1gz\u00e1st hozzon \u00e9s meg\u0151rizze kompakt form\u00e1j\u00e1t<\/p>\n<h4><strong>\ud83d\udd04 K\u00e9szletinform\u00e1ci\u00f3<\/strong><\/h4>\n<p><strong>K\u00e9szlet\u00fcnk napi szinten v\u00e1ltozik, \u00edgy a webshopban szerepl<\/strong><strong>\u0151<\/strong><strong> term\u00e9kek el\u00e9rhet<\/strong><strong>\u0151<\/strong><strong>s\u00e9ge nem garant\u00e1lt.<br \/>\n\ud83d\udcde A megrendel\u00e9s el<\/strong><strong>\u0151<\/strong><strong>tt k\u00e9rj\u00fck, \u00e9rdekl<\/strong><strong>\u0151<\/strong><strong>dj\u00f6n szem\u00e9lyesen, telefonon vagy e-mailben!<\/strong><\/p>\n<p><strong>\u27a1\ufe0f Kapcsolat:<\/strong><\/p>\n<ul>\n<li><strong>Weboldal: <\/strong><a href=\"https:\/\/tajkertesz.com\"><strong>tajkertesz.com<\/strong><\/a><\/li>\n<li><strong>Facebook: <\/strong><a href=\"https:\/\/www.facebook.com\/tajkertesz\/\"><strong>facebook.com\/tajkertesz<\/strong><\/a><\/li>\n<li><strong>Telefonsz\u00e1m, e-mail: +36\/20-319-3770 <\/strong><a href=\"mailto:tajkerteszaruda@gmail.com\"><strong>tajkerteszaruda@gmail.com<\/strong><\/a><\/li>\n<\/ul>\n<p><strong>\ud83d\ude9a Sz\u00e1ll\u00edt\u00e1si inform\u00e1ci\u00f3k<\/strong><\/p>\n<p><strong>A megrendelt n\u00f6v\u00e9nyek kisz\u00e1ll\u00edt\u00e1sa az al\u00e1bbi felt\u00e9telek mellett t\u00f6rt\u00e9nik:<\/strong><\/p>\n<p><strong>\ud83d\udce6 Fut\u00e1rszolg\u00e1latos sz\u00e1ll\u00edt\u00e1s<\/strong><\/p>\n<ul>\n<li><strong>Maxim\u00e1lis m\u00e9ret: 200 cm (hossz\u00fas\u00e1g)<\/strong><\/li>\n<li><strong>Maxim\u00e1lis s\u00faly: 40 kg<\/strong><\/li>\n<li><strong>Az enn\u00e9l kisebb \u00e9s k\u00f6nnyebb csomagokat fut\u00e1rszolg\u00e1lattal k\u00e9zbes\u00edtj\u00fck a lehet<\/strong><strong>\u0151<\/strong><strong> legbiztons\u00e1gosabb csomagol\u00e1sban.<\/strong><\/li>\n<\/ul>\n<p><strong>\ud83d\udefb Szem\u00e9lyes \u00e1tv\u00e9tel<\/strong><\/p>\n<ul>\n<li><strong>1173 Budapest, Bakancsos utca 7. sz\u00e1m alatt nyitvatart\u00e1si id<\/strong><strong>\u0151<\/strong><strong>ben szem\u00e9lyesen \u00e1tvehet<\/strong><strong>\u0151<\/strong><strong> kert\u00e9szeti \u00e1rud\u00e1nkban.<\/strong><\/li>\n<li><strong>K\u00f6lts\u00e9ghat\u00e9kony megold\u00e1s nagyobb, t\u00f6r\u00e9kenyebb vagy t\u00falm\u00e9retes n\u00f6v\u00e9nyek eset\u00e9n.<\/strong><\/li>\n<\/ul>\n<p><strong>\ud83d\udcde Nagy m\u00e9ret<\/strong><strong>\u0171<\/strong><strong> vagy s\u00faly\u00fa n\u00f6v\u00e9nyek eset\u00e9n<\/strong><\/p>\n<p><strong>Ha a term\u00e9k:<\/strong><\/p>\n<ul>\n<li><strong>meghaladja a 200 cm hossz\u00fas\u00e1got vagy<\/strong><\/li>\n<li><strong>meghaladja a 40 kg s\u00falyt,<\/strong><\/li>\n<\/ul>\n<p><strong>akkor szem\u00e9lyes \u00e1tv\u00e9tellel vagy egyedi, el<\/strong><strong>\u0151<\/strong><strong>re egyeztetett sz\u00e1ll\u00edt\u00e1si felt\u00e9telek mellett t\u00f6rt\u00e9nik.<br \/>\nK\u00e9rj\u00fck, ilyen esetben rendel\u00e9s el<\/strong><strong>\u0151<\/strong><strong>tt vegye fel vel\u00fcnk a kapcsolatot, hogy a lehet<\/strong><strong>\u0151<\/strong><strong> legmegfelel<\/strong><strong>\u0151<\/strong><strong>bb sz\u00e1ll\u00edt\u00e1si megold\u00e1st k\u00edn\u00e1lhassuk.<\/strong><\/p>\n<p><strong>\ud83d\udd14 Fontos: A n\u00f6v\u00e9nyeket minden esetben igyeksz\u00fcnk gondosan, egyes\u00e9vel csomagolni, azonban a sz\u00e1ll\u00edt\u00e1s sor\u00e1n kisebb eszt\u00e9tikai s\u00e9r\u00fcl\u00e9sek el<\/strong><strong>\u0151<\/strong><strong>fordulhatnak (pl. lev\u00e9lhull\u00e1s). Ez nem min<\/strong><strong>\u0151<\/strong><strong>s\u00fcl hib\u00e1s teljes\u00edt\u00e9snek.<\/strong><\/p>\n<p><strong>\ud83d\udcf7 Fontos tudni a k\u00e9pekr<\/strong><strong>\u0151<\/strong><strong>l<\/strong><\/p>\n<p><strong>A webshopban szerepl<\/strong><strong>\u0151<\/strong><strong> k\u00e9pek illusztr\u00e1ci\u00f3k, a n\u00f6v\u00e9nyek term\u00e9szet\u00fckn\u00e9l fogva egyediek, \u00edgy m\u00e9retben, alakban \u00e9s sz\u00ednben minim\u00e1lis elt\u00e9r\u00e9sek el<\/strong><strong>\u0151<\/strong><strong>fordulhatnak a k\u00e9pen l\u00e1that\u00f3 \u00e9s a val\u00f3s p\u00e9ld\u00e1nyok k\u00f6z\u00f6tt.<\/strong><\/p>\n<p><strong>\ud83e\uddfe \u00c1rak \u00e9s el\u00e1ll\u00e1si jog<\/strong><\/p>\n<ul>\n<li><strong>Az \u00e1rak egy darab\u00a0n\u00f6v\u00e9nyre vonatkoznak.<\/strong><\/li>\n<li><strong>\u00c9l<\/strong><strong>\u0151<\/strong><strong> n\u00f6v\u00e9nyek rendel\u00e9se eset\u00e9n a 14 napos el\u00e1ll\u00e1s joga nem \u00e9rv\u00e9nyes\u00edthet<\/strong><strong>\u0151<\/strong><strong>, mivel azok romland\u00f3, biol\u00f3giailag \u00e9l<\/strong><strong>\u0151<\/strong><strong> term\u00e9keknek min<\/strong><strong>\u0151<\/strong><strong>s\u00fclnek.<br \/>\n\ud83d\udd12 (17\/1999. (II. 5.) Korm. rendelet 5. \u00a7 c) pontja alapj\u00e1n)<\/strong><\/li>\n<\/ul>\n<p><strong>\ud83d\udce6 K\u00e9zbes\u00edt\u00e9s ut\u00e1ni teend<\/strong><strong>\u0151<\/strong><strong>k<\/strong><\/p>\n<p><strong>A k\u00e9zbes\u00edt\u00e9st k\u00f6vet<\/strong><strong>\u0151<\/strong><strong>en a csomagot azonnal bontsuk ki, \u00e9s a n\u00f6v\u00e9nyt helyezz\u00fck el megfelel<\/strong><strong>\u0151<\/strong><strong> k\u00f6rnyezetben.<br \/>\nFontos: ha a n\u00f6v\u00e9ny nem r\u00e9szes\u00fcl megfelel<\/strong><strong>\u0151<\/strong><strong> gondoz\u00e1sban \u00e9s ennek k\u00f6vetkezt\u00e9ben k\u00e1rosodik vagy elpusztul, felel<\/strong><strong>\u0151<\/strong><strong>ss\u00e9get nem tudunk v\u00e1llalni.<\/strong><\/p>\n<p>&nbsp;<\/p>","protected":false},"excerpt":{"rendered":"<p>K\u00f6nnyen gondozhat\u00f3, illatos bug\u00e1s hortenzia, amely feh\u00e9r vir\u00e1ggal kezd, majd r\u00f3zsasz\u00ednbe \u00e9s v\u00e9g\u00fcl m\u00e9ly bord\u00f3v\u00f6r\u00f6sbe v\u00e1lt. T\u00f6k\u00e9letes szoliterk\u00e9nt, vir\u00e1g\u00e1gy\u00e1sba vagy szeg\u00e9lyn\u00f6v\u00e9nyk\u00e9nt.<\/p>\n<p>M\u00e9rete: 5 literes kont\u00e9nerben<\/p>","protected":false},"featured_media":24264,"template":"","meta":{"_et_pb_use_builder":"","_et_pb_old_content":"","_et_gb_content_width":""},"product_brand":[],"product_cat":[27],"product_tag":[6411,6404,73,1776,5849,315,6413,5820,230,23,6410,59,6412,6409],"class_list":{"0":"post-24263","1":"product","2":"type-product","3":"status-publish","4":"has-post-thumbnail","6":"product_cat-cserjek","7":"product_tag-bordo-virag","8":"product_tag-bugas","9":"product_tag-cserje","10":"product_tag-dekorativ","11":"product_tag-diszcserje","12":"product_tag-hortenzia","13":"product_tag-hosszu-viragzas","14":"product_tag-hydrangea","15":"product_tag-illatos","16":"product_tag-nyari","17":"product_tag-szinvalto-virag","18":"product_tag-szoliter","19":"product_tag-viragzas","20":"product_tag-wims-red","22":"first","23":"instock","24":"shipping-taxable","25":"purchasable","26":"product-type-simple"},"yoast_head":"<!-- This site is optimized with the Yoast SEO plugin v27.5 - https:\/\/yoast.com\/product\/yoast-seo-wordpress\/ -->\n<title>Hydrangea paniculata &#039;Wim\u2019s Red&#039; \u2013 Illatos bug\u00e1s hortenzia - T\u00e1jkert\u00e9sz<\/title>\n<meta name=\"description\" content=\"Hydrangea paniculata &#039;Wim\u2019s Red&#039; \u2013 Illatos bug\u00e1s hortenzia Illatos kr\u00e9msz\u00edn\u0171 vir\u00e1gokb\u00f3l m\u00e9ly bord\u00f3 \u00e1rnyalatig pomp\u00e1zik. lombhullat\u00f3 d\u00edszcserje.\" \/>\n<meta name=\"robots\" content=\"index, follow, max-snippet:-1, max-image-preview:large, max-video-preview:-1\" \/>\n<link rel=\"canonical\" href=\"https:\/\/tajkertesz.com\/en_US\/product\/hydrangea-paniculata-wims-red\/\" \/>\n<meta property=\"og:locale\" content=\"en_US\" \/>\n<meta property=\"og:type\" content=\"article\" \/>\n<meta property=\"og:title\" content=\"Hydrangea paniculata &#039;Wim\u2019s Red&#039; \u2013 Illatos bug\u00e1s hortenzia - T\u00e1jkert\u00e9sz\" \/>\n<meta property=\"og:description\" content=\"Hydrangea paniculata &#039;Wim\u2019s Red&#039; \u2013 Illatos bug\u00e1s hortenzia Illatos kr\u00e9msz\u00edn\u0171 vir\u00e1gokb\u00f3l m\u00e9ly bord\u00f3 \u00e1rnyalatig pomp\u00e1zik. lombhullat\u00f3 d\u00edszcserje.\" \/>\n<meta property=\"og:url\" content=\"https:\/\/tajkertesz.com\/en_US\/product\/hydrangea-paniculata-wims-red\/\" \/>\n<meta property=\"og:site_name\" content=\"T\u00e1jkert\u00e9sz\" \/>\n<meta property=\"article:publisher\" content=\"https:\/\/www.facebook.com\/Tajkertesz\/\" \/>\n<meta property=\"article:modified_time\" content=\"2026-04-28T12:11:49+00:00\" \/>\n<meta property=\"og:image\" content=\"https:\/\/tajkertesz.com\/wp-content\/uploads\/2025\/08\/Hydrangea-paniculata-Wims-Red.png\" \/>\n\t<meta property=\"og:image:width\" content=\"322\" \/>\n\t<meta property=\"og:image:height\" content=\"342\" \/>\n\t<meta property=\"og:image:type\" content=\"image\/png\" \/>\n<meta name=\"twitter:card\" content=\"summary_large_image\" \/>\n<meta name=\"twitter:label1\" content=\"Est. reading time\" \/>\n\t<meta name=\"twitter:data1\" content=\"3 minutes\" \/>\n<script type=\"application\/ld+json\" class=\"yoast-schema-graph\">{\"@context\":\"https:\\\/\\\/schema.org\",\"@graph\":[{\"@type\":\"WebPage\",\"@id\":\"https:\\\/\\\/tajkertesz.com\\\/termek\\\/hydrangea-paniculata-wims-red\\\/\",\"url\":\"https:\\\/\\\/tajkertesz.com\\\/termek\\\/hydrangea-paniculata-wims-red\\\/\",\"name\":\"Hydrangea paniculata 'Wim\u2019s Red' \u2013 Illatos bug\u00e1s hortenzia - T\u00e1jkert\u00e9sz\",\"isPartOf\":{\"@id\":\"https:\\\/\\\/tajkertesz.com\\\/#website\"},\"primaryImageOfPage\":{\"@id\":\"https:\\\/\\\/tajkertesz.com\\\/termek\\\/hydrangea-paniculata-wims-red\\\/#primaryimage\"},\"image\":{\"@id\":\"https:\\\/\\\/tajkertesz.com\\\/termek\\\/hydrangea-paniculata-wims-red\\\/#primaryimage\"},\"thumbnailUrl\":\"https:\\\/\\\/tajkertesz.com\\\/wp-content\\\/uploads\\\/2025\\\/08\\\/Hydrangea-paniculata-Wims-Red.png\",\"datePublished\":\"2025-08-15T10:25:06+00:00\",\"dateModified\":\"2026-04-28T12:11:49+00:00\",\"description\":\"Hydrangea paniculata 'Wim\u2019s Red' \u2013 Illatos bug\u00e1s hortenzia Illatos kr\u00e9msz\u00edn\u0171 vir\u00e1gokb\u00f3l m\u00e9ly bord\u00f3 \u00e1rnyalatig pomp\u00e1zik. lombhullat\u00f3 d\u00edszcserje.\",\"breadcrumb\":{\"@id\":\"https:\\\/\\\/tajkertesz.com\\\/termek\\\/hydrangea-paniculata-wims-red\\\/#breadcrumb\"},\"inLanguage\":\"en-US\",\"potentialAction\":[{\"@type\":\"ReadAction\",\"target\":[\"https:\\\/\\\/tajkertesz.com\\\/termek\\\/hydrangea-paniculata-wims-red\\\/\"]}]},{\"@type\":\"ImageObject\",\"inLanguage\":\"en-US\",\"@id\":\"https:\\\/\\\/tajkertesz.com\\\/termek\\\/hydrangea-paniculata-wims-red\\\/#primaryimage\",\"url\":\"https:\\\/\\\/tajkertesz.com\\\/wp-content\\\/uploads\\\/2025\\\/08\\\/Hydrangea-paniculata-Wims-Red.png\",\"contentUrl\":\"https:\\\/\\\/tajkertesz.com\\\/wp-content\\\/uploads\\\/2025\\\/08\\\/Hydrangea-paniculata-Wims-Red.png\",\"width\":322,\"height\":342,\"caption\":\"Hydrangea paniculata 'Wim\u2019s Red' \u2013 Illatos bug\u00e1s hortenzia\"},{\"@type\":\"BreadcrumbList\",\"@id\":\"https:\\\/\\\/tajkertesz.com\\\/termek\\\/hydrangea-paniculata-wims-red\\\/#breadcrumb\",\"itemListElement\":[{\"@type\":\"ListItem\",\"position\":1,\"name\":\"Home\",\"item\":\"https:\\\/\\\/tajkertesz.com\\\/\"},{\"@type\":\"ListItem\",\"position\":2,\"name\":\"Kezd\u0151lap\",\"item\":\"https:\\\/\\\/tajkertesz.com\\\/\"},{\"@type\":\"ListItem\",\"position\":3,\"name\":\"Hydrangea paniculata &#8216;Wim\u2019s Red&#8217; \u2013 Illatos bug\u00e1s hortenzia\"}]},{\"@type\":\"WebSite\",\"@id\":\"https:\\\/\\\/tajkertesz.com\\\/#website\",\"url\":\"https:\\\/\\\/tajkertesz.com\\\/\",\"name\":\"T\u00e1j-Kert\u00e9sz 84 Kft.\",\"description\":\"Kert\u00e9szeti kis- \u00e9s nagykeresked\u00e9s, D\u00edszn\u00f6v\u00e9ny web\u00e1ruh\u00e1z orsz\u00e1gos h\u00e1zhozsz\u00e1ll\u00edt\u00e1ssal!\",\"publisher\":{\"@id\":\"https:\\\/\\\/tajkertesz.com\\\/#organization\"},\"potentialAction\":[{\"@type\":\"SearchAction\",\"target\":{\"@type\":\"EntryPoint\",\"urlTemplate\":\"https:\\\/\\\/tajkertesz.com\\\/?s={search_term_string}\"},\"query-input\":{\"@type\":\"PropertyValueSpecification\",\"valueRequired\":true,\"valueName\":\"search_term_string\"}}],\"inLanguage\":\"en-US\"},{\"@type\":\"Organization\",\"@id\":\"https:\\\/\\\/tajkertesz.com\\\/#organization\",\"name\":\"T\u00e1j-Kert\u00e9sz 84 Kft.\",\"url\":\"https:\\\/\\\/tajkertesz.com\\\/\",\"logo\":{\"@type\":\"ImageObject\",\"inLanguage\":\"en-US\",\"@id\":\"https:\\\/\\\/tajkertesz.com\\\/#\\\/schema\\\/logo\\\/image\\\/\",\"url\":\"https:\\\/\\\/tajkertesz.com\\\/wp-content\\\/uploads\\\/2018\\\/02\\\/logo-2-e1518678052539.png\",\"contentUrl\":\"https:\\\/\\\/tajkertesz.com\\\/wp-content\\\/uploads\\\/2018\\\/02\\\/logo-2-e1518678052539.png\",\"width\":81,\"height\":140,\"caption\":\"T\u00e1j-Kert\u00e9sz 84 Kft.\"},\"image\":{\"@id\":\"https:\\\/\\\/tajkertesz.com\\\/#\\\/schema\\\/logo\\\/image\\\/\"},\"sameAs\":[\"https:\\\/\\\/www.facebook.com\\\/Tajkertesz\\\/\"]}]}<\/script>\n<!-- \/ Yoast SEO plugin. -->","yoast_head_json":{"title":"Hydrangea paniculata 'Wim\u2019s Red' \u2013 Illatos bug\u00e1s hortenzia - T\u00e1jkert\u00e9sz","description":"Hydrangea paniculata 'Wim\u2019s Red' \u2013 Illatos bug\u00e1s hortenzia Illatos kr\u00e9msz\u00edn\u0171 vir\u00e1gokb\u00f3l m\u00e9ly bord\u00f3 \u00e1rnyalatig pomp\u00e1zik. lombhullat\u00f3 d\u00edszcserje.","robots":{"index":"index","follow":"follow","max-snippet":"max-snippet:-1","max-image-preview":"max-image-preview:large","max-video-preview":"max-video-preview:-1"},"canonical":"https:\/\/tajkertesz.com\/en_US\/product\/hydrangea-paniculata-wims-red\/","og_locale":"en_US","og_type":"article","og_title":"Hydrangea paniculata 'Wim\u2019s Red' \u2013 Illatos bug\u00e1s hortenzia - T\u00e1jkert\u00e9sz","og_description":"Hydrangea paniculata 'Wim\u2019s Red' \u2013 Illatos bug\u00e1s hortenzia Illatos kr\u00e9msz\u00edn\u0171 vir\u00e1gokb\u00f3l m\u00e9ly bord\u00f3 \u00e1rnyalatig pomp\u00e1zik. lombhullat\u00f3 d\u00edszcserje.","og_url":"https:\/\/tajkertesz.com\/en_US\/product\/hydrangea-paniculata-wims-red\/","og_site_name":"T\u00e1jkert\u00e9sz","article_publisher":"https:\/\/www.facebook.com\/Tajkertesz\/","article_modified_time":"2026-04-28T12:11:49+00:00","og_image":[{"width":322,"height":342,"url":"https:\/\/tajkertesz.com\/wp-content\/uploads\/2025\/08\/Hydrangea-paniculata-Wims-Red.png","type":"image\/png"}],"twitter_card":"summary_large_image","twitter_misc":{"Est. reading time":"3 minutes"},"schema":{"@context":"https:\/\/schema.org","@graph":[{"@type":"WebPage","@id":"https:\/\/tajkertesz.com\/termek\/hydrangea-paniculata-wims-red\/","url":"https:\/\/tajkertesz.com\/termek\/hydrangea-paniculata-wims-red\/","name":"Hydrangea paniculata 'Wim\u2019s Red' \u2013 Illatos bug\u00e1s hortenzia - T\u00e1jkert\u00e9sz","isPartOf":{"@id":"https:\/\/tajkertesz.com\/#website"},"primaryImageOfPage":{"@id":"https:\/\/tajkertesz.com\/termek\/hydrangea-paniculata-wims-red\/#primaryimage"},"image":{"@id":"https:\/\/tajkertesz.com\/termek\/hydrangea-paniculata-wims-red\/#primaryimage"},"thumbnailUrl":"https:\/\/tajkertesz.com\/wp-content\/uploads\/2025\/08\/Hydrangea-paniculata-Wims-Red.png","datePublished":"2025-08-15T10:25:06+00:00","dateModified":"2026-04-28T12:11:49+00:00","description":"Hydrangea paniculata 'Wim\u2019s Red' \u2013 Illatos bug\u00e1s hortenzia Illatos kr\u00e9msz\u00edn\u0171 vir\u00e1gokb\u00f3l m\u00e9ly bord\u00f3 \u00e1rnyalatig pomp\u00e1zik. lombhullat\u00f3 d\u00edszcserje.","breadcrumb":{"@id":"https:\/\/tajkertesz.com\/termek\/hydrangea-paniculata-wims-red\/#breadcrumb"},"inLanguage":"en-US","potentialAction":[{"@type":"ReadAction","target":["https:\/\/tajkertesz.com\/termek\/hydrangea-paniculata-wims-red\/"]}]},{"@type":"ImageObject","inLanguage":"en-US","@id":"https:\/\/tajkertesz.com\/termek\/hydrangea-paniculata-wims-red\/#primaryimage","url":"https:\/\/tajkertesz.com\/wp-content\/uploads\/2025\/08\/Hydrangea-paniculata-Wims-Red.png","contentUrl":"https:\/\/tajkertesz.com\/wp-content\/uploads\/2025\/08\/Hydrangea-paniculata-Wims-Red.png","width":322,"height":342,"caption":"Hydrangea paniculata 'Wim\u2019s Red' \u2013 Illatos bug\u00e1s hortenzia"},{"@type":"BreadcrumbList","@id":"https:\/\/tajkertesz.com\/termek\/hydrangea-paniculata-wims-red\/#breadcrumb","itemListElement":[{"@type":"ListItem","position":1,"name":"Home","item":"https:\/\/tajkertesz.com\/"},{"@type":"ListItem","position":2,"name":"Kezd\u0151lap","item":"https:\/\/tajkertesz.com\/"},{"@type":"ListItem","position":3,"name":"Hydrangea paniculata &#8216;Wim\u2019s Red&#8217; \u2013 Illatos bug\u00e1s hortenzia"}]},{"@type":"WebSite","@id":"https:\/\/tajkertesz.com\/#website","url":"https:\/\/tajkertesz.com\/","name":"T\u00e1j-Kert\u00e9sz 84 Kft.","description":"Kert\u00e9szeti kis- \u00e9s nagykeresked\u00e9s, D\u00edszn\u00f6v\u00e9ny web\u00e1ruh\u00e1z orsz\u00e1gos h\u00e1zhozsz\u00e1ll\u00edt\u00e1ssal!","publisher":{"@id":"https:\/\/tajkertesz.com\/#organization"},"potentialAction":[{"@type":"SearchAction","target":{"@type":"EntryPoint","urlTemplate":"https:\/\/tajkertesz.com\/?s={search_term_string}"},"query-input":{"@type":"PropertyValueSpecification","valueRequired":true,"valueName":"search_term_string"}}],"inLanguage":"en-US"},{"@type":"Organization","@id":"https:\/\/tajkertesz.com\/#organization","name":"T\u00e1j-Kert\u00e9sz 84 Kft.","url":"https:\/\/tajkertesz.com\/","logo":{"@type":"ImageObject","inLanguage":"en-US","@id":"https:\/\/tajkertesz.com\/#\/schema\/logo\/image\/","url":"https:\/\/tajkertesz.com\/wp-content\/uploads\/2018\/02\/logo-2-e1518678052539.png","contentUrl":"https:\/\/tajkertesz.com\/wp-content\/uploads\/2018\/02\/logo-2-e1518678052539.png","width":81,"height":140,"caption":"T\u00e1j-Kert\u00e9sz 84 Kft."},"image":{"@id":"https:\/\/tajkertesz.com\/#\/schema\/logo\/image\/"},"sameAs":["https:\/\/www.facebook.com\/Tajkertesz\/"]}]}},"_links":{"self":[{"href":"https:\/\/tajkertesz.com\/en_US\/wp-json\/wp\/v2\/product\/24263","targetHints":{"allow":["GET"]}}],"collection":[{"href":"https:\/\/tajkertesz.com\/en_US\/wp-json\/wp\/v2\/product"}],"about":[{"href":"https:\/\/tajkertesz.com\/en_US\/wp-json\/wp\/v2\/types\/product"}],"wp:featuredmedia":[{"embeddable":true,"href":"https:\/\/tajkertesz.com\/en_US\/wp-json\/wp\/v2\/media\/24264"}],"wp:attachment":[{"href":"https:\/\/tajkertesz.com\/en_US\/wp-json\/wp\/v2\/media?parent=24263"}],"wp:term":[{"taxonomy":"product_brand","embeddable":true,"href":"https:\/\/tajkertesz.com\/en_US\/wp-json\/wp\/v2\/product_brand?post=24263"},{"taxonomy":"product_cat","embeddable":true,"href":"https:\/\/tajkertesz.com\/en_US\/wp-json\/wp\/v2\/product_cat?post=24263"},{"taxonomy":"product_tag","embeddable":true,"href":"https:\/\/tajkertesz.com\/en_US\/wp-json\/wp\/v2\/product_tag?post=24263"}],"curies":[{"name":"wp","href":"https:\/\/api.w.org\/{rel}","templated":true}]}}