{"id":24319,"date":"2025-08-21T09:19:36","date_gmt":"2025-08-21T09:19:36","guid":{"rendered":"https:\/\/tajkertesz.com\/?post_type=product&#038;p=24319"},"modified":"2025-11-05T09:27:53","modified_gmt":"2025-11-05T09:27:53","slug":"acer-x-freemanii-armstrong-hibrid-voros-juhar","status":"publish","type":"product","link":"https:\/\/tajkertesz.com\/en_US\/product\/acer-x-freemanii-armstrong-hibrid-voros-juhar\/","title":{"rendered":"Acer \u00d7 freemanii &#8216;Armstrong&#8217; &#8211; Hibrid v\u00f6r\u00f6s juhar"},"content":{"rendered":"<h1 data-start=\"642\" data-end=\"711\">Acer \u00d7 freemanii &#8216;Armstrong&#8217; &#8211; Hibrid v\u00f6r\u00f6s juhar<\/h1>\n<p data-start=\"713\" data-end=\"1079\">Az Acer \u00d7 freemanii &#8216;Armstrong&#8217; &#8211; Hibrid v\u00f6r\u00f6s juhar egy k\u00fcl\u00f6nleges, <strong data-start=\"770\" data-end=\"790\">gyors n\u00f6veked\u00e9s\u0171<\/strong>,\u00a0lombhullat\u00f3 d\u00edszfa, amelyet f\u0151k\u00e9nt <strong data-start=\"849\" data-end=\"895\">sz\u0171kebb utc\u00e1kba, el\u0151kertekbe vagy parkokba<\/strong> aj\u00e1nlanak. A hibrid a <strong data-start=\"918\" data-end=\"947\">v\u00f6r\u00f6s juhar (Acer rubrum)<\/strong> \u00e9s az <strong data-start=\"954\" data-end=\"988\">ez\u00fcst juhar (Acer saccharinum)<\/strong> keresztez\u00e9s\u00e9b\u0151l sz\u00fcletett, \u00edgy \u00f6tv\u00f6zi a <strong data-start=\"1029\" data-end=\"1049\">gyors n\u00f6veked\u00e9st<\/strong> \u00e9s a <strong data-start=\"1055\" data-end=\"1078\">l\u00e1tv\u00e1nyos lombsz\u00ednt<\/strong>.<\/p>\n<h4 data-start=\"1081\" data-end=\"1103\">\u2b50 F\u0151bb jellemz\u0151k:<\/h4>\n<ul data-start=\"1104\" data-end=\"1420\">\n<li data-start=\"1104\" data-end=\"1131\">\n<p data-start=\"1106\" data-end=\"1131\"><strong data-start=\"1106\" data-end=\"1119\">Magass\u00e1g:<\/strong> 10\u201315 m\u00e9ter<\/p>\n<\/li>\n<li data-start=\"1132\" data-end=\"1158\">\n<p data-start=\"1134\" data-end=\"1158\"><strong data-start=\"1134\" data-end=\"1148\">Sz\u00e9less\u00e9g:<\/strong> 3\u20135 m\u00e9ter<\/p>\n<\/li>\n<li data-start=\"1159\" data-end=\"1195\"><strong data-start=\"1198\" data-end=\"1208\">Lev\u00e9l:<\/strong> h\u00e1romkar\u00e9j\u00fa, z\u00f6ld, \u0151sszel narancs\u2013v\u00f6r\u00f6s \u00e1rnyalatok<\/li>\n<li data-start=\"1260\" data-end=\"1288\">\n<p data-start=\"1262\" data-end=\"1288\"><strong data-start=\"1262\" data-end=\"1282\">N\u00f6veked\u00e9si \u00fctem:<\/strong> gyors<\/p>\n<\/li>\n<li data-start=\"1289\" data-end=\"1318\">\n<p data-start=\"1291\" data-end=\"1318\"><strong data-start=\"1291\" data-end=\"1305\">F\u00e9nyig\u00e9ny:<\/strong> napos fekv\u00e9s<\/p>\n<\/li>\n<li data-start=\"1319\" data-end=\"1369\">\n<p data-start=\"1321\" data-end=\"1369\"><strong data-start=\"1321\" data-end=\"1336\">Talajig\u00e9ny:<\/strong> enyh\u00e9n savany\u00fa, j\u00f3 v\u00edzelvezet\u00e9s\u0171<\/p>\n<\/li>\n<li data-start=\"1370\" data-end=\"1420\">\n<p data-start=\"1372\" data-end=\"1420\"><strong data-start=\"1372\" data-end=\"1387\">T\u00e9l\u00e1ll\u00f3s\u00e1g:<\/strong> kiv\u00e1l\u00f3 (Z\u00f3na 4\u20135, -30 \u00b0C k\u00f6r\u00fcli)<\/p>\n<\/li>\n<\/ul>\n<h4 data-start=\"1422\" data-end=\"1438\">\ud83c\udf3f El\u0151ny\u00f6k:<\/h4>\n<ul data-start=\"1439\" data-end=\"1683\">\n<li data-start=\"1439\" data-end=\"1518\">\n<p data-start=\"1441\" data-end=\"1518\">Kiv\u00e1l\u00f3 v\u00e1laszt\u00e1s <strong data-start=\"1458\" data-end=\"1477\">sz\u0171kebb terekbe<\/strong>, ahol oldalir\u00e1ny\u00fa terjed\u00e9s nem k\u00edv\u00e1natos<\/p>\n<\/li>\n<li data-start=\"1519\" data-end=\"1548\">\n<p data-start=\"1521\" data-end=\"1548\"><strong data-start=\"1521\" data-end=\"1548\">L\u00e1tv\u00e1nyos \u0151szi lombsz\u00edn<\/strong><\/p>\n<\/li>\n<li data-start=\"1549\" data-end=\"1610\">\n<p data-start=\"1551\" data-end=\"1610\">J\u00f3l toler\u00e1lja a <strong data-start=\"1567\" data-end=\"1584\">v\u00e1rosi kl\u00edm\u00e1t<\/strong> \u00e9s szennyezettebb leveg\u0151t<\/p>\n<\/li>\n<li data-start=\"1611\" data-end=\"1683\">\n<p data-start=\"1613\" data-end=\"1683\"><strong data-start=\"1613\" data-end=\"1646\">Karbantart\u00e1si ig\u00e9nye alacsony<\/strong>, metsz\u00e9st csak fiatal korban ig\u00e9nyel<\/p>\n<\/li>\n<\/ul>\n<h4><strong>\ud83d\udd04 K\u00e9szletinform\u00e1ci\u00f3<\/strong><\/h4>\n<p><strong>K\u00e9szlet\u00fcnk napi szinten v\u00e1ltozik, \u00edgy a webshopban szerepl<\/strong><strong>\u0151<\/strong><strong>\u00a0term\u00e9kek el\u00e9rhet<\/strong><strong>\u0151<\/strong><strong>s\u00e9ge nem garant\u00e1lt.<br \/>\n\ud83d\udcde A megrendel\u00e9s el<\/strong><strong>\u0151<\/strong><strong>tt k\u00e9rj\u00fck, \u00e9rdekl<\/strong><strong>\u0151<\/strong><strong>dj\u00f6n szem\u00e9lyesen, telefonon vagy e-mailben!<\/strong><\/p>\n<h4><strong>\u27a1\ufe0f Kapcsolat:<\/strong><\/h4>\n<ul>\n<li><strong>Weboldal:\u00a0<\/strong><a href=\"https:\/\/tajkertesz.com\/\"><strong>tajkertesz.com<\/strong><\/a><\/li>\n<li><strong>Facebook:\u00a0<\/strong><a href=\"https:\/\/www.facebook.com\/tajkertesz\/\"><strong>facebook.com\/tajkertesz<\/strong><\/a><\/li>\n<li><strong>Telefonsz\u00e1m, e-mail: +36\/20-319-3770\u00a0<\/strong><a href=\"mailto:tajkerteszaruda@gmail.com\"><strong>tajkerteszaruda@gmail.com<\/strong><\/a><\/li>\n<\/ul>\n<h4><strong>\ud83d\ude9a Sz\u00e1ll\u00edt\u00e1si inform\u00e1ci\u00f3k<\/strong><\/h4>\n<p><strong>A megrendelt n\u00f6v\u00e9nyek kisz\u00e1ll\u00edt\u00e1sa az al\u00e1bbi felt\u00e9telek mellett t\u00f6rt\u00e9nik:<\/strong><\/p>\n<h4><strong>\ud83d\udce6 Fut\u00e1rszolg\u00e1latos sz\u00e1ll\u00edt\u00e1s<\/strong><\/h4>\n<ul>\n<li><strong>Maxim\u00e1lis m\u00e9ret: 200 cm (hossz\u00fas\u00e1g)<\/strong><\/li>\n<li><strong>Maxim\u00e1lis s\u00faly: 40 kg<\/strong><\/li>\n<li><strong>Az enn\u00e9l kisebb \u00e9s k\u00f6nnyebb csomagokat fut\u00e1rszolg\u00e1lattal k\u00e9zbes\u00edtj\u00fck a lehet<\/strong><strong>\u0151<\/strong><strong>\u00a0legbiztons\u00e1gosabb csomagol\u00e1sban.<\/strong><\/li>\n<\/ul>\n<h4><strong>\ud83d\udefb Szem\u00e9lyes \u00e1tv\u00e9tel<\/strong><\/h4>\n<ul>\n<li><strong>1173 Budapest, Bakancsos utca 7. sz\u00e1m alatt nyitvatart\u00e1si id<\/strong><strong>\u0151<\/strong><strong>ben szem\u00e9lyesen \u00e1tvehet<\/strong><strong>\u0151<\/strong><strong>\u00a0kert\u00e9szeti \u00e1rud\u00e1nkban.<\/strong><\/li>\n<li><strong>K\u00f6lts\u00e9ghat\u00e9kony megold\u00e1s nagyobb, t\u00f6r\u00e9kenyebb vagy t\u00falm\u00e9retes n\u00f6v\u00e9nyek eset\u00e9n.<\/strong><\/li>\n<\/ul>\n<h4><strong>\ud83d\udcde Nagy m\u00e9ret<\/strong><strong>\u0171<\/strong><strong>\u00a0vagy s\u00faly\u00fa n\u00f6v\u00e9nyek eset\u00e9n<\/strong><\/h4>\n<p><strong>Ha a term\u00e9k:<\/strong><\/p>\n<ul>\n<li><strong>meghaladja a 200 cm hossz\u00fas\u00e1got vagy<\/strong><\/li>\n<li><strong>meghaladja a 40 kg s\u00falyt,<\/strong><\/li>\n<\/ul>\n<p><strong>akkor szem\u00e9lyes \u00e1tv\u00e9tellel vagy egyedi, el<\/strong><strong>\u0151<\/strong><strong>re egyeztetett sz\u00e1ll\u00edt\u00e1si felt\u00e9telek mellett t\u00f6rt\u00e9nik.<br \/>\nK\u00e9rj\u00fck, ilyen esetben rendel\u00e9s el<\/strong><strong>\u0151<\/strong><strong>tt vegye fel vel\u00fcnk a kapcsolatot, hogy a lehet<\/strong><strong>\u0151<\/strong><strong>\u00a0legmegfelel<\/strong><strong>\u0151<\/strong><strong>bb sz\u00e1ll\u00edt\u00e1si megold\u00e1st k\u00edn\u00e1lhassuk.<\/strong><\/p>\n<p><strong>\ud83d\udd14 Fontos: A n\u00f6v\u00e9nyeket minden esetben igyeksz\u00fcnk gondosan, egyes\u00e9vel csomagolni, azonban a sz\u00e1ll\u00edt\u00e1s sor\u00e1n kisebb eszt\u00e9tikai s\u00e9r\u00fcl\u00e9sek el<\/strong><strong>\u0151<\/strong><strong>fordulhatnak (pl. lev\u00e9lhull\u00e1s). Ez nem min<\/strong><strong>\u0151<\/strong><strong>s\u00fcl hib\u00e1s teljes\u00edt\u00e9snek.<\/strong><\/p>\n<h4><strong>\ud83d\udcf7 Fontos tudni a k\u00e9pekr<\/strong><strong>\u0151<\/strong><strong>l<\/strong><\/h4>\n<p><strong>A webshopban szerepl<\/strong><strong>\u0151<\/strong><strong>\u00a0k\u00e9pek illusztr\u00e1ci\u00f3k, a n\u00f6v\u00e9nyek term\u00e9szet\u00fckn\u00e9l fogva egyediek, \u00edgy m\u00e9retben, alakban \u00e9s sz\u00ednben minim\u00e1lis elt\u00e9r\u00e9sek el<\/strong><strong>\u0151<\/strong><strong>fordulhatnak a k\u00e9pen l\u00e1that\u00f3 \u00e9s a val\u00f3s p\u00e9ld\u00e1nyok k\u00f6z\u00f6tt.<\/strong><\/p>\n<h4><strong>\ud83e\uddfe \u00c1rak \u00e9s el\u00e1ll\u00e1si jog<\/strong><\/h4>\n<ul>\n<li><strong>Az \u00e1rak egy darab\u00a0n\u00f6v\u00e9nyre vonatkoznak.<\/strong><\/li>\n<li><strong>\u00c9l<\/strong><strong>\u0151<\/strong><strong>\u00a0n\u00f6v\u00e9nyek rendel\u00e9se eset\u00e9n a 14 napos el\u00e1ll\u00e1s joga nem \u00e9rv\u00e9nyes\u00edthet<\/strong><strong>\u0151<\/strong><strong>, mivel azok romland\u00f3, biol\u00f3giailag \u00e9l<\/strong><strong>\u0151<\/strong><strong>\u00a0term\u00e9keknek min<\/strong><strong>\u0151<\/strong><strong>s\u00fclnek.<br \/>\n\ud83d\udd12 (17\/1999. (II. 5.) Korm. rendelet 5. \u00a7 c) pontja alapj\u00e1n)<\/strong><\/li>\n<\/ul>\n<h4><strong>\ud83d\udce6 K\u00e9zbes\u00edt\u00e9s ut\u00e1ni teend<\/strong><strong>\u0151<\/strong><strong>k<\/strong><\/h4>\n<p><strong>A k\u00e9zbes\u00edt\u00e9st k\u00f6vet<\/strong><strong>\u0151<\/strong><strong>en a csomagot azonnal bontsuk ki, \u00e9s a n\u00f6v\u00e9nyt helyezz\u00fck el megfelel<\/strong><strong>\u0151<\/strong><strong>\u00a0k\u00f6rnyezetben.<br \/>\nFontos: ha a n\u00f6v\u00e9ny nem r\u00e9szes\u00fcl megfelel<\/strong><strong>\u0151<\/strong><strong>\u00a0gondoz\u00e1sban \u00e9s ennek k\u00f6vetkezt\u00e9ben k\u00e1rosodik vagy elpusztul, felel<\/strong><strong>\u0151<\/strong><strong>ss\u00e9get nem tudunk v\u00e1llalni.<\/strong><\/p>","protected":false},"excerpt":{"rendered":"<ul>\n<li data-start=\"1720\" data-end=\"1783\">\n<p data-start=\"1722\" data-end=\"1783\"><strong data-start=\"1722\" data-end=\"1759\">Rendk\u00edv\u00fcl l\u00e1tv\u00e1nyos \u0151szi lombsz\u00edn<\/strong> (narancs, piros, v\u00f6r\u00f6s)<\/p>\n<\/li>\n<li data-start=\"1784\" data-end=\"1840\">\n<p data-start=\"1786\" data-end=\"1840\"><strong data-start=\"1786\" data-end=\"1819\">J\u00f3l t\u0171ri a v\u00e1rosi k\u00f6rnyezetet<\/strong>, szmogot, talajs\u00f3kat<\/p>\n<\/li>\n<\/ul>\n<p>Kont\u00e9ner m\u00e9rete: 7,5L<\/p>\n<p>N\u00f6v\u00e9ny magass\u00e1ga: 250\/300cm<\/p>\n<h3><span style=\"color: #ff0000;\">A n\u00f6v\u00e9ny magass\u00e1ga miatt GLS fut\u00e1rszolg\u00e1lattal csak visszav\u00e1gva sz\u00e1ll\u00edthat\u00f3!<\/span><\/h3>","protected":false},"featured_media":24321,"template":"","meta":{"_et_pb_use_builder":"","_et_pb_old_content":"","_et_gb_content_width":""},"product_brand":[],"product_cat":[28],"product_tag":[6640,7120,6202,7119,5819,6586,4401,7121],"class_list":{"0":"post-24319","1":"product","2":"type-product","3":"status-publish","4":"has-post-thumbnail","6":"product_cat-diszfak","7":"product_tag-acer-freemanii","8":"product_tag-freeman-juhar","9":"product_tag-gyors-novekedesu-fa","10":"product_tag-hibrid-voros-juhar","11":"product_tag-lombhullato","12":"product_tag-oszi-lombszin","13":"product_tag-oszlopos-diszfa","14":"product_tag-varosturo-diszfa","16":"first","17":"instock","18":"shipping-taxable","19":"purchasable","20":"product-type-simple"},"yoast_head":"<!-- This site is optimized with the Yoast SEO plugin v27.3 - https:\/\/yoast.com\/product\/yoast-seo-wordpress\/ -->\n<title>Acer \u00d7 freemanii &#039;Armstrong&#039; - Hibrid v\u00f6r\u00f6s juhar - T\u00e1jkert\u00e9sz<\/title>\n<meta name=\"description\" content=\"Acer \u00d7 freemanii &#039;Armstrong&#039; - Hibrid v\u00f6r\u00f6s juhar Gyors n\u00f6veked\u00e9s. Rendk\u00edv\u00fcl l\u00e1tv\u00e1nyos \u0151szi lombsz\u00edn (narancs, piros, v\u00f6r\u00f6s)J\u00f3l t\u0171ri a v\u00e1rosi k\u00f6rnyezetet\" \/>\n<meta name=\"robots\" content=\"index, follow, max-snippet:-1, max-image-preview:large, max-video-preview:-1\" \/>\n<link rel=\"canonical\" href=\"https:\/\/tajkertesz.com\/en_US\/product\/acer-x-freemanii-armstrong-hibrid-voros-juhar\/\" \/>\n<meta property=\"og:locale\" content=\"en_US\" \/>\n<meta property=\"og:type\" content=\"article\" \/>\n<meta property=\"og:title\" content=\"Acer \u00d7 freemanii &#039;Armstrong&#039; - Hibrid v\u00f6r\u00f6s juhar - T\u00e1jkert\u00e9sz\" \/>\n<meta property=\"og:description\" content=\"Acer \u00d7 freemanii &#039;Armstrong&#039; - Hibrid v\u00f6r\u00f6s juhar Gyors n\u00f6veked\u00e9s. Rendk\u00edv\u00fcl l\u00e1tv\u00e1nyos \u0151szi lombsz\u00edn (narancs, piros, v\u00f6r\u00f6s)J\u00f3l t\u0171ri a v\u00e1rosi k\u00f6rnyezetet\" \/>\n<meta property=\"og:url\" content=\"https:\/\/tajkertesz.com\/en_US\/product\/acer-x-freemanii-armstrong-hibrid-voros-juhar\/\" \/>\n<meta property=\"og:site_name\" content=\"T\u00e1jkert\u00e9sz\" \/>\n<meta property=\"article:publisher\" content=\"https:\/\/www.facebook.com\/Tajkertesz\/\" \/>\n<meta property=\"article:modified_time\" content=\"2025-11-05T09:27:53+00:00\" \/>\n<meta property=\"og:image\" content=\"https:\/\/tajkertesz.com\/wp-content\/uploads\/2025\/08\/049g07-acer-rubrum_01-e1755767398723.jpg\" \/>\n\t<meta property=\"og:image:width\" content=\"766\" \/>\n\t<meta property=\"og:image:height\" content=\"996\" \/>\n\t<meta property=\"og:image:type\" content=\"image\/jpeg\" \/>\n<meta name=\"twitter:card\" content=\"summary_large_image\" \/>\n<meta name=\"twitter:label1\" content=\"Est. reading time\" \/>\n\t<meta name=\"twitter:data1\" content=\"3 minutes\" \/>\n<script type=\"application\/ld+json\" class=\"yoast-schema-graph\">{\"@context\":\"https:\\\/\\\/schema.org\",\"@graph\":[{\"@type\":\"WebPage\",\"@id\":\"https:\\\/\\\/tajkertesz.com\\\/termek\\\/acer-x-freemanii-armstrong-hibrid-voros-juhar\\\/\",\"url\":\"https:\\\/\\\/tajkertesz.com\\\/termek\\\/acer-x-freemanii-armstrong-hibrid-voros-juhar\\\/\",\"name\":\"Acer \u00d7 freemanii 'Armstrong' - Hibrid v\u00f6r\u00f6s juhar - T\u00e1jkert\u00e9sz\",\"isPartOf\":{\"@id\":\"https:\\\/\\\/tajkertesz.com\\\/#website\"},\"primaryImageOfPage\":{\"@id\":\"https:\\\/\\\/tajkertesz.com\\\/termek\\\/acer-x-freemanii-armstrong-hibrid-voros-juhar\\\/#primaryimage\"},\"image\":{\"@id\":\"https:\\\/\\\/tajkertesz.com\\\/termek\\\/acer-x-freemanii-armstrong-hibrid-voros-juhar\\\/#primaryimage\"},\"thumbnailUrl\":\"https:\\\/\\\/tajkertesz.com\\\/wp-content\\\/uploads\\\/2025\\\/08\\\/049g07-acer-rubrum_01-e1755767398723.jpg\",\"datePublished\":\"2025-08-21T09:19:36+00:00\",\"dateModified\":\"2025-11-05T09:27:53+00:00\",\"description\":\"Acer \u00d7 freemanii 'Armstrong' - Hibrid v\u00f6r\u00f6s juhar Gyors n\u00f6veked\u00e9s. Rendk\u00edv\u00fcl l\u00e1tv\u00e1nyos \u0151szi lombsz\u00edn (narancs, piros, v\u00f6r\u00f6s)J\u00f3l t\u0171ri a v\u00e1rosi k\u00f6rnyezetet\",\"breadcrumb\":{\"@id\":\"https:\\\/\\\/tajkertesz.com\\\/termek\\\/acer-x-freemanii-armstrong-hibrid-voros-juhar\\\/#breadcrumb\"},\"inLanguage\":\"en-US\",\"potentialAction\":[{\"@type\":\"ReadAction\",\"target\":[\"https:\\\/\\\/tajkertesz.com\\\/termek\\\/acer-x-freemanii-armstrong-hibrid-voros-juhar\\\/\"]}]},{\"@type\":\"ImageObject\",\"inLanguage\":\"en-US\",\"@id\":\"https:\\\/\\\/tajkertesz.com\\\/termek\\\/acer-x-freemanii-armstrong-hibrid-voros-juhar\\\/#primaryimage\",\"url\":\"https:\\\/\\\/tajkertesz.com\\\/wp-content\\\/uploads\\\/2025\\\/08\\\/049g07-acer-rubrum_01-e1755767398723.jpg\",\"contentUrl\":\"https:\\\/\\\/tajkertesz.com\\\/wp-content\\\/uploads\\\/2025\\\/08\\\/049g07-acer-rubrum_01-e1755767398723.jpg\",\"width\":766,\"height\":996,\"caption\":\"Acer \u00d7 freemanii 'Armstrong' \u2013 Hibrid v\u00f6r\u00f6s juhar\"},{\"@type\":\"BreadcrumbList\",\"@id\":\"https:\\\/\\\/tajkertesz.com\\\/termek\\\/acer-x-freemanii-armstrong-hibrid-voros-juhar\\\/#breadcrumb\",\"itemListElement\":[{\"@type\":\"ListItem\",\"position\":1,\"name\":\"Home\",\"item\":\"https:\\\/\\\/tajkertesz.com\\\/\"},{\"@type\":\"ListItem\",\"position\":2,\"name\":\"Kezd\u0151lap\",\"item\":\"https:\\\/\\\/tajkertesz.com\\\/\"},{\"@type\":\"ListItem\",\"position\":3,\"name\":\"Acer \u00d7 freemanii &#8216;Armstrong&#8217; &#8211; Hibrid v\u00f6r\u00f6s juhar\"}]},{\"@type\":\"WebSite\",\"@id\":\"https:\\\/\\\/tajkertesz.com\\\/#website\",\"url\":\"https:\\\/\\\/tajkertesz.com\\\/\",\"name\":\"T\u00e1j-Kert\u00e9sz 84 Kft.\",\"description\":\"Kert\u00e9szeti kis- \u00e9s nagykeresked\u00e9s, D\u00edszn\u00f6v\u00e9ny web\u00e1ruh\u00e1z orsz\u00e1gos h\u00e1zhozsz\u00e1ll\u00edt\u00e1ssal!\",\"publisher\":{\"@id\":\"https:\\\/\\\/tajkertesz.com\\\/#organization\"},\"potentialAction\":[{\"@type\":\"SearchAction\",\"target\":{\"@type\":\"EntryPoint\",\"urlTemplate\":\"https:\\\/\\\/tajkertesz.com\\\/?s={search_term_string}\"},\"query-input\":{\"@type\":\"PropertyValueSpecification\",\"valueRequired\":true,\"valueName\":\"search_term_string\"}}],\"inLanguage\":\"en-US\"},{\"@type\":\"Organization\",\"@id\":\"https:\\\/\\\/tajkertesz.com\\\/#organization\",\"name\":\"T\u00e1j-Kert\u00e9sz 84 Kft.\",\"url\":\"https:\\\/\\\/tajkertesz.com\\\/\",\"logo\":{\"@type\":\"ImageObject\",\"inLanguage\":\"en-US\",\"@id\":\"https:\\\/\\\/tajkertesz.com\\\/#\\\/schema\\\/logo\\\/image\\\/\",\"url\":\"https:\\\/\\\/tajkertesz.com\\\/wp-content\\\/uploads\\\/2018\\\/02\\\/logo-2-e1518678052539.png\",\"contentUrl\":\"https:\\\/\\\/tajkertesz.com\\\/wp-content\\\/uploads\\\/2018\\\/02\\\/logo-2-e1518678052539.png\",\"width\":81,\"height\":140,\"caption\":\"T\u00e1j-Kert\u00e9sz 84 Kft.\"},\"image\":{\"@id\":\"https:\\\/\\\/tajkertesz.com\\\/#\\\/schema\\\/logo\\\/image\\\/\"},\"sameAs\":[\"https:\\\/\\\/www.facebook.com\\\/Tajkertesz\\\/\"]}]}<\/script>\n<!-- \/ Yoast SEO plugin. -->","yoast_head_json":{"title":"Acer \u00d7 freemanii 'Armstrong' - Hibrid v\u00f6r\u00f6s juhar - T\u00e1jkert\u00e9sz","description":"Acer \u00d7 freemanii 'Armstrong' - Hibrid v\u00f6r\u00f6s juhar Gyors n\u00f6veked\u00e9s. Rendk\u00edv\u00fcl l\u00e1tv\u00e1nyos \u0151szi lombsz\u00edn (narancs, piros, v\u00f6r\u00f6s)J\u00f3l t\u0171ri a v\u00e1rosi k\u00f6rnyezetet","robots":{"index":"index","follow":"follow","max-snippet":"max-snippet:-1","max-image-preview":"max-image-preview:large","max-video-preview":"max-video-preview:-1"},"canonical":"https:\/\/tajkertesz.com\/en_US\/product\/acer-x-freemanii-armstrong-hibrid-voros-juhar\/","og_locale":"en_US","og_type":"article","og_title":"Acer \u00d7 freemanii 'Armstrong' - Hibrid v\u00f6r\u00f6s juhar - T\u00e1jkert\u00e9sz","og_description":"Acer \u00d7 freemanii 'Armstrong' - Hibrid v\u00f6r\u00f6s juhar Gyors n\u00f6veked\u00e9s. Rendk\u00edv\u00fcl l\u00e1tv\u00e1nyos \u0151szi lombsz\u00edn (narancs, piros, v\u00f6r\u00f6s)J\u00f3l t\u0171ri a v\u00e1rosi k\u00f6rnyezetet","og_url":"https:\/\/tajkertesz.com\/en_US\/product\/acer-x-freemanii-armstrong-hibrid-voros-juhar\/","og_site_name":"T\u00e1jkert\u00e9sz","article_publisher":"https:\/\/www.facebook.com\/Tajkertesz\/","article_modified_time":"2025-11-05T09:27:53+00:00","og_image":[{"width":766,"height":996,"url":"https:\/\/tajkertesz.com\/wp-content\/uploads\/2025\/08\/049g07-acer-rubrum_01-e1755767398723.jpg","type":"image\/jpeg"}],"twitter_card":"summary_large_image","twitter_misc":{"Est. reading time":"3 minutes"},"schema":{"@context":"https:\/\/schema.org","@graph":[{"@type":"WebPage","@id":"https:\/\/tajkertesz.com\/termek\/acer-x-freemanii-armstrong-hibrid-voros-juhar\/","url":"https:\/\/tajkertesz.com\/termek\/acer-x-freemanii-armstrong-hibrid-voros-juhar\/","name":"Acer \u00d7 freemanii 'Armstrong' - Hibrid v\u00f6r\u00f6s juhar - T\u00e1jkert\u00e9sz","isPartOf":{"@id":"https:\/\/tajkertesz.com\/#website"},"primaryImageOfPage":{"@id":"https:\/\/tajkertesz.com\/termek\/acer-x-freemanii-armstrong-hibrid-voros-juhar\/#primaryimage"},"image":{"@id":"https:\/\/tajkertesz.com\/termek\/acer-x-freemanii-armstrong-hibrid-voros-juhar\/#primaryimage"},"thumbnailUrl":"https:\/\/tajkertesz.com\/wp-content\/uploads\/2025\/08\/049g07-acer-rubrum_01-e1755767398723.jpg","datePublished":"2025-08-21T09:19:36+00:00","dateModified":"2025-11-05T09:27:53+00:00","description":"Acer \u00d7 freemanii 'Armstrong' - Hibrid v\u00f6r\u00f6s juhar Gyors n\u00f6veked\u00e9s. Rendk\u00edv\u00fcl l\u00e1tv\u00e1nyos \u0151szi lombsz\u00edn (narancs, piros, v\u00f6r\u00f6s)J\u00f3l t\u0171ri a v\u00e1rosi k\u00f6rnyezetet","breadcrumb":{"@id":"https:\/\/tajkertesz.com\/termek\/acer-x-freemanii-armstrong-hibrid-voros-juhar\/#breadcrumb"},"inLanguage":"en-US","potentialAction":[{"@type":"ReadAction","target":["https:\/\/tajkertesz.com\/termek\/acer-x-freemanii-armstrong-hibrid-voros-juhar\/"]}]},{"@type":"ImageObject","inLanguage":"en-US","@id":"https:\/\/tajkertesz.com\/termek\/acer-x-freemanii-armstrong-hibrid-voros-juhar\/#primaryimage","url":"https:\/\/tajkertesz.com\/wp-content\/uploads\/2025\/08\/049g07-acer-rubrum_01-e1755767398723.jpg","contentUrl":"https:\/\/tajkertesz.com\/wp-content\/uploads\/2025\/08\/049g07-acer-rubrum_01-e1755767398723.jpg","width":766,"height":996,"caption":"Acer \u00d7 freemanii 'Armstrong' \u2013 Hibrid v\u00f6r\u00f6s juhar"},{"@type":"BreadcrumbList","@id":"https:\/\/tajkertesz.com\/termek\/acer-x-freemanii-armstrong-hibrid-voros-juhar\/#breadcrumb","itemListElement":[{"@type":"ListItem","position":1,"name":"Home","item":"https:\/\/tajkertesz.com\/"},{"@type":"ListItem","position":2,"name":"Kezd\u0151lap","item":"https:\/\/tajkertesz.com\/"},{"@type":"ListItem","position":3,"name":"Acer \u00d7 freemanii &#8216;Armstrong&#8217; &#8211; Hibrid v\u00f6r\u00f6s juhar"}]},{"@type":"WebSite","@id":"https:\/\/tajkertesz.com\/#website","url":"https:\/\/tajkertesz.com\/","name":"T\u00e1j-Kert\u00e9sz 84 Kft.","description":"Kert\u00e9szeti kis- \u00e9s nagykeresked\u00e9s, D\u00edszn\u00f6v\u00e9ny web\u00e1ruh\u00e1z orsz\u00e1gos h\u00e1zhozsz\u00e1ll\u00edt\u00e1ssal!","publisher":{"@id":"https:\/\/tajkertesz.com\/#organization"},"potentialAction":[{"@type":"SearchAction","target":{"@type":"EntryPoint","urlTemplate":"https:\/\/tajkertesz.com\/?s={search_term_string}"},"query-input":{"@type":"PropertyValueSpecification","valueRequired":true,"valueName":"search_term_string"}}],"inLanguage":"en-US"},{"@type":"Organization","@id":"https:\/\/tajkertesz.com\/#organization","name":"T\u00e1j-Kert\u00e9sz 84 Kft.","url":"https:\/\/tajkertesz.com\/","logo":{"@type":"ImageObject","inLanguage":"en-US","@id":"https:\/\/tajkertesz.com\/#\/schema\/logo\/image\/","url":"https:\/\/tajkertesz.com\/wp-content\/uploads\/2018\/02\/logo-2-e1518678052539.png","contentUrl":"https:\/\/tajkertesz.com\/wp-content\/uploads\/2018\/02\/logo-2-e1518678052539.png","width":81,"height":140,"caption":"T\u00e1j-Kert\u00e9sz 84 Kft."},"image":{"@id":"https:\/\/tajkertesz.com\/#\/schema\/logo\/image\/"},"sameAs":["https:\/\/www.facebook.com\/Tajkertesz\/"]}]}},"_links":{"self":[{"href":"https:\/\/tajkertesz.com\/en_US\/wp-json\/wp\/v2\/product\/24319","targetHints":{"allow":["GET"]}}],"collection":[{"href":"https:\/\/tajkertesz.com\/en_US\/wp-json\/wp\/v2\/product"}],"about":[{"href":"https:\/\/tajkertesz.com\/en_US\/wp-json\/wp\/v2\/types\/product"}],"wp:featuredmedia":[{"embeddable":true,"href":"https:\/\/tajkertesz.com\/en_US\/wp-json\/wp\/v2\/media\/24321"}],"wp:attachment":[{"href":"https:\/\/tajkertesz.com\/en_US\/wp-json\/wp\/v2\/media?parent=24319"}],"wp:term":[{"taxonomy":"product_brand","embeddable":true,"href":"https:\/\/tajkertesz.com\/en_US\/wp-json\/wp\/v2\/product_brand?post=24319"},{"taxonomy":"product_cat","embeddable":true,"href":"https:\/\/tajkertesz.com\/en_US\/wp-json\/wp\/v2\/product_cat?post=24319"},{"taxonomy":"product_tag","embeddable":true,"href":"https:\/\/tajkertesz.com\/en_US\/wp-json\/wp\/v2\/product_tag?post=24319"}],"curies":[{"name":"wp","href":"https:\/\/api.w.org\/{rel}","templated":true}]}}