{"id":24351,"date":"2025-08-25T14:04:23","date_gmt":"2025-08-25T14:04:23","guid":{"rendered":"https:\/\/tajkertesz.com\/?post_type=product&#038;p=24351"},"modified":"2025-10-28T14:18:43","modified_gmt":"2025-10-28T14:18:43","slug":"triteleia-lactea","status":"publish","type":"product","link":"https:\/\/tajkertesz.com\/en_US\/product\/triteleia-lactea\/","title":{"rendered":"Triteleia lactea hyacinthina vir\u00e1ghagyma \u2013 Feh\u00e9r csillagvir\u00e1g"},"content":{"rendered":"<p data-start=\"563\" data-end=\"881\">A <strong data-start=\"565\" data-end=\"597\">Triteleia lactea hyacinthina<\/strong>, m\u00e1s n\u00e9ven <strong data-start=\"609\" data-end=\"625\">csillagvir\u00e1g<\/strong> egy k\u00fcl\u00f6nleges sz\u00e9ps\u00e9g\u0171, hagym\u00e1s \u00e9vel\u0151 n\u00f6v\u00e9ny, amely j\u00fanius \u00e9s j\u00falius h\u00f3napban vir\u00e1gzik. Finom feh\u00e9r vir\u00e1gai enyh\u00e9n lil\u00e1s \u00e1rnyalatot viselnek, melyek csillag alakban ny\u00edlnak, ez\u00e1ltal remek\u00fcl mutatnak sziklakertben, \u00e1gy\u00e1sokban, vagy ak\u00e1r balkonl\u00e1d\u00e1ban is.<\/p>\n<p data-start=\"883\" data-end=\"1178\">A Triteleia rendk\u00edv\u00fcl <strong data-start=\"905\" data-end=\"927\">k\u00f6nnyen gondozhat\u00f3<\/strong>, <strong data-start=\"929\" data-end=\"962\">napos vagy f\u00e9l\u00e1rny\u00e9kos helyen<\/strong> is j\u00f3l fejl\u0151dik. A hagym\u00e1k <strong data-start=\"990\" data-end=\"1011\">\u0151sszel \u00fcltethet\u0151k<\/strong>, \u00e9s a tavaszi fejl\u0151d\u00e9s ut\u00e1n ny\u00e1r elej\u00e9n bontanak vir\u00e1got. A vir\u00e1gok nemcsak sz\u00e9pek, hanem <strong data-start=\"1102\" data-end=\"1134\">v\u00e1gott vir\u00e1gk\u00e9nt is tart\u00f3sak<\/strong>, \u00edgy v\u00e1z\u00e1ba t\u00e9ve is d\u00edsz\u00edthetik otthonodat.<\/p>\n<p data-start=\"1180\" data-end=\"1332\">Ha szereted a kev\u00e9s gondoz\u00e1st ig\u00e9nyl\u0151, m\u00e9gis dekorat\u00edv vir\u00e1gokat, a <strong data-start=\"1248\" data-end=\"1280\">Triteleia lactea hyacinthina<\/strong> ide\u00e1lis v\u00e1laszt\u00e1s lehet a kertedbe vagy teraszodra.<\/p>\n<h4 data-start=\"1334\" data-end=\"1352\">\ud83c\udf3f Jellemz\u0151k:<\/h4>\n<ul data-start=\"1353\" data-end=\"1619\">\n<li data-start=\"1353\" data-end=\"1379\">\n<p data-start=\"1355\" data-end=\"1379\"><strong data-start=\"1355\" data-end=\"1365\">T\u00edpus:<\/strong> Hagym\u00e1s \u00e9vel\u0151<\/p>\n<\/li>\n<li data-start=\"1380\" data-end=\"1409\">\n<p data-start=\"1382\" data-end=\"1409\"><strong data-start=\"1382\" data-end=\"1395\">Vir\u00e1gz\u00e1s:<\/strong> J\u00fanius\u2013j\u00falius<\/p>\n<\/li>\n<li data-start=\"1410\" data-end=\"1438\">\n<p data-start=\"1412\" data-end=\"1438\"><strong data-start=\"1412\" data-end=\"1425\">Magass\u00e1g:<\/strong> kb. 30\u201340 cm<\/p>\n<\/li>\n<li data-start=\"1439\" data-end=\"1462\">\n<p data-start=\"1441\" data-end=\"1462\"><strong data-start=\"1441\" data-end=\"1450\">Sz\u00edn:<\/strong> Feh\u00e9r<\/p>\n<\/li>\n<li data-start=\"1463\" data-end=\"1508\">\n<p data-start=\"1465\" data-end=\"1508\"><strong data-start=\"1465\" data-end=\"1482\">\u00dcltet\u00e9si id\u0151:<\/strong> \u0150sz (szeptember\u2013november)<\/p>\n<\/li>\n<li data-start=\"1509\" data-end=\"1553\">\n<p data-start=\"1511\" data-end=\"1553\"><strong data-start=\"1511\" data-end=\"1525\">F\u00e9nyig\u00e9ny:<\/strong> Napos vagy f\u00e9l\u00e1rny\u00e9kos hely<\/p>\n<\/li>\n<li data-start=\"1554\" data-end=\"1619\">\n<p data-start=\"1556\" data-end=\"1619\"><strong data-start=\"1556\" data-end=\"1573\">Felhaszn\u00e1l\u00e1s:<\/strong> Kerti \u00e1gy\u00e1s, sziklakert, balkon, v\u00e1gott vir\u00e1g<\/p>\n<\/li>\n<li data-start=\"1554\" data-end=\"1619\"><strong>Kiszerel\u00e9s:<\/strong>15 db\/ csomag<\/li>\n<\/ul>\n<p><strong>Le\u00edr\u00e1s<\/strong><\/p>\n<p><strong>\ud83d\udd04 K\u00e9szletinform\u00e1ci\u00f3<\/strong><\/p>\n<p><strong>K\u00e9szlet\u00fcnk napi szinten v\u00e1ltozik, \u00edgy a webshopban szerepl<\/strong><strong>\u0151<\/strong><strong> term\u00e9kek el\u00e9rhet<\/strong><strong>\u0151<\/strong><strong>s\u00e9ge nem garant\u00e1lt.<br \/>\n\ud83d\udcde A megrendel\u00e9s el<\/strong><strong>\u0151<\/strong><strong>tt k\u00e9rj\u00fck, \u00e9rdekl<\/strong><strong>\u0151<\/strong><strong>dj\u00f6n szem\u00e9lyesen, telefonon vagy e-mailben!<\/strong><\/p>\n<p><strong>\u27a1\ufe0f Kapcsolat:<\/strong><\/p>\n<ul>\n<li><strong>Weboldal: <\/strong><a href=\"https:\/\/tajkertesz.com\"><strong>tajkertesz.com<\/strong><\/a><\/li>\n<li><strong>Facebook: <\/strong><a href=\"https:\/\/www.facebook.com\/tajkertesz\/\"><strong>facebook.com\/tajkertesz<\/strong><\/a><\/li>\n<li><strong>Telefonsz\u00e1m, e-mail: +36\/20-319-3770 <\/strong><a href=\"mailto:tajkerteszaruda@gmail.com\"><strong>tajkerteszaruda@gmail.com<\/strong><\/a><\/li>\n<\/ul>\n<p><strong>\ud83d\ude9a Sz\u00e1ll\u00edt\u00e1si inform\u00e1ci\u00f3k<\/strong><\/p>\n<p><strong>A megrendelt n\u00f6v\u00e9nyek kisz\u00e1ll\u00edt\u00e1sa az al\u00e1bbi felt\u00e9telek mellett t\u00f6rt\u00e9nik:<\/strong><\/p>\n<p><strong>\ud83d\udce6 Fut\u00e1rszolg\u00e1latos sz\u00e1ll\u00edt\u00e1s<\/strong><\/p>\n<ul>\n<li><strong>Maxim\u00e1lis m\u00e9ret: 200 cm (hossz\u00fas\u00e1g)<\/strong><\/li>\n<li><strong>Maxim\u00e1lis s\u00faly: 40 kg<\/strong><\/li>\n<li><strong>Az enn\u00e9l kisebb \u00e9s k\u00f6nnyebb csomagokat fut\u00e1rszolg\u00e1lattal k\u00e9zbes\u00edtj\u00fck a lehet<\/strong><strong>\u0151<\/strong><strong> legbiztons\u00e1gosabb csomagol\u00e1sban.<\/strong><\/li>\n<\/ul>\n<p><strong>\ud83d\udefb Szem\u00e9lyes \u00e1tv\u00e9tel<\/strong><\/p>\n<ul>\n<li><strong>1173 Budapest, Bakancsos utca 7. sz\u00e1m alatt nyitvatart\u00e1si id<\/strong><strong>\u0151<\/strong><strong>ben szem\u00e9lyesen \u00e1tvehet<\/strong><strong>\u0151<\/strong><strong> kert\u00e9szeti \u00e1rud\u00e1nkban.<\/strong><\/li>\n<li><strong>K\u00f6lts\u00e9ghat\u00e9kony megold\u00e1s nagyobb, t\u00f6r\u00e9kenyebb vagy t\u00falm\u00e9retes n\u00f6v\u00e9nyek eset\u00e9n.<\/strong><\/li>\n<\/ul>\n<p><strong>\ud83d\udcde Nagy m\u00e9ret<\/strong><strong>\u0171<\/strong><strong> vagy s\u00faly\u00fa n\u00f6v\u00e9nyek eset\u00e9n<\/strong><\/p>\n<p><strong>Ha a term\u00e9k:<\/strong><\/p>\n<ul>\n<li><strong>meghaladja a 200 cm hossz\u00fas\u00e1got vagy<\/strong><\/li>\n<li><strong>meghaladja a 40 kg s\u00falyt,<\/strong><\/li>\n<\/ul>\n<p><strong>akkor szem\u00e9lyes \u00e1tv\u00e9tellel vagy egyedi, el<\/strong><strong>\u0151<\/strong><strong>re egyeztetett sz\u00e1ll\u00edt\u00e1si felt\u00e9telek mellett t\u00f6rt\u00e9nik.<br \/>\nK\u00e9rj\u00fck, ilyen esetben rendel\u00e9s el<\/strong><strong>\u0151<\/strong><strong>tt vegye fel vel\u00fcnk a kapcsolatot, hogy a lehet<\/strong><strong>\u0151<\/strong><strong> legmegfelel<\/strong><strong>\u0151<\/strong><strong>bb sz\u00e1ll\u00edt\u00e1si megold\u00e1st k\u00edn\u00e1lhassuk.<\/strong><\/p>\n<p><strong>\ud83d\udd14 Fontos: A n\u00f6v\u00e9nyeket minden esetben igyeksz\u00fcnk gondosan, egyes\u00e9vel csomagolni, azonban a sz\u00e1ll\u00edt\u00e1s sor\u00e1n kisebb eszt\u00e9tikai s\u00e9r\u00fcl\u00e9sek el<\/strong><strong>\u0151<\/strong><strong>fordulhatnak (pl. lev\u00e9lhull\u00e1s). Ez nem min<\/strong><strong>\u0151<\/strong><strong>s\u00fcl hib\u00e1s teljes\u00edt\u00e9snek.<\/strong><\/p>\n<p><strong>\ud83d\udcf7 Fontos tudni a k\u00e9pekr<\/strong><strong>\u0151<\/strong><strong>l<\/strong><\/p>\n<p><strong>A webshopban szerepl<\/strong><strong>\u0151<\/strong><strong> k\u00e9pek illusztr\u00e1ci\u00f3k, a n\u00f6v\u00e9nyek term\u00e9szet\u00fckn\u00e9l fogva egyediek, \u00edgy m\u00e9retben, alakban \u00e9s sz\u00ednben minim\u00e1lis elt\u00e9r\u00e9sek el<\/strong><strong>\u0151<\/strong><strong>fordulhatnak a k\u00e9pen l\u00e1that\u00f3 \u00e9s a val\u00f3s p\u00e9ld\u00e1nyok k\u00f6z\u00f6tt.<\/strong><\/p>\n<p><strong>\ud83e\uddfe \u00c1rak \u00e9s el\u00e1ll\u00e1si jog<\/strong><\/p>\n<ul>\n<li><strong>Az \u00e1rak egy darab\u00a0n\u00f6v\u00e9nyre vonatkoznak.<\/strong><\/li>\n<li><strong>\u00c9l<\/strong><strong>\u0151<\/strong><strong> n\u00f6v\u00e9nyek rendel\u00e9se eset\u00e9n a 14 napos el\u00e1ll\u00e1s joga nem \u00e9rv\u00e9nyes\u00edthet<\/strong><strong>\u0151<\/strong><strong>, mivel azok romland\u00f3, biol\u00f3giailag \u00e9l<\/strong><strong>\u0151<\/strong><strong> term\u00e9keknek min<\/strong><strong>\u0151<\/strong><strong>s\u00fclnek.<br \/>\n\ud83d\udd12 (17\/1999. (II. 5.) Korm. rendelet 5. \u00a7 c) pontja alapj\u00e1n)<\/strong><\/li>\n<\/ul>\n<p><strong>\ud83d\udce6 K\u00e9zbes\u00edt\u00e9s ut\u00e1ni teend<\/strong><strong>\u0151<\/strong><strong>k<\/strong><\/p>\n<p><strong>A k\u00e9zbes\u00edt\u00e9st k\u00f6vet<\/strong><strong>\u0151<\/strong><strong>en a csomagot azonnal bontsuk ki, \u00e9s a n\u00f6v\u00e9nyt helyezz\u00fck el megfelel<\/strong><strong>\u0151<\/strong><strong> k\u00f6rnyezetben.<br \/>\nFontos: ha a n\u00f6v\u00e9ny nem r\u00e9szes\u00fcl megfelel<\/strong><strong>\u0151<\/strong><strong> gondoz\u00e1sban \u00e9s ennek k\u00f6vetkezt\u00e9ben k\u00e1rosodik vagy elpusztul, felel<\/strong><strong>\u0151<\/strong><strong>ss\u00e9get nem tudunk v\u00e1llalni.<\/strong><\/p>","protected":false},"excerpt":{"rendered":"<p>K\u00fcl\u00f6nleges Triteleia lactea hyacinthina vir\u00e1ghagyma feh\u00e9r vir\u00e1gokkal. \u00dcltesd kertedbe ezt az eleg\u00e1ns, k\u00f6nnyen gondozhat\u00f3 \u00e9vel\u0151t!<\/p>","protected":false},"featured_media":24352,"template":"","meta":{"_et_pb_use_builder":"","_et_pb_old_content":"","_et_gb_content_width":""},"product_brand":[],"product_cat":[3857],"product_tag":[6379,6473,54,5922,3614,6297,4472,6474,6094,6472,6210,6284],"class_list":{"0":"post-24351","1":"product","2":"type-product","3":"status-publish","4":"has-post-thumbnail","6":"product_cat-viraghagyma-dughagyma","7":"product_tag-balkonvirag","8":"product_tag-csillagvirag","9":"product_tag-disznoveny","10":"product_tag-evelo-noveny","11":"product_tag-feher-virag","12":"product_tag-hagymas-noveny","13":"product_tag-kert","14":"product_tag-konnyen-gondozhato-virag","15":"product_tag-nyari-virag","16":"product_tag-triteleia","17":"product_tag-viragagyas","18":"product_tag-viraghagyma","20":"first","21":"outofstock","22":"shipping-taxable","23":"product-type-simple"},"yoast_head":"<!-- This site is optimized with the Yoast SEO plugin v27.6 - https:\/\/yoast.com\/product\/yoast-seo-wordpress\/ -->\n<title>Triteleia lactea hyacinthina vir\u00e1ghagyma \u2013 Feh\u00e9r csillagvir\u00e1g - T\u00e1jkert\u00e9sz<\/title>\n<meta name=\"description\" content=\"K\u00fcl\u00f6nleges Triteleia lactea hyacinthina vir\u00e1ghagyma feh\u00e9r vir\u00e1gokkal. \u00dcltesd kertedbe ezt az eleg\u00e1ns, k\u00f6nnyen gondozhat\u00f3 \u00e9vel\u0151t!\" \/>\n<meta name=\"robots\" content=\"index, follow, max-snippet:-1, max-image-preview:large, max-video-preview:-1\" \/>\n<link rel=\"canonical\" href=\"https:\/\/tajkertesz.com\/en_US\/product\/triteleia-lactea\/\" \/>\n<meta property=\"og:locale\" content=\"en_US\" \/>\n<meta property=\"og:type\" content=\"article\" \/>\n<meta property=\"og:title\" content=\"Triteleia lactea hyacinthina vir\u00e1ghagyma \u2013 Feh\u00e9r csillagvir\u00e1g - T\u00e1jkert\u00e9sz\" \/>\n<meta property=\"og:description\" content=\"K\u00fcl\u00f6nleges Triteleia lactea hyacinthina vir\u00e1ghagyma feh\u00e9r vir\u00e1gokkal. \u00dcltesd kertedbe ezt az eleg\u00e1ns, k\u00f6nnyen gondozhat\u00f3 \u00e9vel\u0151t!\" \/>\n<meta property=\"og:url\" content=\"https:\/\/tajkertesz.com\/en_US\/product\/triteleia-lactea\/\" \/>\n<meta property=\"og:site_name\" content=\"T\u00e1jkert\u00e9sz\" \/>\n<meta property=\"article:publisher\" content=\"https:\/\/www.facebook.com\/Tajkertesz\/\" \/>\n<meta property=\"article:modified_time\" content=\"2025-10-28T14:18:43+00:00\" \/>\n<meta property=\"og:image\" content=\"https:\/\/tajkertesz.com\/wp-content\/uploads\/2025\/08\/triteleia_lactea_hyacinthina_vajszinu_csillaghagyma.jpg.webp\" \/>\n\t<meta property=\"og:image:width\" content=\"900\" \/>\n\t<meta property=\"og:image:height\" content=\"900\" \/>\n\t<meta property=\"og:image:type\" content=\"image\/webp\" \/>\n<meta name=\"twitter:card\" content=\"summary_large_image\" \/>\n<meta name=\"twitter:label1\" content=\"Est. reading time\" \/>\n\t<meta name=\"twitter:data1\" content=\"3 minutes\" \/>\n<script type=\"application\/ld+json\" class=\"yoast-schema-graph\">{\"@context\":\"https:\\\/\\\/schema.org\",\"@graph\":[{\"@type\":\"WebPage\",\"@id\":\"https:\\\/\\\/tajkertesz.com\\\/termek\\\/triteleia-lactea\\\/\",\"url\":\"https:\\\/\\\/tajkertesz.com\\\/termek\\\/triteleia-lactea\\\/\",\"name\":\"Triteleia lactea hyacinthina vir\u00e1ghagyma \u2013 Feh\u00e9r csillagvir\u00e1g - T\u00e1jkert\u00e9sz\",\"isPartOf\":{\"@id\":\"https:\\\/\\\/tajkertesz.com\\\/#website\"},\"primaryImageOfPage\":{\"@id\":\"https:\\\/\\\/tajkertesz.com\\\/termek\\\/triteleia-lactea\\\/#primaryimage\"},\"image\":{\"@id\":\"https:\\\/\\\/tajkertesz.com\\\/termek\\\/triteleia-lactea\\\/#primaryimage\"},\"thumbnailUrl\":\"https:\\\/\\\/tajkertesz.com\\\/wp-content\\\/uploads\\\/2025\\\/08\\\/triteleia_lactea_hyacinthina_vajszinu_csillaghagyma.jpg.webp\",\"datePublished\":\"2025-08-25T14:04:23+00:00\",\"dateModified\":\"2025-10-28T14:18:43+00:00\",\"description\":\"K\u00fcl\u00f6nleges Triteleia lactea hyacinthina vir\u00e1ghagyma feh\u00e9r vir\u00e1gokkal. \u00dcltesd kertedbe ezt az eleg\u00e1ns, k\u00f6nnyen gondozhat\u00f3 \u00e9vel\u0151t!\",\"breadcrumb\":{\"@id\":\"https:\\\/\\\/tajkertesz.com\\\/termek\\\/triteleia-lactea\\\/#breadcrumb\"},\"inLanguage\":\"en-US\",\"potentialAction\":[{\"@type\":\"ReadAction\",\"target\":[\"https:\\\/\\\/tajkertesz.com\\\/termek\\\/triteleia-lactea\\\/\"]}]},{\"@type\":\"ImageObject\",\"inLanguage\":\"en-US\",\"@id\":\"https:\\\/\\\/tajkertesz.com\\\/termek\\\/triteleia-lactea\\\/#primaryimage\",\"url\":\"https:\\\/\\\/tajkertesz.com\\\/wp-content\\\/uploads\\\/2025\\\/08\\\/triteleia_lactea_hyacinthina_vajszinu_csillaghagyma.jpg.webp\",\"contentUrl\":\"https:\\\/\\\/tajkertesz.com\\\/wp-content\\\/uploads\\\/2025\\\/08\\\/triteleia_lactea_hyacinthina_vajszinu_csillaghagyma.jpg.webp\",\"width\":900,\"height\":900,\"caption\":\"Triteleia lactea hyacinthina vir\u00e1g teljes pomp\u00e1j\u00e1ban feh\u00e9r-lil\u00e1s szirmokkal, napf\u00e9nyes kertben\"},{\"@type\":\"BreadcrumbList\",\"@id\":\"https:\\\/\\\/tajkertesz.com\\\/termek\\\/triteleia-lactea\\\/#breadcrumb\",\"itemListElement\":[{\"@type\":\"ListItem\",\"position\":1,\"name\":\"Home\",\"item\":\"https:\\\/\\\/tajkertesz.com\\\/\"},{\"@type\":\"ListItem\",\"position\":2,\"name\":\"Kezd\u0151lap\",\"item\":\"https:\\\/\\\/tajkertesz.com\\\/\"},{\"@type\":\"ListItem\",\"position\":3,\"name\":\"Triteleia lactea hyacinthina vir\u00e1ghagyma \u2013 Feh\u00e9r csillagvir\u00e1g\"}]},{\"@type\":\"WebSite\",\"@id\":\"https:\\\/\\\/tajkertesz.com\\\/#website\",\"url\":\"https:\\\/\\\/tajkertesz.com\\\/\",\"name\":\"T\u00e1j-Kert\u00e9sz 84 Kft.\",\"description\":\"Kert\u00e9szeti kis- \u00e9s nagykeresked\u00e9s, D\u00edszn\u00f6v\u00e9ny web\u00e1ruh\u00e1z orsz\u00e1gos h\u00e1zhozsz\u00e1ll\u00edt\u00e1ssal!\",\"publisher\":{\"@id\":\"https:\\\/\\\/tajkertesz.com\\\/#organization\"},\"potentialAction\":[{\"@type\":\"SearchAction\",\"target\":{\"@type\":\"EntryPoint\",\"urlTemplate\":\"https:\\\/\\\/tajkertesz.com\\\/?s={search_term_string}\"},\"query-input\":{\"@type\":\"PropertyValueSpecification\",\"valueRequired\":true,\"valueName\":\"search_term_string\"}}],\"inLanguage\":\"en-US\"},{\"@type\":\"Organization\",\"@id\":\"https:\\\/\\\/tajkertesz.com\\\/#organization\",\"name\":\"T\u00e1j-Kert\u00e9sz 84 Kft.\",\"url\":\"https:\\\/\\\/tajkertesz.com\\\/\",\"logo\":{\"@type\":\"ImageObject\",\"inLanguage\":\"en-US\",\"@id\":\"https:\\\/\\\/tajkertesz.com\\\/#\\\/schema\\\/logo\\\/image\\\/\",\"url\":\"https:\\\/\\\/tajkertesz.com\\\/wp-content\\\/uploads\\\/2018\\\/02\\\/logo-2-e1518678052539.png\",\"contentUrl\":\"https:\\\/\\\/tajkertesz.com\\\/wp-content\\\/uploads\\\/2018\\\/02\\\/logo-2-e1518678052539.png\",\"width\":81,\"height\":140,\"caption\":\"T\u00e1j-Kert\u00e9sz 84 Kft.\"},\"image\":{\"@id\":\"https:\\\/\\\/tajkertesz.com\\\/#\\\/schema\\\/logo\\\/image\\\/\"},\"sameAs\":[\"https:\\\/\\\/www.facebook.com\\\/Tajkertesz\\\/\"]}]}<\/script>\n<!-- \/ Yoast SEO plugin. -->","yoast_head_json":{"title":"Triteleia lactea hyacinthina vir\u00e1ghagyma \u2013 Feh\u00e9r csillagvir\u00e1g - T\u00e1jkert\u00e9sz","description":"K\u00fcl\u00f6nleges Triteleia lactea hyacinthina vir\u00e1ghagyma feh\u00e9r vir\u00e1gokkal. \u00dcltesd kertedbe ezt az eleg\u00e1ns, k\u00f6nnyen gondozhat\u00f3 \u00e9vel\u0151t!","robots":{"index":"index","follow":"follow","max-snippet":"max-snippet:-1","max-image-preview":"max-image-preview:large","max-video-preview":"max-video-preview:-1"},"canonical":"https:\/\/tajkertesz.com\/en_US\/product\/triteleia-lactea\/","og_locale":"en_US","og_type":"article","og_title":"Triteleia lactea hyacinthina vir\u00e1ghagyma \u2013 Feh\u00e9r csillagvir\u00e1g - T\u00e1jkert\u00e9sz","og_description":"K\u00fcl\u00f6nleges Triteleia lactea hyacinthina vir\u00e1ghagyma feh\u00e9r vir\u00e1gokkal. \u00dcltesd kertedbe ezt az eleg\u00e1ns, k\u00f6nnyen gondozhat\u00f3 \u00e9vel\u0151t!","og_url":"https:\/\/tajkertesz.com\/en_US\/product\/triteleia-lactea\/","og_site_name":"T\u00e1jkert\u00e9sz","article_publisher":"https:\/\/www.facebook.com\/Tajkertesz\/","article_modified_time":"2025-10-28T14:18:43+00:00","og_image":[{"width":900,"height":900,"url":"https:\/\/tajkertesz.com\/wp-content\/uploads\/2025\/08\/triteleia_lactea_hyacinthina_vajszinu_csillaghagyma.jpg.webp","type":"image\/webp"}],"twitter_card":"summary_large_image","twitter_misc":{"Est. reading time":"3 minutes"},"schema":{"@context":"https:\/\/schema.org","@graph":[{"@type":"WebPage","@id":"https:\/\/tajkertesz.com\/termek\/triteleia-lactea\/","url":"https:\/\/tajkertesz.com\/termek\/triteleia-lactea\/","name":"Triteleia lactea hyacinthina vir\u00e1ghagyma \u2013 Feh\u00e9r csillagvir\u00e1g - T\u00e1jkert\u00e9sz","isPartOf":{"@id":"https:\/\/tajkertesz.com\/#website"},"primaryImageOfPage":{"@id":"https:\/\/tajkertesz.com\/termek\/triteleia-lactea\/#primaryimage"},"image":{"@id":"https:\/\/tajkertesz.com\/termek\/triteleia-lactea\/#primaryimage"},"thumbnailUrl":"https:\/\/tajkertesz.com\/wp-content\/uploads\/2025\/08\/triteleia_lactea_hyacinthina_vajszinu_csillaghagyma.jpg.webp","datePublished":"2025-08-25T14:04:23+00:00","dateModified":"2025-10-28T14:18:43+00:00","description":"K\u00fcl\u00f6nleges Triteleia lactea hyacinthina vir\u00e1ghagyma feh\u00e9r vir\u00e1gokkal. \u00dcltesd kertedbe ezt az eleg\u00e1ns, k\u00f6nnyen gondozhat\u00f3 \u00e9vel\u0151t!","breadcrumb":{"@id":"https:\/\/tajkertesz.com\/termek\/triteleia-lactea\/#breadcrumb"},"inLanguage":"en-US","potentialAction":[{"@type":"ReadAction","target":["https:\/\/tajkertesz.com\/termek\/triteleia-lactea\/"]}]},{"@type":"ImageObject","inLanguage":"en-US","@id":"https:\/\/tajkertesz.com\/termek\/triteleia-lactea\/#primaryimage","url":"https:\/\/tajkertesz.com\/wp-content\/uploads\/2025\/08\/triteleia_lactea_hyacinthina_vajszinu_csillaghagyma.jpg.webp","contentUrl":"https:\/\/tajkertesz.com\/wp-content\/uploads\/2025\/08\/triteleia_lactea_hyacinthina_vajszinu_csillaghagyma.jpg.webp","width":900,"height":900,"caption":"Triteleia lactea hyacinthina vir\u00e1g teljes pomp\u00e1j\u00e1ban feh\u00e9r-lil\u00e1s szirmokkal, napf\u00e9nyes kertben"},{"@type":"BreadcrumbList","@id":"https:\/\/tajkertesz.com\/termek\/triteleia-lactea\/#breadcrumb","itemListElement":[{"@type":"ListItem","position":1,"name":"Home","item":"https:\/\/tajkertesz.com\/"},{"@type":"ListItem","position":2,"name":"Kezd\u0151lap","item":"https:\/\/tajkertesz.com\/"},{"@type":"ListItem","position":3,"name":"Triteleia lactea hyacinthina vir\u00e1ghagyma \u2013 Feh\u00e9r csillagvir\u00e1g"}]},{"@type":"WebSite","@id":"https:\/\/tajkertesz.com\/#website","url":"https:\/\/tajkertesz.com\/","name":"T\u00e1j-Kert\u00e9sz 84 Kft.","description":"Kert\u00e9szeti kis- \u00e9s nagykeresked\u00e9s, D\u00edszn\u00f6v\u00e9ny web\u00e1ruh\u00e1z orsz\u00e1gos h\u00e1zhozsz\u00e1ll\u00edt\u00e1ssal!","publisher":{"@id":"https:\/\/tajkertesz.com\/#organization"},"potentialAction":[{"@type":"SearchAction","target":{"@type":"EntryPoint","urlTemplate":"https:\/\/tajkertesz.com\/?s={search_term_string}"},"query-input":{"@type":"PropertyValueSpecification","valueRequired":true,"valueName":"search_term_string"}}],"inLanguage":"en-US"},{"@type":"Organization","@id":"https:\/\/tajkertesz.com\/#organization","name":"T\u00e1j-Kert\u00e9sz 84 Kft.","url":"https:\/\/tajkertesz.com\/","logo":{"@type":"ImageObject","inLanguage":"en-US","@id":"https:\/\/tajkertesz.com\/#\/schema\/logo\/image\/","url":"https:\/\/tajkertesz.com\/wp-content\/uploads\/2018\/02\/logo-2-e1518678052539.png","contentUrl":"https:\/\/tajkertesz.com\/wp-content\/uploads\/2018\/02\/logo-2-e1518678052539.png","width":81,"height":140,"caption":"T\u00e1j-Kert\u00e9sz 84 Kft."},"image":{"@id":"https:\/\/tajkertesz.com\/#\/schema\/logo\/image\/"},"sameAs":["https:\/\/www.facebook.com\/Tajkertesz\/"]}]}},"_links":{"self":[{"href":"https:\/\/tajkertesz.com\/en_US\/wp-json\/wp\/v2\/product\/24351","targetHints":{"allow":["GET"]}}],"collection":[{"href":"https:\/\/tajkertesz.com\/en_US\/wp-json\/wp\/v2\/product"}],"about":[{"href":"https:\/\/tajkertesz.com\/en_US\/wp-json\/wp\/v2\/types\/product"}],"wp:featuredmedia":[{"embeddable":true,"href":"https:\/\/tajkertesz.com\/en_US\/wp-json\/wp\/v2\/media\/24352"}],"wp:attachment":[{"href":"https:\/\/tajkertesz.com\/en_US\/wp-json\/wp\/v2\/media?parent=24351"}],"wp:term":[{"taxonomy":"product_brand","embeddable":true,"href":"https:\/\/tajkertesz.com\/en_US\/wp-json\/wp\/v2\/product_brand?post=24351"},{"taxonomy":"product_cat","embeddable":true,"href":"https:\/\/tajkertesz.com\/en_US\/wp-json\/wp\/v2\/product_cat?post=24351"},{"taxonomy":"product_tag","embeddable":true,"href":"https:\/\/tajkertesz.com\/en_US\/wp-json\/wp\/v2\/product_tag?post=24351"}],"curies":[{"name":"wp","href":"https:\/\/api.w.org\/{rel}","templated":true}]}}