{"id":24353,"date":"2025-08-25T14:15:23","date_gmt":"2025-08-25T14:15:23","guid":{"rendered":"https:\/\/tajkertesz.com\/?post_type=product&#038;p=24353"},"modified":"2025-10-27T15:17:09","modified_gmt":"2025-10-27T15:17:09","slug":"triteleia-queen-fabiola-viraghagyma-15-db-csomag","status":"publish","type":"product","link":"https:\/\/tajkertesz.com\/en_US\/product\/triteleia-queen-fabiola-viraghagyma-15-db-csomag\/","title":{"rendered":"Triteleia \u2018Queen Fabiola\u2019 vir\u00e1ghagyma 15 db\/csomag"},"content":{"rendered":"<h1 data-start=\"699\" data-end=\"969\">A <strong data-start=\"701\" data-end=\"730\">Triteleia \u2018Queen Fabiola\u2019<\/strong> egy leny\u0171g\u00f6z\u0151 megjelen\u00e9s\u0171, ny\u00e1ron vir\u00e1gz\u00f3 hagym\u00e1s \u00e9vel\u0151 n\u00f6v\u00e9ny, mely m\u00e9lt\u00e1n kapta a kir\u00e1lyi nevet. \u00c9l\u00e9nk <strong data-start=\"836\" data-end=\"863\">kir\u00e1lyk\u00e9k-lil\u00e1s vir\u00e1gai<\/strong> csillag alakban ny\u00edlnak, \u00e9s eleg\u00e1ns megjelen\u00e9st k\u00f6lcs\u00f6n\u00f6znek b\u00e1rmelyik vir\u00e1g\u00e1gy\u00e1snak vagy sziklakertnek.<\/h1>\n<h2 data-start=\"971\" data-end=\"1218\">Ezek a d\u00edszhagym\u00e1k <strong data-start=\"990\" data-end=\"1012\">k\u00f6nnyen nevelhet\u0151k<\/strong>, \u00e9s ide\u00e1lisak azok sz\u00e1m\u00e1ra, akik <strong data-start=\"1046\" data-end=\"1110\">alacsony karbantart\u00e1si ig\u00e9ny\u0171, de dekorat\u00edv vir\u00e1got keresnek<\/strong>. A <strong data-start=\"1114\" data-end=\"1127\">Triteleia<\/strong> fajok j\u00f3l t\u0171rik a sz\u00e1razs\u00e1got is, ez\u00e9rt kiv\u00e1l\u00f3an alkalmasak napos, meleg fekv\u00e9s\u0171 helyekre.<\/h2>\n<h3 data-start=\"1220\" data-end=\"1386\">A hagym\u00e1k <strong data-start=\"1230\" data-end=\"1251\">\u0151sszel \u00fcltethet\u0151k<\/strong>, \u00e9s <strong data-start=\"1256\" data-end=\"1276\">j\u00fanius\u2013j\u00faliusban<\/strong> vir\u00e1goznak. V\u00e1gott vir\u00e1gk\u00e9nt is hossz\u00fa \u00e9let\u0171, \u00edgy a kertb\u0151l ak\u00e1r a v\u00e1z\u00e1ba is bevihetj\u00fck ezt a pomp\u00e1s vir\u00e1got.<\/h3>\n<hr data-start=\"1388\" data-end=\"1391\" \/>\n<h4 data-start=\"1393\" data-end=\"1417\">\ud83c\udf3f <strong data-start=\"1400\" data-end=\"1416\">F\u0151 jellemz\u0151k<\/strong>:<\/h4>\n<ul data-start=\"1418\" data-end=\"1801\">\n<li data-start=\"1418\" data-end=\"1464\">\n<p data-start=\"1420\" data-end=\"1464\"><strong data-start=\"1420\" data-end=\"1438\">Botanikai n\u00e9v:<\/strong> Triteleia \u2018Queen Fabiola\u2019<\/p>\n<\/li>\n<li data-start=\"1465\" data-end=\"1519\">\n<p data-start=\"1467\" data-end=\"1519\"><strong data-start=\"1467\" data-end=\"1483\">Vir\u00e1g sz\u00edne:<\/strong> Kir\u00e1lyk\u00e9k, enyh\u00e9n lil\u00e1s \u00e1rnyalattal<\/p>\n<\/li>\n<li data-start=\"1520\" data-end=\"1555\">\n<p data-start=\"1522\" data-end=\"1555\"><strong data-start=\"1522\" data-end=\"1541\">Vir\u00e1gz\u00e1s ideje:<\/strong> J\u00fanius\u2013j\u00falius<\/p>\n<\/li>\n<li data-start=\"1556\" data-end=\"1584\">\n<p data-start=\"1558\" data-end=\"1584\"><strong data-start=\"1558\" data-end=\"1571\">Magass\u00e1g:<\/strong> kb. 30\u201340 cm<\/p>\n<\/li>\n<li data-start=\"1585\" data-end=\"1630\">\n<p data-start=\"1587\" data-end=\"1630\"><strong data-start=\"1587\" data-end=\"1604\">\u00dcltet\u00e9si id\u0151:<\/strong> \u0150sz (szeptember\u2013november)<\/p>\n<\/li>\n<li data-start=\"1631\" data-end=\"1675\">\n<p data-start=\"1633\" data-end=\"1675\"><strong data-start=\"1633\" data-end=\"1647\">F\u00e9nyig\u00e9ny:<\/strong> Napos vagy f\u00e9l\u00e1rny\u00e9kos hely<\/p>\n<\/li>\n<li data-start=\"1676\" data-end=\"1737\">\n<p data-start=\"1678\" data-end=\"1737\"><strong data-start=\"1678\" data-end=\"1693\">T\u00e9l\u00e1ll\u00f3s\u00e1g:<\/strong> M\u00e9rs\u00e9kelten fagy\u00e1ll\u00f3 (v\u00e9dett hely aj\u00e1nlott)<\/p>\n<\/li>\n<li data-start=\"1738\" data-end=\"1801\">\n<p data-start=\"1740\" data-end=\"1801\"><strong data-start=\"1740\" data-end=\"1757\">Felhaszn\u00e1l\u00e1s:<\/strong> Vir\u00e1g\u00e1gy\u00e1s, sziklakert, d\u00e9zsa, v\u00e1gott vir\u00e1g<\/p>\n<\/li>\n<\/ul>\n<p>&nbsp;<\/p>\n<p>&nbsp;<\/p>\n<p>&nbsp;<\/p>\n<h5><strong>\ud83d\udd04 K\u00e9szletinform\u00e1ci\u00f3<\/strong><\/h5>\n<p><strong>K\u00e9szlet\u00fcnk napi szinten v\u00e1ltozik, \u00edgy a webshopban szerepl<\/strong><strong>\u0151<\/strong><strong> term\u00e9kek el\u00e9rhet<\/strong><strong>\u0151<\/strong><strong>s\u00e9ge nem garant\u00e1lt.<br \/>\n\ud83d\udcde A megrendel\u00e9s el<\/strong><strong>\u0151<\/strong><strong>tt k\u00e9rj\u00fck, \u00e9rdekl<\/strong><strong>\u0151<\/strong><strong>dj\u00f6n szem\u00e9lyesen, telefonon vagy e-mailben!<\/strong><\/p>\n<p><strong>\u27a1\ufe0f Kapcsolat:<\/strong><\/p>\n<ul>\n<li><strong>Weboldal: <\/strong><a href=\"https:\/\/tajkertesz.com\"><strong>tajkertesz.com<\/strong><\/a><\/li>\n<li><strong>Facebook: <\/strong><a href=\"https:\/\/www.facebook.com\/tajkertesz\/\"><strong>facebook.com\/tajkertesz<\/strong><\/a><\/li>\n<li><strong>Telefonsz\u00e1m, e-mail: +36\/20-319-3770 <\/strong><a href=\"mailto:tajkerteszaruda@gmail.com\"><strong>tajkerteszaruda@gmail.com<\/strong><\/a><\/li>\n<\/ul>\n<p><strong>\ud83d\ude9a Sz\u00e1ll\u00edt\u00e1si inform\u00e1ci\u00f3k<\/strong><\/p>\n<p><strong>A megrendelt n\u00f6v\u00e9nyek kisz\u00e1ll\u00edt\u00e1sa az al\u00e1bbi felt\u00e9telek mellett t\u00f6rt\u00e9nik:<\/strong><\/p>\n<p><strong>\ud83d\udce6 Fut\u00e1rszolg\u00e1latos sz\u00e1ll\u00edt\u00e1s<\/strong><\/p>\n<ul>\n<li><strong>Maxim\u00e1lis m\u00e9ret: 200 cm (hossz\u00fas\u00e1g)<\/strong><\/li>\n<li><strong>Maxim\u00e1lis s\u00faly: 40 kg<\/strong><\/li>\n<li><strong>Az enn\u00e9l kisebb \u00e9s k\u00f6nnyebb csomagokat fut\u00e1rszolg\u00e1lattal k\u00e9zbes\u00edtj\u00fck a lehet<\/strong><strong>\u0151<\/strong><strong> legbiztons\u00e1gosabb csomagol\u00e1sban.<\/strong><\/li>\n<\/ul>\n<p><strong>\ud83d\udefb Szem\u00e9lyes \u00e1tv\u00e9tel<\/strong><\/p>\n<ul>\n<li><strong>1173 Budapest, Bakancsos utca 7. sz\u00e1m alatt nyitvatart\u00e1si id<\/strong><strong>\u0151<\/strong><strong>ben szem\u00e9lyesen \u00e1tvehet<\/strong><strong>\u0151<\/strong><strong> kert\u00e9szeti \u00e1rud\u00e1nkban.<\/strong><\/li>\n<li><strong>K\u00f6lts\u00e9ghat\u00e9kony megold\u00e1s nagyobb, t\u00f6r\u00e9kenyebb vagy t\u00falm\u00e9retes n\u00f6v\u00e9nyek eset\u00e9n.<\/strong><\/li>\n<\/ul>\n<p><strong>\ud83d\udcde Nagy m\u00e9ret<\/strong><strong>\u0171<\/strong><strong> vagy s\u00faly\u00fa n\u00f6v\u00e9nyek eset\u00e9n<\/strong><\/p>\n<p><strong>Ha a term\u00e9k:<\/strong><\/p>\n<ul>\n<li><strong>meghaladja a 200 cm hossz\u00fas\u00e1got vagy<\/strong><\/li>\n<li><strong>meghaladja a 40 kg s\u00falyt,<\/strong><\/li>\n<\/ul>\n<p><strong>akkor szem\u00e9lyes \u00e1tv\u00e9tellel vagy egyedi, el<\/strong><strong>\u0151<\/strong><strong>re egyeztetett sz\u00e1ll\u00edt\u00e1si felt\u00e9telek mellett t\u00f6rt\u00e9nik.<br \/>\nK\u00e9rj\u00fck, ilyen esetben rendel\u00e9s el<\/strong><strong>\u0151<\/strong><strong>tt vegye fel vel\u00fcnk a kapcsolatot, hogy a lehet<\/strong><strong>\u0151<\/strong><strong> legmegfelel<\/strong><strong>\u0151<\/strong><strong>bb sz\u00e1ll\u00edt\u00e1si megold\u00e1st k\u00edn\u00e1lhassuk.<\/strong><\/p>\n<p><strong>\ud83d\udd14 Fontos: A n\u00f6v\u00e9nyeket minden esetben igyeksz\u00fcnk gondosan, egyes\u00e9vel csomagolni, azonban a sz\u00e1ll\u00edt\u00e1s sor\u00e1n kisebb eszt\u00e9tikai s\u00e9r\u00fcl\u00e9sek el<\/strong><strong>\u0151<\/strong><strong>fordulhatnak (pl. lev\u00e9lhull\u00e1s). Ez nem min<\/strong><strong>\u0151<\/strong><strong>s\u00fcl hib\u00e1s teljes\u00edt\u00e9snek.<\/strong><\/p>\n<p><strong>\ud83d\udcf7 Fontos tudni a k\u00e9pekr<\/strong><strong>\u0151<\/strong><strong>l<\/strong><\/p>\n<p><strong>A webshopban szerepl<\/strong><strong>\u0151<\/strong><strong> k\u00e9pek illusztr\u00e1ci\u00f3k, a n\u00f6v\u00e9nyek term\u00e9szet\u00fckn\u00e9l fogva egyediek, \u00edgy m\u00e9retben, alakban \u00e9s sz\u00ednben minim\u00e1lis elt\u00e9r\u00e9sek el<\/strong><strong>\u0151<\/strong><strong>fordulhatnak a k\u00e9pen l\u00e1that\u00f3 \u00e9s a val\u00f3s p\u00e9ld\u00e1nyok k\u00f6z\u00f6tt.<\/strong><\/p>\n<p><strong>\ud83e\uddfe \u00c1rak \u00e9s el\u00e1ll\u00e1si jog<\/strong><\/p>\n<ul>\n<li><strong>Az \u00e1rak egy darab\u00a0n\u00f6v\u00e9nyre vonatkoznak.<\/strong><\/li>\n<li><strong>\u00c9l<\/strong><strong>\u0151<\/strong><strong> n\u00f6v\u00e9nyek rendel\u00e9se eset\u00e9n a 14 napos el\u00e1ll\u00e1s joga nem \u00e9rv\u00e9nyes\u00edthet<\/strong><strong>\u0151<\/strong><strong>, mivel azok romland\u00f3, biol\u00f3giailag \u00e9l<\/strong><strong>\u0151<\/strong><strong> term\u00e9keknek min<\/strong><strong>\u0151<\/strong><strong>s\u00fclnek.<br \/>\n\ud83d\udd12 (17\/1999. (II. 5.) Korm. rendelet 5. \u00a7 c) pontja alapj\u00e1n)<\/strong><\/li>\n<\/ul>\n<p><strong>\ud83d\udce6 K\u00e9zbes\u00edt\u00e9s ut\u00e1ni teend<\/strong><strong>\u0151<\/strong><strong>k<\/strong><\/p>\n<p><strong>A k\u00e9zbes\u00edt\u00e9st k\u00f6vet<\/strong><strong>\u0151<\/strong><strong>en a csomagot azonnal bontsuk ki, \u00e9s a n\u00f6v\u00e9nyt helyezz\u00fck el megfelel<\/strong><strong>\u0151<\/strong><strong> k\u00f6rnyezetben.<br \/>\nFontos: ha a n\u00f6v\u00e9ny nem r\u00e9szes\u00fcl megfelel<\/strong><strong>\u0151<\/strong><strong> gondoz\u00e1sban \u00e9s ennek k\u00f6vetkezt\u00e9ben k\u00e1rosodik vagy elpusztul, felel<\/strong><strong>\u0151<\/strong><strong>ss\u00e9get nem tudunk v\u00e1llalni.<\/strong><\/p>","protected":false},"excerpt":{"rendered":"<p>A Triteleia \u2018Queen Fabiola\u2019 egy gy\u00f6ny\u00f6r\u0171, kir\u00e1lyk\u00e9k csillagvir\u00e1g, mely ny\u00e1ron bontja szirmait. K\u00f6nnyen gondozhat\u00f3 hagym\u00e1s n\u00f6v\u00e9ny, ide\u00e1lis \u00e1gy\u00e1sokba, balkonl\u00e1d\u00e1ba is.<\/p>","protected":false},"featured_media":24354,"template":"","meta":{"_et_pb_use_builder":"","_et_pb_old_content":"","_et_gb_content_width":""},"product_brand":[],"product_cat":[3857],"product_tag":[6480,6481,4481,4338,6476,6479,6477,5636,5346,6094,6475,6472,6478],"class_list":{"0":"post-24353","1":"product","2":"type-product","3":"status-publish","4":"has-post-thumbnail","6":"product_cat-viraghagyma-dughagyma","7":"product_tag-balkon-virag","8":"product_tag-csillag-alaku-virag","9":"product_tag-disz","10":"product_tag-evelo","11":"product_tag-fabiola","12":"product_tag-hagyma-vasarlas","13":"product_tag-hagymak-kek","14":"product_tag-hagymas","15":"product_tag-novenyek","16":"product_tag-nyari-virag","17":"product_tag-queen","18":"product_tag-triteleia","19":"product_tag-viragok-kertbe","21":"first","22":"outofstock","23":"shipping-taxable","24":"product-type-simple"},"yoast_head":"<!-- This site is optimized with the Yoast SEO plugin v27.3 - https:\/\/yoast.com\/product\/yoast-seo-wordpress\/ -->\n<title>Triteleia \u2018Queen Fabiola\u2019 vir\u00e1ghagyma 15 db\/csomag - T\u00e1jkert\u00e9sz<\/title>\n<meta name=\"description\" content=\"Triteleia \u2018Queen Fabiola\u2019 \u2013 ny\u00e1ron vir\u00e1gz\u00f3, kir\u00e1lyk\u00e9k csillagvir\u00e1g vir\u00e1ghagym\u00e1ja. Eleg\u00e1ns, k\u00f6nnyen nevelhet\u0151 d\u00edszn\u00f6v\u00e9ny kertbe vagy balkonra!\" \/>\n<meta name=\"robots\" content=\"index, follow, max-snippet:-1, max-image-preview:large, max-video-preview:-1\" \/>\n<link rel=\"canonical\" href=\"https:\/\/tajkertesz.com\/en_US\/product\/triteleia-queen-fabiola-viraghagyma-15-db-csomag\/\" \/>\n<meta property=\"og:locale\" content=\"en_US\" \/>\n<meta property=\"og:type\" content=\"article\" \/>\n<meta property=\"og:title\" content=\"Triteleia \u2018Queen Fabiola\u2019 vir\u00e1ghagyma 15 db\/csomag - T\u00e1jkert\u00e9sz\" \/>\n<meta property=\"og:description\" content=\"Triteleia \u2018Queen Fabiola\u2019 \u2013 ny\u00e1ron vir\u00e1gz\u00f3, kir\u00e1lyk\u00e9k csillagvir\u00e1g vir\u00e1ghagym\u00e1ja. Eleg\u00e1ns, k\u00f6nnyen nevelhet\u0151 d\u00edszn\u00f6v\u00e9ny kertbe vagy balkonra!\" \/>\n<meta property=\"og:url\" content=\"https:\/\/tajkertesz.com\/en_US\/product\/triteleia-queen-fabiola-viraghagyma-15-db-csomag\/\" \/>\n<meta property=\"og:site_name\" content=\"T\u00e1jkert\u00e9sz\" \/>\n<meta property=\"article:publisher\" content=\"https:\/\/www.facebook.com\/Tajkertesz\/\" \/>\n<meta property=\"article:modified_time\" content=\"2025-10-27T15:17:09+00:00\" \/>\n<meta property=\"og:image\" content=\"https:\/\/tajkertesz.com\/wp-content\/uploads\/2025\/08\/Triteleia-\u2018Queen-Fabiola-virag-\u2013-elenk-kiralykek-csillagvirag-teljes-viragzasban-napsuteses-kertben.jpg\" \/>\n\t<meta property=\"og:image:width\" content=\"381\" \/>\n\t<meta property=\"og:image:height\" content=\"600\" \/>\n\t<meta property=\"og:image:type\" content=\"image\/jpeg\" \/>\n<meta name=\"twitter:card\" content=\"summary_large_image\" \/>\n<meta name=\"twitter:label1\" content=\"Est. reading time\" \/>\n\t<meta name=\"twitter:data1\" content=\"3 minutes\" \/>\n<script type=\"application\/ld+json\" class=\"yoast-schema-graph\">{\"@context\":\"https:\\\/\\\/schema.org\",\"@graph\":[{\"@type\":\"WebPage\",\"@id\":\"https:\\\/\\\/tajkertesz.com\\\/termek\\\/triteleia-queen-fabiola-viraghagyma-15-db-csomag\\\/\",\"url\":\"https:\\\/\\\/tajkertesz.com\\\/termek\\\/triteleia-queen-fabiola-viraghagyma-15-db-csomag\\\/\",\"name\":\"Triteleia \u2018Queen Fabiola\u2019 vir\u00e1ghagyma 15 db\\\/csomag - T\u00e1jkert\u00e9sz\",\"isPartOf\":{\"@id\":\"https:\\\/\\\/tajkertesz.com\\\/#website\"},\"primaryImageOfPage\":{\"@id\":\"https:\\\/\\\/tajkertesz.com\\\/termek\\\/triteleia-queen-fabiola-viraghagyma-15-db-csomag\\\/#primaryimage\"},\"image\":{\"@id\":\"https:\\\/\\\/tajkertesz.com\\\/termek\\\/triteleia-queen-fabiola-viraghagyma-15-db-csomag\\\/#primaryimage\"},\"thumbnailUrl\":\"https:\\\/\\\/tajkertesz.com\\\/wp-content\\\/uploads\\\/2025\\\/08\\\/Triteleia-\u2018Queen-Fabiola-virag-\u2013-elenk-kiralykek-csillagvirag-teljes-viragzasban-napsuteses-kertben.jpg\",\"datePublished\":\"2025-08-25T14:15:23+00:00\",\"dateModified\":\"2025-10-27T15:17:09+00:00\",\"description\":\"Triteleia \u2018Queen Fabiola\u2019 \u2013 ny\u00e1ron vir\u00e1gz\u00f3, kir\u00e1lyk\u00e9k csillagvir\u00e1g vir\u00e1ghagym\u00e1ja. Eleg\u00e1ns, k\u00f6nnyen nevelhet\u0151 d\u00edszn\u00f6v\u00e9ny kertbe vagy balkonra!\",\"breadcrumb\":{\"@id\":\"https:\\\/\\\/tajkertesz.com\\\/termek\\\/triteleia-queen-fabiola-viraghagyma-15-db-csomag\\\/#breadcrumb\"},\"inLanguage\":\"en-US\",\"potentialAction\":[{\"@type\":\"ReadAction\",\"target\":[\"https:\\\/\\\/tajkertesz.com\\\/termek\\\/triteleia-queen-fabiola-viraghagyma-15-db-csomag\\\/\"]}]},{\"@type\":\"ImageObject\",\"inLanguage\":\"en-US\",\"@id\":\"https:\\\/\\\/tajkertesz.com\\\/termek\\\/triteleia-queen-fabiola-viraghagyma-15-db-csomag\\\/#primaryimage\",\"url\":\"https:\\\/\\\/tajkertesz.com\\\/wp-content\\\/uploads\\\/2025\\\/08\\\/Triteleia-\u2018Queen-Fabiola-virag-\u2013-elenk-kiralykek-csillagvirag-teljes-viragzasban-napsuteses-kertben.jpg\",\"contentUrl\":\"https:\\\/\\\/tajkertesz.com\\\/wp-content\\\/uploads\\\/2025\\\/08\\\/Triteleia-\u2018Queen-Fabiola-virag-\u2013-elenk-kiralykek-csillagvirag-teljes-viragzasban-napsuteses-kertben.jpg\",\"width\":381,\"height\":600,\"caption\":\"Triteleia \u2018Queen Fabiola\u2019 vir\u00e1g \u2013 \u00e9l\u00e9nk kir\u00e1lyk\u00e9k csillagvir\u00e1g teljes vir\u00e1gz\u00e1sban, naps\u00fct\u00e9ses kertben\"},{\"@type\":\"BreadcrumbList\",\"@id\":\"https:\\\/\\\/tajkertesz.com\\\/termek\\\/triteleia-queen-fabiola-viraghagyma-15-db-csomag\\\/#breadcrumb\",\"itemListElement\":[{\"@type\":\"ListItem\",\"position\":1,\"name\":\"Home\",\"item\":\"https:\\\/\\\/tajkertesz.com\\\/\"},{\"@type\":\"ListItem\",\"position\":2,\"name\":\"Kezd\u0151lap\",\"item\":\"https:\\\/\\\/tajkertesz.com\\\/\"},{\"@type\":\"ListItem\",\"position\":3,\"name\":\"Triteleia \u2018Queen Fabiola\u2019 vir\u00e1ghagyma 15 db\\\/csomag\"}]},{\"@type\":\"WebSite\",\"@id\":\"https:\\\/\\\/tajkertesz.com\\\/#website\",\"url\":\"https:\\\/\\\/tajkertesz.com\\\/\",\"name\":\"T\u00e1j-Kert\u00e9sz 84 Kft.\",\"description\":\"Kert\u00e9szeti kis- \u00e9s nagykeresked\u00e9s, D\u00edszn\u00f6v\u00e9ny web\u00e1ruh\u00e1z orsz\u00e1gos h\u00e1zhozsz\u00e1ll\u00edt\u00e1ssal!\",\"publisher\":{\"@id\":\"https:\\\/\\\/tajkertesz.com\\\/#organization\"},\"potentialAction\":[{\"@type\":\"SearchAction\",\"target\":{\"@type\":\"EntryPoint\",\"urlTemplate\":\"https:\\\/\\\/tajkertesz.com\\\/?s={search_term_string}\"},\"query-input\":{\"@type\":\"PropertyValueSpecification\",\"valueRequired\":true,\"valueName\":\"search_term_string\"}}],\"inLanguage\":\"en-US\"},{\"@type\":\"Organization\",\"@id\":\"https:\\\/\\\/tajkertesz.com\\\/#organization\",\"name\":\"T\u00e1j-Kert\u00e9sz 84 Kft.\",\"url\":\"https:\\\/\\\/tajkertesz.com\\\/\",\"logo\":{\"@type\":\"ImageObject\",\"inLanguage\":\"en-US\",\"@id\":\"https:\\\/\\\/tajkertesz.com\\\/#\\\/schema\\\/logo\\\/image\\\/\",\"url\":\"https:\\\/\\\/tajkertesz.com\\\/wp-content\\\/uploads\\\/2018\\\/02\\\/logo-2-e1518678052539.png\",\"contentUrl\":\"https:\\\/\\\/tajkertesz.com\\\/wp-content\\\/uploads\\\/2018\\\/02\\\/logo-2-e1518678052539.png\",\"width\":81,\"height\":140,\"caption\":\"T\u00e1j-Kert\u00e9sz 84 Kft.\"},\"image\":{\"@id\":\"https:\\\/\\\/tajkertesz.com\\\/#\\\/schema\\\/logo\\\/image\\\/\"},\"sameAs\":[\"https:\\\/\\\/www.facebook.com\\\/Tajkertesz\\\/\"]}]}<\/script>\n<!-- \/ Yoast SEO plugin. -->","yoast_head_json":{"title":"Triteleia \u2018Queen Fabiola\u2019 vir\u00e1ghagyma 15 db\/csomag - T\u00e1jkert\u00e9sz","description":"Triteleia \u2018Queen Fabiola\u2019 \u2013 ny\u00e1ron vir\u00e1gz\u00f3, kir\u00e1lyk\u00e9k csillagvir\u00e1g vir\u00e1ghagym\u00e1ja. Eleg\u00e1ns, k\u00f6nnyen nevelhet\u0151 d\u00edszn\u00f6v\u00e9ny kertbe vagy balkonra!","robots":{"index":"index","follow":"follow","max-snippet":"max-snippet:-1","max-image-preview":"max-image-preview:large","max-video-preview":"max-video-preview:-1"},"canonical":"https:\/\/tajkertesz.com\/en_US\/product\/triteleia-queen-fabiola-viraghagyma-15-db-csomag\/","og_locale":"en_US","og_type":"article","og_title":"Triteleia \u2018Queen Fabiola\u2019 vir\u00e1ghagyma 15 db\/csomag - T\u00e1jkert\u00e9sz","og_description":"Triteleia \u2018Queen Fabiola\u2019 \u2013 ny\u00e1ron vir\u00e1gz\u00f3, kir\u00e1lyk\u00e9k csillagvir\u00e1g vir\u00e1ghagym\u00e1ja. Eleg\u00e1ns, k\u00f6nnyen nevelhet\u0151 d\u00edszn\u00f6v\u00e9ny kertbe vagy balkonra!","og_url":"https:\/\/tajkertesz.com\/en_US\/product\/triteleia-queen-fabiola-viraghagyma-15-db-csomag\/","og_site_name":"T\u00e1jkert\u00e9sz","article_publisher":"https:\/\/www.facebook.com\/Tajkertesz\/","article_modified_time":"2025-10-27T15:17:09+00:00","og_image":[{"width":381,"height":600,"url":"https:\/\/tajkertesz.com\/wp-content\/uploads\/2025\/08\/Triteleia-\u2018Queen-Fabiola-virag-\u2013-elenk-kiralykek-csillagvirag-teljes-viragzasban-napsuteses-kertben.jpg","type":"image\/jpeg"}],"twitter_card":"summary_large_image","twitter_misc":{"Est. reading time":"3 minutes"},"schema":{"@context":"https:\/\/schema.org","@graph":[{"@type":"WebPage","@id":"https:\/\/tajkertesz.com\/termek\/triteleia-queen-fabiola-viraghagyma-15-db-csomag\/","url":"https:\/\/tajkertesz.com\/termek\/triteleia-queen-fabiola-viraghagyma-15-db-csomag\/","name":"Triteleia \u2018Queen Fabiola\u2019 vir\u00e1ghagyma 15 db\/csomag - T\u00e1jkert\u00e9sz","isPartOf":{"@id":"https:\/\/tajkertesz.com\/#website"},"primaryImageOfPage":{"@id":"https:\/\/tajkertesz.com\/termek\/triteleia-queen-fabiola-viraghagyma-15-db-csomag\/#primaryimage"},"image":{"@id":"https:\/\/tajkertesz.com\/termek\/triteleia-queen-fabiola-viraghagyma-15-db-csomag\/#primaryimage"},"thumbnailUrl":"https:\/\/tajkertesz.com\/wp-content\/uploads\/2025\/08\/Triteleia-\u2018Queen-Fabiola-virag-\u2013-elenk-kiralykek-csillagvirag-teljes-viragzasban-napsuteses-kertben.jpg","datePublished":"2025-08-25T14:15:23+00:00","dateModified":"2025-10-27T15:17:09+00:00","description":"Triteleia \u2018Queen Fabiola\u2019 \u2013 ny\u00e1ron vir\u00e1gz\u00f3, kir\u00e1lyk\u00e9k csillagvir\u00e1g vir\u00e1ghagym\u00e1ja. Eleg\u00e1ns, k\u00f6nnyen nevelhet\u0151 d\u00edszn\u00f6v\u00e9ny kertbe vagy balkonra!","breadcrumb":{"@id":"https:\/\/tajkertesz.com\/termek\/triteleia-queen-fabiola-viraghagyma-15-db-csomag\/#breadcrumb"},"inLanguage":"en-US","potentialAction":[{"@type":"ReadAction","target":["https:\/\/tajkertesz.com\/termek\/triteleia-queen-fabiola-viraghagyma-15-db-csomag\/"]}]},{"@type":"ImageObject","inLanguage":"en-US","@id":"https:\/\/tajkertesz.com\/termek\/triteleia-queen-fabiola-viraghagyma-15-db-csomag\/#primaryimage","url":"https:\/\/tajkertesz.com\/wp-content\/uploads\/2025\/08\/Triteleia-\u2018Queen-Fabiola-virag-\u2013-elenk-kiralykek-csillagvirag-teljes-viragzasban-napsuteses-kertben.jpg","contentUrl":"https:\/\/tajkertesz.com\/wp-content\/uploads\/2025\/08\/Triteleia-\u2018Queen-Fabiola-virag-\u2013-elenk-kiralykek-csillagvirag-teljes-viragzasban-napsuteses-kertben.jpg","width":381,"height":600,"caption":"Triteleia \u2018Queen Fabiola\u2019 vir\u00e1g \u2013 \u00e9l\u00e9nk kir\u00e1lyk\u00e9k csillagvir\u00e1g teljes vir\u00e1gz\u00e1sban, naps\u00fct\u00e9ses kertben"},{"@type":"BreadcrumbList","@id":"https:\/\/tajkertesz.com\/termek\/triteleia-queen-fabiola-viraghagyma-15-db-csomag\/#breadcrumb","itemListElement":[{"@type":"ListItem","position":1,"name":"Home","item":"https:\/\/tajkertesz.com\/"},{"@type":"ListItem","position":2,"name":"Kezd\u0151lap","item":"https:\/\/tajkertesz.com\/"},{"@type":"ListItem","position":3,"name":"Triteleia \u2018Queen Fabiola\u2019 vir\u00e1ghagyma 15 db\/csomag"}]},{"@type":"WebSite","@id":"https:\/\/tajkertesz.com\/#website","url":"https:\/\/tajkertesz.com\/","name":"T\u00e1j-Kert\u00e9sz 84 Kft.","description":"Kert\u00e9szeti kis- \u00e9s nagykeresked\u00e9s, D\u00edszn\u00f6v\u00e9ny web\u00e1ruh\u00e1z orsz\u00e1gos h\u00e1zhozsz\u00e1ll\u00edt\u00e1ssal!","publisher":{"@id":"https:\/\/tajkertesz.com\/#organization"},"potentialAction":[{"@type":"SearchAction","target":{"@type":"EntryPoint","urlTemplate":"https:\/\/tajkertesz.com\/?s={search_term_string}"},"query-input":{"@type":"PropertyValueSpecification","valueRequired":true,"valueName":"search_term_string"}}],"inLanguage":"en-US"},{"@type":"Organization","@id":"https:\/\/tajkertesz.com\/#organization","name":"T\u00e1j-Kert\u00e9sz 84 Kft.","url":"https:\/\/tajkertesz.com\/","logo":{"@type":"ImageObject","inLanguage":"en-US","@id":"https:\/\/tajkertesz.com\/#\/schema\/logo\/image\/","url":"https:\/\/tajkertesz.com\/wp-content\/uploads\/2018\/02\/logo-2-e1518678052539.png","contentUrl":"https:\/\/tajkertesz.com\/wp-content\/uploads\/2018\/02\/logo-2-e1518678052539.png","width":81,"height":140,"caption":"T\u00e1j-Kert\u00e9sz 84 Kft."},"image":{"@id":"https:\/\/tajkertesz.com\/#\/schema\/logo\/image\/"},"sameAs":["https:\/\/www.facebook.com\/Tajkertesz\/"]}]}},"_links":{"self":[{"href":"https:\/\/tajkertesz.com\/en_US\/wp-json\/wp\/v2\/product\/24353","targetHints":{"allow":["GET"]}}],"collection":[{"href":"https:\/\/tajkertesz.com\/en_US\/wp-json\/wp\/v2\/product"}],"about":[{"href":"https:\/\/tajkertesz.com\/en_US\/wp-json\/wp\/v2\/types\/product"}],"wp:featuredmedia":[{"embeddable":true,"href":"https:\/\/tajkertesz.com\/en_US\/wp-json\/wp\/v2\/media\/24354"}],"wp:attachment":[{"href":"https:\/\/tajkertesz.com\/en_US\/wp-json\/wp\/v2\/media?parent=24353"}],"wp:term":[{"taxonomy":"product_brand","embeddable":true,"href":"https:\/\/tajkertesz.com\/en_US\/wp-json\/wp\/v2\/product_brand?post=24353"},{"taxonomy":"product_cat","embeddable":true,"href":"https:\/\/tajkertesz.com\/en_US\/wp-json\/wp\/v2\/product_cat?post=24353"},{"taxonomy":"product_tag","embeddable":true,"href":"https:\/\/tajkertesz.com\/en_US\/wp-json\/wp\/v2\/product_tag?post=24353"}],"curies":[{"name":"wp","href":"https:\/\/api.w.org\/{rel}","templated":true}]}}