{"id":24447,"date":"2025-09-10T08:24:50","date_gmt":"2025-09-10T08:24:50","guid":{"rendered":"https:\/\/tajkertesz.com\/?post_type=product&#038;p=24447"},"modified":"2025-10-20T09:10:21","modified_gmt":"2025-10-20T09:10:21","slug":"madareteto-yara-100%ban-ujrahasznositott-anyagbol","status":"publish","type":"product","link":"https:\/\/tajkertesz.com\/en_US\/product\/madareteto-yara-100%ban-ujrahasznositott-anyagbol\/","title":{"rendered":"Mad\u00e1retet\u0151 Yara 100%ban \u00fajrahasznos\u00edtott anyagb\u00f3l"},"content":{"rendered":"<h1>Mad\u00e1retet\u0151 Yara 100%ban \u00fajrahasznos\u00edtott anyagb\u00f3l<img loading=\"lazy\" decoding=\"async\" class=\"alignnone size-thumbnail wp-image-24448\" src=\"https:\/\/tajkertesz.com\/wp-content\/uploads\/2025\/09\/Yara_bird-scaled.jpg-150x150.webp\" alt=\"\" width=\"150\" height=\"150\" \/><\/h1>\n<p>Mad\u00e1retet\u0151 Yara 100%ban \u00fajrahasznos\u00edtott anyagb\u00f3l:<\/p>\n<p><strong>F\u0151bb jellemz\u0151k:<\/strong><\/p>\n<ul>\n<li>\u00a0<strong>100% \u00fajrahasznos\u00edtott anyag:<\/strong>\u00a0K\u00f6rnyezetbar\u00e1t megold\u00e1s a madarak etet\u00e9se k\u00f6zben is.<\/li>\n<li>\u00a0<strong>\u00dajrahasznos\u00edtott rPET k\u00f6t\u00e9l:<\/strong>\u00a0Tart\u00f3s \u00e9s biztons\u00e1gos felf\u00fcggeszt\u00e9s.<\/li>\n<li>\u00a0<strong>8-10 faggy\u00fagoly\u00f3 f\u00e9r el:<\/strong>\u00a0B\u0151s\u00e9ges t\u00e1pl\u00e1l\u00e9k a madaraknak.<\/li>\n<li>\u00a0<strong>M\u00e9ret:<\/strong>\u00a023 x 7,5 x 25 cm<\/li>\n<li>\u00a0<strong>Sz\u00fcrke sz\u00edn:<\/strong>\u00a0Diszkr\u00e9t \u00e9s eleg\u00e1ns megjelen\u00e9s.<\/li>\n<\/ul>\n<p><strong>Mi\u00e9rt v\u00e1laszd ezt a mad\u00e1retet\u0151t?<\/strong><\/p>\n<ul>\n<li><strong>Kiv\u00e1l\u00f3 min\u0151s\u00e9g:<\/strong>\u00a0Tart\u00f3s \u00e9s id\u0151j\u00e1r\u00e1s\u00e1ll\u00f3 anyagokb\u00f3l k\u00e9sz\u00fclt.<\/li>\n<li><strong>K\u00f6nny\u0171 tiszt\u00edt\u00e1s:<\/strong>\u00a0Egyszer\u0171en tiszt\u00edthat\u00f3, \u00edgy mindig higi\u00e9nikus marad.<\/li>\n<li><strong>St\u00edlusos diz\u00e1jn:<\/strong>\u00a0Dekorat\u00edv elem a kertedben vagy erk\u00e9lyeden.<\/li>\n<li><strong>K\u00f6rnyezetbar\u00e1t:<\/strong>\u00a0T\u00e1mogasd a fenntarthat\u00f3s\u00e1got ezzel a term\u00e9k\u00fcnkkel!<\/li>\n<\/ul>\n<p>Lepd meg a madarakat \u00e9s a k\u00f6rnyezetet ezzel a csod\u00e1latos mad\u00e1retet\u0151vel<\/p>\n<p>&nbsp;<\/p>\n<h4><strong>\ud83d\udd04 K\u00e9szletinform\u00e1ci\u00f3<\/strong><\/h4>\n<p><strong>K\u00e9szlet\u00fcnk napi szinten v\u00e1ltozik, \u00edgy a webshopban szerepl<\/strong><strong>\u0151<\/strong><strong>\u00a0term\u00e9kek el\u00e9rhet<\/strong><strong>\u0151<\/strong><strong>s\u00e9ge nem garant\u00e1lt.<br \/>\n\ud83d\udcde A megrendel\u00e9s el<\/strong><strong>\u0151<\/strong><strong>tt k\u00e9rj\u00fck, \u00e9rdekl<\/strong><strong>\u0151<\/strong><strong>dj\u00f6n szem\u00e9lyesen, telefonon vagy e-mailben!<\/strong><\/p>\n<h4><strong>\u27a1\ufe0f Kapcsolat:<\/strong><\/h4>\n<ul>\n<li><strong>Weboldal:\u00a0<\/strong><a href=\"https:\/\/tajkertesz.com\/\"><strong>tajkertesz.com<\/strong><\/a><\/li>\n<li><strong>Facebook:\u00a0<\/strong><a href=\"https:\/\/www.facebook.com\/tajkertesz\/\"><strong>facebook.com\/tajkertesz<\/strong><\/a><\/li>\n<li><strong>Telefonsz\u00e1m, e-mail: +36\/20-319-3770\u00a0<\/strong><a href=\"mailto:tajkerteszaruda@gmail.com\"><strong>tajkerteszaruda@gmail.com<\/strong><\/a><\/li>\n<\/ul>\n<h4><strong>\ud83d\ude9a Sz\u00e1ll\u00edt\u00e1si inform\u00e1ci\u00f3k<\/strong><\/h4>\n<p><strong>A megrendelt n\u00f6v\u00e9nyek kisz\u00e1ll\u00edt\u00e1sa az al\u00e1bbi felt\u00e9telek mellett t\u00f6rt\u00e9nik:<\/strong><\/p>\n<h4><strong>\ud83d\udce6 Fut\u00e1rszolg\u00e1latos sz\u00e1ll\u00edt\u00e1s<\/strong><\/h4>\n<ul>\n<li><strong>Maxim\u00e1lis m\u00e9ret: 200 cm (hossz\u00fas\u00e1g)<\/strong><\/li>\n<li><strong>Maxim\u00e1lis s\u00faly: 40 kg<\/strong><\/li>\n<li><strong>Az enn\u00e9l kisebb \u00e9s k\u00f6nnyebb csomagokat fut\u00e1rszolg\u00e1lattal k\u00e9zbes\u00edtj\u00fck a lehet<\/strong><strong>\u0151<\/strong><strong>\u00a0legbiztons\u00e1gosabb csomagol\u00e1sban.<\/strong><\/li>\n<\/ul>\n<h4><strong>\ud83d\udefb Szem\u00e9lyes \u00e1tv\u00e9tel<\/strong><\/h4>\n<ul>\n<li><strong>1173 Budapest, Bakancsos utca 7. sz\u00e1m alatt nyitvatart\u00e1si id<\/strong><strong>\u0151<\/strong><strong>ben szem\u00e9lyesen \u00e1tvehet<\/strong><strong>\u0151<\/strong><strong>\u00a0kert\u00e9szeti \u00e1rud\u00e1nkban.<\/strong><\/li>\n<li><strong>K\u00f6lts\u00e9ghat\u00e9kony megold\u00e1s nagyobb, t\u00f6r\u00e9kenyebb vagy t\u00falm\u00e9retes n\u00f6v\u00e9nyek eset\u00e9n.<\/strong><\/li>\n<\/ul>\n<h4><strong>\ud83d\udcde Nagy m\u00e9ret<\/strong><strong>\u0171<\/strong><strong>\u00a0vagy s\u00faly\u00fa n\u00f6v\u00e9nyek eset\u00e9n<\/strong><\/h4>\n<p><strong>Ha a term\u00e9k:<\/strong><\/p>\n<ul>\n<li><strong>meghaladja a 200 cm hossz\u00fas\u00e1got vagy<\/strong><\/li>\n<li><strong>meghaladja a 40 kg s\u00falyt,<\/strong><\/li>\n<\/ul>\n<p><strong>akkor szem\u00e9lyes \u00e1tv\u00e9tellel vagy egyedi, el<\/strong><strong>\u0151<\/strong><strong>re egyeztetett sz\u00e1ll\u00edt\u00e1si felt\u00e9telek mellett t\u00f6rt\u00e9nik.<br \/>\nK\u00e9rj\u00fck, ilyen esetben rendel\u00e9s el<\/strong><strong>\u0151<\/strong><strong>tt vegye fel vel\u00fcnk a kapcsolatot, hogy a lehet<\/strong><strong>\u0151<\/strong><strong>\u00a0legmegfelel<\/strong><strong>\u0151<\/strong><strong>bb sz\u00e1ll\u00edt\u00e1si megold\u00e1st k\u00edn\u00e1lhassuk.<\/strong><\/p>\n<p><strong>\ud83d\udd14 Fontos: A n\u00f6v\u00e9nyeket minden esetben igyeksz\u00fcnk gondosan, egyes\u00e9vel csomagolni, azonban a sz\u00e1ll\u00edt\u00e1s sor\u00e1n kisebb eszt\u00e9tikai s\u00e9r\u00fcl\u00e9sek el<\/strong><strong>\u0151<\/strong><strong>fordulhatnak (pl. lev\u00e9lhull\u00e1s). Ez nem min<\/strong><strong>\u0151<\/strong><strong>s\u00fcl hib\u00e1s teljes\u00edt\u00e9snek.<\/strong><\/p>\n<h4><strong>\ud83d\udcf7 Fontos tudni a k\u00e9pekr<\/strong><strong>\u0151<\/strong><strong>l<\/strong><\/h4>\n<p><strong>A webshopban szerepl<\/strong><strong>\u0151<\/strong><strong>\u00a0k\u00e9pek illusztr\u00e1ci\u00f3k, a n\u00f6v\u00e9nyek term\u00e9szet\u00fckn\u00e9l fogva egyediek, \u00edgy m\u00e9retben, alakban \u00e9s sz\u00ednben minim\u00e1lis elt\u00e9r\u00e9sek el<\/strong><strong>\u0151<\/strong><strong>fordulhatnak a k\u00e9pen l\u00e1that\u00f3 \u00e9s a val\u00f3s p\u00e9ld\u00e1nyok k\u00f6z\u00f6tt.<\/strong><\/p>\n<h4><strong>\ud83e\uddfe \u00c1rak \u00e9s el\u00e1ll\u00e1si jog<\/strong><\/h4>\n<ul>\n<li><strong>Az \u00e1rak egy darab\u00a0n\u00f6v\u00e9nyre vonatkoznak.<\/strong><\/li>\n<li><strong>\u00c9l<\/strong><strong>\u0151<\/strong><strong>\u00a0n\u00f6v\u00e9nyek rendel\u00e9se eset\u00e9n a 14 napos el\u00e1ll\u00e1s joga nem \u00e9rv\u00e9nyes\u00edthet<\/strong><strong>\u0151<\/strong><strong>, mivel azok romland\u00f3, biol\u00f3giailag \u00e9l<\/strong><strong>\u0151<\/strong><strong>\u00a0term\u00e9keknek min<\/strong><strong>\u0151<\/strong><strong>s\u00fclnek.<br \/>\n\ud83d\udd12 (17\/1999. (II. 5.) Korm. rendelet 5. \u00a7 c) pontja alapj\u00e1n)<\/strong><\/li>\n<\/ul>\n<h4><strong>\ud83d\udce6 K\u00e9zbes\u00edt\u00e9s ut\u00e1ni teend<\/strong><strong>\u0151<\/strong><strong>k<\/strong><\/h4>\n<p><strong>A k\u00e9zbes\u00edt\u00e9st k\u00f6vet<\/strong><strong>\u0151<\/strong><strong>en a csomagot azonnal bontsuk ki, \u00e9s a n\u00f6v\u00e9nyt helyezz\u00fck el megfelel<\/strong><strong>\u0151<\/strong><strong>\u00a0k\u00f6rnyezetben.<br \/>\nFontos: ha a n\u00f6v\u00e9ny nem r\u00e9szes\u00fcl megfelel<\/strong><strong>\u0151<\/strong><strong>\u00a0gondoz\u00e1sban \u00e9s ennek k\u00f6vetkezt\u00e9ben k\u00e1rosodik vagy elpusztul, felel<\/strong><strong>\u0151<\/strong><strong>ss\u00e9get nem tudunk v\u00e1llalni.<\/strong><\/p>","protected":false},"excerpt":{"rendered":"<p>Mad\u00e1retet\u0151 Yara 100%ban \u00fajrahasznos\u00edtott anyagb\u00f3l Mad\u00e1retet\u0151 Yara 100%ban \u00fajrahasznos\u00edtott anyagb\u00f3l: F\u0151bb jellemz\u0151k: \u00a0100% \u00fajrahasznos\u00edtott anyag:\u00a0K\u00f6rnyezetbar\u00e1t megold\u00e1s a madarak etet\u00e9se k\u00f6zben is. \u00a0\u00dajrahasznos\u00edtott rPET k\u00f6t\u00e9l:\u00a0Tart\u00f3s \u00e9s biztons\u00e1gos felf\u00fcggeszt\u00e9s. \u00a08-10 faggy\u00fagoly\u00f3 f\u00e9r el:\u00a0B\u0151s\u00e9ges t\u00e1pl\u00e1l\u00e9k a madaraknak. \u00a0M\u00e9ret:\u00a023 x 7,5 x 25 cm \u00a0Sz\u00fcrke sz\u00edn:\u00a0Diszkr\u00e9t \u00e9s eleg\u00e1ns megjelen\u00e9s. Mi\u00e9rt v\u00e1laszd ezt a mad\u00e1retet\u0151t? Kiv\u00e1l\u00f3 min\u0151s\u00e9g:\u00a0Tart\u00f3s \u00e9s id\u0151j\u00e1r\u00e1s\u00e1ll\u00f3 anyagokb\u00f3l [&hellip;]<\/p>\n","protected":false},"featured_media":24448,"template":"","meta":{"_et_pb_use_builder":"","_et_pb_old_content":"","_et_gb_content_width":""},"product_brand":[],"product_cat":[1036],"product_tag":[1037,6179,687,6510,6509,1159],"class_list":{"0":"post-24447","1":"product","2":"type-product","3":"status-publish","4":"has-post-thumbnail","6":"product_cat-madareleseg-madaretetok","7":"product_tag-madar","8":"product_tag-madarbarat-kert","9":"product_tag-madareteto","10":"product_tag-magvak","11":"product_tag-teli-madareleseg","12":"product_tag-ujrahasznositott","14":"first","15":"instock","16":"shipping-taxable","17":"purchasable","18":"product-type-simple"},"yoast_head":"<!-- This site is optimized with the Yoast SEO plugin v27.5 - https:\/\/yoast.com\/product\/yoast-seo-wordpress\/ -->\n<title>Mad\u00e1retet\u0151 Yara 100%ban \u00fajrahasznos\u00edtott anyagb\u00f3l - T\u00e1jkert\u00e9sz<\/title>\n<meta name=\"description\" content=\"Mad\u00e1retet\u0151 Yara 100n \u00fajrahasznos\u00edtott anyagb\u00f3l.........................................................................\" \/>\n<meta name=\"robots\" content=\"index, follow, max-snippet:-1, max-image-preview:large, max-video-preview:-1\" \/>\n<link rel=\"canonical\" href=\"https:\/\/tajkertesz.com\/en_US\/product\/madareteto-yara-100?n-ujrahasznositott-anyagbol\/\" \/>\n<meta property=\"og:locale\" content=\"en_US\" \/>\n<meta property=\"og:type\" content=\"article\" \/>\n<meta property=\"og:title\" content=\"Mad\u00e1retet\u0151 Yara 100%ban \u00fajrahasznos\u00edtott anyagb\u00f3l - T\u00e1jkert\u00e9sz\" \/>\n<meta property=\"og:description\" content=\"Mad\u00e1retet\u0151 Yara 100n \u00fajrahasznos\u00edtott anyagb\u00f3l.........................................................................\" \/>\n<meta property=\"og:url\" content=\"\" \/>\n<meta property=\"og:site_name\" content=\"T\u00e1jkert\u00e9sz\" \/>\n<meta property=\"article:publisher\" content=\"https:\/\/www.facebook.com\/Tajkertesz\/\" \/>\n<meta property=\"article:modified_time\" content=\"2025-10-20T09:10:21+00:00\" \/>\n<meta property=\"og:image\" content=\"https:\/\/tajkertesz.com\/wp-content\/uploads\/2025\/09\/Yara_bird-scaled.jpg.webp\" \/>\n\t<meta property=\"og:image:width\" content=\"900\" \/>\n\t<meta property=\"og:image:height\" content=\"900\" \/>\n\t<meta property=\"og:image:type\" content=\"image\/webp\" \/>\n<meta name=\"twitter:card\" content=\"summary_large_image\" \/>\n<meta name=\"twitter:label1\" content=\"Est. reading time\" \/>\n\t<meta name=\"twitter:data1\" content=\"3 minutes\" \/>\n<script type=\"application\/ld+json\" class=\"yoast-schema-graph\">{\"@context\":\"https:\\\/\\\/schema.org\",\"@graph\":[{\"@type\":\"WebPage\",\"@id\":\"https:\\\/\\\/tajkertesz.com\\\/termek\\\/madareteto-yara-100%ban-ujrahasznositott-anyagbol\\\/\",\"url\":\"https:\\\/\\\/tajkertesz.com\\\/termek\\\/madareteto-yara-100%ban-ujrahasznositott-anyagbol\\\/\",\"name\":\"Mad\u00e1retet\u0151 Yara 100%ban \u00fajrahasznos\u00edtott anyagb\u00f3l - T\u00e1jkert\u00e9sz\",\"isPartOf\":{\"@id\":\"https:\\\/\\\/tajkertesz.com\\\/#website\"},\"primaryImageOfPage\":{\"@id\":\"https:\\\/\\\/tajkertesz.com\\\/termek\\\/madareteto-yara-100%ban-ujrahasznositott-anyagbol\\\/#primaryimage\"},\"image\":{\"@id\":\"https:\\\/\\\/tajkertesz.com\\\/termek\\\/madareteto-yara-100%ban-ujrahasznositott-anyagbol\\\/#primaryimage\"},\"thumbnailUrl\":\"https:\\\/\\\/tajkertesz.com\\\/wp-content\\\/uploads\\\/2025\\\/09\\\/Yara_bird-scaled.jpg.webp\",\"datePublished\":\"2025-09-10T08:24:50+00:00\",\"dateModified\":\"2025-10-20T09:10:21+00:00\",\"description\":\"Mad\u00e1retet\u0151 Yara 100n \u00fajrahasznos\u00edtott anyagb\u00f3l.........................................................................\",\"breadcrumb\":{\"@id\":\"https:\\\/\\\/tajkertesz.com\\\/termek\\\/madareteto-yara-100%ban-ujrahasznositott-anyagbol\\\/#breadcrumb\"},\"inLanguage\":\"en-US\",\"potentialAction\":[{\"@type\":\"ReadAction\",\"target\":[\"https:\\\/\\\/tajkertesz.com\\\/termek\\\/madareteto-yara-100%ban-ujrahasznositott-anyagbol\\\/\"]}]},{\"@type\":\"ImageObject\",\"inLanguage\":\"en-US\",\"@id\":\"https:\\\/\\\/tajkertesz.com\\\/termek\\\/madareteto-yara-100%ban-ujrahasznositott-anyagbol\\\/#primaryimage\",\"url\":\"https:\\\/\\\/tajkertesz.com\\\/wp-content\\\/uploads\\\/2025\\\/09\\\/Yara_bird-scaled.jpg.webp\",\"contentUrl\":\"https:\\\/\\\/tajkertesz.com\\\/wp-content\\\/uploads\\\/2025\\\/09\\\/Yara_bird-scaled.jpg.webp\",\"width\":900,\"height\":900},{\"@type\":\"BreadcrumbList\",\"@id\":\"https:\\\/\\\/tajkertesz.com\\\/termek\\\/madareteto-yara-100%ban-ujrahasznositott-anyagbol\\\/#breadcrumb\",\"itemListElement\":[{\"@type\":\"ListItem\",\"position\":1,\"name\":\"Home\",\"item\":\"https:\\\/\\\/tajkertesz.com\\\/\"},{\"@type\":\"ListItem\",\"position\":2,\"name\":\"Kezd\u0151lap\",\"item\":\"https:\\\/\\\/tajkertesz.com\\\/\"},{\"@type\":\"ListItem\",\"position\":3,\"name\":\"Mad\u00e1retet\u0151 Yara 100%ban \u00fajrahasznos\u00edtott anyagb\u00f3l\"}]},{\"@type\":\"WebSite\",\"@id\":\"https:\\\/\\\/tajkertesz.com\\\/#website\",\"url\":\"https:\\\/\\\/tajkertesz.com\\\/\",\"name\":\"T\u00e1j-Kert\u00e9sz 84 Kft.\",\"description\":\"Kert\u00e9szeti kis- \u00e9s nagykeresked\u00e9s, D\u00edszn\u00f6v\u00e9ny web\u00e1ruh\u00e1z orsz\u00e1gos h\u00e1zhozsz\u00e1ll\u00edt\u00e1ssal!\",\"publisher\":{\"@id\":\"https:\\\/\\\/tajkertesz.com\\\/#organization\"},\"potentialAction\":[{\"@type\":\"SearchAction\",\"target\":{\"@type\":\"EntryPoint\",\"urlTemplate\":\"https:\\\/\\\/tajkertesz.com\\\/?s={search_term_string}\"},\"query-input\":{\"@type\":\"PropertyValueSpecification\",\"valueRequired\":true,\"valueName\":\"search_term_string\"}}],\"inLanguage\":\"en-US\"},{\"@type\":\"Organization\",\"@id\":\"https:\\\/\\\/tajkertesz.com\\\/#organization\",\"name\":\"T\u00e1j-Kert\u00e9sz 84 Kft.\",\"url\":\"https:\\\/\\\/tajkertesz.com\\\/\",\"logo\":{\"@type\":\"ImageObject\",\"inLanguage\":\"en-US\",\"@id\":\"https:\\\/\\\/tajkertesz.com\\\/#\\\/schema\\\/logo\\\/image\\\/\",\"url\":\"https:\\\/\\\/tajkertesz.com\\\/wp-content\\\/uploads\\\/2018\\\/02\\\/logo-2-e1518678052539.png\",\"contentUrl\":\"https:\\\/\\\/tajkertesz.com\\\/wp-content\\\/uploads\\\/2018\\\/02\\\/logo-2-e1518678052539.png\",\"width\":81,\"height\":140,\"caption\":\"T\u00e1j-Kert\u00e9sz 84 Kft.\"},\"image\":{\"@id\":\"https:\\\/\\\/tajkertesz.com\\\/#\\\/schema\\\/logo\\\/image\\\/\"},\"sameAs\":[\"https:\\\/\\\/www.facebook.com\\\/Tajkertesz\\\/\"]}]}<\/script>\n<!-- \/ Yoast SEO plugin. -->","yoast_head_json":{"title":"Mad\u00e1retet\u0151 Yara 100%ban \u00fajrahasznos\u00edtott anyagb\u00f3l - T\u00e1jkert\u00e9sz","description":"Mad\u00e1retet\u0151 Yara 100n \u00fajrahasznos\u00edtott anyagb\u00f3l.........................................................................","robots":{"index":"index","follow":"follow","max-snippet":"max-snippet:-1","max-image-preview":"max-image-preview:large","max-video-preview":"max-video-preview:-1"},"canonical":"https:\/\/tajkertesz.com\/en_US\/product\/madareteto-yara-100?n-ujrahasznositott-anyagbol\/","og_locale":"en_US","og_type":"article","og_title":"Mad\u00e1retet\u0151 Yara 100%ban \u00fajrahasznos\u00edtott anyagb\u00f3l - T\u00e1jkert\u00e9sz","og_description":"Mad\u00e1retet\u0151 Yara 100n \u00fajrahasznos\u00edtott anyagb\u00f3l.........................................................................","og_url":"https:\/\/tajkertesz.com\/en_US\/product\/madareteto-yara-100?n-ujrahasznositott-anyagbol\/","og_site_name":"T\u00e1jkert\u00e9sz","article_publisher":"https:\/\/www.facebook.com\/Tajkertesz\/","article_modified_time":"2025-10-20T09:10:21+00:00","og_image":[{"width":900,"height":900,"url":"https:\/\/tajkertesz.com\/wp-content\/uploads\/2025\/09\/Yara_bird-scaled.jpg.webp","type":"image\/webp"}],"twitter_card":"summary_large_image","twitter_misc":{"Est. reading time":"3 minutes"},"schema":{"@context":"https:\/\/schema.org","@graph":[{"@type":"WebPage","@id":"https:\/\/tajkertesz.com\/termek\/madareteto-yara-100%ban-ujrahasznositott-anyagbol\/","url":"https:\/\/tajkertesz.com\/termek\/madareteto-yara-100%ban-ujrahasznositott-anyagbol\/","name":"Mad\u00e1retet\u0151 Yara 100%ban \u00fajrahasznos\u00edtott anyagb\u00f3l - T\u00e1jkert\u00e9sz","isPartOf":{"@id":"https:\/\/tajkertesz.com\/#website"},"primaryImageOfPage":{"@id":"https:\/\/tajkertesz.com\/termek\/madareteto-yara-100%ban-ujrahasznositott-anyagbol\/#primaryimage"},"image":{"@id":"https:\/\/tajkertesz.com\/termek\/madareteto-yara-100%ban-ujrahasznositott-anyagbol\/#primaryimage"},"thumbnailUrl":"https:\/\/tajkertesz.com\/wp-content\/uploads\/2025\/09\/Yara_bird-scaled.jpg.webp","datePublished":"2025-09-10T08:24:50+00:00","dateModified":"2025-10-20T09:10:21+00:00","description":"Mad\u00e1retet\u0151 Yara 100n \u00fajrahasznos\u00edtott anyagb\u00f3l.........................................................................","breadcrumb":{"@id":"https:\/\/tajkertesz.com\/termek\/madareteto-yara-100%ban-ujrahasznositott-anyagbol\/#breadcrumb"},"inLanguage":"en-US","potentialAction":[{"@type":"ReadAction","target":["https:\/\/tajkertesz.com\/termek\/madareteto-yara-100%ban-ujrahasznositott-anyagbol\/"]}]},{"@type":"ImageObject","inLanguage":"en-US","@id":"https:\/\/tajkertesz.com\/termek\/madareteto-yara-100%ban-ujrahasznositott-anyagbol\/#primaryimage","url":"https:\/\/tajkertesz.com\/wp-content\/uploads\/2025\/09\/Yara_bird-scaled.jpg.webp","contentUrl":"https:\/\/tajkertesz.com\/wp-content\/uploads\/2025\/09\/Yara_bird-scaled.jpg.webp","width":900,"height":900},{"@type":"BreadcrumbList","@id":"https:\/\/tajkertesz.com\/termek\/madareteto-yara-100%ban-ujrahasznositott-anyagbol\/#breadcrumb","itemListElement":[{"@type":"ListItem","position":1,"name":"Home","item":"https:\/\/tajkertesz.com\/"},{"@type":"ListItem","position":2,"name":"Kezd\u0151lap","item":"https:\/\/tajkertesz.com\/"},{"@type":"ListItem","position":3,"name":"Mad\u00e1retet\u0151 Yara 100%ban \u00fajrahasznos\u00edtott anyagb\u00f3l"}]},{"@type":"WebSite","@id":"https:\/\/tajkertesz.com\/#website","url":"https:\/\/tajkertesz.com\/","name":"T\u00e1j-Kert\u00e9sz 84 Kft.","description":"Kert\u00e9szeti kis- \u00e9s nagykeresked\u00e9s, D\u00edszn\u00f6v\u00e9ny web\u00e1ruh\u00e1z orsz\u00e1gos h\u00e1zhozsz\u00e1ll\u00edt\u00e1ssal!","publisher":{"@id":"https:\/\/tajkertesz.com\/#organization"},"potentialAction":[{"@type":"SearchAction","target":{"@type":"EntryPoint","urlTemplate":"https:\/\/tajkertesz.com\/?s={search_term_string}"},"query-input":{"@type":"PropertyValueSpecification","valueRequired":true,"valueName":"search_term_string"}}],"inLanguage":"en-US"},{"@type":"Organization","@id":"https:\/\/tajkertesz.com\/#organization","name":"T\u00e1j-Kert\u00e9sz 84 Kft.","url":"https:\/\/tajkertesz.com\/","logo":{"@type":"ImageObject","inLanguage":"en-US","@id":"https:\/\/tajkertesz.com\/#\/schema\/logo\/image\/","url":"https:\/\/tajkertesz.com\/wp-content\/uploads\/2018\/02\/logo-2-e1518678052539.png","contentUrl":"https:\/\/tajkertesz.com\/wp-content\/uploads\/2018\/02\/logo-2-e1518678052539.png","width":81,"height":140,"caption":"T\u00e1j-Kert\u00e9sz 84 Kft."},"image":{"@id":"https:\/\/tajkertesz.com\/#\/schema\/logo\/image\/"},"sameAs":["https:\/\/www.facebook.com\/Tajkertesz\/"]}]}},"_links":{"self":[{"href":"https:\/\/tajkertesz.com\/en_US\/wp-json\/wp\/v2\/product\/24447","targetHints":{"allow":["GET"]}}],"collection":[{"href":"https:\/\/tajkertesz.com\/en_US\/wp-json\/wp\/v2\/product"}],"about":[{"href":"https:\/\/tajkertesz.com\/en_US\/wp-json\/wp\/v2\/types\/product"}],"wp:featuredmedia":[{"embeddable":true,"href":"https:\/\/tajkertesz.com\/en_US\/wp-json\/wp\/v2\/media\/24448"}],"wp:attachment":[{"href":"https:\/\/tajkertesz.com\/en_US\/wp-json\/wp\/v2\/media?parent=24447"}],"wp:term":[{"taxonomy":"product_brand","embeddable":true,"href":"https:\/\/tajkertesz.com\/en_US\/wp-json\/wp\/v2\/product_brand?post=24447"},{"taxonomy":"product_cat","embeddable":true,"href":"https:\/\/tajkertesz.com\/en_US\/wp-json\/wp\/v2\/product_cat?post=24447"},{"taxonomy":"product_tag","embeddable":true,"href":"https:\/\/tajkertesz.com\/en_US\/wp-json\/wp\/v2\/product_tag?post=24447"}],"curies":[{"name":"wp","href":"https:\/\/api.w.org\/{rel}","templated":true}]}}