{"id":24486,"date":"2025-09-14T07:15:10","date_gmt":"2025-09-14T07:15:10","guid":{"rendered":"https:\/\/tajkertesz.com\/?post_type=product&#038;p=24486"},"modified":"2025-09-14T07:16:13","modified_gmt":"2025-09-14T07:16:13","slug":"madareteto-evie-100-%ban-ujrahasznositott-anyagbol","status":"publish","type":"product","link":"https:\/\/tajkertesz.com\/en_US\/product\/madareteto-evie-100-%ban-ujrahasznositott-anyagbol\/","title":{"rendered":"Mad\u00e1retet\u0151 EVIE 100 %ban \u00fajrahasznos\u00edtott anyagb\u00f3l"},"content":{"rendered":"<h1>Mad\u00e1retet\u0151 EVIE 100 %ban \u00fajrahasznos\u00edtott anyagb\u00f3l<\/h1>\n<p>Mad\u00e1retet\u0151 EVIE 100 %ban \u00fajrahasznos\u00edtott anyagb\u00f3l:<\/p>\n<p>-k\u00fcl\u00f6nb\u00f6z\u0151 mint\u00e1j\u00fa el\u0151lapokkal<\/p>\n<p>100% \u00fajrahasznos\u00edtott m\u0171anyagb\u00f3l k\u00e9sz\u00fclt, felf\u00fcggeszthet\u0151, vagy falra r\u00f6gz\u00edthet\u0151 mad\u00e1retet\u0151<\/p>\n<p>Dekorat\u00edv diz\u00e1jn. Helyezhet\u0151 bele mogyor\u00f3vaj, szemes eles\u00e9g \u00e9s goly\u00f3 form\u00e1j\u00fa mad\u00e1reles\u00e9g is.<\/p>\n<p>15*14*17 cm<\/p>\n<p>200 g<\/p>\n<p style=\"line-height: 18.0pt; background: white; margin: 0cm 0cm 15.0pt 0cm;\"><b><span style=\"font-family: 'Ubuntu',sans-serif; color: black;\">\u00c9rdekl\u0151dni telefonon vagy email-en.<br \/>\nA v\u00e1ltoztat\u00e1s jog\u00e1t fenntartjuk!\u00a0<\/span><\/b><\/p>\n<p><a href=\"https:\/\/tajkertesz.com\/\"><span style=\"color: windowtext; text-decoration: none; text-underline: none;\">https:\/\/tajkertesz.com\/<\/span><\/a><\/p>\n<p><a href=\"https:\/\/www.facebook.com\/tajkertesz\/\"><span style=\"color: windowtext; text-decoration: none; text-underline: none;\">https:\/\/www.facebook.com\/tajkertesz\/<\/span><\/a><\/p>\n<p>Kisz\u00e1ll\u00edt\u00e1s: 200cm-ig \u00e9s 40 kg-ig a sz\u00e1ll\u00edt\u00e1s fut\u00e1rszolg\u00e1lattal t\u00f6rt\u00e9nik.<\/p>\n<p>Szem\u00e9lyes \u00e1tv\u00e9tel nyitvatart\u00e1si id\u0151ben <b><span style=\"font-family: 'Ubuntu',sans-serif; color: black;\">K\u00e9szlet\u00fcnk napi szinten v\u00e1ltozik, ez\u00e9rt k\u00e9rj\u00fck, \u00e9rdekl\u0151dj\u00f6n szem\u00e9lyesen, <\/span><\/b>a 17. ker\u00fclet Bakancsos utca 7. sz\u00e1m alatti Kert\u00e9szeti \u00e1rud\u00e1nkban.<\/p>\n<p><b><u>Kert\u00e9p\u00edt\u0151k \u00e9s viszontelad\u00f3k regisztr\u00e1l\u00e1s ut\u00e1n egyedi kedvezm\u00e9nnyel v\u00e1s\u00e1rolhatnak kert\u00e9szeti kis-\u00e9s nagykeresked\u00e9s\u00fcnkben.<\/u><\/b><\/p>\n<p>A logisztikai c\u00e9ggel t\u00f6rt\u00e9n\u0151 sz\u00e1ll\u00edt\u00e1s eset\u00e9n a partnereink\u00a0esetleges a\u00a0cs\u00fasz\u00e1sai\u00e9rt nem<\/p>\n<p>v\u00e1llalunk felel\u0151ss\u00e9get!<\/p>\n<p><strong>Az \u00e1rak egy darab term\u00e9kre vonatkoznak.<\/strong><\/p>\n<p><img loading=\"lazy\" decoding=\"async\" class=\"alignnone size-thumbnail wp-image-24487\" src=\"https:\/\/tajkertesz.com\/wp-content\/uploads\/2025\/09\/P020-Evie-recycle-wood-scaled.jpg-150x150.webp\" alt=\"\" width=\"150\" height=\"150\" \/><\/p>","protected":false},"excerpt":{"rendered":"<p>Mad\u00e1retet\u0151 EVIE 100 %ban \u00fajrahasznos\u00edtott anyagb\u00f3l Mad\u00e1retet\u0151 EVIE 100 %ban \u00fajrahasznos\u00edtott anyagb\u00f3l: -k\u00fcl\u00f6nb\u00f6z\u0151 mint\u00e1j\u00fa el\u0151lapokkal 100% \u00fajrahasznos\u00edtott m\u0171anyagb\u00f3l k\u00e9sz\u00fclt, felf\u00fcggeszthet\u0151, vagy falra r\u00f6gz\u00edthet\u0151 mad\u00e1retet\u0151 Dekorat\u00edv diz\u00e1jn. Helyezhet\u0151 bele mogyor\u00f3vaj, szemes eles\u00e9g \u00e9s goly\u00f3 form\u00e1j\u00fa mad\u00e1reles\u00e9g is. 15*14*17 cm 200 g \u00c9rdekl\u0151dni telefonon vagy email-en. A v\u00e1ltoztat\u00e1s jog\u00e1t fenntartjuk!\u00a0 https:\/\/tajkertesz.com\/ https:\/\/www.facebook.com\/tajkertesz\/ Kisz\u00e1ll\u00edt\u00e1s: 200cm-ig \u00e9s 40 kg-ig [&hellip;]<\/p>\n","protected":false},"featured_media":24487,"template":"","meta":{"_et_pb_use_builder":"","_et_pb_old_content":"","_et_gb_content_width":""},"product_brand":[],"product_cat":[1036],"product_tag":[1038,687,4460,6509,1159],"class_list":{"0":"post-24486","1":"product","2":"type-product","3":"status-publish","4":"has-post-thumbnail","6":"product_cat-madareleseg-madaretetok","7":"product_tag-madareleseg","8":"product_tag-madareteto","9":"product_tag-tel","10":"product_tag-teli-madareleseg","11":"product_tag-ujrahasznositott","13":"first","14":"instock","15":"shipping-taxable","16":"purchasable","17":"product-type-simple"},"yoast_head":"<!-- This site is optimized with the Yoast SEO plugin v27.5 - https:\/\/yoast.com\/product\/yoast-seo-wordpress\/ -->\n<title>Mad\u00e1retet\u0151 EVIE 100 %ban \u00fajrahasznos\u00edtott anyagb\u00f3l - T\u00e1jkert\u00e9sz<\/title>\n<meta name=\"description\" content=\"Mad\u00e1retet\u0151 EVIE 100 n \u00fajrahasznos\u00edtott anyagb\u00f3l,,,,,,,,,,,,,,,,,,,,,,,,,,,,,,,,,,,,,,,,,,,,,,,,,,,,,,,,,,,,,,,,,,,,,,,\" \/>\n<meta name=\"robots\" content=\"index, follow, max-snippet:-1, max-image-preview:large, max-video-preview:-1\" \/>\n<link rel=\"canonical\" href=\"https:\/\/tajkertesz.com\/en_US\/product\/madareteto-evie-100-?n-ujrahasznositott-anyagbol\/\" \/>\n<meta property=\"og:locale\" content=\"en_US\" \/>\n<meta property=\"og:type\" content=\"article\" \/>\n<meta property=\"og:title\" content=\"Mad\u00e1retet\u0151 EVIE 100 %ban \u00fajrahasznos\u00edtott anyagb\u00f3l - T\u00e1jkert\u00e9sz\" \/>\n<meta property=\"og:description\" content=\"Mad\u00e1retet\u0151 EVIE 100 n \u00fajrahasznos\u00edtott anyagb\u00f3l,,,,,,,,,,,,,,,,,,,,,,,,,,,,,,,,,,,,,,,,,,,,,,,,,,,,,,,,,,,,,,,,,,,,,,,\" \/>\n<meta property=\"og:url\" content=\"\" \/>\n<meta property=\"og:site_name\" content=\"T\u00e1jkert\u00e9sz\" \/>\n<meta property=\"article:publisher\" content=\"https:\/\/www.facebook.com\/Tajkertesz\/\" \/>\n<meta property=\"article:modified_time\" content=\"2025-09-14T07:16:13+00:00\" \/>\n<meta property=\"og:image\" content=\"https:\/\/tajkertesz.com\/wp-content\/uploads\/2025\/09\/P020-Evie-recycle-wood-scaled.jpg.webp\" \/>\n\t<meta property=\"og:image:width\" content=\"900\" \/>\n\t<meta property=\"og:image:height\" content=\"900\" \/>\n\t<meta property=\"og:image:type\" content=\"image\/webp\" \/>\n<meta name=\"twitter:card\" content=\"summary_large_image\" \/>\n<meta name=\"twitter:label1\" content=\"Est. reading time\" \/>\n\t<meta name=\"twitter:data1\" content=\"2 minutes\" \/>\n<script type=\"application\/ld+json\" class=\"yoast-schema-graph\">{\"@context\":\"https:\\\/\\\/schema.org\",\"@graph\":[{\"@type\":\"WebPage\",\"@id\":\"https:\\\/\\\/tajkertesz.com\\\/termek\\\/madareteto-evie-100-%ban-ujrahasznositott-anyagbol\\\/\",\"url\":\"https:\\\/\\\/tajkertesz.com\\\/termek\\\/madareteto-evie-100-%ban-ujrahasznositott-anyagbol\\\/\",\"name\":\"Mad\u00e1retet\u0151 EVIE 100 %ban \u00fajrahasznos\u00edtott anyagb\u00f3l - T\u00e1jkert\u00e9sz\",\"isPartOf\":{\"@id\":\"https:\\\/\\\/tajkertesz.com\\\/#website\"},\"primaryImageOfPage\":{\"@id\":\"https:\\\/\\\/tajkertesz.com\\\/termek\\\/madareteto-evie-100-%ban-ujrahasznositott-anyagbol\\\/#primaryimage\"},\"image\":{\"@id\":\"https:\\\/\\\/tajkertesz.com\\\/termek\\\/madareteto-evie-100-%ban-ujrahasznositott-anyagbol\\\/#primaryimage\"},\"thumbnailUrl\":\"https:\\\/\\\/tajkertesz.com\\\/wp-content\\\/uploads\\\/2025\\\/09\\\/P020-Evie-recycle-wood-scaled.jpg.webp\",\"datePublished\":\"2025-09-14T07:15:10+00:00\",\"dateModified\":\"2025-09-14T07:16:13+00:00\",\"description\":\"Mad\u00e1retet\u0151 EVIE 100 n \u00fajrahasznos\u00edtott anyagb\u00f3l,,,,,,,,,,,,,,,,,,,,,,,,,,,,,,,,,,,,,,,,,,,,,,,,,,,,,,,,,,,,,,,,,,,,,,,\",\"breadcrumb\":{\"@id\":\"https:\\\/\\\/tajkertesz.com\\\/termek\\\/madareteto-evie-100-%ban-ujrahasznositott-anyagbol\\\/#breadcrumb\"},\"inLanguage\":\"en-US\",\"potentialAction\":[{\"@type\":\"ReadAction\",\"target\":[\"https:\\\/\\\/tajkertesz.com\\\/termek\\\/madareteto-evie-100-%ban-ujrahasznositott-anyagbol\\\/\"]}]},{\"@type\":\"ImageObject\",\"inLanguage\":\"en-US\",\"@id\":\"https:\\\/\\\/tajkertesz.com\\\/termek\\\/madareteto-evie-100-%ban-ujrahasznositott-anyagbol\\\/#primaryimage\",\"url\":\"https:\\\/\\\/tajkertesz.com\\\/wp-content\\\/uploads\\\/2025\\\/09\\\/P020-Evie-recycle-wood-scaled.jpg.webp\",\"contentUrl\":\"https:\\\/\\\/tajkertesz.com\\\/wp-content\\\/uploads\\\/2025\\\/09\\\/P020-Evie-recycle-wood-scaled.jpg.webp\",\"width\":900,\"height\":900},{\"@type\":\"BreadcrumbList\",\"@id\":\"https:\\\/\\\/tajkertesz.com\\\/termek\\\/madareteto-evie-100-%ban-ujrahasznositott-anyagbol\\\/#breadcrumb\",\"itemListElement\":[{\"@type\":\"ListItem\",\"position\":1,\"name\":\"Home\",\"item\":\"https:\\\/\\\/tajkertesz.com\\\/\"},{\"@type\":\"ListItem\",\"position\":2,\"name\":\"Kezd\u0151lap\",\"item\":\"https:\\\/\\\/tajkertesz.com\\\/\"},{\"@type\":\"ListItem\",\"position\":3,\"name\":\"Mad\u00e1retet\u0151 EVIE 100 %ban \u00fajrahasznos\u00edtott anyagb\u00f3l\"}]},{\"@type\":\"WebSite\",\"@id\":\"https:\\\/\\\/tajkertesz.com\\\/#website\",\"url\":\"https:\\\/\\\/tajkertesz.com\\\/\",\"name\":\"T\u00e1j-Kert\u00e9sz 84 Kft.\",\"description\":\"Kert\u00e9szeti kis- \u00e9s nagykeresked\u00e9s, D\u00edszn\u00f6v\u00e9ny web\u00e1ruh\u00e1z orsz\u00e1gos h\u00e1zhozsz\u00e1ll\u00edt\u00e1ssal!\",\"publisher\":{\"@id\":\"https:\\\/\\\/tajkertesz.com\\\/#organization\"},\"potentialAction\":[{\"@type\":\"SearchAction\",\"target\":{\"@type\":\"EntryPoint\",\"urlTemplate\":\"https:\\\/\\\/tajkertesz.com\\\/?s={search_term_string}\"},\"query-input\":{\"@type\":\"PropertyValueSpecification\",\"valueRequired\":true,\"valueName\":\"search_term_string\"}}],\"inLanguage\":\"en-US\"},{\"@type\":\"Organization\",\"@id\":\"https:\\\/\\\/tajkertesz.com\\\/#organization\",\"name\":\"T\u00e1j-Kert\u00e9sz 84 Kft.\",\"url\":\"https:\\\/\\\/tajkertesz.com\\\/\",\"logo\":{\"@type\":\"ImageObject\",\"inLanguage\":\"en-US\",\"@id\":\"https:\\\/\\\/tajkertesz.com\\\/#\\\/schema\\\/logo\\\/image\\\/\",\"url\":\"https:\\\/\\\/tajkertesz.com\\\/wp-content\\\/uploads\\\/2018\\\/02\\\/logo-2-e1518678052539.png\",\"contentUrl\":\"https:\\\/\\\/tajkertesz.com\\\/wp-content\\\/uploads\\\/2018\\\/02\\\/logo-2-e1518678052539.png\",\"width\":81,\"height\":140,\"caption\":\"T\u00e1j-Kert\u00e9sz 84 Kft.\"},\"image\":{\"@id\":\"https:\\\/\\\/tajkertesz.com\\\/#\\\/schema\\\/logo\\\/image\\\/\"},\"sameAs\":[\"https:\\\/\\\/www.facebook.com\\\/Tajkertesz\\\/\"]}]}<\/script>\n<!-- \/ Yoast SEO plugin. -->","yoast_head_json":{"title":"Mad\u00e1retet\u0151 EVIE 100 %ban \u00fajrahasznos\u00edtott anyagb\u00f3l - T\u00e1jkert\u00e9sz","description":"Mad\u00e1retet\u0151 EVIE 100 n \u00fajrahasznos\u00edtott anyagb\u00f3l,,,,,,,,,,,,,,,,,,,,,,,,,,,,,,,,,,,,,,,,,,,,,,,,,,,,,,,,,,,,,,,,,,,,,,,","robots":{"index":"index","follow":"follow","max-snippet":"max-snippet:-1","max-image-preview":"max-image-preview:large","max-video-preview":"max-video-preview:-1"},"canonical":"https:\/\/tajkertesz.com\/en_US\/product\/madareteto-evie-100-?n-ujrahasznositott-anyagbol\/","og_locale":"en_US","og_type":"article","og_title":"Mad\u00e1retet\u0151 EVIE 100 %ban \u00fajrahasznos\u00edtott anyagb\u00f3l - T\u00e1jkert\u00e9sz","og_description":"Mad\u00e1retet\u0151 EVIE 100 n \u00fajrahasznos\u00edtott anyagb\u00f3l,,,,,,,,,,,,,,,,,,,,,,,,,,,,,,,,,,,,,,,,,,,,,,,,,,,,,,,,,,,,,,,,,,,,,,,","og_url":"https:\/\/tajkertesz.com\/en_US\/product\/madareteto-evie-100-?n-ujrahasznositott-anyagbol\/","og_site_name":"T\u00e1jkert\u00e9sz","article_publisher":"https:\/\/www.facebook.com\/Tajkertesz\/","article_modified_time":"2025-09-14T07:16:13+00:00","og_image":[{"width":900,"height":900,"url":"https:\/\/tajkertesz.com\/wp-content\/uploads\/2025\/09\/P020-Evie-recycle-wood-scaled.jpg.webp","type":"image\/webp"}],"twitter_card":"summary_large_image","twitter_misc":{"Est. reading time":"2 minutes"},"schema":{"@context":"https:\/\/schema.org","@graph":[{"@type":"WebPage","@id":"https:\/\/tajkertesz.com\/termek\/madareteto-evie-100-%ban-ujrahasznositott-anyagbol\/","url":"https:\/\/tajkertesz.com\/termek\/madareteto-evie-100-%ban-ujrahasznositott-anyagbol\/","name":"Mad\u00e1retet\u0151 EVIE 100 %ban \u00fajrahasznos\u00edtott anyagb\u00f3l - T\u00e1jkert\u00e9sz","isPartOf":{"@id":"https:\/\/tajkertesz.com\/#website"},"primaryImageOfPage":{"@id":"https:\/\/tajkertesz.com\/termek\/madareteto-evie-100-%ban-ujrahasznositott-anyagbol\/#primaryimage"},"image":{"@id":"https:\/\/tajkertesz.com\/termek\/madareteto-evie-100-%ban-ujrahasznositott-anyagbol\/#primaryimage"},"thumbnailUrl":"https:\/\/tajkertesz.com\/wp-content\/uploads\/2025\/09\/P020-Evie-recycle-wood-scaled.jpg.webp","datePublished":"2025-09-14T07:15:10+00:00","dateModified":"2025-09-14T07:16:13+00:00","description":"Mad\u00e1retet\u0151 EVIE 100 n \u00fajrahasznos\u00edtott anyagb\u00f3l,,,,,,,,,,,,,,,,,,,,,,,,,,,,,,,,,,,,,,,,,,,,,,,,,,,,,,,,,,,,,,,,,,,,,,,","breadcrumb":{"@id":"https:\/\/tajkertesz.com\/termek\/madareteto-evie-100-%ban-ujrahasznositott-anyagbol\/#breadcrumb"},"inLanguage":"en-US","potentialAction":[{"@type":"ReadAction","target":["https:\/\/tajkertesz.com\/termek\/madareteto-evie-100-%ban-ujrahasznositott-anyagbol\/"]}]},{"@type":"ImageObject","inLanguage":"en-US","@id":"https:\/\/tajkertesz.com\/termek\/madareteto-evie-100-%ban-ujrahasznositott-anyagbol\/#primaryimage","url":"https:\/\/tajkertesz.com\/wp-content\/uploads\/2025\/09\/P020-Evie-recycle-wood-scaled.jpg.webp","contentUrl":"https:\/\/tajkertesz.com\/wp-content\/uploads\/2025\/09\/P020-Evie-recycle-wood-scaled.jpg.webp","width":900,"height":900},{"@type":"BreadcrumbList","@id":"https:\/\/tajkertesz.com\/termek\/madareteto-evie-100-%ban-ujrahasznositott-anyagbol\/#breadcrumb","itemListElement":[{"@type":"ListItem","position":1,"name":"Home","item":"https:\/\/tajkertesz.com\/"},{"@type":"ListItem","position":2,"name":"Kezd\u0151lap","item":"https:\/\/tajkertesz.com\/"},{"@type":"ListItem","position":3,"name":"Mad\u00e1retet\u0151 EVIE 100 %ban \u00fajrahasznos\u00edtott anyagb\u00f3l"}]},{"@type":"WebSite","@id":"https:\/\/tajkertesz.com\/#website","url":"https:\/\/tajkertesz.com\/","name":"T\u00e1j-Kert\u00e9sz 84 Kft.","description":"Kert\u00e9szeti kis- \u00e9s nagykeresked\u00e9s, D\u00edszn\u00f6v\u00e9ny web\u00e1ruh\u00e1z orsz\u00e1gos h\u00e1zhozsz\u00e1ll\u00edt\u00e1ssal!","publisher":{"@id":"https:\/\/tajkertesz.com\/#organization"},"potentialAction":[{"@type":"SearchAction","target":{"@type":"EntryPoint","urlTemplate":"https:\/\/tajkertesz.com\/?s={search_term_string}"},"query-input":{"@type":"PropertyValueSpecification","valueRequired":true,"valueName":"search_term_string"}}],"inLanguage":"en-US"},{"@type":"Organization","@id":"https:\/\/tajkertesz.com\/#organization","name":"T\u00e1j-Kert\u00e9sz 84 Kft.","url":"https:\/\/tajkertesz.com\/","logo":{"@type":"ImageObject","inLanguage":"en-US","@id":"https:\/\/tajkertesz.com\/#\/schema\/logo\/image\/","url":"https:\/\/tajkertesz.com\/wp-content\/uploads\/2018\/02\/logo-2-e1518678052539.png","contentUrl":"https:\/\/tajkertesz.com\/wp-content\/uploads\/2018\/02\/logo-2-e1518678052539.png","width":81,"height":140,"caption":"T\u00e1j-Kert\u00e9sz 84 Kft."},"image":{"@id":"https:\/\/tajkertesz.com\/#\/schema\/logo\/image\/"},"sameAs":["https:\/\/www.facebook.com\/Tajkertesz\/"]}]}},"_links":{"self":[{"href":"https:\/\/tajkertesz.com\/en_US\/wp-json\/wp\/v2\/product\/24486","targetHints":{"allow":["GET"]}}],"collection":[{"href":"https:\/\/tajkertesz.com\/en_US\/wp-json\/wp\/v2\/product"}],"about":[{"href":"https:\/\/tajkertesz.com\/en_US\/wp-json\/wp\/v2\/types\/product"}],"wp:featuredmedia":[{"embeddable":true,"href":"https:\/\/tajkertesz.com\/en_US\/wp-json\/wp\/v2\/media\/24487"}],"wp:attachment":[{"href":"https:\/\/tajkertesz.com\/en_US\/wp-json\/wp\/v2\/media?parent=24486"}],"wp:term":[{"taxonomy":"product_brand","embeddable":true,"href":"https:\/\/tajkertesz.com\/en_US\/wp-json\/wp\/v2\/product_brand?post=24486"},{"taxonomy":"product_cat","embeddable":true,"href":"https:\/\/tajkertesz.com\/en_US\/wp-json\/wp\/v2\/product_cat?post=24486"},{"taxonomy":"product_tag","embeddable":true,"href":"https:\/\/tajkertesz.com\/en_US\/wp-json\/wp\/v2\/product_tag?post=24486"}],"curies":[{"name":"wp","href":"https:\/\/api.w.org\/{rel}","templated":true}]}}