{"id":24622,"date":"2025-09-26T12:35:52","date_gmt":"2025-09-26T12:35:52","guid":{"rendered":"https:\/\/tajkertesz.com\/?post_type=product&#038;p=24622"},"modified":"2026-02-22T09:53:05","modified_gmt":"2026-02-22T09:53:05","slug":"aster-dumosus-alpha-dark-purple-torpe-oszirozsa","status":"publish","type":"product","link":"https:\/\/tajkertesz.com\/en_US\/product\/aster-dumosus-alpha-dark-purple-torpe-oszirozsa\/","title":{"rendered":"Aster dumosus &#8216;Alpha Dark Purple&#8217; \u2013 T\u00f6rpe \u0151szir\u00f3zsa"},"content":{"rendered":"<h1>Aster dumosus &#8216;Alpha Dark Purple&#8217; \u2013 T\u00f6rpe \u0151szir\u00f3zsa<\/h1>\n<p>Az Aster dumosus &#8216;Alpha Dark Purple&#8217; \u2013 T\u00f6rpe \u0151szir\u00f3zsa<\/p>\n<p data-start=\"541\" data-end=\"864\">egy alacsony termet\u0171, bokros n\u00f6veked\u00e9s\u0171 t\u00f6rpe \u0151szir\u00f3zsa, mely s\u00f6t\u00e9tlila vir\u00e1gaival d\u00edsz\u00edti a kertet szeptembert\u0151l eg\u00e9szen az els\u0151 fagyokig. Kompakt form\u00e1ja miatt ide\u00e1lis szeg\u00e9lyn\u00f6v\u00e9ny, balkonl\u00e1d\u00e1ba vagy kisebb \u00e1gy\u00e1sokba. Vir\u00e1gai nekt\u00e1rban gazdagok, \u00edgy kiv\u00e1l\u00f3 m\u00e9h- \u00e9s pillang\u00f3csalogat\u00f3.<\/p>\n<p data-start=\"866\" data-end=\"1132\"><strong data-start=\"866\" data-end=\"884\">Tulajdons\u00e1gok:<\/strong><br data-start=\"884\" data-end=\"887\" \/>N\u00f6v\u00e9ny t\u00edpusa: \u00e9vel\u0151<br data-start=\"907\" data-end=\"910\" \/>Vir\u00e1gz\u00e1si id\u0151: szeptember \u2013 okt\u00f3ber<br data-start=\"945\" data-end=\"948\" \/>Vir\u00e1gsz\u00edn: s\u00f6t\u00e9t ibolya-lila (dark purple)<br data-start=\"990\" data-end=\"993\" \/>Magass\u00e1g: 20\u201330 cm<br data-start=\"1011\" data-end=\"1014\" \/>F\u00e9nyig\u00e9ny: napos vagy f\u00e9l\u00e1rny\u00e9kos hely<br data-start=\"1052\" data-end=\"1055\" \/>Talajig\u00e9ny: j\u00f3 v\u00edz\u00e1tereszt\u0151, t\u00e1panyagd\u00fas talaj<br data-start=\"1101\" data-end=\"1104\" \/>T\u00e9l\u00e1ll\u00f3s\u00e1g: teljesen t\u00e9l\u00e1ll\u00f3<\/p>\n<p data-start=\"1134\" data-end=\"1366\"><strong data-start=\"1134\" data-end=\"1158\">\u00dcltet\u00e9s \u00e9s gondoz\u00e1s:<\/strong><br data-start=\"1158\" data-end=\"1161\" \/>Napf\u00e9nykedvel\u0151 n\u00f6v\u00e9ny, amely j\u00f3l t\u0171ri a sz\u00e1razabb id\u0151szakokat is, de rendszeres \u00f6nt\u00f6z\u00e9ssel d\u00fasabb vir\u00e1gz\u00e1st produk\u00e1l. Tavasszal c\u00e9lszer\u0171 visszav\u00e1gni. Ig\u00e9nytelen, de a rendszeres t\u00e1panyagp\u00f3tl\u00e1st megh\u00e1l\u00e1lja.<\/p>\n<h4><strong>\ud83d\udd04 K\u00e9szletinform\u00e1ci\u00f3<\/strong><\/h4>\n<p><strong>K\u00e9szlet\u00fcnk napi szinten v\u00e1ltozik, \u00edgy a webshopban szerepl<\/strong><strong>\u0151<\/strong><strong>\u00a0term\u00e9kek el\u00e9rhet<\/strong><strong>\u0151<\/strong><strong>s\u00e9ge nem garant\u00e1lt.<br \/>\n\ud83d\udcde A megrendel\u00e9s el<\/strong><strong>\u0151<\/strong><strong>tt k\u00e9rj\u00fck, \u00e9rdekl<\/strong><strong>\u0151<\/strong><strong>dj\u00f6n szem\u00e9lyesen, telefonon vagy e-mailben!<\/strong><\/p>\n<h4><strong>\u27a1\ufe0f Kapcsolat:<\/strong><\/h4>\n<ul>\n<li><strong>Weboldal:\u00a0<\/strong><a href=\"https:\/\/tajkertesz.com\/\"><strong>tajkertesz.com<\/strong><\/a><\/li>\n<li><strong>Facebook:\u00a0<\/strong><a href=\"https:\/\/www.facebook.com\/tajkertesz\/\"><strong>facebook.com\/tajkertesz<\/strong><\/a><\/li>\n<li><strong>Telefonsz\u00e1m, e-mail: +36\/20-319-3770\u00a0<\/strong><a href=\"mailto:tajkerteszaruda@gmail.com\"><strong>tajkerteszaruda@gmail.com<\/strong><\/a><\/li>\n<\/ul>\n<h4><strong>\ud83d\ude9a Sz\u00e1ll\u00edt\u00e1si inform\u00e1ci\u00f3k<\/strong><\/h4>\n<p><strong>A megrendelt n\u00f6v\u00e9nyek kisz\u00e1ll\u00edt\u00e1sa az al\u00e1bbi felt\u00e9telek mellett t\u00f6rt\u00e9nik:<\/strong><\/p>\n<h4><strong>\ud83d\udce6 Fut\u00e1rszolg\u00e1latos sz\u00e1ll\u00edt\u00e1s<\/strong><\/h4>\n<ul>\n<li><strong>Maxim\u00e1lis m\u00e9ret: 200 cm (hossz\u00fas\u00e1g)<\/strong><\/li>\n<li><strong>Maxim\u00e1lis s\u00faly: 40 kg<\/strong><\/li>\n<li><strong>Az enn\u00e9l kisebb \u00e9s k\u00f6nnyebb csomagokat fut\u00e1rszolg\u00e1lattal k\u00e9zbes\u00edtj\u00fck a lehet<\/strong><strong>\u0151<\/strong><strong>\u00a0legbiztons\u00e1gosabb csomagol\u00e1sban.<\/strong><\/li>\n<\/ul>\n<h4><strong>\ud83d\udefb Szem\u00e9lyes \u00e1tv\u00e9tel<\/strong><\/h4>\n<ul>\n<li><strong>1173 Budapest, Bakancsos utca 7. sz\u00e1m alatt nyitvatart\u00e1si id<\/strong><strong>\u0151<\/strong><strong>ben szem\u00e9lyesen \u00e1tvehet<\/strong><strong>\u0151<\/strong><strong>\u00a0kert\u00e9szeti \u00e1rud\u00e1nkban.<\/strong><\/li>\n<li><strong>K\u00f6lts\u00e9ghat\u00e9kony megold\u00e1s nagyobb, t\u00f6r\u00e9kenyebb vagy t\u00falm\u00e9retes n\u00f6v\u00e9nyek eset\u00e9n.<\/strong><\/li>\n<\/ul>\n<h4><strong>\ud83d\udcde Nagy m\u00e9ret<\/strong><strong>\u0171<\/strong><strong>\u00a0vagy s\u00faly\u00fa n\u00f6v\u00e9nyek eset\u00e9n<\/strong><\/h4>\n<p><strong>Ha a term\u00e9k:<\/strong><\/p>\n<ul>\n<li><strong>meghaladja a 200 cm hossz\u00fas\u00e1got vagy<\/strong><\/li>\n<li><strong>meghaladja a 40 kg s\u00falyt,<\/strong><\/li>\n<\/ul>\n<p><strong>akkor szem\u00e9lyes \u00e1tv\u00e9tellel vagy egyedi, el<\/strong><strong>\u0151<\/strong><strong>re egyeztetett sz\u00e1ll\u00edt\u00e1si felt\u00e9telek mellett t\u00f6rt\u00e9nik.<br \/>\nK\u00e9rj\u00fck, ilyen esetben rendel\u00e9s el<\/strong><strong>\u0151<\/strong><strong>tt vegye fel vel\u00fcnk a kapcsolatot, hogy a lehet<\/strong><strong>\u0151<\/strong><strong>\u00a0legmegfelel<\/strong><strong>\u0151<\/strong><strong>bb sz\u00e1ll\u00edt\u00e1si megold\u00e1st k\u00edn\u00e1lhassuk.<\/strong><\/p>\n<p><strong>\ud83d\udd14 Fontos: A n\u00f6v\u00e9nyeket minden esetben igyeksz\u00fcnk gondosan, egyes\u00e9vel csomagolni, azonban a sz\u00e1ll\u00edt\u00e1s sor\u00e1n kisebb eszt\u00e9tikai s\u00e9r\u00fcl\u00e9sek el<\/strong><strong>\u0151<\/strong><strong>fordulhatnak (pl. lev\u00e9lhull\u00e1s). Ez nem min<\/strong><strong>\u0151<\/strong><strong>s\u00fcl hib\u00e1s teljes\u00edt\u00e9snek.<\/strong><\/p>\n<h4><strong>\ud83d\udcf7 Fontos tudni a k\u00e9pekr<\/strong><strong>\u0151<\/strong><strong>l<\/strong><\/h4>\n<p><strong>A webshopban szerepl<\/strong><strong>\u0151<\/strong><strong>\u00a0k\u00e9pek illusztr\u00e1ci\u00f3k, a n\u00f6v\u00e9nyek term\u00e9szet\u00fckn\u00e9l fogva egyediek, \u00edgy m\u00e9retben, alakban \u00e9s sz\u00ednben minim\u00e1lis elt\u00e9r\u00e9sek el<\/strong><strong>\u0151<\/strong><strong>fordulhatnak a k\u00e9pen l\u00e1that\u00f3 \u00e9s a val\u00f3s p\u00e9ld\u00e1nyok k\u00f6z\u00f6tt.<\/strong><\/p>\n<h4><strong>\ud83e\uddfe \u00c1rak \u00e9s el\u00e1ll\u00e1si jog<\/strong><\/h4>\n<ul>\n<li><strong>Az \u00e1rak egy darab\u00a0n\u00f6v\u00e9nyre vonatkoznak.<\/strong><\/li>\n<li><strong>\u00c9l<\/strong><strong>\u0151<\/strong><strong>\u00a0n\u00f6v\u00e9nyek rendel\u00e9se eset\u00e9n a 14 napos el\u00e1ll\u00e1s joga nem \u00e9rv\u00e9nyes\u00edthet<\/strong><strong>\u0151<\/strong><strong>, mivel azok romland\u00f3, biol\u00f3giailag \u00e9l<\/strong><strong>\u0151<\/strong><strong>\u00a0term\u00e9keknek min<\/strong><strong>\u0151<\/strong><strong>s\u00fclnek.<br \/>\n\ud83d\udd12 (17\/1999. (II. 5.) Korm. rendelet 5. \u00a7 c) pontja alapj\u00e1n)<\/strong><\/li>\n<\/ul>\n<h4><strong>\ud83d\udce6 K\u00e9zbes\u00edt\u00e9s ut\u00e1ni teend<\/strong><strong>\u0151<\/strong><strong>k<\/strong><\/h4>\n<p><strong>A k\u00e9zbes\u00edt\u00e9st k\u00f6vet<\/strong><strong>\u0151<\/strong><strong>en a csomagot azonnal bontsuk ki, \u00e9s a n\u00f6v\u00e9nyt helyezz\u00fck el megfelel<\/strong><strong>\u0151<\/strong><strong>\u00a0k\u00f6rnyezetben.<br \/>\nFontos: ha a n\u00f6v\u00e9ny nem r\u00e9szes\u00fcl megfelel<\/strong><strong>\u0151<\/strong><strong>\u00a0gondoz\u00e1sban \u00e9s ennek k\u00f6vetkezt\u00e9ben k\u00e1rosodik vagy elpusztul, felel<\/strong><strong>\u0151<\/strong><strong>ss\u00e9get nem tudunk v\u00e1llalni.<\/strong><\/p>","protected":false},"excerpt":{"rendered":"<p>Alacsony termet\u0171, s\u00f6t\u00e9tlila vir\u00e1g\u00fa t\u00f6rpe \u0151szir\u00f3zsa. \u0150szi vir\u00e1gz\u00e1s, m\u00e9h- \u00e9s pillang\u00f3bar\u00e1t, szeg\u00e9lyn\u00f6v\u00e9nynek \u00e9s balkonl\u00e1d\u00e1ba is ide\u00e1lis.<\/p>\n<p>N\u00f6v\u00e9ny m\u00e9rete: 25+ cm magas, 15 cm-es cser\u00e9pben.<\/p>","protected":false},"featured_media":24623,"template":"","meta":{"_et_pb_use_builder":"","_et_pb_old_content":"","_et_gb_content_width":""},"product_brand":[],"product_cat":[433],"product_tag":[6669,6667,6668,6283,5922,6671,6291,6110,6100,6092,5874,6670],"class_list":{"0":"post-24622","1":"product","2":"type-product","3":"status-publish","4":"has-post-thumbnail","6":"product_cat-evelo-novenyek","7":"product_tag-alpha-dark-purple","8":"product_tag-aster","9":"product_tag-aster-dumosus","10":"product_tag-balkon-noveny","11":"product_tag-evelo-noveny","12":"product_tag-kompakt-evelo","13":"product_tag-lila-virag","14":"product_tag-mehbarat-noveny","15":"product_tag-oszi-viragzas","16":"product_tag-pillangobarat-noveny","17":"product_tag-szegelynoveny","18":"product_tag-torpe-oszirozsa","20":"first","21":"instock","22":"shipping-taxable","23":"purchasable","24":"product-type-simple"},"yoast_head":"<!-- This site is optimized with the Yoast SEO plugin v27.3 - https:\/\/yoast.com\/product\/yoast-seo-wordpress\/ -->\n<title>Aster dumosus &#039;Alpha Dark Purple&#039; \u2013 T\u00f6rpe \u0151szir\u00f3zsa - T\u00e1jkert\u00e9sz<\/title>\n<meta name=\"description\" content=\"Aster dumosus &#039;Alpha Dark Purple&#039; \u2013 T\u00f6rpe \u0151szir\u00f3zsa alacsony, lila vir\u00e1g\u00fa \u0151szir\u00f3zsa \u0151szi vir\u00e1gz\u00e1ssal. Kompakt \u00e9vel\u0151, m\u00e9hbar\u00e1t \u00e9s teljesen t\u00e9l\u00e1ll\u00f3.\" \/>\n<meta name=\"robots\" content=\"index, follow, max-snippet:-1, max-image-preview:large, max-video-preview:-1\" \/>\n<link rel=\"canonical\" href=\"https:\/\/tajkertesz.com\/en_US\/product\/aster-dumosus-alpha-dark-purple-torpe-oszirozsa\/\" \/>\n<meta property=\"og:locale\" content=\"en_US\" \/>\n<meta property=\"og:type\" content=\"article\" \/>\n<meta property=\"og:title\" content=\"Aster dumosus &#039;Alpha Dark Purple&#039; \u2013 T\u00f6rpe \u0151szir\u00f3zsa - T\u00e1jkert\u00e9sz\" \/>\n<meta property=\"og:description\" content=\"Aster dumosus &#039;Alpha Dark Purple&#039; \u2013 T\u00f6rpe \u0151szir\u00f3zsa alacsony, lila vir\u00e1g\u00fa \u0151szir\u00f3zsa \u0151szi vir\u00e1gz\u00e1ssal. Kompakt \u00e9vel\u0151, m\u00e9hbar\u00e1t \u00e9s teljesen t\u00e9l\u00e1ll\u00f3.\" \/>\n<meta property=\"og:url\" content=\"https:\/\/tajkertesz.com\/en_US\/product\/aster-dumosus-alpha-dark-purple-torpe-oszirozsa\/\" \/>\n<meta property=\"og:site_name\" content=\"T\u00e1jkert\u00e9sz\" \/>\n<meta property=\"article:publisher\" content=\"https:\/\/www.facebook.com\/Tajkertesz\/\" \/>\n<meta property=\"article:modified_time\" content=\"2026-02-22T09:53:05+00:00\" \/>\n<meta property=\"og:image\" content=\"https:\/\/tajkertesz.com\/wp-content\/uploads\/2025\/09\/20250918_084528-1-scaled.jpg\" \/>\n\t<meta property=\"og:image:width\" content=\"2442\" \/>\n\t<meta property=\"og:image:height\" content=\"2560\" \/>\n\t<meta property=\"og:image:type\" content=\"image\/jpeg\" \/>\n<meta name=\"twitter:card\" content=\"summary_large_image\" \/>\n<meta name=\"twitter:label1\" content=\"Est. reading time\" \/>\n\t<meta name=\"twitter:data1\" content=\"3 minutes\" \/>\n<script type=\"application\/ld+json\" class=\"yoast-schema-graph\">{\"@context\":\"https:\\\/\\\/schema.org\",\"@graph\":[{\"@type\":\"WebPage\",\"@id\":\"https:\\\/\\\/tajkertesz.com\\\/termek\\\/aster-dumosus-alpha-dark-purple-torpe-oszirozsa\\\/\",\"url\":\"https:\\\/\\\/tajkertesz.com\\\/termek\\\/aster-dumosus-alpha-dark-purple-torpe-oszirozsa\\\/\",\"name\":\"Aster dumosus 'Alpha Dark Purple' \u2013 T\u00f6rpe \u0151szir\u00f3zsa - T\u00e1jkert\u00e9sz\",\"isPartOf\":{\"@id\":\"https:\\\/\\\/tajkertesz.com\\\/#website\"},\"primaryImageOfPage\":{\"@id\":\"https:\\\/\\\/tajkertesz.com\\\/termek\\\/aster-dumosus-alpha-dark-purple-torpe-oszirozsa\\\/#primaryimage\"},\"image\":{\"@id\":\"https:\\\/\\\/tajkertesz.com\\\/termek\\\/aster-dumosus-alpha-dark-purple-torpe-oszirozsa\\\/#primaryimage\"},\"thumbnailUrl\":\"https:\\\/\\\/tajkertesz.com\\\/wp-content\\\/uploads\\\/2025\\\/09\\\/20250918_084528-1-scaled.jpg\",\"datePublished\":\"2025-09-26T12:35:52+00:00\",\"dateModified\":\"2026-02-22T09:53:05+00:00\",\"description\":\"Aster dumosus 'Alpha Dark Purple' \u2013 T\u00f6rpe \u0151szir\u00f3zsa alacsony, lila vir\u00e1g\u00fa \u0151szir\u00f3zsa \u0151szi vir\u00e1gz\u00e1ssal. Kompakt \u00e9vel\u0151, m\u00e9hbar\u00e1t \u00e9s teljesen t\u00e9l\u00e1ll\u00f3.\",\"breadcrumb\":{\"@id\":\"https:\\\/\\\/tajkertesz.com\\\/termek\\\/aster-dumosus-alpha-dark-purple-torpe-oszirozsa\\\/#breadcrumb\"},\"inLanguage\":\"en-US\",\"potentialAction\":[{\"@type\":\"ReadAction\",\"target\":[\"https:\\\/\\\/tajkertesz.com\\\/termek\\\/aster-dumosus-alpha-dark-purple-torpe-oszirozsa\\\/\"]}]},{\"@type\":\"ImageObject\",\"inLanguage\":\"en-US\",\"@id\":\"https:\\\/\\\/tajkertesz.com\\\/termek\\\/aster-dumosus-alpha-dark-purple-torpe-oszirozsa\\\/#primaryimage\",\"url\":\"https:\\\/\\\/tajkertesz.com\\\/wp-content\\\/uploads\\\/2025\\\/09\\\/20250918_084528-1-scaled.jpg\",\"contentUrl\":\"https:\\\/\\\/tajkertesz.com\\\/wp-content\\\/uploads\\\/2025\\\/09\\\/20250918_084528-1-scaled.jpg\",\"width\":2442,\"height\":2560,\"caption\":\"Aster dumosus 'Alpha Dark Purple' \u2013 T\u00f6rpe \u0151szir\u00f3zsa\"},{\"@type\":\"BreadcrumbList\",\"@id\":\"https:\\\/\\\/tajkertesz.com\\\/termek\\\/aster-dumosus-alpha-dark-purple-torpe-oszirozsa\\\/#breadcrumb\",\"itemListElement\":[{\"@type\":\"ListItem\",\"position\":1,\"name\":\"Home\",\"item\":\"https:\\\/\\\/tajkertesz.com\\\/\"},{\"@type\":\"ListItem\",\"position\":2,\"name\":\"Kezd\u0151lap\",\"item\":\"https:\\\/\\\/tajkertesz.com\\\/\"},{\"@type\":\"ListItem\",\"position\":3,\"name\":\"Aster dumosus &#8216;Alpha Dark Purple&#8217; \u2013 T\u00f6rpe \u0151szir\u00f3zsa\"}]},{\"@type\":\"WebSite\",\"@id\":\"https:\\\/\\\/tajkertesz.com\\\/#website\",\"url\":\"https:\\\/\\\/tajkertesz.com\\\/\",\"name\":\"T\u00e1j-Kert\u00e9sz 84 Kft.\",\"description\":\"Kert\u00e9szeti kis- \u00e9s nagykeresked\u00e9s, D\u00edszn\u00f6v\u00e9ny web\u00e1ruh\u00e1z orsz\u00e1gos h\u00e1zhozsz\u00e1ll\u00edt\u00e1ssal!\",\"publisher\":{\"@id\":\"https:\\\/\\\/tajkertesz.com\\\/#organization\"},\"potentialAction\":[{\"@type\":\"SearchAction\",\"target\":{\"@type\":\"EntryPoint\",\"urlTemplate\":\"https:\\\/\\\/tajkertesz.com\\\/?s={search_term_string}\"},\"query-input\":{\"@type\":\"PropertyValueSpecification\",\"valueRequired\":true,\"valueName\":\"search_term_string\"}}],\"inLanguage\":\"en-US\"},{\"@type\":\"Organization\",\"@id\":\"https:\\\/\\\/tajkertesz.com\\\/#organization\",\"name\":\"T\u00e1j-Kert\u00e9sz 84 Kft.\",\"url\":\"https:\\\/\\\/tajkertesz.com\\\/\",\"logo\":{\"@type\":\"ImageObject\",\"inLanguage\":\"en-US\",\"@id\":\"https:\\\/\\\/tajkertesz.com\\\/#\\\/schema\\\/logo\\\/image\\\/\",\"url\":\"https:\\\/\\\/tajkertesz.com\\\/wp-content\\\/uploads\\\/2018\\\/02\\\/logo-2-e1518678052539.png\",\"contentUrl\":\"https:\\\/\\\/tajkertesz.com\\\/wp-content\\\/uploads\\\/2018\\\/02\\\/logo-2-e1518678052539.png\",\"width\":81,\"height\":140,\"caption\":\"T\u00e1j-Kert\u00e9sz 84 Kft.\"},\"image\":{\"@id\":\"https:\\\/\\\/tajkertesz.com\\\/#\\\/schema\\\/logo\\\/image\\\/\"},\"sameAs\":[\"https:\\\/\\\/www.facebook.com\\\/Tajkertesz\\\/\"]}]}<\/script>\n<!-- \/ Yoast SEO plugin. -->","yoast_head_json":{"title":"Aster dumosus 'Alpha Dark Purple' \u2013 T\u00f6rpe \u0151szir\u00f3zsa - T\u00e1jkert\u00e9sz","description":"Aster dumosus 'Alpha Dark Purple' \u2013 T\u00f6rpe \u0151szir\u00f3zsa alacsony, lila vir\u00e1g\u00fa \u0151szir\u00f3zsa \u0151szi vir\u00e1gz\u00e1ssal. Kompakt \u00e9vel\u0151, m\u00e9hbar\u00e1t \u00e9s teljesen t\u00e9l\u00e1ll\u00f3.","robots":{"index":"index","follow":"follow","max-snippet":"max-snippet:-1","max-image-preview":"max-image-preview:large","max-video-preview":"max-video-preview:-1"},"canonical":"https:\/\/tajkertesz.com\/en_US\/product\/aster-dumosus-alpha-dark-purple-torpe-oszirozsa\/","og_locale":"en_US","og_type":"article","og_title":"Aster dumosus 'Alpha Dark Purple' \u2013 T\u00f6rpe \u0151szir\u00f3zsa - T\u00e1jkert\u00e9sz","og_description":"Aster dumosus 'Alpha Dark Purple' \u2013 T\u00f6rpe \u0151szir\u00f3zsa alacsony, lila vir\u00e1g\u00fa \u0151szir\u00f3zsa \u0151szi vir\u00e1gz\u00e1ssal. Kompakt \u00e9vel\u0151, m\u00e9hbar\u00e1t \u00e9s teljesen t\u00e9l\u00e1ll\u00f3.","og_url":"https:\/\/tajkertesz.com\/en_US\/product\/aster-dumosus-alpha-dark-purple-torpe-oszirozsa\/","og_site_name":"T\u00e1jkert\u00e9sz","article_publisher":"https:\/\/www.facebook.com\/Tajkertesz\/","article_modified_time":"2026-02-22T09:53:05+00:00","og_image":[{"width":2442,"height":2560,"url":"https:\/\/tajkertesz.com\/wp-content\/uploads\/2025\/09\/20250918_084528-1-scaled.jpg","type":"image\/jpeg"}],"twitter_card":"summary_large_image","twitter_misc":{"Est. reading time":"3 minutes"},"schema":{"@context":"https:\/\/schema.org","@graph":[{"@type":"WebPage","@id":"https:\/\/tajkertesz.com\/termek\/aster-dumosus-alpha-dark-purple-torpe-oszirozsa\/","url":"https:\/\/tajkertesz.com\/termek\/aster-dumosus-alpha-dark-purple-torpe-oszirozsa\/","name":"Aster dumosus 'Alpha Dark Purple' \u2013 T\u00f6rpe \u0151szir\u00f3zsa - T\u00e1jkert\u00e9sz","isPartOf":{"@id":"https:\/\/tajkertesz.com\/#website"},"primaryImageOfPage":{"@id":"https:\/\/tajkertesz.com\/termek\/aster-dumosus-alpha-dark-purple-torpe-oszirozsa\/#primaryimage"},"image":{"@id":"https:\/\/tajkertesz.com\/termek\/aster-dumosus-alpha-dark-purple-torpe-oszirozsa\/#primaryimage"},"thumbnailUrl":"https:\/\/tajkertesz.com\/wp-content\/uploads\/2025\/09\/20250918_084528-1-scaled.jpg","datePublished":"2025-09-26T12:35:52+00:00","dateModified":"2026-02-22T09:53:05+00:00","description":"Aster dumosus 'Alpha Dark Purple' \u2013 T\u00f6rpe \u0151szir\u00f3zsa alacsony, lila vir\u00e1g\u00fa \u0151szir\u00f3zsa \u0151szi vir\u00e1gz\u00e1ssal. Kompakt \u00e9vel\u0151, m\u00e9hbar\u00e1t \u00e9s teljesen t\u00e9l\u00e1ll\u00f3.","breadcrumb":{"@id":"https:\/\/tajkertesz.com\/termek\/aster-dumosus-alpha-dark-purple-torpe-oszirozsa\/#breadcrumb"},"inLanguage":"en-US","potentialAction":[{"@type":"ReadAction","target":["https:\/\/tajkertesz.com\/termek\/aster-dumosus-alpha-dark-purple-torpe-oszirozsa\/"]}]},{"@type":"ImageObject","inLanguage":"en-US","@id":"https:\/\/tajkertesz.com\/termek\/aster-dumosus-alpha-dark-purple-torpe-oszirozsa\/#primaryimage","url":"https:\/\/tajkertesz.com\/wp-content\/uploads\/2025\/09\/20250918_084528-1-scaled.jpg","contentUrl":"https:\/\/tajkertesz.com\/wp-content\/uploads\/2025\/09\/20250918_084528-1-scaled.jpg","width":2442,"height":2560,"caption":"Aster dumosus 'Alpha Dark Purple' \u2013 T\u00f6rpe \u0151szir\u00f3zsa"},{"@type":"BreadcrumbList","@id":"https:\/\/tajkertesz.com\/termek\/aster-dumosus-alpha-dark-purple-torpe-oszirozsa\/#breadcrumb","itemListElement":[{"@type":"ListItem","position":1,"name":"Home","item":"https:\/\/tajkertesz.com\/"},{"@type":"ListItem","position":2,"name":"Kezd\u0151lap","item":"https:\/\/tajkertesz.com\/"},{"@type":"ListItem","position":3,"name":"Aster dumosus &#8216;Alpha Dark Purple&#8217; \u2013 T\u00f6rpe \u0151szir\u00f3zsa"}]},{"@type":"WebSite","@id":"https:\/\/tajkertesz.com\/#website","url":"https:\/\/tajkertesz.com\/","name":"T\u00e1j-Kert\u00e9sz 84 Kft.","description":"Kert\u00e9szeti kis- \u00e9s nagykeresked\u00e9s, D\u00edszn\u00f6v\u00e9ny web\u00e1ruh\u00e1z orsz\u00e1gos h\u00e1zhozsz\u00e1ll\u00edt\u00e1ssal!","publisher":{"@id":"https:\/\/tajkertesz.com\/#organization"},"potentialAction":[{"@type":"SearchAction","target":{"@type":"EntryPoint","urlTemplate":"https:\/\/tajkertesz.com\/?s={search_term_string}"},"query-input":{"@type":"PropertyValueSpecification","valueRequired":true,"valueName":"search_term_string"}}],"inLanguage":"en-US"},{"@type":"Organization","@id":"https:\/\/tajkertesz.com\/#organization","name":"T\u00e1j-Kert\u00e9sz 84 Kft.","url":"https:\/\/tajkertesz.com\/","logo":{"@type":"ImageObject","inLanguage":"en-US","@id":"https:\/\/tajkertesz.com\/#\/schema\/logo\/image\/","url":"https:\/\/tajkertesz.com\/wp-content\/uploads\/2018\/02\/logo-2-e1518678052539.png","contentUrl":"https:\/\/tajkertesz.com\/wp-content\/uploads\/2018\/02\/logo-2-e1518678052539.png","width":81,"height":140,"caption":"T\u00e1j-Kert\u00e9sz 84 Kft."},"image":{"@id":"https:\/\/tajkertesz.com\/#\/schema\/logo\/image\/"},"sameAs":["https:\/\/www.facebook.com\/Tajkertesz\/"]}]}},"_links":{"self":[{"href":"https:\/\/tajkertesz.com\/en_US\/wp-json\/wp\/v2\/product\/24622","targetHints":{"allow":["GET"]}}],"collection":[{"href":"https:\/\/tajkertesz.com\/en_US\/wp-json\/wp\/v2\/product"}],"about":[{"href":"https:\/\/tajkertesz.com\/en_US\/wp-json\/wp\/v2\/types\/product"}],"wp:featuredmedia":[{"embeddable":true,"href":"https:\/\/tajkertesz.com\/en_US\/wp-json\/wp\/v2\/media\/24623"}],"wp:attachment":[{"href":"https:\/\/tajkertesz.com\/en_US\/wp-json\/wp\/v2\/media?parent=24622"}],"wp:term":[{"taxonomy":"product_brand","embeddable":true,"href":"https:\/\/tajkertesz.com\/en_US\/wp-json\/wp\/v2\/product_brand?post=24622"},{"taxonomy":"product_cat","embeddable":true,"href":"https:\/\/tajkertesz.com\/en_US\/wp-json\/wp\/v2\/product_cat?post=24622"},{"taxonomy":"product_tag","embeddable":true,"href":"https:\/\/tajkertesz.com\/en_US\/wp-json\/wp\/v2\/product_tag?post=24622"}],"curies":[{"name":"wp","href":"https:\/\/api.w.org\/{rel}","templated":true}]}}