{"id":24626,"date":"2025-09-26T13:00:20","date_gmt":"2025-09-26T13:00:20","guid":{"rendered":"https:\/\/tajkertesz.com\/?post_type=product&#038;p=24626"},"modified":"2026-02-22T09:33:44","modified_gmt":"2026-02-22T09:33:44","slug":"delphinium-sp-szarkalab","status":"publish","type":"product","link":"https:\/\/tajkertesz.com\/en_US\/product\/delphinium-sp-szarkalab\/","title":{"rendered":"Delphinium sp. \u2013 Szarkal\u00e1b"},"content":{"rendered":"<h1>Delphinium sp. \u2013 Szarkal\u00e1b<\/h1>\n<p>A Delphinium sp. \u2013 Szarkal\u00e1b egy alacsonyabb termet\u0171, bokros habitus\u00fa, s\u00f6t\u00e9tk\u00e9k vir\u00e1g\u00fa \u00e9vel\u0151 szarkal\u00e1b fajta. Kompakt m\u00e9rete miatt kisebb kertekbe, \u00e1gy\u00e1sszeg\u00e9lyekbe vagy ak\u00e1r nagyobb balkonl\u00e1d\u00e1ba is kiv\u00e1l\u00f3an alkalmas. Vir\u00e1gai t\u00f6m\u00f6ttek, gazdagon ny\u00edlnak, \u00e9s m\u00e1gnesk\u00e9nt vonzz\u00e1k a m\u00e9heket, lepk\u00e9ket.<\/p>\n<h2>Delphinium sp. tulajdons\u00e1gai:<\/h2>\n<p><br data-start=\"845\" data-end=\"848\" \/>N\u00f6v\u00e9ny t\u00edpusa: \u00e9vel\u0151<br data-start=\"868\" data-end=\"871\" \/>Vir\u00e1gz\u00e1si id\u0151: j\u00fanius \u2013 j\u00falius (m\u00e1sodvir\u00e1gz\u00e1s ny\u00e1r v\u00e9g\u00e9n)<br data-start=\"928\" data-end=\"931\" \/>Vir\u00e1gsz\u00edn: s\u00f6t\u00e9tk\u00e9k<br data-start=\"950\" data-end=\"953\" \/>Magass\u00e1g: kb. 40\u201360 cm<br data-start=\"975\" data-end=\"978\" \/>F\u00e9nyig\u00e9ny: napos hely<br data-start=\"999\" data-end=\"1002\" \/>Talajig\u00e9ny: t\u00e1panyagd\u00fas, j\u00f3 v\u00edz\u00e1tereszt\u0151, enyh\u00e9n meszes talaj<br data-start=\"1063\" data-end=\"1066\" \/>T\u00e9l\u00e1ll\u00f3s\u00e1g: teljesen t\u00e9l\u00e1ll\u00f3<\/p>\n<h3 data-start=\"1096\" data-end=\"1414\"><strong data-start=\"1096\" data-end=\"1120\">\u00a0A szarkal\u00e1b \u00fcltet\u00e9se \u00e9s gondoz\u00e1sa:<\/strong><\/h3>\n<p data-start=\"1096\" data-end=\"1414\">A Delphinium napos, sz\u00e9lv\u00e9dett helyet ig\u00e9nyel, mert magasabb fajt\u00e1i k\u00f6nnyen megd\u0151lhetnek \u2013 a &#8216;Magic F. Dark Blue&#8217; viszont kompakt, nem ig\u00e9nyel kar\u00f3z\u00e1st. Rendszeres \u00f6nt\u00f6z\u00e9s \u00e9s t\u00e1panyagp\u00f3tl\u00e1s mellett b\u0151s\u00e9gesen vir\u00e1gzik. Elvir\u00e1gz\u00e1s ut\u00e1n \u00e9rdemes visszav\u00e1gni a m\u00e1sodvir\u00e1gz\u00e1s \u00f6szt\u00f6nz\u00e9se \u00e9rdek\u00e9ben.<\/p>\n<h4><strong>\ud83d\udd04 K\u00e9szletinform\u00e1ci\u00f3<\/strong><\/h4>\n<p><strong>K\u00e9szlet\u00fcnk napi szinten v\u00e1ltozik, \u00edgy a webshopban szerepl<\/strong><strong>\u0151<\/strong><strong>\u00a0term\u00e9kek el\u00e9rhet<\/strong><strong>\u0151<\/strong><strong>s\u00e9ge nem garant\u00e1lt.<br \/>\n\ud83d\udcde A megrendel\u00e9s el<\/strong><strong>\u0151<\/strong><strong>tt k\u00e9rj\u00fck, \u00e9rdekl<\/strong><strong>\u0151<\/strong><strong>dj\u00f6n szem\u00e9lyesen, telefonon vagy e-mailben!<\/strong><\/p>\n<h4><strong>\u27a1\ufe0f Kapcsolat:<\/strong><\/h4>\n<ul>\n<li><strong>Weboldal:\u00a0<\/strong><a href=\"https:\/\/tajkertesz.com\/\"><strong>tajkertesz.com<\/strong><\/a><\/li>\n<li><strong>Facebook:\u00a0<\/strong><a href=\"https:\/\/www.facebook.com\/tajkertesz\/\"><strong>facebook.com\/tajkertesz<\/strong><\/a><\/li>\n<li><strong>Telefonsz\u00e1m, e-mail: +36\/20-319-3770\u00a0<\/strong><a href=\"mailto:tajkerteszaruda@gmail.com\"><strong>tajkerteszaruda@gmail.com<\/strong><\/a><\/li>\n<\/ul>\n<h4><strong>\ud83d\ude9a Sz\u00e1ll\u00edt\u00e1si inform\u00e1ci\u00f3k<\/strong><\/h4>\n<p><strong>A megrendelt n\u00f6v\u00e9nyek kisz\u00e1ll\u00edt\u00e1sa az al\u00e1bbi felt\u00e9telek mellett t\u00f6rt\u00e9nik:<\/strong><\/p>\n<h4><strong>\ud83d\udce6 Fut\u00e1rszolg\u00e1latos sz\u00e1ll\u00edt\u00e1s<\/strong><\/h4>\n<ul>\n<li><strong>Maxim\u00e1lis m\u00e9ret: 200 cm (hossz\u00fas\u00e1g)<\/strong><\/li>\n<li><strong>Maxim\u00e1lis s\u00faly: 40 kg<\/strong><\/li>\n<li><strong>Az enn\u00e9l kisebb \u00e9s k\u00f6nnyebb csomagokat fut\u00e1rszolg\u00e1lattal k\u00e9zbes\u00edtj\u00fck a lehet<\/strong><strong>\u0151<\/strong><strong>\u00a0legbiztons\u00e1gosabb csomagol\u00e1sban.<\/strong><\/li>\n<\/ul>\n<h4><strong>\ud83d\udefb Szem\u00e9lyes \u00e1tv\u00e9tel<\/strong><\/h4>\n<ul>\n<li><strong>1173 Budapest, Bakancsos utca 7. sz\u00e1m alatt nyitvatart\u00e1si id<\/strong><strong>\u0151<\/strong><strong>ben szem\u00e9lyesen \u00e1tvehet<\/strong><strong>\u0151<\/strong><strong>\u00a0kert\u00e9szeti \u00e1rud\u00e1nkban.<\/strong><\/li>\n<li><strong>K\u00f6lts\u00e9ghat\u00e9kony megold\u00e1s nagyobb, t\u00f6r\u00e9kenyebb vagy t\u00falm\u00e9retes n\u00f6v\u00e9nyek eset\u00e9n.<\/strong><\/li>\n<\/ul>\n<h4><strong>\ud83d\udcde Nagy m\u00e9ret<\/strong><strong>\u0171<\/strong><strong>\u00a0vagy s\u00faly\u00fa n\u00f6v\u00e9nyek eset\u00e9n<\/strong><\/h4>\n<p><strong>Ha a term\u00e9k:<\/strong><\/p>\n<ul>\n<li><strong>meghaladja a 200 cm hossz\u00fas\u00e1got vagy<\/strong><\/li>\n<li><strong>meghaladja a 40 kg s\u00falyt,<\/strong><\/li>\n<\/ul>\n<p><strong>akkor szem\u00e9lyes \u00e1tv\u00e9tellel vagy egyedi, el<\/strong><strong>\u0151<\/strong><strong>re egyeztetett sz\u00e1ll\u00edt\u00e1si felt\u00e9telek mellett t\u00f6rt\u00e9nik.<br \/>\nK\u00e9rj\u00fck, ilyen esetben rendel\u00e9s el<\/strong><strong>\u0151<\/strong><strong>tt vegye fel vel\u00fcnk a kapcsolatot, hogy a lehet<\/strong><strong>\u0151<\/strong><strong>\u00a0legmegfelel<\/strong><strong>\u0151<\/strong><strong>bb sz\u00e1ll\u00edt\u00e1si megold\u00e1st k\u00edn\u00e1lhassuk.<\/strong><\/p>\n<p><strong>\ud83d\udd14 Fontos: A n\u00f6v\u00e9nyeket minden esetben igyeksz\u00fcnk gondosan, egyes\u00e9vel csomagolni, azonban a sz\u00e1ll\u00edt\u00e1s sor\u00e1n kisebb eszt\u00e9tikai s\u00e9r\u00fcl\u00e9sek el<\/strong><strong>\u0151<\/strong><strong>fordulhatnak (pl. lev\u00e9lhull\u00e1s). Ez nem min<\/strong><strong>\u0151<\/strong><strong>s\u00fcl hib\u00e1s teljes\u00edt\u00e9snek.<\/strong><\/p>\n<h4><strong>\ud83d\udcf7 Fontos tudni a k\u00e9pekr<\/strong><strong>\u0151<\/strong><strong>l<\/strong><\/h4>\n<p><strong>A webshopban szerepl<\/strong><strong>\u0151<\/strong><strong>\u00a0k\u00e9pek illusztr\u00e1ci\u00f3k, a n\u00f6v\u00e9nyek term\u00e9szet\u00fckn\u00e9l fogva egyediek, \u00edgy m\u00e9retben, alakban \u00e9s sz\u00ednben minim\u00e1lis elt\u00e9r\u00e9sek el<\/strong><strong>\u0151<\/strong><strong>fordulhatnak a k\u00e9pen l\u00e1that\u00f3 \u00e9s a val\u00f3s p\u00e9ld\u00e1nyok k\u00f6z\u00f6tt.<\/strong><\/p>\n<h4><strong>\ud83e\uddfe \u00c1rak \u00e9s el\u00e1ll\u00e1si jog<\/strong><\/h4>\n<ul>\n<li><strong>Az \u00e1rak egy darab\u00a0n\u00f6v\u00e9nyre vonatkoznak.<\/strong><\/li>\n<li><strong>\u00c9l<\/strong><strong>\u0151<\/strong><strong>\u00a0n\u00f6v\u00e9nyek rendel\u00e9se eset\u00e9n a 14 napos el\u00e1ll\u00e1s joga nem \u00e9rv\u00e9nyes\u00edthet<\/strong><strong>\u0151<\/strong><strong>, mivel azok romland\u00f3, biol\u00f3giailag \u00e9l<\/strong><strong>\u0151<\/strong><strong>\u00a0term\u00e9keknek min<\/strong><strong>\u0151<\/strong><strong>s\u00fclnek.<br \/>\n\ud83d\udd12 (17\/1999. (II. 5.) Korm. rendelet 5. \u00a7 c) pontja alapj\u00e1n)<\/strong><\/li>\n<\/ul>\n<h4><strong>\ud83d\udce6 K\u00e9zbes\u00edt\u00e9s ut\u00e1ni teend<\/strong><strong>\u0151<\/strong><strong>k<\/strong><\/h4>\n<p><strong>A k\u00e9zbes\u00edt\u00e9st k\u00f6vet<\/strong><strong>\u0151<\/strong><strong>en a csomagot azonnal bontsuk ki, \u00e9s a n\u00f6v\u00e9nyt helyezz\u00fck el megfelel<\/strong><strong>\u0151<\/strong><strong>\u00a0k\u00f6rnyezetben.<br \/>\nFontos: ha a n\u00f6v\u00e9ny nem r\u00e9szes\u00fcl megfelel<\/strong><strong>\u0151<\/strong><strong>\u00a0gondoz\u00e1sban \u00e9s ennek k\u00f6vetkezt\u00e9ben k\u00e1rosodik vagy elpusztul, felel<\/strong><strong>\u0151<\/strong><strong>ss\u00e9get nem tudunk v\u00e1llalni.<\/strong><\/p>","protected":false},"excerpt":{"rendered":"<p data-start=\"1611\" data-end=\"1740\">Kompakt, s\u00f6t\u00e9tk\u00e9k vir\u00e1g\u00fa \u00e9vel\u0151 szarkal\u00e1b. Gazdagon vir\u00e1gzik ny\u00e1ron, v\u00e1gott vir\u00e1gnak is kiv\u00e1l\u00f3. Teljesen t\u00e9l\u00e1ll\u00f3, m\u00e9hbar\u00e1t n\u00f6v\u00e9ny.<\/p>\n<p data-start=\"1611\" data-end=\"1740\">N\u00f6v\u00e9ny m\u00e9rete:\u00a0 30-40 cm magas, 15 cm-es cser\u00e9pben.<\/p>","protected":false},"featured_media":24627,"template":"","meta":{"_et_pb_use_builder":"","_et_pb_old_content":"","_et_gb_content_width":""},"product_brand":[],"product_cat":[433],"product_tag":[6683,6677,5922,6681,6682,6110,5990,6684,6680,6679,6256],"class_list":{"0":"post-24626","1":"product","2":"type-product","3":"status-publish","4":"has-post-thumbnail","6":"product_cat-evelo-novenyek","7":"product_tag-alacsony-novekedesu-evelo","8":"product_tag-delphinium","9":"product_tag-evelo-noveny","10":"product_tag-kertbe-ajanlott","11":"product_tag-kompakt-szarkalab","12":"product_tag-mehbarat-noveny","13":"product_tag-nyari-viragzas","14":"product_tag-romantikus-kert-noveny","15":"product_tag-sotetkek-virag","16":"product_tag-szarkalab","17":"product_tag-vagott-virag","19":"first","20":"instock","21":"shipping-taxable","22":"purchasable","23":"product-type-simple"},"yoast_head":"<!-- This site is optimized with the Yoast SEO plugin v27.3 - https:\/\/yoast.com\/product\/yoast-seo-wordpress\/ -->\n<title>Delphinium sp. \u2013 Szarkal\u00e1b - T\u00e1jkert\u00e9sz<\/title>\n<meta name=\"description\" content=\"Delphinium sp. \u2013 Szarkal\u00e1b egy alacsony termet\u0171, s\u00f6t\u00e9tk\u00e9k szarkal\u00e1b. Ny\u00e1ri vir\u00e1gz\u00e1s, m\u00e9hbar\u00e1t, v\u00e1gott vir\u00e1gnak is alkalmas, t\u00e9l\u00e1ll\u00f3 \u00e9vel\u0151.\" \/>\n<meta name=\"robots\" content=\"index, follow, max-snippet:-1, max-image-preview:large, max-video-preview:-1\" \/>\n<link rel=\"canonical\" href=\"https:\/\/tajkertesz.com\/en_US\/product\/delphinium-sp-szarkalab\/\" \/>\n<meta property=\"og:locale\" content=\"en_US\" \/>\n<meta property=\"og:type\" content=\"article\" \/>\n<meta property=\"og:title\" content=\"Delphinium sp. \u2013 Szarkal\u00e1b - T\u00e1jkert\u00e9sz\" \/>\n<meta property=\"og:description\" content=\"Delphinium sp. \u2013 Szarkal\u00e1b egy alacsony termet\u0171, s\u00f6t\u00e9tk\u00e9k szarkal\u00e1b. Ny\u00e1ri vir\u00e1gz\u00e1s, m\u00e9hbar\u00e1t, v\u00e1gott vir\u00e1gnak is alkalmas, t\u00e9l\u00e1ll\u00f3 \u00e9vel\u0151.\" \/>\n<meta property=\"og:url\" content=\"https:\/\/tajkertesz.com\/en_US\/product\/delphinium-sp-szarkalab\/\" \/>\n<meta property=\"og:site_name\" content=\"T\u00e1jkert\u00e9sz\" \/>\n<meta property=\"article:publisher\" content=\"https:\/\/www.facebook.com\/Tajkertesz\/\" \/>\n<meta property=\"article:modified_time\" content=\"2026-02-22T09:33:44+00:00\" \/>\n<meta property=\"og:image\" content=\"https:\/\/tajkertesz.com\/wp-content\/uploads\/2025\/09\/20250918_084651-1-scaled.jpg\" \/>\n\t<meta property=\"og:image:width\" content=\"1628\" \/>\n\t<meta property=\"og:image:height\" content=\"2560\" \/>\n\t<meta property=\"og:image:type\" content=\"image\/jpeg\" \/>\n<meta name=\"twitter:card\" content=\"summary_large_image\" \/>\n<meta name=\"twitter:label1\" content=\"Est. reading time\" \/>\n\t<meta name=\"twitter:data1\" content=\"3 minutes\" \/>\n<script type=\"application\/ld+json\" class=\"yoast-schema-graph\">{\"@context\":\"https:\\\/\\\/schema.org\",\"@graph\":[{\"@type\":\"WebPage\",\"@id\":\"https:\\\/\\\/tajkertesz.com\\\/termek\\\/delphinium-sp-szarkalab\\\/\",\"url\":\"https:\\\/\\\/tajkertesz.com\\\/termek\\\/delphinium-sp-szarkalab\\\/\",\"name\":\"Delphinium sp. \u2013 Szarkal\u00e1b - T\u00e1jkert\u00e9sz\",\"isPartOf\":{\"@id\":\"https:\\\/\\\/tajkertesz.com\\\/#website\"},\"primaryImageOfPage\":{\"@id\":\"https:\\\/\\\/tajkertesz.com\\\/termek\\\/delphinium-sp-szarkalab\\\/#primaryimage\"},\"image\":{\"@id\":\"https:\\\/\\\/tajkertesz.com\\\/termek\\\/delphinium-sp-szarkalab\\\/#primaryimage\"},\"thumbnailUrl\":\"https:\\\/\\\/tajkertesz.com\\\/wp-content\\\/uploads\\\/2025\\\/09\\\/20250918_084651-1-scaled.jpg\",\"datePublished\":\"2025-09-26T13:00:20+00:00\",\"dateModified\":\"2026-02-22T09:33:44+00:00\",\"description\":\"Delphinium sp. \u2013 Szarkal\u00e1b egy alacsony termet\u0171, s\u00f6t\u00e9tk\u00e9k szarkal\u00e1b. Ny\u00e1ri vir\u00e1gz\u00e1s, m\u00e9hbar\u00e1t, v\u00e1gott vir\u00e1gnak is alkalmas, t\u00e9l\u00e1ll\u00f3 \u00e9vel\u0151.\",\"breadcrumb\":{\"@id\":\"https:\\\/\\\/tajkertesz.com\\\/termek\\\/delphinium-sp-szarkalab\\\/#breadcrumb\"},\"inLanguage\":\"en-US\",\"potentialAction\":[{\"@type\":\"ReadAction\",\"target\":[\"https:\\\/\\\/tajkertesz.com\\\/termek\\\/delphinium-sp-szarkalab\\\/\"]}]},{\"@type\":\"ImageObject\",\"inLanguage\":\"en-US\",\"@id\":\"https:\\\/\\\/tajkertesz.com\\\/termek\\\/delphinium-sp-szarkalab\\\/#primaryimage\",\"url\":\"https:\\\/\\\/tajkertesz.com\\\/wp-content\\\/uploads\\\/2025\\\/09\\\/20250918_084651-1-scaled.jpg\",\"contentUrl\":\"https:\\\/\\\/tajkertesz.com\\\/wp-content\\\/uploads\\\/2025\\\/09\\\/20250918_084651-1-scaled.jpg\",\"width\":1628,\"height\":2560,\"caption\":\"Delphinium sp. \u2013 Szarkal\u00e1b\"},{\"@type\":\"BreadcrumbList\",\"@id\":\"https:\\\/\\\/tajkertesz.com\\\/termek\\\/delphinium-sp-szarkalab\\\/#breadcrumb\",\"itemListElement\":[{\"@type\":\"ListItem\",\"position\":1,\"name\":\"Home\",\"item\":\"https:\\\/\\\/tajkertesz.com\\\/\"},{\"@type\":\"ListItem\",\"position\":2,\"name\":\"Kezd\u0151lap\",\"item\":\"https:\\\/\\\/tajkertesz.com\\\/\"},{\"@type\":\"ListItem\",\"position\":3,\"name\":\"Delphinium sp. \u2013 Szarkal\u00e1b\"}]},{\"@type\":\"WebSite\",\"@id\":\"https:\\\/\\\/tajkertesz.com\\\/#website\",\"url\":\"https:\\\/\\\/tajkertesz.com\\\/\",\"name\":\"T\u00e1j-Kert\u00e9sz 84 Kft.\",\"description\":\"Kert\u00e9szeti kis- \u00e9s nagykeresked\u00e9s, D\u00edszn\u00f6v\u00e9ny web\u00e1ruh\u00e1z orsz\u00e1gos h\u00e1zhozsz\u00e1ll\u00edt\u00e1ssal!\",\"publisher\":{\"@id\":\"https:\\\/\\\/tajkertesz.com\\\/#organization\"},\"potentialAction\":[{\"@type\":\"SearchAction\",\"target\":{\"@type\":\"EntryPoint\",\"urlTemplate\":\"https:\\\/\\\/tajkertesz.com\\\/?s={search_term_string}\"},\"query-input\":{\"@type\":\"PropertyValueSpecification\",\"valueRequired\":true,\"valueName\":\"search_term_string\"}}],\"inLanguage\":\"en-US\"},{\"@type\":\"Organization\",\"@id\":\"https:\\\/\\\/tajkertesz.com\\\/#organization\",\"name\":\"T\u00e1j-Kert\u00e9sz 84 Kft.\",\"url\":\"https:\\\/\\\/tajkertesz.com\\\/\",\"logo\":{\"@type\":\"ImageObject\",\"inLanguage\":\"en-US\",\"@id\":\"https:\\\/\\\/tajkertesz.com\\\/#\\\/schema\\\/logo\\\/image\\\/\",\"url\":\"https:\\\/\\\/tajkertesz.com\\\/wp-content\\\/uploads\\\/2018\\\/02\\\/logo-2-e1518678052539.png\",\"contentUrl\":\"https:\\\/\\\/tajkertesz.com\\\/wp-content\\\/uploads\\\/2018\\\/02\\\/logo-2-e1518678052539.png\",\"width\":81,\"height\":140,\"caption\":\"T\u00e1j-Kert\u00e9sz 84 Kft.\"},\"image\":{\"@id\":\"https:\\\/\\\/tajkertesz.com\\\/#\\\/schema\\\/logo\\\/image\\\/\"},\"sameAs\":[\"https:\\\/\\\/www.facebook.com\\\/Tajkertesz\\\/\"]}]}<\/script>\n<!-- \/ Yoast SEO plugin. -->","yoast_head_json":{"title":"Delphinium sp. \u2013 Szarkal\u00e1b - T\u00e1jkert\u00e9sz","description":"Delphinium sp. \u2013 Szarkal\u00e1b egy alacsony termet\u0171, s\u00f6t\u00e9tk\u00e9k szarkal\u00e1b. Ny\u00e1ri vir\u00e1gz\u00e1s, m\u00e9hbar\u00e1t, v\u00e1gott vir\u00e1gnak is alkalmas, t\u00e9l\u00e1ll\u00f3 \u00e9vel\u0151.","robots":{"index":"index","follow":"follow","max-snippet":"max-snippet:-1","max-image-preview":"max-image-preview:large","max-video-preview":"max-video-preview:-1"},"canonical":"https:\/\/tajkertesz.com\/en_US\/product\/delphinium-sp-szarkalab\/","og_locale":"en_US","og_type":"article","og_title":"Delphinium sp. \u2013 Szarkal\u00e1b - T\u00e1jkert\u00e9sz","og_description":"Delphinium sp. \u2013 Szarkal\u00e1b egy alacsony termet\u0171, s\u00f6t\u00e9tk\u00e9k szarkal\u00e1b. Ny\u00e1ri vir\u00e1gz\u00e1s, m\u00e9hbar\u00e1t, v\u00e1gott vir\u00e1gnak is alkalmas, t\u00e9l\u00e1ll\u00f3 \u00e9vel\u0151.","og_url":"https:\/\/tajkertesz.com\/en_US\/product\/delphinium-sp-szarkalab\/","og_site_name":"T\u00e1jkert\u00e9sz","article_publisher":"https:\/\/www.facebook.com\/Tajkertesz\/","article_modified_time":"2026-02-22T09:33:44+00:00","og_image":[{"width":1628,"height":2560,"url":"https:\/\/tajkertesz.com\/wp-content\/uploads\/2025\/09\/20250918_084651-1-scaled.jpg","type":"image\/jpeg"}],"twitter_card":"summary_large_image","twitter_misc":{"Est. reading time":"3 minutes"},"schema":{"@context":"https:\/\/schema.org","@graph":[{"@type":"WebPage","@id":"https:\/\/tajkertesz.com\/termek\/delphinium-sp-szarkalab\/","url":"https:\/\/tajkertesz.com\/termek\/delphinium-sp-szarkalab\/","name":"Delphinium sp. \u2013 Szarkal\u00e1b - T\u00e1jkert\u00e9sz","isPartOf":{"@id":"https:\/\/tajkertesz.com\/#website"},"primaryImageOfPage":{"@id":"https:\/\/tajkertesz.com\/termek\/delphinium-sp-szarkalab\/#primaryimage"},"image":{"@id":"https:\/\/tajkertesz.com\/termek\/delphinium-sp-szarkalab\/#primaryimage"},"thumbnailUrl":"https:\/\/tajkertesz.com\/wp-content\/uploads\/2025\/09\/20250918_084651-1-scaled.jpg","datePublished":"2025-09-26T13:00:20+00:00","dateModified":"2026-02-22T09:33:44+00:00","description":"Delphinium sp. \u2013 Szarkal\u00e1b egy alacsony termet\u0171, s\u00f6t\u00e9tk\u00e9k szarkal\u00e1b. Ny\u00e1ri vir\u00e1gz\u00e1s, m\u00e9hbar\u00e1t, v\u00e1gott vir\u00e1gnak is alkalmas, t\u00e9l\u00e1ll\u00f3 \u00e9vel\u0151.","breadcrumb":{"@id":"https:\/\/tajkertesz.com\/termek\/delphinium-sp-szarkalab\/#breadcrumb"},"inLanguage":"en-US","potentialAction":[{"@type":"ReadAction","target":["https:\/\/tajkertesz.com\/termek\/delphinium-sp-szarkalab\/"]}]},{"@type":"ImageObject","inLanguage":"en-US","@id":"https:\/\/tajkertesz.com\/termek\/delphinium-sp-szarkalab\/#primaryimage","url":"https:\/\/tajkertesz.com\/wp-content\/uploads\/2025\/09\/20250918_084651-1-scaled.jpg","contentUrl":"https:\/\/tajkertesz.com\/wp-content\/uploads\/2025\/09\/20250918_084651-1-scaled.jpg","width":1628,"height":2560,"caption":"Delphinium sp. \u2013 Szarkal\u00e1b"},{"@type":"BreadcrumbList","@id":"https:\/\/tajkertesz.com\/termek\/delphinium-sp-szarkalab\/#breadcrumb","itemListElement":[{"@type":"ListItem","position":1,"name":"Home","item":"https:\/\/tajkertesz.com\/"},{"@type":"ListItem","position":2,"name":"Kezd\u0151lap","item":"https:\/\/tajkertesz.com\/"},{"@type":"ListItem","position":3,"name":"Delphinium sp. \u2013 Szarkal\u00e1b"}]},{"@type":"WebSite","@id":"https:\/\/tajkertesz.com\/#website","url":"https:\/\/tajkertesz.com\/","name":"T\u00e1j-Kert\u00e9sz 84 Kft.","description":"Kert\u00e9szeti kis- \u00e9s nagykeresked\u00e9s, D\u00edszn\u00f6v\u00e9ny web\u00e1ruh\u00e1z orsz\u00e1gos h\u00e1zhozsz\u00e1ll\u00edt\u00e1ssal!","publisher":{"@id":"https:\/\/tajkertesz.com\/#organization"},"potentialAction":[{"@type":"SearchAction","target":{"@type":"EntryPoint","urlTemplate":"https:\/\/tajkertesz.com\/?s={search_term_string}"},"query-input":{"@type":"PropertyValueSpecification","valueRequired":true,"valueName":"search_term_string"}}],"inLanguage":"en-US"},{"@type":"Organization","@id":"https:\/\/tajkertesz.com\/#organization","name":"T\u00e1j-Kert\u00e9sz 84 Kft.","url":"https:\/\/tajkertesz.com\/","logo":{"@type":"ImageObject","inLanguage":"en-US","@id":"https:\/\/tajkertesz.com\/#\/schema\/logo\/image\/","url":"https:\/\/tajkertesz.com\/wp-content\/uploads\/2018\/02\/logo-2-e1518678052539.png","contentUrl":"https:\/\/tajkertesz.com\/wp-content\/uploads\/2018\/02\/logo-2-e1518678052539.png","width":81,"height":140,"caption":"T\u00e1j-Kert\u00e9sz 84 Kft."},"image":{"@id":"https:\/\/tajkertesz.com\/#\/schema\/logo\/image\/"},"sameAs":["https:\/\/www.facebook.com\/Tajkertesz\/"]}]}},"_links":{"self":[{"href":"https:\/\/tajkertesz.com\/en_US\/wp-json\/wp\/v2\/product\/24626","targetHints":{"allow":["GET"]}}],"collection":[{"href":"https:\/\/tajkertesz.com\/en_US\/wp-json\/wp\/v2\/product"}],"about":[{"href":"https:\/\/tajkertesz.com\/en_US\/wp-json\/wp\/v2\/types\/product"}],"wp:featuredmedia":[{"embeddable":true,"href":"https:\/\/tajkertesz.com\/en_US\/wp-json\/wp\/v2\/media\/24627"}],"wp:attachment":[{"href":"https:\/\/tajkertesz.com\/en_US\/wp-json\/wp\/v2\/media?parent=24626"}],"wp:term":[{"taxonomy":"product_brand","embeddable":true,"href":"https:\/\/tajkertesz.com\/en_US\/wp-json\/wp\/v2\/product_brand?post=24626"},{"taxonomy":"product_cat","embeddable":true,"href":"https:\/\/tajkertesz.com\/en_US\/wp-json\/wp\/v2\/product_cat?post=24626"},{"taxonomy":"product_tag","embeddable":true,"href":"https:\/\/tajkertesz.com\/en_US\/wp-json\/wp\/v2\/product_tag?post=24626"}],"curies":[{"name":"wp","href":"https:\/\/api.w.org\/{rel}","templated":true}]}}