{"id":24646,"date":"2025-09-27T09:28:10","date_gmt":"2025-09-27T09:28:10","guid":{"rendered":"https:\/\/tajkertesz.com\/?post_type=product&#038;p=24646"},"modified":"2026-03-31T06:48:10","modified_gmt":"2026-03-31T06:48:10","slug":"cseresznye-stella-ontermekeny-2","status":"publish","type":"product","link":"https:\/\/tajkertesz.com\/en_US\/product\/cseresznye-stella-ontermekeny-2\/","title":{"rendered":"Cseresznye &#8216;Stella&#8217; \u00f6nterm\u00e9keny"},"content":{"rendered":"<h1>Cseresznye &#8216;Stella&#8217; \u00f6nterm\u00e9keny<\/h1>\n<p data-start=\"337\" data-end=\"654\">A <strong data-start=\"339\" data-end=\"362\">\u2018Stella\u2019 cseresznye<\/strong> az els\u0151 k\u00f6ztermeszt\u00e9sbe ker\u00fclt <strong data-start=\"394\" data-end=\"415\">\u00f6nterm\u00e9keny fajta<\/strong>, amelyet Kanad\u00e1ban nemes\u00edtettek. N\u00e9pszer\u0171s\u00e9g\u00e9t nemcsak \u00f6nterm\u00e9keny\u00fcl\u0151 k\u00e9pess\u00e9g\u00e9nek, hanem <strong data-start=\"506\" data-end=\"542\">b\u0151 \u00e9s rendszeres term\u00e9shozam\u00e1nak<\/strong>, valamint kiv\u00e1l\u00f3 pollenad\u00f3 tulajdons\u00e1gainak is k\u00f6sz\u00f6nheti \u2013 \u00edgy ide\u00e1lis v\u00e1laszt\u00e1s m\u00e1s, \u00f6nmedd\u0151 fajt\u00e1k mell\u00e9 is.<\/p>\n<p data-start=\"656\" data-end=\"751\">\ud83d\uddd3\ufe0f <strong data-start=\"660\" data-end=\"674\">\u00c9r\u00e9si id\u0151:<\/strong> j\u00fanius v\u00e9ge \u2013 n\u00e9h\u00e1ny nappal a \u2018Germersdorfi\u2019 ut\u00e1n, de a \u2018Hedelfingeni\u2019 el\u0151tt<\/p>\n<p data-start=\"753\" data-end=\"778\">\ud83c\udf52 <strong data-start=\"756\" data-end=\"778\">Gy\u00fcm\u00f6lcsjellemz\u0151k:<\/strong><\/p>\n<ul data-start=\"779\" data-end=\"1018\">\n<li data-start=\"779\" data-end=\"821\">\n<p data-start=\"781\" data-end=\"821\">Nagy m\u00e9ret\u0171, 6\u20137 g-os, 22\u201324 mm \u00e1tm\u00e9r\u0151j\u0171<\/p>\n<\/li>\n<li data-start=\"822\" data-end=\"856\">\n<p data-start=\"824\" data-end=\"856\">Kiss\u00e9 megny\u00falt, sz\u00edv alak\u00fa forma<\/p>\n<\/li>\n<li data-start=\"857\" data-end=\"905\">\n<p data-start=\"859\" data-end=\"905\">Sz\u00edne: s\u00f6t\u00e9t bord\u00f3piros h\u00e9j, feket\u00e9s-piros h\u00fas<\/p>\n<\/li>\n<li data-start=\"906\" data-end=\"938\">\n<p data-start=\"908\" data-end=\"938\">\u00c1llaga: kem\u00e9ny, de nem ropog\u00f3s<\/p>\n<\/li>\n<li data-start=\"939\" data-end=\"960\">\n<p data-start=\"941\" data-end=\"960\">\u00cdze: k\u00f6zepesen \u00e9des<\/p>\n<\/li>\n<li data-start=\"961\" data-end=\"1018\">\n<p data-start=\"963\" data-end=\"1018\">Term\u00e9sei s\u0171r\u0171n \u00e1llnak, es\u0151s id\u0151ben hajlamos a reped\u00e9sre<\/p>\n<\/li>\n<\/ul>\n<p data-start=\"1020\" data-end=\"1043\">\ud83c\udf33 <strong data-start=\"1023\" data-end=\"1043\">Fajta jellemz\u0151i:<\/strong><\/p>\n<ul data-start=\"1044\" data-end=\"1351\">\n<li data-start=\"1044\" data-end=\"1108\">\n<p data-start=\"1046\" data-end=\"1108\">F\u00e1ja k\u00f6z\u00e9per\u0151s, majd er\u0151s n\u00f6veked\u00e9s\u0171, g\u00fala alak\u00fa koron\u00e1t nevel<\/p>\n<\/li>\n<li data-start=\"1109\" data-end=\"1197\">\n<p data-start=\"1111\" data-end=\"1197\">Metsz\u00e9se fontos: rendszeres, er\u0151teljes metsz\u00e9ssel serkenthet\u0151 az oldalhajt\u00e1sok k\u00e9pz\u00e9se<\/p>\n<\/li>\n<li data-start=\"1198\" data-end=\"1237\">\n<p data-start=\"1200\" data-end=\"1237\">R\u00f6vid term\u0151ny\u00e1rsakon hozza gy\u00fcm\u00f6lcs\u00e9t<\/p>\n<\/li>\n<li data-start=\"1238\" data-end=\"1273\">\n<p data-start=\"1240\" data-end=\"1273\">Vir\u00e1gz\u00e1si ideje k\u00e9s\u0151i \u00e9s elh\u00faz\u00f3d\u00f3<\/p>\n<\/li>\n<li data-start=\"1274\" data-end=\"1351\">\n<p data-start=\"1276\" data-end=\"1351\">Kit\u0171n\u0151 pollenad\u00f3 k\u00f6z\u00e9pid\u0151ben \u00e9s k\u00f6z\u00e9pk\u00e9s\u0151n vir\u00e1gz\u00f3 cseresznyefajt\u00e1k sz\u00e1m\u00e1ra<\/p>\n<\/li>\n<\/ul>\n<p data-start=\"1353\" data-end=\"1367\">\u2705 <strong data-start=\"1355\" data-end=\"1367\">El\u0151ny\u00f6k:<\/strong><\/p>\n<ul data-start=\"1368\" data-end=\"1551\">\n<li data-start=\"1368\" data-end=\"1420\">\n<p data-start=\"1370\" data-end=\"1420\">\u00d6nterm\u00e9keny \u2013 nem ig\u00e9nyel m\u00e1s fajt\u00e1t a term\u00e9shez<\/p>\n<\/li>\n<li data-start=\"1421\" data-end=\"1457\">\n<p data-start=\"1423\" data-end=\"1457\">J\u00f3 term\u00e9keny\u00edt\u0151 m\u00e1s fajt\u00e1k mell\u00e9<\/p>\n<\/li>\n<li data-start=\"1458\" data-end=\"1500\">\n<p data-start=\"1460\" data-end=\"1500\">B\u0151term\u0151 \u00e9s rendszeresen hoz gy\u00fcm\u00f6lcs\u00f6t<\/p>\n<\/li>\n<li data-start=\"1501\" data-end=\"1551\">\n<p data-start=\"1503\" data-end=\"1551\">Kis- \u00e9s nagykerti termeszt\u00e9sre egyar\u00e1nt aj\u00e1nlott<\/p>\n<\/li>\n<\/ul>\n<p data-start=\"1553\" data-end=\"1670\"><strong data-start=\"1553\" data-end=\"1575\">\u00dcltet\u00e9si javaslat:<\/strong> napos helyre, j\u00f3 v\u00edz\u00e1tereszt\u0151 k\u00e9pess\u00e9g\u0171 talajba, rendszeres metsz\u00e9s mellett kiv\u00e1l\u00f3an fejl\u0151dik.<\/p>\n<h4><strong>\ud83d\udd04 K\u00e9szletinform\u00e1ci\u00f3<\/strong><\/h4>\n<p><strong>K\u00e9szlet\u00fcnk napi szinten v\u00e1ltozik, \u00edgy a webshopban szerepl<\/strong><strong>\u0151<\/strong><strong>\u00a0term\u00e9kek el\u00e9rhet<\/strong><strong>\u0151<\/strong><strong>s\u00e9ge nem garant\u00e1lt.<br \/>\n\ud83d\udcde A megrendel\u00e9s el<\/strong><strong>\u0151<\/strong><strong>tt k\u00e9rj\u00fck, \u00e9rdekl<\/strong><strong>\u0151<\/strong><strong>dj\u00f6n szem\u00e9lyesen, telefonon vagy e-mailben!<\/strong><\/p>\n<h4><strong>\u27a1\ufe0f Kapcsolat:<\/strong><\/h4>\n<ul>\n<li><strong>Weboldal:\u00a0<\/strong><a href=\"https:\/\/tajkertesz.com\/\"><strong>tajkertesz.com<\/strong><\/a><\/li>\n<li><strong>Facebook:\u00a0<\/strong><a href=\"https:\/\/www.facebook.com\/tajkertesz\/\"><strong>facebook.com\/tajkertesz<\/strong><\/a><\/li>\n<li><strong>Telefonsz\u00e1m, e-mail: +36\/20-319-3770\u00a0<\/strong><a href=\"mailto:tajkerteszaruda@gmail.com\"><strong>tajkerteszaruda@gmail.com<\/strong><\/a><\/li>\n<\/ul>\n<h4><strong>\ud83d\ude9a Sz\u00e1ll\u00edt\u00e1si inform\u00e1ci\u00f3k<\/strong><\/h4>\n<p><strong>A megrendelt n\u00f6v\u00e9nyek kisz\u00e1ll\u00edt\u00e1sa az al\u00e1bbi felt\u00e9telek mellett t\u00f6rt\u00e9nik:<\/strong><\/p>\n<h4><strong>\ud83d\udce6 Fut\u00e1rszolg\u00e1latos sz\u00e1ll\u00edt\u00e1s<\/strong><\/h4>\n<ul>\n<li><strong>Maxim\u00e1lis m\u00e9ret: 200 cm (hossz\u00fas\u00e1g)<\/strong><\/li>\n<li><strong>Maxim\u00e1lis s\u00faly: 40 kg<\/strong><\/li>\n<li><strong>Az enn\u00e9l kisebb \u00e9s k\u00f6nnyebb csomagokat fut\u00e1rszolg\u00e1lattal k\u00e9zbes\u00edtj\u00fck a lehet<\/strong><strong>\u0151<\/strong><strong>\u00a0legbiztons\u00e1gosabb csomagol\u00e1sban.<\/strong><\/li>\n<\/ul>\n<h4><strong>\ud83d\udefb Szem\u00e9lyes \u00e1tv\u00e9tel<\/strong><\/h4>\n<ul>\n<li><strong>1173 Budapest, Bakancsos utca 7. sz\u00e1m alatt nyitvatart\u00e1si id<\/strong><strong>\u0151<\/strong><strong>ben szem\u00e9lyesen \u00e1tvehet<\/strong><strong>\u0151<\/strong><strong>\u00a0kert\u00e9szeti \u00e1rud\u00e1nkban.<\/strong><\/li>\n<li><strong>K\u00f6lts\u00e9ghat\u00e9kony megold\u00e1s nagyobb, t\u00f6r\u00e9kenyebb vagy t\u00falm\u00e9retes n\u00f6v\u00e9nyek eset\u00e9n.<\/strong><\/li>\n<\/ul>\n<h4><strong>\ud83d\udcde Nagy m\u00e9ret<\/strong><strong>\u0171<\/strong><strong>\u00a0vagy s\u00faly\u00fa n\u00f6v\u00e9nyek eset\u00e9n<\/strong><\/h4>\n<p><strong>Ha a term\u00e9k:<\/strong><\/p>\n<ul>\n<li><strong>meghaladja a 200 cm hossz\u00fas\u00e1got vagy<\/strong><\/li>\n<li><strong>meghaladja a 40 kg s\u00falyt,<\/strong><\/li>\n<\/ul>\n<p><strong>akkor szem\u00e9lyes \u00e1tv\u00e9tellel vagy egyedi, el<\/strong><strong>\u0151<\/strong><strong>re egyeztetett sz\u00e1ll\u00edt\u00e1si felt\u00e9telek mellett t\u00f6rt\u00e9nik.<br \/>\nK\u00e9rj\u00fck, ilyen esetben rendel\u00e9s el<\/strong><strong>\u0151<\/strong><strong>tt vegye fel vel\u00fcnk a kapcsolatot, hogy a lehet<\/strong><strong>\u0151<\/strong><strong>\u00a0legmegfelel<\/strong><strong>\u0151<\/strong><strong>bb sz\u00e1ll\u00edt\u00e1si megold\u00e1st k\u00edn\u00e1lhassuk.<\/strong><\/p>\n<p><strong>\ud83d\udd14 Fontos: A n\u00f6v\u00e9nyeket minden esetben igyeksz\u00fcnk gondosan, egyes\u00e9vel csomagolni, azonban a sz\u00e1ll\u00edt\u00e1s sor\u00e1n kisebb eszt\u00e9tikai s\u00e9r\u00fcl\u00e9sek el<\/strong><strong>\u0151<\/strong><strong>fordulhatnak (pl. lev\u00e9lhull\u00e1s). Ez nem min<\/strong><strong>\u0151<\/strong><strong>s\u00fcl hib\u00e1s teljes\u00edt\u00e9snek.<\/strong><\/p>\n<h4><strong>\ud83d\udcf7 Fontos tudni a k\u00e9pekr<\/strong><strong>\u0151<\/strong><strong>l<\/strong><\/h4>\n<p><strong>A webshopban szerepl<\/strong><strong>\u0151<\/strong><strong>\u00a0k\u00e9pek illusztr\u00e1ci\u00f3k, a n\u00f6v\u00e9nyek term\u00e9szet\u00fckn\u00e9l fogva egyediek, \u00edgy m\u00e9retben, alakban \u00e9s sz\u00ednben minim\u00e1lis elt\u00e9r\u00e9sek el<\/strong><strong>\u0151<\/strong><strong>fordulhatnak a k\u00e9pen l\u00e1that\u00f3 \u00e9s a val\u00f3s p\u00e9ld\u00e1nyok k\u00f6z\u00f6tt.<\/strong><\/p>\n<h4><strong>\ud83e\uddfe \u00c1rak \u00e9s el\u00e1ll\u00e1si jog<\/strong><\/h4>\n<ul>\n<li><strong>Az \u00e1rak egy darab\u00a0n\u00f6v\u00e9nyre vonatkoznak.<\/strong><\/li>\n<li><strong>\u00c9l<\/strong><strong>\u0151<\/strong><strong>\u00a0n\u00f6v\u00e9nyek rendel\u00e9se eset\u00e9n a 14 napos el\u00e1ll\u00e1s joga nem \u00e9rv\u00e9nyes\u00edthet<\/strong><strong>\u0151<\/strong><strong>, mivel azok romland\u00f3, biol\u00f3giailag \u00e9l<\/strong><strong>\u0151<\/strong><strong>\u00a0term\u00e9keknek min<\/strong><strong>\u0151<\/strong><strong>s\u00fclnek.<br \/>\n\ud83d\udd12 (17\/1999. (II. 5.) Korm. rendelet 5. \u00a7 c) pontja alapj\u00e1n)<\/strong><\/li>\n<\/ul>\n<h4><strong>\ud83d\udce6 K\u00e9zbes\u00edt\u00e9s ut\u00e1ni teend<\/strong><strong>\u0151<\/strong><strong>k<\/strong><\/h4>\n<p><strong>A k\u00e9zbes\u00edt\u00e9st k\u00f6vet<\/strong><strong>\u0151<\/strong><strong>en a csomagot azonnal bontsuk ki, \u00e9s a n\u00f6v\u00e9nyt helyezz\u00fck el megfelel<\/strong><strong>\u0151<\/strong><strong>\u00a0k\u00f6rnyezetben.<br \/>\nFontos: ha a n\u00f6v\u00e9ny nem r\u00e9szes\u00fcl megfelel<\/strong><strong>\u0151<\/strong><strong>\u00a0gondoz\u00e1sban \u00e9s ennek k\u00f6vetkezt\u00e9ben k\u00e1rosodik vagy elpusztul, felel<\/strong><strong>\u0151<\/strong><strong>ss\u00e9get nem tudunk v\u00e1llalni.<\/strong><\/p>","protected":false},"excerpt":{"rendered":"<p>A &#8216;Stella&#8217; cseresznye egy \u00f6nterm\u00e9keny fajta, amely nagy, \u00e9des, s\u00f6t\u00e9tpiros gy\u00fcm\u00f6lcs\u00f6ket terem j\u00fanius k\u00f6zep\u00e9n. Ide\u00e1lis h\u00e1zikertekbe, kis helyig\u00e9ny\u0171, k\u00f6nnyen nevelhet\u0151.<\/p>\n<p>A n\u00f6v\u00e9ny m\u00e9rete: 2,5- 3\u00a0 m\u00e9ter magas, 10 literes kont\u00e9nerben.<\/p>\n<h4><span style=\"color: #ff0000;\">A n\u00f6v\u00e9ny magass\u00e1ga miatt GLS fut\u00e1rszolg\u00e1lattal csak visszav\u00e1gva sz\u00e1ll\u00edthat\u00f3!<\/span><\/h4>","protected":false},"featured_media":16804,"template":"","meta":{"_et_pb_use_builder":"","_et_pb_old_content":"","_et_gb_content_width":""},"product_brand":[],"product_cat":[5298],"product_tag":[4347,6716,6719,6720,6727,6726,6725,6717,6724,6723],"class_list":{"0":"post-24646","1":"product","2":"type-product","3":"status-publish","4":"has-post-thumbnail","6":"product_cat-cseresznye","7":"product_tag-cseresznye","8":"product_tag-cseresznyefa-vasarlas","9":"product_tag-edes-cseresznye","10":"product_tag-gyumolcsfa-kertbe","11":"product_tag-hazikerti-gyumolcsfa","12":"product_tag-konteneres-cseresznyefa","13":"product_tag-kozepkorai-eresu-cseresznye","14":"product_tag-nagy-gyumolcsu-cseresznye","15":"product_tag-ontermekeny-cseresznye","16":"product_tag-stella-cseresznye","18":"first","19":"outofstock","20":"shipping-taxable","21":"product-type-simple"},"yoast_head":"<!-- This site is optimized with the Yoast SEO plugin v27.4 - https:\/\/yoast.com\/product\/yoast-seo-wordpress\/ -->\n<title>Cseresznye &#039;Stella&#039; \u00f6nterm\u00e9keny - T\u00e1jkert\u00e9sz<\/title>\n<meta name=\"description\" content=\"Cseresznye &#039;Stella&#039; \u00f6nterm\u00e9keny kont\u00e9neres. k\u00f6z\u00e9pkorai \u00e9r\u00e9s\u0171, nagy \u00e9s \u00e9des gy\u00fcm\u00f6lcs\u0171 fajta. Ide\u00e1lis v\u00e1laszt\u00e1s h\u00e1zikertekbe! Rendelhet\u0151 kont\u00e9neres form\u00e1ban.\" \/>\n<meta name=\"robots\" content=\"index, follow, max-snippet:-1, max-image-preview:large, max-video-preview:-1\" \/>\n<link rel=\"canonical\" href=\"https:\/\/tajkertesz.com\/en_US\/product\/cseresznye-stella-ontermekeny-2\/\" \/>\n<meta property=\"og:locale\" content=\"en_US\" \/>\n<meta property=\"og:type\" content=\"article\" \/>\n<meta property=\"og:title\" content=\"Cseresznye &#039;Stella&#039; \u00f6nterm\u00e9keny - T\u00e1jkert\u00e9sz\" \/>\n<meta property=\"og:description\" content=\"Cseresznye &#039;Stella&#039; \u00f6nterm\u00e9keny kont\u00e9neres. k\u00f6z\u00e9pkorai \u00e9r\u00e9s\u0171, nagy \u00e9s \u00e9des gy\u00fcm\u00f6lcs\u0171 fajta. Ide\u00e1lis v\u00e1laszt\u00e1s h\u00e1zikertekbe! Rendelhet\u0151 kont\u00e9neres form\u00e1ban.\" \/>\n<meta property=\"og:url\" content=\"https:\/\/tajkertesz.com\/en_US\/product\/cseresznye-stella-ontermekeny-2\/\" \/>\n<meta property=\"og:site_name\" content=\"T\u00e1jkert\u00e9sz\" \/>\n<meta property=\"article:publisher\" content=\"https:\/\/www.facebook.com\/Tajkertesz\/\" \/>\n<meta property=\"article:modified_time\" content=\"2026-03-31T06:48:10+00:00\" \/>\n<meta property=\"og:image\" content=\"https:\/\/tajkertesz.com\/wp-content\/uploads\/2023\/09\/stella.jpg\" \/>\n\t<meta property=\"og:image:width\" content=\"815\" \/>\n\t<meta property=\"og:image:height\" content=\"877\" \/>\n\t<meta property=\"og:image:type\" content=\"image\/jpeg\" \/>\n<meta name=\"twitter:card\" content=\"summary_large_image\" \/>\n<meta name=\"twitter:label1\" content=\"Est. reading time\" \/>\n\t<meta name=\"twitter:data1\" content=\"3 minutes\" \/>\n<script type=\"application\/ld+json\" class=\"yoast-schema-graph\">{\"@context\":\"https:\\\/\\\/schema.org\",\"@graph\":[{\"@type\":\"WebPage\",\"@id\":\"https:\\\/\\\/tajkertesz.com\\\/termek\\\/cseresznye-stella-ontermekeny-2\\\/\",\"url\":\"https:\\\/\\\/tajkertesz.com\\\/termek\\\/cseresznye-stella-ontermekeny-2\\\/\",\"name\":\"Cseresznye 'Stella' \u00f6nterm\u00e9keny - T\u00e1jkert\u00e9sz\",\"isPartOf\":{\"@id\":\"https:\\\/\\\/tajkertesz.com\\\/#website\"},\"primaryImageOfPage\":{\"@id\":\"https:\\\/\\\/tajkertesz.com\\\/termek\\\/cseresznye-stella-ontermekeny-2\\\/#primaryimage\"},\"image\":{\"@id\":\"https:\\\/\\\/tajkertesz.com\\\/termek\\\/cseresznye-stella-ontermekeny-2\\\/#primaryimage\"},\"thumbnailUrl\":\"https:\\\/\\\/tajkertesz.com\\\/wp-content\\\/uploads\\\/2023\\\/09\\\/stella.jpg\",\"datePublished\":\"2025-09-27T09:28:10+00:00\",\"dateModified\":\"2026-03-31T06:48:10+00:00\",\"description\":\"Cseresznye 'Stella' \u00f6nterm\u00e9keny kont\u00e9neres. k\u00f6z\u00e9pkorai \u00e9r\u00e9s\u0171, nagy \u00e9s \u00e9des gy\u00fcm\u00f6lcs\u0171 fajta. Ide\u00e1lis v\u00e1laszt\u00e1s h\u00e1zikertekbe! Rendelhet\u0151 kont\u00e9neres form\u00e1ban.\",\"breadcrumb\":{\"@id\":\"https:\\\/\\\/tajkertesz.com\\\/termek\\\/cseresznye-stella-ontermekeny-2\\\/#breadcrumb\"},\"inLanguage\":\"en-US\",\"potentialAction\":[{\"@type\":\"ReadAction\",\"target\":[\"https:\\\/\\\/tajkertesz.com\\\/termek\\\/cseresznye-stella-ontermekeny-2\\\/\"]}]},{\"@type\":\"ImageObject\",\"inLanguage\":\"en-US\",\"@id\":\"https:\\\/\\\/tajkertesz.com\\\/termek\\\/cseresznye-stella-ontermekeny-2\\\/#primaryimage\",\"url\":\"https:\\\/\\\/tajkertesz.com\\\/wp-content\\\/uploads\\\/2023\\\/09\\\/stella.jpg\",\"contentUrl\":\"https:\\\/\\\/tajkertesz.com\\\/wp-content\\\/uploads\\\/2023\\\/09\\\/stella.jpg\",\"width\":815,\"height\":877,\"caption\":\"Cseresznye 'Stella' \u00f6nterm\u00e9keny\"},{\"@type\":\"BreadcrumbList\",\"@id\":\"https:\\\/\\\/tajkertesz.com\\\/termek\\\/cseresznye-stella-ontermekeny-2\\\/#breadcrumb\",\"itemListElement\":[{\"@type\":\"ListItem\",\"position\":1,\"name\":\"Home\",\"item\":\"https:\\\/\\\/tajkertesz.com\\\/\"},{\"@type\":\"ListItem\",\"position\":2,\"name\":\"Kezd\u0151lap\",\"item\":\"https:\\\/\\\/tajkertesz.com\\\/\"},{\"@type\":\"ListItem\",\"position\":3,\"name\":\"Cseresznye &#8216;Stella&#8217; \u00f6nterm\u00e9keny\"}]},{\"@type\":\"WebSite\",\"@id\":\"https:\\\/\\\/tajkertesz.com\\\/#website\",\"url\":\"https:\\\/\\\/tajkertesz.com\\\/\",\"name\":\"T\u00e1j-Kert\u00e9sz 84 Kft.\",\"description\":\"Kert\u00e9szeti kis- \u00e9s nagykeresked\u00e9s, D\u00edszn\u00f6v\u00e9ny web\u00e1ruh\u00e1z orsz\u00e1gos h\u00e1zhozsz\u00e1ll\u00edt\u00e1ssal!\",\"publisher\":{\"@id\":\"https:\\\/\\\/tajkertesz.com\\\/#organization\"},\"potentialAction\":[{\"@type\":\"SearchAction\",\"target\":{\"@type\":\"EntryPoint\",\"urlTemplate\":\"https:\\\/\\\/tajkertesz.com\\\/?s={search_term_string}\"},\"query-input\":{\"@type\":\"PropertyValueSpecification\",\"valueRequired\":true,\"valueName\":\"search_term_string\"}}],\"inLanguage\":\"en-US\"},{\"@type\":\"Organization\",\"@id\":\"https:\\\/\\\/tajkertesz.com\\\/#organization\",\"name\":\"T\u00e1j-Kert\u00e9sz 84 Kft.\",\"url\":\"https:\\\/\\\/tajkertesz.com\\\/\",\"logo\":{\"@type\":\"ImageObject\",\"inLanguage\":\"en-US\",\"@id\":\"https:\\\/\\\/tajkertesz.com\\\/#\\\/schema\\\/logo\\\/image\\\/\",\"url\":\"https:\\\/\\\/tajkertesz.com\\\/wp-content\\\/uploads\\\/2018\\\/02\\\/logo-2-e1518678052539.png\",\"contentUrl\":\"https:\\\/\\\/tajkertesz.com\\\/wp-content\\\/uploads\\\/2018\\\/02\\\/logo-2-e1518678052539.png\",\"width\":81,\"height\":140,\"caption\":\"T\u00e1j-Kert\u00e9sz 84 Kft.\"},\"image\":{\"@id\":\"https:\\\/\\\/tajkertesz.com\\\/#\\\/schema\\\/logo\\\/image\\\/\"},\"sameAs\":[\"https:\\\/\\\/www.facebook.com\\\/Tajkertesz\\\/\"]}]}<\/script>\n<!-- \/ Yoast SEO plugin. -->","yoast_head_json":{"title":"Cseresznye 'Stella' \u00f6nterm\u00e9keny - T\u00e1jkert\u00e9sz","description":"Cseresznye 'Stella' \u00f6nterm\u00e9keny kont\u00e9neres. k\u00f6z\u00e9pkorai \u00e9r\u00e9s\u0171, nagy \u00e9s \u00e9des gy\u00fcm\u00f6lcs\u0171 fajta. Ide\u00e1lis v\u00e1laszt\u00e1s h\u00e1zikertekbe! Rendelhet\u0151 kont\u00e9neres form\u00e1ban.","robots":{"index":"index","follow":"follow","max-snippet":"max-snippet:-1","max-image-preview":"max-image-preview:large","max-video-preview":"max-video-preview:-1"},"canonical":"https:\/\/tajkertesz.com\/en_US\/product\/cseresznye-stella-ontermekeny-2\/","og_locale":"en_US","og_type":"article","og_title":"Cseresznye 'Stella' \u00f6nterm\u00e9keny - T\u00e1jkert\u00e9sz","og_description":"Cseresznye 'Stella' \u00f6nterm\u00e9keny kont\u00e9neres. k\u00f6z\u00e9pkorai \u00e9r\u00e9s\u0171, nagy \u00e9s \u00e9des gy\u00fcm\u00f6lcs\u0171 fajta. Ide\u00e1lis v\u00e1laszt\u00e1s h\u00e1zikertekbe! Rendelhet\u0151 kont\u00e9neres form\u00e1ban.","og_url":"https:\/\/tajkertesz.com\/en_US\/product\/cseresznye-stella-ontermekeny-2\/","og_site_name":"T\u00e1jkert\u00e9sz","article_publisher":"https:\/\/www.facebook.com\/Tajkertesz\/","article_modified_time":"2026-03-31T06:48:10+00:00","og_image":[{"width":815,"height":877,"url":"https:\/\/tajkertesz.com\/wp-content\/uploads\/2023\/09\/stella.jpg","type":"image\/jpeg"}],"twitter_card":"summary_large_image","twitter_misc":{"Est. reading time":"3 minutes"},"schema":{"@context":"https:\/\/schema.org","@graph":[{"@type":"WebPage","@id":"https:\/\/tajkertesz.com\/termek\/cseresznye-stella-ontermekeny-2\/","url":"https:\/\/tajkertesz.com\/termek\/cseresznye-stella-ontermekeny-2\/","name":"Cseresznye 'Stella' \u00f6nterm\u00e9keny - T\u00e1jkert\u00e9sz","isPartOf":{"@id":"https:\/\/tajkertesz.com\/#website"},"primaryImageOfPage":{"@id":"https:\/\/tajkertesz.com\/termek\/cseresznye-stella-ontermekeny-2\/#primaryimage"},"image":{"@id":"https:\/\/tajkertesz.com\/termek\/cseresznye-stella-ontermekeny-2\/#primaryimage"},"thumbnailUrl":"https:\/\/tajkertesz.com\/wp-content\/uploads\/2023\/09\/stella.jpg","datePublished":"2025-09-27T09:28:10+00:00","dateModified":"2026-03-31T06:48:10+00:00","description":"Cseresznye 'Stella' \u00f6nterm\u00e9keny kont\u00e9neres. k\u00f6z\u00e9pkorai \u00e9r\u00e9s\u0171, nagy \u00e9s \u00e9des gy\u00fcm\u00f6lcs\u0171 fajta. Ide\u00e1lis v\u00e1laszt\u00e1s h\u00e1zikertekbe! Rendelhet\u0151 kont\u00e9neres form\u00e1ban.","breadcrumb":{"@id":"https:\/\/tajkertesz.com\/termek\/cseresznye-stella-ontermekeny-2\/#breadcrumb"},"inLanguage":"en-US","potentialAction":[{"@type":"ReadAction","target":["https:\/\/tajkertesz.com\/termek\/cseresznye-stella-ontermekeny-2\/"]}]},{"@type":"ImageObject","inLanguage":"en-US","@id":"https:\/\/tajkertesz.com\/termek\/cseresznye-stella-ontermekeny-2\/#primaryimage","url":"https:\/\/tajkertesz.com\/wp-content\/uploads\/2023\/09\/stella.jpg","contentUrl":"https:\/\/tajkertesz.com\/wp-content\/uploads\/2023\/09\/stella.jpg","width":815,"height":877,"caption":"Cseresznye 'Stella' \u00f6nterm\u00e9keny"},{"@type":"BreadcrumbList","@id":"https:\/\/tajkertesz.com\/termek\/cseresznye-stella-ontermekeny-2\/#breadcrumb","itemListElement":[{"@type":"ListItem","position":1,"name":"Home","item":"https:\/\/tajkertesz.com\/"},{"@type":"ListItem","position":2,"name":"Kezd\u0151lap","item":"https:\/\/tajkertesz.com\/"},{"@type":"ListItem","position":3,"name":"Cseresznye &#8216;Stella&#8217; \u00f6nterm\u00e9keny"}]},{"@type":"WebSite","@id":"https:\/\/tajkertesz.com\/#website","url":"https:\/\/tajkertesz.com\/","name":"T\u00e1j-Kert\u00e9sz 84 Kft.","description":"Kert\u00e9szeti kis- \u00e9s nagykeresked\u00e9s, D\u00edszn\u00f6v\u00e9ny web\u00e1ruh\u00e1z orsz\u00e1gos h\u00e1zhozsz\u00e1ll\u00edt\u00e1ssal!","publisher":{"@id":"https:\/\/tajkertesz.com\/#organization"},"potentialAction":[{"@type":"SearchAction","target":{"@type":"EntryPoint","urlTemplate":"https:\/\/tajkertesz.com\/?s={search_term_string}"},"query-input":{"@type":"PropertyValueSpecification","valueRequired":true,"valueName":"search_term_string"}}],"inLanguage":"en-US"},{"@type":"Organization","@id":"https:\/\/tajkertesz.com\/#organization","name":"T\u00e1j-Kert\u00e9sz 84 Kft.","url":"https:\/\/tajkertesz.com\/","logo":{"@type":"ImageObject","inLanguage":"en-US","@id":"https:\/\/tajkertesz.com\/#\/schema\/logo\/image\/","url":"https:\/\/tajkertesz.com\/wp-content\/uploads\/2018\/02\/logo-2-e1518678052539.png","contentUrl":"https:\/\/tajkertesz.com\/wp-content\/uploads\/2018\/02\/logo-2-e1518678052539.png","width":81,"height":140,"caption":"T\u00e1j-Kert\u00e9sz 84 Kft."},"image":{"@id":"https:\/\/tajkertesz.com\/#\/schema\/logo\/image\/"},"sameAs":["https:\/\/www.facebook.com\/Tajkertesz\/"]}]}},"_links":{"self":[{"href":"https:\/\/tajkertesz.com\/en_US\/wp-json\/wp\/v2\/product\/24646","targetHints":{"allow":["GET"]}}],"collection":[{"href":"https:\/\/tajkertesz.com\/en_US\/wp-json\/wp\/v2\/product"}],"about":[{"href":"https:\/\/tajkertesz.com\/en_US\/wp-json\/wp\/v2\/types\/product"}],"wp:featuredmedia":[{"embeddable":true,"href":"https:\/\/tajkertesz.com\/en_US\/wp-json\/wp\/v2\/media\/16804"}],"wp:attachment":[{"href":"https:\/\/tajkertesz.com\/en_US\/wp-json\/wp\/v2\/media?parent=24646"}],"wp:term":[{"taxonomy":"product_brand","embeddable":true,"href":"https:\/\/tajkertesz.com\/en_US\/wp-json\/wp\/v2\/product_brand?post=24646"},{"taxonomy":"product_cat","embeddable":true,"href":"https:\/\/tajkertesz.com\/en_US\/wp-json\/wp\/v2\/product_cat?post=24646"},{"taxonomy":"product_tag","embeddable":true,"href":"https:\/\/tajkertesz.com\/en_US\/wp-json\/wp\/v2\/product_tag?post=24646"}],"curies":[{"name":"wp","href":"https:\/\/api.w.org\/{rel}","templated":true}]}}